{"id":4794,"date":"2020-02-12T22:13:57","date_gmt":"2020-02-12T22:13:58","guid":{"rendered":"https:\/\/masterchem.ee\/?post_type=product&#038;p=4794"},"modified":"2021-06-27T05:45:39","modified_gmt":"2021-06-27T05:45:39","slug":"styreeni-2","status":"publish","type":"product","link":"https:\/\/masterchem.ee\/fi\/tooted-ja-teenused\/styreeni-2\/","title":{"rendered":"Styreeni (CAS 100-42-5)"},"content":{"rendered":"<p><strong>Kuvaus:<\/strong><\/p>\n<p><a href=\"https:\/\/masterchem.ee\/wp-content\/uploads\/2020\/02\/Styrene_TDS_Masterchem_01_2020_EN.pdf\" target=\"_blank\" rel=\"noopener noreferrer\"><strong>Tuote-eritelm\u00e4 (TDS)<\/strong><\/a><\/p>\n<p><strong>Styreeni<\/strong>\u00a0(<a href=\"https:\/\/fi.wikipedia.org\/wiki\/Kemiallinen_kaava\">kemiallinen kaava<\/a>\u00a0<a href=\"https:\/\/fi.wikipedia.org\/wiki\/Hiili\">C<\/a><sub>8<\/sub><a href=\"https:\/\/fi.wikipedia.org\/wiki\/Vety\">H<\/a><sub>8<\/sub>\u00a0ja\u00a0<a href=\"https:\/\/fi.wikipedia.org\/wiki\/Rakennekaava\">rakennekaava<\/a>\u00a0C<sub>6<\/sub>H<sub>5<\/sub>CH=CH<sub>2<\/sub>) on\u00a0<a href=\"https:\/\/fi.wikipedia.org\/wiki\/Orgaaninen_yhdiste\">orgaaninen yhdiste<\/a>, joka on\u00a0<a href=\"https:\/\/fi.wikipedia.org\/wiki\/Aromaattinen_hiilivety\">aromaattinen hiilivety<\/a>. Huoneenl\u00e4mm\u00f6ss\u00e4 ja -paineessa styreeni on nestem\u00e4ist\u00e4. Styreeni on v\u00e4rit\u00f6nt\u00e4, \u00f6ljym\u00e4ist\u00e4, terveydelle haitallista, herk\u00e4sti syttyv\u00e4\u00e4 ja sit\u00e4 esiintyy pieniss\u00e4 m\u00e4\u00e4rin er\u00e4iss\u00e4 kasveissa, mutta sit\u00e4 tuotetaan l\u00e4hinn\u00e4\u00a0<a href=\"https:\/\/fi.wikipedia.org\/wiki\/%C3%96ljy\">\u00f6ljyst\u00e4<\/a>. Koska styreenimolekyyli sis\u00e4lt\u00e4\u00e4\u00a0<a href=\"https:\/\/fi.wikipedia.org\/wiki\/Kaksoissidos\">kaksoissidoksellisen<\/a>\u00a0<a href=\"https:\/\/fi.wikipedia.org\/wiki\/Vinyyli\">vinyyliryhm\u00e4n<\/a>, se voi\u00a0<a href=\"https:\/\/fi.wikipedia.org\/wiki\/Polymerointi\">polymerisoitua<\/a>\u00a0helposti. Aine voidaan stabiloida lis\u00e4\u00e4m\u00e4ll\u00e4 polymeraatioinhibiittorina esimerkiksi\u00a0<a href=\"https:\/\/fi.wikipedia.org\/wiki\/Hydrokinoni\">hydrokinonia<\/a>. Styreeni\u00e4 k\u00e4ytet\u00e4\u00e4n er\u00e4iden\u00a0<a href=\"https:\/\/fi.wikipedia.org\/wiki\/Muovi\">muovien<\/a>\u00a0valmistuksen\u00a0<a href=\"https:\/\/fi.wikipedia.org\/wiki\/Monomeeri\">monomeerin\u00e4<\/a>, kuten\u00a0<a href=\"https:\/\/fi.wikipedia.org\/wiki\/Polystyreeni\">polystyreenin<\/a>,\u00a0<a href=\"https:\/\/fi.wikipedia.org\/wiki\/ABS_(muovi)\">akrylonitriili-butadieeni-styreenin<\/a>\u00a0(ABS),\u00a0<a href=\"https:\/\/fi.wikipedia.org\/wiki\/Styreenibutadieenikumi\">styreenibutadieenikumin<\/a>\u00a0(SBR), styreenibutadieeni-<a href=\"https:\/\/fi.wikipedia.org\/wiki\/Lateksi\">lateksien<\/a>\u00a0ja tyydyttym\u00e4tt\u00f6mien\u00a0<a href=\"https:\/\/fi.wikipedia.org\/wiki\/Polyesteri\">polyestereiden<\/a>. Yhdistett\u00e4 esiintyy kasveissa ja kukkien\u00a0<a href=\"https:\/\/fi.wikipedia.org\/wiki\/Tuoksu\">tuoksuissa<\/a>\u00a0sek\u00e4\u00a0<a href=\"https:\/\/fi.wikipedia.org\/wiki\/Semiokemikaali\">semiokemikaalina<\/a>\u00a0eli\u00f6iden viestinn\u00e4ss\u00e4.<\/p>\n<p><strong>Sovellus ja k\u00e4ytt\u00f6:<\/strong><\/p>\n<p>Styreeni\u00e4 k\u00e4ytet\u00e4\u00e4n melkein yksinomaan polymeerien tuotantoon. Lukuisiin tyyppeihin styreenipohjaisia polymeerej\u00e4 kuuluvat polystyreeni, polystyreeni (paisutettu polystyreeni), styreenill\u00e4 modifioidut polyesterit, ABS-muovit (akryylinitriili-butadieenistyreeni) ja SAN (styreeni-akryylinitriili).<\/p>\n<p><strong>Pakkaus:<\/strong><br \/>\n200 valaistu rumpu \/ tynnyri<br \/>\n500 valaistua IBC-astiaa<br \/>\n1000 valaistua IBC-konttia<br \/>\n24 mt BULK<\/p>\n<p><strong>Vihje:<\/strong><br \/>\nS\u00e4ilyt\u00e4 tuotetta l\u00e4mp\u00f6tilassa -25\u00b0C &#8211; 25\u00b0C ja \u00e4l\u00e4 altista sit\u00e4 suoralle auringonvalolle.<\/p>\n<p><strong>Ominaisuudet:<\/strong><\/p>\n<p><strong>CAS-numero 100-42-5<\/strong><\/p>\n<p>Tiheys: l\u00e4mp\u00f6tilassa 20 astetta &#8211; 0,909 g \/ cm3 + -0,05<\/p>\n<p>V\u00e4ri &#8211; v\u00e4rit\u00f6n neste<\/p>\n","protected":false},"excerpt":{"rendered":"<p><strong>Styreeni<\/strong>\u00a0(<a href=\"https:\/\/fi.wikipedia.org\/wiki\/Kemiallinen_kaava\">kemiallinen kaava<\/a>\u00a0<a href=\"https:\/\/fi.wikipedia.org\/wiki\/Hiili\">C<\/a><sub>8<\/sub><a href=\"https:\/\/fi.wikipedia.org\/wiki\/Vety\">H<\/a><sub>8<\/sub>\u00a0ja\u00a0<a href=\"https:\/\/fi.wikipedia.org\/wiki\/Rakennekaava\">rakennekaava<\/a>\u00a0C<sub>6<\/sub>H<sub>5<\/sub>CH=CH<sub>2<\/sub>) on\u00a0<a href=\"https:\/\/fi.wikipedia.org\/wiki\/Orgaaninen_yhdiste\">orgaaninen yhdiste<\/a>, joka on\u00a0<a href=\"https:\/\/fi.wikipedia.org\/wiki\/Aromaattinen_hiilivety\">aromaattinen hiilivety<\/a>. Huoneenl\u00e4mm\u00f6ss\u00e4 ja -paineessa styreeni on nestem\u00e4ist\u00e4. Styreeni on v\u00e4rit\u00f6nt\u00e4, \u00f6ljym\u00e4ist\u00e4, terveydelle haitallista,<\/p>\n<p><a target=\"_blank\" href=\"https:\/\/masterchem.ee\/wp-content\/uploads\/2020\/02\/Styrene-Masterchem-TDS.pdf\" class=\"pdf\" alt=\"Styreeni tuotteen kuvaus (TDS)\" title=\"Styreeni tuotteen kuvaus (TDS)\" rel=\"noopener\">Styreeni tuotteen kuvaus (TDS)<\/a><\/p>\n","protected":false},"featured_media":4811,"template":"","meta":[],"product_brand":[],"product_cat":[180,120,118,114,154],"product_tag":[],"class_list":{"0":"post-4794","1":"product","2":"type-product","3":"status-publish","4":"has-post-thumbnail","6":"product_cat-uncategorized-fi-2","7":"product_cat-laaketeollisuus","8":"product_cat-metallikemikaalit","9":"product_cat-rakennusteollisuus","10":"product_cat-tien-maalaus","11":"pif-has-gallery","13":"first","14":"instock","15":"taxable","16":"shipping-taxable","17":"purchasable","18":"product-type-variable","19":"has-default-attributes"},"yoast_head":"<!-- This site is optimized with the Yoast SEO plugin v26.2 - https:\/\/yoast.com\/wordpress\/plugins\/seo\/ -->\n<title>Styreeni (CAS 100-42-5) - Chemistry For Industry - Solvents &amp; Chemicals - Masterchem.ee<\/title>\n<meta name=\"description\" content=\"Styreeni (kemiallinen kaava C8H8 ja rakennekaava C6H5CH=CH2) on orgaaninen yhdiste, joka on aromaattinen hiilivety. Huoneenl\u00e4mm\u00f6ss\u00e4 ja -paineessa styreeni on nestem\u00e4ist\u00e4. Styreeni on v\u00e4rit\u00f6nt\u00e4, \u00f6ljym\u00e4ist\u00e4, terveydelle haitallista, CAS 100-42-5\" \/>\n<meta name=\"robots\" content=\"index, follow, max-snippet:-1, max-image-preview:large, max-video-preview:-1\" \/>\n<link rel=\"canonical\" href=\"https:\/\/masterchem.ee\/fi\/tooted-ja-teenused\/styreeni-2\/\" \/>\n<meta name=\"twitter:card\" content=\"summary_large_image\" \/>\n<meta name=\"twitter:title\" content=\"Styreeni (CAS 100-42-5) - Chemistry For Industry - Solvents &amp; Chemicals - Masterchem.ee\" \/>\n<meta name=\"twitter:description\" content=\"Styreeni (kemiallinen kaava C8H8 ja rakennekaava C6H5CH=CH2) on orgaaninen yhdiste, joka on aromaattinen hiilivety. Huoneenl\u00e4mm\u00f6ss\u00e4 ja -paineessa styreeni on nestem\u00e4ist\u00e4. Styreeni on v\u00e4rit\u00f6nt\u00e4, \u00f6ljym\u00e4ist\u00e4, terveydelle haitallista, CAS 100-42-5\" \/>\n<meta name=\"twitter:image\" content=\"https:\/\/masterchem.ee\/wp-content\/uploads\/2020\/02\/Styrene_1000l_MaterChem.jpg\" \/>\n<meta name=\"twitter:label1\" content=\"Arvioitu lukuaika\" \/>\n\t<meta name=\"twitter:data1\" content=\"1 minuutti\" \/>\n<script type=\"application\/ld+json\" class=\"yoast-schema-graph\">{\"@context\":\"https:\/\/schema.org\",\"@graph\":[{\"@type\":\"WebPage\",\"@id\":\"https:\/\/masterchem.ee\/fi\/tooted-ja-teenused\/styreeni-2\/\",\"url\":\"https:\/\/masterchem.ee\/fi\/tooted-ja-teenused\/styreeni-2\/\",\"name\":\"Styreeni (CAS 100-42-5) - Chemistry For Industry - Solvents &amp; Chemicals - Masterchem.ee\",\"isPartOf\":{\"@id\":\"https:\/\/masterchem.ee\/fi\/#website\"},\"primaryImageOfPage\":{\"@id\":\"https:\/\/masterchem.ee\/fi\/tooted-ja-teenused\/styreeni-2\/#primaryimage\"},\"image\":{\"@id\":\"https:\/\/masterchem.ee\/fi\/tooted-ja-teenused\/styreeni-2\/#primaryimage\"},\"thumbnailUrl\":\"https:\/\/masterchem.ee\/wp-content\/uploads\/2020\/02\/Styrene_1000l_MaterChem.jpg\",\"datePublished\":\"2020-02-12T22:13:58+00:00\",\"dateModified\":\"2021-06-27T05:45:39+00:00\",\"description\":\"Styreeni (kemiallinen kaava C8H8 ja rakennekaava C6H5CH=CH2) on orgaaninen yhdiste, joka on aromaattinen hiilivety. Huoneenl\u00e4mm\u00f6ss\u00e4 ja -paineessa styreeni on nestem\u00e4ist\u00e4. Styreeni on v\u00e4rit\u00f6nt\u00e4, \u00f6ljym\u00e4ist\u00e4, terveydelle haitallista, CAS 100-42-5\",\"breadcrumb\":{\"@id\":\"https:\/\/masterchem.ee\/fi\/tooted-ja-teenused\/styreeni-2\/#breadcrumb\"},\"inLanguage\":\"fi\",\"potentialAction\":[{\"@type\":\"ReadAction\",\"target\":[\"https:\/\/masterchem.ee\/fi\/tooted-ja-teenused\/styreeni-2\/\"]}]},{\"@type\":\"ImageObject\",\"inLanguage\":\"fi\",\"@id\":\"https:\/\/masterchem.ee\/fi\/tooted-ja-teenused\/styreeni-2\/#primaryimage\",\"url\":\"https:\/\/masterchem.ee\/wp-content\/uploads\/2020\/02\/Styrene_1000l_MaterChem.jpg\",\"contentUrl\":\"https:\/\/masterchem.ee\/wp-content\/uploads\/2020\/02\/Styrene_1000l_MaterChem.jpg\",\"width\":1000,\"height\":1000,\"caption\":\"Styreeni1000l MaterChem\"},{\"@type\":\"BreadcrumbList\",\"@id\":\"https:\/\/masterchem.ee\/fi\/tooted-ja-teenused\/styreeni-2\/#breadcrumb\",\"itemListElement\":[{\"@type\":\"ListItem\",\"position\":1,\"name\":\"Home\",\"item\":\"https:\/\/masterchem.ee\/fi\/\"},{\"@type\":\"ListItem\",\"position\":2,\"name\":\"Tooted ja teenused\",\"item\":\"https:\/\/masterchem.ee\/tooted-ja-teenused\/\"},{\"@type\":\"ListItem\",\"position\":3,\"name\":\"Styreeni (CAS 100-42-5)\"}]},{\"@type\":\"WebSite\",\"@id\":\"https:\/\/masterchem.ee\/fi\/#website\",\"url\":\"https:\/\/masterchem.ee\/fi\/\",\"name\":\"Masterchem.ee\",\"description\":\"Chemistry For Industry - Solvents &amp; Chemicals\",\"publisher\":{\"@id\":\"https:\/\/masterchem.ee\/fi\/#organization\"},\"potentialAction\":[{\"@type\":\"SearchAction\",\"target\":{\"@type\":\"EntryPoint\",\"urlTemplate\":\"https:\/\/masterchem.ee\/fi\/?s={search_term_string}\"},\"query-input\":{\"@type\":\"PropertyValueSpecification\",\"valueRequired\":true,\"valueName\":\"search_term_string\"}}],\"inLanguage\":\"fi\"},{\"@type\":\"Organization\",\"@id\":\"https:\/\/masterchem.ee\/fi\/#organization\",\"name\":\"Masterchem\",\"url\":\"https:\/\/masterchem.ee\/fi\/\",\"logo\":{\"@type\":\"ImageObject\",\"inLanguage\":\"fi\",\"@id\":\"https:\/\/masterchem.ee\/fi\/#\/schema\/logo\/image\/\",\"url\":\"https:\/\/masterchem.ee\/wp-content\/uploads\/2018\/02\/master-chem_final-1.png\",\"contentUrl\":\"https:\/\/masterchem.ee\/wp-content\/uploads\/2018\/02\/master-chem_final-1.png\",\"width\":850,\"height\":356,\"caption\":\"Masterchem\"},\"image\":{\"@id\":\"https:\/\/masterchem.ee\/fi\/#\/schema\/logo\/image\/\"}}]}<\/script>\n<!-- \/ Yoast SEO plugin. -->","yoast_head_json":{"title":"Styreeni (CAS 100-42-5) - Chemistry For Industry - Solvents &amp; Chemicals - Masterchem.ee","description":"Styreeni (kemiallinen kaava C8H8 ja rakennekaava C6H5CH=CH2) on orgaaninen yhdiste, joka on aromaattinen hiilivety. Huoneenl\u00e4mm\u00f6ss\u00e4 ja -paineessa styreeni on nestem\u00e4ist\u00e4. Styreeni on v\u00e4rit\u00f6nt\u00e4, \u00f6ljym\u00e4ist\u00e4, terveydelle haitallista, CAS 100-42-5","robots":{"index":"index","follow":"follow","max-snippet":"max-snippet:-1","max-image-preview":"max-image-preview:large","max-video-preview":"max-video-preview:-1"},"canonical":"https:\/\/masterchem.ee\/fi\/tooted-ja-teenused\/styreeni-2\/","twitter_card":"summary_large_image","twitter_title":"Styreeni (CAS 100-42-5) - Chemistry For Industry - Solvents &amp; Chemicals - Masterchem.ee","twitter_description":"Styreeni (kemiallinen kaava C8H8 ja rakennekaava C6H5CH=CH2) on orgaaninen yhdiste, joka on aromaattinen hiilivety. Huoneenl\u00e4mm\u00f6ss\u00e4 ja -paineessa styreeni on nestem\u00e4ist\u00e4. Styreeni on v\u00e4rit\u00f6nt\u00e4, \u00f6ljym\u00e4ist\u00e4, terveydelle haitallista, CAS 100-42-5","twitter_image":"https:\/\/masterchem.ee\/wp-content\/uploads\/2020\/02\/Styrene_1000l_MaterChem.jpg","twitter_misc":{"Arvioitu lukuaika":"1 minuutti"},"schema":{"@context":"https:\/\/schema.org","@graph":[{"@type":"WebPage","@id":"https:\/\/masterchem.ee\/fi\/tooted-ja-teenused\/styreeni-2\/","url":"https:\/\/masterchem.ee\/fi\/tooted-ja-teenused\/styreeni-2\/","name":"Styreeni (CAS 100-42-5) - Chemistry For Industry - Solvents &amp; Chemicals - Masterchem.ee","isPartOf":{"@id":"https:\/\/masterchem.ee\/fi\/#website"},"primaryImageOfPage":{"@id":"https:\/\/masterchem.ee\/fi\/tooted-ja-teenused\/styreeni-2\/#primaryimage"},"image":{"@id":"https:\/\/masterchem.ee\/fi\/tooted-ja-teenused\/styreeni-2\/#primaryimage"},"thumbnailUrl":"https:\/\/masterchem.ee\/wp-content\/uploads\/2020\/02\/Styrene_1000l_MaterChem.jpg","datePublished":"2020-02-12T22:13:58+00:00","dateModified":"2021-06-27T05:45:39+00:00","description":"Styreeni (kemiallinen kaava C8H8 ja rakennekaava C6H5CH=CH2) on orgaaninen yhdiste, joka on aromaattinen hiilivety. Huoneenl\u00e4mm\u00f6ss\u00e4 ja -paineessa styreeni on nestem\u00e4ist\u00e4. Styreeni on v\u00e4rit\u00f6nt\u00e4, \u00f6ljym\u00e4ist\u00e4, terveydelle haitallista, CAS 100-42-5","breadcrumb":{"@id":"https:\/\/masterchem.ee\/fi\/tooted-ja-teenused\/styreeni-2\/#breadcrumb"},"inLanguage":"fi","potentialAction":[{"@type":"ReadAction","target":["https:\/\/masterchem.ee\/fi\/tooted-ja-teenused\/styreeni-2\/"]}]},{"@type":"ImageObject","inLanguage":"fi","@id":"https:\/\/masterchem.ee\/fi\/tooted-ja-teenused\/styreeni-2\/#primaryimage","url":"https:\/\/masterchem.ee\/wp-content\/uploads\/2020\/02\/Styrene_1000l_MaterChem.jpg","contentUrl":"https:\/\/masterchem.ee\/wp-content\/uploads\/2020\/02\/Styrene_1000l_MaterChem.jpg","width":1000,"height":1000,"caption":"Styreeni1000l MaterChem"},{"@type":"BreadcrumbList","@id":"https:\/\/masterchem.ee\/fi\/tooted-ja-teenused\/styreeni-2\/#breadcrumb","itemListElement":[{"@type":"ListItem","position":1,"name":"Home","item":"https:\/\/masterchem.ee\/fi\/"},{"@type":"ListItem","position":2,"name":"Tooted ja teenused","item":"https:\/\/masterchem.ee\/tooted-ja-teenused\/"},{"@type":"ListItem","position":3,"name":"Styreeni (CAS 100-42-5)"}]},{"@type":"WebSite","@id":"https:\/\/masterchem.ee\/fi\/#website","url":"https:\/\/masterchem.ee\/fi\/","name":"Masterchem.ee","description":"Chemistry For Industry - Solvents &amp; Chemicals","publisher":{"@id":"https:\/\/masterchem.ee\/fi\/#organization"},"potentialAction":[{"@type":"SearchAction","target":{"@type":"EntryPoint","urlTemplate":"https:\/\/masterchem.ee\/fi\/?s={search_term_string}"},"query-input":{"@type":"PropertyValueSpecification","valueRequired":true,"valueName":"search_term_string"}}],"inLanguage":"fi"},{"@type":"Organization","@id":"https:\/\/masterchem.ee\/fi\/#organization","name":"Masterchem","url":"https:\/\/masterchem.ee\/fi\/","logo":{"@type":"ImageObject","inLanguage":"fi","@id":"https:\/\/masterchem.ee\/fi\/#\/schema\/logo\/image\/","url":"https:\/\/masterchem.ee\/wp-content\/uploads\/2018\/02\/master-chem_final-1.png","contentUrl":"https:\/\/masterchem.ee\/wp-content\/uploads\/2018\/02\/master-chem_final-1.png","width":850,"height":356,"caption":"Masterchem"},"image":{"@id":"https:\/\/masterchem.ee\/fi\/#\/schema\/logo\/image\/"}}]}},"_links":{"self":[{"href":"https:\/\/masterchem.ee\/fi\/wp-json\/wp\/v2\/product\/4794","targetHints":{"allow":["GET"]}}],"collection":[{"href":"https:\/\/masterchem.ee\/fi\/wp-json\/wp\/v2\/product"}],"about":[{"href":"https:\/\/masterchem.ee\/fi\/wp-json\/wp\/v2\/types\/product"}],"wp:featuredmedia":[{"embeddable":true,"href":"https:\/\/masterchem.ee\/fi\/wp-json\/wp\/v2\/media\/4811"}],"wp:attachment":[{"href":"https:\/\/masterchem.ee\/fi\/wp-json\/wp\/v2\/media?parent=4794"}],"wp:term":[{"taxonomy":"product_brand","embeddable":true,"href":"https:\/\/masterchem.ee\/fi\/wp-json\/wp\/v2\/product_brand?post=4794"},{"taxonomy":"product_cat","embeddable":true,"href":"https:\/\/masterchem.ee\/fi\/wp-json\/wp\/v2\/product_cat?post=4794"},{"taxonomy":"product_tag","embeddable":true,"href":"https:\/\/masterchem.ee\/fi\/wp-json\/wp\/v2\/product_tag?post=4794"}],"curies":[{"name":"wp","href":"https:\/\/api.w.org\/{rel}","templated":true}]}}