{"id":4730,"date":"2020-02-04T07:35:29","date_gmt":"2020-02-04T07:35:30","guid":{"rendered":"https:\/\/masterchem.ee\/?post_type=product&#038;p=4730"},"modified":"2021-06-27T10:08:00","modified_gmt":"2021-06-27T10:08:00","slug":"ohenne-r4","status":"publish","type":"product","link":"https:\/\/masterchem.ee\/fi\/tooted-ja-teenused\/ohenne-r4\/","title":{"rendered":"Ohenne R4"},"content":{"rendered":"<p><strong>Kuvaus:<\/strong><br \/>\nOhenne P4 on tavallinen liuotin metallimaaleille. Se on seos kolmesta orgaanisesta nesteest\u00e4 (aromaattiset hiilivedyt, ketonit, esterit). Pese helposti erilaisia ep\u00e4puhtauksia. MasterChem on tuottanut t\u00e4t\u00e4 liuotinta suoraan yli 20 vuotta.<\/p>\n<p><strong>Sovellus ja k\u00e4ytt\u00f6:<\/strong><br \/>\n&#8211; on yleinen liuotin alkydi-, epoksi-, polyuretaanimaaleihin.<br \/>\n&#8211; rasvanpoisto ja p\u00f6lyn poisto metallipinnoista,<br \/>\n&#8211; ty\u00f6kalun pesemiseen ty\u00f6n j\u00e4lkeen, kovettuneiden siveltimien liottamiseen.<\/p>\n<p><strong>Aineen tai seoksen luokitus:<\/strong><br \/>\nH225 &#8211; Helposti syttyv\u00e4 neste ja h\u00f6yry.<br \/>\nH304 &#8211; Voi olla tappavaa nieltyn\u00e4 ja joutuessaan hengitysteihin.<br \/>\nH315 &#8211; \u00c4rsytt\u00e4\u00e4 ihoa.<br \/>\nH319 &#8211; \u00c4rsytt\u00e4\u00e4 voimakkaasti silmi\u00e4.<br \/>\nH336 &#8211; Voi aiheuttaa uneliaisuutta tai huimausta.<br \/>\nH361d &#8211; ep\u00e4ill\u00e4\u00e4n vahingoittavan siki\u00f6t\u00e4.<br \/>\nH373 &#8211; Voi vaurioittaa elimi\u00e4 pitk\u00e4aikaisessa tai toistuvassa altistumisessa.<\/p>\n<p><strong>Pakkaus:<\/strong><br \/>\n0,5 valaistu metallipullo<br \/>\n5 valaistua muovipurkkia<br \/>\n10 valaistua muovipurkkia<br \/>\n20 valaistua metallis\u00e4ili\u00f6t\u00e4 YK<br \/>\n25 valaistua muovipurkkia<br \/>\n200 valaistu rumpu \/ tynnyri<br \/>\n500 valaistua IBC-astiaa<br \/>\n1000 valaistua IBC-konttia<br \/>\n24 mt BULK<\/p>\n<p><strong>Vihje:<\/strong><br \/>\nS\u00e4ilyt\u00e4 tuotetta l\u00e4mp\u00f6tilassa -25\u00b0C &#8211; 25\u00b0C ja \u00e4l\u00e4 altista sit\u00e4 suoralle auringonvalolle.<\/p>\n<p><strong>Ominaisuudet:<\/strong><br \/>\nTiheys: l\u00e4mp\u00f6tilassa 20 astetta &#8211; 0,855 g \/ cm3 + -0,05<br \/>\nV\u00e4ri &#8211; v\u00e4rit\u00f6n neste<\/p>\n","protected":false},"excerpt":{"rendered":"<p>Ohenne P4 on tavallinen liuotin metallimaaleille. Se on seos kolmesta orgaanisesta nesteest\u00e4 (aromaattiset hiilivedyt, ketonit, esterit). Pese helposti erilaisia ep\u00e4puhtauksia. MasterChem on tuottanut t\u00e4t\u00e4 liuotinta suoraan yli 20 vuotta.<\/p>\n<p><a target=\"_blank\" href=\"https:\/\/masterchem.ee\/wp-content\/uploads\/2020\/02\/Lahusti-R4-TDS-Masterchem.pdf\" class=\"pdf\" alt=\"Ohenne R4 tuotteen kuvaus (TDS)\" title=\"Ohenne R4 tuotteen kuvaus (TDS)\" rel=\"noopener\">Ohenne R4 tuotteen kuvaus (TDS)<\/a><\/p>\n","protected":false},"featured_media":4736,"template":"","meta":[],"product_brand":[],"product_cat":[180,115,118,114,154,152],"product_tag":[],"class_list":{"0":"post-4730","1":"product","2":"type-product","3":"status-publish","4":"has-post-thumbnail","6":"product_cat-uncategorized-fi-2","7":"product_cat-auton-ja-koneiden-kemikaalit","8":"product_cat-metallikemikaalit","9":"product_cat-rakennusteollisuus","10":"product_cat-tien-maalaus","11":"product_cat-tipografiset-kemikaalit","12":"pif-has-gallery","14":"first","15":"instock","16":"featured","17":"taxable","18":"shipping-taxable","19":"purchasable","20":"product-type-variable","21":"has-default-attributes"},"yoast_head":"<!-- This site is optimized with the Yoast SEO plugin v26.2 - https:\/\/yoast.com\/wordpress\/plugins\/seo\/ -->\n<title>Ohenne R4 - Chemistry For Industry - Solvents &amp; Chemicals - Masterchem.ee<\/title>\n<meta name=\"description\" content=\"Ohenne P4 on tavallinen liuotin metallimaaleille. Se on seos kolmesta orgaanisesta nesteest\u00e4 (aromaattiset hiilivedyt, ketonit, esterit). Pese helposti erilaisia ep\u00e4puhtauksia. MasterChem on tuottanut t\u00e4t\u00e4 liuotinta suoraan yli 20 vuotta.\" \/>\n<meta name=\"robots\" content=\"index, follow, max-snippet:-1, max-image-preview:large, max-video-preview:-1\" \/>\n<link rel=\"canonical\" href=\"https:\/\/masterchem.ee\/fi\/tooted-ja-teenused\/ohenne-r4\/\" \/>\n<meta name=\"twitter:card\" content=\"summary_large_image\" \/>\n<meta name=\"twitter:title\" content=\"Ohenne R4 - Chemistry For Industry - Solvents &amp; Chemicals - Masterchem.ee\" \/>\n<meta name=\"twitter:description\" content=\"Ohenne P4 on tavallinen liuotin metallimaaleille. Se on seos kolmesta orgaanisesta nesteest\u00e4 (aromaattiset hiilivedyt, ketonit, esterit). Pese helposti erilaisia ep\u00e4puhtauksia. MasterChem on tuottanut t\u00e4t\u00e4 liuotinta suoraan yli 20 vuotta.\" \/>\n<meta name=\"twitter:image\" content=\"https:\/\/masterchem.ee\/wp-content\/uploads\/2020\/02\/Thinner_R4_1000l_MaterChem.jpg\" \/>\n<meta name=\"twitter:label1\" content=\"Arvioitu lukuaika\" \/>\n\t<meta name=\"twitter:data1\" content=\"1 minuutti\" \/>\n<script type=\"application\/ld+json\" class=\"yoast-schema-graph\">{\"@context\":\"https:\/\/schema.org\",\"@graph\":[{\"@type\":\"WebPage\",\"@id\":\"https:\/\/masterchem.ee\/fi\/tooted-ja-teenused\/ohenne-r4\/\",\"url\":\"https:\/\/masterchem.ee\/fi\/tooted-ja-teenused\/ohenne-r4\/\",\"name\":\"Ohenne R4 - Chemistry For Industry - Solvents &amp; Chemicals - Masterchem.ee\",\"isPartOf\":{\"@id\":\"https:\/\/masterchem.ee\/fi\/#website\"},\"primaryImageOfPage\":{\"@id\":\"https:\/\/masterchem.ee\/fi\/tooted-ja-teenused\/ohenne-r4\/#primaryimage\"},\"image\":{\"@id\":\"https:\/\/masterchem.ee\/fi\/tooted-ja-teenused\/ohenne-r4\/#primaryimage\"},\"thumbnailUrl\":\"https:\/\/masterchem.ee\/wp-content\/uploads\/2020\/02\/Thinner_R4_1000l_MaterChem.jpg\",\"datePublished\":\"2020-02-04T07:35:30+00:00\",\"dateModified\":\"2021-06-27T10:08:00+00:00\",\"description\":\"Ohenne P4 on tavallinen liuotin metallimaaleille. Se on seos kolmesta orgaanisesta nesteest\u00e4 (aromaattiset hiilivedyt, ketonit, esterit). Pese helposti erilaisia ep\u00e4puhtauksia. MasterChem on tuottanut t\u00e4t\u00e4 liuotinta suoraan yli 20 vuotta.\",\"breadcrumb\":{\"@id\":\"https:\/\/masterchem.ee\/fi\/tooted-ja-teenused\/ohenne-r4\/#breadcrumb\"},\"inLanguage\":\"fi\",\"potentialAction\":[{\"@type\":\"ReadAction\",\"target\":[\"https:\/\/masterchem.ee\/fi\/tooted-ja-teenused\/ohenne-r4\/\"]}]},{\"@type\":\"ImageObject\",\"inLanguage\":\"fi\",\"@id\":\"https:\/\/masterchem.ee\/fi\/tooted-ja-teenused\/ohenne-r4\/#primaryimage\",\"url\":\"https:\/\/masterchem.ee\/wp-content\/uploads\/2020\/02\/Thinner_R4_1000l_MaterChem.jpg\",\"contentUrl\":\"https:\/\/masterchem.ee\/wp-content\/uploads\/2020\/02\/Thinner_R4_1000l_MaterChem.jpg\",\"width\":1000,\"height\":1000,\"caption\":\"Ohenne R4 1000l MaterChem\"},{\"@type\":\"BreadcrumbList\",\"@id\":\"https:\/\/masterchem.ee\/fi\/tooted-ja-teenused\/ohenne-r4\/#breadcrumb\",\"itemListElement\":[{\"@type\":\"ListItem\",\"position\":1,\"name\":\"Home\",\"item\":\"https:\/\/masterchem.ee\/fi\/\"},{\"@type\":\"ListItem\",\"position\":2,\"name\":\"Tooted ja teenused\",\"item\":\"https:\/\/masterchem.ee\/tooted-ja-teenused\/\"},{\"@type\":\"ListItem\",\"position\":3,\"name\":\"Ohenne R4\"}]},{\"@type\":\"WebSite\",\"@id\":\"https:\/\/masterchem.ee\/fi\/#website\",\"url\":\"https:\/\/masterchem.ee\/fi\/\",\"name\":\"Masterchem.ee\",\"description\":\"Chemistry For Industry - Solvents &amp; Chemicals\",\"publisher\":{\"@id\":\"https:\/\/masterchem.ee\/fi\/#organization\"},\"potentialAction\":[{\"@type\":\"SearchAction\",\"target\":{\"@type\":\"EntryPoint\",\"urlTemplate\":\"https:\/\/masterchem.ee\/fi\/?s={search_term_string}\"},\"query-input\":{\"@type\":\"PropertyValueSpecification\",\"valueRequired\":true,\"valueName\":\"search_term_string\"}}],\"inLanguage\":\"fi\"},{\"@type\":\"Organization\",\"@id\":\"https:\/\/masterchem.ee\/fi\/#organization\",\"name\":\"Masterchem\",\"url\":\"https:\/\/masterchem.ee\/fi\/\",\"logo\":{\"@type\":\"ImageObject\",\"inLanguage\":\"fi\",\"@id\":\"https:\/\/masterchem.ee\/fi\/#\/schema\/logo\/image\/\",\"url\":\"https:\/\/masterchem.ee\/wp-content\/uploads\/2018\/02\/master-chem_final-1.png\",\"contentUrl\":\"https:\/\/masterchem.ee\/wp-content\/uploads\/2018\/02\/master-chem_final-1.png\",\"width\":850,\"height\":356,\"caption\":\"Masterchem\"},\"image\":{\"@id\":\"https:\/\/masterchem.ee\/fi\/#\/schema\/logo\/image\/\"}}]}<\/script>\n<!-- \/ Yoast SEO plugin. -->","yoast_head_json":{"title":"Ohenne R4 - Chemistry For Industry - Solvents &amp; Chemicals - Masterchem.ee","description":"Ohenne P4 on tavallinen liuotin metallimaaleille. Se on seos kolmesta orgaanisesta nesteest\u00e4 (aromaattiset hiilivedyt, ketonit, esterit). Pese helposti erilaisia ep\u00e4puhtauksia. MasterChem on tuottanut t\u00e4t\u00e4 liuotinta suoraan yli 20 vuotta.","robots":{"index":"index","follow":"follow","max-snippet":"max-snippet:-1","max-image-preview":"max-image-preview:large","max-video-preview":"max-video-preview:-1"},"canonical":"https:\/\/masterchem.ee\/fi\/tooted-ja-teenused\/ohenne-r4\/","twitter_card":"summary_large_image","twitter_title":"Ohenne R4 - Chemistry For Industry - Solvents &amp; Chemicals - Masterchem.ee","twitter_description":"Ohenne P4 on tavallinen liuotin metallimaaleille. Se on seos kolmesta orgaanisesta nesteest\u00e4 (aromaattiset hiilivedyt, ketonit, esterit). Pese helposti erilaisia ep\u00e4puhtauksia. MasterChem on tuottanut t\u00e4t\u00e4 liuotinta suoraan yli 20 vuotta.","twitter_image":"https:\/\/masterchem.ee\/wp-content\/uploads\/2020\/02\/Thinner_R4_1000l_MaterChem.jpg","twitter_misc":{"Arvioitu lukuaika":"1 minuutti"},"schema":{"@context":"https:\/\/schema.org","@graph":[{"@type":"WebPage","@id":"https:\/\/masterchem.ee\/fi\/tooted-ja-teenused\/ohenne-r4\/","url":"https:\/\/masterchem.ee\/fi\/tooted-ja-teenused\/ohenne-r4\/","name":"Ohenne R4 - Chemistry For Industry - Solvents &amp; Chemicals - Masterchem.ee","isPartOf":{"@id":"https:\/\/masterchem.ee\/fi\/#website"},"primaryImageOfPage":{"@id":"https:\/\/masterchem.ee\/fi\/tooted-ja-teenused\/ohenne-r4\/#primaryimage"},"image":{"@id":"https:\/\/masterchem.ee\/fi\/tooted-ja-teenused\/ohenne-r4\/#primaryimage"},"thumbnailUrl":"https:\/\/masterchem.ee\/wp-content\/uploads\/2020\/02\/Thinner_R4_1000l_MaterChem.jpg","datePublished":"2020-02-04T07:35:30+00:00","dateModified":"2021-06-27T10:08:00+00:00","description":"Ohenne P4 on tavallinen liuotin metallimaaleille. Se on seos kolmesta orgaanisesta nesteest\u00e4 (aromaattiset hiilivedyt, ketonit, esterit). Pese helposti erilaisia ep\u00e4puhtauksia. MasterChem on tuottanut t\u00e4t\u00e4 liuotinta suoraan yli 20 vuotta.","breadcrumb":{"@id":"https:\/\/masterchem.ee\/fi\/tooted-ja-teenused\/ohenne-r4\/#breadcrumb"},"inLanguage":"fi","potentialAction":[{"@type":"ReadAction","target":["https:\/\/masterchem.ee\/fi\/tooted-ja-teenused\/ohenne-r4\/"]}]},{"@type":"ImageObject","inLanguage":"fi","@id":"https:\/\/masterchem.ee\/fi\/tooted-ja-teenused\/ohenne-r4\/#primaryimage","url":"https:\/\/masterchem.ee\/wp-content\/uploads\/2020\/02\/Thinner_R4_1000l_MaterChem.jpg","contentUrl":"https:\/\/masterchem.ee\/wp-content\/uploads\/2020\/02\/Thinner_R4_1000l_MaterChem.jpg","width":1000,"height":1000,"caption":"Ohenne R4 1000l MaterChem"},{"@type":"BreadcrumbList","@id":"https:\/\/masterchem.ee\/fi\/tooted-ja-teenused\/ohenne-r4\/#breadcrumb","itemListElement":[{"@type":"ListItem","position":1,"name":"Home","item":"https:\/\/masterchem.ee\/fi\/"},{"@type":"ListItem","position":2,"name":"Tooted ja teenused","item":"https:\/\/masterchem.ee\/tooted-ja-teenused\/"},{"@type":"ListItem","position":3,"name":"Ohenne R4"}]},{"@type":"WebSite","@id":"https:\/\/masterchem.ee\/fi\/#website","url":"https:\/\/masterchem.ee\/fi\/","name":"Masterchem.ee","description":"Chemistry For Industry - Solvents &amp; Chemicals","publisher":{"@id":"https:\/\/masterchem.ee\/fi\/#organization"},"potentialAction":[{"@type":"SearchAction","target":{"@type":"EntryPoint","urlTemplate":"https:\/\/masterchem.ee\/fi\/?s={search_term_string}"},"query-input":{"@type":"PropertyValueSpecification","valueRequired":true,"valueName":"search_term_string"}}],"inLanguage":"fi"},{"@type":"Organization","@id":"https:\/\/masterchem.ee\/fi\/#organization","name":"Masterchem","url":"https:\/\/masterchem.ee\/fi\/","logo":{"@type":"ImageObject","inLanguage":"fi","@id":"https:\/\/masterchem.ee\/fi\/#\/schema\/logo\/image\/","url":"https:\/\/masterchem.ee\/wp-content\/uploads\/2018\/02\/master-chem_final-1.png","contentUrl":"https:\/\/masterchem.ee\/wp-content\/uploads\/2018\/02\/master-chem_final-1.png","width":850,"height":356,"caption":"Masterchem"},"image":{"@id":"https:\/\/masterchem.ee\/fi\/#\/schema\/logo\/image\/"}}]}},"_links":{"self":[{"href":"https:\/\/masterchem.ee\/fi\/wp-json\/wp\/v2\/product\/4730","targetHints":{"allow":["GET"]}}],"collection":[{"href":"https:\/\/masterchem.ee\/fi\/wp-json\/wp\/v2\/product"}],"about":[{"href":"https:\/\/masterchem.ee\/fi\/wp-json\/wp\/v2\/types\/product"}],"wp:featuredmedia":[{"embeddable":true,"href":"https:\/\/masterchem.ee\/fi\/wp-json\/wp\/v2\/media\/4736"}],"wp:attachment":[{"href":"https:\/\/masterchem.ee\/fi\/wp-json\/wp\/v2\/media?parent=4730"}],"wp:term":[{"taxonomy":"product_brand","embeddable":true,"href":"https:\/\/masterchem.ee\/fi\/wp-json\/wp\/v2\/product_brand?post=4730"},{"taxonomy":"product_cat","embeddable":true,"href":"https:\/\/masterchem.ee\/fi\/wp-json\/wp\/v2\/product_cat?post=4730"},{"taxonomy":"product_tag","embeddable":true,"href":"https:\/\/masterchem.ee\/fi\/wp-json\/wp\/v2\/product_tag?post=4730"}],"curies":[{"name":"wp","href":"https:\/\/api.w.org\/{rel}","templated":true}]}}