{"id":4697,"date":"2020-01-30T21:14:33","date_gmt":"2020-01-30T21:14:35","guid":{"rendered":"https:\/\/masterchem.ee\/?post_type=product&#038;p=4697"},"modified":"2021-06-27T09:25:57","modified_gmt":"2021-06-27T09:25:57","slug":"jaahdytisneste-longlife-punainen-38-c-masterchem","status":"publish","type":"product","link":"https:\/\/masterchem.ee\/fi\/tooted-ja-teenused\/jaahdytisneste-longlife-punainen-38-c-masterchem\/","title":{"rendered":"J\u00e4\u00e4hdytisneste LongLife punainen -38\u00b0C MasterChem"},"content":{"rendered":"<p>Punainen Longlife MasterChem -j\u00e4\u00e4hdytinneste soveltuu sek\u00e4 autojen ett\u00e4 ty\u00f6koneiden bensiini- ja dieselmoottoreihin.<br \/>\nJoka t\u00e4ytt\u00e4\u00e4 standardin ASTM D3306, ASTM D4985, BS 6580 (2010), SAE J 1034, FFV Heft R443, CUNA NC 956-16, UNE 26361-88, NATO S759, VW TL774F (G12+) vaatimukset.<br \/>\n<strong>K\u00e4ytt\u00f6turvallisuus<\/strong><br \/>\n(H302) Haitallista nieltyn\u00e4.<br \/>\n(P102) S\u00e4ilyt\u00e4 lasten ulottumattomissa. (P264) Pese &#8230; huolellisesti k\u00e4sittelyn j\u00e4lkeen. (P270) Sy\u00f6minen, juominen ja tupakointi kielletty kemikaalia k\u00e4ytett\u00e4ess\u00e4. (P301+P312) JOS KEMIKAALIA ON NIELTY: Ota yhteys MYRKYTYSTIETOKESKUKSEEN tai l\u00e4\u00e4k\u00e4riin, jos ilmenee pahoinvointia. (P330) Huuhdo suu. (P501) H\u00e4vit\u00e4 sis\u00e4lt\u00f6\/pakkaus paikallisten\/alueellisten\/kansallisten\/kansainv\u00e4listen m\u00e4\u00e4r\u00e4ysten mukaisesti (t\u00e4smennett\u00e4v\u00e4).<\/p>\n","protected":false},"excerpt":{"rendered":"<p><span style=\"font-weight: 400;\">Punainen Longlife MasterChem -j\u00e4\u00e4hdytinneste soveltuu sek\u00e4 autojen ett\u00e4 ty\u00f6koneiden bensiini- ja dieselmoottoreihin.<\/span><\/p>\n","protected":false},"featured_media":4721,"template":"","meta":[],"product_brand":[],"product_cat":[180,109,115,302,117,118,153,114,154,152],"product_tag":[],"class_list":{"0":"post-4697","1":"product","2":"type-product","3":"status-publish","4":"has-post-thumbnail","6":"product_cat-uncategorized-fi-2","7":"product_cat-anti-jaatymisnesteet","8":"product_cat-auton-ja-koneiden-kemikaalit","9":"product_cat-jaahdytysnesteet","10":"product_cat-kotitalouskemikaalit","11":"product_cat-metallikemikaalit","12":"product_cat-puunjalostuskemikaalit","13":"product_cat-rakennusteollisuus","14":"product_cat-tien-maalaus","15":"product_cat-tipografiset-kemikaalit","16":"pif-has-gallery","18":"first","19":"instock","20":"taxable","21":"shipping-taxable","22":"purchasable","23":"product-type-variable","24":"has-default-attributes"},"yoast_head":"<!-- This site is optimized with the Yoast SEO plugin v26.2 - https:\/\/yoast.com\/wordpress\/plugins\/seo\/ -->\n<title>J\u00e4\u00e4hdytisneste LongLife punainen -38\u00b0C MasterChem<\/title>\n<meta name=\"description\" content=\"Punainen Longlife MasterChem -j\u00e4\u00e4hdytinneste soveltuu sek\u00e4 autojen ett\u00e4 ty\u00f6koneiden bensiini- ja dieselmoottoreihin.\" \/>\n<meta name=\"robots\" content=\"index, follow, max-snippet:-1, max-image-preview:large, max-video-preview:-1\" \/>\n<link rel=\"canonical\" href=\"https:\/\/masterchem.ee\/fi\/tooted-ja-teenused\/jaahdytisneste-longlife-punainen-38-c-masterchem\/\" \/>\n<meta name=\"twitter:card\" content=\"summary_large_image\" \/>\n<meta name=\"twitter:title\" content=\"J\u00e4\u00e4hdytisneste LongLife punainen -38\u00b0C MasterChem\" \/>\n<meta name=\"twitter:description\" content=\"Punainen Longlife MasterChem -j\u00e4\u00e4hdytinneste soveltuu sek\u00e4 autojen ett\u00e4 ty\u00f6koneiden bensiini- ja dieselmoottoreihin.\" \/>\n<meta name=\"twitter:image\" content=\"https:\/\/masterchem.ee\/wp-content\/uploads\/2020\/01\/Antifreeze-Coolant-Longlife.jpg\" \/>\n<meta name=\"twitter:label1\" content=\"Arvioitu lukuaika\" \/>\n\t<meta name=\"twitter:data1\" content=\"1 minuutti\" \/>\n<script type=\"application\/ld+json\" class=\"yoast-schema-graph\">{\"@context\":\"https:\/\/schema.org\",\"@graph\":[{\"@type\":\"WebPage\",\"@id\":\"https:\/\/masterchem.ee\/fi\/tooted-ja-teenused\/jaahdytisneste-longlife-punainen-38-c-masterchem\/\",\"url\":\"https:\/\/masterchem.ee\/fi\/tooted-ja-teenused\/jaahdytisneste-longlife-punainen-38-c-masterchem\/\",\"name\":\"J\u00e4\u00e4hdytisneste LongLife punainen -38\u00b0C MasterChem\",\"isPartOf\":{\"@id\":\"https:\/\/masterchem.ee\/fi\/#website\"},\"primaryImageOfPage\":{\"@id\":\"https:\/\/masterchem.ee\/fi\/tooted-ja-teenused\/jaahdytisneste-longlife-punainen-38-c-masterchem\/#primaryimage\"},\"image\":{\"@id\":\"https:\/\/masterchem.ee\/fi\/tooted-ja-teenused\/jaahdytisneste-longlife-punainen-38-c-masterchem\/#primaryimage\"},\"thumbnailUrl\":\"https:\/\/masterchem.ee\/wp-content\/uploads\/2020\/01\/Antifreeze-Coolant-Longlife.jpg\",\"datePublished\":\"2020-01-30T21:14:35+00:00\",\"dateModified\":\"2021-06-27T09:25:57+00:00\",\"description\":\"Punainen Longlife MasterChem -j\u00e4\u00e4hdytinneste soveltuu sek\u00e4 autojen ett\u00e4 ty\u00f6koneiden bensiini- ja dieselmoottoreihin.\",\"breadcrumb\":{\"@id\":\"https:\/\/masterchem.ee\/fi\/tooted-ja-teenused\/jaahdytisneste-longlife-punainen-38-c-masterchem\/#breadcrumb\"},\"inLanguage\":\"fi\",\"potentialAction\":[{\"@type\":\"ReadAction\",\"target\":[\"https:\/\/masterchem.ee\/fi\/tooted-ja-teenused\/jaahdytisneste-longlife-punainen-38-c-masterchem\/\"]}]},{\"@type\":\"ImageObject\",\"inLanguage\":\"fi\",\"@id\":\"https:\/\/masterchem.ee\/fi\/tooted-ja-teenused\/jaahdytisneste-longlife-punainen-38-c-masterchem\/#primaryimage\",\"url\":\"https:\/\/masterchem.ee\/wp-content\/uploads\/2020\/01\/Antifreeze-Coolant-Longlife.jpg\",\"contentUrl\":\"https:\/\/masterchem.ee\/wp-content\/uploads\/2020\/01\/Antifreeze-Coolant-Longlife.jpg\",\"width\":700,\"height\":700,\"caption\":\"J\u00e4\u00e4hdytisneste LongLife punainen -38\u00b0 C MasterChem\"},{\"@type\":\"BreadcrumbList\",\"@id\":\"https:\/\/masterchem.ee\/fi\/tooted-ja-teenused\/jaahdytisneste-longlife-punainen-38-c-masterchem\/#breadcrumb\",\"itemListElement\":[{\"@type\":\"ListItem\",\"position\":1,\"name\":\"Home\",\"item\":\"https:\/\/masterchem.ee\/fi\/\"},{\"@type\":\"ListItem\",\"position\":2,\"name\":\"Tooted ja teenused\",\"item\":\"https:\/\/masterchem.ee\/tooted-ja-teenused\/\"},{\"@type\":\"ListItem\",\"position\":3,\"name\":\"J\u00e4\u00e4hdytisneste LongLife punainen -38\u00b0C MasterChem\"}]},{\"@type\":\"WebSite\",\"@id\":\"https:\/\/masterchem.ee\/fi\/#website\",\"url\":\"https:\/\/masterchem.ee\/fi\/\",\"name\":\"Masterchem.ee\",\"description\":\"Chemistry For Industry - Solvents &amp; Chemicals\",\"publisher\":{\"@id\":\"https:\/\/masterchem.ee\/fi\/#organization\"},\"potentialAction\":[{\"@type\":\"SearchAction\",\"target\":{\"@type\":\"EntryPoint\",\"urlTemplate\":\"https:\/\/masterchem.ee\/fi\/?s={search_term_string}\"},\"query-input\":{\"@type\":\"PropertyValueSpecification\",\"valueRequired\":true,\"valueName\":\"search_term_string\"}}],\"inLanguage\":\"fi\"},{\"@type\":\"Organization\",\"@id\":\"https:\/\/masterchem.ee\/fi\/#organization\",\"name\":\"Masterchem\",\"url\":\"https:\/\/masterchem.ee\/fi\/\",\"logo\":{\"@type\":\"ImageObject\",\"inLanguage\":\"fi\",\"@id\":\"https:\/\/masterchem.ee\/fi\/#\/schema\/logo\/image\/\",\"url\":\"https:\/\/masterchem.ee\/wp-content\/uploads\/2018\/02\/master-chem_final-1.png\",\"contentUrl\":\"https:\/\/masterchem.ee\/wp-content\/uploads\/2018\/02\/master-chem_final-1.png\",\"width\":850,\"height\":356,\"caption\":\"Masterchem\"},\"image\":{\"@id\":\"https:\/\/masterchem.ee\/fi\/#\/schema\/logo\/image\/\"}}]}<\/script>\n<!-- \/ Yoast SEO plugin. -->","yoast_head_json":{"title":"J\u00e4\u00e4hdytisneste LongLife punainen -38\u00b0C MasterChem","description":"Punainen Longlife MasterChem -j\u00e4\u00e4hdytinneste soveltuu sek\u00e4 autojen ett\u00e4 ty\u00f6koneiden bensiini- ja dieselmoottoreihin.","robots":{"index":"index","follow":"follow","max-snippet":"max-snippet:-1","max-image-preview":"max-image-preview:large","max-video-preview":"max-video-preview:-1"},"canonical":"https:\/\/masterchem.ee\/fi\/tooted-ja-teenused\/jaahdytisneste-longlife-punainen-38-c-masterchem\/","twitter_card":"summary_large_image","twitter_title":"J\u00e4\u00e4hdytisneste LongLife punainen -38\u00b0C MasterChem","twitter_description":"Punainen Longlife MasterChem -j\u00e4\u00e4hdytinneste soveltuu sek\u00e4 autojen ett\u00e4 ty\u00f6koneiden bensiini- ja dieselmoottoreihin.","twitter_image":"https:\/\/masterchem.ee\/wp-content\/uploads\/2020\/01\/Antifreeze-Coolant-Longlife.jpg","twitter_misc":{"Arvioitu lukuaika":"1 minuutti"},"schema":{"@context":"https:\/\/schema.org","@graph":[{"@type":"WebPage","@id":"https:\/\/masterchem.ee\/fi\/tooted-ja-teenused\/jaahdytisneste-longlife-punainen-38-c-masterchem\/","url":"https:\/\/masterchem.ee\/fi\/tooted-ja-teenused\/jaahdytisneste-longlife-punainen-38-c-masterchem\/","name":"J\u00e4\u00e4hdytisneste LongLife punainen -38\u00b0C MasterChem","isPartOf":{"@id":"https:\/\/masterchem.ee\/fi\/#website"},"primaryImageOfPage":{"@id":"https:\/\/masterchem.ee\/fi\/tooted-ja-teenused\/jaahdytisneste-longlife-punainen-38-c-masterchem\/#primaryimage"},"image":{"@id":"https:\/\/masterchem.ee\/fi\/tooted-ja-teenused\/jaahdytisneste-longlife-punainen-38-c-masterchem\/#primaryimage"},"thumbnailUrl":"https:\/\/masterchem.ee\/wp-content\/uploads\/2020\/01\/Antifreeze-Coolant-Longlife.jpg","datePublished":"2020-01-30T21:14:35+00:00","dateModified":"2021-06-27T09:25:57+00:00","description":"Punainen Longlife MasterChem -j\u00e4\u00e4hdytinneste soveltuu sek\u00e4 autojen ett\u00e4 ty\u00f6koneiden bensiini- ja dieselmoottoreihin.","breadcrumb":{"@id":"https:\/\/masterchem.ee\/fi\/tooted-ja-teenused\/jaahdytisneste-longlife-punainen-38-c-masterchem\/#breadcrumb"},"inLanguage":"fi","potentialAction":[{"@type":"ReadAction","target":["https:\/\/masterchem.ee\/fi\/tooted-ja-teenused\/jaahdytisneste-longlife-punainen-38-c-masterchem\/"]}]},{"@type":"ImageObject","inLanguage":"fi","@id":"https:\/\/masterchem.ee\/fi\/tooted-ja-teenused\/jaahdytisneste-longlife-punainen-38-c-masterchem\/#primaryimage","url":"https:\/\/masterchem.ee\/wp-content\/uploads\/2020\/01\/Antifreeze-Coolant-Longlife.jpg","contentUrl":"https:\/\/masterchem.ee\/wp-content\/uploads\/2020\/01\/Antifreeze-Coolant-Longlife.jpg","width":700,"height":700,"caption":"J\u00e4\u00e4hdytisneste LongLife punainen -38\u00b0 C MasterChem"},{"@type":"BreadcrumbList","@id":"https:\/\/masterchem.ee\/fi\/tooted-ja-teenused\/jaahdytisneste-longlife-punainen-38-c-masterchem\/#breadcrumb","itemListElement":[{"@type":"ListItem","position":1,"name":"Home","item":"https:\/\/masterchem.ee\/fi\/"},{"@type":"ListItem","position":2,"name":"Tooted ja teenused","item":"https:\/\/masterchem.ee\/tooted-ja-teenused\/"},{"@type":"ListItem","position":3,"name":"J\u00e4\u00e4hdytisneste LongLife punainen -38\u00b0C MasterChem"}]},{"@type":"WebSite","@id":"https:\/\/masterchem.ee\/fi\/#website","url":"https:\/\/masterchem.ee\/fi\/","name":"Masterchem.ee","description":"Chemistry For Industry - Solvents &amp; Chemicals","publisher":{"@id":"https:\/\/masterchem.ee\/fi\/#organization"},"potentialAction":[{"@type":"SearchAction","target":{"@type":"EntryPoint","urlTemplate":"https:\/\/masterchem.ee\/fi\/?s={search_term_string}"},"query-input":{"@type":"PropertyValueSpecification","valueRequired":true,"valueName":"search_term_string"}}],"inLanguage":"fi"},{"@type":"Organization","@id":"https:\/\/masterchem.ee\/fi\/#organization","name":"Masterchem","url":"https:\/\/masterchem.ee\/fi\/","logo":{"@type":"ImageObject","inLanguage":"fi","@id":"https:\/\/masterchem.ee\/fi\/#\/schema\/logo\/image\/","url":"https:\/\/masterchem.ee\/wp-content\/uploads\/2018\/02\/master-chem_final-1.png","contentUrl":"https:\/\/masterchem.ee\/wp-content\/uploads\/2018\/02\/master-chem_final-1.png","width":850,"height":356,"caption":"Masterchem"},"image":{"@id":"https:\/\/masterchem.ee\/fi\/#\/schema\/logo\/image\/"}}]}},"_links":{"self":[{"href":"https:\/\/masterchem.ee\/fi\/wp-json\/wp\/v2\/product\/4697","targetHints":{"allow":["GET"]}}],"collection":[{"href":"https:\/\/masterchem.ee\/fi\/wp-json\/wp\/v2\/product"}],"about":[{"href":"https:\/\/masterchem.ee\/fi\/wp-json\/wp\/v2\/types\/product"}],"wp:featuredmedia":[{"embeddable":true,"href":"https:\/\/masterchem.ee\/fi\/wp-json\/wp\/v2\/media\/4721"}],"wp:attachment":[{"href":"https:\/\/masterchem.ee\/fi\/wp-json\/wp\/v2\/media?parent=4697"}],"wp:term":[{"taxonomy":"product_brand","embeddable":true,"href":"https:\/\/masterchem.ee\/fi\/wp-json\/wp\/v2\/product_brand?post=4697"},{"taxonomy":"product_cat","embeddable":true,"href":"https:\/\/masterchem.ee\/fi\/wp-json\/wp\/v2\/product_cat?post=4697"},{"taxonomy":"product_tag","embeddable":true,"href":"https:\/\/masterchem.ee\/fi\/wp-json\/wp\/v2\/product_tag?post=4697"}],"curies":[{"name":"wp","href":"https:\/\/api.w.org\/{rel}","templated":true}]}}