{"id":3865,"date":"2019-10-17T17:38:52","date_gmt":"2019-10-17T17:38:54","guid":{"rendered":"https:\/\/masterchem.ee\/?post_type=product&#038;p=3865"},"modified":"2021-06-16T18:49:18","modified_gmt":"2021-06-16T18:49:18","slug":"autojen-talvi-pyyhkijat-21-c-eco-etanolin-perusteella-masterchem","status":"publish","type":"product","link":"https:\/\/masterchem.ee\/fi\/tooted-ja-teenused\/autojen-talvi-pyyhkijat-21-c-eco-etanolin-perusteella-masterchem\/","title":{"rendered":"Autojen talvi pyyhkij\u00e4t -21 \u00b0 C ECO etanolin perusteella MasterChem"},"content":{"rendered":"<p>Valmis tuulilasinpesuneste kes\u00e4k\u00e4ytt\u00f6\u00f6n. Sis\u00e4lt\u00e4\u00e4 erityisi\u00e4 lis\u00e4aineita (nano) hy\u00f6nteisten roskien ja lian poistamiseksi tuulilasista. Ei vahingoita kumi- tai muoviosia. Valmistaja MasterChem.<\/p>\n<p><b>Kemiallinen nimi:<\/b> <strong>\u00a0 Tuulilasinpesinneste talvi<\/strong><\/p>\n<p><b>Tuotetyyppi:<\/b>\u00a0 K\u00e4ytt\u00f6valmis<\/p>\n<p><b>Pakkaus:<\/b>\u00a0 4 litraa kanisteri, 200 litran rummut, 500 litran IBC, 1000 litran IBC astia<\/p>\n<p><b>Tuotekoodi:<\/b>\u00a0 7442668000171<\/p>\n<p><b>Alkuper\u00e4maa:\u00a0 <\/b>Estonia<\/p>\n<p><b>J\u00e4\u00e4tymispiste:\u00a0 -21 \u00b0C<\/b><\/p>\n<p><b>Ulkon\u00e4k\u00f6:<\/b> sininen neste, kirkas, ilman mekaanisia ep\u00e4puhtauksia<\/p>\n<p><strong>Tiheys 20\u00baC: ssa:<\/strong> 0,95 + -0,02 Kg \/ lit<\/p>\n<p><strong>PH<\/strong> 6,5 &#8211; 7,5<\/p>\n<p><strong>P\u00e4\u00e4sis\u00e4lt\u00f6,%:<\/strong> 30-40<\/p>\n<p><strong>Suositeltava varastointil\u00e4mp\u00f6tila v\u00e4hint\u00e4\u00e4n: 0 C korkein:<\/strong> 38 \u00b0 C<\/p>\n<p><strong>Kestoaika (alkuper\u00e4ispakkauksessa):<\/strong> 12 kiinnityst\u00e4<\/p>\n","protected":false},"excerpt":{"rendered":"<p>K\u00e4ytt\u00f6valmis tuulilasin pesuneste talvik\u00e4ytt\u00f6\u00f6n. J\u00e4\u00e4tymispiste -21 \u00b0 C. Sis\u00e4lt\u00e4\u00e4 erityisi\u00e4 lis\u00e4aineita (nano) hy\u00f6nteisten roskien ja lian poistamiseksi tuulilasista. Ei vahingoita kumi- tai muoviosia. Valmistaja MasterChem.<\/p>\n<p><a target=\"_blank\" href=\"https:\/\/masterchem.ee\/wp-content\/uploads\/2019\/10\/Klaasipesuvedelik-Windscreen-washer-ethanole-base-Masterchem.pdf\" class=\"pdf\" alt=\"Tuotteen kuvaus (TDS)\" title=\"Tuotteen kuvaus (TDS)\" rel=\"noopener\">Tuotteen kuvaus (TDS)<\/a><\/p>\n","protected":false},"featured_media":3857,"template":"","meta":[],"product_brand":[],"product_cat":[180,109,115,117],"product_tag":[],"class_list":{"0":"post-3865","1":"product","2":"type-product","3":"status-publish","4":"has-post-thumbnail","6":"product_cat-uncategorized-fi-2","7":"product_cat-anti-jaatymisnesteet","8":"product_cat-auton-ja-koneiden-kemikaalit","9":"product_cat-kotitalouskemikaalit","10":"pif-has-gallery","12":"first","13":"instock","14":"taxable","15":"shipping-taxable","16":"purchasable","17":"product-type-variable","18":"has-default-attributes"},"yoast_head":"<!-- This site is optimized with the Yoast SEO plugin v26.2 - https:\/\/yoast.com\/wordpress\/plugins\/seo\/ -->\n<title>Autojen talvi pyyhkij\u00e4t -21 \u00b0 C ECO etanolin perusteella MasterChem - Chemistry For Industry - Solvents &amp; Chemicals - Masterchem.ee<\/title>\n<meta name=\"description\" content=\"Valmis tuulilasinpesuneste kes\u00e4k\u00e4ytt\u00f6\u00f6n. Sis\u00e4lt\u00e4\u00e4 erityisi\u00e4 lis\u00e4aineita (nano) hy\u00f6nteisten roskien ja lian poistamiseksi tuulilasista. Ei vahingoita kumi- tai muoviosia. Valmistaja MasterChem.\" \/>\n<meta name=\"robots\" content=\"index, follow, max-snippet:-1, max-image-preview:large, max-video-preview:-1\" \/>\n<link rel=\"canonical\" href=\"https:\/\/masterchem.ee\/fi\/tooted-ja-teenused\/autojen-talvi-pyyhkijat-21-c-eco-etanolin-perusteella-masterchem\/\" \/>\n<meta name=\"twitter:card\" content=\"summary_large_image\" \/>\n<meta name=\"twitter:title\" content=\"Autojen talvi pyyhkij\u00e4t -21 \u00b0 C ECO etanolin perusteella MasterChem - Chemistry For Industry - Solvents &amp; Chemicals - Masterchem.ee\" \/>\n<meta name=\"twitter:description\" content=\"Valmis tuulilasinpesuneste kes\u00e4k\u00e4ytt\u00f6\u00f6n. Sis\u00e4lt\u00e4\u00e4 erityisi\u00e4 lis\u00e4aineita (nano) hy\u00f6nteisten roskien ja lian poistamiseksi tuulilasista. Ei vahingoita kumi- tai muoviosia. Valmistaja MasterChem.\" \/>\n<meta name=\"twitter:image\" content=\"https:\/\/masterchem.ee\/wp-content\/uploads\/2019\/09\/Windscreen_Washer_Winter_MasterChem_1000_liters.jpg\" \/>\n<script type=\"application\/ld+json\" class=\"yoast-schema-graph\">{\"@context\":\"https:\/\/schema.org\",\"@graph\":[{\"@type\":\"WebPage\",\"@id\":\"https:\/\/masterchem.ee\/fi\/tooted-ja-teenused\/autojen-talvi-pyyhkijat-21-c-eco-etanolin-perusteella-masterchem\/\",\"url\":\"https:\/\/masterchem.ee\/fi\/tooted-ja-teenused\/autojen-talvi-pyyhkijat-21-c-eco-etanolin-perusteella-masterchem\/\",\"name\":\"Autojen talvi pyyhkij\u00e4t -21 \u00b0 C ECO etanolin perusteella MasterChem - Chemistry For Industry - Solvents &amp; Chemicals - Masterchem.ee\",\"isPartOf\":{\"@id\":\"https:\/\/masterchem.ee\/fi\/#website\"},\"primaryImageOfPage\":{\"@id\":\"https:\/\/masterchem.ee\/fi\/tooted-ja-teenused\/autojen-talvi-pyyhkijat-21-c-eco-etanolin-perusteella-masterchem\/#primaryimage\"},\"image\":{\"@id\":\"https:\/\/masterchem.ee\/fi\/tooted-ja-teenused\/autojen-talvi-pyyhkijat-21-c-eco-etanolin-perusteella-masterchem\/#primaryimage\"},\"thumbnailUrl\":\"https:\/\/masterchem.ee\/wp-content\/uploads\/2019\/09\/Windscreen_Washer_Winter_MasterChem_1000_liters.jpg\",\"datePublished\":\"2019-10-17T17:38:54+00:00\",\"dateModified\":\"2021-06-16T18:49:18+00:00\",\"description\":\"Valmis tuulilasinpesuneste kes\u00e4k\u00e4ytt\u00f6\u00f6n. Sis\u00e4lt\u00e4\u00e4 erityisi\u00e4 lis\u00e4aineita (nano) hy\u00f6nteisten roskien ja lian poistamiseksi tuulilasista. Ei vahingoita kumi- tai muoviosia. Valmistaja MasterChem.\",\"breadcrumb\":{\"@id\":\"https:\/\/masterchem.ee\/fi\/tooted-ja-teenused\/autojen-talvi-pyyhkijat-21-c-eco-etanolin-perusteella-masterchem\/#breadcrumb\"},\"inLanguage\":\"fi\",\"potentialAction\":[{\"@type\":\"ReadAction\",\"target\":[\"https:\/\/masterchem.ee\/fi\/tooted-ja-teenused\/autojen-talvi-pyyhkijat-21-c-eco-etanolin-perusteella-masterchem\/\"]}]},{\"@type\":\"ImageObject\",\"inLanguage\":\"fi\",\"@id\":\"https:\/\/masterchem.ee\/fi\/tooted-ja-teenused\/autojen-talvi-pyyhkijat-21-c-eco-etanolin-perusteella-masterchem\/#primaryimage\",\"url\":\"https:\/\/masterchem.ee\/wp-content\/uploads\/2019\/09\/Windscreen_Washer_Winter_MasterChem_1000_liters.jpg\",\"contentUrl\":\"https:\/\/masterchem.ee\/wp-content\/uploads\/2019\/09\/Windscreen_Washer_Winter_MasterChem_1000_liters.jpg\",\"width\":1000,\"height\":1000,\"caption\":\"Autojen talvi pyyhkij\u00e4t MasterChem 1000 litraa\"},{\"@type\":\"BreadcrumbList\",\"@id\":\"https:\/\/masterchem.ee\/fi\/tooted-ja-teenused\/autojen-talvi-pyyhkijat-21-c-eco-etanolin-perusteella-masterchem\/#breadcrumb\",\"itemListElement\":[{\"@type\":\"ListItem\",\"position\":1,\"name\":\"Home\",\"item\":\"https:\/\/masterchem.ee\/fi\/\"},{\"@type\":\"ListItem\",\"position\":2,\"name\":\"Tooted ja teenused\",\"item\":\"https:\/\/masterchem.ee\/tooted-ja-teenused\/\"},{\"@type\":\"ListItem\",\"position\":3,\"name\":\"Autojen talvi pyyhkij\u00e4t -21 \u00b0 C ECO etanolin perusteella MasterChem\"}]},{\"@type\":\"WebSite\",\"@id\":\"https:\/\/masterchem.ee\/fi\/#website\",\"url\":\"https:\/\/masterchem.ee\/fi\/\",\"name\":\"Masterchem.ee\",\"description\":\"Chemistry For Industry - Solvents &amp; Chemicals\",\"publisher\":{\"@id\":\"https:\/\/masterchem.ee\/fi\/#organization\"},\"potentialAction\":[{\"@type\":\"SearchAction\",\"target\":{\"@type\":\"EntryPoint\",\"urlTemplate\":\"https:\/\/masterchem.ee\/fi\/?s={search_term_string}\"},\"query-input\":{\"@type\":\"PropertyValueSpecification\",\"valueRequired\":true,\"valueName\":\"search_term_string\"}}],\"inLanguage\":\"fi\"},{\"@type\":\"Organization\",\"@id\":\"https:\/\/masterchem.ee\/fi\/#organization\",\"name\":\"Masterchem\",\"url\":\"https:\/\/masterchem.ee\/fi\/\",\"logo\":{\"@type\":\"ImageObject\",\"inLanguage\":\"fi\",\"@id\":\"https:\/\/masterchem.ee\/fi\/#\/schema\/logo\/image\/\",\"url\":\"https:\/\/masterchem.ee\/wp-content\/uploads\/2018\/02\/master-chem_final-1.png\",\"contentUrl\":\"https:\/\/masterchem.ee\/wp-content\/uploads\/2018\/02\/master-chem_final-1.png\",\"width\":850,\"height\":356,\"caption\":\"Masterchem\"},\"image\":{\"@id\":\"https:\/\/masterchem.ee\/fi\/#\/schema\/logo\/image\/\"}}]}<\/script>\n<!-- \/ Yoast SEO plugin. -->","yoast_head_json":{"title":"Autojen talvi pyyhkij\u00e4t -21 \u00b0 C ECO etanolin perusteella MasterChem - Chemistry For Industry - Solvents &amp; Chemicals - Masterchem.ee","description":"Valmis tuulilasinpesuneste kes\u00e4k\u00e4ytt\u00f6\u00f6n. Sis\u00e4lt\u00e4\u00e4 erityisi\u00e4 lis\u00e4aineita (nano) hy\u00f6nteisten roskien ja lian poistamiseksi tuulilasista. Ei vahingoita kumi- tai muoviosia. Valmistaja MasterChem.","robots":{"index":"index","follow":"follow","max-snippet":"max-snippet:-1","max-image-preview":"max-image-preview:large","max-video-preview":"max-video-preview:-1"},"canonical":"https:\/\/masterchem.ee\/fi\/tooted-ja-teenused\/autojen-talvi-pyyhkijat-21-c-eco-etanolin-perusteella-masterchem\/","twitter_card":"summary_large_image","twitter_title":"Autojen talvi pyyhkij\u00e4t -21 \u00b0 C ECO etanolin perusteella MasterChem - Chemistry For Industry - Solvents &amp; Chemicals - Masterchem.ee","twitter_description":"Valmis tuulilasinpesuneste kes\u00e4k\u00e4ytt\u00f6\u00f6n. Sis\u00e4lt\u00e4\u00e4 erityisi\u00e4 lis\u00e4aineita (nano) hy\u00f6nteisten roskien ja lian poistamiseksi tuulilasista. Ei vahingoita kumi- tai muoviosia. Valmistaja MasterChem.","twitter_image":"https:\/\/masterchem.ee\/wp-content\/uploads\/2019\/09\/Windscreen_Washer_Winter_MasterChem_1000_liters.jpg","schema":{"@context":"https:\/\/schema.org","@graph":[{"@type":"WebPage","@id":"https:\/\/masterchem.ee\/fi\/tooted-ja-teenused\/autojen-talvi-pyyhkijat-21-c-eco-etanolin-perusteella-masterchem\/","url":"https:\/\/masterchem.ee\/fi\/tooted-ja-teenused\/autojen-talvi-pyyhkijat-21-c-eco-etanolin-perusteella-masterchem\/","name":"Autojen talvi pyyhkij\u00e4t -21 \u00b0 C ECO etanolin perusteella MasterChem - Chemistry For Industry - Solvents &amp; Chemicals - Masterchem.ee","isPartOf":{"@id":"https:\/\/masterchem.ee\/fi\/#website"},"primaryImageOfPage":{"@id":"https:\/\/masterchem.ee\/fi\/tooted-ja-teenused\/autojen-talvi-pyyhkijat-21-c-eco-etanolin-perusteella-masterchem\/#primaryimage"},"image":{"@id":"https:\/\/masterchem.ee\/fi\/tooted-ja-teenused\/autojen-talvi-pyyhkijat-21-c-eco-etanolin-perusteella-masterchem\/#primaryimage"},"thumbnailUrl":"https:\/\/masterchem.ee\/wp-content\/uploads\/2019\/09\/Windscreen_Washer_Winter_MasterChem_1000_liters.jpg","datePublished":"2019-10-17T17:38:54+00:00","dateModified":"2021-06-16T18:49:18+00:00","description":"Valmis tuulilasinpesuneste kes\u00e4k\u00e4ytt\u00f6\u00f6n. Sis\u00e4lt\u00e4\u00e4 erityisi\u00e4 lis\u00e4aineita (nano) hy\u00f6nteisten roskien ja lian poistamiseksi tuulilasista. Ei vahingoita kumi- tai muoviosia. Valmistaja MasterChem.","breadcrumb":{"@id":"https:\/\/masterchem.ee\/fi\/tooted-ja-teenused\/autojen-talvi-pyyhkijat-21-c-eco-etanolin-perusteella-masterchem\/#breadcrumb"},"inLanguage":"fi","potentialAction":[{"@type":"ReadAction","target":["https:\/\/masterchem.ee\/fi\/tooted-ja-teenused\/autojen-talvi-pyyhkijat-21-c-eco-etanolin-perusteella-masterchem\/"]}]},{"@type":"ImageObject","inLanguage":"fi","@id":"https:\/\/masterchem.ee\/fi\/tooted-ja-teenused\/autojen-talvi-pyyhkijat-21-c-eco-etanolin-perusteella-masterchem\/#primaryimage","url":"https:\/\/masterchem.ee\/wp-content\/uploads\/2019\/09\/Windscreen_Washer_Winter_MasterChem_1000_liters.jpg","contentUrl":"https:\/\/masterchem.ee\/wp-content\/uploads\/2019\/09\/Windscreen_Washer_Winter_MasterChem_1000_liters.jpg","width":1000,"height":1000,"caption":"Autojen talvi pyyhkij\u00e4t MasterChem 1000 litraa"},{"@type":"BreadcrumbList","@id":"https:\/\/masterchem.ee\/fi\/tooted-ja-teenused\/autojen-talvi-pyyhkijat-21-c-eco-etanolin-perusteella-masterchem\/#breadcrumb","itemListElement":[{"@type":"ListItem","position":1,"name":"Home","item":"https:\/\/masterchem.ee\/fi\/"},{"@type":"ListItem","position":2,"name":"Tooted ja teenused","item":"https:\/\/masterchem.ee\/tooted-ja-teenused\/"},{"@type":"ListItem","position":3,"name":"Autojen talvi pyyhkij\u00e4t -21 \u00b0 C ECO etanolin perusteella MasterChem"}]},{"@type":"WebSite","@id":"https:\/\/masterchem.ee\/fi\/#website","url":"https:\/\/masterchem.ee\/fi\/","name":"Masterchem.ee","description":"Chemistry For Industry - Solvents &amp; Chemicals","publisher":{"@id":"https:\/\/masterchem.ee\/fi\/#organization"},"potentialAction":[{"@type":"SearchAction","target":{"@type":"EntryPoint","urlTemplate":"https:\/\/masterchem.ee\/fi\/?s={search_term_string}"},"query-input":{"@type":"PropertyValueSpecification","valueRequired":true,"valueName":"search_term_string"}}],"inLanguage":"fi"},{"@type":"Organization","@id":"https:\/\/masterchem.ee\/fi\/#organization","name":"Masterchem","url":"https:\/\/masterchem.ee\/fi\/","logo":{"@type":"ImageObject","inLanguage":"fi","@id":"https:\/\/masterchem.ee\/fi\/#\/schema\/logo\/image\/","url":"https:\/\/masterchem.ee\/wp-content\/uploads\/2018\/02\/master-chem_final-1.png","contentUrl":"https:\/\/masterchem.ee\/wp-content\/uploads\/2018\/02\/master-chem_final-1.png","width":850,"height":356,"caption":"Masterchem"},"image":{"@id":"https:\/\/masterchem.ee\/fi\/#\/schema\/logo\/image\/"}}]}},"_links":{"self":[{"href":"https:\/\/masterchem.ee\/fi\/wp-json\/wp\/v2\/product\/3865","targetHints":{"allow":["GET"]}}],"collection":[{"href":"https:\/\/masterchem.ee\/fi\/wp-json\/wp\/v2\/product"}],"about":[{"href":"https:\/\/masterchem.ee\/fi\/wp-json\/wp\/v2\/types\/product"}],"wp:featuredmedia":[{"embeddable":true,"href":"https:\/\/masterchem.ee\/fi\/wp-json\/wp\/v2\/media\/3857"}],"wp:attachment":[{"href":"https:\/\/masterchem.ee\/fi\/wp-json\/wp\/v2\/media?parent=3865"}],"wp:term":[{"taxonomy":"product_brand","embeddable":true,"href":"https:\/\/masterchem.ee\/fi\/wp-json\/wp\/v2\/product_brand?post=3865"},{"taxonomy":"product_cat","embeddable":true,"href":"https:\/\/masterchem.ee\/fi\/wp-json\/wp\/v2\/product_cat?post=3865"},{"taxonomy":"product_tag","embeddable":true,"href":"https:\/\/masterchem.ee\/fi\/wp-json\/wp\/v2\/product_tag?post=3865"}],"curies":[{"name":"wp","href":"https:\/\/api.w.org\/{rel}","templated":true}]}}