{"id":3823,"date":"2019-09-30T09:58:05","date_gmt":"2019-09-30T09:58:06","guid":{"rendered":"https:\/\/masterchem.ee\/?post_type=product&#038;p=3823"},"modified":"2022-06-07T06:11:11","modified_gmt":"2022-06-07T06:11:11","slug":"tuulilasinpesin-kesa-masterchem-2","status":"publish","type":"product","link":"https:\/\/masterchem.ee\/fi\/tooted-ja-teenused\/tuulilasinpesin-kesa-masterchem-2\/","title":{"rendered":"Tuulilasinpesin kes\u00e4 MasterChem"},"content":{"rendered":"<p><b>Kemiallinen nimi:<\/b> \u00a0 Tuulilasinpesuneste<\/p>\n<p><strong>Tuotetyyppi:<\/strong> K\u00e4ytt\u00f6valmis<\/p>\n<p><strong>Pakkaus:<\/strong> 4 litraa kanisteri, 200 litran rummut, 1000 litran IBC astia<\/p>\n<p><strong>Alkuper\u00e4maa:<\/strong> Viro<\/p>\n<p><strong>J\u00e4\u00e4tymispiste<\/strong> 0 \u00b0 C<\/p>\n<p><strong>Ulkon\u00e4k\u00f6:<\/strong> punainen tai vihre\u00e4 neste, kirkas, ilman mekaanisia ep\u00e4puhtauksia<\/p>\n<p><strong>Tiheys 20\u00baC:<\/strong> ssa: 0,99 + -0,01 Kg \/ m 3, neste<\/p>\n<p><strong>PH<\/strong> 6,5 &#8211; 7,5<\/p>\n<p><strong>P\u00e4\u00e4sis\u00e4lt\u00f6,%:<\/strong> 99,8-99,9<\/p>\n<p><strong>Suositeltava varastointil\u00e4mp\u00f6tila v\u00e4hint\u00e4\u00e4n<\/strong>: 0 C korkein: 38 \u00b0 C<\/p>\n<p><strong>Kestoaika (alkuper\u00e4ispakkauksessa):<\/strong> 12 kiinnityst\u00e4<\/p>\n","protected":false},"excerpt":{"rendered":"<p>K\u00e4ytt\u00f6valmis tuulilasinpesuneste kes\u00e4k\u00e4ytt\u00f6\u00f6n. Sis\u00e4lt\u00e4\u00e4 erityisi\u00e4 lis\u00e4aineita (nano) hy\u00f6nteisten roskien ja lian poistamiseksi tuulilasista. Ei vahingoita kumi- tai muoviosia. Valmistaja MasterChem.<\/p>\n<p><a target=\"_blank\" href=\"https:\/\/masterchem.ee\/wp-content\/uploads\/2019\/09\/Klaasipesuvedelik-Suvine-ILVA-ENG.pdf\" class=\"pdf\" alt=\"Tuotteen kuvaus (TDS)\" title=\"Tuotteen kuvaus (TDS)\" rel=\"noopener\">Tuotteen kuvaus (TDS)<\/a><\/p>\n","protected":false},"featured_media":3493,"template":"","meta":[],"product_brand":[],"product_cat":[180,179,109,111,115,89,117,110],"product_tag":[],"class_list":{"0":"post-3823","1":"product","2":"type-product","3":"status-publish","4":"has-post-thumbnail","6":"product_cat-uncategorized-fi-2","7":"product_cat-uncategorized","8":"product_cat-anti-jaatymisnesteet","9":"product_cat-autokeemia","10":"product_cat-auton-ja-koneiden-kemikaalit","11":"product_cat-kodukeemia","12":"product_cat-kotitalouskemikaalit","13":"product_cat-kulmumiskindlad-vedelikud","14":"pif-has-gallery","16":"first","17":"instock","18":"taxable","19":"shipping-taxable","20":"purchasable","21":"product-type-variable","22":"has-default-attributes"},"yoast_head":"<!-- This site is optimized with the Yoast SEO plugin v26.2 - https:\/\/yoast.com\/wordpress\/plugins\/seo\/ -->\n<title>Tuulilasinpesin kes\u00e4 MasterChem - Chemistry For Industry - Solvents &amp; Chemicals - Masterchem.ee<\/title>\n<meta name=\"description\" content=\"K\u00e4ytt\u00f6valmis tuulilasinpesuneste kes\u00e4k\u00e4ytt\u00f6\u00f6n. Sis\u00e4lt\u00e4\u00e4 erityisi\u00e4 lis\u00e4aineita (nano) hy\u00f6nteisten roskien ja lian poistamiseksi tuulilasista. Ei vahingoita kumi- tai muoviosia.\" \/>\n<meta name=\"robots\" content=\"index, follow, max-snippet:-1, max-image-preview:large, max-video-preview:-1\" \/>\n<link rel=\"canonical\" href=\"https:\/\/masterchem.ee\/fi\/tooted-ja-teenused\/tuulilasinpesin-kesa-masterchem-2\/\" \/>\n<meta name=\"twitter:card\" content=\"summary_large_image\" \/>\n<meta name=\"twitter:title\" content=\"Tuulilasinpesin kes\u00e4 MasterChem - Chemistry For Industry - Solvents &amp; Chemicals - Masterchem.ee\" \/>\n<meta name=\"twitter:description\" content=\"K\u00e4ytt\u00f6valmis tuulilasinpesuneste kes\u00e4k\u00e4ytt\u00f6\u00f6n. Sis\u00e4lt\u00e4\u00e4 erityisi\u00e4 lis\u00e4aineita (nano) hy\u00f6nteisten roskien ja lian poistamiseksi tuulilasista. Ei vahingoita kumi- tai muoviosia.\" \/>\n<meta name=\"twitter:image\" content=\"https:\/\/masterchem.ee\/wp-content\/uploads\/2019\/05\/P1010058.jpg\" \/>\n<script type=\"application\/ld+json\" class=\"yoast-schema-graph\">{\"@context\":\"https:\/\/schema.org\",\"@graph\":[{\"@type\":\"WebPage\",\"@id\":\"https:\/\/masterchem.ee\/fi\/tooted-ja-teenused\/tuulilasinpesin-kesa-masterchem-2\/\",\"url\":\"https:\/\/masterchem.ee\/fi\/tooted-ja-teenused\/tuulilasinpesin-kesa-masterchem-2\/\",\"name\":\"Tuulilasinpesin kes\u00e4 MasterChem - Chemistry For Industry - Solvents &amp; Chemicals - Masterchem.ee\",\"isPartOf\":{\"@id\":\"https:\/\/masterchem.ee\/fi\/#website\"},\"primaryImageOfPage\":{\"@id\":\"https:\/\/masterchem.ee\/fi\/tooted-ja-teenused\/tuulilasinpesin-kesa-masterchem-2\/#primaryimage\"},\"image\":{\"@id\":\"https:\/\/masterchem.ee\/fi\/tooted-ja-teenused\/tuulilasinpesin-kesa-masterchem-2\/#primaryimage\"},\"thumbnailUrl\":\"https:\/\/masterchem.ee\/wp-content\/uploads\/2019\/05\/P1010058.jpg\",\"datePublished\":\"2019-09-30T09:58:06+00:00\",\"dateModified\":\"2022-06-07T06:11:11+00:00\",\"description\":\"K\u00e4ytt\u00f6valmis tuulilasinpesuneste kes\u00e4k\u00e4ytt\u00f6\u00f6n. Sis\u00e4lt\u00e4\u00e4 erityisi\u00e4 lis\u00e4aineita (nano) hy\u00f6nteisten roskien ja lian poistamiseksi tuulilasista. Ei vahingoita kumi- tai muoviosia.\",\"breadcrumb\":{\"@id\":\"https:\/\/masterchem.ee\/fi\/tooted-ja-teenused\/tuulilasinpesin-kesa-masterchem-2\/#breadcrumb\"},\"inLanguage\":\"fi\",\"potentialAction\":[{\"@type\":\"ReadAction\",\"target\":[\"https:\/\/masterchem.ee\/fi\/tooted-ja-teenused\/tuulilasinpesin-kesa-masterchem-2\/\"]}]},{\"@type\":\"ImageObject\",\"inLanguage\":\"fi\",\"@id\":\"https:\/\/masterchem.ee\/fi\/tooted-ja-teenused\/tuulilasinpesin-kesa-masterchem-2\/#primaryimage\",\"url\":\"https:\/\/masterchem.ee\/wp-content\/uploads\/2019\/05\/P1010058.jpg\",\"contentUrl\":\"https:\/\/masterchem.ee\/wp-content\/uploads\/2019\/05\/P1010058.jpg\",\"width\":1000,\"height\":750,\"caption\":\"Windscreen Washer summer MasterChem 1000 lit\"},{\"@type\":\"BreadcrumbList\",\"@id\":\"https:\/\/masterchem.ee\/fi\/tooted-ja-teenused\/tuulilasinpesin-kesa-masterchem-2\/#breadcrumb\",\"itemListElement\":[{\"@type\":\"ListItem\",\"position\":1,\"name\":\"Home\",\"item\":\"https:\/\/masterchem.ee\/fi\/\"},{\"@type\":\"ListItem\",\"position\":2,\"name\":\"Tooted ja teenused\",\"item\":\"https:\/\/masterchem.ee\/tooted-ja-teenused\/\"},{\"@type\":\"ListItem\",\"position\":3,\"name\":\"Tuulilasinpesin kes\u00e4 MasterChem\"}]},{\"@type\":\"WebSite\",\"@id\":\"https:\/\/masterchem.ee\/fi\/#website\",\"url\":\"https:\/\/masterchem.ee\/fi\/\",\"name\":\"Masterchem.ee\",\"description\":\"Chemistry For Industry - Solvents &amp; Chemicals\",\"publisher\":{\"@id\":\"https:\/\/masterchem.ee\/fi\/#organization\"},\"potentialAction\":[{\"@type\":\"SearchAction\",\"target\":{\"@type\":\"EntryPoint\",\"urlTemplate\":\"https:\/\/masterchem.ee\/fi\/?s={search_term_string}\"},\"query-input\":{\"@type\":\"PropertyValueSpecification\",\"valueRequired\":true,\"valueName\":\"search_term_string\"}}],\"inLanguage\":\"fi\"},{\"@type\":\"Organization\",\"@id\":\"https:\/\/masterchem.ee\/fi\/#organization\",\"name\":\"Masterchem\",\"url\":\"https:\/\/masterchem.ee\/fi\/\",\"logo\":{\"@type\":\"ImageObject\",\"inLanguage\":\"fi\",\"@id\":\"https:\/\/masterchem.ee\/fi\/#\/schema\/logo\/image\/\",\"url\":\"https:\/\/masterchem.ee\/wp-content\/uploads\/2018\/02\/master-chem_final-1.png\",\"contentUrl\":\"https:\/\/masterchem.ee\/wp-content\/uploads\/2018\/02\/master-chem_final-1.png\",\"width\":850,\"height\":356,\"caption\":\"Masterchem\"},\"image\":{\"@id\":\"https:\/\/masterchem.ee\/fi\/#\/schema\/logo\/image\/\"}}]}<\/script>\n<!-- \/ Yoast SEO plugin. -->","yoast_head_json":{"title":"Tuulilasinpesin kes\u00e4 MasterChem - Chemistry For Industry - Solvents &amp; Chemicals - Masterchem.ee","description":"K\u00e4ytt\u00f6valmis tuulilasinpesuneste kes\u00e4k\u00e4ytt\u00f6\u00f6n. Sis\u00e4lt\u00e4\u00e4 erityisi\u00e4 lis\u00e4aineita (nano) hy\u00f6nteisten roskien ja lian poistamiseksi tuulilasista. Ei vahingoita kumi- tai muoviosia.","robots":{"index":"index","follow":"follow","max-snippet":"max-snippet:-1","max-image-preview":"max-image-preview:large","max-video-preview":"max-video-preview:-1"},"canonical":"https:\/\/masterchem.ee\/fi\/tooted-ja-teenused\/tuulilasinpesin-kesa-masterchem-2\/","twitter_card":"summary_large_image","twitter_title":"Tuulilasinpesin kes\u00e4 MasterChem - Chemistry For Industry - Solvents &amp; Chemicals - Masterchem.ee","twitter_description":"K\u00e4ytt\u00f6valmis tuulilasinpesuneste kes\u00e4k\u00e4ytt\u00f6\u00f6n. Sis\u00e4lt\u00e4\u00e4 erityisi\u00e4 lis\u00e4aineita (nano) hy\u00f6nteisten roskien ja lian poistamiseksi tuulilasista. Ei vahingoita kumi- tai muoviosia.","twitter_image":"https:\/\/masterchem.ee\/wp-content\/uploads\/2019\/05\/P1010058.jpg","schema":{"@context":"https:\/\/schema.org","@graph":[{"@type":"WebPage","@id":"https:\/\/masterchem.ee\/fi\/tooted-ja-teenused\/tuulilasinpesin-kesa-masterchem-2\/","url":"https:\/\/masterchem.ee\/fi\/tooted-ja-teenused\/tuulilasinpesin-kesa-masterchem-2\/","name":"Tuulilasinpesin kes\u00e4 MasterChem - Chemistry For Industry - Solvents &amp; Chemicals - Masterchem.ee","isPartOf":{"@id":"https:\/\/masterchem.ee\/fi\/#website"},"primaryImageOfPage":{"@id":"https:\/\/masterchem.ee\/fi\/tooted-ja-teenused\/tuulilasinpesin-kesa-masterchem-2\/#primaryimage"},"image":{"@id":"https:\/\/masterchem.ee\/fi\/tooted-ja-teenused\/tuulilasinpesin-kesa-masterchem-2\/#primaryimage"},"thumbnailUrl":"https:\/\/masterchem.ee\/wp-content\/uploads\/2019\/05\/P1010058.jpg","datePublished":"2019-09-30T09:58:06+00:00","dateModified":"2022-06-07T06:11:11+00:00","description":"K\u00e4ytt\u00f6valmis tuulilasinpesuneste kes\u00e4k\u00e4ytt\u00f6\u00f6n. Sis\u00e4lt\u00e4\u00e4 erityisi\u00e4 lis\u00e4aineita (nano) hy\u00f6nteisten roskien ja lian poistamiseksi tuulilasista. Ei vahingoita kumi- tai muoviosia.","breadcrumb":{"@id":"https:\/\/masterchem.ee\/fi\/tooted-ja-teenused\/tuulilasinpesin-kesa-masterchem-2\/#breadcrumb"},"inLanguage":"fi","potentialAction":[{"@type":"ReadAction","target":["https:\/\/masterchem.ee\/fi\/tooted-ja-teenused\/tuulilasinpesin-kesa-masterchem-2\/"]}]},{"@type":"ImageObject","inLanguage":"fi","@id":"https:\/\/masterchem.ee\/fi\/tooted-ja-teenused\/tuulilasinpesin-kesa-masterchem-2\/#primaryimage","url":"https:\/\/masterchem.ee\/wp-content\/uploads\/2019\/05\/P1010058.jpg","contentUrl":"https:\/\/masterchem.ee\/wp-content\/uploads\/2019\/05\/P1010058.jpg","width":1000,"height":750,"caption":"Windscreen Washer summer MasterChem 1000 lit"},{"@type":"BreadcrumbList","@id":"https:\/\/masterchem.ee\/fi\/tooted-ja-teenused\/tuulilasinpesin-kesa-masterchem-2\/#breadcrumb","itemListElement":[{"@type":"ListItem","position":1,"name":"Home","item":"https:\/\/masterchem.ee\/fi\/"},{"@type":"ListItem","position":2,"name":"Tooted ja teenused","item":"https:\/\/masterchem.ee\/tooted-ja-teenused\/"},{"@type":"ListItem","position":3,"name":"Tuulilasinpesin kes\u00e4 MasterChem"}]},{"@type":"WebSite","@id":"https:\/\/masterchem.ee\/fi\/#website","url":"https:\/\/masterchem.ee\/fi\/","name":"Masterchem.ee","description":"Chemistry For Industry - Solvents &amp; Chemicals","publisher":{"@id":"https:\/\/masterchem.ee\/fi\/#organization"},"potentialAction":[{"@type":"SearchAction","target":{"@type":"EntryPoint","urlTemplate":"https:\/\/masterchem.ee\/fi\/?s={search_term_string}"},"query-input":{"@type":"PropertyValueSpecification","valueRequired":true,"valueName":"search_term_string"}}],"inLanguage":"fi"},{"@type":"Organization","@id":"https:\/\/masterchem.ee\/fi\/#organization","name":"Masterchem","url":"https:\/\/masterchem.ee\/fi\/","logo":{"@type":"ImageObject","inLanguage":"fi","@id":"https:\/\/masterchem.ee\/fi\/#\/schema\/logo\/image\/","url":"https:\/\/masterchem.ee\/wp-content\/uploads\/2018\/02\/master-chem_final-1.png","contentUrl":"https:\/\/masterchem.ee\/wp-content\/uploads\/2018\/02\/master-chem_final-1.png","width":850,"height":356,"caption":"Masterchem"},"image":{"@id":"https:\/\/masterchem.ee\/fi\/#\/schema\/logo\/image\/"}}]}},"_links":{"self":[{"href":"https:\/\/masterchem.ee\/fi\/wp-json\/wp\/v2\/product\/3823","targetHints":{"allow":["GET"]}}],"collection":[{"href":"https:\/\/masterchem.ee\/fi\/wp-json\/wp\/v2\/product"}],"about":[{"href":"https:\/\/masterchem.ee\/fi\/wp-json\/wp\/v2\/types\/product"}],"wp:featuredmedia":[{"embeddable":true,"href":"https:\/\/masterchem.ee\/fi\/wp-json\/wp\/v2\/media\/3493"}],"wp:attachment":[{"href":"https:\/\/masterchem.ee\/fi\/wp-json\/wp\/v2\/media?parent=3823"}],"wp:term":[{"taxonomy":"product_brand","embeddable":true,"href":"https:\/\/masterchem.ee\/fi\/wp-json\/wp\/v2\/product_brand?post=3823"},{"taxonomy":"product_cat","embeddable":true,"href":"https:\/\/masterchem.ee\/fi\/wp-json\/wp\/v2\/product_cat?post=3823"},{"taxonomy":"product_tag","embeddable":true,"href":"https:\/\/masterchem.ee\/fi\/wp-json\/wp\/v2\/product_tag?post=3823"}],"curies":[{"name":"wp","href":"https:\/\/api.w.org\/{rel}","templated":true}]}}