{"id":3761,"date":"2019-09-28T13:52:21","date_gmt":"2019-09-28T13:52:21","guid":{"rendered":"https:\/\/masterchem.ee\/product\/estraaldehydifraktio-eaf-alkoholi\/"},"modified":"2025-11-24T12:53:22","modified_gmt":"2025-11-24T12:53:22","slug":"estraaldehydifraktio-eaf-alkoholi","status":"publish","type":"product","link":"https:\/\/masterchem.ee\/fi\/tooted-ja-teenused\/estraaldehydifraktio-eaf-alkoholi\/","title":{"rendered":"Estraaldehydifraktio EAF ALKOHOLI (Maal\u00e4mp\u00f6neste  88% raaka liuos)"},"content":{"rendered":"<p>Estraaldehydifraktio (EAF) on v\u00e4kev\u00e4n alkoholin puhdistamisen sivutuote. T\u00e4t\u00e4 EAF: ta k\u00e4ytet\u00e4\u00e4n p\u00e4\u00e4asiassa seosten formulaatioissa, kuten sytytysnesteess\u00e4 tai maan l\u00e4mmitysj\u00e4rjestelm\u00e4n j\u00e4\u00e4hdytysnesteen\u00e4. EAF &#8211; etanolin seos p\u00e4\u00e4aineosana.<\/p>\n<p><\/p>\n<h3>L\u00e4mmitysj\u00e4rjestelm\u00e4n tilavuuden laskenta<\/h3>\n<div class=\"heating_system_capacity\">\n<table>\n<tr>\n<th><label for=\"vid_radiatorov\">Valitse j\u00e4\u00e4hdyttimen tyyppi<\/label><\/th>\n<td><select id=\"vid_radiatorov\" name=\"vid_radiatorov\" size=\"1\"><option selected=\"selected\" value=\"3\">Oletus<\/option><option value=\"2.4\">Alumiininen poikkileikkaus &nbsp;&nbsp;&nbsp;&nbsp;&nbsp;&nbsp;<\/option><option value=\"3\">Ter\u00e4spaneeli<\/option><\/select><\/td>\n<\/tr>\n<tr>\n<th><label for=\"moshnost_radiatorov\">Patterien kokonaisteho<\/label><\/th>\n<td><input id=\"moshnost_radiatorov\" name=\"moshnost_radiatorov\" onchange=\"return proverka_fin(this);\" size=\"6\" type=\"text\"> &nbsp;&nbsp;kW<\/td>\n<\/tr>\n<tr>\n<th><label for=\"objom_kotelnoy\">Tilavuus kattilahuoneessa, ker\u00e4imet, liittimet<\/label><\/th>\n<td><input id=\"objom_kotelnoy\" name=\"objom_kotelnoy\" onchange=\"return proverka_fin(this);\" size=\"6\" type=\"text\" value=\"0\"> &nbsp;&nbsp; litraa<\/td>\n<\/tr>\n<tr>\n<th><label for=\"objom_rash_bak\">Paisuntas\u00e4ili\u00f6n t\u00e4ysi tilavuus<\/label><\/th>\n<td><input id=\"objom_rash_bak\" name=\"objom_rash_bak\" onchange=\"return proverka_fin(this);\" size=\"6\" type=\"text\" value=\"0\"> &nbsp;&nbsp; litraa (lask. t\u00e4ytt\u00f6 25%)<\/td>\n<\/tr>\n<\/table>\n<p><\/p>\n<table>\n<tbody>\n<tr>\n<th>Putken halkaisija, mm<\/th>\n<th>Putken pituus, m<\/th>\n<\/tr>\n<tr>\n<td>16\u04452.0<\/td>\n<td><input id=\"d16x20\" name=\"d16x20\" onchange=\"return proverka_fin(this);\" size=\"6\" type=\"text\"><\/td>\n<\/tr>\n<tr>\n<td>20\u04452.0<\/td>\n<td><input id=\"d20x20\" name=\"d20x20\" onchange=\"return proverka_fin(this);\" size=\"6\" type=\"text\"><\/td>\n<\/tr>\n<tr>\n<td>26\u04453.0<\/td>\n<td><input id=\"d26x30\" name=\"d26x30\" onchange=\"return proverka_fin(this);\" size=\"6\" type=\"text\"><\/td>\n<\/tr>\n<tr>\n<td>32\u04453.0<\/td>\n<td><input id=\"d32x30\" name=\"d32x30\" onchange=\"return proverka_fin(this);\" size=\"6\" type=\"text\"><\/td>\n<\/tr>\n<tr>\n<td>20\u04453.4<\/td>\n<td><input id=\"d20x34\" name=\"d20x34\" onchange=\"return proverka_fin(this);\" size=\"6\" type=\"text\"><\/td>\n<\/tr>\n<tr>\n<td>25\u04454.2<\/td>\n<td><input id=\"d25x42\" name=\"d25x42\" onchange=\"return proverka_fin(this);\" size=\"6\" type=\"text\"><\/td>\n<\/tr>\n<tr>\n<td>32\u04455.4<\/td>\n<td><input id=\"d32x54\" name=\"d32x54\" onchange=\"return proverka_fin(this);\" size=\"6\" type=\"text\"><\/td>\n<\/tr>\n<tr>\n<td>40\u04456.7<\/td>\n<td><input id=\"d40x67\" name=\"d16\" onchange=\"return proverka_fin(this);\" size=\"6\" type=\"text\"><\/td>\n<\/tr>\n<\/tbody>\n<\/table>\n<p><button onclick=\"objom_sistemi()\">Laskea<\/button><\/p>\n<div id=\"heating_calculation_report\" style=\"display:none\">\n<p>J\u00e4\u00e4hdyttimet: <span id=\"heating_calculation_report_radiators\"><\/span> litraa<\/p>\n<p>Kattila, ker\u00e4imet, varusteet: <span id=\"heating_calculation_report_boiler_collectors\"><\/span> litraa<\/p>\n<p>Paisuntas\u00e4ili\u00f6: <span id=\"heating_calculation_report_expansion_tank\"><\/span> litraa<\/p>\n<p>Putket: <span id=\"heating_calculation_report_pipes\"><\/span> litraa<\/p>\n<p><strong>Summa: <span id=\"heating_calculation_report_total\"><\/span> litraa<\/strong><\/p>\n<\/div>\n<\/div>\n","protected":false},"excerpt":{"rendered":"<p>Sit\u00e4 k\u00e4ytet\u00e4\u00e4n kotitalouksien l\u00e4mmityksess\u00e4 tai maanl\u00e4mmitysj\u00e4rjestelmiss\u00e4. MasterChem tarjoaa erilaisia j\u00e4\u00e4tymisl\u00e4mp\u00f6tiloja ja erilaisia paketteja. Nesteiden perusraaka-aine. Sit\u00e4 k\u00e4ytet\u00e4\u00e4n my\u00f6s painotaloissa, painokoneiden puhdistuksessa, maali- ja lakkateollisuudessa tahrojen ja v\u00e4riaineiden tuotantoon, laitteiden puhdistukseen.<\/p>\n<p><a target=\"_blank\" href=\"https:\/\/masterchem.ee\/?attachment_id=25680\" class=\"pdf\" alt=\"Tootekirjeldus (TDS)\" title=\"Tootekirjeldus (TDS)\" rel=\"noopener\">Tootekirjeldus (TDS)<\/a><\/p>\n","protected":false},"featured_media":7719,"template":"","meta":[],"product_brand":[],"product_cat":[180,109,115,302,117,120,118,153,114,152],"product_tag":[],"class_list":{"0":"post-3761","1":"product","2":"type-product","3":"status-publish","4":"has-post-thumbnail","6":"product_cat-uncategorized-fi-2","7":"product_cat-anti-jaatymisnesteet","8":"product_cat-auton-ja-koneiden-kemikaalit","9":"product_cat-jaahdytysnesteet","10":"product_cat-kotitalouskemikaalit","11":"product_cat-laaketeollisuus","12":"product_cat-metallikemikaalit","13":"product_cat-puunjalostuskemikaalit","14":"product_cat-rakennusteollisuus","15":"product_cat-tipografiset-kemikaalit","17":"first","18":"instock","19":"taxable","20":"shipping-taxable","21":"purchasable","22":"product-type-variable","23":"has-default-attributes"},"yoast_head":"<!-- This site is optimized with the Yoast SEO plugin v26.2 - https:\/\/yoast.com\/wordpress\/plugins\/seo\/ -->\n<title>Estraaldehydifraktio EAF ALKOHOLI (Maal\u00e4mp\u00f6neste 88% raaka liuos) - Chemistry For Industry - Solvents &amp; Chemicals - Masterchem.ee<\/title>\n<meta name=\"description\" content=\"Esteraldehydifraktio (j\u00e4ljemp\u00e4n\u00e4 EAF) on alkoholin rektifioinnin sivutuote. T\u00e4t\u00e4 EAF:\u00e4\u00e4 k\u00e4ytet\u00e4\u00e4n p\u00e4\u00e4asiassa seosten koostumuksessa, kuten sytytysnesteess\u00e4 tai geotermisen j\u00e4rjestelm\u00e4n j\u00e4\u00e4hdytysnesteen\u00e4. EAF - seos, jonka p\u00e4\u00e4ainesosa on etanoli.\" \/>\n<meta name=\"robots\" content=\"index, follow, max-snippet:-1, max-image-preview:large, max-video-preview:-1\" \/>\n<link rel=\"canonical\" href=\"https:\/\/masterchem.ee\/fi\/tooted-ja-teenused\/estraaldehydifraktio-eaf-alkoholi\/\" \/>\n<meta name=\"twitter:card\" content=\"summary_large_image\" \/>\n<meta name=\"twitter:title\" content=\"Estraaldehydifraktio EAF ALKOHOLI (Maal\u00e4mp\u00f6neste 88% raaka liuos) - Chemistry For Industry - Solvents &amp; Chemicals - Masterchem.ee\" \/>\n<meta name=\"twitter:description\" content=\"Esteraldehydifraktio (j\u00e4ljemp\u00e4n\u00e4 EAF) on alkoholin rektifioinnin sivutuote. T\u00e4t\u00e4 EAF:\u00e4\u00e4 k\u00e4ytet\u00e4\u00e4n p\u00e4\u00e4asiassa seosten koostumuksessa, kuten sytytysnesteess\u00e4 tai geotermisen j\u00e4rjestelm\u00e4n j\u00e4\u00e4hdytysnesteen\u00e4. EAF - seos, jonka p\u00e4\u00e4ainesosa on etanoli.\" \/>\n<meta name=\"twitter:image\" content=\"https:\/\/masterchem.ee\/wp-content\/uploads\/2020\/07\/Maak-tte-etanool-96-1000l-MaterChem.jpg\" \/>\n<meta name=\"twitter:label1\" content=\"Arvioitu lukuaika\" \/>\n\t<meta name=\"twitter:data1\" content=\"1 minuutti\" \/>\n<script type=\"application\/ld+json\" class=\"yoast-schema-graph\">{\"@context\":\"https:\/\/schema.org\",\"@graph\":[{\"@type\":\"WebPage\",\"@id\":\"https:\/\/masterchem.ee\/fi\/tooted-ja-teenused\/estraaldehydifraktio-eaf-alkoholi\/\",\"url\":\"https:\/\/masterchem.ee\/fi\/tooted-ja-teenused\/estraaldehydifraktio-eaf-alkoholi\/\",\"name\":\"Estraaldehydifraktio EAF ALKOHOLI (Maal\u00e4mp\u00f6neste 88% raaka liuos) - Chemistry For Industry - Solvents &amp; Chemicals - Masterchem.ee\",\"isPartOf\":{\"@id\":\"https:\/\/masterchem.ee\/fi\/#website\"},\"primaryImageOfPage\":{\"@id\":\"https:\/\/masterchem.ee\/fi\/tooted-ja-teenused\/estraaldehydifraktio-eaf-alkoholi\/#primaryimage\"},\"image\":{\"@id\":\"https:\/\/masterchem.ee\/fi\/tooted-ja-teenused\/estraaldehydifraktio-eaf-alkoholi\/#primaryimage\"},\"thumbnailUrl\":\"https:\/\/masterchem.ee\/wp-content\/uploads\/2020\/07\/Maak-tte-etanool-96-1000l-MaterChem.jpg\",\"datePublished\":\"2019-09-28T13:52:21+00:00\",\"dateModified\":\"2025-11-24T12:53:22+00:00\",\"description\":\"Esteraldehydifraktio (j\u00e4ljemp\u00e4n\u00e4 EAF) on alkoholin rektifioinnin sivutuote. T\u00e4t\u00e4 EAF:\u00e4\u00e4 k\u00e4ytet\u00e4\u00e4n p\u00e4\u00e4asiassa seosten koostumuksessa, kuten sytytysnesteess\u00e4 tai geotermisen j\u00e4rjestelm\u00e4n j\u00e4\u00e4hdytysnesteen\u00e4. EAF - seos, jonka p\u00e4\u00e4ainesosa on etanoli.\",\"breadcrumb\":{\"@id\":\"https:\/\/masterchem.ee\/fi\/tooted-ja-teenused\/estraaldehydifraktio-eaf-alkoholi\/#breadcrumb\"},\"inLanguage\":\"fi\",\"potentialAction\":[{\"@type\":\"ReadAction\",\"target\":[\"https:\/\/masterchem.ee\/fi\/tooted-ja-teenused\/estraaldehydifraktio-eaf-alkoholi\/\"]}]},{\"@type\":\"ImageObject\",\"inLanguage\":\"fi\",\"@id\":\"https:\/\/masterchem.ee\/fi\/tooted-ja-teenused\/estraaldehydifraktio-eaf-alkoholi\/#primaryimage\",\"url\":\"https:\/\/masterchem.ee\/wp-content\/uploads\/2020\/07\/Maak-tte-etanool-96-1000l-MaterChem.jpg\",\"contentUrl\":\"https:\/\/masterchem.ee\/wp-content\/uploads\/2020\/07\/Maak-tte-etanool-96-1000l-MaterChem.jpg\",\"width\":1000,\"height\":1000,\"caption\":\"Estraaldehydifraktio EAF ALKOHOLI (Maal\u00e4mp\u00f6neste 88% raaka liuos) 1000l MaterChem\"},{\"@type\":\"BreadcrumbList\",\"@id\":\"https:\/\/masterchem.ee\/fi\/tooted-ja-teenused\/estraaldehydifraktio-eaf-alkoholi\/#breadcrumb\",\"itemListElement\":[{\"@type\":\"ListItem\",\"position\":1,\"name\":\"Home\",\"item\":\"https:\/\/masterchem.ee\/fi\/\"},{\"@type\":\"ListItem\",\"position\":2,\"name\":\"Tooted ja teenused\",\"item\":\"https:\/\/masterchem.ee\/tooted-ja-teenused\/\"},{\"@type\":\"ListItem\",\"position\":3,\"name\":\"Estraaldehydifraktio EAF ALKOHOLI (Maal\u00e4mp\u00f6neste 88% raaka liuos)\"}]},{\"@type\":\"WebSite\",\"@id\":\"https:\/\/masterchem.ee\/fi\/#website\",\"url\":\"https:\/\/masterchem.ee\/fi\/\",\"name\":\"Masterchem.ee\",\"description\":\"Chemistry For Industry - Solvents &amp; Chemicals\",\"publisher\":{\"@id\":\"https:\/\/masterchem.ee\/fi\/#organization\"},\"potentialAction\":[{\"@type\":\"SearchAction\",\"target\":{\"@type\":\"EntryPoint\",\"urlTemplate\":\"https:\/\/masterchem.ee\/fi\/?s={search_term_string}\"},\"query-input\":{\"@type\":\"PropertyValueSpecification\",\"valueRequired\":true,\"valueName\":\"search_term_string\"}}],\"inLanguage\":\"fi\"},{\"@type\":\"Organization\",\"@id\":\"https:\/\/masterchem.ee\/fi\/#organization\",\"name\":\"Masterchem\",\"url\":\"https:\/\/masterchem.ee\/fi\/\",\"logo\":{\"@type\":\"ImageObject\",\"inLanguage\":\"fi\",\"@id\":\"https:\/\/masterchem.ee\/fi\/#\/schema\/logo\/image\/\",\"url\":\"https:\/\/masterchem.ee\/wp-content\/uploads\/2018\/02\/master-chem_final-1.png\",\"contentUrl\":\"https:\/\/masterchem.ee\/wp-content\/uploads\/2018\/02\/master-chem_final-1.png\",\"width\":850,\"height\":356,\"caption\":\"Masterchem\"},\"image\":{\"@id\":\"https:\/\/masterchem.ee\/fi\/#\/schema\/logo\/image\/\"}}]}<\/script>\n<!-- \/ Yoast SEO plugin. -->","yoast_head_json":{"title":"Estraaldehydifraktio EAF ALKOHOLI (Maal\u00e4mp\u00f6neste 88% raaka liuos) - Chemistry For Industry - Solvents &amp; Chemicals - Masterchem.ee","description":"Esteraldehydifraktio (j\u00e4ljemp\u00e4n\u00e4 EAF) on alkoholin rektifioinnin sivutuote. T\u00e4t\u00e4 EAF:\u00e4\u00e4 k\u00e4ytet\u00e4\u00e4n p\u00e4\u00e4asiassa seosten koostumuksessa, kuten sytytysnesteess\u00e4 tai geotermisen j\u00e4rjestelm\u00e4n j\u00e4\u00e4hdytysnesteen\u00e4. EAF - seos, jonka p\u00e4\u00e4ainesosa on etanoli.","robots":{"index":"index","follow":"follow","max-snippet":"max-snippet:-1","max-image-preview":"max-image-preview:large","max-video-preview":"max-video-preview:-1"},"canonical":"https:\/\/masterchem.ee\/fi\/tooted-ja-teenused\/estraaldehydifraktio-eaf-alkoholi\/","twitter_card":"summary_large_image","twitter_title":"Estraaldehydifraktio EAF ALKOHOLI (Maal\u00e4mp\u00f6neste 88% raaka liuos) - Chemistry For Industry - Solvents &amp; Chemicals - Masterchem.ee","twitter_description":"Esteraldehydifraktio (j\u00e4ljemp\u00e4n\u00e4 EAF) on alkoholin rektifioinnin sivutuote. T\u00e4t\u00e4 EAF:\u00e4\u00e4 k\u00e4ytet\u00e4\u00e4n p\u00e4\u00e4asiassa seosten koostumuksessa, kuten sytytysnesteess\u00e4 tai geotermisen j\u00e4rjestelm\u00e4n j\u00e4\u00e4hdytysnesteen\u00e4. EAF - seos, jonka p\u00e4\u00e4ainesosa on etanoli.","twitter_image":"https:\/\/masterchem.ee\/wp-content\/uploads\/2020\/07\/Maak-tte-etanool-96-1000l-MaterChem.jpg","twitter_misc":{"Arvioitu lukuaika":"1 minuutti"},"schema":{"@context":"https:\/\/schema.org","@graph":[{"@type":"WebPage","@id":"https:\/\/masterchem.ee\/fi\/tooted-ja-teenused\/estraaldehydifraktio-eaf-alkoholi\/","url":"https:\/\/masterchem.ee\/fi\/tooted-ja-teenused\/estraaldehydifraktio-eaf-alkoholi\/","name":"Estraaldehydifraktio EAF ALKOHOLI (Maal\u00e4mp\u00f6neste 88% raaka liuos) - Chemistry For Industry - Solvents &amp; Chemicals - Masterchem.ee","isPartOf":{"@id":"https:\/\/masterchem.ee\/fi\/#website"},"primaryImageOfPage":{"@id":"https:\/\/masterchem.ee\/fi\/tooted-ja-teenused\/estraaldehydifraktio-eaf-alkoholi\/#primaryimage"},"image":{"@id":"https:\/\/masterchem.ee\/fi\/tooted-ja-teenused\/estraaldehydifraktio-eaf-alkoholi\/#primaryimage"},"thumbnailUrl":"https:\/\/masterchem.ee\/wp-content\/uploads\/2020\/07\/Maak-tte-etanool-96-1000l-MaterChem.jpg","datePublished":"2019-09-28T13:52:21+00:00","dateModified":"2025-11-24T12:53:22+00:00","description":"Esteraldehydifraktio (j\u00e4ljemp\u00e4n\u00e4 EAF) on alkoholin rektifioinnin sivutuote. T\u00e4t\u00e4 EAF:\u00e4\u00e4 k\u00e4ytet\u00e4\u00e4n p\u00e4\u00e4asiassa seosten koostumuksessa, kuten sytytysnesteess\u00e4 tai geotermisen j\u00e4rjestelm\u00e4n j\u00e4\u00e4hdytysnesteen\u00e4. EAF - seos, jonka p\u00e4\u00e4ainesosa on etanoli.","breadcrumb":{"@id":"https:\/\/masterchem.ee\/fi\/tooted-ja-teenused\/estraaldehydifraktio-eaf-alkoholi\/#breadcrumb"},"inLanguage":"fi","potentialAction":[{"@type":"ReadAction","target":["https:\/\/masterchem.ee\/fi\/tooted-ja-teenused\/estraaldehydifraktio-eaf-alkoholi\/"]}]},{"@type":"ImageObject","inLanguage":"fi","@id":"https:\/\/masterchem.ee\/fi\/tooted-ja-teenused\/estraaldehydifraktio-eaf-alkoholi\/#primaryimage","url":"https:\/\/masterchem.ee\/wp-content\/uploads\/2020\/07\/Maak-tte-etanool-96-1000l-MaterChem.jpg","contentUrl":"https:\/\/masterchem.ee\/wp-content\/uploads\/2020\/07\/Maak-tte-etanool-96-1000l-MaterChem.jpg","width":1000,"height":1000,"caption":"Estraaldehydifraktio EAF ALKOHOLI (Maal\u00e4mp\u00f6neste 88% raaka liuos) 1000l MaterChem"},{"@type":"BreadcrumbList","@id":"https:\/\/masterchem.ee\/fi\/tooted-ja-teenused\/estraaldehydifraktio-eaf-alkoholi\/#breadcrumb","itemListElement":[{"@type":"ListItem","position":1,"name":"Home","item":"https:\/\/masterchem.ee\/fi\/"},{"@type":"ListItem","position":2,"name":"Tooted ja teenused","item":"https:\/\/masterchem.ee\/tooted-ja-teenused\/"},{"@type":"ListItem","position":3,"name":"Estraaldehydifraktio EAF ALKOHOLI (Maal\u00e4mp\u00f6neste 88% raaka liuos)"}]},{"@type":"WebSite","@id":"https:\/\/masterchem.ee\/fi\/#website","url":"https:\/\/masterchem.ee\/fi\/","name":"Masterchem.ee","description":"Chemistry For Industry - Solvents &amp; Chemicals","publisher":{"@id":"https:\/\/masterchem.ee\/fi\/#organization"},"potentialAction":[{"@type":"SearchAction","target":{"@type":"EntryPoint","urlTemplate":"https:\/\/masterchem.ee\/fi\/?s={search_term_string}"},"query-input":{"@type":"PropertyValueSpecification","valueRequired":true,"valueName":"search_term_string"}}],"inLanguage":"fi"},{"@type":"Organization","@id":"https:\/\/masterchem.ee\/fi\/#organization","name":"Masterchem","url":"https:\/\/masterchem.ee\/fi\/","logo":{"@type":"ImageObject","inLanguage":"fi","@id":"https:\/\/masterchem.ee\/fi\/#\/schema\/logo\/image\/","url":"https:\/\/masterchem.ee\/wp-content\/uploads\/2018\/02\/master-chem_final-1.png","contentUrl":"https:\/\/masterchem.ee\/wp-content\/uploads\/2018\/02\/master-chem_final-1.png","width":850,"height":356,"caption":"Masterchem"},"image":{"@id":"https:\/\/masterchem.ee\/fi\/#\/schema\/logo\/image\/"}}]}},"_links":{"self":[{"href":"https:\/\/masterchem.ee\/fi\/wp-json\/wp\/v2\/product\/3761","targetHints":{"allow":["GET"]}}],"collection":[{"href":"https:\/\/masterchem.ee\/fi\/wp-json\/wp\/v2\/product"}],"about":[{"href":"https:\/\/masterchem.ee\/fi\/wp-json\/wp\/v2\/types\/product"}],"wp:featuredmedia":[{"embeddable":true,"href":"https:\/\/masterchem.ee\/fi\/wp-json\/wp\/v2\/media\/7719"}],"wp:attachment":[{"href":"https:\/\/masterchem.ee\/fi\/wp-json\/wp\/v2\/media?parent=3761"}],"wp:term":[{"taxonomy":"product_brand","embeddable":true,"href":"https:\/\/masterchem.ee\/fi\/wp-json\/wp\/v2\/product_brand?post=3761"},{"taxonomy":"product_cat","embeddable":true,"href":"https:\/\/masterchem.ee\/fi\/wp-json\/wp\/v2\/product_cat?post=3761"},{"taxonomy":"product_tag","embeddable":true,"href":"https:\/\/masterchem.ee\/fi\/wp-json\/wp\/v2\/product_tag?post=3761"}],"curies":[{"name":"wp","href":"https:\/\/api.w.org\/{rel}","templated":true}]}}