{"id":3733,"date":"2019-09-27T11:57:01","date_gmt":"2019-09-27T11:57:01","guid":{"rendered":"https:\/\/masterchem.ee\/product\/etanoli-denaturoitu\/"},"modified":"2021-06-27T07:50:35","modified_gmt":"2021-06-27T07:50:35","slug":"etanoli-denaturoitu","status":"publish","type":"product","link":"https:\/\/masterchem.ee\/fi\/tooted-ja-teenused\/etanoli-denaturoitu\/","title":{"rendered":"Etanoli denaturoitu (CAS 64-17-5)"},"content":{"rendered":"<p><a href=\"https:\/\/masterchem.ee\/wp-content\/uploads\/2019\/09\/Denatureeritud-etanool-MasterChem-ohutuskaart-MSDS-EST-03-2020-sv.pdf\" target=\"_blank\" rel=\"noopener noreferrer\">K\u00e4ytt\u00f6turvallisuustiedotteet (MSDS)<\/a><\/p>\n<p><strong>Kuvaus:<\/strong><\/p>\n<p>Etanoli (etyylialkoholi, metyylikarbinooli, vinyylialkoholi tai alkanoli, usein puhekielisesti yksinkertaisesti &#8221;alkoholi&#8221;) on monohydroksialkoholi, jolla on kaava C<sub>2<\/sub>H<sub>5<\/sub>OH (empiirinen kaava C<sub>2<\/sub>H<sub>6<\/sub>O), rationaalinen kaava on CH<sub>3<\/sub>-CH<sub>2<\/sub>-OH, yhden ja saman etanolin lyhenne on toinen standardiolosuhteissa haihtuva, palava, v\u00e4rit\u00f6n l\u00e4pin\u00e4kyv\u00e4 neste. Tarjoamme vain denaturoitua alkoholia.<\/p>\n<p>CAS-numero 64-17-5<\/p>\n<p>EY-numero 200-578-6<\/p>\n<p><strong>Sovellus ja k\u00e4ytt\u00f6:<\/strong><\/p>\n<p>Etyylialkoholia k\u00e4ytet\u00e4\u00e4n:<\/p>\n<p>&#8211; Apteekki ulkoisena antiseptisena aineena k\u00e4sien ja kirurgisten instrumenttien desinfiointiin<\/p>\n<p>&#8211; kosmetiikan valmistuksessa k\u00e4ytett\u00e4v\u00e4t hajusteet, jotka ovat p\u00e4\u00e4osa aerosoleista, hajusteista, k\u00f6lneist\u00e4, ja my\u00f6s osa kosmetiikkaa, kuten shampoot, suihkugeelit, hammastahnat<\/p>\n<p>&#8211; Autokorjaamoissa t\u00e4t\u00e4 nestett\u00e4 k\u00e4ytet\u00e4\u00e4n metallipinnan rasvanpoistoon, korin maalaamiseen, aggregaattien puhdistamiseen (etyylialkoholi EA8099)<\/p>\n<p>&#8211; kotitalousk\u00e4ytt\u00f6\u00f6n rasvan ja \u00f6ljyjen pinnan puhdistaminen on tilan l\u00e4mmitys, ruoanlaitto, pesuaine ja k\u00e4sinpesuaine (esimerkiksi etyylialkoholi EA8099).<\/p>\n<p>&#8211; c, j\u00e4\u00e4tym\u00e4t\u00f6nt\u00e4 nestett\u00e4 maasilmukoiden l\u00e4mmitysj\u00e4rjestelmiss\u00e4, olemme esitt\u00e4neet tuotteita, joilla on erilaiset j\u00e4\u00e4tymisl\u00e4mp\u00f6tilat ja erilaiset pakkaukset<\/p>\n<p>&#8211; kemianteollisuus on liuotin, sit\u00e4 k\u00e4ytet\u00e4\u00e4n raaka-aineena tiettyjen kemikaalien tuotantoon, autojen lasinpesuaineen valmistuksen komponentiksi (meill\u00e4 on tuotteita, joilla on erilaiset j\u00e4\u00e4tymisl\u00e4mp\u00f6tilat ja erilaiset pakkaukset).<\/p>\n<p>&#8211; painotalossa liuottimena pesulaitteille. Tarjoamme sek\u00e4 puhdasta tuotetta (etyylialkoholi EA8099) ett\u00e4 seosta, jossa 90% etanolia ja 10% etyyliasetaattia on liuotintuote EE-9010.<\/p>\n<p>&#8211; maali- ja lakkateollisuudessa k\u00e4ytet\u00e4\u00e4n tahrojen, v\u00e4riaineiden tuotantoon,<br \/>\nhuuhtelulaitteiden liuottimet.<\/p>\n<p>&#8211; lasiteollisuudessa pintojen rasvanpoistoon<\/p>\n<p>&#8211; nahkateollisuudessa t\u00e4m\u00e4 on olennainen osa nahan parkitsemista<\/p>\n<p>&#8211; elektroniikassa: mikropiirien valmistuksessa tarvittavana aineena laitteiden kunnossapidossa (esimerkiksi niiden puhdistamiseksi).<\/p>\n<p><strong>Pakkaus:<\/strong><\/p>\n<p>0,5 lit. metallipullo<\/p>\n<p>5 lit. muovis\u00e4ili\u00f6<\/p>\n<p>10 lit. muovis\u00e4ili\u00f6<\/p>\n<p>20 lit. metalli kauha UN<\/p>\n<p>25 lit. muovis\u00e4ili\u00f6<\/p>\n<p>200 lit. metalli tynnyri YK<\/p>\n<p>500 lit. YK-kontti<\/p>\n<p>1000 lit. YK-kontti<\/p>\n<p>Irtotavarana<\/p>\n<p>&nbsp;<\/p>\n<p>varastointi:<\/p>\n<p>Varastoi tuotetta l\u00e4mp\u00f6tilassa +5 \u00b0 C &#8211; 35 \u00b0 C ja \u00e4l\u00e4 altista sit\u00e4 suoralle auringonvalolle.<\/p>\n<p>&nbsp;<\/p>\n<p>Fysikaaliset ominaisuudet:<\/p>\n<p>Tiheys: 0,78 g \/ cm3 + -0,01 l\u00e4mp\u00f6tilassa 20 astetta<\/p>\n<p>V\u00e4ri: kirkas, v\u00e4rit\u00f6n neste<\/p>\n","protected":false},"excerpt":{"rendered":"<p>Etanoli (etyylialkoholi, metyylikarbinooli, vinyylialkoholi tai alkanoli, usein puhekielisesti yksinkertaisesti &#8221;alkoholi&#8221;) on monohydroksialkoholi, jolla on kaava C<sub>2<\/sub>H<sub>5<\/sub>OH (empiirinen kaava C<sub>2<\/sub>H<sub>6<\/sub>O), rationaalinen kaava on CH<sub>3<\/sub>-CH<sub>2<\/sub>-OH, yhden ja saman etanolin lyhenne on toinen standardiolosuhteissa haihtuva, palava, v\u00e4rit\u00f6n l\u00e4pin\u00e4kyv\u00e4 neste. Tarjoamme vain denaturoitua alkoholia.<\/p>\n<p><a target=\"_blank\" href=\"https:\/\/masterchem.ee\/wp-content\/uploads\/2019\/09\/Denaturated-Ethyl-Alcohol-Masterchem.pdf\" class=\"pdf\" alt=\"Tuotteen kuvaus (TDS)\" title=\"Tuotteen kuvaus (TDS)\" rel=\"noopener\">Tuotteen kuvaus (TDS)<\/a><\/p>\n","protected":false},"featured_media":4654,"template":"","meta":[],"product_brand":[],"product_cat":[180,109,115,117,120,118,153,114,154,152],"product_tag":[],"class_list":{"0":"post-3733","1":"product","2":"type-product","3":"status-publish","4":"has-post-thumbnail","6":"product_cat-uncategorized-fi-2","7":"product_cat-anti-jaatymisnesteet","8":"product_cat-auton-ja-koneiden-kemikaalit","9":"product_cat-kotitalouskemikaalit","10":"product_cat-laaketeollisuus","11":"product_cat-metallikemikaalit","12":"product_cat-puunjalostuskemikaalit","13":"product_cat-rakennusteollisuus","14":"product_cat-tien-maalaus","15":"product_cat-tipografiset-kemikaalit","16":"pif-has-gallery","18":"first","19":"instock","20":"taxable","21":"shipping-taxable","22":"purchasable","23":"product-type-variable","24":"has-default-attributes"},"yoast_head":"<!-- This site is optimized with the Yoast SEO plugin v26.2 - https:\/\/yoast.com\/wordpress\/plugins\/seo\/ -->\n<title>Etanoli denaturoitu (CAS 64-17-5) - Chemistry For Industry - Solvents &amp; Chemicals - Masterchem.ee<\/title>\n<meta name=\"description\" content=\"Etanool\u00a0ehk\u00a0et\u00fc\u00fclalkohol\u00a0ehk\u00a0viinapiiritus\u00a0(ka\u00a0piiritus) ehk\u00a0met\u00fc\u00fclkarbinool\u00a0(valemiga CH3CH2OH) on tuntuim\u00a0alkohol. See on\u00a0normaaltingimustel\u00a0v\u00e4rvuseta\u00a0vedelik. Pakkume ainult denatureeritud piiritus. CAS 64-17-5\" \/>\n<meta name=\"robots\" content=\"index, follow, max-snippet:-1, max-image-preview:large, max-video-preview:-1\" \/>\n<link rel=\"canonical\" href=\"https:\/\/masterchem.ee\/fi\/tooted-ja-teenused\/etanoli-denaturoitu\/\" \/>\n<meta name=\"twitter:card\" content=\"summary_large_image\" \/>\n<meta name=\"twitter:title\" content=\"Etanoli denaturoitu (CAS 64-17-5) - Chemistry For Industry - Solvents &amp; Chemicals - Masterchem.ee\" \/>\n<meta name=\"twitter:description\" content=\"Etanool\u00a0ehk\u00a0et\u00fc\u00fclalkohol\u00a0ehk\u00a0viinapiiritus\u00a0(ka\u00a0piiritus) ehk\u00a0met\u00fc\u00fclkarbinool\u00a0(valemiga CH3CH2OH) on tuntuim\u00a0alkohol. See on\u00a0normaaltingimustel\u00a0v\u00e4rvuseta\u00a0vedelik. Pakkume ainult denatureeritud piiritus. CAS 64-17-5\" \/>\n<meta name=\"twitter:image\" content=\"https:\/\/masterchem.ee\/wp-content\/uploads\/2019\/09\/Etanool_Denatureeritud_1000l_MaterChem-2.jpg\" \/>\n<meta name=\"twitter:label1\" content=\"Arvioitu lukuaika\" \/>\n\t<meta name=\"twitter:data1\" content=\"2 minuuttia\" \/>\n<script type=\"application\/ld+json\" class=\"yoast-schema-graph\">{\"@context\":\"https:\/\/schema.org\",\"@graph\":[{\"@type\":\"WebPage\",\"@id\":\"https:\/\/masterchem.ee\/fi\/tooted-ja-teenused\/etanoli-denaturoitu\/\",\"url\":\"https:\/\/masterchem.ee\/fi\/tooted-ja-teenused\/etanoli-denaturoitu\/\",\"name\":\"Etanoli denaturoitu (CAS 64-17-5) - Chemistry For Industry - Solvents &amp; Chemicals - Masterchem.ee\",\"isPartOf\":{\"@id\":\"https:\/\/masterchem.ee\/fi\/#website\"},\"primaryImageOfPage\":{\"@id\":\"https:\/\/masterchem.ee\/fi\/tooted-ja-teenused\/etanoli-denaturoitu\/#primaryimage\"},\"image\":{\"@id\":\"https:\/\/masterchem.ee\/fi\/tooted-ja-teenused\/etanoli-denaturoitu\/#primaryimage\"},\"thumbnailUrl\":\"https:\/\/masterchem.ee\/wp-content\/uploads\/2019\/09\/Etanool_Denatureeritud_1000l_MaterChem-2.jpg\",\"datePublished\":\"2019-09-27T11:57:01+00:00\",\"dateModified\":\"2021-06-27T07:50:35+00:00\",\"description\":\"Etanool\u00a0ehk\u00a0et\u00fc\u00fclalkohol\u00a0ehk\u00a0viinapiiritus\u00a0(ka\u00a0piiritus) ehk\u00a0met\u00fc\u00fclkarbinool\u00a0(valemiga CH3CH2OH) on tuntuim\u00a0alkohol. See on\u00a0normaaltingimustel\u00a0v\u00e4rvuseta\u00a0vedelik. Pakkume ainult denatureeritud piiritus. CAS 64-17-5\",\"breadcrumb\":{\"@id\":\"https:\/\/masterchem.ee\/fi\/tooted-ja-teenused\/etanoli-denaturoitu\/#breadcrumb\"},\"inLanguage\":\"fi\",\"potentialAction\":[{\"@type\":\"ReadAction\",\"target\":[\"https:\/\/masterchem.ee\/fi\/tooted-ja-teenused\/etanoli-denaturoitu\/\"]}]},{\"@type\":\"ImageObject\",\"inLanguage\":\"fi\",\"@id\":\"https:\/\/masterchem.ee\/fi\/tooted-ja-teenused\/etanoli-denaturoitu\/#primaryimage\",\"url\":\"https:\/\/masterchem.ee\/wp-content\/uploads\/2019\/09\/Etanool_Denatureeritud_1000l_MaterChem-2.jpg\",\"contentUrl\":\"https:\/\/masterchem.ee\/wp-content\/uploads\/2019\/09\/Etanool_Denatureeritud_1000l_MaterChem-2.jpg\",\"width\":1000,\"height\":1000,\"caption\":\"Etanoli denaturoitu 1000l MaterChem\"},{\"@type\":\"BreadcrumbList\",\"@id\":\"https:\/\/masterchem.ee\/fi\/tooted-ja-teenused\/etanoli-denaturoitu\/#breadcrumb\",\"itemListElement\":[{\"@type\":\"ListItem\",\"position\":1,\"name\":\"Home\",\"item\":\"https:\/\/masterchem.ee\/fi\/\"},{\"@type\":\"ListItem\",\"position\":2,\"name\":\"Tooted ja teenused\",\"item\":\"https:\/\/masterchem.ee\/tooted-ja-teenused\/\"},{\"@type\":\"ListItem\",\"position\":3,\"name\":\"Etanoli denaturoitu (CAS 64-17-5)\"}]},{\"@type\":\"WebSite\",\"@id\":\"https:\/\/masterchem.ee\/fi\/#website\",\"url\":\"https:\/\/masterchem.ee\/fi\/\",\"name\":\"Masterchem.ee\",\"description\":\"Chemistry For Industry - Solvents &amp; Chemicals\",\"publisher\":{\"@id\":\"https:\/\/masterchem.ee\/fi\/#organization\"},\"potentialAction\":[{\"@type\":\"SearchAction\",\"target\":{\"@type\":\"EntryPoint\",\"urlTemplate\":\"https:\/\/masterchem.ee\/fi\/?s={search_term_string}\"},\"query-input\":{\"@type\":\"PropertyValueSpecification\",\"valueRequired\":true,\"valueName\":\"search_term_string\"}}],\"inLanguage\":\"fi\"},{\"@type\":\"Organization\",\"@id\":\"https:\/\/masterchem.ee\/fi\/#organization\",\"name\":\"Masterchem\",\"url\":\"https:\/\/masterchem.ee\/fi\/\",\"logo\":{\"@type\":\"ImageObject\",\"inLanguage\":\"fi\",\"@id\":\"https:\/\/masterchem.ee\/fi\/#\/schema\/logo\/image\/\",\"url\":\"https:\/\/masterchem.ee\/wp-content\/uploads\/2018\/02\/master-chem_final-1.png\",\"contentUrl\":\"https:\/\/masterchem.ee\/wp-content\/uploads\/2018\/02\/master-chem_final-1.png\",\"width\":850,\"height\":356,\"caption\":\"Masterchem\"},\"image\":{\"@id\":\"https:\/\/masterchem.ee\/fi\/#\/schema\/logo\/image\/\"}}]}<\/script>\n<!-- \/ Yoast SEO plugin. -->","yoast_head_json":{"title":"Etanoli denaturoitu (CAS 64-17-5) - Chemistry For Industry - Solvents &amp; Chemicals - Masterchem.ee","description":"Etanool\u00a0ehk\u00a0et\u00fc\u00fclalkohol\u00a0ehk\u00a0viinapiiritus\u00a0(ka\u00a0piiritus) ehk\u00a0met\u00fc\u00fclkarbinool\u00a0(valemiga CH3CH2OH) on tuntuim\u00a0alkohol. See on\u00a0normaaltingimustel\u00a0v\u00e4rvuseta\u00a0vedelik. Pakkume ainult denatureeritud piiritus. CAS 64-17-5","robots":{"index":"index","follow":"follow","max-snippet":"max-snippet:-1","max-image-preview":"max-image-preview:large","max-video-preview":"max-video-preview:-1"},"canonical":"https:\/\/masterchem.ee\/fi\/tooted-ja-teenused\/etanoli-denaturoitu\/","twitter_card":"summary_large_image","twitter_title":"Etanoli denaturoitu (CAS 64-17-5) - Chemistry For Industry - Solvents &amp; Chemicals - Masterchem.ee","twitter_description":"Etanool\u00a0ehk\u00a0et\u00fc\u00fclalkohol\u00a0ehk\u00a0viinapiiritus\u00a0(ka\u00a0piiritus) ehk\u00a0met\u00fc\u00fclkarbinool\u00a0(valemiga CH3CH2OH) on tuntuim\u00a0alkohol. See on\u00a0normaaltingimustel\u00a0v\u00e4rvuseta\u00a0vedelik. Pakkume ainult denatureeritud piiritus. CAS 64-17-5","twitter_image":"https:\/\/masterchem.ee\/wp-content\/uploads\/2019\/09\/Etanool_Denatureeritud_1000l_MaterChem-2.jpg","twitter_misc":{"Arvioitu lukuaika":"2 minuuttia"},"schema":{"@context":"https:\/\/schema.org","@graph":[{"@type":"WebPage","@id":"https:\/\/masterchem.ee\/fi\/tooted-ja-teenused\/etanoli-denaturoitu\/","url":"https:\/\/masterchem.ee\/fi\/tooted-ja-teenused\/etanoli-denaturoitu\/","name":"Etanoli denaturoitu (CAS 64-17-5) - Chemistry For Industry - Solvents &amp; Chemicals - Masterchem.ee","isPartOf":{"@id":"https:\/\/masterchem.ee\/fi\/#website"},"primaryImageOfPage":{"@id":"https:\/\/masterchem.ee\/fi\/tooted-ja-teenused\/etanoli-denaturoitu\/#primaryimage"},"image":{"@id":"https:\/\/masterchem.ee\/fi\/tooted-ja-teenused\/etanoli-denaturoitu\/#primaryimage"},"thumbnailUrl":"https:\/\/masterchem.ee\/wp-content\/uploads\/2019\/09\/Etanool_Denatureeritud_1000l_MaterChem-2.jpg","datePublished":"2019-09-27T11:57:01+00:00","dateModified":"2021-06-27T07:50:35+00:00","description":"Etanool\u00a0ehk\u00a0et\u00fc\u00fclalkohol\u00a0ehk\u00a0viinapiiritus\u00a0(ka\u00a0piiritus) ehk\u00a0met\u00fc\u00fclkarbinool\u00a0(valemiga CH3CH2OH) on tuntuim\u00a0alkohol. See on\u00a0normaaltingimustel\u00a0v\u00e4rvuseta\u00a0vedelik. Pakkume ainult denatureeritud piiritus. CAS 64-17-5","breadcrumb":{"@id":"https:\/\/masterchem.ee\/fi\/tooted-ja-teenused\/etanoli-denaturoitu\/#breadcrumb"},"inLanguage":"fi","potentialAction":[{"@type":"ReadAction","target":["https:\/\/masterchem.ee\/fi\/tooted-ja-teenused\/etanoli-denaturoitu\/"]}]},{"@type":"ImageObject","inLanguage":"fi","@id":"https:\/\/masterchem.ee\/fi\/tooted-ja-teenused\/etanoli-denaturoitu\/#primaryimage","url":"https:\/\/masterchem.ee\/wp-content\/uploads\/2019\/09\/Etanool_Denatureeritud_1000l_MaterChem-2.jpg","contentUrl":"https:\/\/masterchem.ee\/wp-content\/uploads\/2019\/09\/Etanool_Denatureeritud_1000l_MaterChem-2.jpg","width":1000,"height":1000,"caption":"Etanoli denaturoitu 1000l MaterChem"},{"@type":"BreadcrumbList","@id":"https:\/\/masterchem.ee\/fi\/tooted-ja-teenused\/etanoli-denaturoitu\/#breadcrumb","itemListElement":[{"@type":"ListItem","position":1,"name":"Home","item":"https:\/\/masterchem.ee\/fi\/"},{"@type":"ListItem","position":2,"name":"Tooted ja teenused","item":"https:\/\/masterchem.ee\/tooted-ja-teenused\/"},{"@type":"ListItem","position":3,"name":"Etanoli denaturoitu (CAS 64-17-5)"}]},{"@type":"WebSite","@id":"https:\/\/masterchem.ee\/fi\/#website","url":"https:\/\/masterchem.ee\/fi\/","name":"Masterchem.ee","description":"Chemistry For Industry - Solvents &amp; Chemicals","publisher":{"@id":"https:\/\/masterchem.ee\/fi\/#organization"},"potentialAction":[{"@type":"SearchAction","target":{"@type":"EntryPoint","urlTemplate":"https:\/\/masterchem.ee\/fi\/?s={search_term_string}"},"query-input":{"@type":"PropertyValueSpecification","valueRequired":true,"valueName":"search_term_string"}}],"inLanguage":"fi"},{"@type":"Organization","@id":"https:\/\/masterchem.ee\/fi\/#organization","name":"Masterchem","url":"https:\/\/masterchem.ee\/fi\/","logo":{"@type":"ImageObject","inLanguage":"fi","@id":"https:\/\/masterchem.ee\/fi\/#\/schema\/logo\/image\/","url":"https:\/\/masterchem.ee\/wp-content\/uploads\/2018\/02\/master-chem_final-1.png","contentUrl":"https:\/\/masterchem.ee\/wp-content\/uploads\/2018\/02\/master-chem_final-1.png","width":850,"height":356,"caption":"Masterchem"},"image":{"@id":"https:\/\/masterchem.ee\/fi\/#\/schema\/logo\/image\/"}}]}},"_links":{"self":[{"href":"https:\/\/masterchem.ee\/fi\/wp-json\/wp\/v2\/product\/3733","targetHints":{"allow":["GET"]}}],"collection":[{"href":"https:\/\/masterchem.ee\/fi\/wp-json\/wp\/v2\/product"}],"about":[{"href":"https:\/\/masterchem.ee\/fi\/wp-json\/wp\/v2\/types\/product"}],"wp:featuredmedia":[{"embeddable":true,"href":"https:\/\/masterchem.ee\/fi\/wp-json\/wp\/v2\/media\/4654"}],"wp:attachment":[{"href":"https:\/\/masterchem.ee\/fi\/wp-json\/wp\/v2\/media?parent=3733"}],"wp:term":[{"taxonomy":"product_brand","embeddable":true,"href":"https:\/\/masterchem.ee\/fi\/wp-json\/wp\/v2\/product_brand?post=3733"},{"taxonomy":"product_cat","embeddable":true,"href":"https:\/\/masterchem.ee\/fi\/wp-json\/wp\/v2\/product_cat?post=3733"},{"taxonomy":"product_tag","embeddable":true,"href":"https:\/\/masterchem.ee\/fi\/wp-json\/wp\/v2\/product_tag?post=3733"}],"curies":[{"name":"wp","href":"https:\/\/api.w.org\/{rel}","templated":true}]}}