{"id":3720,"date":"2019-09-24T13:01:05","date_gmt":"2019-09-24T13:01:05","guid":{"rendered":"https:\/\/masterchem.ee\/product\/butyyliasetaattiliuotin-bt-5090\/"},"modified":"2021-06-27T12:46:49","modified_gmt":"2021-06-27T12:46:49","slug":"butyyliasetaattiliuotin-bt-5090","status":"publish","type":"product","link":"https:\/\/masterchem.ee\/fi\/tooted-ja-teenused\/butyyliasetaattiliuotin-bt-5090\/","title":{"rendered":"Butyyliasetaattiliuotin BT-5090"},"content":{"rendered":"<p>Kuvaus:<\/p>\n<p>Butyyliasetaattiliuotin on MasterChemin omistama tuote. Sen luomisen tarkoituksena oli luoda universaali liuotin polyuretaanimaaleille ja -lakoille samoin kuin k\u00e4ytett\u00e4ess\u00e4 nitrosysteemeiss\u00e4, jotka pett\u00e4v\u00e4t materiaalien parempaa levi\u00e4mist\u00e4 lakatulle pinnalle. T\u00e4ll\u00e4 liuottimella on keskim\u00e4\u00e4r\u00e4inen haihtuvuus. Koostumus on seos glykolien, asetaattien, aromaattisten liuottimien estereist\u00e4.<\/p>\n<p>Sovellus ja k\u00e4ytt\u00f6:<\/p>\n<p>BT-5090 butyyliasetaattiliuotin on suunniteltu v\u00e4hent\u00e4m\u00e4\u00e4n l\u00e4pin\u00e4kyvien tai s\u00e4vytettyjen polyuretaanilakkien, samoin kuin maalien viskositeettia ennen niiden levitt\u00e4mist\u00e4 eri tavoin. Sit\u00e4 voidaan k\u00e4ytt\u00e4\u00e4 erilaisten lakka- ja maalausv\u00e4lineiden pesemiseen. Sit\u00e4 k\u00e4ytet\u00e4\u00e4n my\u00f6s yll\u00e4pit\u00e4m\u00e4\u00e4n ja v\u00e4hent\u00e4m\u00e4\u00e4n pinnoitteiden viskositeettia ruiskuttamalla tai upottamalla.<\/p>\n<p>Pakkaus:<br \/>\n0,5 L<br \/>\n5 L muovis\u00e4ili\u00f6<br \/>\n10 L muovis\u00e4ili\u00f6<br \/>\n20 lit. metalli kauha UN<br \/>\n25 lit. muovis\u00e4ili\u00f6<br \/>\n200 lit. metalli tynnyri UN<br \/>\n500 lit. UN-kontti<br \/>\n1000 lit. UN-kontti<br \/>\n24 mt irtotavarana<br \/>\n&nbsp;<\/p>\n<p>varastointi:<\/p>\n<p>Varastoi tuotetta l\u00e4mp\u00f6tilassa 0 \u00b0 C &#8211; 35 \u00b0 C ja \u00e4l\u00e4 altista sit\u00e4 suoralle auringonvalolle.<\/p>\n","protected":false},"excerpt":{"rendered":"<p>BT-5090 butyyliasetaattiliuotin on suunniteltu v\u00e4hent\u00e4m\u00e4\u00e4n l\u00e4pin\u00e4kyvien tai s\u00e4vytettyjen polyuretaanilakkien, samoin kuin maalien viskositeettia ennen niiden levitt\u00e4mist\u00e4 eri tavoin. Sit\u00e4 voidaan k\u00e4ytt\u00e4\u00e4 erilaisten lakka- ja maalausv\u00e4lineiden pesemiseen. Sit\u00e4 k\u00e4ytet\u00e4\u00e4n my\u00f6s yll\u00e4pit\u00e4m\u00e4\u00e4n ja v\u00e4hent\u00e4m\u00e4\u00e4n pinnoitteiden viskositeettia ruiskuttamalla tai upottamalla.<\/p>\n","protected":false},"featured_media":4133,"template":"","meta":[],"product_brand":[],"product_cat":[180,115,118,153,114,154],"product_tag":[],"class_list":{"0":"post-3720","1":"product","2":"type-product","3":"status-publish","4":"has-post-thumbnail","6":"product_cat-uncategorized-fi-2","7":"product_cat-auton-ja-koneiden-kemikaalit","8":"product_cat-metallikemikaalit","9":"product_cat-puunjalostuskemikaalit","10":"product_cat-rakennusteollisuus","11":"product_cat-tien-maalaus","12":"pif-has-gallery","14":"first","15":"instock","16":"taxable","17":"shipping-taxable","18":"purchasable","19":"product-type-variable","20":"has-default-attributes"},"yoast_head":"<!-- This site is optimized with the Yoast SEO plugin v26.2 - https:\/\/yoast.com\/wordpress\/plugins\/seo\/ -->\n<title>Butyyliasetaattiliuotin BT-5090 - Chemistry For Industry - Solvents &amp; Chemicals - Masterchem.ee<\/title>\n<meta name=\"description\" content=\"Lahusti But\u00fc\u00fclatsetaat BT-5090 on v\u00e4ljat\u00f6\u00f6datud MasterChemi poolt. Eesm\u00e4rk oli luua pol\u00fcuretaanv\u00e4rvide ja \u2013 lakkide jaoks universaalne lahusti, samuti nitros\u00fcsteemides kasutamisel, mis n\u00f5uavad matejalide paremat laotamist lakitud pinnale.\" \/>\n<meta name=\"robots\" content=\"index, follow, max-snippet:-1, max-image-preview:large, max-video-preview:-1\" \/>\n<link rel=\"canonical\" href=\"https:\/\/masterchem.ee\/fi\/tooted-ja-teenused\/butyyliasetaattiliuotin-bt-5090\/\" \/>\n<meta name=\"twitter:card\" content=\"summary_large_image\" \/>\n<meta name=\"twitter:title\" content=\"Butyyliasetaattiliuotin BT-5090 - Chemistry For Industry - Solvents &amp; Chemicals - Masterchem.ee\" \/>\n<meta name=\"twitter:description\" content=\"Lahusti But\u00fc\u00fclatsetaat BT-5090 on v\u00e4ljat\u00f6\u00f6datud MasterChemi poolt. Eesm\u00e4rk oli luua pol\u00fcuretaanv\u00e4rvide ja \u2013 lakkide jaoks universaalne lahusti, samuti nitros\u00fcsteemides kasutamisel, mis n\u00f5uavad matejalide paremat laotamist lakitud pinnale.\" \/>\n<meta name=\"twitter:image\" content=\"https:\/\/masterchem.ee\/wp-content\/uploads\/2019\/09\/Thinner-Butylacetate-BT-5090-1000L.jpg\" \/>\n<meta name=\"twitter:label1\" content=\"Arvioitu lukuaika\" \/>\n\t<meta name=\"twitter:data1\" content=\"1 minuutti\" \/>\n<script type=\"application\/ld+json\" class=\"yoast-schema-graph\">{\"@context\":\"https:\/\/schema.org\",\"@graph\":[{\"@type\":\"WebPage\",\"@id\":\"https:\/\/masterchem.ee\/fi\/tooted-ja-teenused\/butyyliasetaattiliuotin-bt-5090\/\",\"url\":\"https:\/\/masterchem.ee\/fi\/tooted-ja-teenused\/butyyliasetaattiliuotin-bt-5090\/\",\"name\":\"Butyyliasetaattiliuotin BT-5090 - Chemistry For Industry - Solvents &amp; Chemicals - Masterchem.ee\",\"isPartOf\":{\"@id\":\"https:\/\/masterchem.ee\/fi\/#website\"},\"primaryImageOfPage\":{\"@id\":\"https:\/\/masterchem.ee\/fi\/tooted-ja-teenused\/butyyliasetaattiliuotin-bt-5090\/#primaryimage\"},\"image\":{\"@id\":\"https:\/\/masterchem.ee\/fi\/tooted-ja-teenused\/butyyliasetaattiliuotin-bt-5090\/#primaryimage\"},\"thumbnailUrl\":\"https:\/\/masterchem.ee\/wp-content\/uploads\/2019\/09\/Thinner-Butylacetate-BT-5090-1000L.jpg\",\"datePublished\":\"2019-09-24T13:01:05+00:00\",\"dateModified\":\"2021-06-27T12:46:49+00:00\",\"description\":\"Lahusti But\u00fc\u00fclatsetaat BT-5090 on v\u00e4ljat\u00f6\u00f6datud MasterChemi poolt. Eesm\u00e4rk oli luua pol\u00fcuretaanv\u00e4rvide ja \u2013 lakkide jaoks universaalne lahusti, samuti nitros\u00fcsteemides kasutamisel, mis n\u00f5uavad matejalide paremat laotamist lakitud pinnale.\",\"breadcrumb\":{\"@id\":\"https:\/\/masterchem.ee\/fi\/tooted-ja-teenused\/butyyliasetaattiliuotin-bt-5090\/#breadcrumb\"},\"inLanguage\":\"fi\",\"potentialAction\":[{\"@type\":\"ReadAction\",\"target\":[\"https:\/\/masterchem.ee\/fi\/tooted-ja-teenused\/butyyliasetaattiliuotin-bt-5090\/\"]}]},{\"@type\":\"ImageObject\",\"inLanguage\":\"fi\",\"@id\":\"https:\/\/masterchem.ee\/fi\/tooted-ja-teenused\/butyyliasetaattiliuotin-bt-5090\/#primaryimage\",\"url\":\"https:\/\/masterchem.ee\/wp-content\/uploads\/2019\/09\/Thinner-Butylacetate-BT-5090-1000L.jpg\",\"contentUrl\":\"https:\/\/masterchem.ee\/wp-content\/uploads\/2019\/09\/Thinner-Butylacetate-BT-5090-1000L.jpg\",\"width\":700,\"height\":700,\"caption\":\"Butyyliasetaattiliuotin BT-5090 1000l MasterChem\"},{\"@type\":\"BreadcrumbList\",\"@id\":\"https:\/\/masterchem.ee\/fi\/tooted-ja-teenused\/butyyliasetaattiliuotin-bt-5090\/#breadcrumb\",\"itemListElement\":[{\"@type\":\"ListItem\",\"position\":1,\"name\":\"Home\",\"item\":\"https:\/\/masterchem.ee\/fi\/\"},{\"@type\":\"ListItem\",\"position\":2,\"name\":\"Tooted ja teenused\",\"item\":\"https:\/\/masterchem.ee\/tooted-ja-teenused\/\"},{\"@type\":\"ListItem\",\"position\":3,\"name\":\"Butyyliasetaattiliuotin BT-5090\"}]},{\"@type\":\"WebSite\",\"@id\":\"https:\/\/masterchem.ee\/fi\/#website\",\"url\":\"https:\/\/masterchem.ee\/fi\/\",\"name\":\"Masterchem.ee\",\"description\":\"Chemistry For Industry - Solvents &amp; Chemicals\",\"publisher\":{\"@id\":\"https:\/\/masterchem.ee\/fi\/#organization\"},\"potentialAction\":[{\"@type\":\"SearchAction\",\"target\":{\"@type\":\"EntryPoint\",\"urlTemplate\":\"https:\/\/masterchem.ee\/fi\/?s={search_term_string}\"},\"query-input\":{\"@type\":\"PropertyValueSpecification\",\"valueRequired\":true,\"valueName\":\"search_term_string\"}}],\"inLanguage\":\"fi\"},{\"@type\":\"Organization\",\"@id\":\"https:\/\/masterchem.ee\/fi\/#organization\",\"name\":\"Masterchem\",\"url\":\"https:\/\/masterchem.ee\/fi\/\",\"logo\":{\"@type\":\"ImageObject\",\"inLanguage\":\"fi\",\"@id\":\"https:\/\/masterchem.ee\/fi\/#\/schema\/logo\/image\/\",\"url\":\"https:\/\/masterchem.ee\/wp-content\/uploads\/2018\/02\/master-chem_final-1.png\",\"contentUrl\":\"https:\/\/masterchem.ee\/wp-content\/uploads\/2018\/02\/master-chem_final-1.png\",\"width\":850,\"height\":356,\"caption\":\"Masterchem\"},\"image\":{\"@id\":\"https:\/\/masterchem.ee\/fi\/#\/schema\/logo\/image\/\"}}]}<\/script>\n<!-- \/ Yoast SEO plugin. -->","yoast_head_json":{"title":"Butyyliasetaattiliuotin BT-5090 - Chemistry For Industry - Solvents &amp; Chemicals - Masterchem.ee","description":"Lahusti But\u00fc\u00fclatsetaat BT-5090 on v\u00e4ljat\u00f6\u00f6datud MasterChemi poolt. Eesm\u00e4rk oli luua pol\u00fcuretaanv\u00e4rvide ja \u2013 lakkide jaoks universaalne lahusti, samuti nitros\u00fcsteemides kasutamisel, mis n\u00f5uavad matejalide paremat laotamist lakitud pinnale.","robots":{"index":"index","follow":"follow","max-snippet":"max-snippet:-1","max-image-preview":"max-image-preview:large","max-video-preview":"max-video-preview:-1"},"canonical":"https:\/\/masterchem.ee\/fi\/tooted-ja-teenused\/butyyliasetaattiliuotin-bt-5090\/","twitter_card":"summary_large_image","twitter_title":"Butyyliasetaattiliuotin BT-5090 - Chemistry For Industry - Solvents &amp; Chemicals - Masterchem.ee","twitter_description":"Lahusti But\u00fc\u00fclatsetaat BT-5090 on v\u00e4ljat\u00f6\u00f6datud MasterChemi poolt. Eesm\u00e4rk oli luua pol\u00fcuretaanv\u00e4rvide ja \u2013 lakkide jaoks universaalne lahusti, samuti nitros\u00fcsteemides kasutamisel, mis n\u00f5uavad matejalide paremat laotamist lakitud pinnale.","twitter_image":"https:\/\/masterchem.ee\/wp-content\/uploads\/2019\/09\/Thinner-Butylacetate-BT-5090-1000L.jpg","twitter_misc":{"Arvioitu lukuaika":"1 minuutti"},"schema":{"@context":"https:\/\/schema.org","@graph":[{"@type":"WebPage","@id":"https:\/\/masterchem.ee\/fi\/tooted-ja-teenused\/butyyliasetaattiliuotin-bt-5090\/","url":"https:\/\/masterchem.ee\/fi\/tooted-ja-teenused\/butyyliasetaattiliuotin-bt-5090\/","name":"Butyyliasetaattiliuotin BT-5090 - Chemistry For Industry - Solvents &amp; Chemicals - Masterchem.ee","isPartOf":{"@id":"https:\/\/masterchem.ee\/fi\/#website"},"primaryImageOfPage":{"@id":"https:\/\/masterchem.ee\/fi\/tooted-ja-teenused\/butyyliasetaattiliuotin-bt-5090\/#primaryimage"},"image":{"@id":"https:\/\/masterchem.ee\/fi\/tooted-ja-teenused\/butyyliasetaattiliuotin-bt-5090\/#primaryimage"},"thumbnailUrl":"https:\/\/masterchem.ee\/wp-content\/uploads\/2019\/09\/Thinner-Butylacetate-BT-5090-1000L.jpg","datePublished":"2019-09-24T13:01:05+00:00","dateModified":"2021-06-27T12:46:49+00:00","description":"Lahusti But\u00fc\u00fclatsetaat BT-5090 on v\u00e4ljat\u00f6\u00f6datud MasterChemi poolt. Eesm\u00e4rk oli luua pol\u00fcuretaanv\u00e4rvide ja \u2013 lakkide jaoks universaalne lahusti, samuti nitros\u00fcsteemides kasutamisel, mis n\u00f5uavad matejalide paremat laotamist lakitud pinnale.","breadcrumb":{"@id":"https:\/\/masterchem.ee\/fi\/tooted-ja-teenused\/butyyliasetaattiliuotin-bt-5090\/#breadcrumb"},"inLanguage":"fi","potentialAction":[{"@type":"ReadAction","target":["https:\/\/masterchem.ee\/fi\/tooted-ja-teenused\/butyyliasetaattiliuotin-bt-5090\/"]}]},{"@type":"ImageObject","inLanguage":"fi","@id":"https:\/\/masterchem.ee\/fi\/tooted-ja-teenused\/butyyliasetaattiliuotin-bt-5090\/#primaryimage","url":"https:\/\/masterchem.ee\/wp-content\/uploads\/2019\/09\/Thinner-Butylacetate-BT-5090-1000L.jpg","contentUrl":"https:\/\/masterchem.ee\/wp-content\/uploads\/2019\/09\/Thinner-Butylacetate-BT-5090-1000L.jpg","width":700,"height":700,"caption":"Butyyliasetaattiliuotin BT-5090 1000l MasterChem"},{"@type":"BreadcrumbList","@id":"https:\/\/masterchem.ee\/fi\/tooted-ja-teenused\/butyyliasetaattiliuotin-bt-5090\/#breadcrumb","itemListElement":[{"@type":"ListItem","position":1,"name":"Home","item":"https:\/\/masterchem.ee\/fi\/"},{"@type":"ListItem","position":2,"name":"Tooted ja teenused","item":"https:\/\/masterchem.ee\/tooted-ja-teenused\/"},{"@type":"ListItem","position":3,"name":"Butyyliasetaattiliuotin BT-5090"}]},{"@type":"WebSite","@id":"https:\/\/masterchem.ee\/fi\/#website","url":"https:\/\/masterchem.ee\/fi\/","name":"Masterchem.ee","description":"Chemistry For Industry - Solvents &amp; Chemicals","publisher":{"@id":"https:\/\/masterchem.ee\/fi\/#organization"},"potentialAction":[{"@type":"SearchAction","target":{"@type":"EntryPoint","urlTemplate":"https:\/\/masterchem.ee\/fi\/?s={search_term_string}"},"query-input":{"@type":"PropertyValueSpecification","valueRequired":true,"valueName":"search_term_string"}}],"inLanguage":"fi"},{"@type":"Organization","@id":"https:\/\/masterchem.ee\/fi\/#organization","name":"Masterchem","url":"https:\/\/masterchem.ee\/fi\/","logo":{"@type":"ImageObject","inLanguage":"fi","@id":"https:\/\/masterchem.ee\/fi\/#\/schema\/logo\/image\/","url":"https:\/\/masterchem.ee\/wp-content\/uploads\/2018\/02\/master-chem_final-1.png","contentUrl":"https:\/\/masterchem.ee\/wp-content\/uploads\/2018\/02\/master-chem_final-1.png","width":850,"height":356,"caption":"Masterchem"},"image":{"@id":"https:\/\/masterchem.ee\/fi\/#\/schema\/logo\/image\/"}}]}},"_links":{"self":[{"href":"https:\/\/masterchem.ee\/fi\/wp-json\/wp\/v2\/product\/3720","targetHints":{"allow":["GET"]}}],"collection":[{"href":"https:\/\/masterchem.ee\/fi\/wp-json\/wp\/v2\/product"}],"about":[{"href":"https:\/\/masterchem.ee\/fi\/wp-json\/wp\/v2\/types\/product"}],"wp:featuredmedia":[{"embeddable":true,"href":"https:\/\/masterchem.ee\/fi\/wp-json\/wp\/v2\/media\/4133"}],"wp:attachment":[{"href":"https:\/\/masterchem.ee\/fi\/wp-json\/wp\/v2\/media?parent=3720"}],"wp:term":[{"taxonomy":"product_brand","embeddable":true,"href":"https:\/\/masterchem.ee\/fi\/wp-json\/wp\/v2\/product_brand?post=3720"},{"taxonomy":"product_cat","embeddable":true,"href":"https:\/\/masterchem.ee\/fi\/wp-json\/wp\/v2\/product_cat?post=3720"},{"taxonomy":"product_tag","embeddable":true,"href":"https:\/\/masterchem.ee\/fi\/wp-json\/wp\/v2\/product_tag?post=3720"}],"curies":[{"name":"wp","href":"https:\/\/api.w.org\/{rel}","templated":true}]}}