{"id":3708,"date":"2019-09-24T08:34:36","date_gmt":"2019-09-24T08:34:36","guid":{"rendered":"https:\/\/masterchem.ee\/product\/nitrolahusti-ns-5005-toostuslik-lahusti\/"},"modified":"2021-06-27T09:46:08","modified_gmt":"2021-06-27T09:46:08","slug":"thinner-nitro-ns-5005-teollinen-liuotin","status":"publish","type":"product","link":"https:\/\/masterchem.ee\/fi\/tooted-ja-teenused\/thinner-nitro-ns-5005-teollinen-liuotin\/","title":{"rendered":"THINNER NITRO NS-5005 teollinen liuotin"},"content":{"rendered":"<p>MasterChem O\u00dc &#8211; on Baltian maiden kuuluisin yritys, joka tuottaa ja toimittaa parhaita (korkeamman luokan) teollisuusliuottimia. Asiantuntijamme k\u00e4ytt\u00e4v\u00e4t premium-aineosia, huipputeknisi\u00e4 laitteita ja pakkauksia varmistaakseen liuotinlaadun vakiintuneiden standardien mukaisesti. Valmistamiemme liuottimien vahvuudet ovat: oikea koostumus, tuotteen optimaalinen puhtaus, pidempi s\u00e4ilyvyys ja korkea ohennusominaisuus.<\/p>\n<p><strong>K\u00e4ytt\u00f6:<\/strong><\/p>\n<p>Kalusteteollisuuden k\u00e4yt\u00f6ll\u00e4 on seuraavat edut:<\/p>\n<ol>\n<li>ty\u00f6seoksen haihduttamisen j\u00e4lkeen (k\u00e4ytt\u00e4m\u00e4ll\u00e4 nitrolakkaamme) ei &#8221;Appelsiininkuori&#8221; ja lis\u00e4\u00e4 siten lakan vetolujuutta ja kiiltoa;<\/li>\n<li>v\u00e4hent\u00e4\u00e4 nopeasti lakan viskositeettia vaaditulle tasolle;<\/li>\n<li>parantaa lakkakerroksen sileytt\u00e4 suihkuttamalla tai upottamalla &#8211; siten parantaen viimeistelyn laatua;<\/li>\n<li>ty\u00f6liuos (k\u00e4ytt\u00e4en nitrolakkaa) kuivuu ilman punoitusta, halkeamia ja muita pintavaurioita.<\/li>\n<\/ol>\n<ul>\n<li>Rasvojen ja lian poistoon metallipinnoista<\/li>\n<li>Ty\u00f6kalujen puhdistukseen<\/li>\n<li>Vahan ja hartsin poistamiseen puuosista<\/li>\n<\/ul>\n<p>&nbsp;<\/p>\n<p><strong>Tallettaminen:<\/strong><\/p>\n<p>S\u00e4ilyt\u00e4 tuote + 5 \u00b0 C &#8211; + 35 \u00b0 C: ssa ja v\u00e4lt\u00e4 suoraa auringonvaloa.<\/p>\n<p>&nbsp;<\/p>\n<p><strong>Fysikaaliset ja kemialliset ominaisuudet:<\/strong><\/p>\n<p>V\u00e4ri: l\u00e4pin\u00e4kyv\u00e4<\/p>\n<p>Tiheys 20 \u00b0 C: ssa: 0,857 g \/ cm3 + -0,05<\/p>\n","protected":false},"excerpt":{"rendered":"<p>Nitrol Solvent NS-5005 &#8211; on liuotin, muunnettu NS-5001: st\u00e4. Se on sekoitus 6 eri orgaanista komponenttia, mutta ketonien prosenttiosuus on alhaisempi. Seurauksena aineella on korkeampi leimahduspiste &#8211; plus varotoimenpiteisiin perustuva. Suositellaan yrityksille, joilla on automaattinen maalauslinja (s\u00e4hk\u00f6staattinen ruiskutus tai ruiskutus). T\u00e4t\u00e4 tuotetta k\u00e4ytet\u00e4\u00e4n lakojen, maalien, emalien laimentamiseen sek\u00e4 maalipistoolien, ty\u00f6kalujen ja teollisuusmaalilinjojen puhdistamiseen. MasterChem on t\u00e4m\u00e4n tuotteen valmistaja.<\/p>\n","protected":false},"featured_media":4141,"template":"","meta":[],"product_brand":[],"product_cat":[180,115,118,153,114,154,152],"product_tag":[],"class_list":{"0":"post-3708","1":"product","2":"type-product","3":"status-publish","4":"has-post-thumbnail","6":"product_cat-uncategorized-fi-2","7":"product_cat-auton-ja-koneiden-kemikaalit","8":"product_cat-metallikemikaalit","9":"product_cat-puunjalostuskemikaalit","10":"product_cat-rakennusteollisuus","11":"product_cat-tien-maalaus","12":"product_cat-tipografiset-kemikaalit","13":"pif-has-gallery","15":"first","16":"instock","17":"taxable","18":"shipping-taxable","19":"purchasable","20":"product-type-variable","21":"has-default-attributes"},"yoast_head":"<!-- This site is optimized with the Yoast SEO plugin v26.2 - https:\/\/yoast.com\/wordpress\/plugins\/seo\/ -->\n<title>THINNER NITRO NS-5005 teollinen liuotin - Chemistry For Industry - Solvents &amp; Chemicals - Masterchem.ee<\/title>\n<meta name=\"description\" content=\"Nitrol Solvent NS-5005 - on liuotin, muunnettu NS-5001: st\u00e4. Se on sekoitus 6 eri orgaanista komponenttia, mutta ketonien prosenttiosuus on alhaisempi. Seurauksena aineella on korkeampi leimahduspiste - plus varotoimenpiteisiin perustuva. Suositellaan yrityksille, joilla on automaattinen maalauslinja (s\u00e4hk\u00f6staattinen ruiskutus tai ruiskutus). T\u00e4t\u00e4 tuotetta k\u00e4ytet\u00e4\u00e4n lakojen, maalien, emalien laimentamiseen sek\u00e4 maalipistoolien, ty\u00f6kalujen ja teollisuusmaalilinjojen puhdistamiseen. MasterChem on t\u00e4m\u00e4n tuotteen valmistaja.\" \/>\n<meta name=\"robots\" content=\"index, follow, max-snippet:-1, max-image-preview:large, max-video-preview:-1\" \/>\n<link rel=\"canonical\" href=\"https:\/\/masterchem.ee\/fi\/tooted-ja-teenused\/thinner-nitro-ns-5005-teollinen-liuotin\/\" \/>\n<meta name=\"twitter:card\" content=\"summary_large_image\" \/>\n<meta name=\"twitter:title\" content=\"THINNER NITRO NS-5005 teollinen liuotin - Chemistry For Industry - Solvents &amp; Chemicals - Masterchem.ee\" \/>\n<meta name=\"twitter:description\" content=\"Nitrol Solvent NS-5005 - on liuotin, muunnettu NS-5001: st\u00e4. Se on sekoitus 6 eri orgaanista komponenttia, mutta ketonien prosenttiosuus on alhaisempi. Seurauksena aineella on korkeampi leimahduspiste - plus varotoimenpiteisiin perustuva. Suositellaan yrityksille, joilla on automaattinen maalauslinja (s\u00e4hk\u00f6staattinen ruiskutus tai ruiskutus). T\u00e4t\u00e4 tuotetta k\u00e4ytet\u00e4\u00e4n lakojen, maalien, emalien laimentamiseen sek\u00e4 maalipistoolien, ty\u00f6kalujen ja teollisuusmaalilinjojen puhdistamiseen. MasterChem on t\u00e4m\u00e4n tuotteen valmistaja.\" \/>\n<meta name=\"twitter:image\" content=\"https:\/\/masterchem.ee\/wp-content\/uploads\/2019\/09\/Nitro-thinner-NS-5005-1000L.jpg\" \/>\n<meta name=\"twitter:label1\" content=\"Arvioitu lukuaika\" \/>\n\t<meta name=\"twitter:data1\" content=\"1 minuutti\" \/>\n<script type=\"application\/ld+json\" class=\"yoast-schema-graph\">{\"@context\":\"https:\/\/schema.org\",\"@graph\":[{\"@type\":\"WebPage\",\"@id\":\"https:\/\/masterchem.ee\/fi\/tooted-ja-teenused\/thinner-nitro-ns-5005-teollinen-liuotin\/\",\"url\":\"https:\/\/masterchem.ee\/fi\/tooted-ja-teenused\/thinner-nitro-ns-5005-teollinen-liuotin\/\",\"name\":\"THINNER NITRO NS-5005 teollinen liuotin - Chemistry For Industry - Solvents &amp; Chemicals - Masterchem.ee\",\"isPartOf\":{\"@id\":\"https:\/\/masterchem.ee\/fi\/#website\"},\"primaryImageOfPage\":{\"@id\":\"https:\/\/masterchem.ee\/fi\/tooted-ja-teenused\/thinner-nitro-ns-5005-teollinen-liuotin\/#primaryimage\"},\"image\":{\"@id\":\"https:\/\/masterchem.ee\/fi\/tooted-ja-teenused\/thinner-nitro-ns-5005-teollinen-liuotin\/#primaryimage\"},\"thumbnailUrl\":\"https:\/\/masterchem.ee\/wp-content\/uploads\/2019\/09\/Nitro-thinner-NS-5005-1000L.jpg\",\"datePublished\":\"2019-09-24T08:34:36+00:00\",\"dateModified\":\"2021-06-27T09:46:08+00:00\",\"description\":\"Nitrol Solvent NS-5005 - on liuotin, muunnettu NS-5001: st\u00e4. Se on sekoitus 6 eri orgaanista komponenttia, mutta ketonien prosenttiosuus on alhaisempi. Seurauksena aineella on korkeampi leimahduspiste - plus varotoimenpiteisiin perustuva. Suositellaan yrityksille, joilla on automaattinen maalauslinja (s\u00e4hk\u00f6staattinen ruiskutus tai ruiskutus). T\u00e4t\u00e4 tuotetta k\u00e4ytet\u00e4\u00e4n lakojen, maalien, emalien laimentamiseen sek\u00e4 maalipistoolien, ty\u00f6kalujen ja teollisuusmaalilinjojen puhdistamiseen. MasterChem on t\u00e4m\u00e4n tuotteen valmistaja.\",\"breadcrumb\":{\"@id\":\"https:\/\/masterchem.ee\/fi\/tooted-ja-teenused\/thinner-nitro-ns-5005-teollinen-liuotin\/#breadcrumb\"},\"inLanguage\":\"fi\",\"potentialAction\":[{\"@type\":\"ReadAction\",\"target\":[\"https:\/\/masterchem.ee\/fi\/tooted-ja-teenused\/thinner-nitro-ns-5005-teollinen-liuotin\/\"]}]},{\"@type\":\"ImageObject\",\"inLanguage\":\"fi\",\"@id\":\"https:\/\/masterchem.ee\/fi\/tooted-ja-teenused\/thinner-nitro-ns-5005-teollinen-liuotin\/#primaryimage\",\"url\":\"https:\/\/masterchem.ee\/wp-content\/uploads\/2019\/09\/Nitro-thinner-NS-5005-1000L.jpg\",\"contentUrl\":\"https:\/\/masterchem.ee\/wp-content\/uploads\/2019\/09\/Nitro-thinner-NS-5005-1000L.jpg\",\"width\":700,\"height\":700,\"caption\":\"THINNER NITRO NS-5005 industrial thinner 1000l MasterChem\"},{\"@type\":\"BreadcrumbList\",\"@id\":\"https:\/\/masterchem.ee\/fi\/tooted-ja-teenused\/thinner-nitro-ns-5005-teollinen-liuotin\/#breadcrumb\",\"itemListElement\":[{\"@type\":\"ListItem\",\"position\":1,\"name\":\"Home\",\"item\":\"https:\/\/masterchem.ee\/fi\/\"},{\"@type\":\"ListItem\",\"position\":2,\"name\":\"Tooted ja teenused\",\"item\":\"https:\/\/masterchem.ee\/tooted-ja-teenused\/\"},{\"@type\":\"ListItem\",\"position\":3,\"name\":\"THINNER NITRO NS-5005 teollinen liuotin\"}]},{\"@type\":\"WebSite\",\"@id\":\"https:\/\/masterchem.ee\/fi\/#website\",\"url\":\"https:\/\/masterchem.ee\/fi\/\",\"name\":\"Masterchem.ee\",\"description\":\"Chemistry For Industry - Solvents &amp; Chemicals\",\"publisher\":{\"@id\":\"https:\/\/masterchem.ee\/fi\/#organization\"},\"potentialAction\":[{\"@type\":\"SearchAction\",\"target\":{\"@type\":\"EntryPoint\",\"urlTemplate\":\"https:\/\/masterchem.ee\/fi\/?s={search_term_string}\"},\"query-input\":{\"@type\":\"PropertyValueSpecification\",\"valueRequired\":true,\"valueName\":\"search_term_string\"}}],\"inLanguage\":\"fi\"},{\"@type\":\"Organization\",\"@id\":\"https:\/\/masterchem.ee\/fi\/#organization\",\"name\":\"Masterchem\",\"url\":\"https:\/\/masterchem.ee\/fi\/\",\"logo\":{\"@type\":\"ImageObject\",\"inLanguage\":\"fi\",\"@id\":\"https:\/\/masterchem.ee\/fi\/#\/schema\/logo\/image\/\",\"url\":\"https:\/\/masterchem.ee\/wp-content\/uploads\/2018\/02\/master-chem_final-1.png\",\"contentUrl\":\"https:\/\/masterchem.ee\/wp-content\/uploads\/2018\/02\/master-chem_final-1.png\",\"width\":850,\"height\":356,\"caption\":\"Masterchem\"},\"image\":{\"@id\":\"https:\/\/masterchem.ee\/fi\/#\/schema\/logo\/image\/\"}}]}<\/script>\n<!-- \/ Yoast SEO plugin. -->","yoast_head_json":{"title":"THINNER NITRO NS-5005 teollinen liuotin - Chemistry For Industry - Solvents &amp; Chemicals - Masterchem.ee","description":"Nitrol Solvent NS-5005 - on liuotin, muunnettu NS-5001: st\u00e4. Se on sekoitus 6 eri orgaanista komponenttia, mutta ketonien prosenttiosuus on alhaisempi. Seurauksena aineella on korkeampi leimahduspiste - plus varotoimenpiteisiin perustuva. Suositellaan yrityksille, joilla on automaattinen maalauslinja (s\u00e4hk\u00f6staattinen ruiskutus tai ruiskutus). T\u00e4t\u00e4 tuotetta k\u00e4ytet\u00e4\u00e4n lakojen, maalien, emalien laimentamiseen sek\u00e4 maalipistoolien, ty\u00f6kalujen ja teollisuusmaalilinjojen puhdistamiseen. MasterChem on t\u00e4m\u00e4n tuotteen valmistaja.","robots":{"index":"index","follow":"follow","max-snippet":"max-snippet:-1","max-image-preview":"max-image-preview:large","max-video-preview":"max-video-preview:-1"},"canonical":"https:\/\/masterchem.ee\/fi\/tooted-ja-teenused\/thinner-nitro-ns-5005-teollinen-liuotin\/","twitter_card":"summary_large_image","twitter_title":"THINNER NITRO NS-5005 teollinen liuotin - Chemistry For Industry - Solvents &amp; Chemicals - Masterchem.ee","twitter_description":"Nitrol Solvent NS-5005 - on liuotin, muunnettu NS-5001: st\u00e4. Se on sekoitus 6 eri orgaanista komponenttia, mutta ketonien prosenttiosuus on alhaisempi. Seurauksena aineella on korkeampi leimahduspiste - plus varotoimenpiteisiin perustuva. Suositellaan yrityksille, joilla on automaattinen maalauslinja (s\u00e4hk\u00f6staattinen ruiskutus tai ruiskutus). T\u00e4t\u00e4 tuotetta k\u00e4ytet\u00e4\u00e4n lakojen, maalien, emalien laimentamiseen sek\u00e4 maalipistoolien, ty\u00f6kalujen ja teollisuusmaalilinjojen puhdistamiseen. MasterChem on t\u00e4m\u00e4n tuotteen valmistaja.","twitter_image":"https:\/\/masterchem.ee\/wp-content\/uploads\/2019\/09\/Nitro-thinner-NS-5005-1000L.jpg","twitter_misc":{"Arvioitu lukuaika":"1 minuutti"},"schema":{"@context":"https:\/\/schema.org","@graph":[{"@type":"WebPage","@id":"https:\/\/masterchem.ee\/fi\/tooted-ja-teenused\/thinner-nitro-ns-5005-teollinen-liuotin\/","url":"https:\/\/masterchem.ee\/fi\/tooted-ja-teenused\/thinner-nitro-ns-5005-teollinen-liuotin\/","name":"THINNER NITRO NS-5005 teollinen liuotin - Chemistry For Industry - Solvents &amp; Chemicals - Masterchem.ee","isPartOf":{"@id":"https:\/\/masterchem.ee\/fi\/#website"},"primaryImageOfPage":{"@id":"https:\/\/masterchem.ee\/fi\/tooted-ja-teenused\/thinner-nitro-ns-5005-teollinen-liuotin\/#primaryimage"},"image":{"@id":"https:\/\/masterchem.ee\/fi\/tooted-ja-teenused\/thinner-nitro-ns-5005-teollinen-liuotin\/#primaryimage"},"thumbnailUrl":"https:\/\/masterchem.ee\/wp-content\/uploads\/2019\/09\/Nitro-thinner-NS-5005-1000L.jpg","datePublished":"2019-09-24T08:34:36+00:00","dateModified":"2021-06-27T09:46:08+00:00","description":"Nitrol Solvent NS-5005 - on liuotin, muunnettu NS-5001: st\u00e4. Se on sekoitus 6 eri orgaanista komponenttia, mutta ketonien prosenttiosuus on alhaisempi. Seurauksena aineella on korkeampi leimahduspiste - plus varotoimenpiteisiin perustuva. Suositellaan yrityksille, joilla on automaattinen maalauslinja (s\u00e4hk\u00f6staattinen ruiskutus tai ruiskutus). T\u00e4t\u00e4 tuotetta k\u00e4ytet\u00e4\u00e4n lakojen, maalien, emalien laimentamiseen sek\u00e4 maalipistoolien, ty\u00f6kalujen ja teollisuusmaalilinjojen puhdistamiseen. MasterChem on t\u00e4m\u00e4n tuotteen valmistaja.","breadcrumb":{"@id":"https:\/\/masterchem.ee\/fi\/tooted-ja-teenused\/thinner-nitro-ns-5005-teollinen-liuotin\/#breadcrumb"},"inLanguage":"fi","potentialAction":[{"@type":"ReadAction","target":["https:\/\/masterchem.ee\/fi\/tooted-ja-teenused\/thinner-nitro-ns-5005-teollinen-liuotin\/"]}]},{"@type":"ImageObject","inLanguage":"fi","@id":"https:\/\/masterchem.ee\/fi\/tooted-ja-teenused\/thinner-nitro-ns-5005-teollinen-liuotin\/#primaryimage","url":"https:\/\/masterchem.ee\/wp-content\/uploads\/2019\/09\/Nitro-thinner-NS-5005-1000L.jpg","contentUrl":"https:\/\/masterchem.ee\/wp-content\/uploads\/2019\/09\/Nitro-thinner-NS-5005-1000L.jpg","width":700,"height":700,"caption":"THINNER NITRO NS-5005 industrial thinner 1000l MasterChem"},{"@type":"BreadcrumbList","@id":"https:\/\/masterchem.ee\/fi\/tooted-ja-teenused\/thinner-nitro-ns-5005-teollinen-liuotin\/#breadcrumb","itemListElement":[{"@type":"ListItem","position":1,"name":"Home","item":"https:\/\/masterchem.ee\/fi\/"},{"@type":"ListItem","position":2,"name":"Tooted ja teenused","item":"https:\/\/masterchem.ee\/tooted-ja-teenused\/"},{"@type":"ListItem","position":3,"name":"THINNER NITRO NS-5005 teollinen liuotin"}]},{"@type":"WebSite","@id":"https:\/\/masterchem.ee\/fi\/#website","url":"https:\/\/masterchem.ee\/fi\/","name":"Masterchem.ee","description":"Chemistry For Industry - Solvents &amp; Chemicals","publisher":{"@id":"https:\/\/masterchem.ee\/fi\/#organization"},"potentialAction":[{"@type":"SearchAction","target":{"@type":"EntryPoint","urlTemplate":"https:\/\/masterchem.ee\/fi\/?s={search_term_string}"},"query-input":{"@type":"PropertyValueSpecification","valueRequired":true,"valueName":"search_term_string"}}],"inLanguage":"fi"},{"@type":"Organization","@id":"https:\/\/masterchem.ee\/fi\/#organization","name":"Masterchem","url":"https:\/\/masterchem.ee\/fi\/","logo":{"@type":"ImageObject","inLanguage":"fi","@id":"https:\/\/masterchem.ee\/fi\/#\/schema\/logo\/image\/","url":"https:\/\/masterchem.ee\/wp-content\/uploads\/2018\/02\/master-chem_final-1.png","contentUrl":"https:\/\/masterchem.ee\/wp-content\/uploads\/2018\/02\/master-chem_final-1.png","width":850,"height":356,"caption":"Masterchem"},"image":{"@id":"https:\/\/masterchem.ee\/fi\/#\/schema\/logo\/image\/"}}]}},"_links":{"self":[{"href":"https:\/\/masterchem.ee\/fi\/wp-json\/wp\/v2\/product\/3708","targetHints":{"allow":["GET"]}}],"collection":[{"href":"https:\/\/masterchem.ee\/fi\/wp-json\/wp\/v2\/product"}],"about":[{"href":"https:\/\/masterchem.ee\/fi\/wp-json\/wp\/v2\/types\/product"}],"wp:featuredmedia":[{"embeddable":true,"href":"https:\/\/masterchem.ee\/fi\/wp-json\/wp\/v2\/media\/4141"}],"wp:attachment":[{"href":"https:\/\/masterchem.ee\/fi\/wp-json\/wp\/v2\/media?parent=3708"}],"wp:term":[{"taxonomy":"product_brand","embeddable":true,"href":"https:\/\/masterchem.ee\/fi\/wp-json\/wp\/v2\/product_brand?post=3708"},{"taxonomy":"product_cat","embeddable":true,"href":"https:\/\/masterchem.ee\/fi\/wp-json\/wp\/v2\/product_cat?post=3708"},{"taxonomy":"product_tag","embeddable":true,"href":"https:\/\/masterchem.ee\/fi\/wp-json\/wp\/v2\/product_tag?post=3708"}],"curies":[{"name":"wp","href":"https:\/\/api.w.org\/{rel}","templated":true}]}}