{"id":3650,"date":"2019-09-23T12:52:46","date_gmt":"2019-09-23T12:52:46","guid":{"rendered":"https:\/\/masterchem.ee\/product\/nitrolahusti-ns-5001\/"},"modified":"2021-06-27T09:49:51","modified_gmt":"2021-06-27T09:49:51","slug":"thinner-nitro-ns-5001","status":"publish","type":"product","link":"https:\/\/masterchem.ee\/fi\/tooted-ja-teenused\/thinner-nitro-ns-5001\/","title":{"rendered":"THINNER NITRO NS-5001"},"content":{"rendered":"<p>MasterChem O\u00dc &#8211; on Baltian maiden kuuluisin yritys, joka tuottaa ja toimittaa parhaita (korkeamman luokan) teollisuusliuottimia. Asiantuntijamme k\u00e4ytt\u00e4v\u00e4t premium-aineosia, huipputeknisi\u00e4 laitteita ja pakkauksia varmistaakseen liuottimen laadun vakiintuneiden standardien mukaisesti. Valmistamiemme liuottimien vahvuudet ovat: oikea koostumus, tuotteen optimaalinen puhtaus, pidempi s\u00e4ilyvyys ja korkea ohennusominaisuus.<\/p>\n<p>Voimme valmistaa liuottimia tarpeen mukaan, kuten:<\/p>\n<ul>\n<li>LOO<\/li>\n<li>Leimahduspiste<\/li>\n<li>Tiheys<\/li>\n<li>Haju<\/li>\n<li>kuivausnopeus<\/li>\n<li>ja muut.<\/li>\n<\/ul>\n<p>&nbsp;<\/p>\n<p><strong>Kuvaus:<\/strong><\/p>\n<p>Nitrol Solvent NS-5001 &#8211; on seos raskaita efektoreita, asetaatteja, v\u00e4kevi\u00e4 alkoholijuomia, aromaattisia liuottimia ja ketoneja. T\u00e4m\u00e4 tuote on loistava ohenne kaikille nitrotuotteille.<\/p>\n<p><strong>K\u00e4ytt\u00f6: <\/strong><\/p>\n<p>Nitro-liuotin NS-5001 on tarkoitettu v\u00e4hent\u00e4m\u00e4\u00e4n lakkojen viskositeettia<\/p>\n<p>K\u00e4ytet\u00e4\u00e4n parantamaan maalien ja lakkojen konsistenssia.<\/p>\n<p>Kitin ohentamiseen<\/p>\n<p>PU, Epo-melamiini-formaldehydi maalien laimentamiseksi<\/p>\n<p>Rasvojen ja lian poistoon metallipinnoista<\/p>\n<p>Vahan ja hartsin poistamiseen puuosista<\/p>\n<p>Vanhan maalin, kuten: nitro, emali, nitrolakka, \u00f6ljymaalaus, poistamiseen<\/p>\n<p>K\u00e4ytet\u00e4\u00e4n autotallipajoissa rasvan ja lian poistamiseen ennen pinnoitusta.<\/p>\n<p>Maalauspistoolien ja ty\u00f6kalujen puhdistamiseen maalien ja lakkojen j\u00e4lkeen.<\/p>\n<p>Teollisuusmaalilinjojen puhdistamiseen.<\/p>\n<p>&nbsp;<\/p>\n<p><strong>Pakkaus:<\/strong><\/p>\n<p>500 ml metallipullo<\/p>\n<p>5 L muovipurkki<\/p>\n<p>10 L muovipurkki<\/p>\n<p>20 litran metallinen kauha UN<\/p>\n<p>25 L muovipurkki<\/p>\n<p>200 L n\u00e4kym\u00e4<\/p>\n<p>500 litran IBC-astia<\/p>\n<p>1000 litran IBC-s\u00e4ili\u00f6<\/p>\n<p>ratkaisematta<\/p>\n<p><strong>Tallettaminen:<\/strong><\/p>\n<p>S\u00e4ilyt\u00e4 tuote + 5 \u00b0 C &#8211; + 35 \u00b0 C: ssa ja v\u00e4lt\u00e4 suoraa auringonvaloa.<br \/>\n<strong> Fysikaaliset ja kemialliset ominaisuudet: <\/strong><\/p>\n<p>V\u00e4ri: kirkas ja v\u00e4rit\u00f6n neste<\/p>\n<p>Tiheys 20 \u00b0 C: ssa: 0,855 g \/ cm3 + -0,05<\/p>\n","protected":false},"excerpt":{"rendered":"<p>Nitrol Solvent NS-5001 &#8211; on seos raskaita efektoreita, asetaatteja, v\u00e4kevi\u00e4 alkoholijuomia, aromaattisia liuottimia ja ketoneja. T\u00e4m\u00e4 tuote on loistava ohenne kaikille nitrotuotteille.<\/p>\n","protected":false},"featured_media":4137,"template":"","meta":[],"product_brand":[],"product_cat":[180,115,117,118,153,154,152],"product_tag":[],"class_list":{"0":"post-3650","1":"product","2":"type-product","3":"status-publish","4":"has-post-thumbnail","6":"product_cat-uncategorized-fi-2","7":"product_cat-auton-ja-koneiden-kemikaalit","8":"product_cat-kotitalouskemikaalit","9":"product_cat-metallikemikaalit","10":"product_cat-puunjalostuskemikaalit","11":"product_cat-tien-maalaus","12":"product_cat-tipografiset-kemikaalit","13":"pif-has-gallery","15":"first","16":"instock","17":"taxable","18":"shipping-taxable","19":"purchasable","20":"product-type-variable","21":"has-default-attributes"},"yoast_head":"<!-- This site is optimized with the Yoast SEO plugin v26.2 - https:\/\/yoast.com\/wordpress\/plugins\/seo\/ -->\n<title>THINNER NITRO NS-5001 - Chemistry For Industry - Solvents &amp; Chemicals - Masterchem.ee<\/title>\n<meta name=\"description\" content=\"Nitrol Solvent NS-5001 - on seos raskaita efektoreita, asetaatteja, v\u00e4kevi\u00e4 alkoholijuomia, aromaattisia liuottimia ja ketoneja. T\u00e4m\u00e4 tuote on loistava ohenne kaikille nitrotuotteille.\" \/>\n<meta name=\"robots\" content=\"index, follow, max-snippet:-1, max-image-preview:large, max-video-preview:-1\" \/>\n<link rel=\"canonical\" href=\"https:\/\/masterchem.ee\/fi\/tooted-ja-teenused\/thinner-nitro-ns-5001\/\" \/>\n<meta name=\"twitter:card\" content=\"summary_large_image\" \/>\n<meta name=\"twitter:title\" content=\"THINNER NITRO NS-5001 - Chemistry For Industry - Solvents &amp; Chemicals - Masterchem.ee\" \/>\n<meta name=\"twitter:description\" content=\"Nitrol Solvent NS-5001 - on seos raskaita efektoreita, asetaatteja, v\u00e4kevi\u00e4 alkoholijuomia, aromaattisia liuottimia ja ketoneja. T\u00e4m\u00e4 tuote on loistava ohenne kaikille nitrotuotteille.\" \/>\n<meta name=\"twitter:image\" content=\"https:\/\/masterchem.ee\/wp-content\/uploads\/2019\/09\/Nitro-thinner-NS-5001-1000L.jpg\" \/>\n<meta name=\"twitter:label1\" content=\"Arvioitu lukuaika\" \/>\n\t<meta name=\"twitter:data1\" content=\"1 minuutti\" \/>\n<script type=\"application\/ld+json\" class=\"yoast-schema-graph\">{\"@context\":\"https:\/\/schema.org\",\"@graph\":[{\"@type\":\"WebPage\",\"@id\":\"https:\/\/masterchem.ee\/fi\/tooted-ja-teenused\/thinner-nitro-ns-5001\/\",\"url\":\"https:\/\/masterchem.ee\/fi\/tooted-ja-teenused\/thinner-nitro-ns-5001\/\",\"name\":\"THINNER NITRO NS-5001 - Chemistry For Industry - Solvents &amp; Chemicals - Masterchem.ee\",\"isPartOf\":{\"@id\":\"https:\/\/masterchem.ee\/fi\/#website\"},\"primaryImageOfPage\":{\"@id\":\"https:\/\/masterchem.ee\/fi\/tooted-ja-teenused\/thinner-nitro-ns-5001\/#primaryimage\"},\"image\":{\"@id\":\"https:\/\/masterchem.ee\/fi\/tooted-ja-teenused\/thinner-nitro-ns-5001\/#primaryimage\"},\"thumbnailUrl\":\"https:\/\/masterchem.ee\/wp-content\/uploads\/2019\/09\/Nitro-thinner-NS-5001-1000L.jpg\",\"datePublished\":\"2019-09-23T12:52:46+00:00\",\"dateModified\":\"2021-06-27T09:49:51+00:00\",\"description\":\"Nitrol Solvent NS-5001 - on seos raskaita efektoreita, asetaatteja, v\u00e4kevi\u00e4 alkoholijuomia, aromaattisia liuottimia ja ketoneja. T\u00e4m\u00e4 tuote on loistava ohenne kaikille nitrotuotteille.\",\"breadcrumb\":{\"@id\":\"https:\/\/masterchem.ee\/fi\/tooted-ja-teenused\/thinner-nitro-ns-5001\/#breadcrumb\"},\"inLanguage\":\"fi\",\"potentialAction\":[{\"@type\":\"ReadAction\",\"target\":[\"https:\/\/masterchem.ee\/fi\/tooted-ja-teenused\/thinner-nitro-ns-5001\/\"]}]},{\"@type\":\"ImageObject\",\"inLanguage\":\"fi\",\"@id\":\"https:\/\/masterchem.ee\/fi\/tooted-ja-teenused\/thinner-nitro-ns-5001\/#primaryimage\",\"url\":\"https:\/\/masterchem.ee\/wp-content\/uploads\/2019\/09\/Nitro-thinner-NS-5001-1000L.jpg\",\"contentUrl\":\"https:\/\/masterchem.ee\/wp-content\/uploads\/2019\/09\/Nitro-thinner-NS-5001-1000L.jpg\",\"width\":700,\"height\":700,\"caption\":\"Nitro thinner NS-5001 1000L MasterChem\"},{\"@type\":\"BreadcrumbList\",\"@id\":\"https:\/\/masterchem.ee\/fi\/tooted-ja-teenused\/thinner-nitro-ns-5001\/#breadcrumb\",\"itemListElement\":[{\"@type\":\"ListItem\",\"position\":1,\"name\":\"Home\",\"item\":\"https:\/\/masterchem.ee\/fi\/\"},{\"@type\":\"ListItem\",\"position\":2,\"name\":\"Tooted ja teenused\",\"item\":\"https:\/\/masterchem.ee\/tooted-ja-teenused\/\"},{\"@type\":\"ListItem\",\"position\":3,\"name\":\"THINNER NITRO NS-5001\"}]},{\"@type\":\"WebSite\",\"@id\":\"https:\/\/masterchem.ee\/fi\/#website\",\"url\":\"https:\/\/masterchem.ee\/fi\/\",\"name\":\"Masterchem.ee\",\"description\":\"Chemistry For Industry - Solvents &amp; Chemicals\",\"publisher\":{\"@id\":\"https:\/\/masterchem.ee\/fi\/#organization\"},\"potentialAction\":[{\"@type\":\"SearchAction\",\"target\":{\"@type\":\"EntryPoint\",\"urlTemplate\":\"https:\/\/masterchem.ee\/fi\/?s={search_term_string}\"},\"query-input\":{\"@type\":\"PropertyValueSpecification\",\"valueRequired\":true,\"valueName\":\"search_term_string\"}}],\"inLanguage\":\"fi\"},{\"@type\":\"Organization\",\"@id\":\"https:\/\/masterchem.ee\/fi\/#organization\",\"name\":\"Masterchem\",\"url\":\"https:\/\/masterchem.ee\/fi\/\",\"logo\":{\"@type\":\"ImageObject\",\"inLanguage\":\"fi\",\"@id\":\"https:\/\/masterchem.ee\/fi\/#\/schema\/logo\/image\/\",\"url\":\"https:\/\/masterchem.ee\/wp-content\/uploads\/2018\/02\/master-chem_final-1.png\",\"contentUrl\":\"https:\/\/masterchem.ee\/wp-content\/uploads\/2018\/02\/master-chem_final-1.png\",\"width\":850,\"height\":356,\"caption\":\"Masterchem\"},\"image\":{\"@id\":\"https:\/\/masterchem.ee\/fi\/#\/schema\/logo\/image\/\"}}]}<\/script>\n<!-- \/ Yoast SEO plugin. -->","yoast_head_json":{"title":"THINNER NITRO NS-5001 - Chemistry For Industry - Solvents &amp; Chemicals - Masterchem.ee","description":"Nitrol Solvent NS-5001 - on seos raskaita efektoreita, asetaatteja, v\u00e4kevi\u00e4 alkoholijuomia, aromaattisia liuottimia ja ketoneja. T\u00e4m\u00e4 tuote on loistava ohenne kaikille nitrotuotteille.","robots":{"index":"index","follow":"follow","max-snippet":"max-snippet:-1","max-image-preview":"max-image-preview:large","max-video-preview":"max-video-preview:-1"},"canonical":"https:\/\/masterchem.ee\/fi\/tooted-ja-teenused\/thinner-nitro-ns-5001\/","twitter_card":"summary_large_image","twitter_title":"THINNER NITRO NS-5001 - Chemistry For Industry - Solvents &amp; Chemicals - Masterchem.ee","twitter_description":"Nitrol Solvent NS-5001 - on seos raskaita efektoreita, asetaatteja, v\u00e4kevi\u00e4 alkoholijuomia, aromaattisia liuottimia ja ketoneja. T\u00e4m\u00e4 tuote on loistava ohenne kaikille nitrotuotteille.","twitter_image":"https:\/\/masterchem.ee\/wp-content\/uploads\/2019\/09\/Nitro-thinner-NS-5001-1000L.jpg","twitter_misc":{"Arvioitu lukuaika":"1 minuutti"},"schema":{"@context":"https:\/\/schema.org","@graph":[{"@type":"WebPage","@id":"https:\/\/masterchem.ee\/fi\/tooted-ja-teenused\/thinner-nitro-ns-5001\/","url":"https:\/\/masterchem.ee\/fi\/tooted-ja-teenused\/thinner-nitro-ns-5001\/","name":"THINNER NITRO NS-5001 - Chemistry For Industry - Solvents &amp; Chemicals - Masterchem.ee","isPartOf":{"@id":"https:\/\/masterchem.ee\/fi\/#website"},"primaryImageOfPage":{"@id":"https:\/\/masterchem.ee\/fi\/tooted-ja-teenused\/thinner-nitro-ns-5001\/#primaryimage"},"image":{"@id":"https:\/\/masterchem.ee\/fi\/tooted-ja-teenused\/thinner-nitro-ns-5001\/#primaryimage"},"thumbnailUrl":"https:\/\/masterchem.ee\/wp-content\/uploads\/2019\/09\/Nitro-thinner-NS-5001-1000L.jpg","datePublished":"2019-09-23T12:52:46+00:00","dateModified":"2021-06-27T09:49:51+00:00","description":"Nitrol Solvent NS-5001 - on seos raskaita efektoreita, asetaatteja, v\u00e4kevi\u00e4 alkoholijuomia, aromaattisia liuottimia ja ketoneja. T\u00e4m\u00e4 tuote on loistava ohenne kaikille nitrotuotteille.","breadcrumb":{"@id":"https:\/\/masterchem.ee\/fi\/tooted-ja-teenused\/thinner-nitro-ns-5001\/#breadcrumb"},"inLanguage":"fi","potentialAction":[{"@type":"ReadAction","target":["https:\/\/masterchem.ee\/fi\/tooted-ja-teenused\/thinner-nitro-ns-5001\/"]}]},{"@type":"ImageObject","inLanguage":"fi","@id":"https:\/\/masterchem.ee\/fi\/tooted-ja-teenused\/thinner-nitro-ns-5001\/#primaryimage","url":"https:\/\/masterchem.ee\/wp-content\/uploads\/2019\/09\/Nitro-thinner-NS-5001-1000L.jpg","contentUrl":"https:\/\/masterchem.ee\/wp-content\/uploads\/2019\/09\/Nitro-thinner-NS-5001-1000L.jpg","width":700,"height":700,"caption":"Nitro thinner NS-5001 1000L MasterChem"},{"@type":"BreadcrumbList","@id":"https:\/\/masterchem.ee\/fi\/tooted-ja-teenused\/thinner-nitro-ns-5001\/#breadcrumb","itemListElement":[{"@type":"ListItem","position":1,"name":"Home","item":"https:\/\/masterchem.ee\/fi\/"},{"@type":"ListItem","position":2,"name":"Tooted ja teenused","item":"https:\/\/masterchem.ee\/tooted-ja-teenused\/"},{"@type":"ListItem","position":3,"name":"THINNER NITRO NS-5001"}]},{"@type":"WebSite","@id":"https:\/\/masterchem.ee\/fi\/#website","url":"https:\/\/masterchem.ee\/fi\/","name":"Masterchem.ee","description":"Chemistry For Industry - Solvents &amp; Chemicals","publisher":{"@id":"https:\/\/masterchem.ee\/fi\/#organization"},"potentialAction":[{"@type":"SearchAction","target":{"@type":"EntryPoint","urlTemplate":"https:\/\/masterchem.ee\/fi\/?s={search_term_string}"},"query-input":{"@type":"PropertyValueSpecification","valueRequired":true,"valueName":"search_term_string"}}],"inLanguage":"fi"},{"@type":"Organization","@id":"https:\/\/masterchem.ee\/fi\/#organization","name":"Masterchem","url":"https:\/\/masterchem.ee\/fi\/","logo":{"@type":"ImageObject","inLanguage":"fi","@id":"https:\/\/masterchem.ee\/fi\/#\/schema\/logo\/image\/","url":"https:\/\/masterchem.ee\/wp-content\/uploads\/2018\/02\/master-chem_final-1.png","contentUrl":"https:\/\/masterchem.ee\/wp-content\/uploads\/2018\/02\/master-chem_final-1.png","width":850,"height":356,"caption":"Masterchem"},"image":{"@id":"https:\/\/masterchem.ee\/fi\/#\/schema\/logo\/image\/"}}]}},"_links":{"self":[{"href":"https:\/\/masterchem.ee\/fi\/wp-json\/wp\/v2\/product\/3650","targetHints":{"allow":["GET"]}}],"collection":[{"href":"https:\/\/masterchem.ee\/fi\/wp-json\/wp\/v2\/product"}],"about":[{"href":"https:\/\/masterchem.ee\/fi\/wp-json\/wp\/v2\/types\/product"}],"wp:featuredmedia":[{"embeddable":true,"href":"https:\/\/masterchem.ee\/fi\/wp-json\/wp\/v2\/media\/4137"}],"wp:attachment":[{"href":"https:\/\/masterchem.ee\/fi\/wp-json\/wp\/v2\/media?parent=3650"}],"wp:term":[{"taxonomy":"product_brand","embeddable":true,"href":"https:\/\/masterchem.ee\/fi\/wp-json\/wp\/v2\/product_brand?post=3650"},{"taxonomy":"product_cat","embeddable":true,"href":"https:\/\/masterchem.ee\/fi\/wp-json\/wp\/v2\/product_cat?post=3650"},{"taxonomy":"product_tag","embeddable":true,"href":"https:\/\/masterchem.ee\/fi\/wp-json\/wp\/v2\/product_tag?post=3650"}],"curies":[{"name":"wp","href":"https:\/\/api.w.org\/{rel}","templated":true}]}}