{"id":3608,"date":"2019-07-12T13:33:11","date_gmt":"2019-07-12T13:33:11","guid":{"rendered":"https:\/\/masterchem.ee\/product\/nitro-thinner\/"},"modified":"2025-10-28T09:52:14","modified_gmt":"2025-10-28T09:52:14","slug":"nitro-ohenne-646","status":"publish","type":"product","link":"https:\/\/masterchem.ee\/fi\/tooted-ja-teenused\/nitro-ohenne-646\/","title":{"rendered":"Nitro Ohenne 646"},"content":{"rendered":"<p><a href=\"https:\/\/masterchem.ee\/wp-content\/uploads\/2019\/07\/Lahusti_646_MasterChem_2018.pdf\" target=\"_blank\" rel=\"noopener noreferrer\">K\u00e4ytt\u00f6turvallisuustiedotteet (MSDS)<\/a><\/p>\n<p>Nitro-ohenne 646<\/p>\n<p>Kuvaus:<br \/>\nTyppiliuotin 646 on klassinen nitroliuotin. Esittelyss\u00e4 sekoitus erilaisia \u200b\u200bhaihtuvia orgaanisia nesteit\u00e4 (6 komponenttia). Alkuper\u00e4isell\u00e4 reseptilla on kymmenen vuoden historia, ja se on vakiinnuttanut asemansa monipuolisin ja korkealaatuisin koostumus, jolla on erinomaiset ominaisuudet. Valitettavasti nyt Euroopassa ei l\u00f6ydy 100-prosenttisesti alkuper\u00e4ist\u00e4 koostumusta mist\u00e4\u00e4n, koska jotkin komponentit ovat kiellettyj\u00e4 liikkeelle Euroopan unionissa. Reseptimme s\u00e4ilytt\u00e4\u00e4 kaikki t\u00e4m\u00e4n tuotteen parhaat ominaisuudet johtuen siit\u00e4, ett\u00e4 olemme korvanneet kielletyt komponentit uuden sukupolven tuotteilla, jotka ovat ymp\u00e4rist\u00f6yst\u00e4v\u00e4llisempi\u00e4. MasterChem on valmistanut t\u00e4t\u00e4 liuotinta suoraan 25 vuotta. Typpiliuotin on v\u00e4rit\u00f6n tai hieman kellert\u00e4v\u00e4 neste, jolla on ominainen tuoksu. Sit\u00e4 k\u00e4ytet\u00e4\u00e4n tuotannossa ja jokap\u00e4iv\u00e4isess\u00e4 el\u00e4m\u00e4ss\u00e4 maalien ja lakkojen laimentamiseksi ja saattamiseksi toimivaksi sakeudeksi. Jos haluat tulla tuotteemme myyntiedustajaksi, olemme avoimia neuvotteluille.<br \/>\nSovellus ja k\u00e4ytt\u00f6:<br \/>\n&#8211; lakkojen, tahrojen ja lakkojen viskositeetin korjaamiseen puun ja metallin suojaus- ja koristeluun kuuluvissa nitrosysteemeiss\u00e4,<br \/>\n&#8211; rasvanpoisto metallipinnoille,<br \/>\n&#8211; puhdistustarvikkeet,<br \/>\n&#8211; vahojen ja hartsien poistamiseen puusta, ohennusmaalista ja puhdistusty\u00f6kaluista.<\/p>\n<p>Pakkaus:<br \/>\n0,5 valaistu metallipullo<br \/>\n5 valaistua muovipurkkia<br \/>\n10 valaistua muovipurkkia<br \/>\n20 valaistua metallis\u00e4ili\u00f6t\u00e4 YK<br \/>\n25 valaistua muovipurkkia<br \/>\n200 valaistu rumpu \/ tynnyri<br \/>\n500 valaistua IBC-astiaa<br \/>\n1000 valaistua IBC-konttia<br \/>\n24 mt BULK<br \/>\nVihje: S\u00e4ilyt\u00e4 tuotetta l\u00e4mp\u00f6tilassa 0 \u00b0 C &#8211; 35 \u00b0 C ja \u00e4l\u00e4 altista sit\u00e4 suoralle auringonvalolle.<br \/>\nominaisuudet:<br \/>\nTiheys: l\u00e4mp\u00f6tilassa 20 astetta &#8211; 0,85 g \/ cm3 + -0,05<br \/>\nV\u00e4ri &#8211; v\u00e4rit\u00f6n neste<\/p>\n","protected":false},"excerpt":{"rendered":"<p>Sovellus ja k\u00e4ytt\u00f6:<\/p>\n<p>&#8211; lakkojen, tahrojen ja lakkojen viskositeetin korjaamiseen puun ja metallin suojaus- ja koristeluun kuuluvissa nitrosysteemeiss\u00e4,<\/p>\n<p>&#8211; rasvanpoisto metallipinnoille,<\/p>\n<p>&#8211; puhdistustarvikkeet,<\/p>\n<p>&#8211; vahojen ja hartsien poistamiseen puusta, ohennusmaalista ja puhdistusty\u00f6kaluista.<\/p>\n<p><a target=\"_blank\" href=\"https:\/\/masterchem.ee\/wp-content\/uploads\/2019\/07\/Lahusti-646-TDS-Masterchem.pdf\" class=\"pdf\" alt=\"Nitro Ohenne 646 tuotteen kuvaus (TDS)\" title=\"Nitro Ohenne 646 tuotteen kuvaus  (TDS)\" rel=\"noopener\">Nitro Ohenne 646 tuotteen kuvaus (TDS)<\/a><\/p>\n","protected":false},"featured_media":4145,"template":"","meta":[],"product_brand":[],"product_cat":[180,115,117,118,153,114,122,154,152],"product_tag":[],"class_list":{"0":"post-3608","1":"product","2":"type-product","3":"status-publish","4":"has-post-thumbnail","6":"product_cat-uncategorized-fi-2","7":"product_cat-auton-ja-koneiden-kemikaalit","8":"product_cat-kotitalouskemikaalit","9":"product_cat-metallikemikaalit","10":"product_cat-puunjalostuskemikaalit","11":"product_cat-rakennusteollisuus","12":"product_cat-teollisuuskemikaalit","13":"product_cat-tien-maalaus","14":"product_cat-tipografiset-kemikaalit","15":"pif-has-gallery","17":"first","18":"instock","19":"taxable","20":"shipping-taxable","21":"purchasable","22":"product-type-variable","23":"has-default-attributes"},"yoast_head":"<!-- This site is optimized with the Yoast SEO plugin v26.2 - https:\/\/yoast.com\/wordpress\/plugins\/seo\/ -->\n<title>Nitro Ohenne 646 - Chemistry For Industry - Solvents &amp; Chemicals - Masterchem.ee<\/title>\n<meta name=\"description\" content=\"Nitro solvent 646 is a classic nitro solvent. Introducing a mixture of various volatile organic liquids (6 components). The original recipe has a ten-year history and has established itself as the most versatile and high-quality composition with excellent properties.\" \/>\n<meta name=\"robots\" content=\"index, follow, max-snippet:-1, max-image-preview:large, max-video-preview:-1\" \/>\n<link rel=\"canonical\" href=\"https:\/\/masterchem.ee\/fi\/tooted-ja-teenused\/nitro-ohenne-646\/\" \/>\n<meta name=\"twitter:card\" content=\"summary_large_image\" \/>\n<meta name=\"twitter:title\" content=\"Nitro Ohenne 646 - Chemistry For Industry - Solvents &amp; Chemicals - Masterchem.ee\" \/>\n<meta name=\"twitter:description\" content=\"Nitro solvent 646 is a classic nitro solvent. Introducing a mixture of various volatile organic liquids (6 components). The original recipe has a ten-year history and has established itself as the most versatile and high-quality composition with excellent properties.\" \/>\n<meta name=\"twitter:image\" content=\"https:\/\/masterchem.ee\/wp-content\/uploads\/2019\/07\/Nitro-Thinner-646-1000L.jpg\" \/>\n<meta name=\"twitter:label1\" content=\"Arvioitu lukuaika\" \/>\n\t<meta name=\"twitter:data1\" content=\"1 minuutti\" \/>\n<script type=\"application\/ld+json\" class=\"yoast-schema-graph\">{\"@context\":\"https:\/\/schema.org\",\"@graph\":[{\"@type\":\"WebPage\",\"@id\":\"https:\/\/masterchem.ee\/fi\/tooted-ja-teenused\/nitro-ohenne-646\/\",\"url\":\"https:\/\/masterchem.ee\/fi\/tooted-ja-teenused\/nitro-ohenne-646\/\",\"name\":\"Nitro Ohenne 646 - Chemistry For Industry - Solvents &amp; Chemicals - Masterchem.ee\",\"isPartOf\":{\"@id\":\"https:\/\/masterchem.ee\/fi\/#website\"},\"primaryImageOfPage\":{\"@id\":\"https:\/\/masterchem.ee\/fi\/tooted-ja-teenused\/nitro-ohenne-646\/#primaryimage\"},\"image\":{\"@id\":\"https:\/\/masterchem.ee\/fi\/tooted-ja-teenused\/nitro-ohenne-646\/#primaryimage\"},\"thumbnailUrl\":\"https:\/\/masterchem.ee\/wp-content\/uploads\/2019\/07\/Nitro-Thinner-646-1000L.jpg\",\"datePublished\":\"2019-07-12T13:33:11+00:00\",\"dateModified\":\"2025-10-28T09:52:14+00:00\",\"description\":\"Nitro solvent 646 is a classic nitro solvent. Introducing a mixture of various volatile organic liquids (6 components). The original recipe has a ten-year history and has established itself as the most versatile and high-quality composition with excellent properties.\",\"breadcrumb\":{\"@id\":\"https:\/\/masterchem.ee\/fi\/tooted-ja-teenused\/nitro-ohenne-646\/#breadcrumb\"},\"inLanguage\":\"fi\",\"potentialAction\":[{\"@type\":\"ReadAction\",\"target\":[\"https:\/\/masterchem.ee\/fi\/tooted-ja-teenused\/nitro-ohenne-646\/\"]}]},{\"@type\":\"ImageObject\",\"inLanguage\":\"fi\",\"@id\":\"https:\/\/masterchem.ee\/fi\/tooted-ja-teenused\/nitro-ohenne-646\/#primaryimage\",\"url\":\"https:\/\/masterchem.ee\/wp-content\/uploads\/2019\/07\/Nitro-Thinner-646-1000L.jpg\",\"contentUrl\":\"https:\/\/masterchem.ee\/wp-content\/uploads\/2019\/07\/Nitro-Thinner-646-1000L.jpg\",\"width\":700,\"height\":700,\"caption\":\"Nitrolahusti 646 UN1263 1000l MasterChem\"},{\"@type\":\"BreadcrumbList\",\"@id\":\"https:\/\/masterchem.ee\/fi\/tooted-ja-teenused\/nitro-ohenne-646\/#breadcrumb\",\"itemListElement\":[{\"@type\":\"ListItem\",\"position\":1,\"name\":\"Home\",\"item\":\"https:\/\/masterchem.ee\/fi\/\"},{\"@type\":\"ListItem\",\"position\":2,\"name\":\"Tooted ja teenused\",\"item\":\"https:\/\/masterchem.ee\/tooted-ja-teenused\/\"},{\"@type\":\"ListItem\",\"position\":3,\"name\":\"Nitro Ohenne 646\"}]},{\"@type\":\"WebSite\",\"@id\":\"https:\/\/masterchem.ee\/fi\/#website\",\"url\":\"https:\/\/masterchem.ee\/fi\/\",\"name\":\"Masterchem.ee\",\"description\":\"Chemistry For Industry - Solvents &amp; Chemicals\",\"publisher\":{\"@id\":\"https:\/\/masterchem.ee\/fi\/#organization\"},\"potentialAction\":[{\"@type\":\"SearchAction\",\"target\":{\"@type\":\"EntryPoint\",\"urlTemplate\":\"https:\/\/masterchem.ee\/fi\/?s={search_term_string}\"},\"query-input\":{\"@type\":\"PropertyValueSpecification\",\"valueRequired\":true,\"valueName\":\"search_term_string\"}}],\"inLanguage\":\"fi\"},{\"@type\":\"Organization\",\"@id\":\"https:\/\/masterchem.ee\/fi\/#organization\",\"name\":\"Masterchem\",\"url\":\"https:\/\/masterchem.ee\/fi\/\",\"logo\":{\"@type\":\"ImageObject\",\"inLanguage\":\"fi\",\"@id\":\"https:\/\/masterchem.ee\/fi\/#\/schema\/logo\/image\/\",\"url\":\"https:\/\/masterchem.ee\/wp-content\/uploads\/2018\/02\/master-chem_final-1.png\",\"contentUrl\":\"https:\/\/masterchem.ee\/wp-content\/uploads\/2018\/02\/master-chem_final-1.png\",\"width\":850,\"height\":356,\"caption\":\"Masterchem\"},\"image\":{\"@id\":\"https:\/\/masterchem.ee\/fi\/#\/schema\/logo\/image\/\"}}]}<\/script>\n<!-- \/ Yoast SEO plugin. -->","yoast_head_json":{"title":"Nitro Ohenne 646 - Chemistry For Industry - Solvents &amp; Chemicals - Masterchem.ee","description":"Nitro solvent 646 is a classic nitro solvent. Introducing a mixture of various volatile organic liquids (6 components). The original recipe has a ten-year history and has established itself as the most versatile and high-quality composition with excellent properties.","robots":{"index":"index","follow":"follow","max-snippet":"max-snippet:-1","max-image-preview":"max-image-preview:large","max-video-preview":"max-video-preview:-1"},"canonical":"https:\/\/masterchem.ee\/fi\/tooted-ja-teenused\/nitro-ohenne-646\/","twitter_card":"summary_large_image","twitter_title":"Nitro Ohenne 646 - Chemistry For Industry - Solvents &amp; Chemicals - Masterchem.ee","twitter_description":"Nitro solvent 646 is a classic nitro solvent. Introducing a mixture of various volatile organic liquids (6 components). The original recipe has a ten-year history and has established itself as the most versatile and high-quality composition with excellent properties.","twitter_image":"https:\/\/masterchem.ee\/wp-content\/uploads\/2019\/07\/Nitro-Thinner-646-1000L.jpg","twitter_misc":{"Arvioitu lukuaika":"1 minuutti"},"schema":{"@context":"https:\/\/schema.org","@graph":[{"@type":"WebPage","@id":"https:\/\/masterchem.ee\/fi\/tooted-ja-teenused\/nitro-ohenne-646\/","url":"https:\/\/masterchem.ee\/fi\/tooted-ja-teenused\/nitro-ohenne-646\/","name":"Nitro Ohenne 646 - Chemistry For Industry - Solvents &amp; Chemicals - Masterchem.ee","isPartOf":{"@id":"https:\/\/masterchem.ee\/fi\/#website"},"primaryImageOfPage":{"@id":"https:\/\/masterchem.ee\/fi\/tooted-ja-teenused\/nitro-ohenne-646\/#primaryimage"},"image":{"@id":"https:\/\/masterchem.ee\/fi\/tooted-ja-teenused\/nitro-ohenne-646\/#primaryimage"},"thumbnailUrl":"https:\/\/masterchem.ee\/wp-content\/uploads\/2019\/07\/Nitro-Thinner-646-1000L.jpg","datePublished":"2019-07-12T13:33:11+00:00","dateModified":"2025-10-28T09:52:14+00:00","description":"Nitro solvent 646 is a classic nitro solvent. Introducing a mixture of various volatile organic liquids (6 components). The original recipe has a ten-year history and has established itself as the most versatile and high-quality composition with excellent properties.","breadcrumb":{"@id":"https:\/\/masterchem.ee\/fi\/tooted-ja-teenused\/nitro-ohenne-646\/#breadcrumb"},"inLanguage":"fi","potentialAction":[{"@type":"ReadAction","target":["https:\/\/masterchem.ee\/fi\/tooted-ja-teenused\/nitro-ohenne-646\/"]}]},{"@type":"ImageObject","inLanguage":"fi","@id":"https:\/\/masterchem.ee\/fi\/tooted-ja-teenused\/nitro-ohenne-646\/#primaryimage","url":"https:\/\/masterchem.ee\/wp-content\/uploads\/2019\/07\/Nitro-Thinner-646-1000L.jpg","contentUrl":"https:\/\/masterchem.ee\/wp-content\/uploads\/2019\/07\/Nitro-Thinner-646-1000L.jpg","width":700,"height":700,"caption":"Nitrolahusti 646 UN1263 1000l MasterChem"},{"@type":"BreadcrumbList","@id":"https:\/\/masterchem.ee\/fi\/tooted-ja-teenused\/nitro-ohenne-646\/#breadcrumb","itemListElement":[{"@type":"ListItem","position":1,"name":"Home","item":"https:\/\/masterchem.ee\/fi\/"},{"@type":"ListItem","position":2,"name":"Tooted ja teenused","item":"https:\/\/masterchem.ee\/tooted-ja-teenused\/"},{"@type":"ListItem","position":3,"name":"Nitro Ohenne 646"}]},{"@type":"WebSite","@id":"https:\/\/masterchem.ee\/fi\/#website","url":"https:\/\/masterchem.ee\/fi\/","name":"Masterchem.ee","description":"Chemistry For Industry - Solvents &amp; Chemicals","publisher":{"@id":"https:\/\/masterchem.ee\/fi\/#organization"},"potentialAction":[{"@type":"SearchAction","target":{"@type":"EntryPoint","urlTemplate":"https:\/\/masterchem.ee\/fi\/?s={search_term_string}"},"query-input":{"@type":"PropertyValueSpecification","valueRequired":true,"valueName":"search_term_string"}}],"inLanguage":"fi"},{"@type":"Organization","@id":"https:\/\/masterchem.ee\/fi\/#organization","name":"Masterchem","url":"https:\/\/masterchem.ee\/fi\/","logo":{"@type":"ImageObject","inLanguage":"fi","@id":"https:\/\/masterchem.ee\/fi\/#\/schema\/logo\/image\/","url":"https:\/\/masterchem.ee\/wp-content\/uploads\/2018\/02\/master-chem_final-1.png","contentUrl":"https:\/\/masterchem.ee\/wp-content\/uploads\/2018\/02\/master-chem_final-1.png","width":850,"height":356,"caption":"Masterchem"},"image":{"@id":"https:\/\/masterchem.ee\/fi\/#\/schema\/logo\/image\/"}}]}},"_links":{"self":[{"href":"https:\/\/masterchem.ee\/fi\/wp-json\/wp\/v2\/product\/3608","targetHints":{"allow":["GET"]}}],"collection":[{"href":"https:\/\/masterchem.ee\/fi\/wp-json\/wp\/v2\/product"}],"about":[{"href":"https:\/\/masterchem.ee\/fi\/wp-json\/wp\/v2\/types\/product"}],"wp:featuredmedia":[{"embeddable":true,"href":"https:\/\/masterchem.ee\/fi\/wp-json\/wp\/v2\/media\/4145"}],"wp:attachment":[{"href":"https:\/\/masterchem.ee\/fi\/wp-json\/wp\/v2\/media?parent=3608"}],"wp:term":[{"taxonomy":"product_brand","embeddable":true,"href":"https:\/\/masterchem.ee\/fi\/wp-json\/wp\/v2\/product_brand?post=3608"},{"taxonomy":"product_cat","embeddable":true,"href":"https:\/\/masterchem.ee\/fi\/wp-json\/wp\/v2\/product_cat?post=3608"},{"taxonomy":"product_tag","embeddable":true,"href":"https:\/\/masterchem.ee\/fi\/wp-json\/wp\/v2\/product_tag?post=3608"}],"curies":[{"name":"wp","href":"https:\/\/api.w.org\/{rel}","templated":true}]}}