{"id":3598,"date":"2019-07-22T16:20:26","date_gmt":"2019-07-22T16:20:26","guid":{"rendered":"https:\/\/masterchem.ee\/product\/nitro-thinner-nt-5000\/"},"modified":"2021-06-27T08:15:43","modified_gmt":"2021-06-27T08:15:43","slug":"thinner-nitro-nt-5000","status":"publish","type":"product","link":"https:\/\/masterchem.ee\/fi\/tooted-ja-teenused\/thinner-nitro-nt-5000\/","title":{"rendered":"THINNER NITRO NT-5000"},"content":{"rendered":"<p><b><a href=\"https:\/\/masterchem.ee\/wp-content\/uploads\/2019\/07\/nitrolahusti_NT-5000_tootekirjeldus_masterchem.pdf\" target=\"_blank\" rel=\"noopener noreferrer\">Masterchem Nitrolahusti NT-5000 tuotteen kuvaus (EST, 2019)<\/a><\/b><\/p>\n<p><strong>Sovellus ja k\u00e4ytt\u00f6:<\/strong><br \/>\n&#8211; k\u00e4ytet\u00e4\u00e4n lakojen, tahrojen viskositeetin korjaamiseen puun ja metallin nitrosysteemeiss\u00e4,<br \/>\n&#8211; kittilaimennus yleisiin tarkoituksiin,<br \/>\n&#8211; melamiini-formaldehydi-, glyftaali- ja epoksimaalien laimennus.<br \/>\n&#8211; rasvanpoisto ja p\u00f6lyn poistaminen metallipinnoista,<br \/>\n&#8211; vahan ja hartsin poistamiseksi puusta,<br \/>\n&#8211; maalin ja puhdistusty\u00f6kalujen laimennus,<br \/>\n&#8211; vanhan nitro-emalin, nitrokerroksen ja kuivatun nitro- ja \u00f6ljymaalimateriaalin j\u00e4\u00e4mien poistamiseksi pinnalta,<br \/>\n&#8211; k\u00e4ytet\u00e4\u00e4n autokorjaamoissa metallin rasvanpoistoon ennen pinnoitusta, ruiskutuspistoolien ja muiden v\u00e4lineiden pesemiseen maalien ja lakkien k\u00e4yt\u00f6n j\u00e4lkeen.<\/p>\n<p><strong>Varastointi<\/strong><br \/>\nVarastoi tuotetta l\u00e4mp\u00f6tilassa 0 \u00b0 C &#8211; 35 \u00b0 C ja \u00e4l\u00e4 altista sit\u00e4 suoralle auringonvalolle.<\/p>\n<p><strong>Ominaisuudet:<\/strong><br \/>\nTiheys: l\u00e4mp\u00f6tilassa 20 astetta &#8211; 0,85 g \/ cm3 + -0,05<br \/>\nV\u00e4ri &#8211; v\u00e4rit\u00f6n neste<\/p>\n<p>&nbsp;<\/p>\n<p>&nbsp;<\/p>\n","protected":false},"excerpt":{"rendered":"<p>NT-5000 Nitro-liuotin on sekoitus erilaisia \u200b\u200bhaihtuvia orgaanisia nesteit\u00e4 (6 komponenttia). MasterChem tuottaa t\u00e4m\u00e4n liuottimen suoraan. Typpiliuotin on v\u00e4rit\u00f6n tai hieman kellert\u00e4v\u00e4 neste, jolla on ominainen tuoksu. Sit\u00e4 k\u00e4ytet\u00e4\u00e4n tuotannossa ja jokap\u00e4iv\u00e4isess\u00e4 el\u00e4m\u00e4ss\u00e4 maalien ja lakkojen laimentamiseksi ja saattamiseksi toimivaksi sakeudeksi.<\/p>\n","protected":false},"featured_media":5204,"template":"","meta":[],"product_brand":[],"product_cat":[180,115,117,120,118,153,114,154,152],"product_tag":[],"class_list":{"0":"post-3598","1":"product","2":"type-product","3":"status-publish","4":"has-post-thumbnail","6":"product_cat-uncategorized-fi-2","7":"product_cat-auton-ja-koneiden-kemikaalit","8":"product_cat-kotitalouskemikaalit","9":"product_cat-laaketeollisuus","10":"product_cat-metallikemikaalit","11":"product_cat-puunjalostuskemikaalit","12":"product_cat-rakennusteollisuus","13":"product_cat-tien-maalaus","14":"product_cat-tipografiset-kemikaalit","15":"pif-has-gallery","17":"first","18":"instock","19":"featured","20":"taxable","21":"shipping-taxable","22":"purchasable","23":"product-type-variable","24":"has-default-attributes"},"yoast_head":"<!-- This site is optimized with the Yoast SEO plugin v26.2 - https:\/\/yoast.com\/wordpress\/plugins\/seo\/ -->\n<title>THINNER NITRO NT-5000 - Chemistry For Industry - Solvents &amp; Chemicals - Masterchem.ee<\/title>\n<meta name=\"description\" content=\"NT-5000 Nitro-liuotin on sekoitus erilaisia \u200b\u200bhaihtuvia orgaanisia nesteit\u00e4 (6 komponenttia). MasterChem tuottaa t\u00e4m\u00e4n liuottimen suoraan. Typpiliuotin on v\u00e4rit\u00f6n tai hieman kellert\u00e4v\u00e4 neste, jolla on ominainen tuoksu. Sit\u00e4 k\u00e4ytet\u00e4\u00e4n tuotannossa ja jokap\u00e4iv\u00e4isess\u00e4 el\u00e4m\u00e4ss\u00e4 maalien ja lakkojen laimentamiseksi ja saattamiseksi toimivaksi sakeudeksi.\" \/>\n<meta name=\"robots\" content=\"index, follow, max-snippet:-1, max-image-preview:large, max-video-preview:-1\" \/>\n<link rel=\"canonical\" href=\"https:\/\/masterchem.ee\/fi\/tooted-ja-teenused\/thinner-nitro-nt-5000\/\" \/>\n<meta name=\"twitter:card\" content=\"summary_large_image\" \/>\n<meta name=\"twitter:title\" content=\"THINNER NITRO NT-5000 - Chemistry For Industry - Solvents &amp; Chemicals - Masterchem.ee\" \/>\n<meta name=\"twitter:description\" content=\"NT-5000 Nitro-liuotin on sekoitus erilaisia \u200b\u200bhaihtuvia orgaanisia nesteit\u00e4 (6 komponenttia). MasterChem tuottaa t\u00e4m\u00e4n liuottimen suoraan. Typpiliuotin on v\u00e4rit\u00f6n tai hieman kellert\u00e4v\u00e4 neste, jolla on ominainen tuoksu. Sit\u00e4 k\u00e4ytet\u00e4\u00e4n tuotannossa ja jokap\u00e4iv\u00e4isess\u00e4 el\u00e4m\u00e4ss\u00e4 maalien ja lakkojen laimentamiseksi ja saattamiseksi toimivaksi sakeudeksi.\" \/>\n<meta name=\"twitter:image\" content=\"https:\/\/masterchem.ee\/wp-content\/uploads\/2019\/07\/Nitro-Thinner-NT-5000-1000l-MaterChem-1.jpg\" \/>\n<meta name=\"twitter:label1\" content=\"Arvioitu lukuaika\" \/>\n\t<meta name=\"twitter:data1\" content=\"1 minuutti\" \/>\n<script type=\"application\/ld+json\" class=\"yoast-schema-graph\">{\"@context\":\"https:\/\/schema.org\",\"@graph\":[{\"@type\":\"WebPage\",\"@id\":\"https:\/\/masterchem.ee\/fi\/tooted-ja-teenused\/thinner-nitro-nt-5000\/\",\"url\":\"https:\/\/masterchem.ee\/fi\/tooted-ja-teenused\/thinner-nitro-nt-5000\/\",\"name\":\"THINNER NITRO NT-5000 - Chemistry For Industry - Solvents &amp; Chemicals - Masterchem.ee\",\"isPartOf\":{\"@id\":\"https:\/\/masterchem.ee\/fi\/#website\"},\"primaryImageOfPage\":{\"@id\":\"https:\/\/masterchem.ee\/fi\/tooted-ja-teenused\/thinner-nitro-nt-5000\/#primaryimage\"},\"image\":{\"@id\":\"https:\/\/masterchem.ee\/fi\/tooted-ja-teenused\/thinner-nitro-nt-5000\/#primaryimage\"},\"thumbnailUrl\":\"https:\/\/masterchem.ee\/wp-content\/uploads\/2019\/07\/Nitro-Thinner-NT-5000-1000l-MaterChem-1.jpg\",\"datePublished\":\"2019-07-22T16:20:26+00:00\",\"dateModified\":\"2021-06-27T08:15:43+00:00\",\"description\":\"NT-5000 Nitro-liuotin on sekoitus erilaisia \u200b\u200bhaihtuvia orgaanisia nesteit\u00e4 (6 komponenttia). MasterChem tuottaa t\u00e4m\u00e4n liuottimen suoraan. Typpiliuotin on v\u00e4rit\u00f6n tai hieman kellert\u00e4v\u00e4 neste, jolla on ominainen tuoksu. Sit\u00e4 k\u00e4ytet\u00e4\u00e4n tuotannossa ja jokap\u00e4iv\u00e4isess\u00e4 el\u00e4m\u00e4ss\u00e4 maalien ja lakkojen laimentamiseksi ja saattamiseksi toimivaksi sakeudeksi.\",\"breadcrumb\":{\"@id\":\"https:\/\/masterchem.ee\/fi\/tooted-ja-teenused\/thinner-nitro-nt-5000\/#breadcrumb\"},\"inLanguage\":\"fi\",\"potentialAction\":[{\"@type\":\"ReadAction\",\"target\":[\"https:\/\/masterchem.ee\/fi\/tooted-ja-teenused\/thinner-nitro-nt-5000\/\"]}]},{\"@type\":\"ImageObject\",\"inLanguage\":\"fi\",\"@id\":\"https:\/\/masterchem.ee\/fi\/tooted-ja-teenused\/thinner-nitro-nt-5000\/#primaryimage\",\"url\":\"https:\/\/masterchem.ee\/wp-content\/uploads\/2019\/07\/Nitro-Thinner-NT-5000-1000l-MaterChem-1.jpg\",\"contentUrl\":\"https:\/\/masterchem.ee\/wp-content\/uploads\/2019\/07\/Nitro-Thinner-NT-5000-1000l-MaterChem-1.jpg\",\"width\":1000,\"height\":1000,\"caption\":\"Nitro Thinner NT 5000 1000l-MaterChem\"},{\"@type\":\"BreadcrumbList\",\"@id\":\"https:\/\/masterchem.ee\/fi\/tooted-ja-teenused\/thinner-nitro-nt-5000\/#breadcrumb\",\"itemListElement\":[{\"@type\":\"ListItem\",\"position\":1,\"name\":\"Home\",\"item\":\"https:\/\/masterchem.ee\/fi\/\"},{\"@type\":\"ListItem\",\"position\":2,\"name\":\"Tooted ja teenused\",\"item\":\"https:\/\/masterchem.ee\/tooted-ja-teenused\/\"},{\"@type\":\"ListItem\",\"position\":3,\"name\":\"THINNER NITRO NT-5000\"}]},{\"@type\":\"WebSite\",\"@id\":\"https:\/\/masterchem.ee\/fi\/#website\",\"url\":\"https:\/\/masterchem.ee\/fi\/\",\"name\":\"Masterchem.ee\",\"description\":\"Chemistry For Industry - Solvents &amp; Chemicals\",\"publisher\":{\"@id\":\"https:\/\/masterchem.ee\/fi\/#organization\"},\"potentialAction\":[{\"@type\":\"SearchAction\",\"target\":{\"@type\":\"EntryPoint\",\"urlTemplate\":\"https:\/\/masterchem.ee\/fi\/?s={search_term_string}\"},\"query-input\":{\"@type\":\"PropertyValueSpecification\",\"valueRequired\":true,\"valueName\":\"search_term_string\"}}],\"inLanguage\":\"fi\"},{\"@type\":\"Organization\",\"@id\":\"https:\/\/masterchem.ee\/fi\/#organization\",\"name\":\"Masterchem\",\"url\":\"https:\/\/masterchem.ee\/fi\/\",\"logo\":{\"@type\":\"ImageObject\",\"inLanguage\":\"fi\",\"@id\":\"https:\/\/masterchem.ee\/fi\/#\/schema\/logo\/image\/\",\"url\":\"https:\/\/masterchem.ee\/wp-content\/uploads\/2018\/02\/master-chem_final-1.png\",\"contentUrl\":\"https:\/\/masterchem.ee\/wp-content\/uploads\/2018\/02\/master-chem_final-1.png\",\"width\":850,\"height\":356,\"caption\":\"Masterchem\"},\"image\":{\"@id\":\"https:\/\/masterchem.ee\/fi\/#\/schema\/logo\/image\/\"}}]}<\/script>\n<!-- \/ Yoast SEO plugin. -->","yoast_head_json":{"title":"THINNER NITRO NT-5000 - Chemistry For Industry - Solvents &amp; Chemicals - Masterchem.ee","description":"NT-5000 Nitro-liuotin on sekoitus erilaisia \u200b\u200bhaihtuvia orgaanisia nesteit\u00e4 (6 komponenttia). MasterChem tuottaa t\u00e4m\u00e4n liuottimen suoraan. Typpiliuotin on v\u00e4rit\u00f6n tai hieman kellert\u00e4v\u00e4 neste, jolla on ominainen tuoksu. Sit\u00e4 k\u00e4ytet\u00e4\u00e4n tuotannossa ja jokap\u00e4iv\u00e4isess\u00e4 el\u00e4m\u00e4ss\u00e4 maalien ja lakkojen laimentamiseksi ja saattamiseksi toimivaksi sakeudeksi.","robots":{"index":"index","follow":"follow","max-snippet":"max-snippet:-1","max-image-preview":"max-image-preview:large","max-video-preview":"max-video-preview:-1"},"canonical":"https:\/\/masterchem.ee\/fi\/tooted-ja-teenused\/thinner-nitro-nt-5000\/","twitter_card":"summary_large_image","twitter_title":"THINNER NITRO NT-5000 - Chemistry For Industry - Solvents &amp; Chemicals - Masterchem.ee","twitter_description":"NT-5000 Nitro-liuotin on sekoitus erilaisia \u200b\u200bhaihtuvia orgaanisia nesteit\u00e4 (6 komponenttia). MasterChem tuottaa t\u00e4m\u00e4n liuottimen suoraan. Typpiliuotin on v\u00e4rit\u00f6n tai hieman kellert\u00e4v\u00e4 neste, jolla on ominainen tuoksu. Sit\u00e4 k\u00e4ytet\u00e4\u00e4n tuotannossa ja jokap\u00e4iv\u00e4isess\u00e4 el\u00e4m\u00e4ss\u00e4 maalien ja lakkojen laimentamiseksi ja saattamiseksi toimivaksi sakeudeksi.","twitter_image":"https:\/\/masterchem.ee\/wp-content\/uploads\/2019\/07\/Nitro-Thinner-NT-5000-1000l-MaterChem-1.jpg","twitter_misc":{"Arvioitu lukuaika":"1 minuutti"},"schema":{"@context":"https:\/\/schema.org","@graph":[{"@type":"WebPage","@id":"https:\/\/masterchem.ee\/fi\/tooted-ja-teenused\/thinner-nitro-nt-5000\/","url":"https:\/\/masterchem.ee\/fi\/tooted-ja-teenused\/thinner-nitro-nt-5000\/","name":"THINNER NITRO NT-5000 - Chemistry For Industry - Solvents &amp; Chemicals - Masterchem.ee","isPartOf":{"@id":"https:\/\/masterchem.ee\/fi\/#website"},"primaryImageOfPage":{"@id":"https:\/\/masterchem.ee\/fi\/tooted-ja-teenused\/thinner-nitro-nt-5000\/#primaryimage"},"image":{"@id":"https:\/\/masterchem.ee\/fi\/tooted-ja-teenused\/thinner-nitro-nt-5000\/#primaryimage"},"thumbnailUrl":"https:\/\/masterchem.ee\/wp-content\/uploads\/2019\/07\/Nitro-Thinner-NT-5000-1000l-MaterChem-1.jpg","datePublished":"2019-07-22T16:20:26+00:00","dateModified":"2021-06-27T08:15:43+00:00","description":"NT-5000 Nitro-liuotin on sekoitus erilaisia \u200b\u200bhaihtuvia orgaanisia nesteit\u00e4 (6 komponenttia). MasterChem tuottaa t\u00e4m\u00e4n liuottimen suoraan. Typpiliuotin on v\u00e4rit\u00f6n tai hieman kellert\u00e4v\u00e4 neste, jolla on ominainen tuoksu. Sit\u00e4 k\u00e4ytet\u00e4\u00e4n tuotannossa ja jokap\u00e4iv\u00e4isess\u00e4 el\u00e4m\u00e4ss\u00e4 maalien ja lakkojen laimentamiseksi ja saattamiseksi toimivaksi sakeudeksi.","breadcrumb":{"@id":"https:\/\/masterchem.ee\/fi\/tooted-ja-teenused\/thinner-nitro-nt-5000\/#breadcrumb"},"inLanguage":"fi","potentialAction":[{"@type":"ReadAction","target":["https:\/\/masterchem.ee\/fi\/tooted-ja-teenused\/thinner-nitro-nt-5000\/"]}]},{"@type":"ImageObject","inLanguage":"fi","@id":"https:\/\/masterchem.ee\/fi\/tooted-ja-teenused\/thinner-nitro-nt-5000\/#primaryimage","url":"https:\/\/masterchem.ee\/wp-content\/uploads\/2019\/07\/Nitro-Thinner-NT-5000-1000l-MaterChem-1.jpg","contentUrl":"https:\/\/masterchem.ee\/wp-content\/uploads\/2019\/07\/Nitro-Thinner-NT-5000-1000l-MaterChem-1.jpg","width":1000,"height":1000,"caption":"Nitro Thinner NT 5000 1000l-MaterChem"},{"@type":"BreadcrumbList","@id":"https:\/\/masterchem.ee\/fi\/tooted-ja-teenused\/thinner-nitro-nt-5000\/#breadcrumb","itemListElement":[{"@type":"ListItem","position":1,"name":"Home","item":"https:\/\/masterchem.ee\/fi\/"},{"@type":"ListItem","position":2,"name":"Tooted ja teenused","item":"https:\/\/masterchem.ee\/tooted-ja-teenused\/"},{"@type":"ListItem","position":3,"name":"THINNER NITRO NT-5000"}]},{"@type":"WebSite","@id":"https:\/\/masterchem.ee\/fi\/#website","url":"https:\/\/masterchem.ee\/fi\/","name":"Masterchem.ee","description":"Chemistry For Industry - Solvents &amp; Chemicals","publisher":{"@id":"https:\/\/masterchem.ee\/fi\/#organization"},"potentialAction":[{"@type":"SearchAction","target":{"@type":"EntryPoint","urlTemplate":"https:\/\/masterchem.ee\/fi\/?s={search_term_string}"},"query-input":{"@type":"PropertyValueSpecification","valueRequired":true,"valueName":"search_term_string"}}],"inLanguage":"fi"},{"@type":"Organization","@id":"https:\/\/masterchem.ee\/fi\/#organization","name":"Masterchem","url":"https:\/\/masterchem.ee\/fi\/","logo":{"@type":"ImageObject","inLanguage":"fi","@id":"https:\/\/masterchem.ee\/fi\/#\/schema\/logo\/image\/","url":"https:\/\/masterchem.ee\/wp-content\/uploads\/2018\/02\/master-chem_final-1.png","contentUrl":"https:\/\/masterchem.ee\/wp-content\/uploads\/2018\/02\/master-chem_final-1.png","width":850,"height":356,"caption":"Masterchem"},"image":{"@id":"https:\/\/masterchem.ee\/fi\/#\/schema\/logo\/image\/"}}]}},"_links":{"self":[{"href":"https:\/\/masterchem.ee\/fi\/wp-json\/wp\/v2\/product\/3598","targetHints":{"allow":["GET"]}}],"collection":[{"href":"https:\/\/masterchem.ee\/fi\/wp-json\/wp\/v2\/product"}],"about":[{"href":"https:\/\/masterchem.ee\/fi\/wp-json\/wp\/v2\/types\/product"}],"wp:featuredmedia":[{"embeddable":true,"href":"https:\/\/masterchem.ee\/fi\/wp-json\/wp\/v2\/media\/5204"}],"wp:attachment":[{"href":"https:\/\/masterchem.ee\/fi\/wp-json\/wp\/v2\/media?parent=3598"}],"wp:term":[{"taxonomy":"product_brand","embeddable":true,"href":"https:\/\/masterchem.ee\/fi\/wp-json\/wp\/v2\/product_brand?post=3598"},{"taxonomy":"product_cat","embeddable":true,"href":"https:\/\/masterchem.ee\/fi\/wp-json\/wp\/v2\/product_cat?post=3598"},{"taxonomy":"product_tag","embeddable":true,"href":"https:\/\/masterchem.ee\/fi\/wp-json\/wp\/v2\/product_tag?post=3598"}],"curies":[{"name":"wp","href":"https:\/\/api.w.org\/{rel}","templated":true}]}}