{"id":27612,"date":"2026-02-19T13:31:56","date_gmt":"2026-02-19T13:31:56","guid":{"rendered":"https:\/\/masterchem.ee\/tooted-ja-teenused\/talvinen-lasinpesun-tiiviste-methanol-m96-pro\/"},"modified":"2026-02-19T13:51:47","modified_gmt":"2026-02-19T13:51:47","slug":"talvinen-lasinpesun-tiiviste-methanol-m96-pro","status":"publish","type":"product","link":"https:\/\/masterchem.ee\/fi\/tooted-ja-teenused\/talvinen-lasinpesun-tiiviste-methanol-m96-pro\/","title":{"rendered":"Talvinen lasinpesun tiiviste Methanol M96 PRO"},"content":{"rendered":"<p><strong>Koostumus<\/strong><br \/>\nMetanoli, pinta-aktiiviset aineet, v\u00e4riaine, vesi.<\/p>\n<p><strong>Turvallisuustiedot<\/strong><br \/>\n<strong>VAIN AMMATTIK\u00c4YTT\u00d6\u00d6N<\/strong><br \/>\nH225: Helposti syttyv\u00e4 neste ja h\u00f6yry<br \/>\nH301+H311+H331: Myrkyllist\u00e4 nieltyn\u00e4, joutuessaan iholle tai hengitettyn\u00e4<br \/>\nH370: Vaurioittaa elimi\u00e4 (silm\u00e4t)<\/p>\n<p><strong>Varotoimet:<\/strong><br \/>\nS\u00e4ilyt\u00e4 lasten ulottumattomissa.<br \/>\nPid\u00e4 erill\u00e4\u00e4n l\u00e4mm\u00f6st\u00e4\/kipin\u00f6ist\u00e4\/avotulesta\/kuumista pinnoista. Tupakointi kielletty.<br \/>\nS\u00e4ilyt\u00e4 astia tiiviisti suljettuna.<br \/>\nPese k\u00e4det huolellisesti k\u00e4sittelyn j\u00e4lkeen.<br \/>\n\u00c4l\u00e4 sy\u00f6, juo tai tupakoi tuotetta k\u00e4ytett\u00e4ess\u00e4.<br \/>\nK\u00e4yt\u00e4 suojak\u00e4sineit\u00e4 ja silmien suojausta.<br \/>\nJOS KEMIKAALIA ON NIELTY: Ota v\u00e4litt\u00f6m\u00e4sti yhteys MYRKYTYSTIETOKESKUKSEEN\/l\u00e4\u00e4k\u00e4riin.<br \/>\nJOS KEMIKAALIA JOUTUU IHOLLE (tai hiuksiin): Riisu saastunut vaatetus v\u00e4litt\u00f6m\u00e4sti. Huuhtele iho vedell\u00e4 \/ k\u00e4y suihkussa.<br \/>\nJOS KEMIKAALIA HENGITET\u00c4\u00c4N: Siirr\u00e4 henkil\u00f6 raittiiseen ilmaan ja pid\u00e4 lepoasennossa, jossa on helppo hengitt\u00e4\u00e4.<br \/>\nAltistumisen tapahduttua tai jos ep\u00e4ill\u00e4\u00e4n altistumista: Ota yhteys MYRKYTYSTIETOKESKUKSEEN\/l\u00e4\u00e4k\u00e4riin.<\/p>\n<p>Tulipalon sattuessa: K\u00e4yt\u00e4 ABC-jauhesammutinta.<\/p>\n<p><strong>Sekoitustaulukko 200 litran tynnyrille<\/strong><\/p>\n<table>\n<thead>\n<tr>\n<th>25 litran kanisterien lukum\u00e4\u00e4r\u00e4.<\/th>\n<th>J\u00e4\u00e4tymispiste, \u00b0C<\/th>\n<\/tr>\n<\/thead>\n<tbody>\n<tr>\n<td>1<\/td>\n<td>-6.5<\/td>\n<\/tr>\n<tr>\n<td>2<\/td>\n<td>-18.0<\/td>\n<\/tr>\n<tr>\n<td>3<\/td>\n<td>-27.3<\/td>\n<\/tr>\n<tr>\n<td>4<\/td>\n<td>-42.8<\/td>\n<\/tr>\n<tr>\n<td>5<\/td>\n<td>-60.8<\/td>\n<\/tr>\n<\/tbody>\n<\/table>\n<p><strong>Sekoitustaulukko 1000 litran IBC-s\u00e4ili\u00f6lle<\/strong><\/p>\n<table>\n<thead>\n<tr>\n<th>25 litran kanisterien lukum\u00e4\u00e4r\u00e4.<\/th>\n<th>J\u00e4\u00e4tymispiste, \u00b0C<\/th>\n<\/tr>\n<\/thead>\n<tbody>\n<tr>\n<td>1<\/td>\n<td>-1.3<\/td>\n<\/tr>\n<tr>\n<td>3<\/td>\n<td>-3.9<\/td>\n<\/tr>\n<tr>\n<td>5<\/td>\n<td>-6.5<\/td>\n<\/tr>\n<tr>\n<td>10<\/td>\n<td>-13.1<\/td>\n<\/tr>\n<tr>\n<td>15<\/td>\n<td>-19.5<\/td>\n<\/tr>\n<tr>\n<td>20<\/td>\n<td>-27.3<\/td>\n<\/tr>\n<tr>\n<td>25<\/td>\n<td>-42.1<\/td>\n<\/tr>\n<tr>\n<td>30<\/td>\n<td>-61.5<\/td>\n<\/tr>\n<\/tbody>\n<\/table>\n","protected":false},"excerpt":{"rendered":"<p>Methanol M96 PRO -tiiviste on tarkoitettu talvisen tuulilasinpesunesteen valmistukseen. Annostus valitaan etiketiss\u00e4 olevan sekoitustaulukon mukaan (j\u00e4\u00e4tymispiste riippuu tiivisteen m\u00e4\u00e4r\u00e4st\u00e4). K\u00e4yt\u00e4 hyvin tuuletetussa tilassa ja noudata turvallisuusohjeita.<\/p>\n","protected":false},"featured_media":27609,"template":"","meta":[],"product_brand":[],"product_cat":[180,109,302,117,114],"product_tag":[],"class_list":{"0":"post-27612","1":"product","2":"type-product","3":"status-publish","4":"has-post-thumbnail","6":"product_cat-uncategorized-fi-2","7":"product_cat-anti-jaatymisnesteet","8":"product_cat-jaahdytysnesteet","9":"product_cat-kotitalouskemikaalit","10":"product_cat-rakennusteollisuus","12":"first","13":"instock","14":"taxable","15":"shipping-taxable","16":"purchasable","17":"product-type-variable","18":"has-default-attributes"},"yoast_head":"<!-- This site is optimized with the Yoast SEO plugin v26.2 - https:\/\/yoast.com\/wordpress\/plugins\/seo\/ -->\n<title>Talvinen lasinpesun tiiviste Methanol M96 PRO - Chemistry For Industry - Solvents &amp; Chemicals - Masterchem.ee<\/title>\n<meta name=\"description\" content=\"M96 PRO on metanolipohjainen talvinen lasinpesun tiiviste vain ammattik\u00e4ytt\u00f6\u00f6n. V\u00e4hennetty alkoholin haju (hajustettu). Haluttu j\u00e4\u00e4tymispiste saavutetaan etiketin sekoitustaulukon mukaisesti.\" \/>\n<meta name=\"robots\" content=\"index, follow, max-snippet:-1, max-image-preview:large, max-video-preview:-1\" \/>\n<link rel=\"canonical\" href=\"https:\/\/masterchem.ee\/fi\/tooted-ja-teenused\/talvinen-lasinpesun-tiiviste-methanol-m96-pro\/\" \/>\n<meta name=\"twitter:card\" content=\"summary_large_image\" \/>\n<meta name=\"twitter:title\" content=\"Talvinen lasinpesun tiiviste Methanol M96 PRO - Chemistry For Industry - Solvents &amp; Chemicals - Masterchem.ee\" \/>\n<meta name=\"twitter:description\" content=\"M96 PRO on metanolipohjainen talvinen lasinpesun tiiviste vain ammattik\u00e4ytt\u00f6\u00f6n. V\u00e4hennetty alkoholin haju (hajustettu). Haluttu j\u00e4\u00e4tymispiste saavutetaan etiketin sekoitustaulukon mukaisesti.\" \/>\n<meta name=\"twitter:image\" content=\"https:\/\/masterchem.ee\/wp-content\/uploads\/2026\/02\/Klaasipesu-kontsentraat-talvine-Methanol-M96-PRO.jpg\" \/>\n<meta name=\"twitter:label1\" content=\"Arvioitu lukuaika\" \/>\n\t<meta name=\"twitter:data1\" content=\"1 minuutti\" \/>\n<script type=\"application\/ld+json\" class=\"yoast-schema-graph\">{\"@context\":\"https:\/\/schema.org\",\"@graph\":[{\"@type\":\"WebPage\",\"@id\":\"https:\/\/masterchem.ee\/fi\/tooted-ja-teenused\/talvinen-lasinpesun-tiiviste-methanol-m96-pro\/\",\"url\":\"https:\/\/masterchem.ee\/fi\/tooted-ja-teenused\/talvinen-lasinpesun-tiiviste-methanol-m96-pro\/\",\"name\":\"Talvinen lasinpesun tiiviste Methanol M96 PRO - Chemistry For Industry - Solvents &amp; Chemicals - Masterchem.ee\",\"isPartOf\":{\"@id\":\"https:\/\/masterchem.ee\/fi\/#website\"},\"primaryImageOfPage\":{\"@id\":\"https:\/\/masterchem.ee\/fi\/tooted-ja-teenused\/talvinen-lasinpesun-tiiviste-methanol-m96-pro\/#primaryimage\"},\"image\":{\"@id\":\"https:\/\/masterchem.ee\/fi\/tooted-ja-teenused\/talvinen-lasinpesun-tiiviste-methanol-m96-pro\/#primaryimage\"},\"thumbnailUrl\":\"https:\/\/masterchem.ee\/wp-content\/uploads\/2026\/02\/Klaasipesu-kontsentraat-talvine-Methanol-M96-PRO.jpg\",\"datePublished\":\"2026-02-19T13:31:56+00:00\",\"dateModified\":\"2026-02-19T13:51:47+00:00\",\"description\":\"M96 PRO on metanolipohjainen talvinen lasinpesun tiiviste vain ammattik\u00e4ytt\u00f6\u00f6n. V\u00e4hennetty alkoholin haju (hajustettu). Haluttu j\u00e4\u00e4tymispiste saavutetaan etiketin sekoitustaulukon mukaisesti.\",\"breadcrumb\":{\"@id\":\"https:\/\/masterchem.ee\/fi\/tooted-ja-teenused\/talvinen-lasinpesun-tiiviste-methanol-m96-pro\/#breadcrumb\"},\"inLanguage\":\"fi\",\"potentialAction\":[{\"@type\":\"ReadAction\",\"target\":[\"https:\/\/masterchem.ee\/fi\/tooted-ja-teenused\/talvinen-lasinpesun-tiiviste-methanol-m96-pro\/\"]}]},{\"@type\":\"ImageObject\",\"inLanguage\":\"fi\",\"@id\":\"https:\/\/masterchem.ee\/fi\/tooted-ja-teenused\/talvinen-lasinpesun-tiiviste-methanol-m96-pro\/#primaryimage\",\"url\":\"https:\/\/masterchem.ee\/wp-content\/uploads\/2026\/02\/Klaasipesu-kontsentraat-talvine-Methanol-M96-PRO.jpg\",\"contentUrl\":\"https:\/\/masterchem.ee\/wp-content\/uploads\/2026\/02\/Klaasipesu-kontsentraat-talvine-Methanol-M96-PRO.jpg\",\"width\":700,\"height\":700,\"caption\":\"Klaasipesu-kontsentraat (talvine) Methanol M96 PRO\"},{\"@type\":\"BreadcrumbList\",\"@id\":\"https:\/\/masterchem.ee\/fi\/tooted-ja-teenused\/talvinen-lasinpesun-tiiviste-methanol-m96-pro\/#breadcrumb\",\"itemListElement\":[{\"@type\":\"ListItem\",\"position\":1,\"name\":\"Home\",\"item\":\"https:\/\/masterchem.ee\/fi\/\"},{\"@type\":\"ListItem\",\"position\":2,\"name\":\"Tooted ja teenused\",\"item\":\"https:\/\/masterchem.ee\/tooted-ja-teenused\/\"},{\"@type\":\"ListItem\",\"position\":3,\"name\":\"Talvinen lasinpesun tiiviste Methanol M96 PRO\"}]},{\"@type\":\"WebSite\",\"@id\":\"https:\/\/masterchem.ee\/fi\/#website\",\"url\":\"https:\/\/masterchem.ee\/fi\/\",\"name\":\"Masterchem.ee\",\"description\":\"Chemistry For Industry - Solvents &amp; Chemicals\",\"publisher\":{\"@id\":\"https:\/\/masterchem.ee\/fi\/#organization\"},\"potentialAction\":[{\"@type\":\"SearchAction\",\"target\":{\"@type\":\"EntryPoint\",\"urlTemplate\":\"https:\/\/masterchem.ee\/fi\/?s={search_term_string}\"},\"query-input\":{\"@type\":\"PropertyValueSpecification\",\"valueRequired\":true,\"valueName\":\"search_term_string\"}}],\"inLanguage\":\"fi\"},{\"@type\":\"Organization\",\"@id\":\"https:\/\/masterchem.ee\/fi\/#organization\",\"name\":\"Masterchem\",\"url\":\"https:\/\/masterchem.ee\/fi\/\",\"logo\":{\"@type\":\"ImageObject\",\"inLanguage\":\"fi\",\"@id\":\"https:\/\/masterchem.ee\/fi\/#\/schema\/logo\/image\/\",\"url\":\"https:\/\/masterchem.ee\/wp-content\/uploads\/2018\/02\/master-chem_final-1.png\",\"contentUrl\":\"https:\/\/masterchem.ee\/wp-content\/uploads\/2018\/02\/master-chem_final-1.png\",\"width\":850,\"height\":356,\"caption\":\"Masterchem\"},\"image\":{\"@id\":\"https:\/\/masterchem.ee\/fi\/#\/schema\/logo\/image\/\"}}]}<\/script>\n<!-- \/ Yoast SEO plugin. -->","yoast_head_json":{"title":"Talvinen lasinpesun tiiviste Methanol M96 PRO - Chemistry For Industry - Solvents &amp; Chemicals - Masterchem.ee","description":"M96 PRO on metanolipohjainen talvinen lasinpesun tiiviste vain ammattik\u00e4ytt\u00f6\u00f6n. V\u00e4hennetty alkoholin haju (hajustettu). Haluttu j\u00e4\u00e4tymispiste saavutetaan etiketin sekoitustaulukon mukaisesti.","robots":{"index":"index","follow":"follow","max-snippet":"max-snippet:-1","max-image-preview":"max-image-preview:large","max-video-preview":"max-video-preview:-1"},"canonical":"https:\/\/masterchem.ee\/fi\/tooted-ja-teenused\/talvinen-lasinpesun-tiiviste-methanol-m96-pro\/","twitter_card":"summary_large_image","twitter_title":"Talvinen lasinpesun tiiviste Methanol M96 PRO - Chemistry For Industry - Solvents &amp; Chemicals - Masterchem.ee","twitter_description":"M96 PRO on metanolipohjainen talvinen lasinpesun tiiviste vain ammattik\u00e4ytt\u00f6\u00f6n. V\u00e4hennetty alkoholin haju (hajustettu). Haluttu j\u00e4\u00e4tymispiste saavutetaan etiketin sekoitustaulukon mukaisesti.","twitter_image":"https:\/\/masterchem.ee\/wp-content\/uploads\/2026\/02\/Klaasipesu-kontsentraat-talvine-Methanol-M96-PRO.jpg","twitter_misc":{"Arvioitu lukuaika":"1 minuutti"},"schema":{"@context":"https:\/\/schema.org","@graph":[{"@type":"WebPage","@id":"https:\/\/masterchem.ee\/fi\/tooted-ja-teenused\/talvinen-lasinpesun-tiiviste-methanol-m96-pro\/","url":"https:\/\/masterchem.ee\/fi\/tooted-ja-teenused\/talvinen-lasinpesun-tiiviste-methanol-m96-pro\/","name":"Talvinen lasinpesun tiiviste Methanol M96 PRO - Chemistry For Industry - Solvents &amp; Chemicals - Masterchem.ee","isPartOf":{"@id":"https:\/\/masterchem.ee\/fi\/#website"},"primaryImageOfPage":{"@id":"https:\/\/masterchem.ee\/fi\/tooted-ja-teenused\/talvinen-lasinpesun-tiiviste-methanol-m96-pro\/#primaryimage"},"image":{"@id":"https:\/\/masterchem.ee\/fi\/tooted-ja-teenused\/talvinen-lasinpesun-tiiviste-methanol-m96-pro\/#primaryimage"},"thumbnailUrl":"https:\/\/masterchem.ee\/wp-content\/uploads\/2026\/02\/Klaasipesu-kontsentraat-talvine-Methanol-M96-PRO.jpg","datePublished":"2026-02-19T13:31:56+00:00","dateModified":"2026-02-19T13:51:47+00:00","description":"M96 PRO on metanolipohjainen talvinen lasinpesun tiiviste vain ammattik\u00e4ytt\u00f6\u00f6n. V\u00e4hennetty alkoholin haju (hajustettu). Haluttu j\u00e4\u00e4tymispiste saavutetaan etiketin sekoitustaulukon mukaisesti.","breadcrumb":{"@id":"https:\/\/masterchem.ee\/fi\/tooted-ja-teenused\/talvinen-lasinpesun-tiiviste-methanol-m96-pro\/#breadcrumb"},"inLanguage":"fi","potentialAction":[{"@type":"ReadAction","target":["https:\/\/masterchem.ee\/fi\/tooted-ja-teenused\/talvinen-lasinpesun-tiiviste-methanol-m96-pro\/"]}]},{"@type":"ImageObject","inLanguage":"fi","@id":"https:\/\/masterchem.ee\/fi\/tooted-ja-teenused\/talvinen-lasinpesun-tiiviste-methanol-m96-pro\/#primaryimage","url":"https:\/\/masterchem.ee\/wp-content\/uploads\/2026\/02\/Klaasipesu-kontsentraat-talvine-Methanol-M96-PRO.jpg","contentUrl":"https:\/\/masterchem.ee\/wp-content\/uploads\/2026\/02\/Klaasipesu-kontsentraat-talvine-Methanol-M96-PRO.jpg","width":700,"height":700,"caption":"Klaasipesu-kontsentraat (talvine) Methanol M96 PRO"},{"@type":"BreadcrumbList","@id":"https:\/\/masterchem.ee\/fi\/tooted-ja-teenused\/talvinen-lasinpesun-tiiviste-methanol-m96-pro\/#breadcrumb","itemListElement":[{"@type":"ListItem","position":1,"name":"Home","item":"https:\/\/masterchem.ee\/fi\/"},{"@type":"ListItem","position":2,"name":"Tooted ja teenused","item":"https:\/\/masterchem.ee\/tooted-ja-teenused\/"},{"@type":"ListItem","position":3,"name":"Talvinen lasinpesun tiiviste Methanol M96 PRO"}]},{"@type":"WebSite","@id":"https:\/\/masterchem.ee\/fi\/#website","url":"https:\/\/masterchem.ee\/fi\/","name":"Masterchem.ee","description":"Chemistry For Industry - Solvents &amp; Chemicals","publisher":{"@id":"https:\/\/masterchem.ee\/fi\/#organization"},"potentialAction":[{"@type":"SearchAction","target":{"@type":"EntryPoint","urlTemplate":"https:\/\/masterchem.ee\/fi\/?s={search_term_string}"},"query-input":{"@type":"PropertyValueSpecification","valueRequired":true,"valueName":"search_term_string"}}],"inLanguage":"fi"},{"@type":"Organization","@id":"https:\/\/masterchem.ee\/fi\/#organization","name":"Masterchem","url":"https:\/\/masterchem.ee\/fi\/","logo":{"@type":"ImageObject","inLanguage":"fi","@id":"https:\/\/masterchem.ee\/fi\/#\/schema\/logo\/image\/","url":"https:\/\/masterchem.ee\/wp-content\/uploads\/2018\/02\/master-chem_final-1.png","contentUrl":"https:\/\/masterchem.ee\/wp-content\/uploads\/2018\/02\/master-chem_final-1.png","width":850,"height":356,"caption":"Masterchem"},"image":{"@id":"https:\/\/masterchem.ee\/fi\/#\/schema\/logo\/image\/"}}]}},"_links":{"self":[{"href":"https:\/\/masterchem.ee\/fi\/wp-json\/wp\/v2\/product\/27612","targetHints":{"allow":["GET"]}}],"collection":[{"href":"https:\/\/masterchem.ee\/fi\/wp-json\/wp\/v2\/product"}],"about":[{"href":"https:\/\/masterchem.ee\/fi\/wp-json\/wp\/v2\/types\/product"}],"wp:featuredmedia":[{"embeddable":true,"href":"https:\/\/masterchem.ee\/fi\/wp-json\/wp\/v2\/media\/27609"}],"wp:attachment":[{"href":"https:\/\/masterchem.ee\/fi\/wp-json\/wp\/v2\/media?parent=27612"}],"wp:term":[{"taxonomy":"product_brand","embeddable":true,"href":"https:\/\/masterchem.ee\/fi\/wp-json\/wp\/v2\/product_brand?post=27612"},{"taxonomy":"product_cat","embeddable":true,"href":"https:\/\/masterchem.ee\/fi\/wp-json\/wp\/v2\/product_cat?post=27612"},{"taxonomy":"product_tag","embeddable":true,"href":"https:\/\/masterchem.ee\/fi\/wp-json\/wp\/v2\/product_tag?post=27612"}],"curies":[{"name":"wp","href":"https:\/\/api.w.org\/{rel}","templated":true}]}}