{"id":27050,"date":"2025-09-05T11:08:47","date_gmt":"2025-09-05T11:08:47","guid":{"rendered":"https:\/\/masterchem.ee\/?post_type=product&#038;p=27050"},"modified":"2025-10-21T06:25:40","modified_gmt":"2025-10-21T06:25:40","slug":"ruokavuorisuola","status":"publish","type":"product","link":"https:\/\/masterchem.ee\/fi\/tooted-ja-teenused\/ruokavuorisuola\/","title":{"rendered":"Ruokavuorisuola"},"content":{"rendered":"<p><strong>Ruokavuorisuola (1,0-0,16 mm)<\/strong><br \/>\nFysikaaliset ominaisuudet:<br \/>\nSuola on enimm\u00e4kseen natriumkloridia (NaCl). Merisuola ja louhittu suola voivat sis\u00e4lt\u00e4\u00e4 hivenaineita. Louhittu suola on usein puhdistettua. Suolakiteet ovat l\u00e4pikuultavia ja kuutionmuotoisia; ne n\u00e4ytt\u00e4v\u00e4t normaalisti valkoisilta, mutta ep\u00e4puhtaudet voivat antaa niille sinisen tai violetin s\u00e4vyn. Veteen liuotettuna natriumkloridi erottuu Na+- ja Cl\u2212-ioneiksi, ja sen liukoisuus on 359 grammaa litrassa. Kylmist\u00e4 liuoksista suola kiteytyy dihydraattina NaCl\u00b72H2O. Natriumkloridiliuoksilla on hyvin erilaiset ominaisuudet kuin puhtaalla vedell\u00e4; j\u00e4\u00e4tymispiste on \u221221,12 \u00b0C (\u22126,02 \u00b0F) 23,31 painoprosentille suolaa, ja kyll\u00e4isen suolaliuoksen kiehumispiste on noin 108,7 \u00b0C (227,7 \u00b0F).<\/p>\n","protected":false},"excerpt":{"rendered":"<p>Yleisesti suola on mineraali, joka koostuu p\u00e4\u00e4asiassa natriumkloridista (NaCl). Kun sit\u00e4 k\u00e4ytet\u00e4\u00e4n elintarvikkeissa, erityisesti rakeisessa muodossa, sit\u00e4 kutsutaan virallisemmin ruokasuolaksi. Luonnollisena kiteisen\u00e4 mineraalina suola tunnetaan my\u00f6s vuorisuolana tai haliittina.<\/p>\n","protected":false},"featured_media":27058,"template":"","meta":[],"product_brand":[],"product_cat":[180,120,290,307],"product_tag":[],"class_list":{"0":"post-27050","1":"product","2":"type-product","3":"status-publish","4":"has-post-thumbnail","6":"product_cat-uncategorized-fi-2","7":"product_cat-laaketeollisuus","8":"product_cat-rehuteollisuus","9":"product_cat-ruokateollisuus","11":"first","12":"instock","13":"taxable","14":"shipping-taxable","15":"purchasable","16":"product-type-variable","17":"has-default-attributes"},"yoast_head":"<!-- This site is optimized with the Yoast SEO plugin v26.2 - https:\/\/yoast.com\/wordpress\/plugins\/seo\/ -->\n<title>Ruokavuorisuola - Chemistry For Industry - Solvents &amp; Chemicals - Masterchem.ee<\/title>\n<meta name=\"description\" content=\"Yleisess\u00e4 k\u00e4yt\u00f6ss\u00e4 suola on mineraali, joka koostuu p\u00e4\u00e4asiassa natriumkloridista (NaCl). Kun sit\u00e4 k\u00e4ytet\u00e4\u00e4n elintarvikkeissa, erityisesti rakeisessa muodossa, sit\u00e4 kutsutaan virallisemmin ruokasuolaksi.\" \/>\n<meta name=\"robots\" content=\"index, follow, max-snippet:-1, max-image-preview:large, max-video-preview:-1\" \/>\n<link rel=\"canonical\" href=\"https:\/\/masterchem.ee\/fi\/tooted-ja-teenused\/ruokavuorisuola\/\" \/>\n<meta name=\"twitter:card\" content=\"summary_large_image\" \/>\n<meta name=\"twitter:title\" content=\"Ruokavuorisuola - Chemistry For Industry - Solvents &amp; Chemicals - Masterchem.ee\" \/>\n<meta name=\"twitter:description\" content=\"Yleisess\u00e4 k\u00e4yt\u00f6ss\u00e4 suola on mineraali, joka koostuu p\u00e4\u00e4asiassa natriumkloridista (NaCl). Kun sit\u00e4 k\u00e4ytet\u00e4\u00e4n elintarvikkeissa, erityisesti rakeisessa muodossa, sit\u00e4 kutsutaan virallisemmin ruokasuolaksi.\" \/>\n<meta name=\"twitter:image\" content=\"https:\/\/masterchem.ee\/wp-content\/uploads\/2025\/09\/Peent-soogisoola-25kg-MasterChem.jpg\" \/>\n<meta name=\"twitter:label1\" content=\"Arvioitu lukuaika\" \/>\n\t<meta name=\"twitter:data1\" content=\"1 minuutti\" \/>\n<script type=\"application\/ld+json\" class=\"yoast-schema-graph\">{\"@context\":\"https:\/\/schema.org\",\"@graph\":[{\"@type\":\"WebPage\",\"@id\":\"https:\/\/masterchem.ee\/fi\/tooted-ja-teenused\/ruokavuorisuola\/\",\"url\":\"https:\/\/masterchem.ee\/fi\/tooted-ja-teenused\/ruokavuorisuola\/\",\"name\":\"Ruokavuorisuola - Chemistry For Industry - Solvents &amp; Chemicals - Masterchem.ee\",\"isPartOf\":{\"@id\":\"https:\/\/masterchem.ee\/fi\/#website\"},\"primaryImageOfPage\":{\"@id\":\"https:\/\/masterchem.ee\/fi\/tooted-ja-teenused\/ruokavuorisuola\/#primaryimage\"},\"image\":{\"@id\":\"https:\/\/masterchem.ee\/fi\/tooted-ja-teenused\/ruokavuorisuola\/#primaryimage\"},\"thumbnailUrl\":\"https:\/\/masterchem.ee\/wp-content\/uploads\/2025\/09\/Peent-soogisoola-25kg-MasterChem.jpg\",\"datePublished\":\"2025-09-05T11:08:47+00:00\",\"dateModified\":\"2025-10-21T06:25:40+00:00\",\"description\":\"Yleisess\u00e4 k\u00e4yt\u00f6ss\u00e4 suola on mineraali, joka koostuu p\u00e4\u00e4asiassa natriumkloridista (NaCl). Kun sit\u00e4 k\u00e4ytet\u00e4\u00e4n elintarvikkeissa, erityisesti rakeisessa muodossa, sit\u00e4 kutsutaan virallisemmin ruokasuolaksi.\",\"breadcrumb\":{\"@id\":\"https:\/\/masterchem.ee\/fi\/tooted-ja-teenused\/ruokavuorisuola\/#breadcrumb\"},\"inLanguage\":\"fi\",\"potentialAction\":[{\"@type\":\"ReadAction\",\"target\":[\"https:\/\/masterchem.ee\/fi\/tooted-ja-teenused\/ruokavuorisuola\/\"]}]},{\"@type\":\"ImageObject\",\"inLanguage\":\"fi\",\"@id\":\"https:\/\/masterchem.ee\/fi\/tooted-ja-teenused\/ruokavuorisuola\/#primaryimage\",\"url\":\"https:\/\/masterchem.ee\/wp-content\/uploads\/2025\/09\/Peent-soogisoola-25kg-MasterChem.jpg\",\"contentUrl\":\"https:\/\/masterchem.ee\/wp-content\/uploads\/2025\/09\/Peent-soogisoola-25kg-MasterChem.jpg\",\"width\":1000,\"height\":1000,\"caption\":\"Ruokavuorisuola 25kg-MasterChem\"},{\"@type\":\"BreadcrumbList\",\"@id\":\"https:\/\/masterchem.ee\/fi\/tooted-ja-teenused\/ruokavuorisuola\/#breadcrumb\",\"itemListElement\":[{\"@type\":\"ListItem\",\"position\":1,\"name\":\"Home\",\"item\":\"https:\/\/masterchem.ee\/fi\/\"},{\"@type\":\"ListItem\",\"position\":2,\"name\":\"Tooted ja teenused\",\"item\":\"https:\/\/masterchem.ee\/tooted-ja-teenused\/\"},{\"@type\":\"ListItem\",\"position\":3,\"name\":\"Ruokavuorisuola\"}]},{\"@type\":\"WebSite\",\"@id\":\"https:\/\/masterchem.ee\/fi\/#website\",\"url\":\"https:\/\/masterchem.ee\/fi\/\",\"name\":\"Masterchem.ee\",\"description\":\"Chemistry For Industry - Solvents &amp; Chemicals\",\"publisher\":{\"@id\":\"https:\/\/masterchem.ee\/fi\/#organization\"},\"potentialAction\":[{\"@type\":\"SearchAction\",\"target\":{\"@type\":\"EntryPoint\",\"urlTemplate\":\"https:\/\/masterchem.ee\/fi\/?s={search_term_string}\"},\"query-input\":{\"@type\":\"PropertyValueSpecification\",\"valueRequired\":true,\"valueName\":\"search_term_string\"}}],\"inLanguage\":\"fi\"},{\"@type\":\"Organization\",\"@id\":\"https:\/\/masterchem.ee\/fi\/#organization\",\"name\":\"Masterchem\",\"url\":\"https:\/\/masterchem.ee\/fi\/\",\"logo\":{\"@type\":\"ImageObject\",\"inLanguage\":\"fi\",\"@id\":\"https:\/\/masterchem.ee\/fi\/#\/schema\/logo\/image\/\",\"url\":\"https:\/\/masterchem.ee\/wp-content\/uploads\/2018\/02\/master-chem_final-1.png\",\"contentUrl\":\"https:\/\/masterchem.ee\/wp-content\/uploads\/2018\/02\/master-chem_final-1.png\",\"width\":850,\"height\":356,\"caption\":\"Masterchem\"},\"image\":{\"@id\":\"https:\/\/masterchem.ee\/fi\/#\/schema\/logo\/image\/\"}}]}<\/script>\n<!-- \/ Yoast SEO plugin. -->","yoast_head_json":{"title":"Ruokavuorisuola - Chemistry For Industry - Solvents &amp; Chemicals - Masterchem.ee","description":"Yleisess\u00e4 k\u00e4yt\u00f6ss\u00e4 suola on mineraali, joka koostuu p\u00e4\u00e4asiassa natriumkloridista (NaCl). Kun sit\u00e4 k\u00e4ytet\u00e4\u00e4n elintarvikkeissa, erityisesti rakeisessa muodossa, sit\u00e4 kutsutaan virallisemmin ruokasuolaksi.","robots":{"index":"index","follow":"follow","max-snippet":"max-snippet:-1","max-image-preview":"max-image-preview:large","max-video-preview":"max-video-preview:-1"},"canonical":"https:\/\/masterchem.ee\/fi\/tooted-ja-teenused\/ruokavuorisuola\/","twitter_card":"summary_large_image","twitter_title":"Ruokavuorisuola - Chemistry For Industry - Solvents &amp; Chemicals - Masterchem.ee","twitter_description":"Yleisess\u00e4 k\u00e4yt\u00f6ss\u00e4 suola on mineraali, joka koostuu p\u00e4\u00e4asiassa natriumkloridista (NaCl). Kun sit\u00e4 k\u00e4ytet\u00e4\u00e4n elintarvikkeissa, erityisesti rakeisessa muodossa, sit\u00e4 kutsutaan virallisemmin ruokasuolaksi.","twitter_image":"https:\/\/masterchem.ee\/wp-content\/uploads\/2025\/09\/Peent-soogisoola-25kg-MasterChem.jpg","twitter_misc":{"Arvioitu lukuaika":"1 minuutti"},"schema":{"@context":"https:\/\/schema.org","@graph":[{"@type":"WebPage","@id":"https:\/\/masterchem.ee\/fi\/tooted-ja-teenused\/ruokavuorisuola\/","url":"https:\/\/masterchem.ee\/fi\/tooted-ja-teenused\/ruokavuorisuola\/","name":"Ruokavuorisuola - Chemistry For Industry - Solvents &amp; Chemicals - Masterchem.ee","isPartOf":{"@id":"https:\/\/masterchem.ee\/fi\/#website"},"primaryImageOfPage":{"@id":"https:\/\/masterchem.ee\/fi\/tooted-ja-teenused\/ruokavuorisuola\/#primaryimage"},"image":{"@id":"https:\/\/masterchem.ee\/fi\/tooted-ja-teenused\/ruokavuorisuola\/#primaryimage"},"thumbnailUrl":"https:\/\/masterchem.ee\/wp-content\/uploads\/2025\/09\/Peent-soogisoola-25kg-MasterChem.jpg","datePublished":"2025-09-05T11:08:47+00:00","dateModified":"2025-10-21T06:25:40+00:00","description":"Yleisess\u00e4 k\u00e4yt\u00f6ss\u00e4 suola on mineraali, joka koostuu p\u00e4\u00e4asiassa natriumkloridista (NaCl). Kun sit\u00e4 k\u00e4ytet\u00e4\u00e4n elintarvikkeissa, erityisesti rakeisessa muodossa, sit\u00e4 kutsutaan virallisemmin ruokasuolaksi.","breadcrumb":{"@id":"https:\/\/masterchem.ee\/fi\/tooted-ja-teenused\/ruokavuorisuola\/#breadcrumb"},"inLanguage":"fi","potentialAction":[{"@type":"ReadAction","target":["https:\/\/masterchem.ee\/fi\/tooted-ja-teenused\/ruokavuorisuola\/"]}]},{"@type":"ImageObject","inLanguage":"fi","@id":"https:\/\/masterchem.ee\/fi\/tooted-ja-teenused\/ruokavuorisuola\/#primaryimage","url":"https:\/\/masterchem.ee\/wp-content\/uploads\/2025\/09\/Peent-soogisoola-25kg-MasterChem.jpg","contentUrl":"https:\/\/masterchem.ee\/wp-content\/uploads\/2025\/09\/Peent-soogisoola-25kg-MasterChem.jpg","width":1000,"height":1000,"caption":"Ruokavuorisuola 25kg-MasterChem"},{"@type":"BreadcrumbList","@id":"https:\/\/masterchem.ee\/fi\/tooted-ja-teenused\/ruokavuorisuola\/#breadcrumb","itemListElement":[{"@type":"ListItem","position":1,"name":"Home","item":"https:\/\/masterchem.ee\/fi\/"},{"@type":"ListItem","position":2,"name":"Tooted ja teenused","item":"https:\/\/masterchem.ee\/tooted-ja-teenused\/"},{"@type":"ListItem","position":3,"name":"Ruokavuorisuola"}]},{"@type":"WebSite","@id":"https:\/\/masterchem.ee\/fi\/#website","url":"https:\/\/masterchem.ee\/fi\/","name":"Masterchem.ee","description":"Chemistry For Industry - Solvents &amp; Chemicals","publisher":{"@id":"https:\/\/masterchem.ee\/fi\/#organization"},"potentialAction":[{"@type":"SearchAction","target":{"@type":"EntryPoint","urlTemplate":"https:\/\/masterchem.ee\/fi\/?s={search_term_string}"},"query-input":{"@type":"PropertyValueSpecification","valueRequired":true,"valueName":"search_term_string"}}],"inLanguage":"fi"},{"@type":"Organization","@id":"https:\/\/masterchem.ee\/fi\/#organization","name":"Masterchem","url":"https:\/\/masterchem.ee\/fi\/","logo":{"@type":"ImageObject","inLanguage":"fi","@id":"https:\/\/masterchem.ee\/fi\/#\/schema\/logo\/image\/","url":"https:\/\/masterchem.ee\/wp-content\/uploads\/2018\/02\/master-chem_final-1.png","contentUrl":"https:\/\/masterchem.ee\/wp-content\/uploads\/2018\/02\/master-chem_final-1.png","width":850,"height":356,"caption":"Masterchem"},"image":{"@id":"https:\/\/masterchem.ee\/fi\/#\/schema\/logo\/image\/"}}]}},"_links":{"self":[{"href":"https:\/\/masterchem.ee\/fi\/wp-json\/wp\/v2\/product\/27050","targetHints":{"allow":["GET"]}}],"collection":[{"href":"https:\/\/masterchem.ee\/fi\/wp-json\/wp\/v2\/product"}],"about":[{"href":"https:\/\/masterchem.ee\/fi\/wp-json\/wp\/v2\/types\/product"}],"wp:featuredmedia":[{"embeddable":true,"href":"https:\/\/masterchem.ee\/fi\/wp-json\/wp\/v2\/media\/27058"}],"wp:attachment":[{"href":"https:\/\/masterchem.ee\/fi\/wp-json\/wp\/v2\/media?parent=27050"}],"wp:term":[{"taxonomy":"product_brand","embeddable":true,"href":"https:\/\/masterchem.ee\/fi\/wp-json\/wp\/v2\/product_brand?post=27050"},{"taxonomy":"product_cat","embeddable":true,"href":"https:\/\/masterchem.ee\/fi\/wp-json\/wp\/v2\/product_cat?post=27050"},{"taxonomy":"product_tag","embeddable":true,"href":"https:\/\/masterchem.ee\/fi\/wp-json\/wp\/v2\/product_tag?post=27050"}],"curies":[{"name":"wp","href":"https:\/\/api.w.org\/{rel}","templated":true}]}}