{"id":26623,"date":"2019-09-30T10:06:43","date_gmt":"2019-09-30T10:06:43","guid":{"rendered":"https:\/\/masterchem.ee\/product\/kesakayttoinen-tuulilasinpesunestetiiviste\/"},"modified":"2019-09-30T10:06:43","modified_gmt":"2019-09-30T10:06:43","slug":"kesakayttoinen-tuulilasinpesunestetiiviste","status":"publish","type":"product","link":"https:\/\/masterchem.ee\/fi\/tooted-ja-teenused\/kesakayttoinen-tuulilasinpesunestetiiviste\/","title":{"rendered":"Kes\u00e4k\u00e4ytt\u00f6inen tuulilasinpesunestetiiviste"},"content":{"rendered":"<p>1000 litran saamiseksi tarvitset 25 litraa tiivistett\u00e4 ja loput vedest\u00e4 (j\u00e4\u00e4tymisl\u00e4mp\u00f6tila -1 \u00b0C)<\/p>\n<p>500 litran valmistukseen tarvitset 25 litraa tiivistett\u00e4 ja loput vedest\u00e4 (j\u00e4\u00e4tymisl\u00e4mp\u00f6tila -2 \u00b0C)<\/p>\n<p>200 litran valmistukseen tarvitset 25 litraa tiivistett\u00e4 ja loput vedest\u00e4 (j\u00e4\u00e4tymisl\u00e4mp\u00f6tila -5 \u00b0C)<\/p>\n<p>Pakkaus: 25 litran kanisteri, 200 litran tynnyri, 1000 tai 500 litran astia.<\/p>\n","protected":false},"excerpt":{"rendered":"<p>Kes\u00e4k\u00e4ytt\u00f6\u00f6n tarkoitettu tuulilasinpesunesteen tiiviste. Kes\u00e4k\u00e4ytt\u00f6inen tuulilasinpesunestetiiviste poistaa p\u00f6lyn nopeasti ja tehokkaasti. teiden saastuminen. hy\u00f6nteisten j\u00e4\u00e4nteit\u00e4. siitep\u00f6ly. puun mehut. pihkatahroja ja muuta likaa. <\/p>\n<p>Haihtuu j\u00e4tt\u00e4m\u00e4tt\u00e4 j\u00e4lki\u00e4. takaa erinomaisen lasin l\u00e4pin\u00e4kyvyyden. Sis\u00e4lt\u00e4\u00e4 aktiivisia korroosionestoaineita, jotka suojaavat tuulilasinpesuj\u00e4rjestelm\u00e4n metalliosia ruostumiselta. V\u00e4hent\u00e4\u00e4 lasin ja pyyhkij\u00e4nsulkien v\u00e4list\u00e4 kitkaa. <\/p>\n<p>Ei j\u00e4t\u00e4 j\u00e4lki\u00e4\/h\u00e4iritsev\u00e4\u00e4 kalvoa lasiin. T\u00e4m\u00e4 alkoholipohjainen tiiviste sis\u00e4lt\u00e4\u00e4 pesuainetta ja punaista elintarvikev\u00e4ri\u00e4. Biohajoava.<\/p>\n","protected":false},"featured_media":26599,"template":"","meta":[],"product_brand":[],"product_cat":[180,109,115,117,118,153,114,154,152],"product_tag":[],"class_list":{"0":"post-26623","1":"product","2":"type-product","3":"status-publish","4":"has-post-thumbnail","6":"product_cat-uncategorized-fi-2","7":"product_cat-anti-jaatymisnesteet","8":"product_cat-auton-ja-koneiden-kemikaalit","9":"product_cat-kotitalouskemikaalit","10":"product_cat-metallikemikaalit","11":"product_cat-puunjalostuskemikaalit","12":"product_cat-rakennusteollisuus","13":"product_cat-tien-maalaus","14":"product_cat-tipografiset-kemikaalit","15":"pif-has-gallery","17":"first","18":"instock","19":"taxable","20":"shipping-taxable","21":"purchasable","22":"product-type-variable","23":"has-default-attributes"},"yoast_head":"<!-- This site is optimized with the Yoast SEO plugin v26.2 - https:\/\/yoast.com\/wordpress\/plugins\/seo\/ -->\n<title>Kes\u00e4k\u00e4ytt\u00f6inen tuulilasinpesunestetiiviste - Chemistry For Industry - Solvents &amp; Chemicals - Masterchem.ee<\/title>\n<meta name=\"description\" content=\"Kes\u00e4k\u00e4ytt\u00f6\u00f6n tarkoitettu tuulilasinpesunesteen tiiviste. Poistaa tehokkaasti hy\u00f6nteisten j\u00e4\u00e4mi\u00e4 tuulilasista ja pit\u00e4\u00e4 lasin puhtaana ankarissa olosuhteissa.\" \/>\n<meta name=\"robots\" content=\"index, follow, max-snippet:-1, max-image-preview:large, max-video-preview:-1\" \/>\n<link rel=\"canonical\" href=\"https:\/\/masterchem.ee\/fi\/tooted-ja-teenused\/kesakayttoinen-tuulilasinpesunestetiiviste\/\" \/>\n<meta name=\"twitter:card\" content=\"summary_large_image\" \/>\n<meta name=\"twitter:title\" content=\"Kes\u00e4k\u00e4ytt\u00f6inen tuulilasinpesunestetiiviste - Chemistry For Industry - Solvents &amp; Chemicals - Masterchem.ee\" \/>\n<meta name=\"twitter:description\" content=\"Kes\u00e4k\u00e4ytt\u00f6\u00f6n tarkoitettu tuulilasinpesunesteen tiiviste. Poistaa tehokkaasti hy\u00f6nteisten j\u00e4\u00e4mi\u00e4 tuulilasista ja pit\u00e4\u00e4 lasin puhtaana ankarissa olosuhteissa.\" \/>\n<meta name=\"twitter:image\" content=\"https:\/\/masterchem.ee\/wp-content\/uploads\/2019\/09\/Suvine-klaasipesuvedeliku-kontsentraat_5L_MasterChem.jpg\" \/>\n<script type=\"application\/ld+json\" class=\"yoast-schema-graph\">{\"@context\":\"https:\/\/schema.org\",\"@graph\":[{\"@type\":\"WebPage\",\"@id\":\"https:\/\/masterchem.ee\/fi\/tooted-ja-teenused\/kesakayttoinen-tuulilasinpesunestetiiviste\/\",\"url\":\"https:\/\/masterchem.ee\/fi\/tooted-ja-teenused\/kesakayttoinen-tuulilasinpesunestetiiviste\/\",\"name\":\"Kes\u00e4k\u00e4ytt\u00f6inen tuulilasinpesunestetiiviste - Chemistry For Industry - Solvents &amp; Chemicals - Masterchem.ee\",\"isPartOf\":{\"@id\":\"https:\/\/masterchem.ee\/fi\/#website\"},\"primaryImageOfPage\":{\"@id\":\"https:\/\/masterchem.ee\/fi\/tooted-ja-teenused\/kesakayttoinen-tuulilasinpesunestetiiviste\/#primaryimage\"},\"image\":{\"@id\":\"https:\/\/masterchem.ee\/fi\/tooted-ja-teenused\/kesakayttoinen-tuulilasinpesunestetiiviste\/#primaryimage\"},\"thumbnailUrl\":\"https:\/\/masterchem.ee\/wp-content\/uploads\/2019\/09\/Suvine-klaasipesuvedeliku-kontsentraat_5L_MasterChem.jpg\",\"datePublished\":\"2019-09-30T10:06:43+00:00\",\"description\":\"Kes\u00e4k\u00e4ytt\u00f6\u00f6n tarkoitettu tuulilasinpesunesteen tiiviste. Poistaa tehokkaasti hy\u00f6nteisten j\u00e4\u00e4mi\u00e4 tuulilasista ja pit\u00e4\u00e4 lasin puhtaana ankarissa olosuhteissa.\",\"breadcrumb\":{\"@id\":\"https:\/\/masterchem.ee\/fi\/tooted-ja-teenused\/kesakayttoinen-tuulilasinpesunestetiiviste\/#breadcrumb\"},\"inLanguage\":\"fi\",\"potentialAction\":[{\"@type\":\"ReadAction\",\"target\":[\"https:\/\/masterchem.ee\/fi\/tooted-ja-teenused\/kesakayttoinen-tuulilasinpesunestetiiviste\/\"]}]},{\"@type\":\"ImageObject\",\"inLanguage\":\"fi\",\"@id\":\"https:\/\/masterchem.ee\/fi\/tooted-ja-teenused\/kesakayttoinen-tuulilasinpesunestetiiviste\/#primaryimage\",\"url\":\"https:\/\/masterchem.ee\/wp-content\/uploads\/2019\/09\/Suvine-klaasipesuvedeliku-kontsentraat_5L_MasterChem.jpg\",\"contentUrl\":\"https:\/\/masterchem.ee\/wp-content\/uploads\/2019\/09\/Suvine-klaasipesuvedeliku-kontsentraat_5L_MasterChem.jpg\",\"width\":2000,\"height\":2000,\"caption\":\"Kes\u00e4k\u00e4ytt\u00f6inen tuulilasinpesunestetiiviste 5L MasterChem\"},{\"@type\":\"BreadcrumbList\",\"@id\":\"https:\/\/masterchem.ee\/fi\/tooted-ja-teenused\/kesakayttoinen-tuulilasinpesunestetiiviste\/#breadcrumb\",\"itemListElement\":[{\"@type\":\"ListItem\",\"position\":1,\"name\":\"Home\",\"item\":\"https:\/\/masterchem.ee\/fi\/\"},{\"@type\":\"ListItem\",\"position\":2,\"name\":\"Tooted ja teenused\",\"item\":\"https:\/\/masterchem.ee\/tooted-ja-teenused\/\"},{\"@type\":\"ListItem\",\"position\":3,\"name\":\"Kes\u00e4k\u00e4ytt\u00f6inen tuulilasinpesunestetiiviste\"}]},{\"@type\":\"WebSite\",\"@id\":\"https:\/\/masterchem.ee\/fi\/#website\",\"url\":\"https:\/\/masterchem.ee\/fi\/\",\"name\":\"Masterchem.ee\",\"description\":\"Chemistry For Industry - Solvents &amp; Chemicals\",\"publisher\":{\"@id\":\"https:\/\/masterchem.ee\/fi\/#organization\"},\"potentialAction\":[{\"@type\":\"SearchAction\",\"target\":{\"@type\":\"EntryPoint\",\"urlTemplate\":\"https:\/\/masterchem.ee\/fi\/?s={search_term_string}\"},\"query-input\":{\"@type\":\"PropertyValueSpecification\",\"valueRequired\":true,\"valueName\":\"search_term_string\"}}],\"inLanguage\":\"fi\"},{\"@type\":\"Organization\",\"@id\":\"https:\/\/masterchem.ee\/fi\/#organization\",\"name\":\"Masterchem\",\"url\":\"https:\/\/masterchem.ee\/fi\/\",\"logo\":{\"@type\":\"ImageObject\",\"inLanguage\":\"fi\",\"@id\":\"https:\/\/masterchem.ee\/fi\/#\/schema\/logo\/image\/\",\"url\":\"https:\/\/masterchem.ee\/wp-content\/uploads\/2018\/02\/master-chem_final-1.png\",\"contentUrl\":\"https:\/\/masterchem.ee\/wp-content\/uploads\/2018\/02\/master-chem_final-1.png\",\"width\":850,\"height\":356,\"caption\":\"Masterchem\"},\"image\":{\"@id\":\"https:\/\/masterchem.ee\/fi\/#\/schema\/logo\/image\/\"}}]}<\/script>\n<!-- \/ Yoast SEO plugin. -->","yoast_head_json":{"title":"Kes\u00e4k\u00e4ytt\u00f6inen tuulilasinpesunestetiiviste - Chemistry For Industry - Solvents &amp; Chemicals - Masterchem.ee","description":"Kes\u00e4k\u00e4ytt\u00f6\u00f6n tarkoitettu tuulilasinpesunesteen tiiviste. Poistaa tehokkaasti hy\u00f6nteisten j\u00e4\u00e4mi\u00e4 tuulilasista ja pit\u00e4\u00e4 lasin puhtaana ankarissa olosuhteissa.","robots":{"index":"index","follow":"follow","max-snippet":"max-snippet:-1","max-image-preview":"max-image-preview:large","max-video-preview":"max-video-preview:-1"},"canonical":"https:\/\/masterchem.ee\/fi\/tooted-ja-teenused\/kesakayttoinen-tuulilasinpesunestetiiviste\/","twitter_card":"summary_large_image","twitter_title":"Kes\u00e4k\u00e4ytt\u00f6inen tuulilasinpesunestetiiviste - Chemistry For Industry - Solvents &amp; Chemicals - Masterchem.ee","twitter_description":"Kes\u00e4k\u00e4ytt\u00f6\u00f6n tarkoitettu tuulilasinpesunesteen tiiviste. Poistaa tehokkaasti hy\u00f6nteisten j\u00e4\u00e4mi\u00e4 tuulilasista ja pit\u00e4\u00e4 lasin puhtaana ankarissa olosuhteissa.","twitter_image":"https:\/\/masterchem.ee\/wp-content\/uploads\/2019\/09\/Suvine-klaasipesuvedeliku-kontsentraat_5L_MasterChem.jpg","schema":{"@context":"https:\/\/schema.org","@graph":[{"@type":"WebPage","@id":"https:\/\/masterchem.ee\/fi\/tooted-ja-teenused\/kesakayttoinen-tuulilasinpesunestetiiviste\/","url":"https:\/\/masterchem.ee\/fi\/tooted-ja-teenused\/kesakayttoinen-tuulilasinpesunestetiiviste\/","name":"Kes\u00e4k\u00e4ytt\u00f6inen tuulilasinpesunestetiiviste - Chemistry For Industry - Solvents &amp; Chemicals - Masterchem.ee","isPartOf":{"@id":"https:\/\/masterchem.ee\/fi\/#website"},"primaryImageOfPage":{"@id":"https:\/\/masterchem.ee\/fi\/tooted-ja-teenused\/kesakayttoinen-tuulilasinpesunestetiiviste\/#primaryimage"},"image":{"@id":"https:\/\/masterchem.ee\/fi\/tooted-ja-teenused\/kesakayttoinen-tuulilasinpesunestetiiviste\/#primaryimage"},"thumbnailUrl":"https:\/\/masterchem.ee\/wp-content\/uploads\/2019\/09\/Suvine-klaasipesuvedeliku-kontsentraat_5L_MasterChem.jpg","datePublished":"2019-09-30T10:06:43+00:00","description":"Kes\u00e4k\u00e4ytt\u00f6\u00f6n tarkoitettu tuulilasinpesunesteen tiiviste. Poistaa tehokkaasti hy\u00f6nteisten j\u00e4\u00e4mi\u00e4 tuulilasista ja pit\u00e4\u00e4 lasin puhtaana ankarissa olosuhteissa.","breadcrumb":{"@id":"https:\/\/masterchem.ee\/fi\/tooted-ja-teenused\/kesakayttoinen-tuulilasinpesunestetiiviste\/#breadcrumb"},"inLanguage":"fi","potentialAction":[{"@type":"ReadAction","target":["https:\/\/masterchem.ee\/fi\/tooted-ja-teenused\/kesakayttoinen-tuulilasinpesunestetiiviste\/"]}]},{"@type":"ImageObject","inLanguage":"fi","@id":"https:\/\/masterchem.ee\/fi\/tooted-ja-teenused\/kesakayttoinen-tuulilasinpesunestetiiviste\/#primaryimage","url":"https:\/\/masterchem.ee\/wp-content\/uploads\/2019\/09\/Suvine-klaasipesuvedeliku-kontsentraat_5L_MasterChem.jpg","contentUrl":"https:\/\/masterchem.ee\/wp-content\/uploads\/2019\/09\/Suvine-klaasipesuvedeliku-kontsentraat_5L_MasterChem.jpg","width":2000,"height":2000,"caption":"Kes\u00e4k\u00e4ytt\u00f6inen tuulilasinpesunestetiiviste 5L MasterChem"},{"@type":"BreadcrumbList","@id":"https:\/\/masterchem.ee\/fi\/tooted-ja-teenused\/kesakayttoinen-tuulilasinpesunestetiiviste\/#breadcrumb","itemListElement":[{"@type":"ListItem","position":1,"name":"Home","item":"https:\/\/masterchem.ee\/fi\/"},{"@type":"ListItem","position":2,"name":"Tooted ja teenused","item":"https:\/\/masterchem.ee\/tooted-ja-teenused\/"},{"@type":"ListItem","position":3,"name":"Kes\u00e4k\u00e4ytt\u00f6inen tuulilasinpesunestetiiviste"}]},{"@type":"WebSite","@id":"https:\/\/masterchem.ee\/fi\/#website","url":"https:\/\/masterchem.ee\/fi\/","name":"Masterchem.ee","description":"Chemistry For Industry - Solvents &amp; Chemicals","publisher":{"@id":"https:\/\/masterchem.ee\/fi\/#organization"},"potentialAction":[{"@type":"SearchAction","target":{"@type":"EntryPoint","urlTemplate":"https:\/\/masterchem.ee\/fi\/?s={search_term_string}"},"query-input":{"@type":"PropertyValueSpecification","valueRequired":true,"valueName":"search_term_string"}}],"inLanguage":"fi"},{"@type":"Organization","@id":"https:\/\/masterchem.ee\/fi\/#organization","name":"Masterchem","url":"https:\/\/masterchem.ee\/fi\/","logo":{"@type":"ImageObject","inLanguage":"fi","@id":"https:\/\/masterchem.ee\/fi\/#\/schema\/logo\/image\/","url":"https:\/\/masterchem.ee\/wp-content\/uploads\/2018\/02\/master-chem_final-1.png","contentUrl":"https:\/\/masterchem.ee\/wp-content\/uploads\/2018\/02\/master-chem_final-1.png","width":850,"height":356,"caption":"Masterchem"},"image":{"@id":"https:\/\/masterchem.ee\/fi\/#\/schema\/logo\/image\/"}}]}},"_links":{"self":[{"href":"https:\/\/masterchem.ee\/fi\/wp-json\/wp\/v2\/product\/26623","targetHints":{"allow":["GET"]}}],"collection":[{"href":"https:\/\/masterchem.ee\/fi\/wp-json\/wp\/v2\/product"}],"about":[{"href":"https:\/\/masterchem.ee\/fi\/wp-json\/wp\/v2\/types\/product"}],"wp:featuredmedia":[{"embeddable":true,"href":"https:\/\/masterchem.ee\/fi\/wp-json\/wp\/v2\/media\/26599"}],"wp:attachment":[{"href":"https:\/\/masterchem.ee\/fi\/wp-json\/wp\/v2\/media?parent=26623"}],"wp:term":[{"taxonomy":"product_brand","embeddable":true,"href":"https:\/\/masterchem.ee\/fi\/wp-json\/wp\/v2\/product_brand?post=26623"},{"taxonomy":"product_cat","embeddable":true,"href":"https:\/\/masterchem.ee\/fi\/wp-json\/wp\/v2\/product_cat?post=26623"},{"taxonomy":"product_tag","embeddable":true,"href":"https:\/\/masterchem.ee\/fi\/wp-json\/wp\/v2\/product_tag?post=26623"}],"curies":[{"name":"wp","href":"https:\/\/api.w.org\/{rel}","templated":true}]}}