{"id":2536,"date":"2018-09-11T11:14:57","date_gmt":"2018-09-11T11:14:57","guid":{"rendered":"https:\/\/masterchem.ee\/product\/oh-o-top-muovi-voi-220l-200-lit\/"},"modified":"2020-08-18T05:04:21","modified_gmt":"2020-08-18T05:04:21","slug":"oh-o-top-muovi-voi-220l-200-lit-kaytetty","status":"publish","type":"product","link":"https:\/\/masterchem.ee\/fi\/tooted-ja-teenused\/oh-o-top-muovi-voi-220l-200-lit-kaytetty\/","title":{"rendered":"OH O Top muovi voi 220L 200 lit (k\u00e4ytetty)"},"content":{"rendered":"<p>OH O Ylempi muovikannu 220L 200 litraa. Se on valettu yhdell\u00e4 operaatiolla suurimolekyylipainoisesta tihe\u00e4st\u00e4 polyeteenist\u00e4. Jopa \u00e4\u00e4rimm\u00e4isiss\u00e4 s\u00e4\u00e4olosuhteissa ei ole vaaraa tuotteiden saastumiselle. K\u00e4ytetty.<\/p>\n","protected":false},"excerpt":{"rendered":"<p>OH O Ylempi muovikannu 220L 200 litraa. Se on valettu yhdell\u00e4 operaatiolla suurimolekyylipainoisesta tihe\u00e4st\u00e4 polyeteenist\u00e4. Jopa \u00e4\u00e4rimm\u00e4isiss\u00e4 s\u00e4\u00e4olosuhteissa ei ole vaaraa tuotteiden saastumiselle. K\u00e4ytetty.<\/p>\n","protected":false},"featured_media":2518,"template":"","meta":[],"product_brand":[],"product_cat":[180,119],"product_tag":[],"class_list":{"0":"post-2536","1":"product","2":"type-product","3":"status-publish","4":"has-post-thumbnail","6":"product_cat-uncategorized-fi-2","7":"product_cat-pakkaus","8":"product_shipping_class-spesiaali","9":"pif-has-gallery","11":"first","12":"instock","13":"taxable","14":"shipping-taxable","15":"purchasable","16":"product-type-simple"},"yoast_head":"<!-- This site is optimized with the Yoast SEO plugin v26.2 - https:\/\/yoast.com\/wordpress\/plugins\/seo\/ -->\n<title>OH O Top muovi voi 220L 200 lit (k\u00e4ytetty) - Chemistry For Industry - Solvents &amp; Chemicals - Masterchem.ee<\/title>\n<meta name=\"description\" content=\"OH O Top muovi voi 220L 200 lit (k\u00e4ytetty)\" \/>\n<meta name=\"robots\" content=\"index, follow, max-snippet:-1, max-image-preview:large, max-video-preview:-1\" \/>\n<link rel=\"canonical\" href=\"https:\/\/masterchem.ee\/fi\/tooted-ja-teenused\/oh-o-top-muovi-voi-220l-200-lit-kaytetty\/\" \/>\n<meta name=\"twitter:card\" content=\"summary_large_image\" \/>\n<meta name=\"twitter:title\" content=\"OH O Top muovi voi 220L 200 lit (k\u00e4ytetty) - Chemistry For Industry - Solvents &amp; Chemicals - Masterchem.ee\" \/>\n<meta name=\"twitter:description\" content=\"OH O Top muovi voi 220L 200 lit (k\u00e4ytetty)\" \/>\n<meta name=\"twitter:image\" content=\"https:\/\/masterchem.ee\/wp-content\/uploads\/2018\/09\/OH-O-Top-plastik-vaat-220L-200-lit.jpg\" \/>\n<script type=\"application\/ld+json\" class=\"yoast-schema-graph\">{\"@context\":\"https:\/\/schema.org\",\"@graph\":[{\"@type\":\"WebPage\",\"@id\":\"https:\/\/masterchem.ee\/fi\/tooted-ja-teenused\/oh-o-top-muovi-voi-220l-200-lit-kaytetty\/\",\"url\":\"https:\/\/masterchem.ee\/fi\/tooted-ja-teenused\/oh-o-top-muovi-voi-220l-200-lit-kaytetty\/\",\"name\":\"OH O Top muovi voi 220L 200 lit (k\u00e4ytetty) - Chemistry For Industry - Solvents &amp; Chemicals - Masterchem.ee\",\"isPartOf\":{\"@id\":\"https:\/\/masterchem.ee\/fi\/#website\"},\"primaryImageOfPage\":{\"@id\":\"https:\/\/masterchem.ee\/fi\/tooted-ja-teenused\/oh-o-top-muovi-voi-220l-200-lit-kaytetty\/#primaryimage\"},\"image\":{\"@id\":\"https:\/\/masterchem.ee\/fi\/tooted-ja-teenused\/oh-o-top-muovi-voi-220l-200-lit-kaytetty\/#primaryimage\"},\"thumbnailUrl\":\"https:\/\/masterchem.ee\/wp-content\/uploads\/2018\/09\/OH-O-Top-plastik-vaat-220L-200-lit.jpg\",\"datePublished\":\"2018-09-11T11:14:57+00:00\",\"dateModified\":\"2020-08-18T05:04:21+00:00\",\"description\":\"OH O Top muovi voi 220L 200 lit (k\u00e4ytetty)\",\"breadcrumb\":{\"@id\":\"https:\/\/masterchem.ee\/fi\/tooted-ja-teenused\/oh-o-top-muovi-voi-220l-200-lit-kaytetty\/#breadcrumb\"},\"inLanguage\":\"fi\",\"potentialAction\":[{\"@type\":\"ReadAction\",\"target\":[\"https:\/\/masterchem.ee\/fi\/tooted-ja-teenused\/oh-o-top-muovi-voi-220l-200-lit-kaytetty\/\"]}]},{\"@type\":\"ImageObject\",\"inLanguage\":\"fi\",\"@id\":\"https:\/\/masterchem.ee\/fi\/tooted-ja-teenused\/oh-o-top-muovi-voi-220l-200-lit-kaytetty\/#primaryimage\",\"url\":\"https:\/\/masterchem.ee\/wp-content\/uploads\/2018\/09\/OH-O-Top-plastik-vaat-220L-200-lit.jpg\",\"contentUrl\":\"https:\/\/masterchem.ee\/wp-content\/uploads\/2018\/09\/OH-O-Top-plastik-vaat-220L-200-lit.jpg\",\"width\":500,\"height\":500,\"caption\":\"OH O Top muovi voi 220L 200 lit (k\u00e4ytetty)\"},{\"@type\":\"BreadcrumbList\",\"@id\":\"https:\/\/masterchem.ee\/fi\/tooted-ja-teenused\/oh-o-top-muovi-voi-220l-200-lit-kaytetty\/#breadcrumb\",\"itemListElement\":[{\"@type\":\"ListItem\",\"position\":1,\"name\":\"Home\",\"item\":\"https:\/\/masterchem.ee\/fi\/\"},{\"@type\":\"ListItem\",\"position\":2,\"name\":\"Tooted ja teenused\",\"item\":\"https:\/\/masterchem.ee\/tooted-ja-teenused\/\"},{\"@type\":\"ListItem\",\"position\":3,\"name\":\"OH O Top muovi voi 220L 200 lit (k\u00e4ytetty)\"}]},{\"@type\":\"WebSite\",\"@id\":\"https:\/\/masterchem.ee\/fi\/#website\",\"url\":\"https:\/\/masterchem.ee\/fi\/\",\"name\":\"Masterchem.ee\",\"description\":\"Chemistry For Industry - Solvents &amp; Chemicals\",\"publisher\":{\"@id\":\"https:\/\/masterchem.ee\/fi\/#organization\"},\"potentialAction\":[{\"@type\":\"SearchAction\",\"target\":{\"@type\":\"EntryPoint\",\"urlTemplate\":\"https:\/\/masterchem.ee\/fi\/?s={search_term_string}\"},\"query-input\":{\"@type\":\"PropertyValueSpecification\",\"valueRequired\":true,\"valueName\":\"search_term_string\"}}],\"inLanguage\":\"fi\"},{\"@type\":\"Organization\",\"@id\":\"https:\/\/masterchem.ee\/fi\/#organization\",\"name\":\"Masterchem\",\"url\":\"https:\/\/masterchem.ee\/fi\/\",\"logo\":{\"@type\":\"ImageObject\",\"inLanguage\":\"fi\",\"@id\":\"https:\/\/masterchem.ee\/fi\/#\/schema\/logo\/image\/\",\"url\":\"https:\/\/masterchem.ee\/wp-content\/uploads\/2018\/02\/master-chem_final-1.png\",\"contentUrl\":\"https:\/\/masterchem.ee\/wp-content\/uploads\/2018\/02\/master-chem_final-1.png\",\"width\":850,\"height\":356,\"caption\":\"Masterchem\"},\"image\":{\"@id\":\"https:\/\/masterchem.ee\/fi\/#\/schema\/logo\/image\/\"}}]}<\/script>\n<!-- \/ Yoast SEO plugin. -->","yoast_head_json":{"title":"OH O Top muovi voi 220L 200 lit (k\u00e4ytetty) - Chemistry For Industry - Solvents &amp; Chemicals - Masterchem.ee","description":"OH O Top muovi voi 220L 200 lit (k\u00e4ytetty)","robots":{"index":"index","follow":"follow","max-snippet":"max-snippet:-1","max-image-preview":"max-image-preview:large","max-video-preview":"max-video-preview:-1"},"canonical":"https:\/\/masterchem.ee\/fi\/tooted-ja-teenused\/oh-o-top-muovi-voi-220l-200-lit-kaytetty\/","twitter_card":"summary_large_image","twitter_title":"OH O Top muovi voi 220L 200 lit (k\u00e4ytetty) - Chemistry For Industry - Solvents &amp; Chemicals - Masterchem.ee","twitter_description":"OH O Top muovi voi 220L 200 lit (k\u00e4ytetty)","twitter_image":"https:\/\/masterchem.ee\/wp-content\/uploads\/2018\/09\/OH-O-Top-plastik-vaat-220L-200-lit.jpg","schema":{"@context":"https:\/\/schema.org","@graph":[{"@type":"WebPage","@id":"https:\/\/masterchem.ee\/fi\/tooted-ja-teenused\/oh-o-top-muovi-voi-220l-200-lit-kaytetty\/","url":"https:\/\/masterchem.ee\/fi\/tooted-ja-teenused\/oh-o-top-muovi-voi-220l-200-lit-kaytetty\/","name":"OH O Top muovi voi 220L 200 lit (k\u00e4ytetty) - Chemistry For Industry - Solvents &amp; Chemicals - Masterchem.ee","isPartOf":{"@id":"https:\/\/masterchem.ee\/fi\/#website"},"primaryImageOfPage":{"@id":"https:\/\/masterchem.ee\/fi\/tooted-ja-teenused\/oh-o-top-muovi-voi-220l-200-lit-kaytetty\/#primaryimage"},"image":{"@id":"https:\/\/masterchem.ee\/fi\/tooted-ja-teenused\/oh-o-top-muovi-voi-220l-200-lit-kaytetty\/#primaryimage"},"thumbnailUrl":"https:\/\/masterchem.ee\/wp-content\/uploads\/2018\/09\/OH-O-Top-plastik-vaat-220L-200-lit.jpg","datePublished":"2018-09-11T11:14:57+00:00","dateModified":"2020-08-18T05:04:21+00:00","description":"OH O Top muovi voi 220L 200 lit (k\u00e4ytetty)","breadcrumb":{"@id":"https:\/\/masterchem.ee\/fi\/tooted-ja-teenused\/oh-o-top-muovi-voi-220l-200-lit-kaytetty\/#breadcrumb"},"inLanguage":"fi","potentialAction":[{"@type":"ReadAction","target":["https:\/\/masterchem.ee\/fi\/tooted-ja-teenused\/oh-o-top-muovi-voi-220l-200-lit-kaytetty\/"]}]},{"@type":"ImageObject","inLanguage":"fi","@id":"https:\/\/masterchem.ee\/fi\/tooted-ja-teenused\/oh-o-top-muovi-voi-220l-200-lit-kaytetty\/#primaryimage","url":"https:\/\/masterchem.ee\/wp-content\/uploads\/2018\/09\/OH-O-Top-plastik-vaat-220L-200-lit.jpg","contentUrl":"https:\/\/masterchem.ee\/wp-content\/uploads\/2018\/09\/OH-O-Top-plastik-vaat-220L-200-lit.jpg","width":500,"height":500,"caption":"OH O Top muovi voi 220L 200 lit (k\u00e4ytetty)"},{"@type":"BreadcrumbList","@id":"https:\/\/masterchem.ee\/fi\/tooted-ja-teenused\/oh-o-top-muovi-voi-220l-200-lit-kaytetty\/#breadcrumb","itemListElement":[{"@type":"ListItem","position":1,"name":"Home","item":"https:\/\/masterchem.ee\/fi\/"},{"@type":"ListItem","position":2,"name":"Tooted ja teenused","item":"https:\/\/masterchem.ee\/tooted-ja-teenused\/"},{"@type":"ListItem","position":3,"name":"OH O Top muovi voi 220L 200 lit (k\u00e4ytetty)"}]},{"@type":"WebSite","@id":"https:\/\/masterchem.ee\/fi\/#website","url":"https:\/\/masterchem.ee\/fi\/","name":"Masterchem.ee","description":"Chemistry For Industry - Solvents &amp; Chemicals","publisher":{"@id":"https:\/\/masterchem.ee\/fi\/#organization"},"potentialAction":[{"@type":"SearchAction","target":{"@type":"EntryPoint","urlTemplate":"https:\/\/masterchem.ee\/fi\/?s={search_term_string}"},"query-input":{"@type":"PropertyValueSpecification","valueRequired":true,"valueName":"search_term_string"}}],"inLanguage":"fi"},{"@type":"Organization","@id":"https:\/\/masterchem.ee\/fi\/#organization","name":"Masterchem","url":"https:\/\/masterchem.ee\/fi\/","logo":{"@type":"ImageObject","inLanguage":"fi","@id":"https:\/\/masterchem.ee\/fi\/#\/schema\/logo\/image\/","url":"https:\/\/masterchem.ee\/wp-content\/uploads\/2018\/02\/master-chem_final-1.png","contentUrl":"https:\/\/masterchem.ee\/wp-content\/uploads\/2018\/02\/master-chem_final-1.png","width":850,"height":356,"caption":"Masterchem"},"image":{"@id":"https:\/\/masterchem.ee\/fi\/#\/schema\/logo\/image\/"}}]}},"_links":{"self":[{"href":"https:\/\/masterchem.ee\/fi\/wp-json\/wp\/v2\/product\/2536","targetHints":{"allow":["GET"]}}],"collection":[{"href":"https:\/\/masterchem.ee\/fi\/wp-json\/wp\/v2\/product"}],"about":[{"href":"https:\/\/masterchem.ee\/fi\/wp-json\/wp\/v2\/types\/product"}],"wp:featuredmedia":[{"embeddable":true,"href":"https:\/\/masterchem.ee\/fi\/wp-json\/wp\/v2\/media\/2518"}],"wp:attachment":[{"href":"https:\/\/masterchem.ee\/fi\/wp-json\/wp\/v2\/media?parent=2536"}],"wp:term":[{"taxonomy":"product_brand","embeddable":true,"href":"https:\/\/masterchem.ee\/fi\/wp-json\/wp\/v2\/product_brand?post=2536"},{"taxonomy":"product_cat","embeddable":true,"href":"https:\/\/masterchem.ee\/fi\/wp-json\/wp\/v2\/product_cat?post=2536"},{"taxonomy":"product_tag","embeddable":true,"href":"https:\/\/masterchem.ee\/fi\/wp-json\/wp\/v2\/product_tag?post=2536"}],"curies":[{"name":"wp","href":"https:\/\/api.w.org\/{rel}","templated":true}]}}