{"id":25324,"date":"2024-04-11T16:08:34","date_gmt":"2024-04-11T16:08:39","guid":{"rendered":"https:\/\/masterchem.ee\/?post_type=product&#038;p=25324"},"modified":"2024-04-17T15:58:14","modified_gmt":"2024-04-17T15:58:14","slug":"masterguard-arcticshield-marine-jaaty-mi-se-nes-toaine-50hd","status":"publish","type":"product","link":"https:\/\/masterchem.ee\/fi\/tooted-ja-teenused\/masterguard-arcticshield-marine-jaaty-mi-se-nes-toaine-50hd\/","title":{"rendered":"MasterGuard ArcticShield Marine J\u00e4\u00e4ty\u00admi\u00adse\u00adnes\u00adtoaine -50HD\u2122"},"content":{"rendered":"<p><strong>Erottuiset ominaisuudet:<\/strong><br \/>\n\u2022 Ihanteellinen k\u00e4ytett\u00e4v\u00e4ksi pohjoisissa maissa, joissa \u00e4killiset l\u00e4mp\u00f6tilan laskut ovat mahdollisia<br \/>\n\u2022 Kehittynyt kulumaton korroosionestoaine tarjoaa pitk\u00e4n k\u00e4ytt\u00f6i\u00e4n minimaalisella huollolla ja h\u00e4iri\u00f6tt\u00f6m\u00e4ll\u00e4 moottorin toiminnalla<br \/>\n\u2022 Suunniteltu useille laivakulkuneuvoille ja on suunniteltu k\u00e4ytett\u00e4v\u00e4ksi yli 20 000 tunnin vaihtov\u00e4leill\u00e4 paikallaan olevissa moottoreissa<br \/>\n\u2022 Tarjoaa luotettavuuden ja suojan korroosiolta termostaattien, l\u00e4mp\u00f6patterien, vesipumppujen ja muiden j\u00e4\u00e4hdytysj\u00e4rjestelm\u00e4n herkkien osien osalta<br \/>\n\u2022 Eritt\u00e4in tehokas koostumus ilman silikaatteja ja fosfaatteja tarjoaa vakaat k\u00e4ytt\u00f6ominaisuudet, kun se laimennetaan kovaan veteen<br \/>\n\u2022 Nitriittit\u00f6n<br \/>\n\u2022 Suojaa nykyaikaisia moottoreita korkean l\u00e4mp\u00f6tilan korroosiolta, mik\u00e4 v\u00e4hent\u00e4\u00e4 huoltoaikaa, kustannuksia, seisokkeja ja j\u00e4tett\u00e4.<\/p>\n<p><strong>Tuotteen ominaisuudet:<\/strong><br \/>\nJ\u00e4\u00e4tymispiste: -50\u00b0C<br \/>\nInhibiittori: ASTM D3306, D4985, D6210 standardi<br \/>\nTiheys 20 \u00baC:ssa: 1,047 g\/cm3<br \/>\nV\u00e4ri\/ulkon\u00e4k\u00f6: punainen, kirkas<br \/>\nHaju: ei<br \/>\nK\u00e4ytt\u00f6ik\u00e4: v\u00e4hint\u00e4\u00e4n 6 vuotta ja riippuu k\u00e4ytt\u00f6s\u00e4\u00e4nn\u00f6ist\u00e4<br \/>\nS\u00e4ilyvyys: 72 kuukautta.<\/p>\n<p><strong>Annostustaulukko<\/strong><\/p>\n<table border=\"1\" cellpacing=\"0\" cellpadding=\"0\">\n<tbody>\n<tr>\n<td>MasterSeaSafe pakkasneste<\/td>\n<td>Vesi<\/td>\n<td>Suojaus \u00b0C asti<\/td>\n<\/tr>\n<tr>\n<td>1 litra<\/td>\n<td>&#8211;<\/td>\n<td>-50<\/td>\n<\/tr>\n<tr>\n<td>1 litra<\/td>\n<td>0,5 L<\/td>\n<td>-30<\/td>\n<\/tr>\n<tr>\n<td>1 litra<\/td>\n<td>1 litra<\/td>\n<td>-15<\/td>\n<\/tr>\n<\/tbody>\n<\/table>\n<p><strong>K\u00e4ytt\u00f6opas:<\/strong><br \/>\nJ\u00e4rjestelm\u00e4n valmistelu: Huuhtele veneen j\u00e4\u00e4hdytysj\u00e4rjestelm\u00e4 poistaaksesi kaikki nestej\u00e4\u00e4m\u00e4t, roskat tai kalkki. Varmista, ett\u00e4 j\u00e4rjestelm\u00e4ss\u00e4 ei ole korroosiota eik\u00e4 sinkki\u00e4 sis\u00e4lt\u00e4vi\u00e4 osia.<br \/>\nT\u00e4ytt\u00f6: Jos veneess\u00e4 on avoin j\u00e4\u00e4hdytysj\u00e4rjestelm\u00e4, t\u00e4yt\u00e4 k\u00e4sin. Suljetuissa j\u00e4rjestelmiss\u00e4 t\u00e4yt\u00e4 paineen alaisena pumppu, mik\u00e4 varmistaa t\u00e4ydellisen peiton.<br \/>\nVuodonesto: Korkean kostutusvaikutuksensa ansiosta varmista, ett\u00e4 kaikki liit\u00e4nn\u00e4t on tiivistetty tiiviisti vuotojen est\u00e4miseksi, mik\u00e4 voi heikent\u00e4\u00e4 j\u00e4rjestelm\u00e4n tehokkuutta.<br \/>\nK\u00e4ynnistys: Kylmiss\u00e4 olosuhteissa l\u00e4mmit\u00e4 moottori ennen j\u00e4\u00e4hdytysnesteen kierr\u00e4tt\u00e4mist\u00e4, mik\u00e4 v\u00e4hent\u00e4\u00e4 pumpun kuormitusta.<br \/>\nT\u00e4m\u00e4 l\u00e4hestymistapa korostaa tuotteen erityist\u00e4 sovellusta veneille ja vastaa meriymp\u00e4rist\u00f6n tarpeisiin ja olosuhteisiin.<\/p>\n<p>Suositeltu varastointil\u00e4mp\u00f6tila v\u00e4hint\u00e4\u00e4n: 0 C enint\u00e4\u00e4n: 20 C<br \/>\nArtikkeli: MGASM-50PRO57-55-6<br \/>\nAinesosat: propyleeniglykoli (CAS 57-55-6), demineralisoitu vesi, est\u00e4j\u00e4lis\u00e4aineet, stabilointiaineet<br \/>\nAlkuper\u00e4maa: Viro<\/p>\n<p>Pakkaus: 1 litra, 5 litraa, 20 litraa, 25 litraa, 200 litraa, 1000 litraa<\/p>\n<p>EAN:<br \/>\n4742668000829 1-litrainen muovipurkki<br \/>\n4742668000836 5-litrainen muovipurkki<br \/>\n4742668000843 20-litrainen muovipurkki<br \/>\n4742668000850 25-litrainen muovipurkki<br \/>\n4742668000867 200 valaistu muovirumpu<br \/>\n4742668000874 1000 valaistu IBC-kontti<\/p>\n","protected":false},"excerpt":{"rendered":"<p>MasterGuard ArcticShield Marine J\u00e4\u00e4ty\u00admi\u00adse\u00adnes\u00adtoaine -50HD\u2122 soveltuu sek\u00e4 bensiini- ett\u00e4 dieselmoottoreihin. MasterGuard ArcticShield Marine Antifreeze -50HD\u2122 on korkealaatuinen, eritt\u00e4in pitk\u00e4ik\u00e4inen j\u00e4\u00e4hdytysneste, joka on suunniteltu laivojen moottoreihin ja tarjoaa erinomaisen suojan j\u00e4\u00e4tymiselt\u00e4 ankarissa meriymp\u00e4rist\u00f6iss\u00e4 eritt\u00e4in kylmiss\u00e4 l\u00e4mp\u00f6tiloissa. Se on valmistettu propyleeniglykolista ja innovatiivisista korroosionestoaineista, mik\u00e4 takaa veneen moottoreiden optimaalisen suorituskyvyn ja pitk\u00e4ik\u00e4isyyden. K\u00e4ytt\u00e4\u00e4 karboksylaattilis\u00e4aineteknologiaa, joka on kehitetty eritt\u00e4in tehokkaaseen j\u00e4rjestelm\u00e4n suojaamiseen maksimaalisella k\u00e4ytt\u00f6ajalla erilaisissa k\u00e4ytt\u00f6olosuhteissa. T\u00e4m\u00e4 ymp\u00e4rist\u00f6yst\u00e4v\u00e4llinen ratkaisu on myrkyt\u00f6n, joten se on turvallinen meriymp\u00e4rist\u00f6ss\u00e4. T\u00e4ytt\u00e4\u00e4 standardit: ASTM D3306, ASTM D4985, ASTM D6210, SAE J1038, CAT EC-1, Cummins CES 14603, Detroit Diesel 7SE298, 93K217, Freightliner 48-22880, TMC 187925,\/22880, GM1879M,\/ MS-7170 , MS-9769, Ford WSS-M97B51-A1, WSS-M97B44-D, Mack Trucks CN H, 324.<\/p>\n<p>MasterGuard ArcticShield Marine -j\u00e4\u00e4hdytysnestett\u00e4 voidaan k\u00e4ytt\u00e4\u00e4 my\u00f6s veneiss\u00e4 ja vapaa-ajan ajoneuvoissa, matkailuautoissa ja asuntovaunuissa suojaamaan sis\u00e4moottoreita, juomavett\u00e4 ja wc-j\u00e4rjestelmi\u00e4 j\u00e4\u00e4tymiselt\u00e4.<\/p>\n","protected":false},"featured_media":25352,"template":"","meta":[],"product_brand":[],"product_cat":[180,109,302,117,114],"product_tag":[],"class_list":{"0":"post-25324","1":"product","2":"type-product","3":"status-publish","4":"has-post-thumbnail","6":"product_cat-uncategorized-fi-2","7":"product_cat-anti-jaatymisnesteet","8":"product_cat-jaahdytysnesteet","9":"product_cat-kotitalouskemikaalit","10":"product_cat-rakennusteollisuus","11":"pif-has-gallery","13":"first","14":"instock","15":"taxable","16":"shipping-taxable","17":"purchasable","18":"product-type-variable","19":"has-default-attributes"},"yoast_head":"<!-- This site is optimized with the Yoast SEO plugin v26.2 - https:\/\/yoast.com\/wordpress\/plugins\/seo\/ -->\n<title>MasterGuard ArcticShield Marine J\u00e4\u00e4ty\u00admi\u00adse\u00adnes\u00adtoaine -50HD\u2122 - Chemistry For Industry - Solvents &amp; Chemicals - Masterchem.ee<\/title>\n<meta name=\"description\" content=\"MasterGuard ArcticShield Marine J\u00e4\u00e4ty\u00admi\u00adse\u00adnes\u00adtoaine -50HD\u2122 soveltuu sek\u00e4 bensiini- ett\u00e4 dieselmoottoreihin.\" \/>\n<meta name=\"robots\" content=\"index, follow, max-snippet:-1, max-image-preview:large, max-video-preview:-1\" \/>\n<link rel=\"canonical\" href=\"https:\/\/masterchem.ee\/fi\/tooted-ja-teenused\/masterguard-arcticshield-marine-jaaty-mi-se-nes-toaine-50hd\/\" \/>\n<meta name=\"twitter:card\" content=\"summary_large_image\" \/>\n<meta name=\"twitter:title\" content=\"MasterGuard ArcticShield Marine J\u00e4\u00e4ty\u00admi\u00adse\u00adnes\u00adtoaine -50HD\u2122 - Chemistry For Industry - Solvents &amp; Chemicals - Masterchem.ee\" \/>\n<meta name=\"twitter:description\" content=\"MasterGuard ArcticShield Marine J\u00e4\u00e4ty\u00admi\u00adse\u00adnes\u00adtoaine -50HD\u2122 soveltuu sek\u00e4 bensiini- ett\u00e4 dieselmoottoreihin.\" \/>\n<meta name=\"twitter:image\" content=\"https:\/\/masterchem.ee\/wp-content\/uploads\/2024\/04\/MasterGuard-ArcticShield-Marine-Antifreeze-50HD-1000L.jpg\" \/>\n<meta name=\"twitter:label1\" content=\"Arvioitu lukuaika\" \/>\n\t<meta name=\"twitter:data1\" content=\"2 minuuttia\" \/>\n<script type=\"application\/ld+json\" class=\"yoast-schema-graph\">{\"@context\":\"https:\/\/schema.org\",\"@graph\":[{\"@type\":\"WebPage\",\"@id\":\"https:\/\/masterchem.ee\/fi\/tooted-ja-teenused\/masterguard-arcticshield-marine-jaaty-mi-se-nes-toaine-50hd\/\",\"url\":\"https:\/\/masterchem.ee\/fi\/tooted-ja-teenused\/masterguard-arcticshield-marine-jaaty-mi-se-nes-toaine-50hd\/\",\"name\":\"MasterGuard ArcticShield Marine J\u00e4\u00e4ty\u00admi\u00adse\u00adnes\u00adtoaine -50HD\u2122 - Chemistry For Industry - Solvents &amp; Chemicals - Masterchem.ee\",\"isPartOf\":{\"@id\":\"https:\/\/masterchem.ee\/fi\/#website\"},\"primaryImageOfPage\":{\"@id\":\"https:\/\/masterchem.ee\/fi\/tooted-ja-teenused\/masterguard-arcticshield-marine-jaaty-mi-se-nes-toaine-50hd\/#primaryimage\"},\"image\":{\"@id\":\"https:\/\/masterchem.ee\/fi\/tooted-ja-teenused\/masterguard-arcticshield-marine-jaaty-mi-se-nes-toaine-50hd\/#primaryimage\"},\"thumbnailUrl\":\"https:\/\/masterchem.ee\/wp-content\/uploads\/2024\/04\/MasterGuard-ArcticShield-Marine-Antifreeze-50HD-1000L.jpg\",\"datePublished\":\"2024-04-11T16:08:39+00:00\",\"dateModified\":\"2024-04-17T15:58:14+00:00\",\"description\":\"MasterGuard ArcticShield Marine J\u00e4\u00e4ty\u00admi\u00adse\u00adnes\u00adtoaine -50HD\u2122 soveltuu sek\u00e4 bensiini- ett\u00e4 dieselmoottoreihin.\",\"breadcrumb\":{\"@id\":\"https:\/\/masterchem.ee\/fi\/tooted-ja-teenused\/masterguard-arcticshield-marine-jaaty-mi-se-nes-toaine-50hd\/#breadcrumb\"},\"inLanguage\":\"fi\",\"potentialAction\":[{\"@type\":\"ReadAction\",\"target\":[\"https:\/\/masterchem.ee\/fi\/tooted-ja-teenused\/masterguard-arcticshield-marine-jaaty-mi-se-nes-toaine-50hd\/\"]}]},{\"@type\":\"ImageObject\",\"inLanguage\":\"fi\",\"@id\":\"https:\/\/masterchem.ee\/fi\/tooted-ja-teenused\/masterguard-arcticshield-marine-jaaty-mi-se-nes-toaine-50hd\/#primaryimage\",\"url\":\"https:\/\/masterchem.ee\/wp-content\/uploads\/2024\/04\/MasterGuard-ArcticShield-Marine-Antifreeze-50HD-1000L.jpg\",\"contentUrl\":\"https:\/\/masterchem.ee\/wp-content\/uploads\/2024\/04\/MasterGuard-ArcticShield-Marine-Antifreeze-50HD-1000L.jpg\",\"width\":1800,\"height\":1800,\"caption\":\"MasterGuard ArcticShield Marine J\u00e4\u00e4ty\u00admi\u00adse\u00adnes\u00adtoaine -50HD\u2122 1000L\"},{\"@type\":\"BreadcrumbList\",\"@id\":\"https:\/\/masterchem.ee\/fi\/tooted-ja-teenused\/masterguard-arcticshield-marine-jaaty-mi-se-nes-toaine-50hd\/#breadcrumb\",\"itemListElement\":[{\"@type\":\"ListItem\",\"position\":1,\"name\":\"Home\",\"item\":\"https:\/\/masterchem.ee\/fi\/\"},{\"@type\":\"ListItem\",\"position\":2,\"name\":\"Tooted ja teenused\",\"item\":\"https:\/\/masterchem.ee\/tooted-ja-teenused\/\"},{\"@type\":\"ListItem\",\"position\":3,\"name\":\"MasterGuard ArcticShield Marine J\u00e4\u00e4ty\u00admi\u00adse\u00adnes\u00adtoaine -50HD\u2122\"}]},{\"@type\":\"WebSite\",\"@id\":\"https:\/\/masterchem.ee\/fi\/#website\",\"url\":\"https:\/\/masterchem.ee\/fi\/\",\"name\":\"Masterchem.ee\",\"description\":\"Chemistry For Industry - Solvents &amp; Chemicals\",\"publisher\":{\"@id\":\"https:\/\/masterchem.ee\/fi\/#organization\"},\"potentialAction\":[{\"@type\":\"SearchAction\",\"target\":{\"@type\":\"EntryPoint\",\"urlTemplate\":\"https:\/\/masterchem.ee\/fi\/?s={search_term_string}\"},\"query-input\":{\"@type\":\"PropertyValueSpecification\",\"valueRequired\":true,\"valueName\":\"search_term_string\"}}],\"inLanguage\":\"fi\"},{\"@type\":\"Organization\",\"@id\":\"https:\/\/masterchem.ee\/fi\/#organization\",\"name\":\"Masterchem\",\"url\":\"https:\/\/masterchem.ee\/fi\/\",\"logo\":{\"@type\":\"ImageObject\",\"inLanguage\":\"fi\",\"@id\":\"https:\/\/masterchem.ee\/fi\/#\/schema\/logo\/image\/\",\"url\":\"https:\/\/masterchem.ee\/wp-content\/uploads\/2018\/02\/master-chem_final-1.png\",\"contentUrl\":\"https:\/\/masterchem.ee\/wp-content\/uploads\/2018\/02\/master-chem_final-1.png\",\"width\":850,\"height\":356,\"caption\":\"Masterchem\"},\"image\":{\"@id\":\"https:\/\/masterchem.ee\/fi\/#\/schema\/logo\/image\/\"}}]}<\/script>\n<!-- \/ Yoast SEO plugin. -->","yoast_head_json":{"title":"MasterGuard ArcticShield Marine J\u00e4\u00e4ty\u00admi\u00adse\u00adnes\u00adtoaine -50HD\u2122 - Chemistry For Industry - Solvents &amp; Chemicals - Masterchem.ee","description":"MasterGuard ArcticShield Marine J\u00e4\u00e4ty\u00admi\u00adse\u00adnes\u00adtoaine -50HD\u2122 soveltuu sek\u00e4 bensiini- ett\u00e4 dieselmoottoreihin.","robots":{"index":"index","follow":"follow","max-snippet":"max-snippet:-1","max-image-preview":"max-image-preview:large","max-video-preview":"max-video-preview:-1"},"canonical":"https:\/\/masterchem.ee\/fi\/tooted-ja-teenused\/masterguard-arcticshield-marine-jaaty-mi-se-nes-toaine-50hd\/","twitter_card":"summary_large_image","twitter_title":"MasterGuard ArcticShield Marine J\u00e4\u00e4ty\u00admi\u00adse\u00adnes\u00adtoaine -50HD\u2122 - Chemistry For Industry - Solvents &amp; Chemicals - Masterchem.ee","twitter_description":"MasterGuard ArcticShield Marine J\u00e4\u00e4ty\u00admi\u00adse\u00adnes\u00adtoaine -50HD\u2122 soveltuu sek\u00e4 bensiini- ett\u00e4 dieselmoottoreihin.","twitter_image":"https:\/\/masterchem.ee\/wp-content\/uploads\/2024\/04\/MasterGuard-ArcticShield-Marine-Antifreeze-50HD-1000L.jpg","twitter_misc":{"Arvioitu lukuaika":"2 minuuttia"},"schema":{"@context":"https:\/\/schema.org","@graph":[{"@type":"WebPage","@id":"https:\/\/masterchem.ee\/fi\/tooted-ja-teenused\/masterguard-arcticshield-marine-jaaty-mi-se-nes-toaine-50hd\/","url":"https:\/\/masterchem.ee\/fi\/tooted-ja-teenused\/masterguard-arcticshield-marine-jaaty-mi-se-nes-toaine-50hd\/","name":"MasterGuard ArcticShield Marine J\u00e4\u00e4ty\u00admi\u00adse\u00adnes\u00adtoaine -50HD\u2122 - Chemistry For Industry - Solvents &amp; Chemicals - Masterchem.ee","isPartOf":{"@id":"https:\/\/masterchem.ee\/fi\/#website"},"primaryImageOfPage":{"@id":"https:\/\/masterchem.ee\/fi\/tooted-ja-teenused\/masterguard-arcticshield-marine-jaaty-mi-se-nes-toaine-50hd\/#primaryimage"},"image":{"@id":"https:\/\/masterchem.ee\/fi\/tooted-ja-teenused\/masterguard-arcticshield-marine-jaaty-mi-se-nes-toaine-50hd\/#primaryimage"},"thumbnailUrl":"https:\/\/masterchem.ee\/wp-content\/uploads\/2024\/04\/MasterGuard-ArcticShield-Marine-Antifreeze-50HD-1000L.jpg","datePublished":"2024-04-11T16:08:39+00:00","dateModified":"2024-04-17T15:58:14+00:00","description":"MasterGuard ArcticShield Marine J\u00e4\u00e4ty\u00admi\u00adse\u00adnes\u00adtoaine -50HD\u2122 soveltuu sek\u00e4 bensiini- ett\u00e4 dieselmoottoreihin.","breadcrumb":{"@id":"https:\/\/masterchem.ee\/fi\/tooted-ja-teenused\/masterguard-arcticshield-marine-jaaty-mi-se-nes-toaine-50hd\/#breadcrumb"},"inLanguage":"fi","potentialAction":[{"@type":"ReadAction","target":["https:\/\/masterchem.ee\/fi\/tooted-ja-teenused\/masterguard-arcticshield-marine-jaaty-mi-se-nes-toaine-50hd\/"]}]},{"@type":"ImageObject","inLanguage":"fi","@id":"https:\/\/masterchem.ee\/fi\/tooted-ja-teenused\/masterguard-arcticshield-marine-jaaty-mi-se-nes-toaine-50hd\/#primaryimage","url":"https:\/\/masterchem.ee\/wp-content\/uploads\/2024\/04\/MasterGuard-ArcticShield-Marine-Antifreeze-50HD-1000L.jpg","contentUrl":"https:\/\/masterchem.ee\/wp-content\/uploads\/2024\/04\/MasterGuard-ArcticShield-Marine-Antifreeze-50HD-1000L.jpg","width":1800,"height":1800,"caption":"MasterGuard ArcticShield Marine J\u00e4\u00e4ty\u00admi\u00adse\u00adnes\u00adtoaine -50HD\u2122 1000L"},{"@type":"BreadcrumbList","@id":"https:\/\/masterchem.ee\/fi\/tooted-ja-teenused\/masterguard-arcticshield-marine-jaaty-mi-se-nes-toaine-50hd\/#breadcrumb","itemListElement":[{"@type":"ListItem","position":1,"name":"Home","item":"https:\/\/masterchem.ee\/fi\/"},{"@type":"ListItem","position":2,"name":"Tooted ja teenused","item":"https:\/\/masterchem.ee\/tooted-ja-teenused\/"},{"@type":"ListItem","position":3,"name":"MasterGuard ArcticShield Marine J\u00e4\u00e4ty\u00admi\u00adse\u00adnes\u00adtoaine -50HD\u2122"}]},{"@type":"WebSite","@id":"https:\/\/masterchem.ee\/fi\/#website","url":"https:\/\/masterchem.ee\/fi\/","name":"Masterchem.ee","description":"Chemistry For Industry - Solvents &amp; Chemicals","publisher":{"@id":"https:\/\/masterchem.ee\/fi\/#organization"},"potentialAction":[{"@type":"SearchAction","target":{"@type":"EntryPoint","urlTemplate":"https:\/\/masterchem.ee\/fi\/?s={search_term_string}"},"query-input":{"@type":"PropertyValueSpecification","valueRequired":true,"valueName":"search_term_string"}}],"inLanguage":"fi"},{"@type":"Organization","@id":"https:\/\/masterchem.ee\/fi\/#organization","name":"Masterchem","url":"https:\/\/masterchem.ee\/fi\/","logo":{"@type":"ImageObject","inLanguage":"fi","@id":"https:\/\/masterchem.ee\/fi\/#\/schema\/logo\/image\/","url":"https:\/\/masterchem.ee\/wp-content\/uploads\/2018\/02\/master-chem_final-1.png","contentUrl":"https:\/\/masterchem.ee\/wp-content\/uploads\/2018\/02\/master-chem_final-1.png","width":850,"height":356,"caption":"Masterchem"},"image":{"@id":"https:\/\/masterchem.ee\/fi\/#\/schema\/logo\/image\/"}}]}},"_links":{"self":[{"href":"https:\/\/masterchem.ee\/fi\/wp-json\/wp\/v2\/product\/25324","targetHints":{"allow":["GET"]}}],"collection":[{"href":"https:\/\/masterchem.ee\/fi\/wp-json\/wp\/v2\/product"}],"about":[{"href":"https:\/\/masterchem.ee\/fi\/wp-json\/wp\/v2\/types\/product"}],"wp:featuredmedia":[{"embeddable":true,"href":"https:\/\/masterchem.ee\/fi\/wp-json\/wp\/v2\/media\/25352"}],"wp:attachment":[{"href":"https:\/\/masterchem.ee\/fi\/wp-json\/wp\/v2\/media?parent=25324"}],"wp:term":[{"taxonomy":"product_brand","embeddable":true,"href":"https:\/\/masterchem.ee\/fi\/wp-json\/wp\/v2\/product_brand?post=25324"},{"taxonomy":"product_cat","embeddable":true,"href":"https:\/\/masterchem.ee\/fi\/wp-json\/wp\/v2\/product_cat?post=25324"},{"taxonomy":"product_tag","embeddable":true,"href":"https:\/\/masterchem.ee\/fi\/wp-json\/wp\/v2\/product_tag?post=25324"}],"curies":[{"name":"wp","href":"https:\/\/api.w.org\/{rel}","templated":true}]}}