{"id":25261,"date":"2024-04-10T18:23:44","date_gmt":"2024-04-10T18:23:48","guid":{"rendered":"https:\/\/masterchem.ee\/?post_type=product&#038;p=25261"},"modified":"2024-04-17T16:01:36","modified_gmt":"2024-04-17T16:01:36","slug":"masterseasafe-marine-jaaty-mi-se-nes-toaine-30pro","status":"publish","type":"product","link":"https:\/\/masterchem.ee\/fi\/tooted-ja-teenused\/masterseasafe-marine-jaaty-mi-se-nes-toaine-30pro\/","title":{"rendered":"MasterSeaSafe Marine J\u00e4\u00e4ty\u00admi\u00adse\u00adnes\u00adtoaine -30PRO\u2122"},"content":{"rendered":"<p><strong>Tuotteen ominaisuudet:<\/strong><br \/>\nTuotetyyppi: K\u00e4ytt\u00f6valmis<br \/>\nJ\u00e4\u00e4tymispiste: -30\u00b0C<br \/>\nInhibiittori: ASTM D3306, D4985 standardi<br \/>\nTiheys 20 \u00baC:ssa: 1 145 g\/cm3<br \/>\nV\u00e4ri\/ulkon\u00e4k\u00f6: keltainen, kirkas<br \/>\nHaju: ei<br \/>\nK\u00e4ytt\u00f6ik\u00e4: v\u00e4hint\u00e4\u00e4n 5 vuotta ja riippuu k\u00e4ytt\u00f6s\u00e4\u00e4nn\u00f6ist\u00e4<br \/>\nS\u00e4ilyvyys: 60 kuukautta.<\/p>\n<p><strong>Kuvaus:<\/strong><br \/>\nMasterSeaSafe Antifreeze sis\u00e4lt\u00e4\u00e4 kehittyneit\u00e4 est\u00e4vi\u00e4 lis\u00e4aineita, jotka on erityisesti suunniteltu est\u00e4m\u00e4\u00e4n korroosiota eri metallityypeiss\u00e4, mukaan lukien alumiini, jota k\u00e4ytet\u00e4\u00e4n yleisesti merimoottoreissa. N\u00e4m\u00e4 nykyaikaiset inhibiittorit varmistavat, ett\u00e4 moottorin kriittiset osat suojataan suolaveden ja muiden ymp\u00e4rist\u00f6tekij\u00f6iden sy\u00f6vytt\u00e4vilt\u00e4 vaikutuksilta, mik\u00e4 pident\u00e4\u00e4 moottorin k\u00e4ytt\u00f6ik\u00e4\u00e4 ja s\u00e4ilytt\u00e4\u00e4 sen tehokkuuden. T\u00e4m\u00e4 muotoilu korostaa MasterSeaSafen sitoutumista tarjota ymp\u00e4rist\u00f6vastuullisia ja teknologisesti edistyneit\u00e4 ratkaisuja veneilij\u00f6ille, jotka vaativat aluksilleen parasta suojaa ja suorituskyky\u00e4.<\/p>\n<p>Glyserolipohjaiselle MasterSeaSafe pakkasnesteelle l\u00e4mmitykseen ja l\u00e4mm\u00f6nvaihtoon on tunnusomaista seuraavat positiiviset ominaisuudet:<\/p>\n<p>&#8211; ovat ymp\u00e4rist\u00f6yst\u00e4v\u00e4llisi\u00e4 ja myrkytt\u00f6mi\u00e4;<br \/>\n&#8211; Master BIO\u2122 -tavaramerkit kest\u00e4v\u00e4t korkeita l\u00e4mp\u00f6tiloja;<br \/>\n&#8211; niill\u00e4 on voitelevia ja bakteereja tappavia ominaisuuksia;<br \/>\n&#8211; kaikille venemoottoreiden ja wc-j\u00e4rjestelmien ulkoisille j\u00e4\u00e4hdytysvesij\u00e4rjestelmille;<br \/>\n&#8211; palo- ja r\u00e4j\u00e4hdyssuojattu;<\/p>\n<p>Annostustaulukko<\/p>\n<table border=\"1\" cellpacing=\"0\" cellpadding=\"0\">\n<tbody>\n<tr>\n<td>MasterSeaSafe pakkasneste<\/td>\n<td>Vesi<\/td>\n<td>Suojaus \u00b0C asti<\/td>\n<\/tr>\n<tr>\n<td>1 litra<\/td>\n<td>&#8211;<\/td>\n<td>-30<\/td>\n<\/tr>\n<tr>\n<td>1 litra<\/td>\n<td>0,5 L<\/td>\n<td>-15<\/td>\n<\/tr>\n<tr>\n<td>1 litra<\/td>\n<td>1 litra<\/td>\n<td>-8<\/td>\n<\/tr>\n<\/tbody>\n<\/table>\n<p><strong>K\u00e4ytt\u00f6opas:<\/strong><\/p>\n<p>K\u00e4ytt\u00f6alueet Kaikkiin veneen moottorin ulkoisiin j\u00e4\u00e4hdytysvesij\u00e4rjestelmiin ja k\u00e4ym\u00e4l\u00e4j\u00e4rjestelm\u00e4\u00e4n (j\u00e4tevesij\u00e4rjestelm\u00e4). Yhteensopiva kaikkien materiaalien kanssa. Ei sovellu juoma- tai makean veden sy\u00f6tt\u00f6\u00f6n!<br \/>\nHuomioi moottorin tai yksik\u00f6n valmistajan k\u00e4ytt\u00f6ohjeet. H\u00e4vitt\u00e4minen paikallisten m\u00e4\u00e4r\u00e4ysten mukaisesti. S\u00e4ilyt\u00e4 vain alkuper\u00e4isess\u00e4 muodossa (laimentamaton). Laimenna vedell\u00e4 halutun j\u00e4\u00e4tymissuojan mukaan.<br \/>\nTietomme perustuvat perusteelliseen tutkimukseen, ja niit\u00e4 voidaan pit\u00e4\u00e4 luotettavina, vaikkakaan eiv\u00e4t oikeudellisesti sitovia.<\/p>\n<p>On eritt\u00e4in suositeltavaa s\u00e4ilytt\u00e4\u00e4 se viile\u00e4ss\u00e4 paikassa. Yrit\u00e4 est\u00e4\u00e4 suoraa auringonvaloa p\u00e4\u00e4sem\u00e4st\u00e4 koostumuksen sis\u00e4lt\u00e4v\u00e4\u00e4n s\u00e4ili\u00f6\u00f6n. T\u00e4m\u00e4 voi johtaa sen ominaisuuksien heikkenemiseen, mik\u00e4 tasoittaa lis\u00e4komponenttien ja t\u00e4rkeimm\u00e4n viskoosin aineen &#8211; glyseriinin &#8211; positiiviset ominaisuudet.<\/p>\n<p>Suositeltu varastointil\u00e4mp\u00f6tila v\u00e4hint\u00e4\u00e4n: 0 C enint\u00e4\u00e4n: 20 C<br \/>\nArtikkeli: SeaSafe-30PRO56-81-5<br \/>\nAinesosat: glyseroli (CAS 56-81-5), demineralisoitu vesi, inhibiittorilis\u00e4aineet, stabilointiaineet<\/p>\n<p>Alkuper\u00e4maa: Viro<br \/>\nPakkaus: 1 litra, 5 litraa, 20 litraa, 25 litraa, 200 litraa, 1000 litraa<br \/>\nEAN: <br \/>\n4742668000805 1-litrainen muovipurkki<br \/>\n4742668000775 5-litrainen muovipurkki<br \/>\n4742668000768 20-litrainen muovipurkki<br \/>\n4742668000751 25-litrainen muovipurkki<br \/>\n4742668000782 200 valaistu muovirumpu<br \/>\n4742668000799 1000 valaistu IBC-kontti<\/p>\n","protected":false},"excerpt":{"rendered":"<p>MasterSeaSafe Marine J\u00e4\u00e4ty\u00admi\u00adse\u00adnes\u00adtoaine -30PRO\u2122 on suunniteltu erityisesti laivojen moottoreille, ja se tarjoaa erinomaisen suojan j\u00e4\u00e4tymiselt\u00e4 ja on samalla ymp\u00e4rist\u00f6yst\u00e4v\u00e4llinen. Sen koostumus on biohajoava ja myrkyt\u00f6n, joten se ei vahingoita meren el\u00e4m\u00e4\u00e4. Ihanteellinen veneilij\u00f6ille, jotka asettavat etusijalle ymp\u00e4rist\u00f6nsuojelun, MasterSeaSafe-j\u00e4\u00e4hdytysneste varmistaa, ett\u00e4 moottorisi k\u00e4y tasaisesti kylmiss\u00e4 l\u00e4mp\u00f6tiloissa vaarantamatta ekosysteemi\u00e4. T\u00e4m\u00e4 tuote edustaa sitoutumista meriturvallisuuteen ja ymp\u00e4rist\u00f6vastuuseen, joten se on erinomainen valinta ymp\u00e4rist\u00f6tietoisille veneilij\u00f6ille, jotka etsiv\u00e4t luotettavaa moottorinsuojaa. \u00c4l\u00e4 vahingoita kumista, muovista, valuraudasta, ter\u00e4ksest\u00e4 tai alumiiniseoksista valmistettuja tuotteita.<\/p>\n<p>MasterSeaSafe Marine Antifreeze-30PRO\u2122 voidaan k\u00e4ytt\u00e4\u00e4 my\u00f6s veneiss\u00e4 ja vapaa-ajan ajoneuvoissa, matkailuautoissa ja asuntovaunuissa suojaamaan sis\u00e4moottoreita, juomavett\u00e4 ja wc-j\u00e4rjestelmi\u00e4 j\u00e4\u00e4tymiselt\u00e4.<\/p>\n","protected":false},"featured_media":25302,"template":"","meta":[],"product_brand":[],"product_cat":[180,109,302,117,114],"product_tag":[],"class_list":{"0":"post-25261","1":"product","2":"type-product","3":"status-publish","4":"has-post-thumbnail","6":"product_cat-uncategorized-fi-2","7":"product_cat-anti-jaatymisnesteet","8":"product_cat-jaahdytysnesteet","9":"product_cat-kotitalouskemikaalit","10":"product_cat-rakennusteollisuus","11":"pif-has-gallery","13":"first","14":"instock","15":"taxable","16":"shipping-taxable","17":"purchasable","18":"product-type-variable","19":"has-default-attributes"},"yoast_head":"<!-- This site is optimized with the Yoast SEO plugin v26.2 - https:\/\/yoast.com\/wordpress\/plugins\/seo\/ -->\n<title>MasterSeaSafe Marine J\u00e4\u00e4ty\u00admi\u00adse\u00adnes\u00adtoaine -30PRO\u2122 - Chemistry For Industry - Solvents &amp; Chemicals - Masterchem.ee<\/title>\n<meta name=\"description\" content=\"MasterSeaSafe Marine J\u00e4\u00e4ty\u00admi\u00adse\u00adnes\u00adtoaine -30PRO\u2122 on suunniteltu erityisesti laivojen moottoreille, ja se tarjoaa erinomaisen suojan j\u00e4\u00e4tymiselt\u00e4 ja on samalla ymp\u00e4rist\u00f6yst\u00e4v\u00e4llinen.\" \/>\n<meta name=\"robots\" content=\"index, follow, max-snippet:-1, max-image-preview:large, max-video-preview:-1\" \/>\n<link rel=\"canonical\" href=\"https:\/\/masterchem.ee\/fi\/tooted-ja-teenused\/masterseasafe-marine-jaaty-mi-se-nes-toaine-30pro\/\" \/>\n<meta name=\"twitter:card\" content=\"summary_large_image\" \/>\n<meta name=\"twitter:title\" content=\"MasterSeaSafe Marine J\u00e4\u00e4ty\u00admi\u00adse\u00adnes\u00adtoaine -30PRO\u2122 - Chemistry For Industry - Solvents &amp; Chemicals - Masterchem.ee\" \/>\n<meta name=\"twitter:description\" content=\"MasterSeaSafe Marine J\u00e4\u00e4ty\u00admi\u00adse\u00adnes\u00adtoaine -30PRO\u2122 on suunniteltu erityisesti laivojen moottoreille, ja se tarjoaa erinomaisen suojan j\u00e4\u00e4tymiselt\u00e4 ja on samalla ymp\u00e4rist\u00f6yst\u00e4v\u00e4llinen.\" \/>\n<meta name=\"twitter:image\" content=\"https:\/\/masterchem.ee\/wp-content\/uploads\/2024\/04\/MasterSeaSafe-Antifreeze-30PR-1000L.jpg\" \/>\n<meta name=\"twitter:label1\" content=\"Arvioitu lukuaika\" \/>\n\t<meta name=\"twitter:data1\" content=\"2 minuuttia\" \/>\n<script type=\"application\/ld+json\" class=\"yoast-schema-graph\">{\"@context\":\"https:\/\/schema.org\",\"@graph\":[{\"@type\":\"WebPage\",\"@id\":\"https:\/\/masterchem.ee\/fi\/tooted-ja-teenused\/masterseasafe-marine-jaaty-mi-se-nes-toaine-30pro\/\",\"url\":\"https:\/\/masterchem.ee\/fi\/tooted-ja-teenused\/masterseasafe-marine-jaaty-mi-se-nes-toaine-30pro\/\",\"name\":\"MasterSeaSafe Marine J\u00e4\u00e4ty\u00admi\u00adse\u00adnes\u00adtoaine -30PRO\u2122 - Chemistry For Industry - Solvents &amp; Chemicals - Masterchem.ee\",\"isPartOf\":{\"@id\":\"https:\/\/masterchem.ee\/fi\/#website\"},\"primaryImageOfPage\":{\"@id\":\"https:\/\/masterchem.ee\/fi\/tooted-ja-teenused\/masterseasafe-marine-jaaty-mi-se-nes-toaine-30pro\/#primaryimage\"},\"image\":{\"@id\":\"https:\/\/masterchem.ee\/fi\/tooted-ja-teenused\/masterseasafe-marine-jaaty-mi-se-nes-toaine-30pro\/#primaryimage\"},\"thumbnailUrl\":\"https:\/\/masterchem.ee\/wp-content\/uploads\/2024\/04\/MasterSeaSafe-Antifreeze-30PR-1000L.jpg\",\"datePublished\":\"2024-04-10T18:23:48+00:00\",\"dateModified\":\"2024-04-17T16:01:36+00:00\",\"description\":\"MasterSeaSafe Marine J\u00e4\u00e4ty\u00admi\u00adse\u00adnes\u00adtoaine -30PRO\u2122 on suunniteltu erityisesti laivojen moottoreille, ja se tarjoaa erinomaisen suojan j\u00e4\u00e4tymiselt\u00e4 ja on samalla ymp\u00e4rist\u00f6yst\u00e4v\u00e4llinen.\",\"breadcrumb\":{\"@id\":\"https:\/\/masterchem.ee\/fi\/tooted-ja-teenused\/masterseasafe-marine-jaaty-mi-se-nes-toaine-30pro\/#breadcrumb\"},\"inLanguage\":\"fi\",\"potentialAction\":[{\"@type\":\"ReadAction\",\"target\":[\"https:\/\/masterchem.ee\/fi\/tooted-ja-teenused\/masterseasafe-marine-jaaty-mi-se-nes-toaine-30pro\/\"]}]},{\"@type\":\"ImageObject\",\"inLanguage\":\"fi\",\"@id\":\"https:\/\/masterchem.ee\/fi\/tooted-ja-teenused\/masterseasafe-marine-jaaty-mi-se-nes-toaine-30pro\/#primaryimage\",\"url\":\"https:\/\/masterchem.ee\/wp-content\/uploads\/2024\/04\/MasterSeaSafe-Antifreeze-30PR-1000L.jpg\",\"contentUrl\":\"https:\/\/masterchem.ee\/wp-content\/uploads\/2024\/04\/MasterSeaSafe-Antifreeze-30PR-1000L.jpg\",\"width\":1800,\"height\":1800},{\"@type\":\"BreadcrumbList\",\"@id\":\"https:\/\/masterchem.ee\/fi\/tooted-ja-teenused\/masterseasafe-marine-jaaty-mi-se-nes-toaine-30pro\/#breadcrumb\",\"itemListElement\":[{\"@type\":\"ListItem\",\"position\":1,\"name\":\"Home\",\"item\":\"https:\/\/masterchem.ee\/fi\/\"},{\"@type\":\"ListItem\",\"position\":2,\"name\":\"Tooted ja teenused\",\"item\":\"https:\/\/masterchem.ee\/tooted-ja-teenused\/\"},{\"@type\":\"ListItem\",\"position\":3,\"name\":\"MasterSeaSafe Marine J\u00e4\u00e4ty\u00admi\u00adse\u00adnes\u00adtoaine -30PRO\u2122\"}]},{\"@type\":\"WebSite\",\"@id\":\"https:\/\/masterchem.ee\/fi\/#website\",\"url\":\"https:\/\/masterchem.ee\/fi\/\",\"name\":\"Masterchem.ee\",\"description\":\"Chemistry For Industry - Solvents &amp; Chemicals\",\"publisher\":{\"@id\":\"https:\/\/masterchem.ee\/fi\/#organization\"},\"potentialAction\":[{\"@type\":\"SearchAction\",\"target\":{\"@type\":\"EntryPoint\",\"urlTemplate\":\"https:\/\/masterchem.ee\/fi\/?s={search_term_string}\"},\"query-input\":{\"@type\":\"PropertyValueSpecification\",\"valueRequired\":true,\"valueName\":\"search_term_string\"}}],\"inLanguage\":\"fi\"},{\"@type\":\"Organization\",\"@id\":\"https:\/\/masterchem.ee\/fi\/#organization\",\"name\":\"Masterchem\",\"url\":\"https:\/\/masterchem.ee\/fi\/\",\"logo\":{\"@type\":\"ImageObject\",\"inLanguage\":\"fi\",\"@id\":\"https:\/\/masterchem.ee\/fi\/#\/schema\/logo\/image\/\",\"url\":\"https:\/\/masterchem.ee\/wp-content\/uploads\/2018\/02\/master-chem_final-1.png\",\"contentUrl\":\"https:\/\/masterchem.ee\/wp-content\/uploads\/2018\/02\/master-chem_final-1.png\",\"width\":850,\"height\":356,\"caption\":\"Masterchem\"},\"image\":{\"@id\":\"https:\/\/masterchem.ee\/fi\/#\/schema\/logo\/image\/\"}}]}<\/script>\n<!-- \/ Yoast SEO plugin. -->","yoast_head_json":{"title":"MasterSeaSafe Marine J\u00e4\u00e4ty\u00admi\u00adse\u00adnes\u00adtoaine -30PRO\u2122 - Chemistry For Industry - Solvents &amp; Chemicals - Masterchem.ee","description":"MasterSeaSafe Marine J\u00e4\u00e4ty\u00admi\u00adse\u00adnes\u00adtoaine -30PRO\u2122 on suunniteltu erityisesti laivojen moottoreille, ja se tarjoaa erinomaisen suojan j\u00e4\u00e4tymiselt\u00e4 ja on samalla ymp\u00e4rist\u00f6yst\u00e4v\u00e4llinen.","robots":{"index":"index","follow":"follow","max-snippet":"max-snippet:-1","max-image-preview":"max-image-preview:large","max-video-preview":"max-video-preview:-1"},"canonical":"https:\/\/masterchem.ee\/fi\/tooted-ja-teenused\/masterseasafe-marine-jaaty-mi-se-nes-toaine-30pro\/","twitter_card":"summary_large_image","twitter_title":"MasterSeaSafe Marine J\u00e4\u00e4ty\u00admi\u00adse\u00adnes\u00adtoaine -30PRO\u2122 - Chemistry For Industry - Solvents &amp; Chemicals - Masterchem.ee","twitter_description":"MasterSeaSafe Marine J\u00e4\u00e4ty\u00admi\u00adse\u00adnes\u00adtoaine -30PRO\u2122 on suunniteltu erityisesti laivojen moottoreille, ja se tarjoaa erinomaisen suojan j\u00e4\u00e4tymiselt\u00e4 ja on samalla ymp\u00e4rist\u00f6yst\u00e4v\u00e4llinen.","twitter_image":"https:\/\/masterchem.ee\/wp-content\/uploads\/2024\/04\/MasterSeaSafe-Antifreeze-30PR-1000L.jpg","twitter_misc":{"Arvioitu lukuaika":"2 minuuttia"},"schema":{"@context":"https:\/\/schema.org","@graph":[{"@type":"WebPage","@id":"https:\/\/masterchem.ee\/fi\/tooted-ja-teenused\/masterseasafe-marine-jaaty-mi-se-nes-toaine-30pro\/","url":"https:\/\/masterchem.ee\/fi\/tooted-ja-teenused\/masterseasafe-marine-jaaty-mi-se-nes-toaine-30pro\/","name":"MasterSeaSafe Marine J\u00e4\u00e4ty\u00admi\u00adse\u00adnes\u00adtoaine -30PRO\u2122 - Chemistry For Industry - Solvents &amp; Chemicals - Masterchem.ee","isPartOf":{"@id":"https:\/\/masterchem.ee\/fi\/#website"},"primaryImageOfPage":{"@id":"https:\/\/masterchem.ee\/fi\/tooted-ja-teenused\/masterseasafe-marine-jaaty-mi-se-nes-toaine-30pro\/#primaryimage"},"image":{"@id":"https:\/\/masterchem.ee\/fi\/tooted-ja-teenused\/masterseasafe-marine-jaaty-mi-se-nes-toaine-30pro\/#primaryimage"},"thumbnailUrl":"https:\/\/masterchem.ee\/wp-content\/uploads\/2024\/04\/MasterSeaSafe-Antifreeze-30PR-1000L.jpg","datePublished":"2024-04-10T18:23:48+00:00","dateModified":"2024-04-17T16:01:36+00:00","description":"MasterSeaSafe Marine J\u00e4\u00e4ty\u00admi\u00adse\u00adnes\u00adtoaine -30PRO\u2122 on suunniteltu erityisesti laivojen moottoreille, ja se tarjoaa erinomaisen suojan j\u00e4\u00e4tymiselt\u00e4 ja on samalla ymp\u00e4rist\u00f6yst\u00e4v\u00e4llinen.","breadcrumb":{"@id":"https:\/\/masterchem.ee\/fi\/tooted-ja-teenused\/masterseasafe-marine-jaaty-mi-se-nes-toaine-30pro\/#breadcrumb"},"inLanguage":"fi","potentialAction":[{"@type":"ReadAction","target":["https:\/\/masterchem.ee\/fi\/tooted-ja-teenused\/masterseasafe-marine-jaaty-mi-se-nes-toaine-30pro\/"]}]},{"@type":"ImageObject","inLanguage":"fi","@id":"https:\/\/masterchem.ee\/fi\/tooted-ja-teenused\/masterseasafe-marine-jaaty-mi-se-nes-toaine-30pro\/#primaryimage","url":"https:\/\/masterchem.ee\/wp-content\/uploads\/2024\/04\/MasterSeaSafe-Antifreeze-30PR-1000L.jpg","contentUrl":"https:\/\/masterchem.ee\/wp-content\/uploads\/2024\/04\/MasterSeaSafe-Antifreeze-30PR-1000L.jpg","width":1800,"height":1800},{"@type":"BreadcrumbList","@id":"https:\/\/masterchem.ee\/fi\/tooted-ja-teenused\/masterseasafe-marine-jaaty-mi-se-nes-toaine-30pro\/#breadcrumb","itemListElement":[{"@type":"ListItem","position":1,"name":"Home","item":"https:\/\/masterchem.ee\/fi\/"},{"@type":"ListItem","position":2,"name":"Tooted ja teenused","item":"https:\/\/masterchem.ee\/tooted-ja-teenused\/"},{"@type":"ListItem","position":3,"name":"MasterSeaSafe Marine J\u00e4\u00e4ty\u00admi\u00adse\u00adnes\u00adtoaine -30PRO\u2122"}]},{"@type":"WebSite","@id":"https:\/\/masterchem.ee\/fi\/#website","url":"https:\/\/masterchem.ee\/fi\/","name":"Masterchem.ee","description":"Chemistry For Industry - Solvents &amp; Chemicals","publisher":{"@id":"https:\/\/masterchem.ee\/fi\/#organization"},"potentialAction":[{"@type":"SearchAction","target":{"@type":"EntryPoint","urlTemplate":"https:\/\/masterchem.ee\/fi\/?s={search_term_string}"},"query-input":{"@type":"PropertyValueSpecification","valueRequired":true,"valueName":"search_term_string"}}],"inLanguage":"fi"},{"@type":"Organization","@id":"https:\/\/masterchem.ee\/fi\/#organization","name":"Masterchem","url":"https:\/\/masterchem.ee\/fi\/","logo":{"@type":"ImageObject","inLanguage":"fi","@id":"https:\/\/masterchem.ee\/fi\/#\/schema\/logo\/image\/","url":"https:\/\/masterchem.ee\/wp-content\/uploads\/2018\/02\/master-chem_final-1.png","contentUrl":"https:\/\/masterchem.ee\/wp-content\/uploads\/2018\/02\/master-chem_final-1.png","width":850,"height":356,"caption":"Masterchem"},"image":{"@id":"https:\/\/masterchem.ee\/fi\/#\/schema\/logo\/image\/"}}]}},"_links":{"self":[{"href":"https:\/\/masterchem.ee\/fi\/wp-json\/wp\/v2\/product\/25261","targetHints":{"allow":["GET"]}}],"collection":[{"href":"https:\/\/masterchem.ee\/fi\/wp-json\/wp\/v2\/product"}],"about":[{"href":"https:\/\/masterchem.ee\/fi\/wp-json\/wp\/v2\/types\/product"}],"wp:featuredmedia":[{"embeddable":true,"href":"https:\/\/masterchem.ee\/fi\/wp-json\/wp\/v2\/media\/25302"}],"wp:attachment":[{"href":"https:\/\/masterchem.ee\/fi\/wp-json\/wp\/v2\/media?parent=25261"}],"wp:term":[{"taxonomy":"product_brand","embeddable":true,"href":"https:\/\/masterchem.ee\/fi\/wp-json\/wp\/v2\/product_brand?post=25261"},{"taxonomy":"product_cat","embeddable":true,"href":"https:\/\/masterchem.ee\/fi\/wp-json\/wp\/v2\/product_cat?post=25261"},{"taxonomy":"product_tag","embeddable":true,"href":"https:\/\/masterchem.ee\/fi\/wp-json\/wp\/v2\/product_tag?post=25261"}],"curies":[{"name":"wp","href":"https:\/\/api.w.org\/{rel}","templated":true}]}}