{"id":25052,"date":"2024-03-14T17:33:01","date_gmt":"2024-03-14T17:33:06","guid":{"rendered":"https:\/\/masterchem.ee\/?post_type=product&#038;p=25052"},"modified":"2024-03-14T17:49:09","modified_gmt":"2024-03-14T17:49:09","slug":"coolant-master-bio-30pro-lammonsiirtoneste-glyseriinipohjainen","status":"publish","type":"product","link":"https:\/\/masterchem.ee\/fi\/tooted-ja-teenused\/coolant-master-bio-30pro-lammonsiirtoneste-glyseriinipohjainen\/","title":{"rendered":"Coolant Master BIO-30PRO\u2122 l\u00e4mm\u00f6nsiirtoneste glyseriinipohjainen"},"content":{"rendered":"<p>Tuotteen ominaisuudet:<br \/>\nTuotetyyppi: K\u00e4ytt\u00f6valmis<br \/>\nJ\u00e4\u00e4tymispiste: -30,6\u00b0C<br \/>\nP\u00e4\u00e4ainepitoisuus: glyserolia v\u00e4hint\u00e4\u00e4n 57 painoprosenttia<br \/>\nInhibiittori: kyll\u00e4, ASTM D3306 standardi<br \/>\nKiehumispiste normaalipaineessa: (\u00b0C): 108\u00b0C<br \/>\nTiheys 20 \u00baC:ssa: 1 145 g\/cm3<br \/>\nSuositeltu s\u00e4ilytysl\u00e4mp\u00f6tila minimi: 0 C maksimi: 30 C<br \/>\nAlkuper\u00e4maa: Viro<br \/>\nK\u00e4ytt\u00f6ik\u00e4: v\u00e4hint\u00e4\u00e4n 5 vuotta ja riippuu k\u00e4ytt\u00f6s\u00e4\u00e4nn\u00f6ist\u00e4<br \/>\nS\u00e4ilyvyys: 60 kuukautta.<br \/>\nArtikkeli: BIO-30PRO56-81-5<\/p>\n<p><strong>Tuotteen lis\u00e4kuvaus:<\/strong><br \/>\nGlyserolipohjaisille Master BIO\u2122 -j\u00e4\u00e4hdytysnesteille l\u00e4mmitykseen ja l\u00e4mm\u00f6nvaihtoon on tunnusomaista seuraavat positiiviset ominaisuudet:<br \/>\n\u25cf\tovat ymp\u00e4rist\u00f6yst\u00e4v\u00e4llisi\u00e4 ja myrkytt\u00f6mi\u00e4;<br \/>\n\u25cf\tMaster BIO\u2122 -tavaramerkit kest\u00e4v\u00e4t korkeita l\u00e4mp\u00f6tiloja;<br \/>\n\u25cf\tsuojaa l\u00e4mmitysj\u00e4rjestelm\u00e4\u00e4 luotettavasti j\u00e4\u00e4tymiselt\u00e4 alhaisissa ymp\u00e4rist\u00f6n l\u00e4mp\u00f6tiloissa talvella;<br \/>\n\u25cf\tniill\u00e4 on voitelevia ja bakteereja tappavia ominaisuuksia;<br \/>\n\u25cf\tniill\u00e4 on hyv\u00e4t l\u00e4mp\u00f6fysikaaliset ominaisuudet, joiden ansiosta huone l\u00e4mmitet\u00e4\u00e4n tasaisesti;<br \/>\n\u25cf\tpalo- ja r\u00e4j\u00e4hdyssuojattu;<br \/>\n\u25cf\teiv\u00e4t muodosta mittakaavaa.<br \/>\n\u25cf\tk\u00e4ytet\u00e4\u00e4n neonv\u00e4rej\u00e4, jotka auttavat havaitsemaan vuodon helpommin, jos j\u00e4rjestelm\u00e4ss\u00e4 on vuoto (t\u00e4llaisen lis\u00e4aineen tarve ilmoitetaan tilattaessa)<\/p>\n<p><strong>Master BIO-30PRO\u2122 Termofysikaaliset ominaisuudet glyserolin vesiliuos, kiteytysl\u00e4mp\u00f6tila miinus -30\u00b0C<\/strong><\/p>\n<table border=\"1\" cellspacing=\"0\" cellpadding=\"0\">\n<tbody>\n<tr>\n<td>L\u00e4mp\u00f6tila \u043e\u0421<\/td>\n<td>0<\/td>\n<td>20<\/td>\n<td>40<\/td>\n<td>60<\/td>\n<td>80<\/td>\n<td>100<\/td>\n<\/tr>\n<tr>\n<td>Tiheys \u03c1, g\/cm3<\/td>\n<td>1,154<\/td>\n<td>1,145<\/td>\n<td>1,134<\/td>\n<td>1,122<\/td>\n<td>1,110<\/td>\n<td>1,095<\/td>\n<\/tr>\n<tr>\n<td>Viskositeetti \u03bc, Pa*10-3<\/td>\n<td>25,37<\/td>\n<td>9,37<\/td>\n<td>4,48<\/td>\n<td>2,55<\/td>\n<td>1,66<\/td>\n<td>1,17<\/td>\n<\/tr>\n<tr>\n<td>L\u00e4mm\u00f6njohtavuus W\/(cm\u2022oC)<\/td>\n<td>&#8211;<\/td>\n<td>0,39<\/td>\n<td>0,40<\/td>\n<td>0,41<\/td>\n<td>0,42<\/td>\n<td>&#8211;<\/td>\n<\/tr>\n<tr>\n<td>L\u00e4mp\u00f6kapasiteetti kJ\/(kg\u2022oC)<\/td>\n<td>&#8211;<\/td>\n<td>1,625<\/td>\n<td>1,650<\/td>\n<td>1,679<\/td>\n<td>1,710<\/td>\n<td>&#8211;<\/td>\n<\/tr>\n<\/tbody>\n<\/table>\n<p><strong>Ohjekirja:<\/strong><\/p>\n<p>Ennen Master BIO\u2122 -j\u00e4\u00e4hdytysnesteiden k\u00e4ytt\u00f6\u00e4 l\u00e4mmitysj\u00e4rjestelm\u00e4 on puhdistettava kokonaan j\u00e4tenesteest\u00e4. My\u00f6s vanhat kerrostumat ja hilseet tulee poistaa piirist\u00e4 ja poistaa korroosioj\u00e4ljet.<\/p>\n<p>Tuote tarjotaan t\u00e4ysin k\u00e4ytt\u00f6valmiina (ei tarvitse laimentaa tai lis\u00e4t\u00e4 mit\u00e4\u00e4n), ja se tulee myyntiin suljetussa astiassa. On eritt\u00e4in suositeltavaa s\u00e4ilytt\u00e4\u00e4 se viile\u00e4ss\u00e4 paikassa. Yrit\u00e4 est\u00e4\u00e4 suoraa auringonvaloa p\u00e4\u00e4sem\u00e4st\u00e4 koostumuksen sis\u00e4lt\u00e4v\u00e4\u00e4n s\u00e4ili\u00f6\u00f6n. T\u00e4m\u00e4 voi johtaa sen ominaisuuksien heikkenemiseen, tasoittaa lis\u00e4komponenttien ja t\u00e4rkeimm\u00e4n viskoosin aineen &#8211; glyseriinin &#8211; positiiviset ominaisuudet.<\/p>\n<p>L\u00e4mmitysj\u00e4rjestelm\u00e4 t\u00e4ytet\u00e4\u00e4n painovoimalla joko k\u00e4sin tai paineen alaisena. Manuaalinen t\u00e4ytt\u00f6 soveltuu avoimille piireille. J\u00e4\u00e4hdytysneste pumpataan suljettuihin l\u00e4mmitysj\u00e4rjestelmiin paineen alaisena pumppujen avulla.<\/p>\n<p>On t\u00e4rke\u00e4\u00e4 varmistaa hyv\u00e4 tiivistys, koska glyseriinin vesiliuokset, joilla on korkea kostutusvaikutus, voivat vuotaa paikkoihin, joissa vesi ei virtaa. Jos se vuotaa, koko l\u00e4mmitysj\u00e4rjestelm\u00e4n hy\u00f6tysuhde heikkenee. Jos ne havaitaan, on tarpeen keskeytt\u00e4\u00e4 koko j\u00e4rjestelm\u00e4n toiminta ja poistaa toimintah\u00e4iri\u00f6.<br \/>\nToimenpide l\u00e4mmitysj\u00e4rjestelm\u00e4n h\u00e4t\u00e4pys\u00e4ytystapauksessa.<br \/>\nGlyseriinin ja veden liuoksilla nollal\u00e4mp\u00f6tiloissa ja sit\u00e4 alhaisemmissa l\u00e4mp\u00f6tiloissa on korkea viskositeetti. Siksi, jos j\u00e4rjestelm\u00e4 on j\u00e4\u00e4htynyt, on suositeltavaa kytke\u00e4 ensin itse l\u00e4mmityselementit p\u00e4\u00e4lle ja k\u00e4ynnist\u00e4\u00e4 sitten kierto. T\u00e4m\u00e4 v\u00e4hent\u00e4\u00e4 pumppujen kuormitusta.<\/p>\n<p>Master BIO\u2122 -j\u00e4\u00e4hdytysnesteiden k\u00e4ytt\u00f6ik\u00e4 on v\u00e4hint\u00e4\u00e4n 5 vuotta. J\u00e4\u00e4hdytysnesteen hinta riippuu p\u00e4\u00e4komponentin pitoisuudesta. Sit\u00e4 tilattaessa ja ostettaessa on otettava huomioon glyserolin prosenttiosuus j\u00e4\u00e4hdytysnestemerkiss\u00e4. L\u00e4mp\u00f6tila-alue, jolla koko kauden alhainen j\u00e4\u00e4hdytysneste on toimintakunnossa, riippuu t\u00e4st\u00e4 indikaattorista.<\/p>\n","protected":false},"excerpt":{"rendered":"<p>Master BIO-30PRO\u2122 -j\u00e4\u00e4hdytysnesteess\u00e4 on kattava suoja j\u00e4\u00e4tymist\u00e4 ja korroosiota vastaan, poikkeuksellinen turvallisuusprofiili ymp\u00e4rist\u00f6lle ja ihmisille sek\u00e4 yleinen k\u00e4ytt\u00f6 elintarviketeollisuuden eri aloilla. Voidaan k\u00e4ytt\u00e4\u00e4 sek\u00e4 julkisten ett\u00e4 asuinrakennusten l\u00e4mmitysj\u00e4rjestelmiss\u00e4. Sen glyseriinipohja ei ainoastaan takaa tehokkaan l\u00e4mm\u00f6nsiirron, vaan my\u00f6s edist\u00e4\u00e4 j\u00e4rjestelm\u00e4n komponenttien voitelua ja huoltoa. \u00c4l\u00e4 vahingoita kumista, muovista, valuraudasta, ter\u00e4ksest\u00e4 tai alumiiniseoksista valmistettuja tuotteita. Valmistettu glyseriiniliuos on t\u00e4ysin tulenkest\u00e4v\u00e4 ja sen k\u00e4ytt\u00f6 eliminoi r\u00e4j\u00e4hdysvaaran.<\/p>\n<p>T\u00e4m\u00e4 tuote on erinomainen valinta niille, jotka etsiv\u00e4t luotettavaa, korkealaatuista j\u00e4\u00e4hdytysnestett\u00e4, joka t\u00e4ytt\u00e4\u00e4 kest\u00e4v\u00e4n kehityksen tavoitteet.<\/p>\n","protected":false},"featured_media":25078,"template":"","meta":[],"product_brand":[],"product_cat":[180,109,302,117,114],"product_tag":[],"class_list":{"0":"post-25052","1":"product","2":"type-product","3":"status-publish","4":"has-post-thumbnail","6":"product_cat-uncategorized-fi-2","7":"product_cat-anti-jaatymisnesteet","8":"product_cat-jaahdytysnesteet","9":"product_cat-kotitalouskemikaalit","10":"product_cat-rakennusteollisuus","11":"pif-has-gallery","13":"first","14":"instock","15":"taxable","16":"shipping-taxable","17":"purchasable","18":"product-type-variable","19":"has-default-attributes"},"yoast_head":"<!-- This site is optimized with the Yoast SEO plugin v26.2 - https:\/\/yoast.com\/wordpress\/plugins\/seo\/ -->\n<title>Coolant Master BIO-30PRO\u2122 l\u00e4mm\u00f6nsiirtoneste glyseriinipohjainen - Chemistry For Industry - Solvents &amp; Chemicals - Masterchem.ee<\/title>\n<meta name=\"description\" content=\"Master BIO-30PRO\u2122 -j\u00e4\u00e4hdytysnesteess\u00e4 on kattava suoja j\u00e4\u00e4tymist\u00e4 ja korroosiota vastaan, poikkeuksellinen turvallisuusprofiili ymp\u00e4rist\u00f6lle ja ihmisille sek\u00e4 yleinen k\u00e4ytt\u00f6 elintarviketeollisuuden eri aloilla.\" \/>\n<meta name=\"robots\" content=\"index, follow, max-snippet:-1, max-image-preview:large, max-video-preview:-1\" \/>\n<link rel=\"canonical\" href=\"https:\/\/masterchem.ee\/fi\/tooted-ja-teenused\/coolant-master-bio-30pro-lammonsiirtoneste-glyseriinipohjainen\/\" \/>\n<meta name=\"twitter:card\" content=\"summary_large_image\" \/>\n<meta name=\"twitter:title\" content=\"Coolant Master BIO-30PRO\u2122 l\u00e4mm\u00f6nsiirtoneste glyseriinipohjainen - Chemistry For Industry - Solvents &amp; Chemicals - Masterchem.ee\" \/>\n<meta name=\"twitter:description\" content=\"Master BIO-30PRO\u2122 -j\u00e4\u00e4hdytysnesteess\u00e4 on kattava suoja j\u00e4\u00e4tymist\u00e4 ja korroosiota vastaan, poikkeuksellinen turvallisuusprofiili ymp\u00e4rist\u00f6lle ja ihmisille sek\u00e4 yleinen k\u00e4ytt\u00f6 elintarviketeollisuuden eri aloilla.\" \/>\n<meta name=\"twitter:image\" content=\"https:\/\/masterchem.ee\/wp-content\/uploads\/2024\/03\/MasterChem_Coolant-Master-BIO-30PRO-1000L.jpg\" \/>\n<meta name=\"twitter:label1\" content=\"Arvioitu lukuaika\" \/>\n\t<meta name=\"twitter:data1\" content=\"2 minuuttia\" \/>\n<script type=\"application\/ld+json\" class=\"yoast-schema-graph\">{\"@context\":\"https:\/\/schema.org\",\"@graph\":[{\"@type\":\"WebPage\",\"@id\":\"https:\/\/masterchem.ee\/fi\/tooted-ja-teenused\/coolant-master-bio-30pro-lammonsiirtoneste-glyseriinipohjainen\/\",\"url\":\"https:\/\/masterchem.ee\/fi\/tooted-ja-teenused\/coolant-master-bio-30pro-lammonsiirtoneste-glyseriinipohjainen\/\",\"name\":\"Coolant Master BIO-30PRO\u2122 l\u00e4mm\u00f6nsiirtoneste glyseriinipohjainen - Chemistry For Industry - Solvents &amp; Chemicals - Masterchem.ee\",\"isPartOf\":{\"@id\":\"https:\/\/masterchem.ee\/fi\/#website\"},\"primaryImageOfPage\":{\"@id\":\"https:\/\/masterchem.ee\/fi\/tooted-ja-teenused\/coolant-master-bio-30pro-lammonsiirtoneste-glyseriinipohjainen\/#primaryimage\"},\"image\":{\"@id\":\"https:\/\/masterchem.ee\/fi\/tooted-ja-teenused\/coolant-master-bio-30pro-lammonsiirtoneste-glyseriinipohjainen\/#primaryimage\"},\"thumbnailUrl\":\"https:\/\/masterchem.ee\/wp-content\/uploads\/2024\/03\/MasterChem_Coolant-Master-BIO-30PRO-1000L.jpg\",\"datePublished\":\"2024-03-14T17:33:06+00:00\",\"dateModified\":\"2024-03-14T17:49:09+00:00\",\"description\":\"Master BIO-30PRO\u2122 -j\u00e4\u00e4hdytysnesteess\u00e4 on kattava suoja j\u00e4\u00e4tymist\u00e4 ja korroosiota vastaan, poikkeuksellinen turvallisuusprofiili ymp\u00e4rist\u00f6lle ja ihmisille sek\u00e4 yleinen k\u00e4ytt\u00f6 elintarviketeollisuuden eri aloilla.\",\"breadcrumb\":{\"@id\":\"https:\/\/masterchem.ee\/fi\/tooted-ja-teenused\/coolant-master-bio-30pro-lammonsiirtoneste-glyseriinipohjainen\/#breadcrumb\"},\"inLanguage\":\"fi\",\"potentialAction\":[{\"@type\":\"ReadAction\",\"target\":[\"https:\/\/masterchem.ee\/fi\/tooted-ja-teenused\/coolant-master-bio-30pro-lammonsiirtoneste-glyseriinipohjainen\/\"]}]},{\"@type\":\"ImageObject\",\"inLanguage\":\"fi\",\"@id\":\"https:\/\/masterchem.ee\/fi\/tooted-ja-teenused\/coolant-master-bio-30pro-lammonsiirtoneste-glyseriinipohjainen\/#primaryimage\",\"url\":\"https:\/\/masterchem.ee\/wp-content\/uploads\/2024\/03\/MasterChem_Coolant-Master-BIO-30PRO-1000L.jpg\",\"contentUrl\":\"https:\/\/masterchem.ee\/wp-content\/uploads\/2024\/03\/MasterChem_Coolant-Master-BIO-30PRO-1000L.jpg\",\"width\":1800,\"height\":1800,\"caption\":\"Coolant Master BIO-30PRO\u2122 l\u00e4mm\u00f6nsiirtoneste glyseriinipohjainen 1000L\"},{\"@type\":\"BreadcrumbList\",\"@id\":\"https:\/\/masterchem.ee\/fi\/tooted-ja-teenused\/coolant-master-bio-30pro-lammonsiirtoneste-glyseriinipohjainen\/#breadcrumb\",\"itemListElement\":[{\"@type\":\"ListItem\",\"position\":1,\"name\":\"Home\",\"item\":\"https:\/\/masterchem.ee\/fi\/\"},{\"@type\":\"ListItem\",\"position\":2,\"name\":\"Tooted ja teenused\",\"item\":\"https:\/\/masterchem.ee\/tooted-ja-teenused\/\"},{\"@type\":\"ListItem\",\"position\":3,\"name\":\"Coolant Master BIO-30PRO\u2122 l\u00e4mm\u00f6nsiirtoneste glyseriinipohjainen\"}]},{\"@type\":\"WebSite\",\"@id\":\"https:\/\/masterchem.ee\/fi\/#website\",\"url\":\"https:\/\/masterchem.ee\/fi\/\",\"name\":\"Masterchem.ee\",\"description\":\"Chemistry For Industry - Solvents &amp; Chemicals\",\"publisher\":{\"@id\":\"https:\/\/masterchem.ee\/fi\/#organization\"},\"potentialAction\":[{\"@type\":\"SearchAction\",\"target\":{\"@type\":\"EntryPoint\",\"urlTemplate\":\"https:\/\/masterchem.ee\/fi\/?s={search_term_string}\"},\"query-input\":{\"@type\":\"PropertyValueSpecification\",\"valueRequired\":true,\"valueName\":\"search_term_string\"}}],\"inLanguage\":\"fi\"},{\"@type\":\"Organization\",\"@id\":\"https:\/\/masterchem.ee\/fi\/#organization\",\"name\":\"Masterchem\",\"url\":\"https:\/\/masterchem.ee\/fi\/\",\"logo\":{\"@type\":\"ImageObject\",\"inLanguage\":\"fi\",\"@id\":\"https:\/\/masterchem.ee\/fi\/#\/schema\/logo\/image\/\",\"url\":\"https:\/\/masterchem.ee\/wp-content\/uploads\/2018\/02\/master-chem_final-1.png\",\"contentUrl\":\"https:\/\/masterchem.ee\/wp-content\/uploads\/2018\/02\/master-chem_final-1.png\",\"width\":850,\"height\":356,\"caption\":\"Masterchem\"},\"image\":{\"@id\":\"https:\/\/masterchem.ee\/fi\/#\/schema\/logo\/image\/\"}}]}<\/script>\n<!-- \/ Yoast SEO plugin. -->","yoast_head_json":{"title":"Coolant Master BIO-30PRO\u2122 l\u00e4mm\u00f6nsiirtoneste glyseriinipohjainen - Chemistry For Industry - Solvents &amp; Chemicals - Masterchem.ee","description":"Master BIO-30PRO\u2122 -j\u00e4\u00e4hdytysnesteess\u00e4 on kattava suoja j\u00e4\u00e4tymist\u00e4 ja korroosiota vastaan, poikkeuksellinen turvallisuusprofiili ymp\u00e4rist\u00f6lle ja ihmisille sek\u00e4 yleinen k\u00e4ytt\u00f6 elintarviketeollisuuden eri aloilla.","robots":{"index":"index","follow":"follow","max-snippet":"max-snippet:-1","max-image-preview":"max-image-preview:large","max-video-preview":"max-video-preview:-1"},"canonical":"https:\/\/masterchem.ee\/fi\/tooted-ja-teenused\/coolant-master-bio-30pro-lammonsiirtoneste-glyseriinipohjainen\/","twitter_card":"summary_large_image","twitter_title":"Coolant Master BIO-30PRO\u2122 l\u00e4mm\u00f6nsiirtoneste glyseriinipohjainen - Chemistry For Industry - Solvents &amp; Chemicals - Masterchem.ee","twitter_description":"Master BIO-30PRO\u2122 -j\u00e4\u00e4hdytysnesteess\u00e4 on kattava suoja j\u00e4\u00e4tymist\u00e4 ja korroosiota vastaan, poikkeuksellinen turvallisuusprofiili ymp\u00e4rist\u00f6lle ja ihmisille sek\u00e4 yleinen k\u00e4ytt\u00f6 elintarviketeollisuuden eri aloilla.","twitter_image":"https:\/\/masterchem.ee\/wp-content\/uploads\/2024\/03\/MasterChem_Coolant-Master-BIO-30PRO-1000L.jpg","twitter_misc":{"Arvioitu lukuaika":"2 minuuttia"},"schema":{"@context":"https:\/\/schema.org","@graph":[{"@type":"WebPage","@id":"https:\/\/masterchem.ee\/fi\/tooted-ja-teenused\/coolant-master-bio-30pro-lammonsiirtoneste-glyseriinipohjainen\/","url":"https:\/\/masterchem.ee\/fi\/tooted-ja-teenused\/coolant-master-bio-30pro-lammonsiirtoneste-glyseriinipohjainen\/","name":"Coolant Master BIO-30PRO\u2122 l\u00e4mm\u00f6nsiirtoneste glyseriinipohjainen - Chemistry For Industry - Solvents &amp; Chemicals - Masterchem.ee","isPartOf":{"@id":"https:\/\/masterchem.ee\/fi\/#website"},"primaryImageOfPage":{"@id":"https:\/\/masterchem.ee\/fi\/tooted-ja-teenused\/coolant-master-bio-30pro-lammonsiirtoneste-glyseriinipohjainen\/#primaryimage"},"image":{"@id":"https:\/\/masterchem.ee\/fi\/tooted-ja-teenused\/coolant-master-bio-30pro-lammonsiirtoneste-glyseriinipohjainen\/#primaryimage"},"thumbnailUrl":"https:\/\/masterchem.ee\/wp-content\/uploads\/2024\/03\/MasterChem_Coolant-Master-BIO-30PRO-1000L.jpg","datePublished":"2024-03-14T17:33:06+00:00","dateModified":"2024-03-14T17:49:09+00:00","description":"Master BIO-30PRO\u2122 -j\u00e4\u00e4hdytysnesteess\u00e4 on kattava suoja j\u00e4\u00e4tymist\u00e4 ja korroosiota vastaan, poikkeuksellinen turvallisuusprofiili ymp\u00e4rist\u00f6lle ja ihmisille sek\u00e4 yleinen k\u00e4ytt\u00f6 elintarviketeollisuuden eri aloilla.","breadcrumb":{"@id":"https:\/\/masterchem.ee\/fi\/tooted-ja-teenused\/coolant-master-bio-30pro-lammonsiirtoneste-glyseriinipohjainen\/#breadcrumb"},"inLanguage":"fi","potentialAction":[{"@type":"ReadAction","target":["https:\/\/masterchem.ee\/fi\/tooted-ja-teenused\/coolant-master-bio-30pro-lammonsiirtoneste-glyseriinipohjainen\/"]}]},{"@type":"ImageObject","inLanguage":"fi","@id":"https:\/\/masterchem.ee\/fi\/tooted-ja-teenused\/coolant-master-bio-30pro-lammonsiirtoneste-glyseriinipohjainen\/#primaryimage","url":"https:\/\/masterchem.ee\/wp-content\/uploads\/2024\/03\/MasterChem_Coolant-Master-BIO-30PRO-1000L.jpg","contentUrl":"https:\/\/masterchem.ee\/wp-content\/uploads\/2024\/03\/MasterChem_Coolant-Master-BIO-30PRO-1000L.jpg","width":1800,"height":1800,"caption":"Coolant Master BIO-30PRO\u2122 l\u00e4mm\u00f6nsiirtoneste glyseriinipohjainen 1000L"},{"@type":"BreadcrumbList","@id":"https:\/\/masterchem.ee\/fi\/tooted-ja-teenused\/coolant-master-bio-30pro-lammonsiirtoneste-glyseriinipohjainen\/#breadcrumb","itemListElement":[{"@type":"ListItem","position":1,"name":"Home","item":"https:\/\/masterchem.ee\/fi\/"},{"@type":"ListItem","position":2,"name":"Tooted ja teenused","item":"https:\/\/masterchem.ee\/tooted-ja-teenused\/"},{"@type":"ListItem","position":3,"name":"Coolant Master BIO-30PRO\u2122 l\u00e4mm\u00f6nsiirtoneste glyseriinipohjainen"}]},{"@type":"WebSite","@id":"https:\/\/masterchem.ee\/fi\/#website","url":"https:\/\/masterchem.ee\/fi\/","name":"Masterchem.ee","description":"Chemistry For Industry - Solvents &amp; Chemicals","publisher":{"@id":"https:\/\/masterchem.ee\/fi\/#organization"},"potentialAction":[{"@type":"SearchAction","target":{"@type":"EntryPoint","urlTemplate":"https:\/\/masterchem.ee\/fi\/?s={search_term_string}"},"query-input":{"@type":"PropertyValueSpecification","valueRequired":true,"valueName":"search_term_string"}}],"inLanguage":"fi"},{"@type":"Organization","@id":"https:\/\/masterchem.ee\/fi\/#organization","name":"Masterchem","url":"https:\/\/masterchem.ee\/fi\/","logo":{"@type":"ImageObject","inLanguage":"fi","@id":"https:\/\/masterchem.ee\/fi\/#\/schema\/logo\/image\/","url":"https:\/\/masterchem.ee\/wp-content\/uploads\/2018\/02\/master-chem_final-1.png","contentUrl":"https:\/\/masterchem.ee\/wp-content\/uploads\/2018\/02\/master-chem_final-1.png","width":850,"height":356,"caption":"Masterchem"},"image":{"@id":"https:\/\/masterchem.ee\/fi\/#\/schema\/logo\/image\/"}}]}},"_links":{"self":[{"href":"https:\/\/masterchem.ee\/fi\/wp-json\/wp\/v2\/product\/25052","targetHints":{"allow":["GET"]}}],"collection":[{"href":"https:\/\/masterchem.ee\/fi\/wp-json\/wp\/v2\/product"}],"about":[{"href":"https:\/\/masterchem.ee\/fi\/wp-json\/wp\/v2\/types\/product"}],"wp:featuredmedia":[{"embeddable":true,"href":"https:\/\/masterchem.ee\/fi\/wp-json\/wp\/v2\/media\/25078"}],"wp:attachment":[{"href":"https:\/\/masterchem.ee\/fi\/wp-json\/wp\/v2\/media?parent=25052"}],"wp:term":[{"taxonomy":"product_brand","embeddable":true,"href":"https:\/\/masterchem.ee\/fi\/wp-json\/wp\/v2\/product_brand?post=25052"},{"taxonomy":"product_cat","embeddable":true,"href":"https:\/\/masterchem.ee\/fi\/wp-json\/wp\/v2\/product_cat?post=25052"},{"taxonomy":"product_tag","embeddable":true,"href":"https:\/\/masterchem.ee\/fi\/wp-json\/wp\/v2\/product_tag?post=25052"}],"curies":[{"name":"wp","href":"https:\/\/api.w.org\/{rel}","templated":true}]}}