{"id":24899,"date":"2024-03-08T06:42:42","date_gmt":"2024-03-08T06:42:47","guid":{"rendered":"https:\/\/masterchem.ee\/?post_type=product&#038;p=24899"},"modified":"2024-03-08T06:50:14","modified_gmt":"2024-03-08T06:50:14","slug":"ammoniummolybdaatti-cas-13106-76-8","status":"publish","type":"product","link":"https:\/\/masterchem.ee\/fi\/tooted-ja-teenused\/ammoniummolybdaatti-cas-13106-76-8\/","title":{"rendered":"Ammoniummolybdaatti (CAS 13106-76-8)"},"content":{"rendered":"<p><strong>Sovellus<\/strong><br \/>\nAmmoniummolybdaattitetrahydraattia voidaan k\u00e4ytt\u00e4\u00e4 seuraavissa prosesseissa:<br \/>\n&#8211; Esiaste kalsiummolybdaatti (CaMoO4) -sferuliittien muodostuksessa.<br \/>\n&#8211; Huokoisen hiilipohjaisen molybdeenidioksidin (MoO2) synteesi.<br \/>\n&#8211; Jodi-jodidi-molybdaattiliuoksen valmistus glukoositason m\u00e4\u00e4ritt\u00e4miseksi glukoosioksidaasimenetelm\u00e4ll\u00e4.<br \/>\n&#8211; Polymeerimassan heteroliitosaurinkokennojen valmistus.<br \/>\n&#8211; Esiaste Mo-N-koodatun TiO2:n (titaanidioksidin) synteesiss\u00e4.<br \/>\n&#8211; MoBi2S5 (molybdeenivismuttisulfidi) -ohutkalvojen synteesi.<br \/>\n&#8211; K\u00e4ytet\u00e4\u00e4n faasipuhtaan praseodyymimolybdaatin Pr2Mo3O12 ultra\u00e4\u00e4nisynteesiss\u00e4.<br \/>\n&#8211; Reagenssi, jota k\u00e4ytet\u00e4\u00e4n sulfidien hapettamiseen sulfonyyleiksi.<\/p>\n","protected":false},"excerpt":{"rendered":"<p>Ammoniummolybdaattitetrahydraatti (AMT) on molybdeenisuola. On raportoitu sen uuttamista nikkeli-molybdeenimalmista (Ni-Mo) suoralla hydrometallurgisella menetelm\u00e4ll\u00e4. Sen hajoamista polttamalla alkuainemolybdeenijauheeksi k\u00e4ytt\u00e4m\u00e4ll\u00e4 metallisia pelkisteit\u00e4 on tutkittu.<\/p>\n","protected":false},"featured_media":24907,"template":"","meta":[],"product_brand":[],"product_cat":[180,351],"product_tag":[],"class_list":{"0":"post-24899","1":"product","2":"type-product","3":"status-publish","4":"has-post-thumbnail","6":"product_cat-uncategorized-fi-2","7":"product_cat-puutarhanhoito","9":"first","10":"instock","11":"taxable","12":"shipping-taxable","13":"purchasable","14":"product-type-variable","15":"has-default-attributes"},"yoast_head":"<!-- This site is optimized with the Yoast SEO plugin v26.2 - https:\/\/yoast.com\/wordpress\/plugins\/seo\/ -->\n<title>Ammoniummolybdaatti (CAS 13106-76-8) - Chemistry For Industry - Solvents &amp; Chemicals - Masterchem.ee<\/title>\n<meta name=\"description\" content=\"Ammoniummolybdaattitetrahydraatti (AMT) on molybdeenisuola. On raportoitu sen uuttamista nikkeli-molybdeenimalmista (Ni-Mo) suoralla hydrometallurgisella menetelm\u00e4ll\u00e4.\" \/>\n<meta name=\"robots\" content=\"index, follow, max-snippet:-1, max-image-preview:large, max-video-preview:-1\" \/>\n<link rel=\"canonical\" href=\"https:\/\/masterchem.ee\/fi\/tooted-ja-teenused\/ammoniummolybdaatti-cas-13106-76-8\/\" \/>\n<meta name=\"twitter:card\" content=\"summary_large_image\" \/>\n<meta name=\"twitter:title\" content=\"Ammoniummolybdaatti (CAS 13106-76-8) - Chemistry For Industry - Solvents &amp; Chemicals - Masterchem.ee\" \/>\n<meta name=\"twitter:description\" content=\"Ammoniummolybdaattitetrahydraatti (AMT) on molybdeenisuola. On raportoitu sen uuttamista nikkeli-molybdeenimalmista (Ni-Mo) suoralla hydrometallurgisella menetelm\u00e4ll\u00e4.\" \/>\n<meta name=\"twitter:image\" content=\"https:\/\/masterchem.ee\/wp-content\/uploads\/2024\/03\/Ammonium-molybdate-CAS-13106-76-8-25kg-MasterChem.jpg\" \/>\n<script type=\"application\/ld+json\" class=\"yoast-schema-graph\">{\"@context\":\"https:\/\/schema.org\",\"@graph\":[{\"@type\":\"WebPage\",\"@id\":\"https:\/\/masterchem.ee\/fi\/tooted-ja-teenused\/ammoniummolybdaatti-cas-13106-76-8\/\",\"url\":\"https:\/\/masterchem.ee\/fi\/tooted-ja-teenused\/ammoniummolybdaatti-cas-13106-76-8\/\",\"name\":\"Ammoniummolybdaatti (CAS 13106-76-8) - Chemistry For Industry - Solvents &amp; Chemicals - Masterchem.ee\",\"isPartOf\":{\"@id\":\"https:\/\/masterchem.ee\/fi\/#website\"},\"primaryImageOfPage\":{\"@id\":\"https:\/\/masterchem.ee\/fi\/tooted-ja-teenused\/ammoniummolybdaatti-cas-13106-76-8\/#primaryimage\"},\"image\":{\"@id\":\"https:\/\/masterchem.ee\/fi\/tooted-ja-teenused\/ammoniummolybdaatti-cas-13106-76-8\/#primaryimage\"},\"thumbnailUrl\":\"https:\/\/masterchem.ee\/wp-content\/uploads\/2024\/03\/Ammonium-molybdate-CAS-13106-76-8-25kg-MasterChem.jpg\",\"datePublished\":\"2024-03-08T06:42:47+00:00\",\"dateModified\":\"2024-03-08T06:50:14+00:00\",\"description\":\"Ammoniummolybdaattitetrahydraatti (AMT) on molybdeenisuola. On raportoitu sen uuttamista nikkeli-molybdeenimalmista (Ni-Mo) suoralla hydrometallurgisella menetelm\u00e4ll\u00e4.\",\"breadcrumb\":{\"@id\":\"https:\/\/masterchem.ee\/fi\/tooted-ja-teenused\/ammoniummolybdaatti-cas-13106-76-8\/#breadcrumb\"},\"inLanguage\":\"fi\",\"potentialAction\":[{\"@type\":\"ReadAction\",\"target\":[\"https:\/\/masterchem.ee\/fi\/tooted-ja-teenused\/ammoniummolybdaatti-cas-13106-76-8\/\"]}]},{\"@type\":\"ImageObject\",\"inLanguage\":\"fi\",\"@id\":\"https:\/\/masterchem.ee\/fi\/tooted-ja-teenused\/ammoniummolybdaatti-cas-13106-76-8\/#primaryimage\",\"url\":\"https:\/\/masterchem.ee\/wp-content\/uploads\/2024\/03\/Ammonium-molybdate-CAS-13106-76-8-25kg-MasterChem.jpg\",\"contentUrl\":\"https:\/\/masterchem.ee\/wp-content\/uploads\/2024\/03\/Ammonium-molybdate-CAS-13106-76-8-25kg-MasterChem.jpg\",\"width\":1000,\"height\":1000,\"caption\":\"Ammoniummolybdaatti (CAS 13106-76-8) 25kg-MasterChem\"},{\"@type\":\"BreadcrumbList\",\"@id\":\"https:\/\/masterchem.ee\/fi\/tooted-ja-teenused\/ammoniummolybdaatti-cas-13106-76-8\/#breadcrumb\",\"itemListElement\":[{\"@type\":\"ListItem\",\"position\":1,\"name\":\"Home\",\"item\":\"https:\/\/masterchem.ee\/fi\/\"},{\"@type\":\"ListItem\",\"position\":2,\"name\":\"Tooted ja teenused\",\"item\":\"https:\/\/masterchem.ee\/tooted-ja-teenused\/\"},{\"@type\":\"ListItem\",\"position\":3,\"name\":\"Ammoniummolybdaatti (CAS 13106-76-8)\"}]},{\"@type\":\"WebSite\",\"@id\":\"https:\/\/masterchem.ee\/fi\/#website\",\"url\":\"https:\/\/masterchem.ee\/fi\/\",\"name\":\"Masterchem.ee\",\"description\":\"Chemistry For Industry - Solvents &amp; Chemicals\",\"publisher\":{\"@id\":\"https:\/\/masterchem.ee\/fi\/#organization\"},\"potentialAction\":[{\"@type\":\"SearchAction\",\"target\":{\"@type\":\"EntryPoint\",\"urlTemplate\":\"https:\/\/masterchem.ee\/fi\/?s={search_term_string}\"},\"query-input\":{\"@type\":\"PropertyValueSpecification\",\"valueRequired\":true,\"valueName\":\"search_term_string\"}}],\"inLanguage\":\"fi\"},{\"@type\":\"Organization\",\"@id\":\"https:\/\/masterchem.ee\/fi\/#organization\",\"name\":\"Masterchem\",\"url\":\"https:\/\/masterchem.ee\/fi\/\",\"logo\":{\"@type\":\"ImageObject\",\"inLanguage\":\"fi\",\"@id\":\"https:\/\/masterchem.ee\/fi\/#\/schema\/logo\/image\/\",\"url\":\"https:\/\/masterchem.ee\/wp-content\/uploads\/2018\/02\/master-chem_final-1.png\",\"contentUrl\":\"https:\/\/masterchem.ee\/wp-content\/uploads\/2018\/02\/master-chem_final-1.png\",\"width\":850,\"height\":356,\"caption\":\"Masterchem\"},\"image\":{\"@id\":\"https:\/\/masterchem.ee\/fi\/#\/schema\/logo\/image\/\"}}]}<\/script>\n<!-- \/ Yoast SEO plugin. -->","yoast_head_json":{"title":"Ammoniummolybdaatti (CAS 13106-76-8) - Chemistry For Industry - Solvents &amp; Chemicals - Masterchem.ee","description":"Ammoniummolybdaattitetrahydraatti (AMT) on molybdeenisuola. On raportoitu sen uuttamista nikkeli-molybdeenimalmista (Ni-Mo) suoralla hydrometallurgisella menetelm\u00e4ll\u00e4.","robots":{"index":"index","follow":"follow","max-snippet":"max-snippet:-1","max-image-preview":"max-image-preview:large","max-video-preview":"max-video-preview:-1"},"canonical":"https:\/\/masterchem.ee\/fi\/tooted-ja-teenused\/ammoniummolybdaatti-cas-13106-76-8\/","twitter_card":"summary_large_image","twitter_title":"Ammoniummolybdaatti (CAS 13106-76-8) - Chemistry For Industry - Solvents &amp; Chemicals - Masterchem.ee","twitter_description":"Ammoniummolybdaattitetrahydraatti (AMT) on molybdeenisuola. On raportoitu sen uuttamista nikkeli-molybdeenimalmista (Ni-Mo) suoralla hydrometallurgisella menetelm\u00e4ll\u00e4.","twitter_image":"https:\/\/masterchem.ee\/wp-content\/uploads\/2024\/03\/Ammonium-molybdate-CAS-13106-76-8-25kg-MasterChem.jpg","schema":{"@context":"https:\/\/schema.org","@graph":[{"@type":"WebPage","@id":"https:\/\/masterchem.ee\/fi\/tooted-ja-teenused\/ammoniummolybdaatti-cas-13106-76-8\/","url":"https:\/\/masterchem.ee\/fi\/tooted-ja-teenused\/ammoniummolybdaatti-cas-13106-76-8\/","name":"Ammoniummolybdaatti (CAS 13106-76-8) - Chemistry For Industry - Solvents &amp; Chemicals - Masterchem.ee","isPartOf":{"@id":"https:\/\/masterchem.ee\/fi\/#website"},"primaryImageOfPage":{"@id":"https:\/\/masterchem.ee\/fi\/tooted-ja-teenused\/ammoniummolybdaatti-cas-13106-76-8\/#primaryimage"},"image":{"@id":"https:\/\/masterchem.ee\/fi\/tooted-ja-teenused\/ammoniummolybdaatti-cas-13106-76-8\/#primaryimage"},"thumbnailUrl":"https:\/\/masterchem.ee\/wp-content\/uploads\/2024\/03\/Ammonium-molybdate-CAS-13106-76-8-25kg-MasterChem.jpg","datePublished":"2024-03-08T06:42:47+00:00","dateModified":"2024-03-08T06:50:14+00:00","description":"Ammoniummolybdaattitetrahydraatti (AMT) on molybdeenisuola. On raportoitu sen uuttamista nikkeli-molybdeenimalmista (Ni-Mo) suoralla hydrometallurgisella menetelm\u00e4ll\u00e4.","breadcrumb":{"@id":"https:\/\/masterchem.ee\/fi\/tooted-ja-teenused\/ammoniummolybdaatti-cas-13106-76-8\/#breadcrumb"},"inLanguage":"fi","potentialAction":[{"@type":"ReadAction","target":["https:\/\/masterchem.ee\/fi\/tooted-ja-teenused\/ammoniummolybdaatti-cas-13106-76-8\/"]}]},{"@type":"ImageObject","inLanguage":"fi","@id":"https:\/\/masterchem.ee\/fi\/tooted-ja-teenused\/ammoniummolybdaatti-cas-13106-76-8\/#primaryimage","url":"https:\/\/masterchem.ee\/wp-content\/uploads\/2024\/03\/Ammonium-molybdate-CAS-13106-76-8-25kg-MasterChem.jpg","contentUrl":"https:\/\/masterchem.ee\/wp-content\/uploads\/2024\/03\/Ammonium-molybdate-CAS-13106-76-8-25kg-MasterChem.jpg","width":1000,"height":1000,"caption":"Ammoniummolybdaatti (CAS 13106-76-8) 25kg-MasterChem"},{"@type":"BreadcrumbList","@id":"https:\/\/masterchem.ee\/fi\/tooted-ja-teenused\/ammoniummolybdaatti-cas-13106-76-8\/#breadcrumb","itemListElement":[{"@type":"ListItem","position":1,"name":"Home","item":"https:\/\/masterchem.ee\/fi\/"},{"@type":"ListItem","position":2,"name":"Tooted ja teenused","item":"https:\/\/masterchem.ee\/tooted-ja-teenused\/"},{"@type":"ListItem","position":3,"name":"Ammoniummolybdaatti (CAS 13106-76-8)"}]},{"@type":"WebSite","@id":"https:\/\/masterchem.ee\/fi\/#website","url":"https:\/\/masterchem.ee\/fi\/","name":"Masterchem.ee","description":"Chemistry For Industry - Solvents &amp; Chemicals","publisher":{"@id":"https:\/\/masterchem.ee\/fi\/#organization"},"potentialAction":[{"@type":"SearchAction","target":{"@type":"EntryPoint","urlTemplate":"https:\/\/masterchem.ee\/fi\/?s={search_term_string}"},"query-input":{"@type":"PropertyValueSpecification","valueRequired":true,"valueName":"search_term_string"}}],"inLanguage":"fi"},{"@type":"Organization","@id":"https:\/\/masterchem.ee\/fi\/#organization","name":"Masterchem","url":"https:\/\/masterchem.ee\/fi\/","logo":{"@type":"ImageObject","inLanguage":"fi","@id":"https:\/\/masterchem.ee\/fi\/#\/schema\/logo\/image\/","url":"https:\/\/masterchem.ee\/wp-content\/uploads\/2018\/02\/master-chem_final-1.png","contentUrl":"https:\/\/masterchem.ee\/wp-content\/uploads\/2018\/02\/master-chem_final-1.png","width":850,"height":356,"caption":"Masterchem"},"image":{"@id":"https:\/\/masterchem.ee\/fi\/#\/schema\/logo\/image\/"}}]}},"_links":{"self":[{"href":"https:\/\/masterchem.ee\/fi\/wp-json\/wp\/v2\/product\/24899","targetHints":{"allow":["GET"]}}],"collection":[{"href":"https:\/\/masterchem.ee\/fi\/wp-json\/wp\/v2\/product"}],"about":[{"href":"https:\/\/masterchem.ee\/fi\/wp-json\/wp\/v2\/types\/product"}],"wp:featuredmedia":[{"embeddable":true,"href":"https:\/\/masterchem.ee\/fi\/wp-json\/wp\/v2\/media\/24907"}],"wp:attachment":[{"href":"https:\/\/masterchem.ee\/fi\/wp-json\/wp\/v2\/media?parent=24899"}],"wp:term":[{"taxonomy":"product_brand","embeddable":true,"href":"https:\/\/masterchem.ee\/fi\/wp-json\/wp\/v2\/product_brand?post=24899"},{"taxonomy":"product_cat","embeddable":true,"href":"https:\/\/masterchem.ee\/fi\/wp-json\/wp\/v2\/product_cat?post=24899"},{"taxonomy":"product_tag","embeddable":true,"href":"https:\/\/masterchem.ee\/fi\/wp-json\/wp\/v2\/product_tag?post=24899"}],"curies":[{"name":"wp","href":"https:\/\/api.w.org\/{rel}","templated":true}]}}