{"id":24827,"date":"2024-03-07T06:17:12","date_gmt":"2024-03-07T06:17:20","guid":{"rendered":"https:\/\/masterchem.ee\/?post_type=product&#038;p=24827"},"modified":"2024-03-07T06:31:06","modified_gmt":"2024-03-07T06:31:06","slug":"isoforonidiamiini-2855-13-2","status":"publish","type":"product","link":"https:\/\/masterchem.ee\/fi\/tooted-ja-teenused\/isoforonidiamiini-2855-13-2\/","title":{"rendered":"Isoforonidiamiini (2855-13-2)"},"content":{"rendered":"<p>Kuten muut diamiinit tai amiinit yleens\u00e4, se on epoksihartsien kovetusaine. Pinnoitesovelluksissa k\u00e4ytettyn\u00e4 korkeampi hinta verrattuna muihin amiineihin on perusteltua parantuneen UV-stabiilisuuden ja siten alhaisemman kellastumiskyvyn vuoksi. Kehittyneiden komposiittimateriaalien tuotannossa (tekniikka) sen korkeammat kustannukset verrattuna muihin amiineihin eiv\u00e4t ole yht\u00e4 t\u00e4rkeit\u00e4, koska suorituskyky on keskeinen kriteeri. Sykloalifaattisilla amiineilla, kuten IPDA:lla, tiedet\u00e4\u00e4n my\u00f6s olevan alempi kellastumistaipumus kuin muilla amiineilla, ja siksi niit\u00e4 k\u00e4ytet\u00e4\u00e4n pinnoitussovelluksissa, joissa t\u00e4m\u00e4 ominaisuus on t\u00e4rke\u00e4 estetiikan kannalta. Vaikka se ei ole ainoa epoksilattioissa k\u00e4ytetty sykloalifaattinen amiini, sill\u00e4 on tilavuuden mukaan suurin k\u00e4ytt\u00f6. Muita lattioissa k\u00e4ytettyj\u00e4 sykloalifaattisia amiineja ovat 1,3-BAC, MXDA, PACM ja DCH-99.<\/p>\n","protected":false},"excerpt":{"rendered":"<p>Isoforonidiamiini (yleens\u00e4 lyhennetty IPDA:ksi) on kemiallinen yhdiste ja erityisesti diamiini, jonka kaava on (CH3)3C6H7(NH2)(CH2NH2). Se on v\u00e4rit\u00f6n neste. Se on polymeerien ja pinnoitteiden esiaste.<\/p>\n","protected":false},"featured_media":24869,"template":"","meta":[],"product_brand":[],"product_cat":[180],"product_tag":[],"class_list":{"0":"post-24827","1":"product","2":"type-product","3":"status-publish","4":"has-post-thumbnail","6":"product_cat-uncategorized-fi-2","7":"pif-has-gallery","9":"first","10":"instock","11":"taxable","12":"shipping-taxable","13":"purchasable","14":"product-type-variable","15":"has-default-attributes"},"yoast_head":"<!-- This site is optimized with the Yoast SEO plugin v26.2 - https:\/\/yoast.com\/wordpress\/plugins\/seo\/ -->\n<title>Isoforonidiamiini (2855-13-2) - Chemistry For Industry - Solvents &amp; Chemicals - Masterchem.ee<\/title>\n<meta name=\"description\" content=\"Isoforonidiamiini (yleens\u00e4 lyhennetty IPDA:ksi) on kemiallinen yhdiste ja erityisesti diamiini, jonka kaava on (CH3)3C6H7(NH2)(CH2NH2).\" \/>\n<meta name=\"robots\" content=\"index, follow, max-snippet:-1, max-image-preview:large, max-video-preview:-1\" \/>\n<link rel=\"canonical\" href=\"https:\/\/masterchem.ee\/fi\/tooted-ja-teenused\/isoforonidiamiini-2855-13-2\/\" \/>\n<meta name=\"twitter:card\" content=\"summary_large_image\" \/>\n<meta name=\"twitter:title\" content=\"Isoforonidiamiini (2855-13-2) - Chemistry For Industry - Solvents &amp; Chemicals - Masterchem.ee\" \/>\n<meta name=\"twitter:description\" content=\"Isoforonidiamiini (yleens\u00e4 lyhennetty IPDA:ksi) on kemiallinen yhdiste ja erityisesti diamiini, jonka kaava on (CH3)3C6H7(NH2)(CH2NH2).\" \/>\n<meta name=\"twitter:image\" content=\"https:\/\/masterchem.ee\/wp-content\/uploads\/2024\/03\/Isoforondiamiin-2855-13-2-1000l-MaterChem.jpg\" \/>\n<meta name=\"twitter:label1\" content=\"Arvioitu lukuaika\" \/>\n\t<meta name=\"twitter:data1\" content=\"1 minuutti\" \/>\n<script type=\"application\/ld+json\" class=\"yoast-schema-graph\">{\"@context\":\"https:\/\/schema.org\",\"@graph\":[{\"@type\":\"WebPage\",\"@id\":\"https:\/\/masterchem.ee\/fi\/tooted-ja-teenused\/isoforonidiamiini-2855-13-2\/\",\"url\":\"https:\/\/masterchem.ee\/fi\/tooted-ja-teenused\/isoforonidiamiini-2855-13-2\/\",\"name\":\"Isoforonidiamiini (2855-13-2) - Chemistry For Industry - Solvents &amp; Chemicals - Masterchem.ee\",\"isPartOf\":{\"@id\":\"https:\/\/masterchem.ee\/fi\/#website\"},\"primaryImageOfPage\":{\"@id\":\"https:\/\/masterchem.ee\/fi\/tooted-ja-teenused\/isoforonidiamiini-2855-13-2\/#primaryimage\"},\"image\":{\"@id\":\"https:\/\/masterchem.ee\/fi\/tooted-ja-teenused\/isoforonidiamiini-2855-13-2\/#primaryimage\"},\"thumbnailUrl\":\"https:\/\/masterchem.ee\/wp-content\/uploads\/2024\/03\/Isoforondiamiin-2855-13-2-1000l-MaterChem.jpg\",\"datePublished\":\"2024-03-07T06:17:20+00:00\",\"dateModified\":\"2024-03-07T06:31:06+00:00\",\"description\":\"Isoforonidiamiini (yleens\u00e4 lyhennetty IPDA:ksi) on kemiallinen yhdiste ja erityisesti diamiini, jonka kaava on (CH3)3C6H7(NH2)(CH2NH2).\",\"breadcrumb\":{\"@id\":\"https:\/\/masterchem.ee\/fi\/tooted-ja-teenused\/isoforonidiamiini-2855-13-2\/#breadcrumb\"},\"inLanguage\":\"fi\",\"potentialAction\":[{\"@type\":\"ReadAction\",\"target\":[\"https:\/\/masterchem.ee\/fi\/tooted-ja-teenused\/isoforonidiamiini-2855-13-2\/\"]}]},{\"@type\":\"ImageObject\",\"inLanguage\":\"fi\",\"@id\":\"https:\/\/masterchem.ee\/fi\/tooted-ja-teenused\/isoforonidiamiini-2855-13-2\/#primaryimage\",\"url\":\"https:\/\/masterchem.ee\/wp-content\/uploads\/2024\/03\/Isoforondiamiin-2855-13-2-1000l-MaterChem.jpg\",\"contentUrl\":\"https:\/\/masterchem.ee\/wp-content\/uploads\/2024\/03\/Isoforondiamiin-2855-13-2-1000l-MaterChem.jpg\",\"width\":1000,\"height\":1000,\"caption\":\"Isoforonidiamiini (2855-13-2)-1000l-MaterChem\"},{\"@type\":\"BreadcrumbList\",\"@id\":\"https:\/\/masterchem.ee\/fi\/tooted-ja-teenused\/isoforonidiamiini-2855-13-2\/#breadcrumb\",\"itemListElement\":[{\"@type\":\"ListItem\",\"position\":1,\"name\":\"Home\",\"item\":\"https:\/\/masterchem.ee\/fi\/\"},{\"@type\":\"ListItem\",\"position\":2,\"name\":\"Tooted ja teenused\",\"item\":\"https:\/\/masterchem.ee\/tooted-ja-teenused\/\"},{\"@type\":\"ListItem\",\"position\":3,\"name\":\"Isoforonidiamiini (2855-13-2)\"}]},{\"@type\":\"WebSite\",\"@id\":\"https:\/\/masterchem.ee\/fi\/#website\",\"url\":\"https:\/\/masterchem.ee\/fi\/\",\"name\":\"Masterchem.ee\",\"description\":\"Chemistry For Industry - Solvents &amp; Chemicals\",\"publisher\":{\"@id\":\"https:\/\/masterchem.ee\/fi\/#organization\"},\"potentialAction\":[{\"@type\":\"SearchAction\",\"target\":{\"@type\":\"EntryPoint\",\"urlTemplate\":\"https:\/\/masterchem.ee\/fi\/?s={search_term_string}\"},\"query-input\":{\"@type\":\"PropertyValueSpecification\",\"valueRequired\":true,\"valueName\":\"search_term_string\"}}],\"inLanguage\":\"fi\"},{\"@type\":\"Organization\",\"@id\":\"https:\/\/masterchem.ee\/fi\/#organization\",\"name\":\"Masterchem\",\"url\":\"https:\/\/masterchem.ee\/fi\/\",\"logo\":{\"@type\":\"ImageObject\",\"inLanguage\":\"fi\",\"@id\":\"https:\/\/masterchem.ee\/fi\/#\/schema\/logo\/image\/\",\"url\":\"https:\/\/masterchem.ee\/wp-content\/uploads\/2018\/02\/master-chem_final-1.png\",\"contentUrl\":\"https:\/\/masterchem.ee\/wp-content\/uploads\/2018\/02\/master-chem_final-1.png\",\"width\":850,\"height\":356,\"caption\":\"Masterchem\"},\"image\":{\"@id\":\"https:\/\/masterchem.ee\/fi\/#\/schema\/logo\/image\/\"}}]}<\/script>\n<!-- \/ Yoast SEO plugin. -->","yoast_head_json":{"title":"Isoforonidiamiini (2855-13-2) - Chemistry For Industry - Solvents &amp; Chemicals - Masterchem.ee","description":"Isoforonidiamiini (yleens\u00e4 lyhennetty IPDA:ksi) on kemiallinen yhdiste ja erityisesti diamiini, jonka kaava on (CH3)3C6H7(NH2)(CH2NH2).","robots":{"index":"index","follow":"follow","max-snippet":"max-snippet:-1","max-image-preview":"max-image-preview:large","max-video-preview":"max-video-preview:-1"},"canonical":"https:\/\/masterchem.ee\/fi\/tooted-ja-teenused\/isoforonidiamiini-2855-13-2\/","twitter_card":"summary_large_image","twitter_title":"Isoforonidiamiini (2855-13-2) - Chemistry For Industry - Solvents &amp; Chemicals - Masterchem.ee","twitter_description":"Isoforonidiamiini (yleens\u00e4 lyhennetty IPDA:ksi) on kemiallinen yhdiste ja erityisesti diamiini, jonka kaava on (CH3)3C6H7(NH2)(CH2NH2).","twitter_image":"https:\/\/masterchem.ee\/wp-content\/uploads\/2024\/03\/Isoforondiamiin-2855-13-2-1000l-MaterChem.jpg","twitter_misc":{"Arvioitu lukuaika":"1 minuutti"},"schema":{"@context":"https:\/\/schema.org","@graph":[{"@type":"WebPage","@id":"https:\/\/masterchem.ee\/fi\/tooted-ja-teenused\/isoforonidiamiini-2855-13-2\/","url":"https:\/\/masterchem.ee\/fi\/tooted-ja-teenused\/isoforonidiamiini-2855-13-2\/","name":"Isoforonidiamiini (2855-13-2) - Chemistry For Industry - Solvents &amp; Chemicals - Masterchem.ee","isPartOf":{"@id":"https:\/\/masterchem.ee\/fi\/#website"},"primaryImageOfPage":{"@id":"https:\/\/masterchem.ee\/fi\/tooted-ja-teenused\/isoforonidiamiini-2855-13-2\/#primaryimage"},"image":{"@id":"https:\/\/masterchem.ee\/fi\/tooted-ja-teenused\/isoforonidiamiini-2855-13-2\/#primaryimage"},"thumbnailUrl":"https:\/\/masterchem.ee\/wp-content\/uploads\/2024\/03\/Isoforondiamiin-2855-13-2-1000l-MaterChem.jpg","datePublished":"2024-03-07T06:17:20+00:00","dateModified":"2024-03-07T06:31:06+00:00","description":"Isoforonidiamiini (yleens\u00e4 lyhennetty IPDA:ksi) on kemiallinen yhdiste ja erityisesti diamiini, jonka kaava on (CH3)3C6H7(NH2)(CH2NH2).","breadcrumb":{"@id":"https:\/\/masterchem.ee\/fi\/tooted-ja-teenused\/isoforonidiamiini-2855-13-2\/#breadcrumb"},"inLanguage":"fi","potentialAction":[{"@type":"ReadAction","target":["https:\/\/masterchem.ee\/fi\/tooted-ja-teenused\/isoforonidiamiini-2855-13-2\/"]}]},{"@type":"ImageObject","inLanguage":"fi","@id":"https:\/\/masterchem.ee\/fi\/tooted-ja-teenused\/isoforonidiamiini-2855-13-2\/#primaryimage","url":"https:\/\/masterchem.ee\/wp-content\/uploads\/2024\/03\/Isoforondiamiin-2855-13-2-1000l-MaterChem.jpg","contentUrl":"https:\/\/masterchem.ee\/wp-content\/uploads\/2024\/03\/Isoforondiamiin-2855-13-2-1000l-MaterChem.jpg","width":1000,"height":1000,"caption":"Isoforonidiamiini (2855-13-2)-1000l-MaterChem"},{"@type":"BreadcrumbList","@id":"https:\/\/masterchem.ee\/fi\/tooted-ja-teenused\/isoforonidiamiini-2855-13-2\/#breadcrumb","itemListElement":[{"@type":"ListItem","position":1,"name":"Home","item":"https:\/\/masterchem.ee\/fi\/"},{"@type":"ListItem","position":2,"name":"Tooted ja teenused","item":"https:\/\/masterchem.ee\/tooted-ja-teenused\/"},{"@type":"ListItem","position":3,"name":"Isoforonidiamiini (2855-13-2)"}]},{"@type":"WebSite","@id":"https:\/\/masterchem.ee\/fi\/#website","url":"https:\/\/masterchem.ee\/fi\/","name":"Masterchem.ee","description":"Chemistry For Industry - Solvents &amp; Chemicals","publisher":{"@id":"https:\/\/masterchem.ee\/fi\/#organization"},"potentialAction":[{"@type":"SearchAction","target":{"@type":"EntryPoint","urlTemplate":"https:\/\/masterchem.ee\/fi\/?s={search_term_string}"},"query-input":{"@type":"PropertyValueSpecification","valueRequired":true,"valueName":"search_term_string"}}],"inLanguage":"fi"},{"@type":"Organization","@id":"https:\/\/masterchem.ee\/fi\/#organization","name":"Masterchem","url":"https:\/\/masterchem.ee\/fi\/","logo":{"@type":"ImageObject","inLanguage":"fi","@id":"https:\/\/masterchem.ee\/fi\/#\/schema\/logo\/image\/","url":"https:\/\/masterchem.ee\/wp-content\/uploads\/2018\/02\/master-chem_final-1.png","contentUrl":"https:\/\/masterchem.ee\/wp-content\/uploads\/2018\/02\/master-chem_final-1.png","width":850,"height":356,"caption":"Masterchem"},"image":{"@id":"https:\/\/masterchem.ee\/fi\/#\/schema\/logo\/image\/"}}]}},"_links":{"self":[{"href":"https:\/\/masterchem.ee\/fi\/wp-json\/wp\/v2\/product\/24827","targetHints":{"allow":["GET"]}}],"collection":[{"href":"https:\/\/masterchem.ee\/fi\/wp-json\/wp\/v2\/product"}],"about":[{"href":"https:\/\/masterchem.ee\/fi\/wp-json\/wp\/v2\/types\/product"}],"wp:featuredmedia":[{"embeddable":true,"href":"https:\/\/masterchem.ee\/fi\/wp-json\/wp\/v2\/media\/24869"}],"wp:attachment":[{"href":"https:\/\/masterchem.ee\/fi\/wp-json\/wp\/v2\/media?parent=24827"}],"wp:term":[{"taxonomy":"product_brand","embeddable":true,"href":"https:\/\/masterchem.ee\/fi\/wp-json\/wp\/v2\/product_brand?post=24827"},{"taxonomy":"product_cat","embeddable":true,"href":"https:\/\/masterchem.ee\/fi\/wp-json\/wp\/v2\/product_cat?post=24827"},{"taxonomy":"product_tag","embeddable":true,"href":"https:\/\/masterchem.ee\/fi\/wp-json\/wp\/v2\/product_tag?post=24827"}],"curies":[{"name":"wp","href":"https:\/\/api.w.org\/{rel}","templated":true}]}}