{"id":24319,"date":"2024-02-16T09:29:25","date_gmt":"2024-02-16T09:29:32","guid":{"rendered":"https:\/\/masterchem.ee\/?post_type=product&#038;p=24319"},"modified":"2024-07-03T17:43:56","modified_gmt":"2024-07-03T17:43:56","slug":"coolant-master-eco-20pro-lammonsiirtoneste","status":"publish","type":"product","link":"https:\/\/masterchem.ee\/fi\/tooted-ja-teenused\/coolant-master-eco-20pro-lammonsiirtoneste\/","title":{"rendered":"Coolant Master ECO-20PRO\u2122 l\u00e4mm\u00f6nsiirtoneste"},"content":{"rendered":"<p><strong>Tuotteen ominaisuudet:<\/strong><br \/>\nTuotetyyppi: K\u00e4ytt\u00f6valmis<br \/>\nJ\u00e4\u00e4tymispiste: -20\u00b0C<br \/>\nP\u00e4\u00e4ainepitoisuus: propyleeniglykoli v\u00e4hint\u00e4\u00e4n 37 painoprosenttia<br \/>\nInhibiittori: kyll\u00e4, ASTM D3306 standardi<br \/>\nKiehumispiste: (\u00b0C): 103\u00b0C<br \/>\nTiheys 20 \u00baC:ssa: 1,032 g\/cm3<br \/>\nSuositeltu s\u00e4ilytysl\u00e4mp\u00f6tila minimi: 0 C maksimi: 30 C<br \/>\nAlkuper\u00e4maa: Viro<br \/>\nK\u00e4ytt\u00f6ik\u00e4: v\u00e4hint\u00e4\u00e4n 7 vuotta ja riippuu k\u00e4ytt\u00f6s\u00e4\u00e4nn\u00f6ist\u00e4<br \/>\nS\u00e4ilyvyys: 36 kuukautta.<br \/>\nPakkaus: 5 litraa, 25 litraa, 200 litraa, 1000 litraa<br \/>\nTuote: ECO-20PRO57-55-6<br \/>\nEAN \t4742668000010 5-litrainen muovipurkki<br \/>\n\t4742668000386 20-litrainen muovipurkki<br \/>\n\t4742668000416 200 valaistu muovirumpu<br \/>\n\t4742668000485 1000 valaistu IBC-kontti<\/p>\n<p><strong>Kuvaus:<\/strong><br \/>\nPropyleeniglykoliin perustuvilla Master ECO\u2122 -j\u00e4\u00e4hdytysnesteill\u00e4 l\u00e4mmitykseen ja l\u00e4mm\u00f6nvaihtoon on tunnusomaista seuraavat positiiviset ominaisuudet:<br \/>\n\u25cf\tovat ymp\u00e4rist\u00f6yst\u00e4v\u00e4llisi\u00e4 ja myrkytt\u00f6mi\u00e4;<br \/>\n\u25cf\tMaster ECO\u2122 -tavaramerkit kest\u00e4v\u00e4t korkeita l\u00e4mp\u00f6tiloja;<br \/>\n\u25cf\tsuojaa l\u00e4mmitysj\u00e4rjestelm\u00e4\u00e4 luotettavasti j\u00e4\u00e4tymiselt\u00e4 alhaisissa ymp\u00e4rist\u00f6n l\u00e4mp\u00f6tiloissa talvella;<br \/>\n\u25cf\tniill\u00e4 on voitelevia ja bakteereja tappavia ominaisuuksia;<br \/>\n\u25cf\tniill\u00e4 on hyv\u00e4t l\u00e4mp\u00f6fysikaaliset ominaisuudet, joiden ansiosta huone l\u00e4mmitet\u00e4\u00e4n tasaisesti;<br \/>\n\u25cf\tpalo- ja r\u00e4j\u00e4hdyssuojattu;<br \/>\n\u25cf\teiv\u00e4t muodosta mittakaavaa.<br \/>\n\u25cf\tk\u00e4ytet\u00e4\u00e4n neonv\u00e4rej\u00e4, jotka auttavat havaitsemaan vuodon helpommin, jos j\u00e4rjestelm\u00e4ss\u00e4 on vuoto (t\u00e4llaisen lis\u00e4aineen tarve ilmoitetaan tilattaessa)<\/p>\n<p><strong>Ohjekirja:<\/strong><br \/>\nEnnen Master ECO\u2122 -j\u00e4\u00e4hdytysnesteiden k\u00e4ytt\u00f6\u00e4 l\u00e4mmitysj\u00e4rjestelm\u00e4 on puhdistettava kokonaan j\u00e4tenesteest\u00e4. Sinun tulee my\u00f6s poistaa vanhat kerrostumat ja hilseet piirist\u00e4, poistaa korroosioj\u00e4ljet ja varmistaa, ettei niiss\u00e4 ole sinkki\u00e4 sis\u00e4lt\u00e4vi\u00e4 osia.<\/p>\n<p>L\u00e4mmitysj\u00e4rjestelm\u00e4 t\u00e4ytet\u00e4\u00e4n painovoimalla joko k\u00e4sin tai paineen alaisena. Manuaalinen t\u00e4ytt\u00f6 soveltuu avoimille piireille. J\u00e4\u00e4hdytysneste pumpataan suljettuihin l\u00e4mmitysj\u00e4rjestelmiin paineen alaisena pumppujen avulla.<\/p>\n<p>On t\u00e4rke\u00e4\u00e4 varmistaa hyv\u00e4 tiivistys, koska vesipitoiset propyleeniglykoliliuokset, joilla on korkea kostutusvaikutus, voivat vuotaa paikkoihin, joissa vesi ei virtaa. Jos se vuotaa, koko l\u00e4mmitysj\u00e4rjestelm\u00e4n hy\u00f6tysuhde heikkenee. Jos ne havaitaan, on tarpeen keskeytt\u00e4\u00e4 koko j\u00e4rjestelm\u00e4n toiminta ja poistaa toimintah\u00e4iri\u00f6.<\/p>\n<p>Master ECO\u2122 -j\u00e4\u00e4hdytysnesteiden k\u00e4ytt\u00f6ik\u00e4 on v\u00e4hint\u00e4\u00e4n 7 vuotta. J\u00e4\u00e4hdytysnesteen hinta riippuu p\u00e4\u00e4komponentin pitoisuudesta. Sit\u00e4 tilattaessa ja ostettaessa on otettava huomioon propyleeniglykolin prosenttiosuus j\u00e4\u00e4hdytysnestemerkist\u00e4. L\u00e4mp\u00f6tila-alue, jolla koko kauden alhainen j\u00e4\u00e4hdytysneste on toimintakunnossa, riippuu t\u00e4st\u00e4 indikaattorista.<\/p>\n<p><strong>Master ECO-20PRO\u2122 Propyleeniglykolin 37 % vesiliuoksen l\u00e4mp\u00f6fysikaaliset ominaisuudet, kiteytysl\u00e4mp\u00f6tila miinus -20\u00b0C<\/strong><\/p>\n<div class=\"table-responsive\">\n<table border=\"1\" cellspacing=\"0\" cellpadding=\"0\">\n<tbody>\n<tr>\n<td>\n<p>\t\t\t\tSolution temperature, t&deg;C\n\t\t\t<\/td>\n<td>\n<p>\t\t\t\tDensity, kg\/m**3\n\t\t\t<\/td>\n<td>\n<p>\t\t\t\tHeat capacity, Average, kJ\/(kg*K)\n\t\t\t<\/td>\n<td>\n<p>\t\t\t\tThermal conductivity, W\/(m*K)\n\t\t\t<\/td>\n<td>\n<p>\t\t\t\tDynamic viscosity, *10-3[N*s\/m**2]\n\t\t\t<\/td>\n<td>\n<p>\t\t\t\tKinematic viscosity, *10-6[(m**2\/s]\n\t\t\t<\/td>\n<\/tr>\n<tr>\n<td>\n<p>\t\t\t\t-20&deg;C\n\t\t\t<\/td>\n<td>\n<p>\t\t\t\t1051\n\t\t\t<\/td>\n<td>\n<p>\t\t\t\t3.68\n\t\t\t<\/td>\n<td>\n<p>\t\t\t\t0.420\n\t\t\t<\/td>\n<td>\n<p>\t\t\t\t47.25\n\t\t\t<\/td>\n<td>\n<p>\t\t\t\t45.10\n\t\t\t<\/td>\n<\/tr>\n<tr>\n<td>\n<p>\t\t\t\t0&deg;C\n\t\t\t<\/td>\n<td>\n<p>\t\t\t\t1045\n\t\t\t<\/td>\n<td>\n<p>\t\t\t\t3.72\n\t\t\t<\/td>\n<td>\n<p>\t\t\t\t0.425\n\t\t\t<\/td>\n<td>\n<p>\t\t\t\t12.54\n\t\t\t<\/td>\n<td>\n<p>\t\t\t\t12.12\n\t\t\t<\/td>\n<\/tr>\n<tr>\n<td>\n<p>\t\t\t\t20&deg;C\n\t\t\t<\/td>\n<td>\n<p>\t\t\t\t1036\n\t\t\t<\/td>\n<td>\n<p>\t\t\t\t3.77\n\t\t\t<\/td>\n<td>\n<p>\t\t\t\t0.429\n\t\t\t<\/td>\n<td>\n<p>\t\t\t\t4,562\n\t\t\t<\/td>\n<td>\n<p>\t\t\t\t4.41\n\t\t\t<\/td>\n<\/tr>\n<tr>\n<td>\n<p>\t\t\t\t40&deg;C\n\t\t\t<\/td>\n<td>\n<p>\t\t\t\t1025\n\t\t\t<\/td>\n<td>\n<p>\t\t\t\t3.82\n\t\t\t<\/td>\n<td>\n<p>\t\t\t\t0.433\n\t\t\t<\/td>\n<td>\n<p>\t\t\t\t2,261\n\t\t\t<\/td>\n<td>\n<p>\t\t\t\t2.23\n\t\t\t<\/td>\n<\/tr>\n<tr>\n<td>\n<p>\t\t\t\t60&deg;C\n\t\t\t<\/td>\n<td>\n<p>\t\t\t\t1012\n\t\t\t<\/td>\n<td>\n<p>\t\t\t\t3.88\n\t\t\t<\/td>\n<td>\n<p>\t\t\t\t0.437\n\t\t\t<\/td>\n<td>\n<p>\t\t\t\t1,320\n\t\t\t<\/td>\n<td>\n<p>\t\t\t\t1.30\n\t\t\t<\/td>\n<\/tr>\n<tr>\n<td>\n<p>\t\t\t\t80&deg;C\n\t\t\t<\/td>\n<td>\n<p>\t\t\t\t997\n\t\t\t<\/td>\n<td>\n<p>\t\t\t\t3.93\n\t\t\t<\/td>\n<td>\n<p>\t\t\t\t0.441\n\t\t\t<\/td>\n<td>\n<p>\t\t\t\t0.897\n\t\t\t<\/td>\n<td>\n<p>\t\t\t\t0.91\n\t\t\t<\/td>\n<\/tr>\n<tr>\n<td>\n<p>\t\t\t\t100&deg;C\n\t\t\t<\/td>\n<td>\n<p>\t\t\t\t982\n\t\t\t<\/td>\n<td>\n<p>\t\t\t\t4.00\n\t\t\t<\/td>\n<td>\n<p>\t\t\t\t0.445\n\t\t\t<\/td>\n<td>\n<p>\t\t\t\t0.687\n\t\t\t<\/td>\n<td>\n<p>\t\t\t\t0.71\n\t\t\t<\/td>\n<\/tr>\n<\/tbody>\n<\/table>\n<\/div>\n","protected":false},"excerpt":{"rendered":"<p>Korkealaatuinen propyleeniglykoliin perustuva j\u00e4\u00e4hdytysneste, johon on lis\u00e4tty innovatiivisia, kulumista kest\u00e4vi\u00e4 korroosionestoaineita.<br \/>\nMaster ECO-20PRO\u2122 on myrkyt\u00f6n ja t\u00e4ysin ymp\u00e4rist\u00f6yst\u00e4v\u00e4llinen; sit\u00e4 voidaan k\u00e4ytt\u00e4\u00e4 sek\u00e4 julkisten ett\u00e4 asuinrakennusten l\u00e4mmitysj\u00e4rjestelmiss\u00e4. Soveltuu k\u00e4ytett\u00e4v\u00e4ksi elintarvike- ja l\u00e4\u00e4keteollisuudessa.<br \/>\nTuotteemme ei sy\u00f6vyt\u00e4 muovia, tekstiilej\u00e4, kumia ja muita materiaaleja.<br \/>\nValmistettu propyleeniglykoliliuos on t\u00e4ysin tulenkest\u00e4v\u00e4 ja sen k\u00e4ytt\u00f6 eliminoi r\u00e4j\u00e4hdysvaaran.<\/p>\n<p><a target=\"_blank\" href=\"https:\/\/masterchem.ee\/wp-content\/uploads\/2024\/02\/Master-ECO-20PRO-technical-data-sheet-ENG-2024.pdf\" class=\"pdf\" alt=\"Coolant Master ECO-20PRO\u2122 TDS\" title=\"Coolant Master ECO-20PRO\u2122 TDS\" rel=\"noopener\">Coolant Master ECO-20PRO\u2122 TDS<\/a><\/p>\n","protected":false},"featured_media":24565,"template":"","meta":[],"product_brand":[],"product_cat":[180,109,302,117,114],"product_tag":[],"class_list":{"0":"post-24319","1":"product","2":"type-product","3":"status-publish","4":"has-post-thumbnail","6":"product_cat-uncategorized-fi-2","7":"product_cat-anti-jaatymisnesteet","8":"product_cat-jaahdytysnesteet","9":"product_cat-kotitalouskemikaalit","10":"product_cat-rakennusteollisuus","11":"pif-has-gallery","13":"first","14":"instock","15":"taxable","16":"shipping-taxable","17":"purchasable","18":"product-type-variable","19":"has-default-attributes"},"yoast_head":"<!-- This site is optimized with the Yoast SEO plugin v26.2 - https:\/\/yoast.com\/wordpress\/plugins\/seo\/ -->\n<title>Coolant Master ECO-20PRO\u2122 l\u00e4mm\u00f6nsiirtoneste - Chemistry For Industry - Solvents &amp; Chemicals - Masterchem.ee<\/title>\n<meta name=\"description\" content=\"Master ECO-20PRO - Korkealaatuinen propyleeniglykoliin perustuva j\u00e4\u00e4hdytysneste, johon on lis\u00e4tty innovatiivisia, kulumista kest\u00e4vi\u00e4 korroosionestoaineita.\" \/>\n<meta name=\"robots\" content=\"index, follow, max-snippet:-1, max-image-preview:large, max-video-preview:-1\" \/>\n<link rel=\"canonical\" href=\"https:\/\/masterchem.ee\/fi\/tooted-ja-teenused\/coolant-master-eco-20pro-lammonsiirtoneste\/\" \/>\n<meta name=\"twitter:card\" content=\"summary_large_image\" \/>\n<meta name=\"twitter:title\" content=\"Coolant Master ECO-20PRO\u2122 l\u00e4mm\u00f6nsiirtoneste - Chemistry For Industry - Solvents &amp; Chemicals - Masterchem.ee\" \/>\n<meta name=\"twitter:description\" content=\"Master ECO-20PRO - Korkealaatuinen propyleeniglykoliin perustuva j\u00e4\u00e4hdytysneste, johon on lis\u00e4tty innovatiivisia, kulumista kest\u00e4vi\u00e4 korroosionestoaineita.\" \/>\n<meta name=\"twitter:image\" content=\"https:\/\/masterchem.ee\/wp-content\/uploads\/2024\/02\/MasterChem_Coolant-Master-ECO-20PRO_1000L.jpg\" \/>\n<meta name=\"twitter:label1\" content=\"Arvioitu lukuaika\" \/>\n\t<meta name=\"twitter:data1\" content=\"2 minuuttia\" \/>\n<script type=\"application\/ld+json\" class=\"yoast-schema-graph\">{\"@context\":\"https:\/\/schema.org\",\"@graph\":[{\"@type\":\"WebPage\",\"@id\":\"https:\/\/masterchem.ee\/fi\/tooted-ja-teenused\/coolant-master-eco-20pro-lammonsiirtoneste\/\",\"url\":\"https:\/\/masterchem.ee\/fi\/tooted-ja-teenused\/coolant-master-eco-20pro-lammonsiirtoneste\/\",\"name\":\"Coolant Master ECO-20PRO\u2122 l\u00e4mm\u00f6nsiirtoneste - Chemistry For Industry - Solvents &amp; Chemicals - Masterchem.ee\",\"isPartOf\":{\"@id\":\"https:\/\/masterchem.ee\/fi\/#website\"},\"primaryImageOfPage\":{\"@id\":\"https:\/\/masterchem.ee\/fi\/tooted-ja-teenused\/coolant-master-eco-20pro-lammonsiirtoneste\/#primaryimage\"},\"image\":{\"@id\":\"https:\/\/masterchem.ee\/fi\/tooted-ja-teenused\/coolant-master-eco-20pro-lammonsiirtoneste\/#primaryimage\"},\"thumbnailUrl\":\"https:\/\/masterchem.ee\/wp-content\/uploads\/2024\/02\/MasterChem_Coolant-Master-ECO-20PRO_1000L.jpg\",\"datePublished\":\"2024-02-16T09:29:32+00:00\",\"dateModified\":\"2024-07-03T17:43:56+00:00\",\"description\":\"Master ECO-20PRO - Korkealaatuinen propyleeniglykoliin perustuva j\u00e4\u00e4hdytysneste, johon on lis\u00e4tty innovatiivisia, kulumista kest\u00e4vi\u00e4 korroosionestoaineita.\",\"breadcrumb\":{\"@id\":\"https:\/\/masterchem.ee\/fi\/tooted-ja-teenused\/coolant-master-eco-20pro-lammonsiirtoneste\/#breadcrumb\"},\"inLanguage\":\"fi\",\"potentialAction\":[{\"@type\":\"ReadAction\",\"target\":[\"https:\/\/masterchem.ee\/fi\/tooted-ja-teenused\/coolant-master-eco-20pro-lammonsiirtoneste\/\"]}]},{\"@type\":\"ImageObject\",\"inLanguage\":\"fi\",\"@id\":\"https:\/\/masterchem.ee\/fi\/tooted-ja-teenused\/coolant-master-eco-20pro-lammonsiirtoneste\/#primaryimage\",\"url\":\"https:\/\/masterchem.ee\/wp-content\/uploads\/2024\/02\/MasterChem_Coolant-Master-ECO-20PRO_1000L.jpg\",\"contentUrl\":\"https:\/\/masterchem.ee\/wp-content\/uploads\/2024\/02\/MasterChem_Coolant-Master-ECO-20PRO_1000L.jpg\",\"width\":1941,\"height\":2019,\"caption\":\"Coolant Master ECO-20PRO\u2122 l\u00e4mm\u00f6nsiirtoneste 1000L\"},{\"@type\":\"BreadcrumbList\",\"@id\":\"https:\/\/masterchem.ee\/fi\/tooted-ja-teenused\/coolant-master-eco-20pro-lammonsiirtoneste\/#breadcrumb\",\"itemListElement\":[{\"@type\":\"ListItem\",\"position\":1,\"name\":\"Home\",\"item\":\"https:\/\/masterchem.ee\/fi\/\"},{\"@type\":\"ListItem\",\"position\":2,\"name\":\"Tooted ja teenused\",\"item\":\"https:\/\/masterchem.ee\/tooted-ja-teenused\/\"},{\"@type\":\"ListItem\",\"position\":3,\"name\":\"Coolant Master ECO-20PRO\u2122 l\u00e4mm\u00f6nsiirtoneste\"}]},{\"@type\":\"WebSite\",\"@id\":\"https:\/\/masterchem.ee\/fi\/#website\",\"url\":\"https:\/\/masterchem.ee\/fi\/\",\"name\":\"Masterchem.ee\",\"description\":\"Chemistry For Industry - Solvents &amp; Chemicals\",\"publisher\":{\"@id\":\"https:\/\/masterchem.ee\/fi\/#organization\"},\"potentialAction\":[{\"@type\":\"SearchAction\",\"target\":{\"@type\":\"EntryPoint\",\"urlTemplate\":\"https:\/\/masterchem.ee\/fi\/?s={search_term_string}\"},\"query-input\":{\"@type\":\"PropertyValueSpecification\",\"valueRequired\":true,\"valueName\":\"search_term_string\"}}],\"inLanguage\":\"fi\"},{\"@type\":\"Organization\",\"@id\":\"https:\/\/masterchem.ee\/fi\/#organization\",\"name\":\"Masterchem\",\"url\":\"https:\/\/masterchem.ee\/fi\/\",\"logo\":{\"@type\":\"ImageObject\",\"inLanguage\":\"fi\",\"@id\":\"https:\/\/masterchem.ee\/fi\/#\/schema\/logo\/image\/\",\"url\":\"https:\/\/masterchem.ee\/wp-content\/uploads\/2018\/02\/master-chem_final-1.png\",\"contentUrl\":\"https:\/\/masterchem.ee\/wp-content\/uploads\/2018\/02\/master-chem_final-1.png\",\"width\":850,\"height\":356,\"caption\":\"Masterchem\"},\"image\":{\"@id\":\"https:\/\/masterchem.ee\/fi\/#\/schema\/logo\/image\/\"}}]}<\/script>\n<!-- \/ Yoast SEO plugin. -->","yoast_head_json":{"title":"Coolant Master ECO-20PRO\u2122 l\u00e4mm\u00f6nsiirtoneste - Chemistry For Industry - Solvents &amp; Chemicals - Masterchem.ee","description":"Master ECO-20PRO - Korkealaatuinen propyleeniglykoliin perustuva j\u00e4\u00e4hdytysneste, johon on lis\u00e4tty innovatiivisia, kulumista kest\u00e4vi\u00e4 korroosionestoaineita.","robots":{"index":"index","follow":"follow","max-snippet":"max-snippet:-1","max-image-preview":"max-image-preview:large","max-video-preview":"max-video-preview:-1"},"canonical":"https:\/\/masterchem.ee\/fi\/tooted-ja-teenused\/coolant-master-eco-20pro-lammonsiirtoneste\/","twitter_card":"summary_large_image","twitter_title":"Coolant Master ECO-20PRO\u2122 l\u00e4mm\u00f6nsiirtoneste - Chemistry For Industry - Solvents &amp; Chemicals - Masterchem.ee","twitter_description":"Master ECO-20PRO - Korkealaatuinen propyleeniglykoliin perustuva j\u00e4\u00e4hdytysneste, johon on lis\u00e4tty innovatiivisia, kulumista kest\u00e4vi\u00e4 korroosionestoaineita.","twitter_image":"https:\/\/masterchem.ee\/wp-content\/uploads\/2024\/02\/MasterChem_Coolant-Master-ECO-20PRO_1000L.jpg","twitter_misc":{"Arvioitu lukuaika":"2 minuuttia"},"schema":{"@context":"https:\/\/schema.org","@graph":[{"@type":"WebPage","@id":"https:\/\/masterchem.ee\/fi\/tooted-ja-teenused\/coolant-master-eco-20pro-lammonsiirtoneste\/","url":"https:\/\/masterchem.ee\/fi\/tooted-ja-teenused\/coolant-master-eco-20pro-lammonsiirtoneste\/","name":"Coolant Master ECO-20PRO\u2122 l\u00e4mm\u00f6nsiirtoneste - Chemistry For Industry - Solvents &amp; Chemicals - Masterchem.ee","isPartOf":{"@id":"https:\/\/masterchem.ee\/fi\/#website"},"primaryImageOfPage":{"@id":"https:\/\/masterchem.ee\/fi\/tooted-ja-teenused\/coolant-master-eco-20pro-lammonsiirtoneste\/#primaryimage"},"image":{"@id":"https:\/\/masterchem.ee\/fi\/tooted-ja-teenused\/coolant-master-eco-20pro-lammonsiirtoneste\/#primaryimage"},"thumbnailUrl":"https:\/\/masterchem.ee\/wp-content\/uploads\/2024\/02\/MasterChem_Coolant-Master-ECO-20PRO_1000L.jpg","datePublished":"2024-02-16T09:29:32+00:00","dateModified":"2024-07-03T17:43:56+00:00","description":"Master ECO-20PRO - Korkealaatuinen propyleeniglykoliin perustuva j\u00e4\u00e4hdytysneste, johon on lis\u00e4tty innovatiivisia, kulumista kest\u00e4vi\u00e4 korroosionestoaineita.","breadcrumb":{"@id":"https:\/\/masterchem.ee\/fi\/tooted-ja-teenused\/coolant-master-eco-20pro-lammonsiirtoneste\/#breadcrumb"},"inLanguage":"fi","potentialAction":[{"@type":"ReadAction","target":["https:\/\/masterchem.ee\/fi\/tooted-ja-teenused\/coolant-master-eco-20pro-lammonsiirtoneste\/"]}]},{"@type":"ImageObject","inLanguage":"fi","@id":"https:\/\/masterchem.ee\/fi\/tooted-ja-teenused\/coolant-master-eco-20pro-lammonsiirtoneste\/#primaryimage","url":"https:\/\/masterchem.ee\/wp-content\/uploads\/2024\/02\/MasterChem_Coolant-Master-ECO-20PRO_1000L.jpg","contentUrl":"https:\/\/masterchem.ee\/wp-content\/uploads\/2024\/02\/MasterChem_Coolant-Master-ECO-20PRO_1000L.jpg","width":1941,"height":2019,"caption":"Coolant Master ECO-20PRO\u2122 l\u00e4mm\u00f6nsiirtoneste 1000L"},{"@type":"BreadcrumbList","@id":"https:\/\/masterchem.ee\/fi\/tooted-ja-teenused\/coolant-master-eco-20pro-lammonsiirtoneste\/#breadcrumb","itemListElement":[{"@type":"ListItem","position":1,"name":"Home","item":"https:\/\/masterchem.ee\/fi\/"},{"@type":"ListItem","position":2,"name":"Tooted ja teenused","item":"https:\/\/masterchem.ee\/tooted-ja-teenused\/"},{"@type":"ListItem","position":3,"name":"Coolant Master ECO-20PRO\u2122 l\u00e4mm\u00f6nsiirtoneste"}]},{"@type":"WebSite","@id":"https:\/\/masterchem.ee\/fi\/#website","url":"https:\/\/masterchem.ee\/fi\/","name":"Masterchem.ee","description":"Chemistry For Industry - Solvents &amp; Chemicals","publisher":{"@id":"https:\/\/masterchem.ee\/fi\/#organization"},"potentialAction":[{"@type":"SearchAction","target":{"@type":"EntryPoint","urlTemplate":"https:\/\/masterchem.ee\/fi\/?s={search_term_string}"},"query-input":{"@type":"PropertyValueSpecification","valueRequired":true,"valueName":"search_term_string"}}],"inLanguage":"fi"},{"@type":"Organization","@id":"https:\/\/masterchem.ee\/fi\/#organization","name":"Masterchem","url":"https:\/\/masterchem.ee\/fi\/","logo":{"@type":"ImageObject","inLanguage":"fi","@id":"https:\/\/masterchem.ee\/fi\/#\/schema\/logo\/image\/","url":"https:\/\/masterchem.ee\/wp-content\/uploads\/2018\/02\/master-chem_final-1.png","contentUrl":"https:\/\/masterchem.ee\/wp-content\/uploads\/2018\/02\/master-chem_final-1.png","width":850,"height":356,"caption":"Masterchem"},"image":{"@id":"https:\/\/masterchem.ee\/fi\/#\/schema\/logo\/image\/"}}]}},"_links":{"self":[{"href":"https:\/\/masterchem.ee\/fi\/wp-json\/wp\/v2\/product\/24319","targetHints":{"allow":["GET"]}}],"collection":[{"href":"https:\/\/masterchem.ee\/fi\/wp-json\/wp\/v2\/product"}],"about":[{"href":"https:\/\/masterchem.ee\/fi\/wp-json\/wp\/v2\/types\/product"}],"wp:featuredmedia":[{"embeddable":true,"href":"https:\/\/masterchem.ee\/fi\/wp-json\/wp\/v2\/media\/24565"}],"wp:attachment":[{"href":"https:\/\/masterchem.ee\/fi\/wp-json\/wp\/v2\/media?parent=24319"}],"wp:term":[{"taxonomy":"product_brand","embeddable":true,"href":"https:\/\/masterchem.ee\/fi\/wp-json\/wp\/v2\/product_brand?post=24319"},{"taxonomy":"product_cat","embeddable":true,"href":"https:\/\/masterchem.ee\/fi\/wp-json\/wp\/v2\/product_cat?post=24319"},{"taxonomy":"product_tag","embeddable":true,"href":"https:\/\/masterchem.ee\/fi\/wp-json\/wp\/v2\/product_tag?post=24319"}],"curies":[{"name":"wp","href":"https:\/\/api.w.org\/{rel}","templated":true}]}}