{"id":23976,"date":"2023-12-11T15:52:19","date_gmt":"2023-12-11T15:52:23","guid":{"rendered":"https:\/\/masterchem.ee\/?post_type=product&#038;p=23976"},"modified":"2023-12-11T15:58:45","modified_gmt":"2023-12-11T15:58:45","slug":"tymoli-cas-89-83-8","status":"publish","type":"product","link":"https:\/\/masterchem.ee\/fi\/tooted-ja-teenused\/tymoli-cas-89-83-8\/","title":{"rendered":"Tymoli (CAS 89-83-8)"},"content":{"rendered":"<p>Tymoli (tunnetaan my\u00f6s nimell\u00e4 2-isopropyyli-5-metyylifenoli, IPMP), C10H14O, on p-Cymenen luonnollinen monoterpenoidifenolijohdannainen, isomeerinen karvakrolin kanssa, l\u00f6ytyy timjami\u00f6ljyst\u00e4 ja uutetaan Thymus vulgaris (tavallinen timjami), ajwainista. , ja monet muut kasvit valkoisena kiteisen\u00e4 aineena, jolla on miellytt\u00e4v\u00e4 aromaattinen tuoksu ja voimakkaat antiseptiset ominaisuudet. Tymoli tarjoaa my\u00f6s T. vulgarisista tuotetun kulinaarisen yrttitimjamin erottuvan, voimakkaan maun. Tymoli liukenee vain v\u00e4h\u00e4n veteen neutraalissa pH:ssa, mutta se liukenee eritt\u00e4in hyvin alkoholeihin ja muihin orgaanisiin liuottimiin. Se liukenee my\u00f6s voimakkaasti em\u00e4ksisiin vesiliuoksiin fenolin deprotonoitumisen vuoksi. Sen dissosiaatiovakio (pKa) on 10,59\u00b10,10. Tymoli absorboi maksimi UV-s\u00e4teilyn aallonpituudella 274 nm.<\/p>\n","protected":false},"excerpt":{"rendered":"<p>vaihtoehtoiset nimet: 2-isopropyyli-5-metyylifenoli; 5-metyyli-2-isopropyylifenoli<br \/>\nK\u00e4ytt\u00f6: Tymoli on v\u00e4riaine, joka tunnetaan my\u00f6s nimell\u00e4 5-metyyli-2-(1-metyylietyyli)fenoli<br \/>\nCAS-numero: 89-83-8<br \/>\nMolekyylipaino: 150,22<br \/>\nMolekyylikaava: C10H14O<br \/>\nLis\u00e4tiedot: T\u00e4m\u00e4 on luokiteltu vaaralliseksi tavaraksi kuljetusta varten ja siit\u00e4 voidaan veloittaa ylim\u00e4\u00e4r\u00e4isi\u00e4 toimituskuluja.<\/p>\n","protected":false},"featured_media":23982,"template":"","meta":[],"product_brand":[],"product_cat":[180,120],"product_tag":[],"class_list":{"0":"post-23976","1":"product","2":"type-product","3":"status-publish","4":"has-post-thumbnail","6":"product_cat-uncategorized-fi-2","7":"product_cat-laaketeollisuus","9":"first","10":"instock","11":"taxable","12":"shipping-taxable","13":"purchasable","14":"product-type-variable","15":"has-default-attributes"},"yoast_head":"<!-- This site is optimized with the Yoast SEO plugin v26.2 - https:\/\/yoast.com\/wordpress\/plugins\/seo\/ -->\n<title>Tymoli (CAS 89-83-8) - Chemistry For Industry - Solvents &amp; Chemicals - Masterchem.ee<\/title>\n<meta name=\"description\" content=\"Tymoli (tunnetaan my\u00f6s nimell\u00e4 2-isopropyyli-5-metyylifenoli, IPMP), C10H14O, on p-Cymenen luonnollinen monoterpenoidifenolijohdannainen, isomeerinen karvakrolin kanssa, l\u00f6ytyy timjami\u00f6ljyst\u00e4 ja uutetaan Thymus vulgaris\" \/>\n<meta name=\"robots\" content=\"index, follow, max-snippet:-1, max-image-preview:large, max-video-preview:-1\" \/>\n<link rel=\"canonical\" href=\"https:\/\/masterchem.ee\/fi\/tooted-ja-teenused\/tymoli-cas-89-83-8\/\" \/>\n<meta name=\"twitter:card\" content=\"summary_large_image\" \/>\n<meta name=\"twitter:title\" content=\"Tymoli (CAS 89-83-8) - Chemistry For Industry - Solvents &amp; Chemicals - Masterchem.ee\" \/>\n<meta name=\"twitter:description\" content=\"Tymoli (tunnetaan my\u00f6s nimell\u00e4 2-isopropyyli-5-metyylifenoli, IPMP), C10H14O, on p-Cymenen luonnollinen monoterpenoidifenolijohdannainen, isomeerinen karvakrolin kanssa, l\u00f6ytyy timjami\u00f6ljyst\u00e4 ja uutetaan Thymus vulgaris\" \/>\n<meta name=\"twitter:image\" content=\"https:\/\/masterchem.ee\/wp-content\/uploads\/2023\/12\/Tumool-CAS-89-83-8-1kg-MasterChem.jpg\" \/>\n<meta name=\"twitter:label1\" content=\"Arvioitu lukuaika\" \/>\n\t<meta name=\"twitter:data1\" content=\"1 minuutti\" \/>\n<script type=\"application\/ld+json\" class=\"yoast-schema-graph\">{\"@context\":\"https:\/\/schema.org\",\"@graph\":[{\"@type\":\"WebPage\",\"@id\":\"https:\/\/masterchem.ee\/fi\/tooted-ja-teenused\/tymoli-cas-89-83-8\/\",\"url\":\"https:\/\/masterchem.ee\/fi\/tooted-ja-teenused\/tymoli-cas-89-83-8\/\",\"name\":\"Tymoli (CAS 89-83-8) - Chemistry For Industry - Solvents &amp; Chemicals - Masterchem.ee\",\"isPartOf\":{\"@id\":\"https:\/\/masterchem.ee\/fi\/#website\"},\"primaryImageOfPage\":{\"@id\":\"https:\/\/masterchem.ee\/fi\/tooted-ja-teenused\/tymoli-cas-89-83-8\/#primaryimage\"},\"image\":{\"@id\":\"https:\/\/masterchem.ee\/fi\/tooted-ja-teenused\/tymoli-cas-89-83-8\/#primaryimage\"},\"thumbnailUrl\":\"https:\/\/masterchem.ee\/wp-content\/uploads\/2023\/12\/Tumool-CAS-89-83-8-1kg-MasterChem.jpg\",\"datePublished\":\"2023-12-11T15:52:23+00:00\",\"dateModified\":\"2023-12-11T15:58:45+00:00\",\"description\":\"Tymoli (tunnetaan my\u00f6s nimell\u00e4 2-isopropyyli-5-metyylifenoli, IPMP), C10H14O, on p-Cymenen luonnollinen monoterpenoidifenolijohdannainen, isomeerinen karvakrolin kanssa, l\u00f6ytyy timjami\u00f6ljyst\u00e4 ja uutetaan Thymus vulgaris\",\"breadcrumb\":{\"@id\":\"https:\/\/masterchem.ee\/fi\/tooted-ja-teenused\/tymoli-cas-89-83-8\/#breadcrumb\"},\"inLanguage\":\"fi\",\"potentialAction\":[{\"@type\":\"ReadAction\",\"target\":[\"https:\/\/masterchem.ee\/fi\/tooted-ja-teenused\/tymoli-cas-89-83-8\/\"]}]},{\"@type\":\"ImageObject\",\"inLanguage\":\"fi\",\"@id\":\"https:\/\/masterchem.ee\/fi\/tooted-ja-teenused\/tymoli-cas-89-83-8\/#primaryimage\",\"url\":\"https:\/\/masterchem.ee\/wp-content\/uploads\/2023\/12\/Tumool-CAS-89-83-8-1kg-MasterChem.jpg\",\"contentUrl\":\"https:\/\/masterchem.ee\/wp-content\/uploads\/2023\/12\/Tumool-CAS-89-83-8-1kg-MasterChem.jpg\",\"width\":579,\"height\":579},{\"@type\":\"BreadcrumbList\",\"@id\":\"https:\/\/masterchem.ee\/fi\/tooted-ja-teenused\/tymoli-cas-89-83-8\/#breadcrumb\",\"itemListElement\":[{\"@type\":\"ListItem\",\"position\":1,\"name\":\"Home\",\"item\":\"https:\/\/masterchem.ee\/fi\/\"},{\"@type\":\"ListItem\",\"position\":2,\"name\":\"Tooted ja teenused\",\"item\":\"https:\/\/masterchem.ee\/tooted-ja-teenused\/\"},{\"@type\":\"ListItem\",\"position\":3,\"name\":\"Tymoli (CAS 89-83-8)\"}]},{\"@type\":\"WebSite\",\"@id\":\"https:\/\/masterchem.ee\/fi\/#website\",\"url\":\"https:\/\/masterchem.ee\/fi\/\",\"name\":\"Masterchem.ee\",\"description\":\"Chemistry For Industry - Solvents &amp; Chemicals\",\"publisher\":{\"@id\":\"https:\/\/masterchem.ee\/fi\/#organization\"},\"potentialAction\":[{\"@type\":\"SearchAction\",\"target\":{\"@type\":\"EntryPoint\",\"urlTemplate\":\"https:\/\/masterchem.ee\/fi\/?s={search_term_string}\"},\"query-input\":{\"@type\":\"PropertyValueSpecification\",\"valueRequired\":true,\"valueName\":\"search_term_string\"}}],\"inLanguage\":\"fi\"},{\"@type\":\"Organization\",\"@id\":\"https:\/\/masterchem.ee\/fi\/#organization\",\"name\":\"Masterchem\",\"url\":\"https:\/\/masterchem.ee\/fi\/\",\"logo\":{\"@type\":\"ImageObject\",\"inLanguage\":\"fi\",\"@id\":\"https:\/\/masterchem.ee\/fi\/#\/schema\/logo\/image\/\",\"url\":\"https:\/\/masterchem.ee\/wp-content\/uploads\/2018\/02\/master-chem_final-1.png\",\"contentUrl\":\"https:\/\/masterchem.ee\/wp-content\/uploads\/2018\/02\/master-chem_final-1.png\",\"width\":850,\"height\":356,\"caption\":\"Masterchem\"},\"image\":{\"@id\":\"https:\/\/masterchem.ee\/fi\/#\/schema\/logo\/image\/\"}}]}<\/script>\n<!-- \/ Yoast SEO plugin. -->","yoast_head_json":{"title":"Tymoli (CAS 89-83-8) - Chemistry For Industry - Solvents &amp; Chemicals - Masterchem.ee","description":"Tymoli (tunnetaan my\u00f6s nimell\u00e4 2-isopropyyli-5-metyylifenoli, IPMP), C10H14O, on p-Cymenen luonnollinen monoterpenoidifenolijohdannainen, isomeerinen karvakrolin kanssa, l\u00f6ytyy timjami\u00f6ljyst\u00e4 ja uutetaan Thymus vulgaris","robots":{"index":"index","follow":"follow","max-snippet":"max-snippet:-1","max-image-preview":"max-image-preview:large","max-video-preview":"max-video-preview:-1"},"canonical":"https:\/\/masterchem.ee\/fi\/tooted-ja-teenused\/tymoli-cas-89-83-8\/","twitter_card":"summary_large_image","twitter_title":"Tymoli (CAS 89-83-8) - Chemistry For Industry - Solvents &amp; Chemicals - Masterchem.ee","twitter_description":"Tymoli (tunnetaan my\u00f6s nimell\u00e4 2-isopropyyli-5-metyylifenoli, IPMP), C10H14O, on p-Cymenen luonnollinen monoterpenoidifenolijohdannainen, isomeerinen karvakrolin kanssa, l\u00f6ytyy timjami\u00f6ljyst\u00e4 ja uutetaan Thymus vulgaris","twitter_image":"https:\/\/masterchem.ee\/wp-content\/uploads\/2023\/12\/Tumool-CAS-89-83-8-1kg-MasterChem.jpg","twitter_misc":{"Arvioitu lukuaika":"1 minuutti"},"schema":{"@context":"https:\/\/schema.org","@graph":[{"@type":"WebPage","@id":"https:\/\/masterchem.ee\/fi\/tooted-ja-teenused\/tymoli-cas-89-83-8\/","url":"https:\/\/masterchem.ee\/fi\/tooted-ja-teenused\/tymoli-cas-89-83-8\/","name":"Tymoli (CAS 89-83-8) - Chemistry For Industry - Solvents &amp; Chemicals - Masterchem.ee","isPartOf":{"@id":"https:\/\/masterchem.ee\/fi\/#website"},"primaryImageOfPage":{"@id":"https:\/\/masterchem.ee\/fi\/tooted-ja-teenused\/tymoli-cas-89-83-8\/#primaryimage"},"image":{"@id":"https:\/\/masterchem.ee\/fi\/tooted-ja-teenused\/tymoli-cas-89-83-8\/#primaryimage"},"thumbnailUrl":"https:\/\/masterchem.ee\/wp-content\/uploads\/2023\/12\/Tumool-CAS-89-83-8-1kg-MasterChem.jpg","datePublished":"2023-12-11T15:52:23+00:00","dateModified":"2023-12-11T15:58:45+00:00","description":"Tymoli (tunnetaan my\u00f6s nimell\u00e4 2-isopropyyli-5-metyylifenoli, IPMP), C10H14O, on p-Cymenen luonnollinen monoterpenoidifenolijohdannainen, isomeerinen karvakrolin kanssa, l\u00f6ytyy timjami\u00f6ljyst\u00e4 ja uutetaan Thymus vulgaris","breadcrumb":{"@id":"https:\/\/masterchem.ee\/fi\/tooted-ja-teenused\/tymoli-cas-89-83-8\/#breadcrumb"},"inLanguage":"fi","potentialAction":[{"@type":"ReadAction","target":["https:\/\/masterchem.ee\/fi\/tooted-ja-teenused\/tymoli-cas-89-83-8\/"]}]},{"@type":"ImageObject","inLanguage":"fi","@id":"https:\/\/masterchem.ee\/fi\/tooted-ja-teenused\/tymoli-cas-89-83-8\/#primaryimage","url":"https:\/\/masterchem.ee\/wp-content\/uploads\/2023\/12\/Tumool-CAS-89-83-8-1kg-MasterChem.jpg","contentUrl":"https:\/\/masterchem.ee\/wp-content\/uploads\/2023\/12\/Tumool-CAS-89-83-8-1kg-MasterChem.jpg","width":579,"height":579},{"@type":"BreadcrumbList","@id":"https:\/\/masterchem.ee\/fi\/tooted-ja-teenused\/tymoli-cas-89-83-8\/#breadcrumb","itemListElement":[{"@type":"ListItem","position":1,"name":"Home","item":"https:\/\/masterchem.ee\/fi\/"},{"@type":"ListItem","position":2,"name":"Tooted ja teenused","item":"https:\/\/masterchem.ee\/tooted-ja-teenused\/"},{"@type":"ListItem","position":3,"name":"Tymoli (CAS 89-83-8)"}]},{"@type":"WebSite","@id":"https:\/\/masterchem.ee\/fi\/#website","url":"https:\/\/masterchem.ee\/fi\/","name":"Masterchem.ee","description":"Chemistry For Industry - Solvents &amp; Chemicals","publisher":{"@id":"https:\/\/masterchem.ee\/fi\/#organization"},"potentialAction":[{"@type":"SearchAction","target":{"@type":"EntryPoint","urlTemplate":"https:\/\/masterchem.ee\/fi\/?s={search_term_string}"},"query-input":{"@type":"PropertyValueSpecification","valueRequired":true,"valueName":"search_term_string"}}],"inLanguage":"fi"},{"@type":"Organization","@id":"https:\/\/masterchem.ee\/fi\/#organization","name":"Masterchem","url":"https:\/\/masterchem.ee\/fi\/","logo":{"@type":"ImageObject","inLanguage":"fi","@id":"https:\/\/masterchem.ee\/fi\/#\/schema\/logo\/image\/","url":"https:\/\/masterchem.ee\/wp-content\/uploads\/2018\/02\/master-chem_final-1.png","contentUrl":"https:\/\/masterchem.ee\/wp-content\/uploads\/2018\/02\/master-chem_final-1.png","width":850,"height":356,"caption":"Masterchem"},"image":{"@id":"https:\/\/masterchem.ee\/fi\/#\/schema\/logo\/image\/"}}]}},"_links":{"self":[{"href":"https:\/\/masterchem.ee\/fi\/wp-json\/wp\/v2\/product\/23976","targetHints":{"allow":["GET"]}}],"collection":[{"href":"https:\/\/masterchem.ee\/fi\/wp-json\/wp\/v2\/product"}],"about":[{"href":"https:\/\/masterchem.ee\/fi\/wp-json\/wp\/v2\/types\/product"}],"wp:featuredmedia":[{"embeddable":true,"href":"https:\/\/masterchem.ee\/fi\/wp-json\/wp\/v2\/media\/23982"}],"wp:attachment":[{"href":"https:\/\/masterchem.ee\/fi\/wp-json\/wp\/v2\/media?parent=23976"}],"wp:term":[{"taxonomy":"product_brand","embeddable":true,"href":"https:\/\/masterchem.ee\/fi\/wp-json\/wp\/v2\/product_brand?post=23976"},{"taxonomy":"product_cat","embeddable":true,"href":"https:\/\/masterchem.ee\/fi\/wp-json\/wp\/v2\/product_cat?post=23976"},{"taxonomy":"product_tag","embeddable":true,"href":"https:\/\/masterchem.ee\/fi\/wp-json\/wp\/v2\/product_tag?post=23976"}],"curies":[{"name":"wp","href":"https:\/\/api.w.org\/{rel}","templated":true}]}}