{"id":23894,"date":"2023-12-07T06:35:15","date_gmt":"2023-12-07T06:35:19","guid":{"rendered":"https:\/\/masterchem.ee\/?post_type=product&#038;p=23894"},"modified":"2023-12-07T06:48:07","modified_gmt":"2023-12-07T06:48:07","slug":"mangaani-ii-sulfaattimonohydraatti-cas-10034-96-5-32-5-ammoniakkivesi","status":"publish","type":"product","link":"https:\/\/masterchem.ee\/fi\/tooted-ja-teenused\/mangaani-ii-sulfaattimonohydraatti-cas-10034-96-5-32-5-ammoniakkivesi\/","title":{"rendered":"Mangaani(II)sulfaattimonohydraatti CAS (10034-96-5) 32,5 % ammoniakkivesi"},"content":{"rendered":"<p>Sovellus: Mangaani(II)sulfaattimonohydraatti on mangaanin valmiste tutkimuksiin<br \/>\nCAS-numero: 10034-96-5<br \/>\nMolekyylipaino: 169,02<br \/>\nMolekyylikaava: MnSO4\u2022H2O<\/p>\n<p>Mangaani(II)sulfaattimonohydraatti on yksi maankuoren runsaimmista alkuaineista. Mangaania syntyy ilmakeh\u00e4ss\u00e4 p\u00f6lyst\u00e4, vulkaanisesta toiminnasta, mets\u00e4paloista ja teollisuuden p\u00e4\u00e4st\u00f6ist\u00e4, ja sit\u00e4 on my\u00f6s elintarvikkeissa ja juomavedess\u00e4. K\u00e4ytet\u00e4\u00e4n v\u00e4riaineena v\u00e4riaineissa.<\/p>\n<p>Mangaani(II)sulfaattimonohydraatti voi l\u00e4pik\u00e4yd\u00e4 metateesireaktion eri kromaatti-, molybdaatti- ja volframaattisuolojen kanssa vesipitoisessa v\u00e4liaineessa, jolloin muodostuu vastaavia hydratoituja mangaaniryhm\u00e4n 6 metallioksideja.<\/p>\n","protected":false},"excerpt":{"rendered":"<p>Vaaralausekkeet H318: Vaurioittaa vakavasti silmi\u00e4.<br \/>\nH373: Saattaa vahingoittaa elimi\u00e4 pitk\u00e4aikaisessa tai toistuvassa altistumisessa hengitettyn\u00e4.<br \/>\nH411: Myrkyllist\u00e4 vesieli\u00f6ille, pitk\u00e4aikaisia haittavaikutuksia.<br \/>\nTurvalausekkeet P260: \u00c4l\u00e4 hengit\u00e4 p\u00f6ly\u00e4.<br \/>\nP273: V\u00e4lt\u00e4 p\u00e4\u00e4st\u00e4mist\u00e4 ymp\u00e4rist\u00f6\u00f6n.<br \/>\nP280: K\u00e4yt\u00e4 silmiensuojainta\/kasvonsuojainta.<br \/>\nP305 + P351 + P338: JOS KEMIKAALIA JOUTUU SILMIIN: Huuhdo huolellisesti vedell\u00e4 usean minuutin ajan. Poista piilolinssit, jos ne on ja se on helppo tehd\u00e4. Jatka huuhtelua.<br \/>\nP314: Hakeudu l\u00e4\u00e4k\u00e4rin hoitoon, jos tunnet olosi pahoin.<br \/>\nP391: Ker\u00e4\u00e4 roiskeet.<\/p>\n","protected":false},"featured_media":23930,"template":"","meta":[],"product_brand":[],"product_cat":[180],"product_tag":[],"class_list":{"0":"post-23894","1":"product","2":"type-product","3":"status-publish","4":"has-post-thumbnail","6":"product_cat-uncategorized-fi-2","7":"pif-has-gallery","9":"first","10":"instock","11":"taxable","12":"shipping-taxable","13":"purchasable","14":"product-type-variable","15":"has-default-attributes"},"yoast_head":"<!-- This site is optimized with the Yoast SEO plugin v26.2 - https:\/\/yoast.com\/wordpress\/plugins\/seo\/ -->\n<title>Mangaani(II)sulfaattimonohydraatti CAS (10034-96-5) 32,5 % ammoniakkivesi - Chemistry For Industry - Solvents &amp; Chemicals - Masterchem.ee<\/title>\n<meta name=\"description\" content=\"Mangaani(II)sulfaattimonohydraatti on yksi maankuoren runsaimmista alkuaineista. Mangaania syntyy ilmakeh\u00e4ss\u00e4 p\u00f6lyst\u00e4, vulkaanisesta toiminnasta, mets\u00e4paloista ja teollisuuden p\u00e4\u00e4st\u00f6ist\u00e4, ja sit\u00e4 on my\u00f6s elintarvikkeissa ja juomavedess\u00e4.\" \/>\n<meta name=\"robots\" content=\"index, follow, max-snippet:-1, max-image-preview:large, max-video-preview:-1\" \/>\n<link rel=\"canonical\" href=\"https:\/\/masterchem.ee\/fi\/tooted-ja-teenused\/mangaani-ii-sulfaattimonohydraatti-cas-10034-96-5-32-5-ammoniakkivesi\/\" \/>\n<meta name=\"twitter:card\" content=\"summary_large_image\" \/>\n<meta name=\"twitter:title\" content=\"Mangaani(II)sulfaattimonohydraatti CAS (10034-96-5) 32,5 % ammoniakkivesi - Chemistry For Industry - Solvents &amp; Chemicals - Masterchem.ee\" \/>\n<meta name=\"twitter:description\" content=\"Mangaani(II)sulfaattimonohydraatti on yksi maankuoren runsaimmista alkuaineista. Mangaania syntyy ilmakeh\u00e4ss\u00e4 p\u00f6lyst\u00e4, vulkaanisesta toiminnasta, mets\u00e4paloista ja teollisuuden p\u00e4\u00e4st\u00f6ist\u00e4, ja sit\u00e4 on my\u00f6s elintarvikkeissa ja juomavedess\u00e4.\" \/>\n<meta name=\"twitter:image\" content=\"https:\/\/masterchem.ee\/wp-content\/uploads\/2023\/12\/ManganeseII-sulfate-monohydrate-CAS-10034-96-5-325-list-ammoniaak-vesi-1000l-MaterChem.jpg\" \/>\n<script type=\"application\/ld+json\" class=\"yoast-schema-graph\">{\"@context\":\"https:\/\/schema.org\",\"@graph\":[{\"@type\":\"WebPage\",\"@id\":\"https:\/\/masterchem.ee\/fi\/tooted-ja-teenused\/mangaani-ii-sulfaattimonohydraatti-cas-10034-96-5-32-5-ammoniakkivesi\/\",\"url\":\"https:\/\/masterchem.ee\/fi\/tooted-ja-teenused\/mangaani-ii-sulfaattimonohydraatti-cas-10034-96-5-32-5-ammoniakkivesi\/\",\"name\":\"Mangaani(II)sulfaattimonohydraatti CAS (10034-96-5) 32,5 % ammoniakkivesi - Chemistry For Industry - Solvents &amp; Chemicals - Masterchem.ee\",\"isPartOf\":{\"@id\":\"https:\/\/masterchem.ee\/fi\/#website\"},\"primaryImageOfPage\":{\"@id\":\"https:\/\/masterchem.ee\/fi\/tooted-ja-teenused\/mangaani-ii-sulfaattimonohydraatti-cas-10034-96-5-32-5-ammoniakkivesi\/#primaryimage\"},\"image\":{\"@id\":\"https:\/\/masterchem.ee\/fi\/tooted-ja-teenused\/mangaani-ii-sulfaattimonohydraatti-cas-10034-96-5-32-5-ammoniakkivesi\/#primaryimage\"},\"thumbnailUrl\":\"https:\/\/masterchem.ee\/wp-content\/uploads\/2023\/12\/ManganeseII-sulfate-monohydrate-CAS-10034-96-5-325-list-ammoniaak-vesi-1000l-MaterChem.jpg\",\"datePublished\":\"2023-12-07T06:35:19+00:00\",\"dateModified\":\"2023-12-07T06:48:07+00:00\",\"description\":\"Mangaani(II)sulfaattimonohydraatti on yksi maankuoren runsaimmista alkuaineista. Mangaania syntyy ilmakeh\u00e4ss\u00e4 p\u00f6lyst\u00e4, vulkaanisesta toiminnasta, mets\u00e4paloista ja teollisuuden p\u00e4\u00e4st\u00f6ist\u00e4, ja sit\u00e4 on my\u00f6s elintarvikkeissa ja juomavedess\u00e4.\",\"breadcrumb\":{\"@id\":\"https:\/\/masterchem.ee\/fi\/tooted-ja-teenused\/mangaani-ii-sulfaattimonohydraatti-cas-10034-96-5-32-5-ammoniakkivesi\/#breadcrumb\"},\"inLanguage\":\"fi\",\"potentialAction\":[{\"@type\":\"ReadAction\",\"target\":[\"https:\/\/masterchem.ee\/fi\/tooted-ja-teenused\/mangaani-ii-sulfaattimonohydraatti-cas-10034-96-5-32-5-ammoniakkivesi\/\"]}]},{\"@type\":\"ImageObject\",\"inLanguage\":\"fi\",\"@id\":\"https:\/\/masterchem.ee\/fi\/tooted-ja-teenused\/mangaani-ii-sulfaattimonohydraatti-cas-10034-96-5-32-5-ammoniakkivesi\/#primaryimage\",\"url\":\"https:\/\/masterchem.ee\/wp-content\/uploads\/2023\/12\/ManganeseII-sulfate-monohydrate-CAS-10034-96-5-325-list-ammoniaak-vesi-1000l-MaterChem.jpg\",\"contentUrl\":\"https:\/\/masterchem.ee\/wp-content\/uploads\/2023\/12\/ManganeseII-sulfate-monohydrate-CAS-10034-96-5-325-list-ammoniaak-vesi-1000l-MaterChem.jpg\",\"width\":1000,\"height\":1000},{\"@type\":\"BreadcrumbList\",\"@id\":\"https:\/\/masterchem.ee\/fi\/tooted-ja-teenused\/mangaani-ii-sulfaattimonohydraatti-cas-10034-96-5-32-5-ammoniakkivesi\/#breadcrumb\",\"itemListElement\":[{\"@type\":\"ListItem\",\"position\":1,\"name\":\"Home\",\"item\":\"https:\/\/masterchem.ee\/fi\/\"},{\"@type\":\"ListItem\",\"position\":2,\"name\":\"Tooted ja teenused\",\"item\":\"https:\/\/masterchem.ee\/tooted-ja-teenused\/\"},{\"@type\":\"ListItem\",\"position\":3,\"name\":\"Mangaani(II)sulfaattimonohydraatti CAS (10034-96-5) 32,5 % ammoniakkivesi\"}]},{\"@type\":\"WebSite\",\"@id\":\"https:\/\/masterchem.ee\/fi\/#website\",\"url\":\"https:\/\/masterchem.ee\/fi\/\",\"name\":\"Masterchem.ee\",\"description\":\"Chemistry For Industry - Solvents &amp; Chemicals\",\"publisher\":{\"@id\":\"https:\/\/masterchem.ee\/fi\/#organization\"},\"potentialAction\":[{\"@type\":\"SearchAction\",\"target\":{\"@type\":\"EntryPoint\",\"urlTemplate\":\"https:\/\/masterchem.ee\/fi\/?s={search_term_string}\"},\"query-input\":{\"@type\":\"PropertyValueSpecification\",\"valueRequired\":true,\"valueName\":\"search_term_string\"}}],\"inLanguage\":\"fi\"},{\"@type\":\"Organization\",\"@id\":\"https:\/\/masterchem.ee\/fi\/#organization\",\"name\":\"Masterchem\",\"url\":\"https:\/\/masterchem.ee\/fi\/\",\"logo\":{\"@type\":\"ImageObject\",\"inLanguage\":\"fi\",\"@id\":\"https:\/\/masterchem.ee\/fi\/#\/schema\/logo\/image\/\",\"url\":\"https:\/\/masterchem.ee\/wp-content\/uploads\/2018\/02\/master-chem_final-1.png\",\"contentUrl\":\"https:\/\/masterchem.ee\/wp-content\/uploads\/2018\/02\/master-chem_final-1.png\",\"width\":850,\"height\":356,\"caption\":\"Masterchem\"},\"image\":{\"@id\":\"https:\/\/masterchem.ee\/fi\/#\/schema\/logo\/image\/\"}}]}<\/script>\n<!-- \/ Yoast SEO plugin. -->","yoast_head_json":{"title":"Mangaani(II)sulfaattimonohydraatti CAS (10034-96-5) 32,5 % ammoniakkivesi - Chemistry For Industry - Solvents &amp; Chemicals - Masterchem.ee","description":"Mangaani(II)sulfaattimonohydraatti on yksi maankuoren runsaimmista alkuaineista. Mangaania syntyy ilmakeh\u00e4ss\u00e4 p\u00f6lyst\u00e4, vulkaanisesta toiminnasta, mets\u00e4paloista ja teollisuuden p\u00e4\u00e4st\u00f6ist\u00e4, ja sit\u00e4 on my\u00f6s elintarvikkeissa ja juomavedess\u00e4.","robots":{"index":"index","follow":"follow","max-snippet":"max-snippet:-1","max-image-preview":"max-image-preview:large","max-video-preview":"max-video-preview:-1"},"canonical":"https:\/\/masterchem.ee\/fi\/tooted-ja-teenused\/mangaani-ii-sulfaattimonohydraatti-cas-10034-96-5-32-5-ammoniakkivesi\/","twitter_card":"summary_large_image","twitter_title":"Mangaani(II)sulfaattimonohydraatti CAS (10034-96-5) 32,5 % ammoniakkivesi - Chemistry For Industry - Solvents &amp; Chemicals - Masterchem.ee","twitter_description":"Mangaani(II)sulfaattimonohydraatti on yksi maankuoren runsaimmista alkuaineista. Mangaania syntyy ilmakeh\u00e4ss\u00e4 p\u00f6lyst\u00e4, vulkaanisesta toiminnasta, mets\u00e4paloista ja teollisuuden p\u00e4\u00e4st\u00f6ist\u00e4, ja sit\u00e4 on my\u00f6s elintarvikkeissa ja juomavedess\u00e4.","twitter_image":"https:\/\/masterchem.ee\/wp-content\/uploads\/2023\/12\/ManganeseII-sulfate-monohydrate-CAS-10034-96-5-325-list-ammoniaak-vesi-1000l-MaterChem.jpg","schema":{"@context":"https:\/\/schema.org","@graph":[{"@type":"WebPage","@id":"https:\/\/masterchem.ee\/fi\/tooted-ja-teenused\/mangaani-ii-sulfaattimonohydraatti-cas-10034-96-5-32-5-ammoniakkivesi\/","url":"https:\/\/masterchem.ee\/fi\/tooted-ja-teenused\/mangaani-ii-sulfaattimonohydraatti-cas-10034-96-5-32-5-ammoniakkivesi\/","name":"Mangaani(II)sulfaattimonohydraatti CAS (10034-96-5) 32,5 % ammoniakkivesi - Chemistry For Industry - Solvents &amp; Chemicals - Masterchem.ee","isPartOf":{"@id":"https:\/\/masterchem.ee\/fi\/#website"},"primaryImageOfPage":{"@id":"https:\/\/masterchem.ee\/fi\/tooted-ja-teenused\/mangaani-ii-sulfaattimonohydraatti-cas-10034-96-5-32-5-ammoniakkivesi\/#primaryimage"},"image":{"@id":"https:\/\/masterchem.ee\/fi\/tooted-ja-teenused\/mangaani-ii-sulfaattimonohydraatti-cas-10034-96-5-32-5-ammoniakkivesi\/#primaryimage"},"thumbnailUrl":"https:\/\/masterchem.ee\/wp-content\/uploads\/2023\/12\/ManganeseII-sulfate-monohydrate-CAS-10034-96-5-325-list-ammoniaak-vesi-1000l-MaterChem.jpg","datePublished":"2023-12-07T06:35:19+00:00","dateModified":"2023-12-07T06:48:07+00:00","description":"Mangaani(II)sulfaattimonohydraatti on yksi maankuoren runsaimmista alkuaineista. Mangaania syntyy ilmakeh\u00e4ss\u00e4 p\u00f6lyst\u00e4, vulkaanisesta toiminnasta, mets\u00e4paloista ja teollisuuden p\u00e4\u00e4st\u00f6ist\u00e4, ja sit\u00e4 on my\u00f6s elintarvikkeissa ja juomavedess\u00e4.","breadcrumb":{"@id":"https:\/\/masterchem.ee\/fi\/tooted-ja-teenused\/mangaani-ii-sulfaattimonohydraatti-cas-10034-96-5-32-5-ammoniakkivesi\/#breadcrumb"},"inLanguage":"fi","potentialAction":[{"@type":"ReadAction","target":["https:\/\/masterchem.ee\/fi\/tooted-ja-teenused\/mangaani-ii-sulfaattimonohydraatti-cas-10034-96-5-32-5-ammoniakkivesi\/"]}]},{"@type":"ImageObject","inLanguage":"fi","@id":"https:\/\/masterchem.ee\/fi\/tooted-ja-teenused\/mangaani-ii-sulfaattimonohydraatti-cas-10034-96-5-32-5-ammoniakkivesi\/#primaryimage","url":"https:\/\/masterchem.ee\/wp-content\/uploads\/2023\/12\/ManganeseII-sulfate-monohydrate-CAS-10034-96-5-325-list-ammoniaak-vesi-1000l-MaterChem.jpg","contentUrl":"https:\/\/masterchem.ee\/wp-content\/uploads\/2023\/12\/ManganeseII-sulfate-monohydrate-CAS-10034-96-5-325-list-ammoniaak-vesi-1000l-MaterChem.jpg","width":1000,"height":1000},{"@type":"BreadcrumbList","@id":"https:\/\/masterchem.ee\/fi\/tooted-ja-teenused\/mangaani-ii-sulfaattimonohydraatti-cas-10034-96-5-32-5-ammoniakkivesi\/#breadcrumb","itemListElement":[{"@type":"ListItem","position":1,"name":"Home","item":"https:\/\/masterchem.ee\/fi\/"},{"@type":"ListItem","position":2,"name":"Tooted ja teenused","item":"https:\/\/masterchem.ee\/tooted-ja-teenused\/"},{"@type":"ListItem","position":3,"name":"Mangaani(II)sulfaattimonohydraatti CAS (10034-96-5) 32,5 % ammoniakkivesi"}]},{"@type":"WebSite","@id":"https:\/\/masterchem.ee\/fi\/#website","url":"https:\/\/masterchem.ee\/fi\/","name":"Masterchem.ee","description":"Chemistry For Industry - Solvents &amp; Chemicals","publisher":{"@id":"https:\/\/masterchem.ee\/fi\/#organization"},"potentialAction":[{"@type":"SearchAction","target":{"@type":"EntryPoint","urlTemplate":"https:\/\/masterchem.ee\/fi\/?s={search_term_string}"},"query-input":{"@type":"PropertyValueSpecification","valueRequired":true,"valueName":"search_term_string"}}],"inLanguage":"fi"},{"@type":"Organization","@id":"https:\/\/masterchem.ee\/fi\/#organization","name":"Masterchem","url":"https:\/\/masterchem.ee\/fi\/","logo":{"@type":"ImageObject","inLanguage":"fi","@id":"https:\/\/masterchem.ee\/fi\/#\/schema\/logo\/image\/","url":"https:\/\/masterchem.ee\/wp-content\/uploads\/2018\/02\/master-chem_final-1.png","contentUrl":"https:\/\/masterchem.ee\/wp-content\/uploads\/2018\/02\/master-chem_final-1.png","width":850,"height":356,"caption":"Masterchem"},"image":{"@id":"https:\/\/masterchem.ee\/fi\/#\/schema\/logo\/image\/"}}]}},"_links":{"self":[{"href":"https:\/\/masterchem.ee\/fi\/wp-json\/wp\/v2\/product\/23894","targetHints":{"allow":["GET"]}}],"collection":[{"href":"https:\/\/masterchem.ee\/fi\/wp-json\/wp\/v2\/product"}],"about":[{"href":"https:\/\/masterchem.ee\/fi\/wp-json\/wp\/v2\/types\/product"}],"wp:featuredmedia":[{"embeddable":true,"href":"https:\/\/masterchem.ee\/fi\/wp-json\/wp\/v2\/media\/23930"}],"wp:attachment":[{"href":"https:\/\/masterchem.ee\/fi\/wp-json\/wp\/v2\/media?parent=23894"}],"wp:term":[{"taxonomy":"product_brand","embeddable":true,"href":"https:\/\/masterchem.ee\/fi\/wp-json\/wp\/v2\/product_brand?post=23894"},{"taxonomy":"product_cat","embeddable":true,"href":"https:\/\/masterchem.ee\/fi\/wp-json\/wp\/v2\/product_cat?post=23894"},{"taxonomy":"product_tag","embeddable":true,"href":"https:\/\/masterchem.ee\/fi\/wp-json\/wp\/v2\/product_tag?post=23894"}],"curies":[{"name":"wp","href":"https:\/\/api.w.org\/{rel}","templated":true}]}}