{"id":23863,"date":"2023-12-05T17:19:33","date_gmt":"2023-12-05T17:19:40","guid":{"rendered":"https:\/\/masterchem.ee\/?post_type=product&#038;p=23863"},"modified":"2023-12-05T17:29:41","modified_gmt":"2023-12-05T17:29:41","slug":"kloroformi-cas-67-66-3","status":"publish","type":"product","link":"https:\/\/masterchem.ee\/fi\/tooted-ja-teenused\/kloroformi-cas-67-66-3\/","title":{"rendered":"Kloroformi (CAS 67-66-3)"},"content":{"rendered":"","protected":false},"excerpt":{"rendered":"<p>Kloroformi tai trikloorimetaani (usein lyhennettyn\u00e4 TCM) on orgaaninen yhdiste, jolla on kaava CHCl3 ja yleinen liuotin. Se on eritt\u00e4in haihtuva, v\u00e4rit\u00f6n, voimakkaasti hajuinen, tihe\u00e4 neste, jota tuotetaan suuressa mittakaavassa kylm\u00e4aineiden ja vuorostaan PTFE:n esiasteena. Kloroformi on trihalometaani, joka toimii voimakkaana anestesiana, euforiana, ahdistusta lievitt\u00e4v\u00e4n\u00e4 ja rauhoittavana aineena hengitettyn\u00e4 tai nieltyn\u00e4. Kloroformia k\u00e4ytettiin anestesiana 1800-luvun ja 1900-luvun ensimm\u00e4isen puoliskon v\u00e4lisen\u00e4 aikana. Se sekoittuu monien liuottimien kanssa, mutta liukenee vain hyvin v\u00e4h\u00e4n veteen (vain 8 g\/l 20 \u00b0C:ssa).<\/p>\n","protected":false},"featured_media":23871,"template":"","meta":[],"product_brand":[],"product_cat":[180,120],"product_tag":[],"class_list":{"0":"post-23863","1":"product","2":"type-product","3":"status-publish","4":"has-post-thumbnail","6":"product_cat-uncategorized-fi-2","7":"product_cat-laaketeollisuus","9":"first","10":"instock","11":"taxable","12":"shipping-taxable","13":"purchasable","14":"product-type-variable","15":"has-default-attributes"},"yoast_head":"<!-- This site is optimized with the Yoast SEO plugin v26.2 - https:\/\/yoast.com\/wordpress\/plugins\/seo\/ -->\n<title>Kloroformi (CAS 67-66-3) - Chemistry For Industry - Solvents &amp; Chemicals - Masterchem.ee<\/title>\n<meta name=\"description\" content=\"Kloroformi tai trikloorimetaani (usein lyhennettyn\u00e4 TCM) on orgaaninen yhdiste, jolla on kaava CHCl3 ja yleinen liuotin.\" \/>\n<meta name=\"robots\" content=\"index, follow, max-snippet:-1, max-image-preview:large, max-video-preview:-1\" \/>\n<link rel=\"canonical\" href=\"https:\/\/masterchem.ee\/fi\/tooted-ja-teenused\/kloroformi-cas-67-66-3\/\" \/>\n<meta name=\"twitter:card\" content=\"summary_large_image\" \/>\n<meta name=\"twitter:title\" content=\"Kloroformi (CAS 67-66-3) - Chemistry For Industry - Solvents &amp; Chemicals - Masterchem.ee\" \/>\n<meta name=\"twitter:description\" content=\"Kloroformi tai trikloorimetaani (usein lyhennettyn\u00e4 TCM) on orgaaninen yhdiste, jolla on kaava CHCl3 ja yleinen liuotin.\" \/>\n<meta name=\"twitter:image\" content=\"https:\/\/masterchem.ee\/wp-content\/uploads\/2023\/12\/Chloroform-67-66-3-1kg-MasterChem.png\" \/>\n<script type=\"application\/ld+json\" class=\"yoast-schema-graph\">{\"@context\":\"https:\/\/schema.org\",\"@graph\":[{\"@type\":\"WebPage\",\"@id\":\"https:\/\/masterchem.ee\/fi\/tooted-ja-teenused\/kloroformi-cas-67-66-3\/\",\"url\":\"https:\/\/masterchem.ee\/fi\/tooted-ja-teenused\/kloroformi-cas-67-66-3\/\",\"name\":\"Kloroformi (CAS 67-66-3) - Chemistry For Industry - Solvents &amp; Chemicals - Masterchem.ee\",\"isPartOf\":{\"@id\":\"https:\/\/masterchem.ee\/fi\/#website\"},\"primaryImageOfPage\":{\"@id\":\"https:\/\/masterchem.ee\/fi\/tooted-ja-teenused\/kloroformi-cas-67-66-3\/#primaryimage\"},\"image\":{\"@id\":\"https:\/\/masterchem.ee\/fi\/tooted-ja-teenused\/kloroformi-cas-67-66-3\/#primaryimage\"},\"thumbnailUrl\":\"https:\/\/masterchem.ee\/wp-content\/uploads\/2023\/12\/Chloroform-67-66-3-1kg-MasterChem.png\",\"datePublished\":\"2023-12-05T17:19:40+00:00\",\"dateModified\":\"2023-12-05T17:29:41+00:00\",\"description\":\"Kloroformi tai trikloorimetaani (usein lyhennettyn\u00e4 TCM) on orgaaninen yhdiste, jolla on kaava CHCl3 ja yleinen liuotin.\",\"breadcrumb\":{\"@id\":\"https:\/\/masterchem.ee\/fi\/tooted-ja-teenused\/kloroformi-cas-67-66-3\/#breadcrumb\"},\"inLanguage\":\"fi\",\"potentialAction\":[{\"@type\":\"ReadAction\",\"target\":[\"https:\/\/masterchem.ee\/fi\/tooted-ja-teenused\/kloroformi-cas-67-66-3\/\"]}]},{\"@type\":\"ImageObject\",\"inLanguage\":\"fi\",\"@id\":\"https:\/\/masterchem.ee\/fi\/tooted-ja-teenused\/kloroformi-cas-67-66-3\/#primaryimage\",\"url\":\"https:\/\/masterchem.ee\/wp-content\/uploads\/2023\/12\/Chloroform-67-66-3-1kg-MasterChem.png\",\"contentUrl\":\"https:\/\/masterchem.ee\/wp-content\/uploads\/2023\/12\/Chloroform-67-66-3-1kg-MasterChem.png\",\"width\":579,\"height\":579},{\"@type\":\"BreadcrumbList\",\"@id\":\"https:\/\/masterchem.ee\/fi\/tooted-ja-teenused\/kloroformi-cas-67-66-3\/#breadcrumb\",\"itemListElement\":[{\"@type\":\"ListItem\",\"position\":1,\"name\":\"Home\",\"item\":\"https:\/\/masterchem.ee\/fi\/\"},{\"@type\":\"ListItem\",\"position\":2,\"name\":\"Tooted ja teenused\",\"item\":\"https:\/\/masterchem.ee\/tooted-ja-teenused\/\"},{\"@type\":\"ListItem\",\"position\":3,\"name\":\"Kloroformi (CAS 67-66-3)\"}]},{\"@type\":\"WebSite\",\"@id\":\"https:\/\/masterchem.ee\/fi\/#website\",\"url\":\"https:\/\/masterchem.ee\/fi\/\",\"name\":\"Masterchem.ee\",\"description\":\"Chemistry For Industry - Solvents &amp; Chemicals\",\"publisher\":{\"@id\":\"https:\/\/masterchem.ee\/fi\/#organization\"},\"potentialAction\":[{\"@type\":\"SearchAction\",\"target\":{\"@type\":\"EntryPoint\",\"urlTemplate\":\"https:\/\/masterchem.ee\/fi\/?s={search_term_string}\"},\"query-input\":{\"@type\":\"PropertyValueSpecification\",\"valueRequired\":true,\"valueName\":\"search_term_string\"}}],\"inLanguage\":\"fi\"},{\"@type\":\"Organization\",\"@id\":\"https:\/\/masterchem.ee\/fi\/#organization\",\"name\":\"Masterchem\",\"url\":\"https:\/\/masterchem.ee\/fi\/\",\"logo\":{\"@type\":\"ImageObject\",\"inLanguage\":\"fi\",\"@id\":\"https:\/\/masterchem.ee\/fi\/#\/schema\/logo\/image\/\",\"url\":\"https:\/\/masterchem.ee\/wp-content\/uploads\/2018\/02\/master-chem_final-1.png\",\"contentUrl\":\"https:\/\/masterchem.ee\/wp-content\/uploads\/2018\/02\/master-chem_final-1.png\",\"width\":850,\"height\":356,\"caption\":\"Masterchem\"},\"image\":{\"@id\":\"https:\/\/masterchem.ee\/fi\/#\/schema\/logo\/image\/\"}}]}<\/script>\n<!-- \/ Yoast SEO plugin. -->","yoast_head_json":{"title":"Kloroformi (CAS 67-66-3) - Chemistry For Industry - Solvents &amp; Chemicals - Masterchem.ee","description":"Kloroformi tai trikloorimetaani (usein lyhennettyn\u00e4 TCM) on orgaaninen yhdiste, jolla on kaava CHCl3 ja yleinen liuotin.","robots":{"index":"index","follow":"follow","max-snippet":"max-snippet:-1","max-image-preview":"max-image-preview:large","max-video-preview":"max-video-preview:-1"},"canonical":"https:\/\/masterchem.ee\/fi\/tooted-ja-teenused\/kloroformi-cas-67-66-3\/","twitter_card":"summary_large_image","twitter_title":"Kloroformi (CAS 67-66-3) - Chemistry For Industry - Solvents &amp; Chemicals - Masterchem.ee","twitter_description":"Kloroformi tai trikloorimetaani (usein lyhennettyn\u00e4 TCM) on orgaaninen yhdiste, jolla on kaava CHCl3 ja yleinen liuotin.","twitter_image":"https:\/\/masterchem.ee\/wp-content\/uploads\/2023\/12\/Chloroform-67-66-3-1kg-MasterChem.png","schema":{"@context":"https:\/\/schema.org","@graph":[{"@type":"WebPage","@id":"https:\/\/masterchem.ee\/fi\/tooted-ja-teenused\/kloroformi-cas-67-66-3\/","url":"https:\/\/masterchem.ee\/fi\/tooted-ja-teenused\/kloroformi-cas-67-66-3\/","name":"Kloroformi (CAS 67-66-3) - Chemistry For Industry - Solvents &amp; Chemicals - Masterchem.ee","isPartOf":{"@id":"https:\/\/masterchem.ee\/fi\/#website"},"primaryImageOfPage":{"@id":"https:\/\/masterchem.ee\/fi\/tooted-ja-teenused\/kloroformi-cas-67-66-3\/#primaryimage"},"image":{"@id":"https:\/\/masterchem.ee\/fi\/tooted-ja-teenused\/kloroformi-cas-67-66-3\/#primaryimage"},"thumbnailUrl":"https:\/\/masterchem.ee\/wp-content\/uploads\/2023\/12\/Chloroform-67-66-3-1kg-MasterChem.png","datePublished":"2023-12-05T17:19:40+00:00","dateModified":"2023-12-05T17:29:41+00:00","description":"Kloroformi tai trikloorimetaani (usein lyhennettyn\u00e4 TCM) on orgaaninen yhdiste, jolla on kaava CHCl3 ja yleinen liuotin.","breadcrumb":{"@id":"https:\/\/masterchem.ee\/fi\/tooted-ja-teenused\/kloroformi-cas-67-66-3\/#breadcrumb"},"inLanguage":"fi","potentialAction":[{"@type":"ReadAction","target":["https:\/\/masterchem.ee\/fi\/tooted-ja-teenused\/kloroformi-cas-67-66-3\/"]}]},{"@type":"ImageObject","inLanguage":"fi","@id":"https:\/\/masterchem.ee\/fi\/tooted-ja-teenused\/kloroformi-cas-67-66-3\/#primaryimage","url":"https:\/\/masterchem.ee\/wp-content\/uploads\/2023\/12\/Chloroform-67-66-3-1kg-MasterChem.png","contentUrl":"https:\/\/masterchem.ee\/wp-content\/uploads\/2023\/12\/Chloroform-67-66-3-1kg-MasterChem.png","width":579,"height":579},{"@type":"BreadcrumbList","@id":"https:\/\/masterchem.ee\/fi\/tooted-ja-teenused\/kloroformi-cas-67-66-3\/#breadcrumb","itemListElement":[{"@type":"ListItem","position":1,"name":"Home","item":"https:\/\/masterchem.ee\/fi\/"},{"@type":"ListItem","position":2,"name":"Tooted ja teenused","item":"https:\/\/masterchem.ee\/tooted-ja-teenused\/"},{"@type":"ListItem","position":3,"name":"Kloroformi (CAS 67-66-3)"}]},{"@type":"WebSite","@id":"https:\/\/masterchem.ee\/fi\/#website","url":"https:\/\/masterchem.ee\/fi\/","name":"Masterchem.ee","description":"Chemistry For Industry - Solvents &amp; Chemicals","publisher":{"@id":"https:\/\/masterchem.ee\/fi\/#organization"},"potentialAction":[{"@type":"SearchAction","target":{"@type":"EntryPoint","urlTemplate":"https:\/\/masterchem.ee\/fi\/?s={search_term_string}"},"query-input":{"@type":"PropertyValueSpecification","valueRequired":true,"valueName":"search_term_string"}}],"inLanguage":"fi"},{"@type":"Organization","@id":"https:\/\/masterchem.ee\/fi\/#organization","name":"Masterchem","url":"https:\/\/masterchem.ee\/fi\/","logo":{"@type":"ImageObject","inLanguage":"fi","@id":"https:\/\/masterchem.ee\/fi\/#\/schema\/logo\/image\/","url":"https:\/\/masterchem.ee\/wp-content\/uploads\/2018\/02\/master-chem_final-1.png","contentUrl":"https:\/\/masterchem.ee\/wp-content\/uploads\/2018\/02\/master-chem_final-1.png","width":850,"height":356,"caption":"Masterchem"},"image":{"@id":"https:\/\/masterchem.ee\/fi\/#\/schema\/logo\/image\/"}}]}},"_links":{"self":[{"href":"https:\/\/masterchem.ee\/fi\/wp-json\/wp\/v2\/product\/23863","targetHints":{"allow":["GET"]}}],"collection":[{"href":"https:\/\/masterchem.ee\/fi\/wp-json\/wp\/v2\/product"}],"about":[{"href":"https:\/\/masterchem.ee\/fi\/wp-json\/wp\/v2\/types\/product"}],"wp:featuredmedia":[{"embeddable":true,"href":"https:\/\/masterchem.ee\/fi\/wp-json\/wp\/v2\/media\/23871"}],"wp:attachment":[{"href":"https:\/\/masterchem.ee\/fi\/wp-json\/wp\/v2\/media?parent=23863"}],"wp:term":[{"taxonomy":"product_brand","embeddable":true,"href":"https:\/\/masterchem.ee\/fi\/wp-json\/wp\/v2\/product_brand?post=23863"},{"taxonomy":"product_cat","embeddable":true,"href":"https:\/\/masterchem.ee\/fi\/wp-json\/wp\/v2\/product_cat?post=23863"},{"taxonomy":"product_tag","embeddable":true,"href":"https:\/\/masterchem.ee\/fi\/wp-json\/wp\/v2\/product_tag?post=23863"}],"curies":[{"name":"wp","href":"https:\/\/api.w.org\/{rel}","templated":true}]}}