{"id":23781,"date":"2023-12-05T06:52:36","date_gmt":"2023-12-05T06:52:50","guid":{"rendered":"https:\/\/masterchem.ee\/?post_type=product&#038;p=23781"},"modified":"2025-03-31T14:33:58","modified_gmt":"2025-03-31T14:33:58","slug":"masterpr100-maalinpoistoaine","status":"publish","type":"product","link":"https:\/\/masterchem.ee\/fi\/tooted-ja-teenused\/masterpr100-maalinpoistoaine\/","title":{"rendered":"MasterPR100 orgaaninen maalinpoistoaine"},"content":{"rendered":"<p>MasterPR100 orgaaninen maalinpoistoaine &#8211; t\u00e4m\u00e4 on kolmikomponenttinen liuotin (dikloorimetaani, butanoni, dimetyyliketoni), joka on ainutlaatuinen laboratoriokehitys MasterChem.<br \/>\nPaint Remover on eritt\u00e4in syttyv\u00e4 leimahduspiste 14\u00b0C.<br \/>\nMasterPR100 on ohenne, joka on suunniteltu ainoastaan maalinpoistoon.<br \/>\nSit\u00e4 voidaan k\u00e4ytt\u00e4\u00e4 laitteiden puhdistamiseen ja kastamalla levitettyjen pinnoitteiden poistamiseen.<\/p>\n","protected":false},"excerpt":{"rendered":"<p><strong>Turvallisuus:<\/strong><br \/>\nMasterPR100:n kanssa on noudatettava erityisi\u00e4 varotoimia: k\u00e4yt\u00e4 k\u00e4sineit\u00e4 v\u00e4ltt\u00e4\u00e4ksesi ihokosketusta ja k\u00e4yt\u00e4 sopivaa ilmanimuj\u00e4rjestelm\u00e4\u00e4.<br \/>\nFyysiset ominaisuudet:<br \/>\nFyysiset ominaisuudet<br \/>\nTiheys &#8211; 1,29 g \/ cm3.<br \/>\n<strong>L\u00e4mp\u00f6ominaisuudet:<\/strong><br \/>\nSulamispiste -97 \u00b0C,<br \/>\nKiehumispiste 44 \u00b0C,<br \/>\nLeimahduspiste 14 \u00b0C<br \/>\n<strong>Varastointi ja jakelu:<\/strong><br \/>\nPitk\u00e4n varastoinnin j\u00e4lkeen tarkista aina homogeenisuus ja sekoita hyvin ennen k\u00e4ytt\u00f6\u00e4 mahdollisen sedimentin poistamiseksi.<br \/>\nVarastointi tapahtuu normaalisti viile\u00e4ss\u00e4, kuivassa ja hyvin ilmastoidussa tilassa erill\u00e4\u00e4n hapettavista aineista. MasterPR100 tulee s\u00e4ilytt\u00e4\u00e4 poissa suorasta auringonvalosta, kuumuudesta ja avotulesta.<br \/>\nIrtotavarana olevien liuottimien viej\u00e4 jakaa t\u00e4m\u00e4n liuottimen tavallisesti irtolastialuksiin tai s\u00e4ili\u00f6autoihin. Kuljetustarkoituksiin MasterPR100 on luokiteltu syttyv\u00e4ksi nesteeksi, jonka palovaaraluokitus on 2. T\u00e4ysim\u00e4\u00e4r\u00e4inen kemikaalien jakelija vie liuottimen ymp\u00e4rille, kuten Iso-Britanniaan, Eurooppaan, Afrikkaan ja Amerikkaan.<\/p>\n","protected":false},"featured_media":23811,"template":"","meta":[],"product_brand":[],"product_cat":[180,115,117,286,114],"product_tag":[],"class_list":{"0":"post-23781","1":"product","2":"type-product","3":"status-publish","4":"has-post-thumbnail","6":"product_cat-uncategorized-fi-2","7":"product_cat-auton-ja-koneiden-kemikaalit","8":"product_cat-kotitalouskemikaalit","9":"product_cat-maalit-ja-lakat","10":"product_cat-rakennusteollisuus","11":"pif-has-gallery","13":"first","14":"instock","15":"taxable","16":"shipping-taxable","17":"purchasable","18":"product-type-variable","19":"has-default-attributes"},"yoast_head":"<!-- This site is optimized with the Yoast SEO plugin v26.2 - https:\/\/yoast.com\/wordpress\/plugins\/seo\/ -->\n<title>MasterPR100 orgaaninen maalinpoistoaine - Chemistry For Industry - Solvents &amp; Chemicals - Masterchem.ee<\/title>\n<meta name=\"description\" content=\"MasterPR100 orgaaninen maalinpoistoaine - t\u00e4m\u00e4 on kolmikomponenttinen liuotin (dikloorimetaani, butanoni, dimetyyliketoni), joka on ainutlaatuinen laboratoriokehitys MasterChem.\" \/>\n<meta name=\"robots\" content=\"index, follow, max-snippet:-1, max-image-preview:large, max-video-preview:-1\" \/>\n<link rel=\"canonical\" href=\"https:\/\/masterchem.ee\/fi\/tooted-ja-teenused\/masterpr100-maalinpoistoaine\/\" \/>\n<meta name=\"twitter:card\" content=\"summary_large_image\" \/>\n<meta name=\"twitter:title\" content=\"MasterPR100 orgaaninen maalinpoistoaine - Chemistry For Industry - Solvents &amp; Chemicals - Masterchem.ee\" \/>\n<meta name=\"twitter:description\" content=\"MasterPR100 orgaaninen maalinpoistoaine - t\u00e4m\u00e4 on kolmikomponenttinen liuotin (dikloorimetaani, butanoni, dimetyyliketoni), joka on ainutlaatuinen laboratoriokehitys MasterChem.\" \/>\n<meta name=\"twitter:image\" content=\"https:\/\/masterchem.ee\/wp-content\/uploads\/2023\/12\/MasterPR100-varvieemaldaja-1000l-MaterChem.jpg\" \/>\n<script type=\"application\/ld+json\" class=\"yoast-schema-graph\">{\"@context\":\"https:\/\/schema.org\",\"@graph\":[{\"@type\":\"WebPage\",\"@id\":\"https:\/\/masterchem.ee\/fi\/tooted-ja-teenused\/masterpr100-maalinpoistoaine\/\",\"url\":\"https:\/\/masterchem.ee\/fi\/tooted-ja-teenused\/masterpr100-maalinpoistoaine\/\",\"name\":\"MasterPR100 orgaaninen maalinpoistoaine - Chemistry For Industry - Solvents &amp; Chemicals - Masterchem.ee\",\"isPartOf\":{\"@id\":\"https:\/\/masterchem.ee\/fi\/#website\"},\"primaryImageOfPage\":{\"@id\":\"https:\/\/masterchem.ee\/fi\/tooted-ja-teenused\/masterpr100-maalinpoistoaine\/#primaryimage\"},\"image\":{\"@id\":\"https:\/\/masterchem.ee\/fi\/tooted-ja-teenused\/masterpr100-maalinpoistoaine\/#primaryimage\"},\"thumbnailUrl\":\"https:\/\/masterchem.ee\/wp-content\/uploads\/2023\/12\/MasterPR100-varvieemaldaja-1000l-MaterChem.jpg\",\"datePublished\":\"2023-12-05T06:52:50+00:00\",\"dateModified\":\"2025-03-31T14:33:58+00:00\",\"description\":\"MasterPR100 orgaaninen maalinpoistoaine - t\u00e4m\u00e4 on kolmikomponenttinen liuotin (dikloorimetaani, butanoni, dimetyyliketoni), joka on ainutlaatuinen laboratoriokehitys MasterChem.\",\"breadcrumb\":{\"@id\":\"https:\/\/masterchem.ee\/fi\/tooted-ja-teenused\/masterpr100-maalinpoistoaine\/#breadcrumb\"},\"inLanguage\":\"fi\",\"potentialAction\":[{\"@type\":\"ReadAction\",\"target\":[\"https:\/\/masterchem.ee\/fi\/tooted-ja-teenused\/masterpr100-maalinpoistoaine\/\"]}]},{\"@type\":\"ImageObject\",\"inLanguage\":\"fi\",\"@id\":\"https:\/\/masterchem.ee\/fi\/tooted-ja-teenused\/masterpr100-maalinpoistoaine\/#primaryimage\",\"url\":\"https:\/\/masterchem.ee\/wp-content\/uploads\/2023\/12\/MasterPR100-varvieemaldaja-1000l-MaterChem.jpg\",\"contentUrl\":\"https:\/\/masterchem.ee\/wp-content\/uploads\/2023\/12\/MasterPR100-varvieemaldaja-1000l-MaterChem.jpg\",\"width\":1000,\"height\":1000,\"caption\":\"MasterPR100 orgaaninen maalinpoistoaine 1000L\"},{\"@type\":\"BreadcrumbList\",\"@id\":\"https:\/\/masterchem.ee\/fi\/tooted-ja-teenused\/masterpr100-maalinpoistoaine\/#breadcrumb\",\"itemListElement\":[{\"@type\":\"ListItem\",\"position\":1,\"name\":\"Home\",\"item\":\"https:\/\/masterchem.ee\/fi\/\"},{\"@type\":\"ListItem\",\"position\":2,\"name\":\"Tooted ja teenused\",\"item\":\"https:\/\/masterchem.ee\/tooted-ja-teenused\/\"},{\"@type\":\"ListItem\",\"position\":3,\"name\":\"MasterPR100 orgaaninen maalinpoistoaine\"}]},{\"@type\":\"WebSite\",\"@id\":\"https:\/\/masterchem.ee\/fi\/#website\",\"url\":\"https:\/\/masterchem.ee\/fi\/\",\"name\":\"Masterchem.ee\",\"description\":\"Chemistry For Industry - Solvents &amp; Chemicals\",\"publisher\":{\"@id\":\"https:\/\/masterchem.ee\/fi\/#organization\"},\"potentialAction\":[{\"@type\":\"SearchAction\",\"target\":{\"@type\":\"EntryPoint\",\"urlTemplate\":\"https:\/\/masterchem.ee\/fi\/?s={search_term_string}\"},\"query-input\":{\"@type\":\"PropertyValueSpecification\",\"valueRequired\":true,\"valueName\":\"search_term_string\"}}],\"inLanguage\":\"fi\"},{\"@type\":\"Organization\",\"@id\":\"https:\/\/masterchem.ee\/fi\/#organization\",\"name\":\"Masterchem\",\"url\":\"https:\/\/masterchem.ee\/fi\/\",\"logo\":{\"@type\":\"ImageObject\",\"inLanguage\":\"fi\",\"@id\":\"https:\/\/masterchem.ee\/fi\/#\/schema\/logo\/image\/\",\"url\":\"https:\/\/masterchem.ee\/wp-content\/uploads\/2018\/02\/master-chem_final-1.png\",\"contentUrl\":\"https:\/\/masterchem.ee\/wp-content\/uploads\/2018\/02\/master-chem_final-1.png\",\"width\":850,\"height\":356,\"caption\":\"Masterchem\"},\"image\":{\"@id\":\"https:\/\/masterchem.ee\/fi\/#\/schema\/logo\/image\/\"}}]}<\/script>\n<!-- \/ Yoast SEO plugin. -->","yoast_head_json":{"title":"MasterPR100 orgaaninen maalinpoistoaine - Chemistry For Industry - Solvents &amp; Chemicals - Masterchem.ee","description":"MasterPR100 orgaaninen maalinpoistoaine - t\u00e4m\u00e4 on kolmikomponenttinen liuotin (dikloorimetaani, butanoni, dimetyyliketoni), joka on ainutlaatuinen laboratoriokehitys MasterChem.","robots":{"index":"index","follow":"follow","max-snippet":"max-snippet:-1","max-image-preview":"max-image-preview:large","max-video-preview":"max-video-preview:-1"},"canonical":"https:\/\/masterchem.ee\/fi\/tooted-ja-teenused\/masterpr100-maalinpoistoaine\/","twitter_card":"summary_large_image","twitter_title":"MasterPR100 orgaaninen maalinpoistoaine - Chemistry For Industry - Solvents &amp; Chemicals - Masterchem.ee","twitter_description":"MasterPR100 orgaaninen maalinpoistoaine - t\u00e4m\u00e4 on kolmikomponenttinen liuotin (dikloorimetaani, butanoni, dimetyyliketoni), joka on ainutlaatuinen laboratoriokehitys MasterChem.","twitter_image":"https:\/\/masterchem.ee\/wp-content\/uploads\/2023\/12\/MasterPR100-varvieemaldaja-1000l-MaterChem.jpg","schema":{"@context":"https:\/\/schema.org","@graph":[{"@type":"WebPage","@id":"https:\/\/masterchem.ee\/fi\/tooted-ja-teenused\/masterpr100-maalinpoistoaine\/","url":"https:\/\/masterchem.ee\/fi\/tooted-ja-teenused\/masterpr100-maalinpoistoaine\/","name":"MasterPR100 orgaaninen maalinpoistoaine - Chemistry For Industry - Solvents &amp; Chemicals - Masterchem.ee","isPartOf":{"@id":"https:\/\/masterchem.ee\/fi\/#website"},"primaryImageOfPage":{"@id":"https:\/\/masterchem.ee\/fi\/tooted-ja-teenused\/masterpr100-maalinpoistoaine\/#primaryimage"},"image":{"@id":"https:\/\/masterchem.ee\/fi\/tooted-ja-teenused\/masterpr100-maalinpoistoaine\/#primaryimage"},"thumbnailUrl":"https:\/\/masterchem.ee\/wp-content\/uploads\/2023\/12\/MasterPR100-varvieemaldaja-1000l-MaterChem.jpg","datePublished":"2023-12-05T06:52:50+00:00","dateModified":"2025-03-31T14:33:58+00:00","description":"MasterPR100 orgaaninen maalinpoistoaine - t\u00e4m\u00e4 on kolmikomponenttinen liuotin (dikloorimetaani, butanoni, dimetyyliketoni), joka on ainutlaatuinen laboratoriokehitys MasterChem.","breadcrumb":{"@id":"https:\/\/masterchem.ee\/fi\/tooted-ja-teenused\/masterpr100-maalinpoistoaine\/#breadcrumb"},"inLanguage":"fi","potentialAction":[{"@type":"ReadAction","target":["https:\/\/masterchem.ee\/fi\/tooted-ja-teenused\/masterpr100-maalinpoistoaine\/"]}]},{"@type":"ImageObject","inLanguage":"fi","@id":"https:\/\/masterchem.ee\/fi\/tooted-ja-teenused\/masterpr100-maalinpoistoaine\/#primaryimage","url":"https:\/\/masterchem.ee\/wp-content\/uploads\/2023\/12\/MasterPR100-varvieemaldaja-1000l-MaterChem.jpg","contentUrl":"https:\/\/masterchem.ee\/wp-content\/uploads\/2023\/12\/MasterPR100-varvieemaldaja-1000l-MaterChem.jpg","width":1000,"height":1000,"caption":"MasterPR100 orgaaninen maalinpoistoaine 1000L"},{"@type":"BreadcrumbList","@id":"https:\/\/masterchem.ee\/fi\/tooted-ja-teenused\/masterpr100-maalinpoistoaine\/#breadcrumb","itemListElement":[{"@type":"ListItem","position":1,"name":"Home","item":"https:\/\/masterchem.ee\/fi\/"},{"@type":"ListItem","position":2,"name":"Tooted ja teenused","item":"https:\/\/masterchem.ee\/tooted-ja-teenused\/"},{"@type":"ListItem","position":3,"name":"MasterPR100 orgaaninen maalinpoistoaine"}]},{"@type":"WebSite","@id":"https:\/\/masterchem.ee\/fi\/#website","url":"https:\/\/masterchem.ee\/fi\/","name":"Masterchem.ee","description":"Chemistry For Industry - Solvents &amp; Chemicals","publisher":{"@id":"https:\/\/masterchem.ee\/fi\/#organization"},"potentialAction":[{"@type":"SearchAction","target":{"@type":"EntryPoint","urlTemplate":"https:\/\/masterchem.ee\/fi\/?s={search_term_string}"},"query-input":{"@type":"PropertyValueSpecification","valueRequired":true,"valueName":"search_term_string"}}],"inLanguage":"fi"},{"@type":"Organization","@id":"https:\/\/masterchem.ee\/fi\/#organization","name":"Masterchem","url":"https:\/\/masterchem.ee\/fi\/","logo":{"@type":"ImageObject","inLanguage":"fi","@id":"https:\/\/masterchem.ee\/fi\/#\/schema\/logo\/image\/","url":"https:\/\/masterchem.ee\/wp-content\/uploads\/2018\/02\/master-chem_final-1.png","contentUrl":"https:\/\/masterchem.ee\/wp-content\/uploads\/2018\/02\/master-chem_final-1.png","width":850,"height":356,"caption":"Masterchem"},"image":{"@id":"https:\/\/masterchem.ee\/fi\/#\/schema\/logo\/image\/"}}]}},"_links":{"self":[{"href":"https:\/\/masterchem.ee\/fi\/wp-json\/wp\/v2\/product\/23781","targetHints":{"allow":["GET"]}}],"collection":[{"href":"https:\/\/masterchem.ee\/fi\/wp-json\/wp\/v2\/product"}],"about":[{"href":"https:\/\/masterchem.ee\/fi\/wp-json\/wp\/v2\/types\/product"}],"wp:featuredmedia":[{"embeddable":true,"href":"https:\/\/masterchem.ee\/fi\/wp-json\/wp\/v2\/media\/23811"}],"wp:attachment":[{"href":"https:\/\/masterchem.ee\/fi\/wp-json\/wp\/v2\/media?parent=23781"}],"wp:term":[{"taxonomy":"product_brand","embeddable":true,"href":"https:\/\/masterchem.ee\/fi\/wp-json\/wp\/v2\/product_brand?post=23781"},{"taxonomy":"product_cat","embeddable":true,"href":"https:\/\/masterchem.ee\/fi\/wp-json\/wp\/v2\/product_cat?post=23781"},{"taxonomy":"product_tag","embeddable":true,"href":"https:\/\/masterchem.ee\/fi\/wp-json\/wp\/v2\/product_tag?post=23781"}],"curies":[{"name":"wp","href":"https:\/\/api.w.org\/{rel}","templated":true}]}}