{"id":23577,"date":"2023-11-05T18:44:58","date_gmt":"2023-11-05T18:45:16","guid":{"rendered":"https:\/\/masterchem.ee\/?post_type=product&#038;p=23577"},"modified":"2023-11-05T18:55:48","modified_gmt":"2023-11-05T18:55:48","slug":"dimetyyliformamidi-cas-68-12-2","status":"publish","type":"product","link":"https:\/\/masterchem.ee\/fi\/tooted-ja-teenused\/dimetyyliformamidi-cas-68-12-2\/","title":{"rendered":"Dimetyyliformamidi (CAS 68-12-2)"},"content":{"rendered":"<p>Teollisuus: Maalit ja lakat<br \/>\nCAS-numero: 68-12-2<br \/>\nWE-numero: 200-679-5<br \/>\nKemiallinen kaava: C3H7NO<br \/>\nMoolimassa: 73,1 g\/mol<br \/>\nTullitariffikoodi: 29241900<br \/>\nADR: UN2265<br \/>\n<strong>Muut fyysiset ominaisuudet<\/strong><br \/>\npH: 7 (200 g\/l, 20 \u00b0C)<br \/>\nSulamis-\/j\u00e4\u00e4tymispiste: -61\u00b0C<br \/>\nKiehumispiste\/alue: 152 \u2013 153\u00b0C<br \/>\nSuhteellinen tiheys: 0,98 g\/cm3 przy -15\u00b0C<\/p>\n","protected":false},"excerpt":{"rendered":"<p><strong>Dimetyyliformamidi (CAS 68-12-2)<\/strong><\/p>\n<p>Dimetyyliformamidi on orgaaninen yhdiste, jonka kaava on (CH3)2NC(O)H. T\u00e4m\u00e4 v\u00e4rit\u00f6n neste sekoittuu veteen ja useimpiin orgaanisiin nesteisiin, lyhennet\u00e4\u00e4n yleisesti nimell\u00e4 DMF. DMF on yleinen liuotin kemiallisiin reaktioihin. Dimetyyliformamidi on hajuton, mutta teknisill\u00e4 tai hajoavilla n\u00e4ytteill\u00e4 on usein kalan haju dimetyyliamiinin ep\u00e4puhtauksien vuoksi. Dimetyyliamiinin hajoamisen ep\u00e4puhtaudet voidaan poistaa suihkuttamalla n\u00e4ytteit\u00e4 inertill\u00e4 kaasulla, kuten argonilla, tai sonikoimalla n\u00e4ytteet alipaineessa. Kuten nimi osoittaa, se on rakenteellisesti sukua formamidille, jossa on kaksi metyyliryhm\u00e4\u00e4 kahden vedyn tilalla. DMF on polaarinen (hydrofiilinen) aproottinen liuotin, jolla on korkea kiehumispiste. Se helpottaa polaarisia mekanismeja seuraavia reaktioita, kuten SN2-reaktioita.<\/p>\n","protected":false},"featured_media":23619,"template":"","meta":[],"product_brand":[],"product_cat":[180,286],"product_tag":[],"class_list":{"0":"post-23577","1":"product","2":"type-product","3":"status-publish","4":"has-post-thumbnail","6":"product_cat-uncategorized-fi-2","7":"product_cat-maalit-ja-lakat","8":"pif-has-gallery","10":"first","11":"instock","12":"taxable","13":"shipping-taxable","14":"purchasable","15":"product-type-variable","16":"has-default-attributes"},"yoast_head":"<!-- This site is optimized with the Yoast SEO plugin v26.2 - https:\/\/yoast.com\/wordpress\/plugins\/seo\/ -->\n<title>Dimetyyliformamidi (CAS 68-12-2) - Chemistry For Industry - Solvents &amp; Chemicals - Masterchem.ee<\/title>\n<meta name=\"description\" content=\"Dimetyyliformamidi on orgaaninen yhdiste, jonka kaava on (CH3)2NC(O)H. T\u00e4m\u00e4 v\u00e4rit\u00f6n neste, jota kutsutaan yleisesti lyhenteeksi DMF, sekoittuu veteen ja useimpiin orgaanisiin nesteisiin.\" \/>\n<meta name=\"robots\" content=\"index, follow, max-snippet:-1, max-image-preview:large, max-video-preview:-1\" \/>\n<link rel=\"canonical\" href=\"https:\/\/masterchem.ee\/fi\/tooted-ja-teenused\/dimetyyliformamidi-cas-68-12-2\/\" \/>\n<meta name=\"twitter:card\" content=\"summary_large_image\" \/>\n<meta name=\"twitter:title\" content=\"Dimetyyliformamidi (CAS 68-12-2) - Chemistry For Industry - Solvents &amp; Chemicals - Masterchem.ee\" \/>\n<meta name=\"twitter:description\" content=\"Dimetyyliformamidi on orgaaninen yhdiste, jonka kaava on (CH3)2NC(O)H. T\u00e4m\u00e4 v\u00e4rit\u00f6n neste, jota kutsutaan yleisesti lyhenteeksi DMF, sekoittuu veteen ja useimpiin orgaanisiin nesteisiin.\" \/>\n<meta name=\"twitter:image\" content=\"https:\/\/masterchem.ee\/wp-content\/uploads\/2023\/11\/Dimetuulformamiid-1000l-MaterChem.jpg\" \/>\n<script type=\"application\/ld+json\" class=\"yoast-schema-graph\">{\"@context\":\"https:\/\/schema.org\",\"@graph\":[{\"@type\":\"WebPage\",\"@id\":\"https:\/\/masterchem.ee\/fi\/tooted-ja-teenused\/dimetyyliformamidi-cas-68-12-2\/\",\"url\":\"https:\/\/masterchem.ee\/fi\/tooted-ja-teenused\/dimetyyliformamidi-cas-68-12-2\/\",\"name\":\"Dimetyyliformamidi (CAS 68-12-2) - Chemistry For Industry - Solvents &amp; Chemicals - Masterchem.ee\",\"isPartOf\":{\"@id\":\"https:\/\/masterchem.ee\/fi\/#website\"},\"primaryImageOfPage\":{\"@id\":\"https:\/\/masterchem.ee\/fi\/tooted-ja-teenused\/dimetyyliformamidi-cas-68-12-2\/#primaryimage\"},\"image\":{\"@id\":\"https:\/\/masterchem.ee\/fi\/tooted-ja-teenused\/dimetyyliformamidi-cas-68-12-2\/#primaryimage\"},\"thumbnailUrl\":\"https:\/\/masterchem.ee\/wp-content\/uploads\/2023\/11\/Dimetuulformamiid-1000l-MaterChem.jpg\",\"datePublished\":\"2023-11-05T18:45:16+00:00\",\"dateModified\":\"2023-11-05T18:55:48+00:00\",\"description\":\"Dimetyyliformamidi on orgaaninen yhdiste, jonka kaava on (CH3)2NC(O)H. T\u00e4m\u00e4 v\u00e4rit\u00f6n neste, jota kutsutaan yleisesti lyhenteeksi DMF, sekoittuu veteen ja useimpiin orgaanisiin nesteisiin.\",\"breadcrumb\":{\"@id\":\"https:\/\/masterchem.ee\/fi\/tooted-ja-teenused\/dimetyyliformamidi-cas-68-12-2\/#breadcrumb\"},\"inLanguage\":\"fi\",\"potentialAction\":[{\"@type\":\"ReadAction\",\"target\":[\"https:\/\/masterchem.ee\/fi\/tooted-ja-teenused\/dimetyyliformamidi-cas-68-12-2\/\"]}]},{\"@type\":\"ImageObject\",\"inLanguage\":\"fi\",\"@id\":\"https:\/\/masterchem.ee\/fi\/tooted-ja-teenused\/dimetyyliformamidi-cas-68-12-2\/#primaryimage\",\"url\":\"https:\/\/masterchem.ee\/wp-content\/uploads\/2023\/11\/Dimetuulformamiid-1000l-MaterChem.jpg\",\"contentUrl\":\"https:\/\/masterchem.ee\/wp-content\/uploads\/2023\/11\/Dimetuulformamiid-1000l-MaterChem.jpg\",\"width\":1000,\"height\":1000},{\"@type\":\"BreadcrumbList\",\"@id\":\"https:\/\/masterchem.ee\/fi\/tooted-ja-teenused\/dimetyyliformamidi-cas-68-12-2\/#breadcrumb\",\"itemListElement\":[{\"@type\":\"ListItem\",\"position\":1,\"name\":\"Home\",\"item\":\"https:\/\/masterchem.ee\/fi\/\"},{\"@type\":\"ListItem\",\"position\":2,\"name\":\"Tooted ja teenused\",\"item\":\"https:\/\/masterchem.ee\/tooted-ja-teenused\/\"},{\"@type\":\"ListItem\",\"position\":3,\"name\":\"Dimetyyliformamidi (CAS 68-12-2)\"}]},{\"@type\":\"WebSite\",\"@id\":\"https:\/\/masterchem.ee\/fi\/#website\",\"url\":\"https:\/\/masterchem.ee\/fi\/\",\"name\":\"Masterchem.ee\",\"description\":\"Chemistry For Industry - Solvents &amp; Chemicals\",\"publisher\":{\"@id\":\"https:\/\/masterchem.ee\/fi\/#organization\"},\"potentialAction\":[{\"@type\":\"SearchAction\",\"target\":{\"@type\":\"EntryPoint\",\"urlTemplate\":\"https:\/\/masterchem.ee\/fi\/?s={search_term_string}\"},\"query-input\":{\"@type\":\"PropertyValueSpecification\",\"valueRequired\":true,\"valueName\":\"search_term_string\"}}],\"inLanguage\":\"fi\"},{\"@type\":\"Organization\",\"@id\":\"https:\/\/masterchem.ee\/fi\/#organization\",\"name\":\"Masterchem\",\"url\":\"https:\/\/masterchem.ee\/fi\/\",\"logo\":{\"@type\":\"ImageObject\",\"inLanguage\":\"fi\",\"@id\":\"https:\/\/masterchem.ee\/fi\/#\/schema\/logo\/image\/\",\"url\":\"https:\/\/masterchem.ee\/wp-content\/uploads\/2018\/02\/master-chem_final-1.png\",\"contentUrl\":\"https:\/\/masterchem.ee\/wp-content\/uploads\/2018\/02\/master-chem_final-1.png\",\"width\":850,\"height\":356,\"caption\":\"Masterchem\"},\"image\":{\"@id\":\"https:\/\/masterchem.ee\/fi\/#\/schema\/logo\/image\/\"}}]}<\/script>\n<!-- \/ Yoast SEO plugin. -->","yoast_head_json":{"title":"Dimetyyliformamidi (CAS 68-12-2) - Chemistry For Industry - Solvents &amp; Chemicals - Masterchem.ee","description":"Dimetyyliformamidi on orgaaninen yhdiste, jonka kaava on (CH3)2NC(O)H. T\u00e4m\u00e4 v\u00e4rit\u00f6n neste, jota kutsutaan yleisesti lyhenteeksi DMF, sekoittuu veteen ja useimpiin orgaanisiin nesteisiin.","robots":{"index":"index","follow":"follow","max-snippet":"max-snippet:-1","max-image-preview":"max-image-preview:large","max-video-preview":"max-video-preview:-1"},"canonical":"https:\/\/masterchem.ee\/fi\/tooted-ja-teenused\/dimetyyliformamidi-cas-68-12-2\/","twitter_card":"summary_large_image","twitter_title":"Dimetyyliformamidi (CAS 68-12-2) - Chemistry For Industry - Solvents &amp; Chemicals - Masterchem.ee","twitter_description":"Dimetyyliformamidi on orgaaninen yhdiste, jonka kaava on (CH3)2NC(O)H. T\u00e4m\u00e4 v\u00e4rit\u00f6n neste, jota kutsutaan yleisesti lyhenteeksi DMF, sekoittuu veteen ja useimpiin orgaanisiin nesteisiin.","twitter_image":"https:\/\/masterchem.ee\/wp-content\/uploads\/2023\/11\/Dimetuulformamiid-1000l-MaterChem.jpg","schema":{"@context":"https:\/\/schema.org","@graph":[{"@type":"WebPage","@id":"https:\/\/masterchem.ee\/fi\/tooted-ja-teenused\/dimetyyliformamidi-cas-68-12-2\/","url":"https:\/\/masterchem.ee\/fi\/tooted-ja-teenused\/dimetyyliformamidi-cas-68-12-2\/","name":"Dimetyyliformamidi (CAS 68-12-2) - Chemistry For Industry - Solvents &amp; Chemicals - Masterchem.ee","isPartOf":{"@id":"https:\/\/masterchem.ee\/fi\/#website"},"primaryImageOfPage":{"@id":"https:\/\/masterchem.ee\/fi\/tooted-ja-teenused\/dimetyyliformamidi-cas-68-12-2\/#primaryimage"},"image":{"@id":"https:\/\/masterchem.ee\/fi\/tooted-ja-teenused\/dimetyyliformamidi-cas-68-12-2\/#primaryimage"},"thumbnailUrl":"https:\/\/masterchem.ee\/wp-content\/uploads\/2023\/11\/Dimetuulformamiid-1000l-MaterChem.jpg","datePublished":"2023-11-05T18:45:16+00:00","dateModified":"2023-11-05T18:55:48+00:00","description":"Dimetyyliformamidi on orgaaninen yhdiste, jonka kaava on (CH3)2NC(O)H. T\u00e4m\u00e4 v\u00e4rit\u00f6n neste, jota kutsutaan yleisesti lyhenteeksi DMF, sekoittuu veteen ja useimpiin orgaanisiin nesteisiin.","breadcrumb":{"@id":"https:\/\/masterchem.ee\/fi\/tooted-ja-teenused\/dimetyyliformamidi-cas-68-12-2\/#breadcrumb"},"inLanguage":"fi","potentialAction":[{"@type":"ReadAction","target":["https:\/\/masterchem.ee\/fi\/tooted-ja-teenused\/dimetyyliformamidi-cas-68-12-2\/"]}]},{"@type":"ImageObject","inLanguage":"fi","@id":"https:\/\/masterchem.ee\/fi\/tooted-ja-teenused\/dimetyyliformamidi-cas-68-12-2\/#primaryimage","url":"https:\/\/masterchem.ee\/wp-content\/uploads\/2023\/11\/Dimetuulformamiid-1000l-MaterChem.jpg","contentUrl":"https:\/\/masterchem.ee\/wp-content\/uploads\/2023\/11\/Dimetuulformamiid-1000l-MaterChem.jpg","width":1000,"height":1000},{"@type":"BreadcrumbList","@id":"https:\/\/masterchem.ee\/fi\/tooted-ja-teenused\/dimetyyliformamidi-cas-68-12-2\/#breadcrumb","itemListElement":[{"@type":"ListItem","position":1,"name":"Home","item":"https:\/\/masterchem.ee\/fi\/"},{"@type":"ListItem","position":2,"name":"Tooted ja teenused","item":"https:\/\/masterchem.ee\/tooted-ja-teenused\/"},{"@type":"ListItem","position":3,"name":"Dimetyyliformamidi (CAS 68-12-2)"}]},{"@type":"WebSite","@id":"https:\/\/masterchem.ee\/fi\/#website","url":"https:\/\/masterchem.ee\/fi\/","name":"Masterchem.ee","description":"Chemistry For Industry - Solvents &amp; Chemicals","publisher":{"@id":"https:\/\/masterchem.ee\/fi\/#organization"},"potentialAction":[{"@type":"SearchAction","target":{"@type":"EntryPoint","urlTemplate":"https:\/\/masterchem.ee\/fi\/?s={search_term_string}"},"query-input":{"@type":"PropertyValueSpecification","valueRequired":true,"valueName":"search_term_string"}}],"inLanguage":"fi"},{"@type":"Organization","@id":"https:\/\/masterchem.ee\/fi\/#organization","name":"Masterchem","url":"https:\/\/masterchem.ee\/fi\/","logo":{"@type":"ImageObject","inLanguage":"fi","@id":"https:\/\/masterchem.ee\/fi\/#\/schema\/logo\/image\/","url":"https:\/\/masterchem.ee\/wp-content\/uploads\/2018\/02\/master-chem_final-1.png","contentUrl":"https:\/\/masterchem.ee\/wp-content\/uploads\/2018\/02\/master-chem_final-1.png","width":850,"height":356,"caption":"Masterchem"},"image":{"@id":"https:\/\/masterchem.ee\/fi\/#\/schema\/logo\/image\/"}}]}},"_links":{"self":[{"href":"https:\/\/masterchem.ee\/fi\/wp-json\/wp\/v2\/product\/23577","targetHints":{"allow":["GET"]}}],"collection":[{"href":"https:\/\/masterchem.ee\/fi\/wp-json\/wp\/v2\/product"}],"about":[{"href":"https:\/\/masterchem.ee\/fi\/wp-json\/wp\/v2\/types\/product"}],"wp:featuredmedia":[{"embeddable":true,"href":"https:\/\/masterchem.ee\/fi\/wp-json\/wp\/v2\/media\/23619"}],"wp:attachment":[{"href":"https:\/\/masterchem.ee\/fi\/wp-json\/wp\/v2\/media?parent=23577"}],"wp:term":[{"taxonomy":"product_brand","embeddable":true,"href":"https:\/\/masterchem.ee\/fi\/wp-json\/wp\/v2\/product_brand?post=23577"},{"taxonomy":"product_cat","embeddable":true,"href":"https:\/\/masterchem.ee\/fi\/wp-json\/wp\/v2\/product_cat?post=23577"},{"taxonomy":"product_tag","embeddable":true,"href":"https:\/\/masterchem.ee\/fi\/wp-json\/wp\/v2\/product_tag?post=23577"}],"curies":[{"name":"wp","href":"https:\/\/api.w.org\/{rel}","templated":true}]}}