{"id":23391,"date":"2023-10-24T18:02:40","date_gmt":"2023-10-24T18:02:46","guid":{"rendered":"https:\/\/masterchem.ee\/?post_type=product&#038;p=23391"},"modified":"2023-10-24T18:08:45","modified_gmt":"2023-10-24T18:08:45","slug":"meripihkahappo-cas-110-15-6","status":"publish","type":"product","link":"https:\/\/masterchem.ee\/fi\/tooted-ja-teenused\/meripihkahappo-cas-110-15-6\/","title":{"rendered":"Meripihkahappo (CAS 110-15-6)"},"content":{"rendered":"<p>Toimialat: L\u00e4\u00e4keteollisuus<br \/>\nCAS-numero: 110-15-6<br \/>\nWE-numero: 203-740-4<br \/>\nKemiallinen kaava: C4H6O4<br \/>\nMolekyylimassa: 118,09 g\/mol<br \/>\nTullitariffikoodi: 29171980<br \/>\n<strong>Muut fyysiset ominaisuudet<\/strong><br \/>\npH: 2,7 (10 g\/l, 20\u00b0C)<br \/>\nSulamis-\/j\u00e4\u00e4tymispiste: 187\u00b0C<br \/>\nKiehumispiste\/alue: 235\u00b0C<br \/>\nSuhteellinen tiheys: 1,32 g\/cm3 (20\u00b0C)<br \/>\nLiukoisuus veteen: 2,9 g\/l (25\u00b0C)<\/p>\n","protected":false},"excerpt":{"rendered":"<p><strong>Amber Acid (CAS 110-15-6)<\/strong><\/p>\n<p> Meripihkahappo (\/s\u0259k\u02c8s\u026an\u026ak\/) on dikarboksyylihappo, jonka kemiallinen kaava on (CH2)2(CO2H)2. El\u00e4viss\u00e4 organismeissa meripihkahappo on anionin, sukkinaatin, muodossa, jolla on useita biologisia teht\u00e4vi\u00e4 aineenvaihdunnan v\u00e4lituotteena, joka muuttuu fumaraatiksi entsyymin sukkinaattidehydrogenaasi toimesta elektroninkuljetusketjun kompleksissa 2, joka osallistuu ATP:n valmistukseen. signaalimolekyyli, joka heijastaa solun aineenvaihdunnan tilaa.<\/p>\n<p>Sukkinaattia syntyy mitokondrioissa trikarboksyylihapposyklin (TCA) kautta. Sukkinaatti voi poistua mitokondriomatriisista ja toimia sytoplasmassa sek\u00e4 solunulkoisessa tilassa, muuttaa geenien ilmentymismalleja, moduloida epigeneettist\u00e4 maisemaa tai osoittaa hormonin kaltaista signalointia. Sin\u00e4ns\u00e4 sukkinaatti yhdist\u00e4\u00e4 solujen aineenvaihdunnan, erityisesti ATP:n muodostumisen, solujen toiminnan s\u00e4\u00e4telyyn.<\/p>\n<p>Sukkinaattisynteesin ja siten ATP-synteesin s\u00e4\u00e4telyh\u00e4iri\u00f6it\u00e4 tapahtuu joissakin geneettisiss\u00e4 mitokondriosairauksissa, kuten Leighin oireyhtym\u00e4ss\u00e4 ja Melasin oireyhtym\u00e4ss\u00e4, ja hajoaminen voi johtaa patologisiin tiloihin, kuten pahanlaatuiseen transformaatioon, tulehdukseen ja kudosvaurioon.<\/p >\n<p>Merkipihkahappoa markkinoidaan elintarvikelis\u00e4aineena E363. Nimi tulee latinan sanasta succinum, joka tarkoittaa meripihkaa.<\/p>\n","protected":false},"featured_media":23399,"template":"","meta":[],"product_brand":[],"product_cat":[180,120],"product_tag":[],"class_list":{"0":"post-23391","1":"product","2":"type-product","3":"status-publish","4":"has-post-thumbnail","6":"product_cat-uncategorized-fi-2","7":"product_cat-laaketeollisuus","9":"first","10":"instock","11":"taxable","12":"shipping-taxable","13":"purchasable","14":"product-type-variable","15":"has-default-attributes"},"yoast_head":"<!-- This site is optimized with the Yoast SEO plugin v26.2 - https:\/\/yoast.com\/wordpress\/plugins\/seo\/ -->\n<title>Meripihkahappo (CAS 110-15-6) - Chemistry For Industry - Solvents &amp; Chemicals - Masterchem.ee<\/title>\n<meta name=\"description\" content=\"Meripihkahappo on dikarboksyylihappo, jonka kemiallinen kaava on (CH2)2(CO2H)2. Meripihkahappoa markkinoidaan elintarvikelis\u00e4aineena E363.\" \/>\n<meta name=\"robots\" content=\"index, follow, max-snippet:-1, max-image-preview:large, max-video-preview:-1\" \/>\n<link rel=\"canonical\" href=\"https:\/\/masterchem.ee\/fi\/tooted-ja-teenused\/meripihkahappo-cas-110-15-6\/\" \/>\n<meta name=\"twitter:card\" content=\"summary_large_image\" \/>\n<meta name=\"twitter:title\" content=\"Meripihkahappo (CAS 110-15-6) - Chemistry For Industry - Solvents &amp; Chemicals - Masterchem.ee\" \/>\n<meta name=\"twitter:description\" content=\"Meripihkahappo on dikarboksyylihappo, jonka kemiallinen kaava on (CH2)2(CO2H)2. Meripihkahappoa markkinoidaan elintarvikelis\u00e4aineena E363.\" \/>\n<meta name=\"twitter:image\" content=\"https:\/\/masterchem.ee\/wp-content\/uploads\/2023\/10\/Merevaikhape-25kg-MasterChem.jpg\" \/>\n<script type=\"application\/ld+json\" class=\"yoast-schema-graph\">{\"@context\":\"https:\/\/schema.org\",\"@graph\":[{\"@type\":\"WebPage\",\"@id\":\"https:\/\/masterchem.ee\/fi\/tooted-ja-teenused\/meripihkahappo-cas-110-15-6\/\",\"url\":\"https:\/\/masterchem.ee\/fi\/tooted-ja-teenused\/meripihkahappo-cas-110-15-6\/\",\"name\":\"Meripihkahappo (CAS 110-15-6) - Chemistry For Industry - Solvents &amp; Chemicals - Masterchem.ee\",\"isPartOf\":{\"@id\":\"https:\/\/masterchem.ee\/fi\/#website\"},\"primaryImageOfPage\":{\"@id\":\"https:\/\/masterchem.ee\/fi\/tooted-ja-teenused\/meripihkahappo-cas-110-15-6\/#primaryimage\"},\"image\":{\"@id\":\"https:\/\/masterchem.ee\/fi\/tooted-ja-teenused\/meripihkahappo-cas-110-15-6\/#primaryimage\"},\"thumbnailUrl\":\"https:\/\/masterchem.ee\/wp-content\/uploads\/2023\/10\/Merevaikhape-25kg-MasterChem.jpg\",\"datePublished\":\"2023-10-24T18:02:46+00:00\",\"dateModified\":\"2023-10-24T18:08:45+00:00\",\"description\":\"Meripihkahappo on dikarboksyylihappo, jonka kemiallinen kaava on (CH2)2(CO2H)2. Meripihkahappoa markkinoidaan elintarvikelis\u00e4aineena E363.\",\"breadcrumb\":{\"@id\":\"https:\/\/masterchem.ee\/fi\/tooted-ja-teenused\/meripihkahappo-cas-110-15-6\/#breadcrumb\"},\"inLanguage\":\"fi\",\"potentialAction\":[{\"@type\":\"ReadAction\",\"target\":[\"https:\/\/masterchem.ee\/fi\/tooted-ja-teenused\/meripihkahappo-cas-110-15-6\/\"]}]},{\"@type\":\"ImageObject\",\"inLanguage\":\"fi\",\"@id\":\"https:\/\/masterchem.ee\/fi\/tooted-ja-teenused\/meripihkahappo-cas-110-15-6\/#primaryimage\",\"url\":\"https:\/\/masterchem.ee\/wp-content\/uploads\/2023\/10\/Merevaikhape-25kg-MasterChem.jpg\",\"contentUrl\":\"https:\/\/masterchem.ee\/wp-content\/uploads\/2023\/10\/Merevaikhape-25kg-MasterChem.jpg\",\"width\":1000,\"height\":1000},{\"@type\":\"BreadcrumbList\",\"@id\":\"https:\/\/masterchem.ee\/fi\/tooted-ja-teenused\/meripihkahappo-cas-110-15-6\/#breadcrumb\",\"itemListElement\":[{\"@type\":\"ListItem\",\"position\":1,\"name\":\"Home\",\"item\":\"https:\/\/masterchem.ee\/fi\/\"},{\"@type\":\"ListItem\",\"position\":2,\"name\":\"Tooted ja teenused\",\"item\":\"https:\/\/masterchem.ee\/tooted-ja-teenused\/\"},{\"@type\":\"ListItem\",\"position\":3,\"name\":\"Meripihkahappo (CAS 110-15-6)\"}]},{\"@type\":\"WebSite\",\"@id\":\"https:\/\/masterchem.ee\/fi\/#website\",\"url\":\"https:\/\/masterchem.ee\/fi\/\",\"name\":\"Masterchem.ee\",\"description\":\"Chemistry For Industry - Solvents &amp; Chemicals\",\"publisher\":{\"@id\":\"https:\/\/masterchem.ee\/fi\/#organization\"},\"potentialAction\":[{\"@type\":\"SearchAction\",\"target\":{\"@type\":\"EntryPoint\",\"urlTemplate\":\"https:\/\/masterchem.ee\/fi\/?s={search_term_string}\"},\"query-input\":{\"@type\":\"PropertyValueSpecification\",\"valueRequired\":true,\"valueName\":\"search_term_string\"}}],\"inLanguage\":\"fi\"},{\"@type\":\"Organization\",\"@id\":\"https:\/\/masterchem.ee\/fi\/#organization\",\"name\":\"Masterchem\",\"url\":\"https:\/\/masterchem.ee\/fi\/\",\"logo\":{\"@type\":\"ImageObject\",\"inLanguage\":\"fi\",\"@id\":\"https:\/\/masterchem.ee\/fi\/#\/schema\/logo\/image\/\",\"url\":\"https:\/\/masterchem.ee\/wp-content\/uploads\/2018\/02\/master-chem_final-1.png\",\"contentUrl\":\"https:\/\/masterchem.ee\/wp-content\/uploads\/2018\/02\/master-chem_final-1.png\",\"width\":850,\"height\":356,\"caption\":\"Masterchem\"},\"image\":{\"@id\":\"https:\/\/masterchem.ee\/fi\/#\/schema\/logo\/image\/\"}}]}<\/script>\n<!-- \/ Yoast SEO plugin. -->","yoast_head_json":{"title":"Meripihkahappo (CAS 110-15-6) - Chemistry For Industry - Solvents &amp; Chemicals - Masterchem.ee","description":"Meripihkahappo on dikarboksyylihappo, jonka kemiallinen kaava on (CH2)2(CO2H)2. Meripihkahappoa markkinoidaan elintarvikelis\u00e4aineena E363.","robots":{"index":"index","follow":"follow","max-snippet":"max-snippet:-1","max-image-preview":"max-image-preview:large","max-video-preview":"max-video-preview:-1"},"canonical":"https:\/\/masterchem.ee\/fi\/tooted-ja-teenused\/meripihkahappo-cas-110-15-6\/","twitter_card":"summary_large_image","twitter_title":"Meripihkahappo (CAS 110-15-6) - Chemistry For Industry - Solvents &amp; Chemicals - Masterchem.ee","twitter_description":"Meripihkahappo on dikarboksyylihappo, jonka kemiallinen kaava on (CH2)2(CO2H)2. Meripihkahappoa markkinoidaan elintarvikelis\u00e4aineena E363.","twitter_image":"https:\/\/masterchem.ee\/wp-content\/uploads\/2023\/10\/Merevaikhape-25kg-MasterChem.jpg","schema":{"@context":"https:\/\/schema.org","@graph":[{"@type":"WebPage","@id":"https:\/\/masterchem.ee\/fi\/tooted-ja-teenused\/meripihkahappo-cas-110-15-6\/","url":"https:\/\/masterchem.ee\/fi\/tooted-ja-teenused\/meripihkahappo-cas-110-15-6\/","name":"Meripihkahappo (CAS 110-15-6) - Chemistry For Industry - Solvents &amp; Chemicals - Masterchem.ee","isPartOf":{"@id":"https:\/\/masterchem.ee\/fi\/#website"},"primaryImageOfPage":{"@id":"https:\/\/masterchem.ee\/fi\/tooted-ja-teenused\/meripihkahappo-cas-110-15-6\/#primaryimage"},"image":{"@id":"https:\/\/masterchem.ee\/fi\/tooted-ja-teenused\/meripihkahappo-cas-110-15-6\/#primaryimage"},"thumbnailUrl":"https:\/\/masterchem.ee\/wp-content\/uploads\/2023\/10\/Merevaikhape-25kg-MasterChem.jpg","datePublished":"2023-10-24T18:02:46+00:00","dateModified":"2023-10-24T18:08:45+00:00","description":"Meripihkahappo on dikarboksyylihappo, jonka kemiallinen kaava on (CH2)2(CO2H)2. Meripihkahappoa markkinoidaan elintarvikelis\u00e4aineena E363.","breadcrumb":{"@id":"https:\/\/masterchem.ee\/fi\/tooted-ja-teenused\/meripihkahappo-cas-110-15-6\/#breadcrumb"},"inLanguage":"fi","potentialAction":[{"@type":"ReadAction","target":["https:\/\/masterchem.ee\/fi\/tooted-ja-teenused\/meripihkahappo-cas-110-15-6\/"]}]},{"@type":"ImageObject","inLanguage":"fi","@id":"https:\/\/masterchem.ee\/fi\/tooted-ja-teenused\/meripihkahappo-cas-110-15-6\/#primaryimage","url":"https:\/\/masterchem.ee\/wp-content\/uploads\/2023\/10\/Merevaikhape-25kg-MasterChem.jpg","contentUrl":"https:\/\/masterchem.ee\/wp-content\/uploads\/2023\/10\/Merevaikhape-25kg-MasterChem.jpg","width":1000,"height":1000},{"@type":"BreadcrumbList","@id":"https:\/\/masterchem.ee\/fi\/tooted-ja-teenused\/meripihkahappo-cas-110-15-6\/#breadcrumb","itemListElement":[{"@type":"ListItem","position":1,"name":"Home","item":"https:\/\/masterchem.ee\/fi\/"},{"@type":"ListItem","position":2,"name":"Tooted ja teenused","item":"https:\/\/masterchem.ee\/tooted-ja-teenused\/"},{"@type":"ListItem","position":3,"name":"Meripihkahappo (CAS 110-15-6)"}]},{"@type":"WebSite","@id":"https:\/\/masterchem.ee\/fi\/#website","url":"https:\/\/masterchem.ee\/fi\/","name":"Masterchem.ee","description":"Chemistry For Industry - Solvents &amp; Chemicals","publisher":{"@id":"https:\/\/masterchem.ee\/fi\/#organization"},"potentialAction":[{"@type":"SearchAction","target":{"@type":"EntryPoint","urlTemplate":"https:\/\/masterchem.ee\/fi\/?s={search_term_string}"},"query-input":{"@type":"PropertyValueSpecification","valueRequired":true,"valueName":"search_term_string"}}],"inLanguage":"fi"},{"@type":"Organization","@id":"https:\/\/masterchem.ee\/fi\/#organization","name":"Masterchem","url":"https:\/\/masterchem.ee\/fi\/","logo":{"@type":"ImageObject","inLanguage":"fi","@id":"https:\/\/masterchem.ee\/fi\/#\/schema\/logo\/image\/","url":"https:\/\/masterchem.ee\/wp-content\/uploads\/2018\/02\/master-chem_final-1.png","contentUrl":"https:\/\/masterchem.ee\/wp-content\/uploads\/2018\/02\/master-chem_final-1.png","width":850,"height":356,"caption":"Masterchem"},"image":{"@id":"https:\/\/masterchem.ee\/fi\/#\/schema\/logo\/image\/"}}]}},"_links":{"self":[{"href":"https:\/\/masterchem.ee\/fi\/wp-json\/wp\/v2\/product\/23391","targetHints":{"allow":["GET"]}}],"collection":[{"href":"https:\/\/masterchem.ee\/fi\/wp-json\/wp\/v2\/product"}],"about":[{"href":"https:\/\/masterchem.ee\/fi\/wp-json\/wp\/v2\/types\/product"}],"wp:featuredmedia":[{"embeddable":true,"href":"https:\/\/masterchem.ee\/fi\/wp-json\/wp\/v2\/media\/23399"}],"wp:attachment":[{"href":"https:\/\/masterchem.ee\/fi\/wp-json\/wp\/v2\/media?parent=23391"}],"wp:term":[{"taxonomy":"product_brand","embeddable":true,"href":"https:\/\/masterchem.ee\/fi\/wp-json\/wp\/v2\/product_brand?post=23391"},{"taxonomy":"product_cat","embeddable":true,"href":"https:\/\/masterchem.ee\/fi\/wp-json\/wp\/v2\/product_cat?post=23391"},{"taxonomy":"product_tag","embeddable":true,"href":"https:\/\/masterchem.ee\/fi\/wp-json\/wp\/v2\/product_tag?post=23391"}],"curies":[{"name":"wp","href":"https:\/\/api.w.org\/{rel}","templated":true}]}}