{"id":23311,"date":"2023-10-17T17:33:24","date_gmt":"2023-10-17T17:33:30","guid":{"rendered":"https:\/\/masterchem.ee\/?post_type=product&#038;p=23311"},"modified":"2023-10-17T17:40:32","modified_gmt":"2023-10-17T17:40:32","slug":"12-hydroksisteariinihappo-cas-106-14-9","status":"publish","type":"product","link":"https:\/\/masterchem.ee\/fi\/tooted-ja-teenused\/12-hydroksisteariinihappo-cas-106-14-9\/","title":{"rendered":"12-hydroksisteariinihappo (CAS 106-14-9)"},"content":{"rendered":"<p>Toimialat: L\u00e4\u00e4keteollisuus<br \/>\nCAS-numero: 106-14-9<br \/>\nWE-numero: 203-366-1<br \/>\nKemiallinen kaava: C18H36O3<br \/>\nMolekyylimassa: 300,48 g\/mol<br \/>\nTullitariffikoodi: 29181998<br \/>\n<strong>Muut fyysiset ominaisuudet<\/strong><br \/>\npH: 7,8 \u2013 8,4 (50g\/l H2O w 20\u00b0C)<br \/>\nSulamis-\/j\u00e4\u00e4tymispiste: 72 &#8211; 77\u00b0C<br \/>\nKiehumispiste\/alue: > 300\u00b0C<br \/>\nSuhteellinen tiheys: 0,95 g\/cm3 (25\u00b0C)<\/p>\n","protected":false},"excerpt":{"rendered":"<p><strong>12-hydroksisteariinihappo (CAS 106-14-9)<\/strong><\/p>\n<p>12-hydroksisteariinihappo on yksi monista Acme-Hardestyn myymist\u00e4 risiini\u00f6ljyjohdannaisista. Tunnetaan my\u00f6s 12-hydroksisteariinihappona ja 12-HSA:na, sit\u00e4 k\u00e4ytet\u00e4\u00e4n silikonirasvan sakeuttajana, kumin aktivaattorina\/kiihdytinn\u00e4 ja tiettyjen henkil\u00f6kohtaisen hygieniatuotteiden valmistuksessa mm. K\u00e4yt\u00e4 tuotettamme kest\u00e4v\u00e4n\u00e4 vaihtoehtona muille pehmittimille ja sakeuttamisaineille. Lis\u00e4tietoja mahdollisista sovelluksista saat steariinihappowikist\u00e4 tai ottamalla yhteytt\u00e4 suoraan Acme-Hardestyn edustajaan.<\/p>\n<p>Tuotteen ominaisuudet<br \/>\n12-hydroksisteariinihappoa myyd\u00e4\u00e4n hiutaleina ja pakattuna 25 kg:n pusseihin ja supers\u00e4kkeihin. Se on ostettavissa verkkokaupastamme tai ottamalla yhteytt\u00e4 suoraan toimistoomme. S\u00e4ilyt\u00e4 12-hydroksisteariiniamme ymp\u00e4rist\u00f6n l\u00e4mp\u00f6tilassa jopa kaksi vuotta murehtimatta hajoamisesta.<\/p>\n","protected":false},"featured_media":23319,"template":"","meta":[],"product_brand":[],"product_cat":[180,120],"product_tag":[],"class_list":{"0":"post-23311","1":"product","2":"type-product","3":"status-publish","4":"has-post-thumbnail","6":"product_cat-uncategorized-fi-2","7":"product_cat-laaketeollisuus","9":"first","10":"instock","11":"taxable","12":"shipping-taxable","13":"purchasable","14":"product-type-variable","15":"has-default-attributes"},"yoast_head":"<!-- This site is optimized with the Yoast SEO plugin v26.2 - https:\/\/yoast.com\/wordpress\/plugins\/seo\/ -->\n<title>12-hydroksisteariinihappo (CAS 106-14-9) - Chemistry For Industry - Solvents &amp; Chemicals - Masterchem.ee<\/title>\n<meta name=\"description\" content=\"12-hydroksisteariinihappo on yksi monista Acme-Hardestyn myymist\u00e4 risiini\u00f6ljyjohdannaisista.\" \/>\n<meta name=\"robots\" content=\"index, follow, max-snippet:-1, max-image-preview:large, max-video-preview:-1\" \/>\n<link rel=\"canonical\" href=\"https:\/\/masterchem.ee\/fi\/tooted-ja-teenused\/12-hydroksisteariinihappo-cas-106-14-9\/\" \/>\n<meta name=\"twitter:card\" content=\"summary_large_image\" \/>\n<meta name=\"twitter:title\" content=\"12-hydroksisteariinihappo (CAS 106-14-9) - Chemistry For Industry - Solvents &amp; Chemicals - Masterchem.ee\" \/>\n<meta name=\"twitter:description\" content=\"12-hydroksisteariinihappo on yksi monista Acme-Hardestyn myymist\u00e4 risiini\u00f6ljyjohdannaisista.\" \/>\n<meta name=\"twitter:image\" content=\"https:\/\/masterchem.ee\/wp-content\/uploads\/2023\/10\/12-hudroksusteariinhape-25kg-MasterChem.jpg\" \/>\n<script type=\"application\/ld+json\" class=\"yoast-schema-graph\">{\"@context\":\"https:\/\/schema.org\",\"@graph\":[{\"@type\":\"WebPage\",\"@id\":\"https:\/\/masterchem.ee\/fi\/tooted-ja-teenused\/12-hydroksisteariinihappo-cas-106-14-9\/\",\"url\":\"https:\/\/masterchem.ee\/fi\/tooted-ja-teenused\/12-hydroksisteariinihappo-cas-106-14-9\/\",\"name\":\"12-hydroksisteariinihappo (CAS 106-14-9) - Chemistry For Industry - Solvents &amp; Chemicals - Masterchem.ee\",\"isPartOf\":{\"@id\":\"https:\/\/masterchem.ee\/fi\/#website\"},\"primaryImageOfPage\":{\"@id\":\"https:\/\/masterchem.ee\/fi\/tooted-ja-teenused\/12-hydroksisteariinihappo-cas-106-14-9\/#primaryimage\"},\"image\":{\"@id\":\"https:\/\/masterchem.ee\/fi\/tooted-ja-teenused\/12-hydroksisteariinihappo-cas-106-14-9\/#primaryimage\"},\"thumbnailUrl\":\"https:\/\/masterchem.ee\/wp-content\/uploads\/2023\/10\/12-hudroksusteariinhape-25kg-MasterChem.jpg\",\"datePublished\":\"2023-10-17T17:33:30+00:00\",\"dateModified\":\"2023-10-17T17:40:32+00:00\",\"description\":\"12-hydroksisteariinihappo on yksi monista Acme-Hardestyn myymist\u00e4 risiini\u00f6ljyjohdannaisista.\",\"breadcrumb\":{\"@id\":\"https:\/\/masterchem.ee\/fi\/tooted-ja-teenused\/12-hydroksisteariinihappo-cas-106-14-9\/#breadcrumb\"},\"inLanguage\":\"fi\",\"potentialAction\":[{\"@type\":\"ReadAction\",\"target\":[\"https:\/\/masterchem.ee\/fi\/tooted-ja-teenused\/12-hydroksisteariinihappo-cas-106-14-9\/\"]}]},{\"@type\":\"ImageObject\",\"inLanguage\":\"fi\",\"@id\":\"https:\/\/masterchem.ee\/fi\/tooted-ja-teenused\/12-hydroksisteariinihappo-cas-106-14-9\/#primaryimage\",\"url\":\"https:\/\/masterchem.ee\/wp-content\/uploads\/2023\/10\/12-hudroksusteariinhape-25kg-MasterChem.jpg\",\"contentUrl\":\"https:\/\/masterchem.ee\/wp-content\/uploads\/2023\/10\/12-hudroksusteariinhape-25kg-MasterChem.jpg\",\"width\":1000,\"height\":1000},{\"@type\":\"BreadcrumbList\",\"@id\":\"https:\/\/masterchem.ee\/fi\/tooted-ja-teenused\/12-hydroksisteariinihappo-cas-106-14-9\/#breadcrumb\",\"itemListElement\":[{\"@type\":\"ListItem\",\"position\":1,\"name\":\"Home\",\"item\":\"https:\/\/masterchem.ee\/fi\/\"},{\"@type\":\"ListItem\",\"position\":2,\"name\":\"Tooted ja teenused\",\"item\":\"https:\/\/masterchem.ee\/tooted-ja-teenused\/\"},{\"@type\":\"ListItem\",\"position\":3,\"name\":\"12-hydroksisteariinihappo (CAS 106-14-9)\"}]},{\"@type\":\"WebSite\",\"@id\":\"https:\/\/masterchem.ee\/fi\/#website\",\"url\":\"https:\/\/masterchem.ee\/fi\/\",\"name\":\"Masterchem.ee\",\"description\":\"Chemistry For Industry - Solvents &amp; Chemicals\",\"publisher\":{\"@id\":\"https:\/\/masterchem.ee\/fi\/#organization\"},\"potentialAction\":[{\"@type\":\"SearchAction\",\"target\":{\"@type\":\"EntryPoint\",\"urlTemplate\":\"https:\/\/masterchem.ee\/fi\/?s={search_term_string}\"},\"query-input\":{\"@type\":\"PropertyValueSpecification\",\"valueRequired\":true,\"valueName\":\"search_term_string\"}}],\"inLanguage\":\"fi\"},{\"@type\":\"Organization\",\"@id\":\"https:\/\/masterchem.ee\/fi\/#organization\",\"name\":\"Masterchem\",\"url\":\"https:\/\/masterchem.ee\/fi\/\",\"logo\":{\"@type\":\"ImageObject\",\"inLanguage\":\"fi\",\"@id\":\"https:\/\/masterchem.ee\/fi\/#\/schema\/logo\/image\/\",\"url\":\"https:\/\/masterchem.ee\/wp-content\/uploads\/2018\/02\/master-chem_final-1.png\",\"contentUrl\":\"https:\/\/masterchem.ee\/wp-content\/uploads\/2018\/02\/master-chem_final-1.png\",\"width\":850,\"height\":356,\"caption\":\"Masterchem\"},\"image\":{\"@id\":\"https:\/\/masterchem.ee\/fi\/#\/schema\/logo\/image\/\"}}]}<\/script>\n<!-- \/ Yoast SEO plugin. -->","yoast_head_json":{"title":"12-hydroksisteariinihappo (CAS 106-14-9) - Chemistry For Industry - Solvents &amp; Chemicals - Masterchem.ee","description":"12-hydroksisteariinihappo on yksi monista Acme-Hardestyn myymist\u00e4 risiini\u00f6ljyjohdannaisista.","robots":{"index":"index","follow":"follow","max-snippet":"max-snippet:-1","max-image-preview":"max-image-preview:large","max-video-preview":"max-video-preview:-1"},"canonical":"https:\/\/masterchem.ee\/fi\/tooted-ja-teenused\/12-hydroksisteariinihappo-cas-106-14-9\/","twitter_card":"summary_large_image","twitter_title":"12-hydroksisteariinihappo (CAS 106-14-9) - Chemistry For Industry - Solvents &amp; Chemicals - Masterchem.ee","twitter_description":"12-hydroksisteariinihappo on yksi monista Acme-Hardestyn myymist\u00e4 risiini\u00f6ljyjohdannaisista.","twitter_image":"https:\/\/masterchem.ee\/wp-content\/uploads\/2023\/10\/12-hudroksusteariinhape-25kg-MasterChem.jpg","schema":{"@context":"https:\/\/schema.org","@graph":[{"@type":"WebPage","@id":"https:\/\/masterchem.ee\/fi\/tooted-ja-teenused\/12-hydroksisteariinihappo-cas-106-14-9\/","url":"https:\/\/masterchem.ee\/fi\/tooted-ja-teenused\/12-hydroksisteariinihappo-cas-106-14-9\/","name":"12-hydroksisteariinihappo (CAS 106-14-9) - Chemistry For Industry - Solvents &amp; Chemicals - Masterchem.ee","isPartOf":{"@id":"https:\/\/masterchem.ee\/fi\/#website"},"primaryImageOfPage":{"@id":"https:\/\/masterchem.ee\/fi\/tooted-ja-teenused\/12-hydroksisteariinihappo-cas-106-14-9\/#primaryimage"},"image":{"@id":"https:\/\/masterchem.ee\/fi\/tooted-ja-teenused\/12-hydroksisteariinihappo-cas-106-14-9\/#primaryimage"},"thumbnailUrl":"https:\/\/masterchem.ee\/wp-content\/uploads\/2023\/10\/12-hudroksusteariinhape-25kg-MasterChem.jpg","datePublished":"2023-10-17T17:33:30+00:00","dateModified":"2023-10-17T17:40:32+00:00","description":"12-hydroksisteariinihappo on yksi monista Acme-Hardestyn myymist\u00e4 risiini\u00f6ljyjohdannaisista.","breadcrumb":{"@id":"https:\/\/masterchem.ee\/fi\/tooted-ja-teenused\/12-hydroksisteariinihappo-cas-106-14-9\/#breadcrumb"},"inLanguage":"fi","potentialAction":[{"@type":"ReadAction","target":["https:\/\/masterchem.ee\/fi\/tooted-ja-teenused\/12-hydroksisteariinihappo-cas-106-14-9\/"]}]},{"@type":"ImageObject","inLanguage":"fi","@id":"https:\/\/masterchem.ee\/fi\/tooted-ja-teenused\/12-hydroksisteariinihappo-cas-106-14-9\/#primaryimage","url":"https:\/\/masterchem.ee\/wp-content\/uploads\/2023\/10\/12-hudroksusteariinhape-25kg-MasterChem.jpg","contentUrl":"https:\/\/masterchem.ee\/wp-content\/uploads\/2023\/10\/12-hudroksusteariinhape-25kg-MasterChem.jpg","width":1000,"height":1000},{"@type":"BreadcrumbList","@id":"https:\/\/masterchem.ee\/fi\/tooted-ja-teenused\/12-hydroksisteariinihappo-cas-106-14-9\/#breadcrumb","itemListElement":[{"@type":"ListItem","position":1,"name":"Home","item":"https:\/\/masterchem.ee\/fi\/"},{"@type":"ListItem","position":2,"name":"Tooted ja teenused","item":"https:\/\/masterchem.ee\/tooted-ja-teenused\/"},{"@type":"ListItem","position":3,"name":"12-hydroksisteariinihappo (CAS 106-14-9)"}]},{"@type":"WebSite","@id":"https:\/\/masterchem.ee\/fi\/#website","url":"https:\/\/masterchem.ee\/fi\/","name":"Masterchem.ee","description":"Chemistry For Industry - Solvents &amp; Chemicals","publisher":{"@id":"https:\/\/masterchem.ee\/fi\/#organization"},"potentialAction":[{"@type":"SearchAction","target":{"@type":"EntryPoint","urlTemplate":"https:\/\/masterchem.ee\/fi\/?s={search_term_string}"},"query-input":{"@type":"PropertyValueSpecification","valueRequired":true,"valueName":"search_term_string"}}],"inLanguage":"fi"},{"@type":"Organization","@id":"https:\/\/masterchem.ee\/fi\/#organization","name":"Masterchem","url":"https:\/\/masterchem.ee\/fi\/","logo":{"@type":"ImageObject","inLanguage":"fi","@id":"https:\/\/masterchem.ee\/fi\/#\/schema\/logo\/image\/","url":"https:\/\/masterchem.ee\/wp-content\/uploads\/2018\/02\/master-chem_final-1.png","contentUrl":"https:\/\/masterchem.ee\/wp-content\/uploads\/2018\/02\/master-chem_final-1.png","width":850,"height":356,"caption":"Masterchem"},"image":{"@id":"https:\/\/masterchem.ee\/fi\/#\/schema\/logo\/image\/"}}]}},"_links":{"self":[{"href":"https:\/\/masterchem.ee\/fi\/wp-json\/wp\/v2\/product\/23311","targetHints":{"allow":["GET"]}}],"collection":[{"href":"https:\/\/masterchem.ee\/fi\/wp-json\/wp\/v2\/product"}],"about":[{"href":"https:\/\/masterchem.ee\/fi\/wp-json\/wp\/v2\/types\/product"}],"wp:featuredmedia":[{"embeddable":true,"href":"https:\/\/masterchem.ee\/fi\/wp-json\/wp\/v2\/media\/23319"}],"wp:attachment":[{"href":"https:\/\/masterchem.ee\/fi\/wp-json\/wp\/v2\/media?parent=23311"}],"wp:term":[{"taxonomy":"product_brand","embeddable":true,"href":"https:\/\/masterchem.ee\/fi\/wp-json\/wp\/v2\/product_brand?post=23311"},{"taxonomy":"product_cat","embeddable":true,"href":"https:\/\/masterchem.ee\/fi\/wp-json\/wp\/v2\/product_cat?post=23311"},{"taxonomy":"product_tag","embeddable":true,"href":"https:\/\/masterchem.ee\/fi\/wp-json\/wp\/v2\/product_tag?post=23311"}],"curies":[{"name":"wp","href":"https:\/\/api.w.org\/{rel}","templated":true}]}}