{"id":23236,"date":"2023-10-16T19:13:11","date_gmt":"2023-10-16T19:13:22","guid":{"rendered":"https:\/\/masterchem.ee\/?post_type=product&#038;p=23236"},"modified":"2023-10-16T19:30:52","modified_gmt":"2023-10-16T19:30:52","slug":"glykolihappoliuos-cas-79-14-1","status":"publish","type":"product","link":"https:\/\/masterchem.ee\/fi\/tooted-ja-teenused\/glykolihappoliuos-cas-79-14-1\/","title":{"rendered":"Glykolihappoliuos (CAS 79-14-1)"},"content":{"rendered":"<p>Toimialat: Kosmetiikkateollisuus<br \/>\nCAS-numero: 79-14-1<br \/>\nWE-numero: 201-180-5<br \/>\nKemiallinen kaava: C2H4O3<br \/>\nMoolimassa: 76,05 g\/mol<br \/>\nTullitariffikoodi: 29171980<br \/>\nADR: UN3261<br \/>\n<strong>Muut fyysiset ominaisuudet<\/strong><br \/>\nSulamis-\/j\u00e4\u00e4tymispiste: 10\u00b0C<br \/>\nKiehumispiste\/alue: 112\u00b0C<\/p>\n","protected":false},"excerpt":{"rendered":"<p><strong>Glykolihappoliuos (CAS 79-14-1)<\/strong><\/p>\n<p>Glykolihappo on kemiallinen yhdiste, jota k\u00e4ytet\u00e4\u00e4n tiettyjen ihosairauksien, kuten aknen, hoidossa. Sit\u00e4 k\u00e4ytet\u00e4\u00e4n my\u00f6s aktiivisena aineosana joissakin kasvojen kuorinnassa. Glykolihapolla on osoitettu olevan hy\u00f6dyllisi\u00e4 vaikutuksia autoimmuunisairauksiin est\u00e4m\u00e4ll\u00e4 glykoproteiinien ja tulehdukseen osallistuvien entsyymien tuotantoa. Glykolihappoa on tutkittu laajasti mahdollisena hoitona vanhoille potilaille, joilla on masennukseen liittyv\u00e4 dementia tai Alzheimerin tauti. T\u00e4t\u00e4 l\u00e4\u00e4kett\u00e4 voidaan levitt\u00e4\u00e4 paikallisesti iholle tai ottaa suun kautta l\u00e4\u00e4kkeen\u00e4. Vaikutusmekanismia ei tunneta hyvin, mutta se voi sis\u00e4lt\u00e4\u00e4 dapagliflotsiinin estoa, mik\u00e4 lis\u00e4\u00e4 glykogeenisyntaasikinaasi 3\u03b2:n (GSK3\u03b2) aktiivisuutta ja est\u00e4\u00e4 glykogeenisyntaasin (GS) fosforylaatiota ja aktivaatiota. Glykolihapon on osoitettu est\u00e4v\u00e4n mitokondrioiden kalvopotentiaalia ja lis\u00e4\u00e4v\u00e4n solujen fysiologiaa lis\u00e4\u00e4m\u00e4ll\u00e4 ATP-synteesi\u00e4. Sit\u00e4 voidaan k\u00e4ytt\u00e4\u00e4 my\u00f6s paikallisesti<\/p>\n","protected":false},"featured_media":23278,"template":"","meta":[],"product_brand":[],"product_cat":[180,294],"product_tag":[],"class_list":{"0":"post-23236","1":"product","2":"type-product","3":"status-publish","4":"has-post-thumbnail","6":"product_cat-uncategorized-fi-2","7":"product_cat-kosmetiikkateollisuus","8":"pif-has-gallery","10":"first","11":"instock","12":"taxable","13":"shipping-taxable","14":"purchasable","15":"product-type-variable","16":"has-default-attributes"},"yoast_head":"<!-- This site is optimized with the Yoast SEO plugin v26.2 - https:\/\/yoast.com\/wordpress\/plugins\/seo\/ -->\n<title>Glykolihappoliuos (CAS 79-14-1) - Chemistry For Industry - Solvents &amp; Chemicals - Masterchem.ee<\/title>\n<meta name=\"description\" content=\"Glykolihappo on kemiallinen yhdiste, jota k\u00e4ytet\u00e4\u00e4n tiettyjen ihosairauksien, kuten aknen, hoidossa. Sit\u00e4 k\u00e4ytet\u00e4\u00e4n my\u00f6s aktiivisena aineosana joissakin kasvojen kuorinnassa.\" \/>\n<meta name=\"robots\" content=\"index, follow, max-snippet:-1, max-image-preview:large, max-video-preview:-1\" \/>\n<link rel=\"canonical\" href=\"https:\/\/masterchem.ee\/fi\/tooted-ja-teenused\/glykolihappoliuos-cas-79-14-1\/\" \/>\n<meta name=\"twitter:card\" content=\"summary_large_image\" \/>\n<meta name=\"twitter:title\" content=\"Glykolihappoliuos (CAS 79-14-1) - Chemistry For Industry - Solvents &amp; Chemicals - Masterchem.ee\" \/>\n<meta name=\"twitter:description\" content=\"Glykolihappo on kemiallinen yhdiste, jota k\u00e4ytet\u00e4\u00e4n tiettyjen ihosairauksien, kuten aknen, hoidossa. Sit\u00e4 k\u00e4ytet\u00e4\u00e4n my\u00f6s aktiivisena aineosana joissakin kasvojen kuorinnassa.\" \/>\n<meta name=\"twitter:image\" content=\"https:\/\/masterchem.ee\/wp-content\/uploads\/2023\/10\/Glukoolhappe-lahus-1000l-MaterChem.jpg\" \/>\n<script type=\"application\/ld+json\" class=\"yoast-schema-graph\">{\"@context\":\"https:\/\/schema.org\",\"@graph\":[{\"@type\":\"WebPage\",\"@id\":\"https:\/\/masterchem.ee\/fi\/tooted-ja-teenused\/glykolihappoliuos-cas-79-14-1\/\",\"url\":\"https:\/\/masterchem.ee\/fi\/tooted-ja-teenused\/glykolihappoliuos-cas-79-14-1\/\",\"name\":\"Glykolihappoliuos (CAS 79-14-1) - Chemistry For Industry - Solvents &amp; Chemicals - Masterchem.ee\",\"isPartOf\":{\"@id\":\"https:\/\/masterchem.ee\/fi\/#website\"},\"primaryImageOfPage\":{\"@id\":\"https:\/\/masterchem.ee\/fi\/tooted-ja-teenused\/glykolihappoliuos-cas-79-14-1\/#primaryimage\"},\"image\":{\"@id\":\"https:\/\/masterchem.ee\/fi\/tooted-ja-teenused\/glykolihappoliuos-cas-79-14-1\/#primaryimage\"},\"thumbnailUrl\":\"https:\/\/masterchem.ee\/wp-content\/uploads\/2023\/10\/Glukoolhappe-lahus-1000l-MaterChem.jpg\",\"datePublished\":\"2023-10-16T19:13:22+00:00\",\"dateModified\":\"2023-10-16T19:30:52+00:00\",\"description\":\"Glykolihappo on kemiallinen yhdiste, jota k\u00e4ytet\u00e4\u00e4n tiettyjen ihosairauksien, kuten aknen, hoidossa. Sit\u00e4 k\u00e4ytet\u00e4\u00e4n my\u00f6s aktiivisena aineosana joissakin kasvojen kuorinnassa.\",\"breadcrumb\":{\"@id\":\"https:\/\/masterchem.ee\/fi\/tooted-ja-teenused\/glykolihappoliuos-cas-79-14-1\/#breadcrumb\"},\"inLanguage\":\"fi\",\"potentialAction\":[{\"@type\":\"ReadAction\",\"target\":[\"https:\/\/masterchem.ee\/fi\/tooted-ja-teenused\/glykolihappoliuos-cas-79-14-1\/\"]}]},{\"@type\":\"ImageObject\",\"inLanguage\":\"fi\",\"@id\":\"https:\/\/masterchem.ee\/fi\/tooted-ja-teenused\/glykolihappoliuos-cas-79-14-1\/#primaryimage\",\"url\":\"https:\/\/masterchem.ee\/wp-content\/uploads\/2023\/10\/Glukoolhappe-lahus-1000l-MaterChem.jpg\",\"contentUrl\":\"https:\/\/masterchem.ee\/wp-content\/uploads\/2023\/10\/Glukoolhappe-lahus-1000l-MaterChem.jpg\",\"width\":1000,\"height\":1000},{\"@type\":\"BreadcrumbList\",\"@id\":\"https:\/\/masterchem.ee\/fi\/tooted-ja-teenused\/glykolihappoliuos-cas-79-14-1\/#breadcrumb\",\"itemListElement\":[{\"@type\":\"ListItem\",\"position\":1,\"name\":\"Home\",\"item\":\"https:\/\/masterchem.ee\/fi\/\"},{\"@type\":\"ListItem\",\"position\":2,\"name\":\"Tooted ja teenused\",\"item\":\"https:\/\/masterchem.ee\/tooted-ja-teenused\/\"},{\"@type\":\"ListItem\",\"position\":3,\"name\":\"Glykolihappoliuos (CAS 79-14-1)\"}]},{\"@type\":\"WebSite\",\"@id\":\"https:\/\/masterchem.ee\/fi\/#website\",\"url\":\"https:\/\/masterchem.ee\/fi\/\",\"name\":\"Masterchem.ee\",\"description\":\"Chemistry For Industry - Solvents &amp; Chemicals\",\"publisher\":{\"@id\":\"https:\/\/masterchem.ee\/fi\/#organization\"},\"potentialAction\":[{\"@type\":\"SearchAction\",\"target\":{\"@type\":\"EntryPoint\",\"urlTemplate\":\"https:\/\/masterchem.ee\/fi\/?s={search_term_string}\"},\"query-input\":{\"@type\":\"PropertyValueSpecification\",\"valueRequired\":true,\"valueName\":\"search_term_string\"}}],\"inLanguage\":\"fi\"},{\"@type\":\"Organization\",\"@id\":\"https:\/\/masterchem.ee\/fi\/#organization\",\"name\":\"Masterchem\",\"url\":\"https:\/\/masterchem.ee\/fi\/\",\"logo\":{\"@type\":\"ImageObject\",\"inLanguage\":\"fi\",\"@id\":\"https:\/\/masterchem.ee\/fi\/#\/schema\/logo\/image\/\",\"url\":\"https:\/\/masterchem.ee\/wp-content\/uploads\/2018\/02\/master-chem_final-1.png\",\"contentUrl\":\"https:\/\/masterchem.ee\/wp-content\/uploads\/2018\/02\/master-chem_final-1.png\",\"width\":850,\"height\":356,\"caption\":\"Masterchem\"},\"image\":{\"@id\":\"https:\/\/masterchem.ee\/fi\/#\/schema\/logo\/image\/\"}}]}<\/script>\n<!-- \/ Yoast SEO plugin. -->","yoast_head_json":{"title":"Glykolihappoliuos (CAS 79-14-1) - Chemistry For Industry - Solvents &amp; Chemicals - Masterchem.ee","description":"Glykolihappo on kemiallinen yhdiste, jota k\u00e4ytet\u00e4\u00e4n tiettyjen ihosairauksien, kuten aknen, hoidossa. Sit\u00e4 k\u00e4ytet\u00e4\u00e4n my\u00f6s aktiivisena aineosana joissakin kasvojen kuorinnassa.","robots":{"index":"index","follow":"follow","max-snippet":"max-snippet:-1","max-image-preview":"max-image-preview:large","max-video-preview":"max-video-preview:-1"},"canonical":"https:\/\/masterchem.ee\/fi\/tooted-ja-teenused\/glykolihappoliuos-cas-79-14-1\/","twitter_card":"summary_large_image","twitter_title":"Glykolihappoliuos (CAS 79-14-1) - Chemistry For Industry - Solvents &amp; Chemicals - Masterchem.ee","twitter_description":"Glykolihappo on kemiallinen yhdiste, jota k\u00e4ytet\u00e4\u00e4n tiettyjen ihosairauksien, kuten aknen, hoidossa. Sit\u00e4 k\u00e4ytet\u00e4\u00e4n my\u00f6s aktiivisena aineosana joissakin kasvojen kuorinnassa.","twitter_image":"https:\/\/masterchem.ee\/wp-content\/uploads\/2023\/10\/Glukoolhappe-lahus-1000l-MaterChem.jpg","schema":{"@context":"https:\/\/schema.org","@graph":[{"@type":"WebPage","@id":"https:\/\/masterchem.ee\/fi\/tooted-ja-teenused\/glykolihappoliuos-cas-79-14-1\/","url":"https:\/\/masterchem.ee\/fi\/tooted-ja-teenused\/glykolihappoliuos-cas-79-14-1\/","name":"Glykolihappoliuos (CAS 79-14-1) - Chemistry For Industry - Solvents &amp; Chemicals - Masterchem.ee","isPartOf":{"@id":"https:\/\/masterchem.ee\/fi\/#website"},"primaryImageOfPage":{"@id":"https:\/\/masterchem.ee\/fi\/tooted-ja-teenused\/glykolihappoliuos-cas-79-14-1\/#primaryimage"},"image":{"@id":"https:\/\/masterchem.ee\/fi\/tooted-ja-teenused\/glykolihappoliuos-cas-79-14-1\/#primaryimage"},"thumbnailUrl":"https:\/\/masterchem.ee\/wp-content\/uploads\/2023\/10\/Glukoolhappe-lahus-1000l-MaterChem.jpg","datePublished":"2023-10-16T19:13:22+00:00","dateModified":"2023-10-16T19:30:52+00:00","description":"Glykolihappo on kemiallinen yhdiste, jota k\u00e4ytet\u00e4\u00e4n tiettyjen ihosairauksien, kuten aknen, hoidossa. Sit\u00e4 k\u00e4ytet\u00e4\u00e4n my\u00f6s aktiivisena aineosana joissakin kasvojen kuorinnassa.","breadcrumb":{"@id":"https:\/\/masterchem.ee\/fi\/tooted-ja-teenused\/glykolihappoliuos-cas-79-14-1\/#breadcrumb"},"inLanguage":"fi","potentialAction":[{"@type":"ReadAction","target":["https:\/\/masterchem.ee\/fi\/tooted-ja-teenused\/glykolihappoliuos-cas-79-14-1\/"]}]},{"@type":"ImageObject","inLanguage":"fi","@id":"https:\/\/masterchem.ee\/fi\/tooted-ja-teenused\/glykolihappoliuos-cas-79-14-1\/#primaryimage","url":"https:\/\/masterchem.ee\/wp-content\/uploads\/2023\/10\/Glukoolhappe-lahus-1000l-MaterChem.jpg","contentUrl":"https:\/\/masterchem.ee\/wp-content\/uploads\/2023\/10\/Glukoolhappe-lahus-1000l-MaterChem.jpg","width":1000,"height":1000},{"@type":"BreadcrumbList","@id":"https:\/\/masterchem.ee\/fi\/tooted-ja-teenused\/glykolihappoliuos-cas-79-14-1\/#breadcrumb","itemListElement":[{"@type":"ListItem","position":1,"name":"Home","item":"https:\/\/masterchem.ee\/fi\/"},{"@type":"ListItem","position":2,"name":"Tooted ja teenused","item":"https:\/\/masterchem.ee\/tooted-ja-teenused\/"},{"@type":"ListItem","position":3,"name":"Glykolihappoliuos (CAS 79-14-1)"}]},{"@type":"WebSite","@id":"https:\/\/masterchem.ee\/fi\/#website","url":"https:\/\/masterchem.ee\/fi\/","name":"Masterchem.ee","description":"Chemistry For Industry - Solvents &amp; Chemicals","publisher":{"@id":"https:\/\/masterchem.ee\/fi\/#organization"},"potentialAction":[{"@type":"SearchAction","target":{"@type":"EntryPoint","urlTemplate":"https:\/\/masterchem.ee\/fi\/?s={search_term_string}"},"query-input":{"@type":"PropertyValueSpecification","valueRequired":true,"valueName":"search_term_string"}}],"inLanguage":"fi"},{"@type":"Organization","@id":"https:\/\/masterchem.ee\/fi\/#organization","name":"Masterchem","url":"https:\/\/masterchem.ee\/fi\/","logo":{"@type":"ImageObject","inLanguage":"fi","@id":"https:\/\/masterchem.ee\/fi\/#\/schema\/logo\/image\/","url":"https:\/\/masterchem.ee\/wp-content\/uploads\/2018\/02\/master-chem_final-1.png","contentUrl":"https:\/\/masterchem.ee\/wp-content\/uploads\/2018\/02\/master-chem_final-1.png","width":850,"height":356,"caption":"Masterchem"},"image":{"@id":"https:\/\/masterchem.ee\/fi\/#\/schema\/logo\/image\/"}}]}},"_links":{"self":[{"href":"https:\/\/masterchem.ee\/fi\/wp-json\/wp\/v2\/product\/23236","targetHints":{"allow":["GET"]}}],"collection":[{"href":"https:\/\/masterchem.ee\/fi\/wp-json\/wp\/v2\/product"}],"about":[{"href":"https:\/\/masterchem.ee\/fi\/wp-json\/wp\/v2\/types\/product"}],"wp:featuredmedia":[{"embeddable":true,"href":"https:\/\/masterchem.ee\/fi\/wp-json\/wp\/v2\/media\/23278"}],"wp:attachment":[{"href":"https:\/\/masterchem.ee\/fi\/wp-json\/wp\/v2\/media?parent=23236"}],"wp:term":[{"taxonomy":"product_brand","embeddable":true,"href":"https:\/\/masterchem.ee\/fi\/wp-json\/wp\/v2\/product_brand?post=23236"},{"taxonomy":"product_cat","embeddable":true,"href":"https:\/\/masterchem.ee\/fi\/wp-json\/wp\/v2\/product_cat?post=23236"},{"taxonomy":"product_tag","embeddable":true,"href":"https:\/\/masterchem.ee\/fi\/wp-json\/wp\/v2\/product_tag?post=23236"}],"curies":[{"name":"wp","href":"https:\/\/api.w.org\/{rel}","templated":true}]}}