{"id":23072,"date":"2023-09-25T18:27:21","date_gmt":"2023-09-25T18:27:32","guid":{"rendered":"https:\/\/masterchem.ee\/?post_type=product&#038;p=23072"},"modified":"2023-09-25T18:36:46","modified_gmt":"2023-09-25T18:36:46","slug":"bis-2-etyyliheksyyli-sebasaatti-cas-122-62-3","status":"publish","type":"product","link":"https:\/\/masterchem.ee\/fi\/tooted-ja-teenused\/bis-2-etyyliheksyyli-sebasaatti-cas-122-62-3\/","title":{"rendered":"Bis(2-etyyliheksyyli)sebasaatti (CAS 122-62-3)"},"content":{"rendered":"<p>CAS-numero: 122-62-3<br \/>\nWE-numero: 204-558-8<br \/>\nKemiallinen kaava: C26H50O4<br \/>\nMoolimassa: 426,67 g\/mol<br \/>\nTullitariffikoodi: 29171390<br \/>\n<strong>Muut fyysiset ominaisuudet<\/strong><br \/>\nSulamis-\/j\u00e4\u00e4tymispiste: < -70\u00b0C\nKiehumispiste\/alue: 256\u00b0C\nSuhteellinen tiheys: 0,912 - 0,918 g\/cm3 (20\u00b0C)\n<\/p>\n","protected":false},"excerpt":{"rendered":"<p><strong>Bis(2-etyyliheksyyli)sebasaatti (CAS 122-62-3)<\/strong><\/p>\n<p>Dioktyylisebasaatti (my\u00f6s di(2-etyyliheksyyli)sebasaatti, yleisesti lyhennetty nimill\u00e4 DOS, DEHS ja BEHS) on orgaaninen yhdiste, joka on sebasiinihapon ja 2-etyyliheksanolin diesteri. Se on \u00f6ljym\u00e4inen v\u00e4rit\u00f6n neste ja sit\u00e4 k\u00e4ytet\u00e4\u00e4n pehmittimen\u00e4, my\u00f6s r\u00e4j\u00e4hdysaineessa C4. Sit\u00e4 on my\u00f6s k\u00e4ytetty Dot 5 -jarrunesteess\u00e4, esteripohjaisissa moottori\u00f6ljyiss\u00e4 ja lis\u00e4aineissa, siemenhiukkasina hiukkaskuvan nopeusmittauksessa (PIV) ja malliyhdisteen\u00e4, joka muodostaa stabiileja aerosoleja.<\/p>\n","protected":false},"featured_media":23114,"template":"","meta":[],"product_brand":[],"product_cat":[180,120],"product_tag":[],"class_list":{"0":"post-23072","1":"product","2":"type-product","3":"status-publish","4":"has-post-thumbnail","6":"product_cat-uncategorized-fi-2","7":"product_cat-laaketeollisuus","8":"pif-has-gallery","10":"first","11":"instock","12":"taxable","13":"shipping-taxable","14":"purchasable","15":"product-type-variable","16":"has-default-attributes"},"yoast_head":"<!-- This site is optimized with the Yoast SEO plugin v26.2 - https:\/\/yoast.com\/wordpress\/plugins\/seo\/ -->\n<title>Bis(2-etyyliheksyyli)sebasaatti (CAS 122-62-3) - Chemistry For Industry - Solvents &amp; Chemicals - Masterchem.ee<\/title>\n<meta name=\"description\" content=\"Dioktyylisebasaatti (my\u00f6s di(2-etyyliheksyyli)sebasaatti, yleisesti lyhennetty nimill\u00e4 DOS, DEHS ja BEHS) on orgaaninen yhdiste, joka on sebasiinihapon ja 2-etyyliheksanolin diesteri.\" \/>\n<meta name=\"robots\" content=\"index, follow, max-snippet:-1, max-image-preview:large, max-video-preview:-1\" \/>\n<link rel=\"canonical\" href=\"https:\/\/masterchem.ee\/fi\/tooted-ja-teenused\/bis-2-etyyliheksyyli-sebasaatti-cas-122-62-3\/\" \/>\n<meta name=\"twitter:card\" content=\"summary_large_image\" \/>\n<meta name=\"twitter:title\" content=\"Bis(2-etyyliheksyyli)sebasaatti (CAS 122-62-3) - Chemistry For Industry - Solvents &amp; Chemicals - Masterchem.ee\" \/>\n<meta name=\"twitter:description\" content=\"Dioktyylisebasaatti (my\u00f6s di(2-etyyliheksyyli)sebasaatti, yleisesti lyhennetty nimill\u00e4 DOS, DEHS ja BEHS) on orgaaninen yhdiste, joka on sebasiinihapon ja 2-etyyliheksanolin diesteri.\" \/>\n<meta name=\"twitter:image\" content=\"https:\/\/masterchem.ee\/wp-content\/uploads\/2023\/09\/Bis2-etuulheksuulsebatsaat-1000l-MaterChem.jpg\" \/>\n<script type=\"application\/ld+json\" class=\"yoast-schema-graph\">{\"@context\":\"https:\/\/schema.org\",\"@graph\":[{\"@type\":\"WebPage\",\"@id\":\"https:\/\/masterchem.ee\/fi\/tooted-ja-teenused\/bis-2-etyyliheksyyli-sebasaatti-cas-122-62-3\/\",\"url\":\"https:\/\/masterchem.ee\/fi\/tooted-ja-teenused\/bis-2-etyyliheksyyli-sebasaatti-cas-122-62-3\/\",\"name\":\"Bis(2-etyyliheksyyli)sebasaatti (CAS 122-62-3) - Chemistry For Industry - Solvents &amp; Chemicals - Masterchem.ee\",\"isPartOf\":{\"@id\":\"https:\/\/masterchem.ee\/fi\/#website\"},\"primaryImageOfPage\":{\"@id\":\"https:\/\/masterchem.ee\/fi\/tooted-ja-teenused\/bis-2-etyyliheksyyli-sebasaatti-cas-122-62-3\/#primaryimage\"},\"image\":{\"@id\":\"https:\/\/masterchem.ee\/fi\/tooted-ja-teenused\/bis-2-etyyliheksyyli-sebasaatti-cas-122-62-3\/#primaryimage\"},\"thumbnailUrl\":\"https:\/\/masterchem.ee\/wp-content\/uploads\/2023\/09\/Bis2-etuulheksuulsebatsaat-1000l-MaterChem.jpg\",\"datePublished\":\"2023-09-25T18:27:32+00:00\",\"dateModified\":\"2023-09-25T18:36:46+00:00\",\"description\":\"Dioktyylisebasaatti (my\u00f6s di(2-etyyliheksyyli)sebasaatti, yleisesti lyhennetty nimill\u00e4 DOS, DEHS ja BEHS) on orgaaninen yhdiste, joka on sebasiinihapon ja 2-etyyliheksanolin diesteri.\",\"breadcrumb\":{\"@id\":\"https:\/\/masterchem.ee\/fi\/tooted-ja-teenused\/bis-2-etyyliheksyyli-sebasaatti-cas-122-62-3\/#breadcrumb\"},\"inLanguage\":\"fi\",\"potentialAction\":[{\"@type\":\"ReadAction\",\"target\":[\"https:\/\/masterchem.ee\/fi\/tooted-ja-teenused\/bis-2-etyyliheksyyli-sebasaatti-cas-122-62-3\/\"]}]},{\"@type\":\"ImageObject\",\"inLanguage\":\"fi\",\"@id\":\"https:\/\/masterchem.ee\/fi\/tooted-ja-teenused\/bis-2-etyyliheksyyli-sebasaatti-cas-122-62-3\/#primaryimage\",\"url\":\"https:\/\/masterchem.ee\/wp-content\/uploads\/2023\/09\/Bis2-etuulheksuulsebatsaat-1000l-MaterChem.jpg\",\"contentUrl\":\"https:\/\/masterchem.ee\/wp-content\/uploads\/2023\/09\/Bis2-etuulheksuulsebatsaat-1000l-MaterChem.jpg\",\"width\":1000,\"height\":1000},{\"@type\":\"BreadcrumbList\",\"@id\":\"https:\/\/masterchem.ee\/fi\/tooted-ja-teenused\/bis-2-etyyliheksyyli-sebasaatti-cas-122-62-3\/#breadcrumb\",\"itemListElement\":[{\"@type\":\"ListItem\",\"position\":1,\"name\":\"Home\",\"item\":\"https:\/\/masterchem.ee\/fi\/\"},{\"@type\":\"ListItem\",\"position\":2,\"name\":\"Tooted ja teenused\",\"item\":\"https:\/\/masterchem.ee\/tooted-ja-teenused\/\"},{\"@type\":\"ListItem\",\"position\":3,\"name\":\"Bis(2-etyyliheksyyli)sebasaatti (CAS 122-62-3)\"}]},{\"@type\":\"WebSite\",\"@id\":\"https:\/\/masterchem.ee\/fi\/#website\",\"url\":\"https:\/\/masterchem.ee\/fi\/\",\"name\":\"Masterchem.ee\",\"description\":\"Chemistry For Industry - Solvents &amp; Chemicals\",\"publisher\":{\"@id\":\"https:\/\/masterchem.ee\/fi\/#organization\"},\"potentialAction\":[{\"@type\":\"SearchAction\",\"target\":{\"@type\":\"EntryPoint\",\"urlTemplate\":\"https:\/\/masterchem.ee\/fi\/?s={search_term_string}\"},\"query-input\":{\"@type\":\"PropertyValueSpecification\",\"valueRequired\":true,\"valueName\":\"search_term_string\"}}],\"inLanguage\":\"fi\"},{\"@type\":\"Organization\",\"@id\":\"https:\/\/masterchem.ee\/fi\/#organization\",\"name\":\"Masterchem\",\"url\":\"https:\/\/masterchem.ee\/fi\/\",\"logo\":{\"@type\":\"ImageObject\",\"inLanguage\":\"fi\",\"@id\":\"https:\/\/masterchem.ee\/fi\/#\/schema\/logo\/image\/\",\"url\":\"https:\/\/masterchem.ee\/wp-content\/uploads\/2018\/02\/master-chem_final-1.png\",\"contentUrl\":\"https:\/\/masterchem.ee\/wp-content\/uploads\/2018\/02\/master-chem_final-1.png\",\"width\":850,\"height\":356,\"caption\":\"Masterchem\"},\"image\":{\"@id\":\"https:\/\/masterchem.ee\/fi\/#\/schema\/logo\/image\/\"}}]}<\/script>\n<!-- \/ Yoast SEO plugin. -->","yoast_head_json":{"title":"Bis(2-etyyliheksyyli)sebasaatti (CAS 122-62-3) - Chemistry For Industry - Solvents &amp; Chemicals - Masterchem.ee","description":"Dioktyylisebasaatti (my\u00f6s di(2-etyyliheksyyli)sebasaatti, yleisesti lyhennetty nimill\u00e4 DOS, DEHS ja BEHS) on orgaaninen yhdiste, joka on sebasiinihapon ja 2-etyyliheksanolin diesteri.","robots":{"index":"index","follow":"follow","max-snippet":"max-snippet:-1","max-image-preview":"max-image-preview:large","max-video-preview":"max-video-preview:-1"},"canonical":"https:\/\/masterchem.ee\/fi\/tooted-ja-teenused\/bis-2-etyyliheksyyli-sebasaatti-cas-122-62-3\/","twitter_card":"summary_large_image","twitter_title":"Bis(2-etyyliheksyyli)sebasaatti (CAS 122-62-3) - Chemistry For Industry - Solvents &amp; Chemicals - Masterchem.ee","twitter_description":"Dioktyylisebasaatti (my\u00f6s di(2-etyyliheksyyli)sebasaatti, yleisesti lyhennetty nimill\u00e4 DOS, DEHS ja BEHS) on orgaaninen yhdiste, joka on sebasiinihapon ja 2-etyyliheksanolin diesteri.","twitter_image":"https:\/\/masterchem.ee\/wp-content\/uploads\/2023\/09\/Bis2-etuulheksuulsebatsaat-1000l-MaterChem.jpg","schema":{"@context":"https:\/\/schema.org","@graph":[{"@type":"WebPage","@id":"https:\/\/masterchem.ee\/fi\/tooted-ja-teenused\/bis-2-etyyliheksyyli-sebasaatti-cas-122-62-3\/","url":"https:\/\/masterchem.ee\/fi\/tooted-ja-teenused\/bis-2-etyyliheksyyli-sebasaatti-cas-122-62-3\/","name":"Bis(2-etyyliheksyyli)sebasaatti (CAS 122-62-3) - Chemistry For Industry - Solvents &amp; Chemicals - Masterchem.ee","isPartOf":{"@id":"https:\/\/masterchem.ee\/fi\/#website"},"primaryImageOfPage":{"@id":"https:\/\/masterchem.ee\/fi\/tooted-ja-teenused\/bis-2-etyyliheksyyli-sebasaatti-cas-122-62-3\/#primaryimage"},"image":{"@id":"https:\/\/masterchem.ee\/fi\/tooted-ja-teenused\/bis-2-etyyliheksyyli-sebasaatti-cas-122-62-3\/#primaryimage"},"thumbnailUrl":"https:\/\/masterchem.ee\/wp-content\/uploads\/2023\/09\/Bis2-etuulheksuulsebatsaat-1000l-MaterChem.jpg","datePublished":"2023-09-25T18:27:32+00:00","dateModified":"2023-09-25T18:36:46+00:00","description":"Dioktyylisebasaatti (my\u00f6s di(2-etyyliheksyyli)sebasaatti, yleisesti lyhennetty nimill\u00e4 DOS, DEHS ja BEHS) on orgaaninen yhdiste, joka on sebasiinihapon ja 2-etyyliheksanolin diesteri.","breadcrumb":{"@id":"https:\/\/masterchem.ee\/fi\/tooted-ja-teenused\/bis-2-etyyliheksyyli-sebasaatti-cas-122-62-3\/#breadcrumb"},"inLanguage":"fi","potentialAction":[{"@type":"ReadAction","target":["https:\/\/masterchem.ee\/fi\/tooted-ja-teenused\/bis-2-etyyliheksyyli-sebasaatti-cas-122-62-3\/"]}]},{"@type":"ImageObject","inLanguage":"fi","@id":"https:\/\/masterchem.ee\/fi\/tooted-ja-teenused\/bis-2-etyyliheksyyli-sebasaatti-cas-122-62-3\/#primaryimage","url":"https:\/\/masterchem.ee\/wp-content\/uploads\/2023\/09\/Bis2-etuulheksuulsebatsaat-1000l-MaterChem.jpg","contentUrl":"https:\/\/masterchem.ee\/wp-content\/uploads\/2023\/09\/Bis2-etuulheksuulsebatsaat-1000l-MaterChem.jpg","width":1000,"height":1000},{"@type":"BreadcrumbList","@id":"https:\/\/masterchem.ee\/fi\/tooted-ja-teenused\/bis-2-etyyliheksyyli-sebasaatti-cas-122-62-3\/#breadcrumb","itemListElement":[{"@type":"ListItem","position":1,"name":"Home","item":"https:\/\/masterchem.ee\/fi\/"},{"@type":"ListItem","position":2,"name":"Tooted ja teenused","item":"https:\/\/masterchem.ee\/tooted-ja-teenused\/"},{"@type":"ListItem","position":3,"name":"Bis(2-etyyliheksyyli)sebasaatti (CAS 122-62-3)"}]},{"@type":"WebSite","@id":"https:\/\/masterchem.ee\/fi\/#website","url":"https:\/\/masterchem.ee\/fi\/","name":"Masterchem.ee","description":"Chemistry For Industry - Solvents &amp; Chemicals","publisher":{"@id":"https:\/\/masterchem.ee\/fi\/#organization"},"potentialAction":[{"@type":"SearchAction","target":{"@type":"EntryPoint","urlTemplate":"https:\/\/masterchem.ee\/fi\/?s={search_term_string}"},"query-input":{"@type":"PropertyValueSpecification","valueRequired":true,"valueName":"search_term_string"}}],"inLanguage":"fi"},{"@type":"Organization","@id":"https:\/\/masterchem.ee\/fi\/#organization","name":"Masterchem","url":"https:\/\/masterchem.ee\/fi\/","logo":{"@type":"ImageObject","inLanguage":"fi","@id":"https:\/\/masterchem.ee\/fi\/#\/schema\/logo\/image\/","url":"https:\/\/masterchem.ee\/wp-content\/uploads\/2018\/02\/master-chem_final-1.png","contentUrl":"https:\/\/masterchem.ee\/wp-content\/uploads\/2018\/02\/master-chem_final-1.png","width":850,"height":356,"caption":"Masterchem"},"image":{"@id":"https:\/\/masterchem.ee\/fi\/#\/schema\/logo\/image\/"}}]}},"_links":{"self":[{"href":"https:\/\/masterchem.ee\/fi\/wp-json\/wp\/v2\/product\/23072","targetHints":{"allow":["GET"]}}],"collection":[{"href":"https:\/\/masterchem.ee\/fi\/wp-json\/wp\/v2\/product"}],"about":[{"href":"https:\/\/masterchem.ee\/fi\/wp-json\/wp\/v2\/types\/product"}],"wp:featuredmedia":[{"embeddable":true,"href":"https:\/\/masterchem.ee\/fi\/wp-json\/wp\/v2\/media\/23114"}],"wp:attachment":[{"href":"https:\/\/masterchem.ee\/fi\/wp-json\/wp\/v2\/media?parent=23072"}],"wp:term":[{"taxonomy":"product_brand","embeddable":true,"href":"https:\/\/masterchem.ee\/fi\/wp-json\/wp\/v2\/product_brand?post=23072"},{"taxonomy":"product_cat","embeddable":true,"href":"https:\/\/masterchem.ee\/fi\/wp-json\/wp\/v2\/product_cat?post=23072"},{"taxonomy":"product_tag","embeddable":true,"href":"https:\/\/masterchem.ee\/fi\/wp-json\/wp\/v2\/product_tag?post=23072"}],"curies":[{"name":"wp","href":"https:\/\/api.w.org\/{rel}","templated":true}]}}