{"id":22977,"date":"2023-09-21T18:47:51","date_gmt":"2023-09-21T18:47:57","guid":{"rendered":"https:\/\/masterchem.ee\/?post_type=product&#038;p=22977"},"modified":"2023-09-21T18:54:36","modified_gmt":"2023-09-21T18:54:36","slug":"nikotiini-cas-54-11-5","status":"publish","type":"product","link":"https:\/\/masterchem.ee\/fi\/tooted-ja-teenused\/nikotiini-cas-54-11-5\/","title":{"rendered":"Nikotiini (CAS 54-11-5)"},"content":{"rendered":"<p><strong>Tiedot<\/strong><br \/>\nToimialat: L\u00e4\u00e4keteollisuus<br \/>\nCAS-numero: 54-11-5<br \/>\nWE-numero: 200-193-3<br \/>\nKemiallinen kaava: C10H14N2<br \/>\nMolekyylimassa: 162,23 g\/mol<br \/>\nTullitariffikoodi: 29397910<br \/>\nADR: UN1654<br \/>\n<strong>Muut fyysiset ominaisuudet<\/strong><br \/>\nSulamis-\/j\u00e4\u00e4tymispiste: -79\u00b0C<br \/>\nKiehumispiste\/alue: 247\u00b0C<br \/>\nSuhteellinen tiheys: 1,01 g\/cm3<\/p>\n","protected":false},"excerpt":{"rendered":"<p><strong>Nikotiini (CAS 54-11-5)<\/strong><\/p>\n<p>Nikotiini on tupakan ainesosa, tupakan nikotiinipitoisuus, koska on eri lajeja ja alkuper\u00e4\u00e4, tupakan alkalipitoisuus jokainen osa on erilainen. Tupakkatehdasj\u00e4tteet (tupakkajauhe), jotka sis\u00e4lsiv\u00e4t nikotiinia noin 1-2 %, tupakan varret ja kylkiluut polttavat noin 1 % nikotiinia, poltetut tupakka sis\u00e4lt\u00e4\u00e4 nikotiinia noin 3 %. Puhdas nikotiini on v\u00e4rit\u00f6n, \u00f6ljyinen neste, joka sekoittuu alle 60 \u2103 veteen, hydraatti, yli 210 \u2103 sekoittuu my\u00f6s veteen. Luonteeltaan ep\u00e4vakaa, todenn\u00e4k\u00f6isesti haihtuvaa, liukenee veteen ja orgaanisiin liuottimiin. Nikotiini on alkaloidi, joten kaikki em\u00e4ksen ominaisuudet muodostavat suoloista ja hapoista koostuvan yhdisteen. Jos valo muuttuu ruskeaksi ja tahmeaksi, on outoa hajua ja voimakasta \u00e4rsytyst\u00e4.<\/p>\n<p><strong>Vaaralausekkeet<\/strong><br \/>\nH300 + H310 + H330: Tappavaa nieltyn\u00e4, joutuessaan iholle tai hengitettyn\u00e4.<br \/>\nH315: \u00c4rsytt\u00e4\u00e4 ihoa.<br \/>\nH318: Vaurioittaa vakavasti silmi\u00e4.<br \/>\nH411: Myrkyllist\u00e4 vesieli\u00f6ille, pitk\u00e4aikaisia haittavaikutuksia.<\/p>\n<p><strong>Varolausekkeet<\/strong><br \/>\nP262: \u00c4l\u00e4 p\u00e4\u00e4st\u00e4 silmiin, iholle tai vaatteille.<br \/>\nP273: V\u00e4lt\u00e4 p\u00e4\u00e4st\u00e4mist\u00e4 ymp\u00e4rist\u00f6\u00f6n.<br \/>\nP280: K\u00e4yt\u00e4 suojak\u00e4sineit\u00e4\/ suojavaatetusta\/ silmiensuojainta\/ kasvonsuojainta\/ kuulosuojaimia.<br \/>\nP302 + P352 + P310: JOS KEMIKAALIA JOUTUU IHOLLE: Pese runsaalla vedell\u00e4. Ota v\u00e4litt\u00f6m\u00e4sti yhteys MYRKYTYSTIETOKESKUKSEEN\/l\u00e4\u00e4k\u00e4riin.<br \/>\nP304 + P340 + P310: JOS KEMIKAALIA ON HENGITETTY: Siirr\u00e4 henkil\u00f6 raittiiseen ilmaan ja varmista, ett\u00e4 on helppo hengitt\u00e4\u00e4. Ota v\u00e4litt\u00f6m\u00e4sti yhteys MYRKYTYSTIETOKESKUKSEEN\/l\u00e4\u00e4k\u00e4riin.<br \/>\nP305 + P351 + P338: JOS KEMIKAALIA JOUTUU SILMIIN: Huuhdo huolellisesti vedell\u00e4 usean minuutin ajan. Poista piilolinssit, jos ne on ja se on helppo tehd\u00e4. Jatka huuhtelua.<\/p>\n","protected":false},"featured_media":23019,"template":"","meta":[],"product_brand":[],"product_cat":[180,120],"product_tag":[],"class_list":{"0":"post-22977","1":"product","2":"type-product","3":"status-publish","4":"has-post-thumbnail","6":"product_cat-uncategorized-fi-2","7":"product_cat-laaketeollisuus","8":"pif-has-gallery","10":"first","11":"instock","12":"taxable","13":"shipping-taxable","14":"purchasable","15":"product-type-variable","16":"has-default-attributes"},"yoast_head":"<!-- This site is optimized with the Yoast SEO plugin v26.2 - https:\/\/yoast.com\/wordpress\/plugins\/seo\/ -->\n<title>Nikotiini (CAS 54-11-5) - Chemistry For Industry - Solvents &amp; Chemicals - Masterchem.ee<\/title>\n<meta name=\"description\" content=\"Nikotiini on tupakan ainesosa, tupakan nikotiinipitoisuus, koska on eri lajeja ja alkuper\u00e4\u00e4, tupakan alkalipitoisuus jokainen osa on erilainen.\" \/>\n<meta name=\"robots\" content=\"index, follow, max-snippet:-1, max-image-preview:large, max-video-preview:-1\" \/>\n<link rel=\"canonical\" href=\"https:\/\/masterchem.ee\/fi\/tooted-ja-teenused\/nikotiini-cas-54-11-5\/\" \/>\n<meta name=\"twitter:card\" content=\"summary_large_image\" \/>\n<meta name=\"twitter:title\" content=\"Nikotiini (CAS 54-11-5) - Chemistry For Industry - Solvents &amp; Chemicals - Masterchem.ee\" \/>\n<meta name=\"twitter:description\" content=\"Nikotiini on tupakan ainesosa, tupakan nikotiinipitoisuus, koska on eri lajeja ja alkuper\u00e4\u00e4, tupakan alkalipitoisuus jokainen osa on erilainen.\" \/>\n<meta name=\"twitter:image\" content=\"https:\/\/masterchem.ee\/wp-content\/uploads\/2023\/09\/Nikotiin-1000l-MaterChem.jpg\" \/>\n<script type=\"application\/ld+json\" class=\"yoast-schema-graph\">{\"@context\":\"https:\/\/schema.org\",\"@graph\":[{\"@type\":\"WebPage\",\"@id\":\"https:\/\/masterchem.ee\/fi\/tooted-ja-teenused\/nikotiini-cas-54-11-5\/\",\"url\":\"https:\/\/masterchem.ee\/fi\/tooted-ja-teenused\/nikotiini-cas-54-11-5\/\",\"name\":\"Nikotiini (CAS 54-11-5) - Chemistry For Industry - Solvents &amp; Chemicals - Masterchem.ee\",\"isPartOf\":{\"@id\":\"https:\/\/masterchem.ee\/fi\/#website\"},\"primaryImageOfPage\":{\"@id\":\"https:\/\/masterchem.ee\/fi\/tooted-ja-teenused\/nikotiini-cas-54-11-5\/#primaryimage\"},\"image\":{\"@id\":\"https:\/\/masterchem.ee\/fi\/tooted-ja-teenused\/nikotiini-cas-54-11-5\/#primaryimage\"},\"thumbnailUrl\":\"https:\/\/masterchem.ee\/wp-content\/uploads\/2023\/09\/Nikotiin-1000l-MaterChem.jpg\",\"datePublished\":\"2023-09-21T18:47:57+00:00\",\"dateModified\":\"2023-09-21T18:54:36+00:00\",\"description\":\"Nikotiini on tupakan ainesosa, tupakan nikotiinipitoisuus, koska on eri lajeja ja alkuper\u00e4\u00e4, tupakan alkalipitoisuus jokainen osa on erilainen.\",\"breadcrumb\":{\"@id\":\"https:\/\/masterchem.ee\/fi\/tooted-ja-teenused\/nikotiini-cas-54-11-5\/#breadcrumb\"},\"inLanguage\":\"fi\",\"potentialAction\":[{\"@type\":\"ReadAction\",\"target\":[\"https:\/\/masterchem.ee\/fi\/tooted-ja-teenused\/nikotiini-cas-54-11-5\/\"]}]},{\"@type\":\"ImageObject\",\"inLanguage\":\"fi\",\"@id\":\"https:\/\/masterchem.ee\/fi\/tooted-ja-teenused\/nikotiini-cas-54-11-5\/#primaryimage\",\"url\":\"https:\/\/masterchem.ee\/wp-content\/uploads\/2023\/09\/Nikotiin-1000l-MaterChem.jpg\",\"contentUrl\":\"https:\/\/masterchem.ee\/wp-content\/uploads\/2023\/09\/Nikotiin-1000l-MaterChem.jpg\",\"width\":1000,\"height\":1000},{\"@type\":\"BreadcrumbList\",\"@id\":\"https:\/\/masterchem.ee\/fi\/tooted-ja-teenused\/nikotiini-cas-54-11-5\/#breadcrumb\",\"itemListElement\":[{\"@type\":\"ListItem\",\"position\":1,\"name\":\"Home\",\"item\":\"https:\/\/masterchem.ee\/fi\/\"},{\"@type\":\"ListItem\",\"position\":2,\"name\":\"Tooted ja teenused\",\"item\":\"https:\/\/masterchem.ee\/tooted-ja-teenused\/\"},{\"@type\":\"ListItem\",\"position\":3,\"name\":\"Nikotiini (CAS 54-11-5)\"}]},{\"@type\":\"WebSite\",\"@id\":\"https:\/\/masterchem.ee\/fi\/#website\",\"url\":\"https:\/\/masterchem.ee\/fi\/\",\"name\":\"Masterchem.ee\",\"description\":\"Chemistry For Industry - Solvents &amp; Chemicals\",\"publisher\":{\"@id\":\"https:\/\/masterchem.ee\/fi\/#organization\"},\"potentialAction\":[{\"@type\":\"SearchAction\",\"target\":{\"@type\":\"EntryPoint\",\"urlTemplate\":\"https:\/\/masterchem.ee\/fi\/?s={search_term_string}\"},\"query-input\":{\"@type\":\"PropertyValueSpecification\",\"valueRequired\":true,\"valueName\":\"search_term_string\"}}],\"inLanguage\":\"fi\"},{\"@type\":\"Organization\",\"@id\":\"https:\/\/masterchem.ee\/fi\/#organization\",\"name\":\"Masterchem\",\"url\":\"https:\/\/masterchem.ee\/fi\/\",\"logo\":{\"@type\":\"ImageObject\",\"inLanguage\":\"fi\",\"@id\":\"https:\/\/masterchem.ee\/fi\/#\/schema\/logo\/image\/\",\"url\":\"https:\/\/masterchem.ee\/wp-content\/uploads\/2018\/02\/master-chem_final-1.png\",\"contentUrl\":\"https:\/\/masterchem.ee\/wp-content\/uploads\/2018\/02\/master-chem_final-1.png\",\"width\":850,\"height\":356,\"caption\":\"Masterchem\"},\"image\":{\"@id\":\"https:\/\/masterchem.ee\/fi\/#\/schema\/logo\/image\/\"}}]}<\/script>\n<!-- \/ Yoast SEO plugin. -->","yoast_head_json":{"title":"Nikotiini (CAS 54-11-5) - Chemistry For Industry - Solvents &amp; Chemicals - Masterchem.ee","description":"Nikotiini on tupakan ainesosa, tupakan nikotiinipitoisuus, koska on eri lajeja ja alkuper\u00e4\u00e4, tupakan alkalipitoisuus jokainen osa on erilainen.","robots":{"index":"index","follow":"follow","max-snippet":"max-snippet:-1","max-image-preview":"max-image-preview:large","max-video-preview":"max-video-preview:-1"},"canonical":"https:\/\/masterchem.ee\/fi\/tooted-ja-teenused\/nikotiini-cas-54-11-5\/","twitter_card":"summary_large_image","twitter_title":"Nikotiini (CAS 54-11-5) - Chemistry For Industry - Solvents &amp; Chemicals - Masterchem.ee","twitter_description":"Nikotiini on tupakan ainesosa, tupakan nikotiinipitoisuus, koska on eri lajeja ja alkuper\u00e4\u00e4, tupakan alkalipitoisuus jokainen osa on erilainen.","twitter_image":"https:\/\/masterchem.ee\/wp-content\/uploads\/2023\/09\/Nikotiin-1000l-MaterChem.jpg","schema":{"@context":"https:\/\/schema.org","@graph":[{"@type":"WebPage","@id":"https:\/\/masterchem.ee\/fi\/tooted-ja-teenused\/nikotiini-cas-54-11-5\/","url":"https:\/\/masterchem.ee\/fi\/tooted-ja-teenused\/nikotiini-cas-54-11-5\/","name":"Nikotiini (CAS 54-11-5) - Chemistry For Industry - Solvents &amp; Chemicals - Masterchem.ee","isPartOf":{"@id":"https:\/\/masterchem.ee\/fi\/#website"},"primaryImageOfPage":{"@id":"https:\/\/masterchem.ee\/fi\/tooted-ja-teenused\/nikotiini-cas-54-11-5\/#primaryimage"},"image":{"@id":"https:\/\/masterchem.ee\/fi\/tooted-ja-teenused\/nikotiini-cas-54-11-5\/#primaryimage"},"thumbnailUrl":"https:\/\/masterchem.ee\/wp-content\/uploads\/2023\/09\/Nikotiin-1000l-MaterChem.jpg","datePublished":"2023-09-21T18:47:57+00:00","dateModified":"2023-09-21T18:54:36+00:00","description":"Nikotiini on tupakan ainesosa, tupakan nikotiinipitoisuus, koska on eri lajeja ja alkuper\u00e4\u00e4, tupakan alkalipitoisuus jokainen osa on erilainen.","breadcrumb":{"@id":"https:\/\/masterchem.ee\/fi\/tooted-ja-teenused\/nikotiini-cas-54-11-5\/#breadcrumb"},"inLanguage":"fi","potentialAction":[{"@type":"ReadAction","target":["https:\/\/masterchem.ee\/fi\/tooted-ja-teenused\/nikotiini-cas-54-11-5\/"]}]},{"@type":"ImageObject","inLanguage":"fi","@id":"https:\/\/masterchem.ee\/fi\/tooted-ja-teenused\/nikotiini-cas-54-11-5\/#primaryimage","url":"https:\/\/masterchem.ee\/wp-content\/uploads\/2023\/09\/Nikotiin-1000l-MaterChem.jpg","contentUrl":"https:\/\/masterchem.ee\/wp-content\/uploads\/2023\/09\/Nikotiin-1000l-MaterChem.jpg","width":1000,"height":1000},{"@type":"BreadcrumbList","@id":"https:\/\/masterchem.ee\/fi\/tooted-ja-teenused\/nikotiini-cas-54-11-5\/#breadcrumb","itemListElement":[{"@type":"ListItem","position":1,"name":"Home","item":"https:\/\/masterchem.ee\/fi\/"},{"@type":"ListItem","position":2,"name":"Tooted ja teenused","item":"https:\/\/masterchem.ee\/tooted-ja-teenused\/"},{"@type":"ListItem","position":3,"name":"Nikotiini (CAS 54-11-5)"}]},{"@type":"WebSite","@id":"https:\/\/masterchem.ee\/fi\/#website","url":"https:\/\/masterchem.ee\/fi\/","name":"Masterchem.ee","description":"Chemistry For Industry - Solvents &amp; Chemicals","publisher":{"@id":"https:\/\/masterchem.ee\/fi\/#organization"},"potentialAction":[{"@type":"SearchAction","target":{"@type":"EntryPoint","urlTemplate":"https:\/\/masterchem.ee\/fi\/?s={search_term_string}"},"query-input":{"@type":"PropertyValueSpecification","valueRequired":true,"valueName":"search_term_string"}}],"inLanguage":"fi"},{"@type":"Organization","@id":"https:\/\/masterchem.ee\/fi\/#organization","name":"Masterchem","url":"https:\/\/masterchem.ee\/fi\/","logo":{"@type":"ImageObject","inLanguage":"fi","@id":"https:\/\/masterchem.ee\/fi\/#\/schema\/logo\/image\/","url":"https:\/\/masterchem.ee\/wp-content\/uploads\/2018\/02\/master-chem_final-1.png","contentUrl":"https:\/\/masterchem.ee\/wp-content\/uploads\/2018\/02\/master-chem_final-1.png","width":850,"height":356,"caption":"Masterchem"},"image":{"@id":"https:\/\/masterchem.ee\/fi\/#\/schema\/logo\/image\/"}}]}},"_links":{"self":[{"href":"https:\/\/masterchem.ee\/fi\/wp-json\/wp\/v2\/product\/22977","targetHints":{"allow":["GET"]}}],"collection":[{"href":"https:\/\/masterchem.ee\/fi\/wp-json\/wp\/v2\/product"}],"about":[{"href":"https:\/\/masterchem.ee\/fi\/wp-json\/wp\/v2\/types\/product"}],"wp:featuredmedia":[{"embeddable":true,"href":"https:\/\/masterchem.ee\/fi\/wp-json\/wp\/v2\/media\/23019"}],"wp:attachment":[{"href":"https:\/\/masterchem.ee\/fi\/wp-json\/wp\/v2\/media?parent=22977"}],"wp:term":[{"taxonomy":"product_brand","embeddable":true,"href":"https:\/\/masterchem.ee\/fi\/wp-json\/wp\/v2\/product_brand?post=22977"},{"taxonomy":"product_cat","embeddable":true,"href":"https:\/\/masterchem.ee\/fi\/wp-json\/wp\/v2\/product_cat?post=22977"},{"taxonomy":"product_tag","embeddable":true,"href":"https:\/\/masterchem.ee\/fi\/wp-json\/wp\/v2\/product_tag?post=22977"}],"curies":[{"name":"wp","href":"https:\/\/api.w.org\/{rel}","templated":true}]}}