{"id":22937,"date":"2023-09-18T17:42:07","date_gmt":"2023-09-18T17:42:14","guid":{"rendered":"https:\/\/masterchem.ee\/?post_type=product&#038;p=22937"},"modified":"2023-09-18T17:48:57","modified_gmt":"2023-09-18T17:48:57","slug":"maissitarkkelys","status":"publish","type":"product","link":"https:\/\/masterchem.ee\/fi\/tooted-ja-teenused\/maissitarkkelys\/","title":{"rendered":"Maissit\u00e4rkkelys"},"content":{"rendered":"","protected":false},"excerpt":{"rendered":"<p><strong>Maissit\u00e4rkkelys<\/strong><\/p>\n<p>Maissit\u00e4rkkelys, maissit\u00e4rkkelys tai maissijauho (britti-englanniksi) on t\u00e4rkkelyst\u00e4, joka on johdettu maissin jyvist\u00e4. T\u00e4rkkelys saadaan ytimen endospermist\u00e4. Maissit\u00e4rkkelys on yleinen elintarvikkeiden ainesosa, jota k\u00e4ytet\u00e4\u00e4n usein kastikkeiden tai keittojen sakeuttamiseen sek\u00e4 maissisiirapin ja muiden sokereiden valmistukseen. Maissit\u00e4rkkelys on monipuolinen, helposti muunneltavissa oleva, ja sill\u00e4 on monia k\u00e4ytt\u00f6kohteita teollisuudessa, kuten liima-aineissa, paperituotteissa, tarttumisenestoaineena ja tekstiilien valmistuksessa. Sill\u00e4 on my\u00f6s l\u00e4\u00e4ketieteellist\u00e4 k\u00e4ytt\u00f6\u00e4, kuten glukoosin toimittamiseen ihmisille, joilla on glykogeenin varastointisairaus.<\/p>\n","protected":false},"featured_media":22945,"template":"","meta":[],"product_brand":[],"product_cat":[180,120,307],"product_tag":[],"class_list":{"0":"post-22937","1":"product","2":"type-product","3":"status-publish","4":"has-post-thumbnail","6":"product_cat-uncategorized-fi-2","7":"product_cat-laaketeollisuus","8":"product_cat-ruokateollisuus","10":"first","11":"instock","12":"taxable","13":"shipping-taxable","14":"purchasable","15":"product-type-variable","16":"has-default-attributes"},"yoast_head":"<!-- This site is optimized with the Yoast SEO plugin v26.2 - https:\/\/yoast.com\/wordpress\/plugins\/seo\/ -->\n<title>Maissit\u00e4rkkelys - Chemistry For Industry - Solvents &amp; Chemicals - Masterchem.ee<\/title>\n<meta name=\"description\" content=\"Maissit\u00e4rkkelys, maissit\u00e4rkkelys tai maissijauho (britti-englanniksi) on t\u00e4rkkelyst\u00e4, joka on johdettu maissin jyvist\u00e4.\" \/>\n<meta name=\"robots\" content=\"index, follow, max-snippet:-1, max-image-preview:large, max-video-preview:-1\" \/>\n<link rel=\"canonical\" href=\"https:\/\/masterchem.ee\/fi\/tooted-ja-teenused\/maissitarkkelys\/\" \/>\n<meta name=\"twitter:card\" content=\"summary_large_image\" \/>\n<meta name=\"twitter:title\" content=\"Maissit\u00e4rkkelys - Chemistry For Industry - Solvents &amp; Chemicals - Masterchem.ee\" \/>\n<meta name=\"twitter:description\" content=\"Maissit\u00e4rkkelys, maissit\u00e4rkkelys tai maissijauho (britti-englanniksi) on t\u00e4rkkelyst\u00e4, joka on johdettu maissin jyvist\u00e4.\" \/>\n<meta name=\"twitter:image\" content=\"https:\/\/masterchem.ee\/wp-content\/uploads\/2023\/09\/Maisitarklis-25kg-MasterChem.jpg\" \/>\n<script type=\"application\/ld+json\" class=\"yoast-schema-graph\">{\"@context\":\"https:\/\/schema.org\",\"@graph\":[{\"@type\":\"WebPage\",\"@id\":\"https:\/\/masterchem.ee\/fi\/tooted-ja-teenused\/maissitarkkelys\/\",\"url\":\"https:\/\/masterchem.ee\/fi\/tooted-ja-teenused\/maissitarkkelys\/\",\"name\":\"Maissit\u00e4rkkelys - Chemistry For Industry - Solvents &amp; Chemicals - Masterchem.ee\",\"isPartOf\":{\"@id\":\"https:\/\/masterchem.ee\/fi\/#website\"},\"primaryImageOfPage\":{\"@id\":\"https:\/\/masterchem.ee\/fi\/tooted-ja-teenused\/maissitarkkelys\/#primaryimage\"},\"image\":{\"@id\":\"https:\/\/masterchem.ee\/fi\/tooted-ja-teenused\/maissitarkkelys\/#primaryimage\"},\"thumbnailUrl\":\"https:\/\/masterchem.ee\/wp-content\/uploads\/2023\/09\/Maisitarklis-25kg-MasterChem.jpg\",\"datePublished\":\"2023-09-18T17:42:14+00:00\",\"dateModified\":\"2023-09-18T17:48:57+00:00\",\"description\":\"Maissit\u00e4rkkelys, maissit\u00e4rkkelys tai maissijauho (britti-englanniksi) on t\u00e4rkkelyst\u00e4, joka on johdettu maissin jyvist\u00e4.\",\"breadcrumb\":{\"@id\":\"https:\/\/masterchem.ee\/fi\/tooted-ja-teenused\/maissitarkkelys\/#breadcrumb\"},\"inLanguage\":\"fi\",\"potentialAction\":[{\"@type\":\"ReadAction\",\"target\":[\"https:\/\/masterchem.ee\/fi\/tooted-ja-teenused\/maissitarkkelys\/\"]}]},{\"@type\":\"ImageObject\",\"inLanguage\":\"fi\",\"@id\":\"https:\/\/masterchem.ee\/fi\/tooted-ja-teenused\/maissitarkkelys\/#primaryimage\",\"url\":\"https:\/\/masterchem.ee\/wp-content\/uploads\/2023\/09\/Maisitarklis-25kg-MasterChem.jpg\",\"contentUrl\":\"https:\/\/masterchem.ee\/wp-content\/uploads\/2023\/09\/Maisitarklis-25kg-MasterChem.jpg\",\"width\":1000,\"height\":1000},{\"@type\":\"BreadcrumbList\",\"@id\":\"https:\/\/masterchem.ee\/fi\/tooted-ja-teenused\/maissitarkkelys\/#breadcrumb\",\"itemListElement\":[{\"@type\":\"ListItem\",\"position\":1,\"name\":\"Home\",\"item\":\"https:\/\/masterchem.ee\/fi\/\"},{\"@type\":\"ListItem\",\"position\":2,\"name\":\"Tooted ja teenused\",\"item\":\"https:\/\/masterchem.ee\/tooted-ja-teenused\/\"},{\"@type\":\"ListItem\",\"position\":3,\"name\":\"Maissit\u00e4rkkelys\"}]},{\"@type\":\"WebSite\",\"@id\":\"https:\/\/masterchem.ee\/fi\/#website\",\"url\":\"https:\/\/masterchem.ee\/fi\/\",\"name\":\"Masterchem.ee\",\"description\":\"Chemistry For Industry - Solvents &amp; Chemicals\",\"publisher\":{\"@id\":\"https:\/\/masterchem.ee\/fi\/#organization\"},\"potentialAction\":[{\"@type\":\"SearchAction\",\"target\":{\"@type\":\"EntryPoint\",\"urlTemplate\":\"https:\/\/masterchem.ee\/fi\/?s={search_term_string}\"},\"query-input\":{\"@type\":\"PropertyValueSpecification\",\"valueRequired\":true,\"valueName\":\"search_term_string\"}}],\"inLanguage\":\"fi\"},{\"@type\":\"Organization\",\"@id\":\"https:\/\/masterchem.ee\/fi\/#organization\",\"name\":\"Masterchem\",\"url\":\"https:\/\/masterchem.ee\/fi\/\",\"logo\":{\"@type\":\"ImageObject\",\"inLanguage\":\"fi\",\"@id\":\"https:\/\/masterchem.ee\/fi\/#\/schema\/logo\/image\/\",\"url\":\"https:\/\/masterchem.ee\/wp-content\/uploads\/2018\/02\/master-chem_final-1.png\",\"contentUrl\":\"https:\/\/masterchem.ee\/wp-content\/uploads\/2018\/02\/master-chem_final-1.png\",\"width\":850,\"height\":356,\"caption\":\"Masterchem\"},\"image\":{\"@id\":\"https:\/\/masterchem.ee\/fi\/#\/schema\/logo\/image\/\"}}]}<\/script>\n<!-- \/ Yoast SEO plugin. -->","yoast_head_json":{"title":"Maissit\u00e4rkkelys - Chemistry For Industry - Solvents &amp; Chemicals - Masterchem.ee","description":"Maissit\u00e4rkkelys, maissit\u00e4rkkelys tai maissijauho (britti-englanniksi) on t\u00e4rkkelyst\u00e4, joka on johdettu maissin jyvist\u00e4.","robots":{"index":"index","follow":"follow","max-snippet":"max-snippet:-1","max-image-preview":"max-image-preview:large","max-video-preview":"max-video-preview:-1"},"canonical":"https:\/\/masterchem.ee\/fi\/tooted-ja-teenused\/maissitarkkelys\/","twitter_card":"summary_large_image","twitter_title":"Maissit\u00e4rkkelys - Chemistry For Industry - Solvents &amp; Chemicals - Masterchem.ee","twitter_description":"Maissit\u00e4rkkelys, maissit\u00e4rkkelys tai maissijauho (britti-englanniksi) on t\u00e4rkkelyst\u00e4, joka on johdettu maissin jyvist\u00e4.","twitter_image":"https:\/\/masterchem.ee\/wp-content\/uploads\/2023\/09\/Maisitarklis-25kg-MasterChem.jpg","schema":{"@context":"https:\/\/schema.org","@graph":[{"@type":"WebPage","@id":"https:\/\/masterchem.ee\/fi\/tooted-ja-teenused\/maissitarkkelys\/","url":"https:\/\/masterchem.ee\/fi\/tooted-ja-teenused\/maissitarkkelys\/","name":"Maissit\u00e4rkkelys - Chemistry For Industry - Solvents &amp; Chemicals - Masterchem.ee","isPartOf":{"@id":"https:\/\/masterchem.ee\/fi\/#website"},"primaryImageOfPage":{"@id":"https:\/\/masterchem.ee\/fi\/tooted-ja-teenused\/maissitarkkelys\/#primaryimage"},"image":{"@id":"https:\/\/masterchem.ee\/fi\/tooted-ja-teenused\/maissitarkkelys\/#primaryimage"},"thumbnailUrl":"https:\/\/masterchem.ee\/wp-content\/uploads\/2023\/09\/Maisitarklis-25kg-MasterChem.jpg","datePublished":"2023-09-18T17:42:14+00:00","dateModified":"2023-09-18T17:48:57+00:00","description":"Maissit\u00e4rkkelys, maissit\u00e4rkkelys tai maissijauho (britti-englanniksi) on t\u00e4rkkelyst\u00e4, joka on johdettu maissin jyvist\u00e4.","breadcrumb":{"@id":"https:\/\/masterchem.ee\/fi\/tooted-ja-teenused\/maissitarkkelys\/#breadcrumb"},"inLanguage":"fi","potentialAction":[{"@type":"ReadAction","target":["https:\/\/masterchem.ee\/fi\/tooted-ja-teenused\/maissitarkkelys\/"]}]},{"@type":"ImageObject","inLanguage":"fi","@id":"https:\/\/masterchem.ee\/fi\/tooted-ja-teenused\/maissitarkkelys\/#primaryimage","url":"https:\/\/masterchem.ee\/wp-content\/uploads\/2023\/09\/Maisitarklis-25kg-MasterChem.jpg","contentUrl":"https:\/\/masterchem.ee\/wp-content\/uploads\/2023\/09\/Maisitarklis-25kg-MasterChem.jpg","width":1000,"height":1000},{"@type":"BreadcrumbList","@id":"https:\/\/masterchem.ee\/fi\/tooted-ja-teenused\/maissitarkkelys\/#breadcrumb","itemListElement":[{"@type":"ListItem","position":1,"name":"Home","item":"https:\/\/masterchem.ee\/fi\/"},{"@type":"ListItem","position":2,"name":"Tooted ja teenused","item":"https:\/\/masterchem.ee\/tooted-ja-teenused\/"},{"@type":"ListItem","position":3,"name":"Maissit\u00e4rkkelys"}]},{"@type":"WebSite","@id":"https:\/\/masterchem.ee\/fi\/#website","url":"https:\/\/masterchem.ee\/fi\/","name":"Masterchem.ee","description":"Chemistry For Industry - Solvents &amp; Chemicals","publisher":{"@id":"https:\/\/masterchem.ee\/fi\/#organization"},"potentialAction":[{"@type":"SearchAction","target":{"@type":"EntryPoint","urlTemplate":"https:\/\/masterchem.ee\/fi\/?s={search_term_string}"},"query-input":{"@type":"PropertyValueSpecification","valueRequired":true,"valueName":"search_term_string"}}],"inLanguage":"fi"},{"@type":"Organization","@id":"https:\/\/masterchem.ee\/fi\/#organization","name":"Masterchem","url":"https:\/\/masterchem.ee\/fi\/","logo":{"@type":"ImageObject","inLanguage":"fi","@id":"https:\/\/masterchem.ee\/fi\/#\/schema\/logo\/image\/","url":"https:\/\/masterchem.ee\/wp-content\/uploads\/2018\/02\/master-chem_final-1.png","contentUrl":"https:\/\/masterchem.ee\/wp-content\/uploads\/2018\/02\/master-chem_final-1.png","width":850,"height":356,"caption":"Masterchem"},"image":{"@id":"https:\/\/masterchem.ee\/fi\/#\/schema\/logo\/image\/"}}]}},"_links":{"self":[{"href":"https:\/\/masterchem.ee\/fi\/wp-json\/wp\/v2\/product\/22937","targetHints":{"allow":["GET"]}}],"collection":[{"href":"https:\/\/masterchem.ee\/fi\/wp-json\/wp\/v2\/product"}],"about":[{"href":"https:\/\/masterchem.ee\/fi\/wp-json\/wp\/v2\/types\/product"}],"wp:featuredmedia":[{"embeddable":true,"href":"https:\/\/masterchem.ee\/fi\/wp-json\/wp\/v2\/media\/22945"}],"wp:attachment":[{"href":"https:\/\/masterchem.ee\/fi\/wp-json\/wp\/v2\/media?parent=22937"}],"wp:term":[{"taxonomy":"product_brand","embeddable":true,"href":"https:\/\/masterchem.ee\/fi\/wp-json\/wp\/v2\/product_brand?post=22937"},{"taxonomy":"product_cat","embeddable":true,"href":"https:\/\/masterchem.ee\/fi\/wp-json\/wp\/v2\/product_cat?post=22937"},{"taxonomy":"product_tag","embeddable":true,"href":"https:\/\/masterchem.ee\/fi\/wp-json\/wp\/v2\/product_tag?post=22937"}],"curies":[{"name":"wp","href":"https:\/\/api.w.org\/{rel}","templated":true}]}}