{"id":22907,"date":"2023-09-14T17:32:39","date_gmt":"2023-09-14T17:32:44","guid":{"rendered":"https:\/\/masterchem.ee\/?post_type=product&#038;p=22907"},"modified":"2023-09-14T17:39:00","modified_gmt":"2023-09-14T17:39:00","slug":"pentaerytritoli-cas-115-77-5-2","status":"publish","type":"product","link":"https:\/\/masterchem.ee\/fi\/tooted-ja-teenused\/pentaerytritoli-cas-115-77-5-2\/","title":{"rendered":"Pentaerytritoli (CAS 115-77-5)"},"content":{"rendered":"<p>Teollisuus: Liimat, \u00f6ljyt, rasvat, rakennuskemia<br \/>\nKoostumus: Alkoholit<br \/>\nCAS-numero: 115-77-5<br \/>\nWE-numero: 204-104-9<br \/>\nKemiallinen kaava: C5H12O4<br \/>\nMolekyylimassa: 136,15 g\/mol<br \/>\nTullitariffikoodi: 29054200<br \/>\n<strong>Muut fyysiset ominaisuudet<\/strong><br \/>\nSulamis-\/j\u00e4\u00e4tymispiste: 262\u00b0C<br \/>\nKiehumispiste\/alue: 276\u00b0C<br \/>\nSuhteellinen tiheys: 1,37 g\/cm3 (20\u00b0C )<br \/>\nLiukoisuus veteen: 62 g\/l (20\u00b0C )<\/p>\n","protected":false},"excerpt":{"rendered":"<p><strong>Pentaerytritoli (CAS 115-77-5)<\/strong><\/p>\n<p>Pentaerytritoli on orgaaninen yhdiste, jonka kaava on C(CH2OH)4. Polyoliksi luokiteltu se on valkoinen kiinte\u00e4 aine. Pentaerytritoli on rakennuspalikka r\u00e4j\u00e4hteiden, muovien, maalien, laitteiden, kosmetiikan ja monien muiden kaupallisten tuotteiden synteesi\u00e4 ja tuotantoa varten.<\/p>\n<p>Sana pentaerytritoli on sekoitus penta-, sen 5 hiiliatomia ja erytritoli, jossa on my\u00f6s 4 alkoholiryhm\u00e4\u00e4.<\/p>\n","protected":false},"featured_media":22915,"template":"","meta":[],"product_brand":[],"product_cat":[180,114],"product_tag":[],"class_list":{"0":"post-22907","1":"product","2":"type-product","3":"status-publish","4":"has-post-thumbnail","6":"product_cat-uncategorized-fi-2","7":"product_cat-rakennusteollisuus","9":"first","10":"instock","11":"taxable","12":"shipping-taxable","13":"purchasable","14":"product-type-variable","15":"has-default-attributes"},"yoast_head":"<!-- This site is optimized with the Yoast SEO plugin v26.2 - https:\/\/yoast.com\/wordpress\/plugins\/seo\/ -->\n<title>Pentaerytritoli (CAS 115-77-5) - Chemistry For Industry - Solvents &amp; Chemicals - Masterchem.ee<\/title>\n<meta name=\"description\" content=\"Pentaerytritoli on orgaaninen yhdiste, jonka kaava on C(CH2OH)4. Polyoliksi luokiteltu se on valkoinen kiinte\u00e4 aine.\" \/>\n<meta name=\"robots\" content=\"index, follow, max-snippet:-1, max-image-preview:large, max-video-preview:-1\" \/>\n<link rel=\"canonical\" href=\"https:\/\/masterchem.ee\/fi\/tooted-ja-teenused\/pentaerytritoli-cas-115-77-5-2\/\" \/>\n<meta name=\"twitter:card\" content=\"summary_large_image\" \/>\n<meta name=\"twitter:title\" content=\"Pentaerytritoli (CAS 115-77-5) - Chemistry For Industry - Solvents &amp; Chemicals - Masterchem.ee\" \/>\n<meta name=\"twitter:description\" content=\"Pentaerytritoli on orgaaninen yhdiste, jonka kaava on C(CH2OH)4. Polyoliksi luokiteltu se on valkoinen kiinte\u00e4 aine.\" \/>\n<meta name=\"twitter:image\" content=\"https:\/\/masterchem.ee\/wp-content\/uploads\/2023\/09\/Pentaerutritool-25kg-MasterChem.jpg\" \/>\n<script type=\"application\/ld+json\" class=\"yoast-schema-graph\">{\"@context\":\"https:\/\/schema.org\",\"@graph\":[{\"@type\":\"WebPage\",\"@id\":\"https:\/\/masterchem.ee\/fi\/tooted-ja-teenused\/pentaerytritoli-cas-115-77-5-2\/\",\"url\":\"https:\/\/masterchem.ee\/fi\/tooted-ja-teenused\/pentaerytritoli-cas-115-77-5-2\/\",\"name\":\"Pentaerytritoli (CAS 115-77-5) - Chemistry For Industry - Solvents &amp; Chemicals - Masterchem.ee\",\"isPartOf\":{\"@id\":\"https:\/\/masterchem.ee\/fi\/#website\"},\"primaryImageOfPage\":{\"@id\":\"https:\/\/masterchem.ee\/fi\/tooted-ja-teenused\/pentaerytritoli-cas-115-77-5-2\/#primaryimage\"},\"image\":{\"@id\":\"https:\/\/masterchem.ee\/fi\/tooted-ja-teenused\/pentaerytritoli-cas-115-77-5-2\/#primaryimage\"},\"thumbnailUrl\":\"https:\/\/masterchem.ee\/wp-content\/uploads\/2023\/09\/Pentaerutritool-25kg-MasterChem.jpg\",\"datePublished\":\"2023-09-14T17:32:44+00:00\",\"dateModified\":\"2023-09-14T17:39:00+00:00\",\"description\":\"Pentaerytritoli on orgaaninen yhdiste, jonka kaava on C(CH2OH)4. Polyoliksi luokiteltu se on valkoinen kiinte\u00e4 aine.\",\"breadcrumb\":{\"@id\":\"https:\/\/masterchem.ee\/fi\/tooted-ja-teenused\/pentaerytritoli-cas-115-77-5-2\/#breadcrumb\"},\"inLanguage\":\"fi\",\"potentialAction\":[{\"@type\":\"ReadAction\",\"target\":[\"https:\/\/masterchem.ee\/fi\/tooted-ja-teenused\/pentaerytritoli-cas-115-77-5-2\/\"]}]},{\"@type\":\"ImageObject\",\"inLanguage\":\"fi\",\"@id\":\"https:\/\/masterchem.ee\/fi\/tooted-ja-teenused\/pentaerytritoli-cas-115-77-5-2\/#primaryimage\",\"url\":\"https:\/\/masterchem.ee\/wp-content\/uploads\/2023\/09\/Pentaerutritool-25kg-MasterChem.jpg\",\"contentUrl\":\"https:\/\/masterchem.ee\/wp-content\/uploads\/2023\/09\/Pentaerutritool-25kg-MasterChem.jpg\",\"width\":1000,\"height\":1000},{\"@type\":\"BreadcrumbList\",\"@id\":\"https:\/\/masterchem.ee\/fi\/tooted-ja-teenused\/pentaerytritoli-cas-115-77-5-2\/#breadcrumb\",\"itemListElement\":[{\"@type\":\"ListItem\",\"position\":1,\"name\":\"Home\",\"item\":\"https:\/\/masterchem.ee\/fi\/\"},{\"@type\":\"ListItem\",\"position\":2,\"name\":\"Tooted ja teenused\",\"item\":\"https:\/\/masterchem.ee\/tooted-ja-teenused\/\"},{\"@type\":\"ListItem\",\"position\":3,\"name\":\"Pentaerytritoli (CAS 115-77-5)\"}]},{\"@type\":\"WebSite\",\"@id\":\"https:\/\/masterchem.ee\/fi\/#website\",\"url\":\"https:\/\/masterchem.ee\/fi\/\",\"name\":\"Masterchem.ee\",\"description\":\"Chemistry For Industry - Solvents &amp; Chemicals\",\"publisher\":{\"@id\":\"https:\/\/masterchem.ee\/fi\/#organization\"},\"potentialAction\":[{\"@type\":\"SearchAction\",\"target\":{\"@type\":\"EntryPoint\",\"urlTemplate\":\"https:\/\/masterchem.ee\/fi\/?s={search_term_string}\"},\"query-input\":{\"@type\":\"PropertyValueSpecification\",\"valueRequired\":true,\"valueName\":\"search_term_string\"}}],\"inLanguage\":\"fi\"},{\"@type\":\"Organization\",\"@id\":\"https:\/\/masterchem.ee\/fi\/#organization\",\"name\":\"Masterchem\",\"url\":\"https:\/\/masterchem.ee\/fi\/\",\"logo\":{\"@type\":\"ImageObject\",\"inLanguage\":\"fi\",\"@id\":\"https:\/\/masterchem.ee\/fi\/#\/schema\/logo\/image\/\",\"url\":\"https:\/\/masterchem.ee\/wp-content\/uploads\/2018\/02\/master-chem_final-1.png\",\"contentUrl\":\"https:\/\/masterchem.ee\/wp-content\/uploads\/2018\/02\/master-chem_final-1.png\",\"width\":850,\"height\":356,\"caption\":\"Masterchem\"},\"image\":{\"@id\":\"https:\/\/masterchem.ee\/fi\/#\/schema\/logo\/image\/\"}}]}<\/script>\n<!-- \/ Yoast SEO plugin. -->","yoast_head_json":{"title":"Pentaerytritoli (CAS 115-77-5) - Chemistry For Industry - Solvents &amp; Chemicals - Masterchem.ee","description":"Pentaerytritoli on orgaaninen yhdiste, jonka kaava on C(CH2OH)4. Polyoliksi luokiteltu se on valkoinen kiinte\u00e4 aine.","robots":{"index":"index","follow":"follow","max-snippet":"max-snippet:-1","max-image-preview":"max-image-preview:large","max-video-preview":"max-video-preview:-1"},"canonical":"https:\/\/masterchem.ee\/fi\/tooted-ja-teenused\/pentaerytritoli-cas-115-77-5-2\/","twitter_card":"summary_large_image","twitter_title":"Pentaerytritoli (CAS 115-77-5) - Chemistry For Industry - Solvents &amp; Chemicals - Masterchem.ee","twitter_description":"Pentaerytritoli on orgaaninen yhdiste, jonka kaava on C(CH2OH)4. Polyoliksi luokiteltu se on valkoinen kiinte\u00e4 aine.","twitter_image":"https:\/\/masterchem.ee\/wp-content\/uploads\/2023\/09\/Pentaerutritool-25kg-MasterChem.jpg","schema":{"@context":"https:\/\/schema.org","@graph":[{"@type":"WebPage","@id":"https:\/\/masterchem.ee\/fi\/tooted-ja-teenused\/pentaerytritoli-cas-115-77-5-2\/","url":"https:\/\/masterchem.ee\/fi\/tooted-ja-teenused\/pentaerytritoli-cas-115-77-5-2\/","name":"Pentaerytritoli (CAS 115-77-5) - Chemistry For Industry - Solvents &amp; Chemicals - Masterchem.ee","isPartOf":{"@id":"https:\/\/masterchem.ee\/fi\/#website"},"primaryImageOfPage":{"@id":"https:\/\/masterchem.ee\/fi\/tooted-ja-teenused\/pentaerytritoli-cas-115-77-5-2\/#primaryimage"},"image":{"@id":"https:\/\/masterchem.ee\/fi\/tooted-ja-teenused\/pentaerytritoli-cas-115-77-5-2\/#primaryimage"},"thumbnailUrl":"https:\/\/masterchem.ee\/wp-content\/uploads\/2023\/09\/Pentaerutritool-25kg-MasterChem.jpg","datePublished":"2023-09-14T17:32:44+00:00","dateModified":"2023-09-14T17:39:00+00:00","description":"Pentaerytritoli on orgaaninen yhdiste, jonka kaava on C(CH2OH)4. Polyoliksi luokiteltu se on valkoinen kiinte\u00e4 aine.","breadcrumb":{"@id":"https:\/\/masterchem.ee\/fi\/tooted-ja-teenused\/pentaerytritoli-cas-115-77-5-2\/#breadcrumb"},"inLanguage":"fi","potentialAction":[{"@type":"ReadAction","target":["https:\/\/masterchem.ee\/fi\/tooted-ja-teenused\/pentaerytritoli-cas-115-77-5-2\/"]}]},{"@type":"ImageObject","inLanguage":"fi","@id":"https:\/\/masterchem.ee\/fi\/tooted-ja-teenused\/pentaerytritoli-cas-115-77-5-2\/#primaryimage","url":"https:\/\/masterchem.ee\/wp-content\/uploads\/2023\/09\/Pentaerutritool-25kg-MasterChem.jpg","contentUrl":"https:\/\/masterchem.ee\/wp-content\/uploads\/2023\/09\/Pentaerutritool-25kg-MasterChem.jpg","width":1000,"height":1000},{"@type":"BreadcrumbList","@id":"https:\/\/masterchem.ee\/fi\/tooted-ja-teenused\/pentaerytritoli-cas-115-77-5-2\/#breadcrumb","itemListElement":[{"@type":"ListItem","position":1,"name":"Home","item":"https:\/\/masterchem.ee\/fi\/"},{"@type":"ListItem","position":2,"name":"Tooted ja teenused","item":"https:\/\/masterchem.ee\/tooted-ja-teenused\/"},{"@type":"ListItem","position":3,"name":"Pentaerytritoli (CAS 115-77-5)"}]},{"@type":"WebSite","@id":"https:\/\/masterchem.ee\/fi\/#website","url":"https:\/\/masterchem.ee\/fi\/","name":"Masterchem.ee","description":"Chemistry For Industry - Solvents &amp; Chemicals","publisher":{"@id":"https:\/\/masterchem.ee\/fi\/#organization"},"potentialAction":[{"@type":"SearchAction","target":{"@type":"EntryPoint","urlTemplate":"https:\/\/masterchem.ee\/fi\/?s={search_term_string}"},"query-input":{"@type":"PropertyValueSpecification","valueRequired":true,"valueName":"search_term_string"}}],"inLanguage":"fi"},{"@type":"Organization","@id":"https:\/\/masterchem.ee\/fi\/#organization","name":"Masterchem","url":"https:\/\/masterchem.ee\/fi\/","logo":{"@type":"ImageObject","inLanguage":"fi","@id":"https:\/\/masterchem.ee\/fi\/#\/schema\/logo\/image\/","url":"https:\/\/masterchem.ee\/wp-content\/uploads\/2018\/02\/master-chem_final-1.png","contentUrl":"https:\/\/masterchem.ee\/wp-content\/uploads\/2018\/02\/master-chem_final-1.png","width":850,"height":356,"caption":"Masterchem"},"image":{"@id":"https:\/\/masterchem.ee\/fi\/#\/schema\/logo\/image\/"}}]}},"_links":{"self":[{"href":"https:\/\/masterchem.ee\/fi\/wp-json\/wp\/v2\/product\/22907","targetHints":{"allow":["GET"]}}],"collection":[{"href":"https:\/\/masterchem.ee\/fi\/wp-json\/wp\/v2\/product"}],"about":[{"href":"https:\/\/masterchem.ee\/fi\/wp-json\/wp\/v2\/types\/product"}],"wp:featuredmedia":[{"embeddable":true,"href":"https:\/\/masterchem.ee\/fi\/wp-json\/wp\/v2\/media\/22915"}],"wp:attachment":[{"href":"https:\/\/masterchem.ee\/fi\/wp-json\/wp\/v2\/media?parent=22907"}],"wp:term":[{"taxonomy":"product_brand","embeddable":true,"href":"https:\/\/masterchem.ee\/fi\/wp-json\/wp\/v2\/product_brand?post=22907"},{"taxonomy":"product_cat","embeddable":true,"href":"https:\/\/masterchem.ee\/fi\/wp-json\/wp\/v2\/product_cat?post=22907"},{"taxonomy":"product_tag","embeddable":true,"href":"https:\/\/masterchem.ee\/fi\/wp-json\/wp\/v2\/product_tag?post=22907"}],"curies":[{"name":"wp","href":"https:\/\/api.w.org\/{rel}","templated":true}]}}