{"id":22884,"date":"2023-09-13T18:38:08","date_gmt":"2023-09-13T18:38:14","guid":{"rendered":"https:\/\/masterchem.ee\/?post_type=product&#038;p=22884"},"modified":"2023-09-13T18:47:44","modified_gmt":"2023-09-13T18:47:44","slug":"niasiini-we-59-67-6","status":"publish","type":"product","link":"https:\/\/masterchem.ee\/fi\/tooted-ja-teenused\/niasiini-we-59-67-6\/","title":{"rendered":"Niasiini (WE 59-67-6)"},"content":{"rendered":"<p>Toimialat: Rehuteollisuus<br \/>\nKoostumus: amidit<br \/>\nWE-numero: 59-67-6<\/p>\n","protected":false},"excerpt":{"rendered":"<p><strong>Niasiini (WE 59-67-6)<\/strong><\/p>\n<p>Niasiini, joka tunnetaan my\u00f6s nimell\u00e4 nikotiinihappo, on orgaaninen yhdiste ja B3-vitamiinin vitameeri, joka on ihmiselle v\u00e4ltt\u00e4m\u00e4t\u00f6n ravintoaine. Kasvit ja el\u00e4imet voivat valmistaa sit\u00e4 aminohaposta tryptofaanista. Niasiinia saadaan ruokavaliosta monista kokonaisista ja jalostetuista elintarvikkeista. Suurin pitoisuus on t\u00e4yspakatuissa elintarvikkeissa, lihassa, siipikarjassa, punaisessa kalassa, kuten tonnikalassa ja lohessa, pienempi\u00e4 m\u00e4\u00e4ri\u00e4 p\u00e4hkin\u00f6iss\u00e4, palkokasveissa ja siemeniss\u00e4.<\/p>\n","protected":false},"featured_media":22892,"template":"","meta":[],"product_brand":[],"product_cat":[180,290],"product_tag":[],"class_list":{"0":"post-22884","1":"product","2":"type-product","3":"status-publish","4":"has-post-thumbnail","6":"product_cat-uncategorized-fi-2","7":"product_cat-rehuteollisuus","9":"first","10":"instock","11":"taxable","12":"shipping-taxable","13":"purchasable","14":"product-type-variable","15":"has-default-attributes"},"yoast_head":"<!-- This site is optimized with the Yoast SEO plugin v26.2 - https:\/\/yoast.com\/wordpress\/plugins\/seo\/ -->\n<title>Niasiini (WE 59-67-6) - Chemistry For Industry - Solvents &amp; Chemicals - Masterchem.ee<\/title>\n<meta name=\"description\" content=\"Niasiini, joka tunnetaan my\u00f6s nimell\u00e4 nikotiinihappo, on orgaaninen yhdiste ja B3-vitamiinin vitameeri, joka on ihmiselle v\u00e4ltt\u00e4m\u00e4t\u00f6n ravintoaine.\" \/>\n<meta name=\"robots\" content=\"index, follow, max-snippet:-1, max-image-preview:large, max-video-preview:-1\" \/>\n<link rel=\"canonical\" href=\"https:\/\/masterchem.ee\/fi\/tooted-ja-teenused\/niasiini-we-59-67-6\/\" \/>\n<meta name=\"twitter:card\" content=\"summary_large_image\" \/>\n<meta name=\"twitter:title\" content=\"Niasiini (WE 59-67-6) - Chemistry For Industry - Solvents &amp; Chemicals - Masterchem.ee\" \/>\n<meta name=\"twitter:description\" content=\"Niasiini, joka tunnetaan my\u00f6s nimell\u00e4 nikotiinihappo, on orgaaninen yhdiste ja B3-vitamiinin vitameeri, joka on ihmiselle v\u00e4ltt\u00e4m\u00e4t\u00f6n ravintoaine.\" \/>\n<meta name=\"twitter:image\" content=\"https:\/\/masterchem.ee\/wp-content\/uploads\/2023\/09\/Niatsiin-25kg-MasterChem.jpg\" \/>\n<script type=\"application\/ld+json\" class=\"yoast-schema-graph\">{\"@context\":\"https:\/\/schema.org\",\"@graph\":[{\"@type\":\"WebPage\",\"@id\":\"https:\/\/masterchem.ee\/fi\/tooted-ja-teenused\/niasiini-we-59-67-6\/\",\"url\":\"https:\/\/masterchem.ee\/fi\/tooted-ja-teenused\/niasiini-we-59-67-6\/\",\"name\":\"Niasiini (WE 59-67-6) - Chemistry For Industry - Solvents &amp; Chemicals - Masterchem.ee\",\"isPartOf\":{\"@id\":\"https:\/\/masterchem.ee\/fi\/#website\"},\"primaryImageOfPage\":{\"@id\":\"https:\/\/masterchem.ee\/fi\/tooted-ja-teenused\/niasiini-we-59-67-6\/#primaryimage\"},\"image\":{\"@id\":\"https:\/\/masterchem.ee\/fi\/tooted-ja-teenused\/niasiini-we-59-67-6\/#primaryimage\"},\"thumbnailUrl\":\"https:\/\/masterchem.ee\/wp-content\/uploads\/2023\/09\/Niatsiin-25kg-MasterChem.jpg\",\"datePublished\":\"2023-09-13T18:38:14+00:00\",\"dateModified\":\"2023-09-13T18:47:44+00:00\",\"description\":\"Niasiini, joka tunnetaan my\u00f6s nimell\u00e4 nikotiinihappo, on orgaaninen yhdiste ja B3-vitamiinin vitameeri, joka on ihmiselle v\u00e4ltt\u00e4m\u00e4t\u00f6n ravintoaine.\",\"breadcrumb\":{\"@id\":\"https:\/\/masterchem.ee\/fi\/tooted-ja-teenused\/niasiini-we-59-67-6\/#breadcrumb\"},\"inLanguage\":\"fi\",\"potentialAction\":[{\"@type\":\"ReadAction\",\"target\":[\"https:\/\/masterchem.ee\/fi\/tooted-ja-teenused\/niasiini-we-59-67-6\/\"]}]},{\"@type\":\"ImageObject\",\"inLanguage\":\"fi\",\"@id\":\"https:\/\/masterchem.ee\/fi\/tooted-ja-teenused\/niasiini-we-59-67-6\/#primaryimage\",\"url\":\"https:\/\/masterchem.ee\/wp-content\/uploads\/2023\/09\/Niatsiin-25kg-MasterChem.jpg\",\"contentUrl\":\"https:\/\/masterchem.ee\/wp-content\/uploads\/2023\/09\/Niatsiin-25kg-MasterChem.jpg\",\"width\":1000,\"height\":1000},{\"@type\":\"BreadcrumbList\",\"@id\":\"https:\/\/masterchem.ee\/fi\/tooted-ja-teenused\/niasiini-we-59-67-6\/#breadcrumb\",\"itemListElement\":[{\"@type\":\"ListItem\",\"position\":1,\"name\":\"Home\",\"item\":\"https:\/\/masterchem.ee\/fi\/\"},{\"@type\":\"ListItem\",\"position\":2,\"name\":\"Tooted ja teenused\",\"item\":\"https:\/\/masterchem.ee\/tooted-ja-teenused\/\"},{\"@type\":\"ListItem\",\"position\":3,\"name\":\"Niasiini (WE 59-67-6)\"}]},{\"@type\":\"WebSite\",\"@id\":\"https:\/\/masterchem.ee\/fi\/#website\",\"url\":\"https:\/\/masterchem.ee\/fi\/\",\"name\":\"Masterchem.ee\",\"description\":\"Chemistry For Industry - Solvents &amp; Chemicals\",\"publisher\":{\"@id\":\"https:\/\/masterchem.ee\/fi\/#organization\"},\"potentialAction\":[{\"@type\":\"SearchAction\",\"target\":{\"@type\":\"EntryPoint\",\"urlTemplate\":\"https:\/\/masterchem.ee\/fi\/?s={search_term_string}\"},\"query-input\":{\"@type\":\"PropertyValueSpecification\",\"valueRequired\":true,\"valueName\":\"search_term_string\"}}],\"inLanguage\":\"fi\"},{\"@type\":\"Organization\",\"@id\":\"https:\/\/masterchem.ee\/fi\/#organization\",\"name\":\"Masterchem\",\"url\":\"https:\/\/masterchem.ee\/fi\/\",\"logo\":{\"@type\":\"ImageObject\",\"inLanguage\":\"fi\",\"@id\":\"https:\/\/masterchem.ee\/fi\/#\/schema\/logo\/image\/\",\"url\":\"https:\/\/masterchem.ee\/wp-content\/uploads\/2018\/02\/master-chem_final-1.png\",\"contentUrl\":\"https:\/\/masterchem.ee\/wp-content\/uploads\/2018\/02\/master-chem_final-1.png\",\"width\":850,\"height\":356,\"caption\":\"Masterchem\"},\"image\":{\"@id\":\"https:\/\/masterchem.ee\/fi\/#\/schema\/logo\/image\/\"}}]}<\/script>\n<!-- \/ Yoast SEO plugin. -->","yoast_head_json":{"title":"Niasiini (WE 59-67-6) - Chemistry For Industry - Solvents &amp; Chemicals - Masterchem.ee","description":"Niasiini, joka tunnetaan my\u00f6s nimell\u00e4 nikotiinihappo, on orgaaninen yhdiste ja B3-vitamiinin vitameeri, joka on ihmiselle v\u00e4ltt\u00e4m\u00e4t\u00f6n ravintoaine.","robots":{"index":"index","follow":"follow","max-snippet":"max-snippet:-1","max-image-preview":"max-image-preview:large","max-video-preview":"max-video-preview:-1"},"canonical":"https:\/\/masterchem.ee\/fi\/tooted-ja-teenused\/niasiini-we-59-67-6\/","twitter_card":"summary_large_image","twitter_title":"Niasiini (WE 59-67-6) - Chemistry For Industry - Solvents &amp; Chemicals - Masterchem.ee","twitter_description":"Niasiini, joka tunnetaan my\u00f6s nimell\u00e4 nikotiinihappo, on orgaaninen yhdiste ja B3-vitamiinin vitameeri, joka on ihmiselle v\u00e4ltt\u00e4m\u00e4t\u00f6n ravintoaine.","twitter_image":"https:\/\/masterchem.ee\/wp-content\/uploads\/2023\/09\/Niatsiin-25kg-MasterChem.jpg","schema":{"@context":"https:\/\/schema.org","@graph":[{"@type":"WebPage","@id":"https:\/\/masterchem.ee\/fi\/tooted-ja-teenused\/niasiini-we-59-67-6\/","url":"https:\/\/masterchem.ee\/fi\/tooted-ja-teenused\/niasiini-we-59-67-6\/","name":"Niasiini (WE 59-67-6) - Chemistry For Industry - Solvents &amp; Chemicals - Masterchem.ee","isPartOf":{"@id":"https:\/\/masterchem.ee\/fi\/#website"},"primaryImageOfPage":{"@id":"https:\/\/masterchem.ee\/fi\/tooted-ja-teenused\/niasiini-we-59-67-6\/#primaryimage"},"image":{"@id":"https:\/\/masterchem.ee\/fi\/tooted-ja-teenused\/niasiini-we-59-67-6\/#primaryimage"},"thumbnailUrl":"https:\/\/masterchem.ee\/wp-content\/uploads\/2023\/09\/Niatsiin-25kg-MasterChem.jpg","datePublished":"2023-09-13T18:38:14+00:00","dateModified":"2023-09-13T18:47:44+00:00","description":"Niasiini, joka tunnetaan my\u00f6s nimell\u00e4 nikotiinihappo, on orgaaninen yhdiste ja B3-vitamiinin vitameeri, joka on ihmiselle v\u00e4ltt\u00e4m\u00e4t\u00f6n ravintoaine.","breadcrumb":{"@id":"https:\/\/masterchem.ee\/fi\/tooted-ja-teenused\/niasiini-we-59-67-6\/#breadcrumb"},"inLanguage":"fi","potentialAction":[{"@type":"ReadAction","target":["https:\/\/masterchem.ee\/fi\/tooted-ja-teenused\/niasiini-we-59-67-6\/"]}]},{"@type":"ImageObject","inLanguage":"fi","@id":"https:\/\/masterchem.ee\/fi\/tooted-ja-teenused\/niasiini-we-59-67-6\/#primaryimage","url":"https:\/\/masterchem.ee\/wp-content\/uploads\/2023\/09\/Niatsiin-25kg-MasterChem.jpg","contentUrl":"https:\/\/masterchem.ee\/wp-content\/uploads\/2023\/09\/Niatsiin-25kg-MasterChem.jpg","width":1000,"height":1000},{"@type":"BreadcrumbList","@id":"https:\/\/masterchem.ee\/fi\/tooted-ja-teenused\/niasiini-we-59-67-6\/#breadcrumb","itemListElement":[{"@type":"ListItem","position":1,"name":"Home","item":"https:\/\/masterchem.ee\/fi\/"},{"@type":"ListItem","position":2,"name":"Tooted ja teenused","item":"https:\/\/masterchem.ee\/tooted-ja-teenused\/"},{"@type":"ListItem","position":3,"name":"Niasiini (WE 59-67-6)"}]},{"@type":"WebSite","@id":"https:\/\/masterchem.ee\/fi\/#website","url":"https:\/\/masterchem.ee\/fi\/","name":"Masterchem.ee","description":"Chemistry For Industry - Solvents &amp; Chemicals","publisher":{"@id":"https:\/\/masterchem.ee\/fi\/#organization"},"potentialAction":[{"@type":"SearchAction","target":{"@type":"EntryPoint","urlTemplate":"https:\/\/masterchem.ee\/fi\/?s={search_term_string}"},"query-input":{"@type":"PropertyValueSpecification","valueRequired":true,"valueName":"search_term_string"}}],"inLanguage":"fi"},{"@type":"Organization","@id":"https:\/\/masterchem.ee\/fi\/#organization","name":"Masterchem","url":"https:\/\/masterchem.ee\/fi\/","logo":{"@type":"ImageObject","inLanguage":"fi","@id":"https:\/\/masterchem.ee\/fi\/#\/schema\/logo\/image\/","url":"https:\/\/masterchem.ee\/wp-content\/uploads\/2018\/02\/master-chem_final-1.png","contentUrl":"https:\/\/masterchem.ee\/wp-content\/uploads\/2018\/02\/master-chem_final-1.png","width":850,"height":356,"caption":"Masterchem"},"image":{"@id":"https:\/\/masterchem.ee\/fi\/#\/schema\/logo\/image\/"}}]}},"_links":{"self":[{"href":"https:\/\/masterchem.ee\/fi\/wp-json\/wp\/v2\/product\/22884","targetHints":{"allow":["GET"]}}],"collection":[{"href":"https:\/\/masterchem.ee\/fi\/wp-json\/wp\/v2\/product"}],"about":[{"href":"https:\/\/masterchem.ee\/fi\/wp-json\/wp\/v2\/types\/product"}],"wp:featuredmedia":[{"embeddable":true,"href":"https:\/\/masterchem.ee\/fi\/wp-json\/wp\/v2\/media\/22892"}],"wp:attachment":[{"href":"https:\/\/masterchem.ee\/fi\/wp-json\/wp\/v2\/media?parent=22884"}],"wp:term":[{"taxonomy":"product_brand","embeddable":true,"href":"https:\/\/masterchem.ee\/fi\/wp-json\/wp\/v2\/product_brand?post=22884"},{"taxonomy":"product_cat","embeddable":true,"href":"https:\/\/masterchem.ee\/fi\/wp-json\/wp\/v2\/product_cat?post=22884"},{"taxonomy":"product_tag","embeddable":true,"href":"https:\/\/masterchem.ee\/fi\/wp-json\/wp\/v2\/product_tag?post=22884"}],"curies":[{"name":"wp","href":"https:\/\/api.w.org\/{rel}","templated":true}]}}