{"id":22860,"date":"2023-09-12T18:23:51","date_gmt":"2023-09-12T18:23:54","guid":{"rendered":"https:\/\/masterchem.ee\/?post_type=product&#038;p=22860"},"modified":"2023-09-12T18:31:26","modified_gmt":"2023-09-12T18:31:26","slug":"dikalsiumfosfaatti-cas-7757-93-9","status":"publish","type":"product","link":"https:\/\/masterchem.ee\/fi\/tooted-ja-teenused\/dikalsiumfosfaatti-cas-7757-93-9\/","title":{"rendered":"Dikalsiumfosfaatti (CAS 7757-93-9)"},"content":{"rendered":"<p>Toimialat: L\u00e4\u00e4keteollisuus<br \/>\nKoostumus: Fosforihapon suolat &#8211; fosfaatit, kalsiumyhdisteet, fosforiyhdisteet<br \/>\nCAS-numero: 7757-93-9<br \/>\nWE-numero: 231-826-1<br \/>\nKemiallinen kaava: CaHPO4<br \/>\nMolekyylimassa: 136,06 g\/mol<\/p>\n","protected":false},"excerpt":{"rendered":"<p><strong>Dkalsiumfosfaatti (CAS 7757-93-9)<\/strong><\/p>\n<p>Dkalsiumfosfaatti on kalsiumfosfaatti, jonka kaava on CaHPO4 ja sen dihydraatti. &#8221;di&#8221;-etuliite yleisess\u00e4 nimess\u00e4 syntyy, koska HPO42-anionin muodostumiseen liittyy kahden protonin poistaminen fosforihaposta, H3PO4. Se tunnetaan my\u00f6s nimell\u00e4 kaksiem\u00e4ksinen kalsiumfosfaatti tai kalsiummonovetyfosfaatti. Dikalsiumfosfaattia k\u00e4ytet\u00e4\u00e4n elintarvikelis\u00e4aineena, sit\u00e4 l\u00f6ytyy joissakin hammastahnoissa kiillotusaineena ja se on biomateriaali.<\/p>\n<p>Diem\u00e4ksist\u00e4 kalsiumfosfaattia k\u00e4ytet\u00e4\u00e4n p\u00e4\u00e4asiassa ravintolis\u00e4n\u00e4 valmistetuissa aamiaismuroissa, koiranherkuissa, rikastetuissa jauhoissa ja nuudelituotteissa. Sit\u00e4 k\u00e4ytet\u00e4\u00e4n my\u00f6s tabletointiaineena joissakin farmaseuttisissa valmisteissa, mukaan lukien joissakin tuotteissa, jotka on tarkoitettu poistamaan kehon hajua. Kaksiem\u00e4ksist\u00e4 kalsiumfosfaattia l\u00f6ytyy my\u00f6s joistakin ravintolisist\u00e4 (esim. Bonexcin). Sit\u00e4 k\u00e4ytet\u00e4\u00e4n siipikarjan rehussa. Sit\u00e4 k\u00e4ytet\u00e4\u00e4n my\u00f6s joissakin hammastahnoissa hammaskiven torjuntaan.<\/p>\n","protected":false},"featured_media":22868,"template":"","meta":[],"product_brand":[],"product_cat":[180,120],"product_tag":[],"class_list":{"0":"post-22860","1":"product","2":"type-product","3":"status-publish","4":"has-post-thumbnail","6":"product_cat-uncategorized-fi-2","7":"product_cat-laaketeollisuus","9":"first","10":"instock","11":"taxable","12":"shipping-taxable","13":"purchasable","14":"product-type-variable","15":"has-default-attributes"},"yoast_head":"<!-- This site is optimized with the Yoast SEO plugin v26.2 - https:\/\/yoast.com\/wordpress\/plugins\/seo\/ -->\n<title>Dikalsiumfosfaatti (CAS 7757-93-9) - Chemistry For Industry - Solvents &amp; Chemicals - Masterchem.ee<\/title>\n<meta name=\"description\" content=\"Diem\u00e4ksist\u00e4 kalsiumfosfaattia k\u00e4ytet\u00e4\u00e4n p\u00e4\u00e4asiassa ravintolis\u00e4n\u00e4 valmistetuissa aamiaismuroissa, koiranherkuissa, rikastetuissa jauhoissa ja nuudelituotteissa.\" \/>\n<meta name=\"robots\" content=\"index, follow, max-snippet:-1, max-image-preview:large, max-video-preview:-1\" \/>\n<link rel=\"canonical\" href=\"https:\/\/masterchem.ee\/fi\/tooted-ja-teenused\/dikalsiumfosfaatti-cas-7757-93-9\/\" \/>\n<meta name=\"twitter:card\" content=\"summary_large_image\" \/>\n<meta name=\"twitter:title\" content=\"Dikalsiumfosfaatti (CAS 7757-93-9) - Chemistry For Industry - Solvents &amp; Chemicals - Masterchem.ee\" \/>\n<meta name=\"twitter:description\" content=\"Diem\u00e4ksist\u00e4 kalsiumfosfaattia k\u00e4ytet\u00e4\u00e4n p\u00e4\u00e4asiassa ravintolis\u00e4n\u00e4 valmistetuissa aamiaismuroissa, koiranherkuissa, rikastetuissa jauhoissa ja nuudelituotteissa.\" \/>\n<meta name=\"twitter:image\" content=\"https:\/\/masterchem.ee\/wp-content\/uploads\/2023\/09\/Dikaltsiumfosfaat-25kg-MasterChem.jpg\" \/>\n<script type=\"application\/ld+json\" class=\"yoast-schema-graph\">{\"@context\":\"https:\/\/schema.org\",\"@graph\":[{\"@type\":\"WebPage\",\"@id\":\"https:\/\/masterchem.ee\/fi\/tooted-ja-teenused\/dikalsiumfosfaatti-cas-7757-93-9\/\",\"url\":\"https:\/\/masterchem.ee\/fi\/tooted-ja-teenused\/dikalsiumfosfaatti-cas-7757-93-9\/\",\"name\":\"Dikalsiumfosfaatti (CAS 7757-93-9) - Chemistry For Industry - Solvents &amp; Chemicals - Masterchem.ee\",\"isPartOf\":{\"@id\":\"https:\/\/masterchem.ee\/fi\/#website\"},\"primaryImageOfPage\":{\"@id\":\"https:\/\/masterchem.ee\/fi\/tooted-ja-teenused\/dikalsiumfosfaatti-cas-7757-93-9\/#primaryimage\"},\"image\":{\"@id\":\"https:\/\/masterchem.ee\/fi\/tooted-ja-teenused\/dikalsiumfosfaatti-cas-7757-93-9\/#primaryimage\"},\"thumbnailUrl\":\"https:\/\/masterchem.ee\/wp-content\/uploads\/2023\/09\/Dikaltsiumfosfaat-25kg-MasterChem.jpg\",\"datePublished\":\"2023-09-12T18:23:54+00:00\",\"dateModified\":\"2023-09-12T18:31:26+00:00\",\"description\":\"Diem\u00e4ksist\u00e4 kalsiumfosfaattia k\u00e4ytet\u00e4\u00e4n p\u00e4\u00e4asiassa ravintolis\u00e4n\u00e4 valmistetuissa aamiaismuroissa, koiranherkuissa, rikastetuissa jauhoissa ja nuudelituotteissa.\",\"breadcrumb\":{\"@id\":\"https:\/\/masterchem.ee\/fi\/tooted-ja-teenused\/dikalsiumfosfaatti-cas-7757-93-9\/#breadcrumb\"},\"inLanguage\":\"fi\",\"potentialAction\":[{\"@type\":\"ReadAction\",\"target\":[\"https:\/\/masterchem.ee\/fi\/tooted-ja-teenused\/dikalsiumfosfaatti-cas-7757-93-9\/\"]}]},{\"@type\":\"ImageObject\",\"inLanguage\":\"fi\",\"@id\":\"https:\/\/masterchem.ee\/fi\/tooted-ja-teenused\/dikalsiumfosfaatti-cas-7757-93-9\/#primaryimage\",\"url\":\"https:\/\/masterchem.ee\/wp-content\/uploads\/2023\/09\/Dikaltsiumfosfaat-25kg-MasterChem.jpg\",\"contentUrl\":\"https:\/\/masterchem.ee\/wp-content\/uploads\/2023\/09\/Dikaltsiumfosfaat-25kg-MasterChem.jpg\",\"width\":1000,\"height\":1000},{\"@type\":\"BreadcrumbList\",\"@id\":\"https:\/\/masterchem.ee\/fi\/tooted-ja-teenused\/dikalsiumfosfaatti-cas-7757-93-9\/#breadcrumb\",\"itemListElement\":[{\"@type\":\"ListItem\",\"position\":1,\"name\":\"Home\",\"item\":\"https:\/\/masterchem.ee\/fi\/\"},{\"@type\":\"ListItem\",\"position\":2,\"name\":\"Tooted ja teenused\",\"item\":\"https:\/\/masterchem.ee\/tooted-ja-teenused\/\"},{\"@type\":\"ListItem\",\"position\":3,\"name\":\"Dikalsiumfosfaatti (CAS 7757-93-9)\"}]},{\"@type\":\"WebSite\",\"@id\":\"https:\/\/masterchem.ee\/fi\/#website\",\"url\":\"https:\/\/masterchem.ee\/fi\/\",\"name\":\"Masterchem.ee\",\"description\":\"Chemistry For Industry - Solvents &amp; Chemicals\",\"publisher\":{\"@id\":\"https:\/\/masterchem.ee\/fi\/#organization\"},\"potentialAction\":[{\"@type\":\"SearchAction\",\"target\":{\"@type\":\"EntryPoint\",\"urlTemplate\":\"https:\/\/masterchem.ee\/fi\/?s={search_term_string}\"},\"query-input\":{\"@type\":\"PropertyValueSpecification\",\"valueRequired\":true,\"valueName\":\"search_term_string\"}}],\"inLanguage\":\"fi\"},{\"@type\":\"Organization\",\"@id\":\"https:\/\/masterchem.ee\/fi\/#organization\",\"name\":\"Masterchem\",\"url\":\"https:\/\/masterchem.ee\/fi\/\",\"logo\":{\"@type\":\"ImageObject\",\"inLanguage\":\"fi\",\"@id\":\"https:\/\/masterchem.ee\/fi\/#\/schema\/logo\/image\/\",\"url\":\"https:\/\/masterchem.ee\/wp-content\/uploads\/2018\/02\/master-chem_final-1.png\",\"contentUrl\":\"https:\/\/masterchem.ee\/wp-content\/uploads\/2018\/02\/master-chem_final-1.png\",\"width\":850,\"height\":356,\"caption\":\"Masterchem\"},\"image\":{\"@id\":\"https:\/\/masterchem.ee\/fi\/#\/schema\/logo\/image\/\"}}]}<\/script>\n<!-- \/ Yoast SEO plugin. -->","yoast_head_json":{"title":"Dikalsiumfosfaatti (CAS 7757-93-9) - Chemistry For Industry - Solvents &amp; Chemicals - Masterchem.ee","description":"Diem\u00e4ksist\u00e4 kalsiumfosfaattia k\u00e4ytet\u00e4\u00e4n p\u00e4\u00e4asiassa ravintolis\u00e4n\u00e4 valmistetuissa aamiaismuroissa, koiranherkuissa, rikastetuissa jauhoissa ja nuudelituotteissa.","robots":{"index":"index","follow":"follow","max-snippet":"max-snippet:-1","max-image-preview":"max-image-preview:large","max-video-preview":"max-video-preview:-1"},"canonical":"https:\/\/masterchem.ee\/fi\/tooted-ja-teenused\/dikalsiumfosfaatti-cas-7757-93-9\/","twitter_card":"summary_large_image","twitter_title":"Dikalsiumfosfaatti (CAS 7757-93-9) - Chemistry For Industry - Solvents &amp; Chemicals - Masterchem.ee","twitter_description":"Diem\u00e4ksist\u00e4 kalsiumfosfaattia k\u00e4ytet\u00e4\u00e4n p\u00e4\u00e4asiassa ravintolis\u00e4n\u00e4 valmistetuissa aamiaismuroissa, koiranherkuissa, rikastetuissa jauhoissa ja nuudelituotteissa.","twitter_image":"https:\/\/masterchem.ee\/wp-content\/uploads\/2023\/09\/Dikaltsiumfosfaat-25kg-MasterChem.jpg","schema":{"@context":"https:\/\/schema.org","@graph":[{"@type":"WebPage","@id":"https:\/\/masterchem.ee\/fi\/tooted-ja-teenused\/dikalsiumfosfaatti-cas-7757-93-9\/","url":"https:\/\/masterchem.ee\/fi\/tooted-ja-teenused\/dikalsiumfosfaatti-cas-7757-93-9\/","name":"Dikalsiumfosfaatti (CAS 7757-93-9) - Chemistry For Industry - Solvents &amp; Chemicals - Masterchem.ee","isPartOf":{"@id":"https:\/\/masterchem.ee\/fi\/#website"},"primaryImageOfPage":{"@id":"https:\/\/masterchem.ee\/fi\/tooted-ja-teenused\/dikalsiumfosfaatti-cas-7757-93-9\/#primaryimage"},"image":{"@id":"https:\/\/masterchem.ee\/fi\/tooted-ja-teenused\/dikalsiumfosfaatti-cas-7757-93-9\/#primaryimage"},"thumbnailUrl":"https:\/\/masterchem.ee\/wp-content\/uploads\/2023\/09\/Dikaltsiumfosfaat-25kg-MasterChem.jpg","datePublished":"2023-09-12T18:23:54+00:00","dateModified":"2023-09-12T18:31:26+00:00","description":"Diem\u00e4ksist\u00e4 kalsiumfosfaattia k\u00e4ytet\u00e4\u00e4n p\u00e4\u00e4asiassa ravintolis\u00e4n\u00e4 valmistetuissa aamiaismuroissa, koiranherkuissa, rikastetuissa jauhoissa ja nuudelituotteissa.","breadcrumb":{"@id":"https:\/\/masterchem.ee\/fi\/tooted-ja-teenused\/dikalsiumfosfaatti-cas-7757-93-9\/#breadcrumb"},"inLanguage":"fi","potentialAction":[{"@type":"ReadAction","target":["https:\/\/masterchem.ee\/fi\/tooted-ja-teenused\/dikalsiumfosfaatti-cas-7757-93-9\/"]}]},{"@type":"ImageObject","inLanguage":"fi","@id":"https:\/\/masterchem.ee\/fi\/tooted-ja-teenused\/dikalsiumfosfaatti-cas-7757-93-9\/#primaryimage","url":"https:\/\/masterchem.ee\/wp-content\/uploads\/2023\/09\/Dikaltsiumfosfaat-25kg-MasterChem.jpg","contentUrl":"https:\/\/masterchem.ee\/wp-content\/uploads\/2023\/09\/Dikaltsiumfosfaat-25kg-MasterChem.jpg","width":1000,"height":1000},{"@type":"BreadcrumbList","@id":"https:\/\/masterchem.ee\/fi\/tooted-ja-teenused\/dikalsiumfosfaatti-cas-7757-93-9\/#breadcrumb","itemListElement":[{"@type":"ListItem","position":1,"name":"Home","item":"https:\/\/masterchem.ee\/fi\/"},{"@type":"ListItem","position":2,"name":"Tooted ja teenused","item":"https:\/\/masterchem.ee\/tooted-ja-teenused\/"},{"@type":"ListItem","position":3,"name":"Dikalsiumfosfaatti (CAS 7757-93-9)"}]},{"@type":"WebSite","@id":"https:\/\/masterchem.ee\/fi\/#website","url":"https:\/\/masterchem.ee\/fi\/","name":"Masterchem.ee","description":"Chemistry For Industry - Solvents &amp; Chemicals","publisher":{"@id":"https:\/\/masterchem.ee\/fi\/#organization"},"potentialAction":[{"@type":"SearchAction","target":{"@type":"EntryPoint","urlTemplate":"https:\/\/masterchem.ee\/fi\/?s={search_term_string}"},"query-input":{"@type":"PropertyValueSpecification","valueRequired":true,"valueName":"search_term_string"}}],"inLanguage":"fi"},{"@type":"Organization","@id":"https:\/\/masterchem.ee\/fi\/#organization","name":"Masterchem","url":"https:\/\/masterchem.ee\/fi\/","logo":{"@type":"ImageObject","inLanguage":"fi","@id":"https:\/\/masterchem.ee\/fi\/#\/schema\/logo\/image\/","url":"https:\/\/masterchem.ee\/wp-content\/uploads\/2018\/02\/master-chem_final-1.png","contentUrl":"https:\/\/masterchem.ee\/wp-content\/uploads\/2018\/02\/master-chem_final-1.png","width":850,"height":356,"caption":"Masterchem"},"image":{"@id":"https:\/\/masterchem.ee\/fi\/#\/schema\/logo\/image\/"}}]}},"_links":{"self":[{"href":"https:\/\/masterchem.ee\/fi\/wp-json\/wp\/v2\/product\/22860","targetHints":{"allow":["GET"]}}],"collection":[{"href":"https:\/\/masterchem.ee\/fi\/wp-json\/wp\/v2\/product"}],"about":[{"href":"https:\/\/masterchem.ee\/fi\/wp-json\/wp\/v2\/types\/product"}],"wp:featuredmedia":[{"embeddable":true,"href":"https:\/\/masterchem.ee\/fi\/wp-json\/wp\/v2\/media\/22868"}],"wp:attachment":[{"href":"https:\/\/masterchem.ee\/fi\/wp-json\/wp\/v2\/media?parent=22860"}],"wp:term":[{"taxonomy":"product_brand","embeddable":true,"href":"https:\/\/masterchem.ee\/fi\/wp-json\/wp\/v2\/product_brand?post=22860"},{"taxonomy":"product_cat","embeddable":true,"href":"https:\/\/masterchem.ee\/fi\/wp-json\/wp\/v2\/product_cat?post=22860"},{"taxonomy":"product_tag","embeddable":true,"href":"https:\/\/masterchem.ee\/fi\/wp-json\/wp\/v2\/product_tag?post=22860"}],"curies":[{"name":"wp","href":"https:\/\/api.w.org\/{rel}","templated":true}]}}