{"id":22782,"date":"2023-09-10T13:39:04","date_gmt":"2023-09-10T13:39:16","guid":{"rendered":"https:\/\/masterchem.ee\/?post_type=product&#038;p=22782"},"modified":"2023-09-10T13:51:35","modified_gmt":"2023-09-10T13:51:35","slug":"isopropanoliamiini-cas-75-31-0","status":"publish","type":"product","link":"https:\/\/masterchem.ee\/fi\/tooted-ja-teenused\/isopropanoliamiini-cas-75-31-0\/","title":{"rendered":"Isopropanoliamiini (CAS 75-31-0)"},"content":{"rendered":"<p><strong>Tiedot<\/strong><br \/>\nToimialat: Liimat, \u00f6ljyt, rasvat<br \/>\nKoostumus: Amiinit<br \/>\nCAS-numero: 75-31-0<br \/>\nWE-numero: 200-860-9<br \/>\nKemiallinen kaava: C3H9N<br \/>\nTullitariffikoodi: 29211999<br \/>\nADR: UN1221<br \/>\n<strong>Muut fyysiset ominaisuudet<\/strong><br \/>\npH: 13<br \/>\nSulamis-\/j\u00e4\u00e4tymispiste: <-90\u00b0C\nKiehumispiste\/alue: 32\u00b0C\nSuhteellinen tiheys: 0,6871 g\/cm3 (20\u00b0C)\n<\/p>\n","protected":false},"excerpt":{"rendered":"<p><strong>Isopropanoliamiini (CAS 75-31-0)<\/strong><\/p>\n<p>1-aminopropan-2-oli on orgaaninen yhdiste, jonka kaava on CH3CH(OH)CH2NH2. Se on aminoalkoholi. Termi isopropanoliamiini voi viitata yleisemmin my\u00f6s muihin homologeihin di-isopropanoliamiini (DIPA) ja tri-isopropanoliamiini (TIPA).<\/p>\n<p>1-aminopropan-2-oli on kiraalista. Se voidaan valmistaa lis\u00e4\u00e4m\u00e4ll\u00e4 vesipitoista ammoniakkia propyleenioksidiin.<\/p>\n<p>Isopropanoliamiineja k\u00e4ytet\u00e4\u00e4n puskureina. Ne ovat hyvi\u00e4 \u00f6ljyn ja rasvan liuottajia, joten niit\u00e4 k\u00e4ytet\u00e4\u00e4n rasvahappojen ja sulfonihappopohjaisten pinta-aktiivisten aineiden neutralointiin. Raseemista 1-aminopropan-2-olia k\u00e4ytet\u00e4\u00e4n tyypillisesti metallinty\u00f6st\u00f6nesteiss\u00e4, vesiohenteisissa pinnoitteissa, henkil\u00f6kohtaisen hygienian tuotteissa sek\u00e4 titaanidioksidin ja polyuretaanien valmistuksessa. Se on v\u00e4lituote useiden farmaseuttisten l\u00e4\u00e4kkeiden synteesiss\u00e4<\/p>\n","protected":false},"featured_media":22845,"template":"","meta":[],"product_brand":[],"product_cat":[180],"product_tag":[],"class_list":{"0":"post-22782","1":"product","2":"type-product","3":"status-publish","4":"has-post-thumbnail","6":"product_cat-uncategorized-fi-2","7":"pif-has-gallery","9":"first","10":"instock","11":"taxable","12":"shipping-taxable","13":"purchasable","14":"product-type-variable","15":"has-default-attributes"},"yoast_head":"<!-- This site is optimized with the Yoast SEO plugin v26.2 - https:\/\/yoast.com\/wordpress\/plugins\/seo\/ -->\n<title>Isopropanoliamiini (CAS 75-31-0) - Chemistry For Industry - Solvents &amp; Chemicals - Masterchem.ee<\/title>\n<meta name=\"description\" content=\"1-aminopropan-2-oli on orgaaninen yhdiste, jonka kaava on CH3CH(OH)CH2NH2. Se on aminoalkoholi. Termi isopropanoliamiini voi viitata yleisemmin my\u00f6s muihin homologeihin di-isopropanoliamiini (DIPA) ja tri-isopropanoliamiini (TIPA).\" \/>\n<meta name=\"robots\" content=\"index, follow, max-snippet:-1, max-image-preview:large, max-video-preview:-1\" \/>\n<link rel=\"canonical\" href=\"https:\/\/masterchem.ee\/fi\/tooted-ja-teenused\/isopropanoliamiini-cas-75-31-0\/\" \/>\n<meta name=\"twitter:card\" content=\"summary_large_image\" \/>\n<meta name=\"twitter:title\" content=\"Isopropanoliamiini (CAS 75-31-0) - Chemistry For Industry - Solvents &amp; Chemicals - Masterchem.ee\" \/>\n<meta name=\"twitter:description\" content=\"1-aminopropan-2-oli on orgaaninen yhdiste, jonka kaava on CH3CH(OH)CH2NH2. Se on aminoalkoholi. Termi isopropanoliamiini voi viitata yleisemmin my\u00f6s muihin homologeihin di-isopropanoliamiini (DIPA) ja tri-isopropanoliamiini (TIPA).\" \/>\n<meta name=\"twitter:image\" content=\"https:\/\/masterchem.ee\/wp-content\/uploads\/2023\/09\/Isopropanoolamiin-1000l-MaterChem.jpg\" \/>\n<script type=\"application\/ld+json\" class=\"yoast-schema-graph\">{\"@context\":\"https:\/\/schema.org\",\"@graph\":[{\"@type\":\"WebPage\",\"@id\":\"https:\/\/masterchem.ee\/fi\/tooted-ja-teenused\/isopropanoliamiini-cas-75-31-0\/\",\"url\":\"https:\/\/masterchem.ee\/fi\/tooted-ja-teenused\/isopropanoliamiini-cas-75-31-0\/\",\"name\":\"Isopropanoliamiini (CAS 75-31-0) - Chemistry For Industry - Solvents &amp; Chemicals - Masterchem.ee\",\"isPartOf\":{\"@id\":\"https:\/\/masterchem.ee\/fi\/#website\"},\"primaryImageOfPage\":{\"@id\":\"https:\/\/masterchem.ee\/fi\/tooted-ja-teenused\/isopropanoliamiini-cas-75-31-0\/#primaryimage\"},\"image\":{\"@id\":\"https:\/\/masterchem.ee\/fi\/tooted-ja-teenused\/isopropanoliamiini-cas-75-31-0\/#primaryimage\"},\"thumbnailUrl\":\"https:\/\/masterchem.ee\/wp-content\/uploads\/2023\/09\/Isopropanoolamiin-1000l-MaterChem.jpg\",\"datePublished\":\"2023-09-10T13:39:16+00:00\",\"dateModified\":\"2023-09-10T13:51:35+00:00\",\"description\":\"1-aminopropan-2-oli on orgaaninen yhdiste, jonka kaava on CH3CH(OH)CH2NH2. Se on aminoalkoholi. Termi isopropanoliamiini voi viitata yleisemmin my\u00f6s muihin homologeihin di-isopropanoliamiini (DIPA) ja tri-isopropanoliamiini (TIPA).\",\"breadcrumb\":{\"@id\":\"https:\/\/masterchem.ee\/fi\/tooted-ja-teenused\/isopropanoliamiini-cas-75-31-0\/#breadcrumb\"},\"inLanguage\":\"fi\",\"potentialAction\":[{\"@type\":\"ReadAction\",\"target\":[\"https:\/\/masterchem.ee\/fi\/tooted-ja-teenused\/isopropanoliamiini-cas-75-31-0\/\"]}]},{\"@type\":\"ImageObject\",\"inLanguage\":\"fi\",\"@id\":\"https:\/\/masterchem.ee\/fi\/tooted-ja-teenused\/isopropanoliamiini-cas-75-31-0\/#primaryimage\",\"url\":\"https:\/\/masterchem.ee\/wp-content\/uploads\/2023\/09\/Isopropanoolamiin-1000l-MaterChem.jpg\",\"contentUrl\":\"https:\/\/masterchem.ee\/wp-content\/uploads\/2023\/09\/Isopropanoolamiin-1000l-MaterChem.jpg\",\"width\":1000,\"height\":1000},{\"@type\":\"BreadcrumbList\",\"@id\":\"https:\/\/masterchem.ee\/fi\/tooted-ja-teenused\/isopropanoliamiini-cas-75-31-0\/#breadcrumb\",\"itemListElement\":[{\"@type\":\"ListItem\",\"position\":1,\"name\":\"Home\",\"item\":\"https:\/\/masterchem.ee\/fi\/\"},{\"@type\":\"ListItem\",\"position\":2,\"name\":\"Tooted ja teenused\",\"item\":\"https:\/\/masterchem.ee\/tooted-ja-teenused\/\"},{\"@type\":\"ListItem\",\"position\":3,\"name\":\"Isopropanoliamiini (CAS 75-31-0)\"}]},{\"@type\":\"WebSite\",\"@id\":\"https:\/\/masterchem.ee\/fi\/#website\",\"url\":\"https:\/\/masterchem.ee\/fi\/\",\"name\":\"Masterchem.ee\",\"description\":\"Chemistry For Industry - Solvents &amp; Chemicals\",\"publisher\":{\"@id\":\"https:\/\/masterchem.ee\/fi\/#organization\"},\"potentialAction\":[{\"@type\":\"SearchAction\",\"target\":{\"@type\":\"EntryPoint\",\"urlTemplate\":\"https:\/\/masterchem.ee\/fi\/?s={search_term_string}\"},\"query-input\":{\"@type\":\"PropertyValueSpecification\",\"valueRequired\":true,\"valueName\":\"search_term_string\"}}],\"inLanguage\":\"fi\"},{\"@type\":\"Organization\",\"@id\":\"https:\/\/masterchem.ee\/fi\/#organization\",\"name\":\"Masterchem\",\"url\":\"https:\/\/masterchem.ee\/fi\/\",\"logo\":{\"@type\":\"ImageObject\",\"inLanguage\":\"fi\",\"@id\":\"https:\/\/masterchem.ee\/fi\/#\/schema\/logo\/image\/\",\"url\":\"https:\/\/masterchem.ee\/wp-content\/uploads\/2018\/02\/master-chem_final-1.png\",\"contentUrl\":\"https:\/\/masterchem.ee\/wp-content\/uploads\/2018\/02\/master-chem_final-1.png\",\"width\":850,\"height\":356,\"caption\":\"Masterchem\"},\"image\":{\"@id\":\"https:\/\/masterchem.ee\/fi\/#\/schema\/logo\/image\/\"}}]}<\/script>\n<!-- \/ Yoast SEO plugin. -->","yoast_head_json":{"title":"Isopropanoliamiini (CAS 75-31-0) - Chemistry For Industry - Solvents &amp; Chemicals - Masterchem.ee","description":"1-aminopropan-2-oli on orgaaninen yhdiste, jonka kaava on CH3CH(OH)CH2NH2. Se on aminoalkoholi. Termi isopropanoliamiini voi viitata yleisemmin my\u00f6s muihin homologeihin di-isopropanoliamiini (DIPA) ja tri-isopropanoliamiini (TIPA).","robots":{"index":"index","follow":"follow","max-snippet":"max-snippet:-1","max-image-preview":"max-image-preview:large","max-video-preview":"max-video-preview:-1"},"canonical":"https:\/\/masterchem.ee\/fi\/tooted-ja-teenused\/isopropanoliamiini-cas-75-31-0\/","twitter_card":"summary_large_image","twitter_title":"Isopropanoliamiini (CAS 75-31-0) - Chemistry For Industry - Solvents &amp; Chemicals - Masterchem.ee","twitter_description":"1-aminopropan-2-oli on orgaaninen yhdiste, jonka kaava on CH3CH(OH)CH2NH2. Se on aminoalkoholi. Termi isopropanoliamiini voi viitata yleisemmin my\u00f6s muihin homologeihin di-isopropanoliamiini (DIPA) ja tri-isopropanoliamiini (TIPA).","twitter_image":"https:\/\/masterchem.ee\/wp-content\/uploads\/2023\/09\/Isopropanoolamiin-1000l-MaterChem.jpg","schema":{"@context":"https:\/\/schema.org","@graph":[{"@type":"WebPage","@id":"https:\/\/masterchem.ee\/fi\/tooted-ja-teenused\/isopropanoliamiini-cas-75-31-0\/","url":"https:\/\/masterchem.ee\/fi\/tooted-ja-teenused\/isopropanoliamiini-cas-75-31-0\/","name":"Isopropanoliamiini (CAS 75-31-0) - Chemistry For Industry - Solvents &amp; Chemicals - Masterchem.ee","isPartOf":{"@id":"https:\/\/masterchem.ee\/fi\/#website"},"primaryImageOfPage":{"@id":"https:\/\/masterchem.ee\/fi\/tooted-ja-teenused\/isopropanoliamiini-cas-75-31-0\/#primaryimage"},"image":{"@id":"https:\/\/masterchem.ee\/fi\/tooted-ja-teenused\/isopropanoliamiini-cas-75-31-0\/#primaryimage"},"thumbnailUrl":"https:\/\/masterchem.ee\/wp-content\/uploads\/2023\/09\/Isopropanoolamiin-1000l-MaterChem.jpg","datePublished":"2023-09-10T13:39:16+00:00","dateModified":"2023-09-10T13:51:35+00:00","description":"1-aminopropan-2-oli on orgaaninen yhdiste, jonka kaava on CH3CH(OH)CH2NH2. Se on aminoalkoholi. Termi isopropanoliamiini voi viitata yleisemmin my\u00f6s muihin homologeihin di-isopropanoliamiini (DIPA) ja tri-isopropanoliamiini (TIPA).","breadcrumb":{"@id":"https:\/\/masterchem.ee\/fi\/tooted-ja-teenused\/isopropanoliamiini-cas-75-31-0\/#breadcrumb"},"inLanguage":"fi","potentialAction":[{"@type":"ReadAction","target":["https:\/\/masterchem.ee\/fi\/tooted-ja-teenused\/isopropanoliamiini-cas-75-31-0\/"]}]},{"@type":"ImageObject","inLanguage":"fi","@id":"https:\/\/masterchem.ee\/fi\/tooted-ja-teenused\/isopropanoliamiini-cas-75-31-0\/#primaryimage","url":"https:\/\/masterchem.ee\/wp-content\/uploads\/2023\/09\/Isopropanoolamiin-1000l-MaterChem.jpg","contentUrl":"https:\/\/masterchem.ee\/wp-content\/uploads\/2023\/09\/Isopropanoolamiin-1000l-MaterChem.jpg","width":1000,"height":1000},{"@type":"BreadcrumbList","@id":"https:\/\/masterchem.ee\/fi\/tooted-ja-teenused\/isopropanoliamiini-cas-75-31-0\/#breadcrumb","itemListElement":[{"@type":"ListItem","position":1,"name":"Home","item":"https:\/\/masterchem.ee\/fi\/"},{"@type":"ListItem","position":2,"name":"Tooted ja teenused","item":"https:\/\/masterchem.ee\/tooted-ja-teenused\/"},{"@type":"ListItem","position":3,"name":"Isopropanoliamiini (CAS 75-31-0)"}]},{"@type":"WebSite","@id":"https:\/\/masterchem.ee\/fi\/#website","url":"https:\/\/masterchem.ee\/fi\/","name":"Masterchem.ee","description":"Chemistry For Industry - Solvents &amp; Chemicals","publisher":{"@id":"https:\/\/masterchem.ee\/fi\/#organization"},"potentialAction":[{"@type":"SearchAction","target":{"@type":"EntryPoint","urlTemplate":"https:\/\/masterchem.ee\/fi\/?s={search_term_string}"},"query-input":{"@type":"PropertyValueSpecification","valueRequired":true,"valueName":"search_term_string"}}],"inLanguage":"fi"},{"@type":"Organization","@id":"https:\/\/masterchem.ee\/fi\/#organization","name":"Masterchem","url":"https:\/\/masterchem.ee\/fi\/","logo":{"@type":"ImageObject","inLanguage":"fi","@id":"https:\/\/masterchem.ee\/fi\/#\/schema\/logo\/image\/","url":"https:\/\/masterchem.ee\/wp-content\/uploads\/2018\/02\/master-chem_final-1.png","contentUrl":"https:\/\/masterchem.ee\/wp-content\/uploads\/2018\/02\/master-chem_final-1.png","width":850,"height":356,"caption":"Masterchem"},"image":{"@id":"https:\/\/masterchem.ee\/fi\/#\/schema\/logo\/image\/"}}]}},"_links":{"self":[{"href":"https:\/\/masterchem.ee\/fi\/wp-json\/wp\/v2\/product\/22782","targetHints":{"allow":["GET"]}}],"collection":[{"href":"https:\/\/masterchem.ee\/fi\/wp-json\/wp\/v2\/product"}],"about":[{"href":"https:\/\/masterchem.ee\/fi\/wp-json\/wp\/v2\/types\/product"}],"wp:featuredmedia":[{"embeddable":true,"href":"https:\/\/masterchem.ee\/fi\/wp-json\/wp\/v2\/media\/22845"}],"wp:attachment":[{"href":"https:\/\/masterchem.ee\/fi\/wp-json\/wp\/v2\/media?parent=22782"}],"wp:term":[{"taxonomy":"product_brand","embeddable":true,"href":"https:\/\/masterchem.ee\/fi\/wp-json\/wp\/v2\/product_brand?post=22782"},{"taxonomy":"product_cat","embeddable":true,"href":"https:\/\/masterchem.ee\/fi\/wp-json\/wp\/v2\/product_cat?post=22782"},{"taxonomy":"product_tag","embeddable":true,"href":"https:\/\/masterchem.ee\/fi\/wp-json\/wp\/v2\/product_tag?post=22782"}],"curies":[{"name":"wp","href":"https:\/\/api.w.org\/{rel}","templated":true}]}}