{"id":22676,"date":"2023-08-28T17:36:22","date_gmt":"2023-08-28T17:36:28","guid":{"rendered":"https:\/\/masterchem.ee\/?post_type=product&#038;p=22676"},"modified":"2023-08-28T17:59:46","modified_gmt":"2023-08-28T17:59:46","slug":"tinasulfaatti-cas-7488-55-3","status":"publish","type":"product","link":"https:\/\/masterchem.ee\/fi\/tooted-ja-teenused\/tinasulfaatti-cas-7488-55-3\/","title":{"rendered":"Tinasulfaatti (CAS 7488-55-3)"},"content":{"rendered":"<p>Toimialat: Rakennuskemia<br \/>\nKoostumus: Rikkihapon suolat &#8211; sulfaatit, rikkiyhdisteet, tinayhdisteet<br \/>\nCAS-numero: 7488-55-3<br \/>\nWE-numero: 231-302-2<br \/>\nKemiallinen kaava: SnSO4<br \/>\nMoolimassa: 214,77 g\/mol<br \/>\nTullitariffikoodi: 28332980<br \/>\nADR: UN3077<\/p>\n","protected":false},"excerpt":{"rendered":"<p><strong>Tinasulfaatti (CAS 7488-55-3)<\/strong><\/p>\n<p>Tina(II)sulfaatti (SnSO4) on kemiallinen yhdiste. Se on valkoinen kiinte\u00e4 aine, joka voi ime\u00e4 tarpeeksi kosteutta ilmasta, jotta se liukenee t\u00e4ysin muodostaen vesiliuoksen; t\u00e4m\u00e4 ominaisuus tunnetaan hajoamisena. Se voidaan valmistaa syrj\u00e4ytysreaktiolla metallisen tinan ja kupari(II)sulfaatin v\u00e4lill\u00e4: Sn (s) + CuSO4 (aq) \u2192 Cu (s) + SnSO4 (aq)<br \/>\nTina(II)sulfaatti on k\u00e4tev\u00e4 tina(II)-ionien l\u00e4hde, jota tina(IV)-lajit eiv\u00e4t saastuta.<\/p>\n","protected":false},"featured_media":22684,"template":"","meta":[],"product_brand":[],"product_cat":[180,114],"product_tag":[],"class_list":{"0":"post-22676","1":"product","2":"type-product","3":"status-publish","4":"has-post-thumbnail","6":"product_cat-uncategorized-fi-2","7":"product_cat-rakennusteollisuus","9":"first","10":"instock","11":"taxable","12":"shipping-taxable","13":"purchasable","14":"product-type-variable","15":"has-default-attributes"},"yoast_head":"<!-- This site is optimized with the Yoast SEO plugin v26.2 - https:\/\/yoast.com\/wordpress\/plugins\/seo\/ -->\n<title>Tinasulfaatti (CAS 7488-55-3) - Chemistry For Industry - Solvents &amp; Chemicals - Masterchem.ee<\/title>\n<meta name=\"description\" content=\"Tina(II)sulfaatti (SnSO4) on kemiallinen yhdiste. Se on valkoinen kiinte\u00e4 aine, joka voi ime\u00e4 tarpeeksi kosteutta ilmasta, jotta se liukenee t\u00e4ysin muodostaen vesiliuoksen\" \/>\n<meta name=\"robots\" content=\"index, follow, max-snippet:-1, max-image-preview:large, max-video-preview:-1\" \/>\n<link rel=\"canonical\" href=\"https:\/\/masterchem.ee\/fi\/tooted-ja-teenused\/tinasulfaatti-cas-7488-55-3\/\" \/>\n<meta name=\"twitter:card\" content=\"summary_large_image\" \/>\n<meta name=\"twitter:title\" content=\"Tinasulfaatti (CAS 7488-55-3) - Chemistry For Industry - Solvents &amp; Chemicals - Masterchem.ee\" \/>\n<meta name=\"twitter:description\" content=\"Tina(II)sulfaatti (SnSO4) on kemiallinen yhdiste. Se on valkoinen kiinte\u00e4 aine, joka voi ime\u00e4 tarpeeksi kosteutta ilmasta, jotta se liukenee t\u00e4ysin muodostaen vesiliuoksen\" \/>\n<meta name=\"twitter:image\" content=\"https:\/\/masterchem.ee\/wp-content\/uploads\/2023\/08\/Tinasulfaat-CAS-7488-55-3-25kg-MasterChem.jpg\" \/>\n<script type=\"application\/ld+json\" class=\"yoast-schema-graph\">{\"@context\":\"https:\/\/schema.org\",\"@graph\":[{\"@type\":\"WebPage\",\"@id\":\"https:\/\/masterchem.ee\/fi\/tooted-ja-teenused\/tinasulfaatti-cas-7488-55-3\/\",\"url\":\"https:\/\/masterchem.ee\/fi\/tooted-ja-teenused\/tinasulfaatti-cas-7488-55-3\/\",\"name\":\"Tinasulfaatti (CAS 7488-55-3) - Chemistry For Industry - Solvents &amp; Chemicals - Masterchem.ee\",\"isPartOf\":{\"@id\":\"https:\/\/masterchem.ee\/fi\/#website\"},\"primaryImageOfPage\":{\"@id\":\"https:\/\/masterchem.ee\/fi\/tooted-ja-teenused\/tinasulfaatti-cas-7488-55-3\/#primaryimage\"},\"image\":{\"@id\":\"https:\/\/masterchem.ee\/fi\/tooted-ja-teenused\/tinasulfaatti-cas-7488-55-3\/#primaryimage\"},\"thumbnailUrl\":\"https:\/\/masterchem.ee\/wp-content\/uploads\/2023\/08\/Tinasulfaat-CAS-7488-55-3-25kg-MasterChem.jpg\",\"datePublished\":\"2023-08-28T17:36:28+00:00\",\"dateModified\":\"2023-08-28T17:59:46+00:00\",\"description\":\"Tina(II)sulfaatti (SnSO4) on kemiallinen yhdiste. Se on valkoinen kiinte\u00e4 aine, joka voi ime\u00e4 tarpeeksi kosteutta ilmasta, jotta se liukenee t\u00e4ysin muodostaen vesiliuoksen\",\"breadcrumb\":{\"@id\":\"https:\/\/masterchem.ee\/fi\/tooted-ja-teenused\/tinasulfaatti-cas-7488-55-3\/#breadcrumb\"},\"inLanguage\":\"fi\",\"potentialAction\":[{\"@type\":\"ReadAction\",\"target\":[\"https:\/\/masterchem.ee\/fi\/tooted-ja-teenused\/tinasulfaatti-cas-7488-55-3\/\"]}]},{\"@type\":\"ImageObject\",\"inLanguage\":\"fi\",\"@id\":\"https:\/\/masterchem.ee\/fi\/tooted-ja-teenused\/tinasulfaatti-cas-7488-55-3\/#primaryimage\",\"url\":\"https:\/\/masterchem.ee\/wp-content\/uploads\/2023\/08\/Tinasulfaat-CAS-7488-55-3-25kg-MasterChem.jpg\",\"contentUrl\":\"https:\/\/masterchem.ee\/wp-content\/uploads\/2023\/08\/Tinasulfaat-CAS-7488-55-3-25kg-MasterChem.jpg\",\"width\":1000,\"height\":1000},{\"@type\":\"BreadcrumbList\",\"@id\":\"https:\/\/masterchem.ee\/fi\/tooted-ja-teenused\/tinasulfaatti-cas-7488-55-3\/#breadcrumb\",\"itemListElement\":[{\"@type\":\"ListItem\",\"position\":1,\"name\":\"Home\",\"item\":\"https:\/\/masterchem.ee\/fi\/\"},{\"@type\":\"ListItem\",\"position\":2,\"name\":\"Tooted ja teenused\",\"item\":\"https:\/\/masterchem.ee\/tooted-ja-teenused\/\"},{\"@type\":\"ListItem\",\"position\":3,\"name\":\"Tinasulfaatti (CAS 7488-55-3)\"}]},{\"@type\":\"WebSite\",\"@id\":\"https:\/\/masterchem.ee\/fi\/#website\",\"url\":\"https:\/\/masterchem.ee\/fi\/\",\"name\":\"Masterchem.ee\",\"description\":\"Chemistry For Industry - Solvents &amp; Chemicals\",\"publisher\":{\"@id\":\"https:\/\/masterchem.ee\/fi\/#organization\"},\"potentialAction\":[{\"@type\":\"SearchAction\",\"target\":{\"@type\":\"EntryPoint\",\"urlTemplate\":\"https:\/\/masterchem.ee\/fi\/?s={search_term_string}\"},\"query-input\":{\"@type\":\"PropertyValueSpecification\",\"valueRequired\":true,\"valueName\":\"search_term_string\"}}],\"inLanguage\":\"fi\"},{\"@type\":\"Organization\",\"@id\":\"https:\/\/masterchem.ee\/fi\/#organization\",\"name\":\"Masterchem\",\"url\":\"https:\/\/masterchem.ee\/fi\/\",\"logo\":{\"@type\":\"ImageObject\",\"inLanguage\":\"fi\",\"@id\":\"https:\/\/masterchem.ee\/fi\/#\/schema\/logo\/image\/\",\"url\":\"https:\/\/masterchem.ee\/wp-content\/uploads\/2018\/02\/master-chem_final-1.png\",\"contentUrl\":\"https:\/\/masterchem.ee\/wp-content\/uploads\/2018\/02\/master-chem_final-1.png\",\"width\":850,\"height\":356,\"caption\":\"Masterchem\"},\"image\":{\"@id\":\"https:\/\/masterchem.ee\/fi\/#\/schema\/logo\/image\/\"}}]}<\/script>\n<!-- \/ Yoast SEO plugin. -->","yoast_head_json":{"title":"Tinasulfaatti (CAS 7488-55-3) - Chemistry For Industry - Solvents &amp; Chemicals - Masterchem.ee","description":"Tina(II)sulfaatti (SnSO4) on kemiallinen yhdiste. Se on valkoinen kiinte\u00e4 aine, joka voi ime\u00e4 tarpeeksi kosteutta ilmasta, jotta se liukenee t\u00e4ysin muodostaen vesiliuoksen","robots":{"index":"index","follow":"follow","max-snippet":"max-snippet:-1","max-image-preview":"max-image-preview:large","max-video-preview":"max-video-preview:-1"},"canonical":"https:\/\/masterchem.ee\/fi\/tooted-ja-teenused\/tinasulfaatti-cas-7488-55-3\/","twitter_card":"summary_large_image","twitter_title":"Tinasulfaatti (CAS 7488-55-3) - Chemistry For Industry - Solvents &amp; Chemicals - Masterchem.ee","twitter_description":"Tina(II)sulfaatti (SnSO4) on kemiallinen yhdiste. Se on valkoinen kiinte\u00e4 aine, joka voi ime\u00e4 tarpeeksi kosteutta ilmasta, jotta se liukenee t\u00e4ysin muodostaen vesiliuoksen","twitter_image":"https:\/\/masterchem.ee\/wp-content\/uploads\/2023\/08\/Tinasulfaat-CAS-7488-55-3-25kg-MasterChem.jpg","schema":{"@context":"https:\/\/schema.org","@graph":[{"@type":"WebPage","@id":"https:\/\/masterchem.ee\/fi\/tooted-ja-teenused\/tinasulfaatti-cas-7488-55-3\/","url":"https:\/\/masterchem.ee\/fi\/tooted-ja-teenused\/tinasulfaatti-cas-7488-55-3\/","name":"Tinasulfaatti (CAS 7488-55-3) - Chemistry For Industry - Solvents &amp; Chemicals - Masterchem.ee","isPartOf":{"@id":"https:\/\/masterchem.ee\/fi\/#website"},"primaryImageOfPage":{"@id":"https:\/\/masterchem.ee\/fi\/tooted-ja-teenused\/tinasulfaatti-cas-7488-55-3\/#primaryimage"},"image":{"@id":"https:\/\/masterchem.ee\/fi\/tooted-ja-teenused\/tinasulfaatti-cas-7488-55-3\/#primaryimage"},"thumbnailUrl":"https:\/\/masterchem.ee\/wp-content\/uploads\/2023\/08\/Tinasulfaat-CAS-7488-55-3-25kg-MasterChem.jpg","datePublished":"2023-08-28T17:36:28+00:00","dateModified":"2023-08-28T17:59:46+00:00","description":"Tina(II)sulfaatti (SnSO4) on kemiallinen yhdiste. Se on valkoinen kiinte\u00e4 aine, joka voi ime\u00e4 tarpeeksi kosteutta ilmasta, jotta se liukenee t\u00e4ysin muodostaen vesiliuoksen","breadcrumb":{"@id":"https:\/\/masterchem.ee\/fi\/tooted-ja-teenused\/tinasulfaatti-cas-7488-55-3\/#breadcrumb"},"inLanguage":"fi","potentialAction":[{"@type":"ReadAction","target":["https:\/\/masterchem.ee\/fi\/tooted-ja-teenused\/tinasulfaatti-cas-7488-55-3\/"]}]},{"@type":"ImageObject","inLanguage":"fi","@id":"https:\/\/masterchem.ee\/fi\/tooted-ja-teenused\/tinasulfaatti-cas-7488-55-3\/#primaryimage","url":"https:\/\/masterchem.ee\/wp-content\/uploads\/2023\/08\/Tinasulfaat-CAS-7488-55-3-25kg-MasterChem.jpg","contentUrl":"https:\/\/masterchem.ee\/wp-content\/uploads\/2023\/08\/Tinasulfaat-CAS-7488-55-3-25kg-MasterChem.jpg","width":1000,"height":1000},{"@type":"BreadcrumbList","@id":"https:\/\/masterchem.ee\/fi\/tooted-ja-teenused\/tinasulfaatti-cas-7488-55-3\/#breadcrumb","itemListElement":[{"@type":"ListItem","position":1,"name":"Home","item":"https:\/\/masterchem.ee\/fi\/"},{"@type":"ListItem","position":2,"name":"Tooted ja teenused","item":"https:\/\/masterchem.ee\/tooted-ja-teenused\/"},{"@type":"ListItem","position":3,"name":"Tinasulfaatti (CAS 7488-55-3)"}]},{"@type":"WebSite","@id":"https:\/\/masterchem.ee\/fi\/#website","url":"https:\/\/masterchem.ee\/fi\/","name":"Masterchem.ee","description":"Chemistry For Industry - Solvents &amp; Chemicals","publisher":{"@id":"https:\/\/masterchem.ee\/fi\/#organization"},"potentialAction":[{"@type":"SearchAction","target":{"@type":"EntryPoint","urlTemplate":"https:\/\/masterchem.ee\/fi\/?s={search_term_string}"},"query-input":{"@type":"PropertyValueSpecification","valueRequired":true,"valueName":"search_term_string"}}],"inLanguage":"fi"},{"@type":"Organization","@id":"https:\/\/masterchem.ee\/fi\/#organization","name":"Masterchem","url":"https:\/\/masterchem.ee\/fi\/","logo":{"@type":"ImageObject","inLanguage":"fi","@id":"https:\/\/masterchem.ee\/fi\/#\/schema\/logo\/image\/","url":"https:\/\/masterchem.ee\/wp-content\/uploads\/2018\/02\/master-chem_final-1.png","contentUrl":"https:\/\/masterchem.ee\/wp-content\/uploads\/2018\/02\/master-chem_final-1.png","width":850,"height":356,"caption":"Masterchem"},"image":{"@id":"https:\/\/masterchem.ee\/fi\/#\/schema\/logo\/image\/"}}]}},"_links":{"self":[{"href":"https:\/\/masterchem.ee\/fi\/wp-json\/wp\/v2\/product\/22676","targetHints":{"allow":["GET"]}}],"collection":[{"href":"https:\/\/masterchem.ee\/fi\/wp-json\/wp\/v2\/product"}],"about":[{"href":"https:\/\/masterchem.ee\/fi\/wp-json\/wp\/v2\/types\/product"}],"wp:featuredmedia":[{"embeddable":true,"href":"https:\/\/masterchem.ee\/fi\/wp-json\/wp\/v2\/media\/22684"}],"wp:attachment":[{"href":"https:\/\/masterchem.ee\/fi\/wp-json\/wp\/v2\/media?parent=22676"}],"wp:term":[{"taxonomy":"product_brand","embeddable":true,"href":"https:\/\/masterchem.ee\/fi\/wp-json\/wp\/v2\/product_brand?post=22676"},{"taxonomy":"product_cat","embeddable":true,"href":"https:\/\/masterchem.ee\/fi\/wp-json\/wp\/v2\/product_cat?post=22676"},{"taxonomy":"product_tag","embeddable":true,"href":"https:\/\/masterchem.ee\/fi\/wp-json\/wp\/v2\/product_tag?post=22676"}],"curies":[{"name":"wp","href":"https:\/\/api.w.org\/{rel}","templated":true}]}}