{"id":22601,"date":"2023-08-27T14:02:27","date_gmt":"2023-08-27T14:02:40","guid":{"rendered":"https:\/\/masterchem.ee\/?post_type=product&#038;p=22601"},"modified":"2025-08-01T12:06:06","modified_gmt":"2025-08-01T12:06:06","slug":"kaliumsilikaatti-cas-1312-76-1","status":"publish","type":"product","link":"https:\/\/masterchem.ee\/fi\/tooted-ja-teenused\/kaliumsilikaatti-cas-1312-76-1\/","title":{"rendered":"Kaliumsilikaatti (CAS 1312-76-1)"},"content":{"rendered":"<p><strong>Tiedot<\/strong><br \/>\nTuotetunnus: Kaliumsilikaattiliuos<br \/>\nToimialat: Rakennuskemia<br \/>\nCAS-numero: 1312-76-1<br \/>\nWE-numero: 215-199-1<br \/>\nKemiallinen kaava: K2O\u00b7NO2Si<br \/>\n<strong>Muut fyysiset ominaisuudet<\/strong><br \/>\npH: 11-13 (20 \u00b0C)<br \/>\nSulamis-\/j\u00e4\u00e4tymispiste: 550-670\u00b0C , 730-870\u00b0C<br \/>\nKiehumispiste\/alue: 300\u00b0C<br \/>\nSuhteellinen tiheys: 1,25 \u2013 1,60 g\/cm3<\/p>\n","protected":false},"excerpt":{"rendered":"<p><strong>Kaliumsilikaatti (CAS 1312-76-1)<\/strong><\/p>\n<p>Kaliumsilikaatti on ep\u00e4orgaanisten yhdisteiden ryhm\u00e4n nimi. Yleisin kaliumsilikaatin kaava on K2SiO3, jonka n\u00e4ytteet sis\u00e4lt\u00e4v\u00e4t vaihtelevia m\u00e4\u00e4ri\u00e4 vett\u00e4. N\u00e4m\u00e4 ovat valkoisia kiinteit\u00e4 aineita tai v\u00e4ritt\u00f6mi\u00e4 liuoksia.<\/p>\n<p>Joissakin metallinpuhdistusvalmisteissa k\u00e4ytet\u00e4\u00e4n kaliumsilikaattia, joka toimii my\u00f6s korroosionestoaineena. Sill\u00e4 on my\u00f6s useita k\u00e4ytt\u00f6kohteita hitsaustankojen tai jopa kosmetiikan valmistuksessa.<\/p>\n<p><a target=\"_blank\" href=\"https:\/\/masterchem.ee\/en\/?attachment_id=26881\" class=\"pdf\" alt=\"Masterchem piihapon kaliumsuolaliuos (TDS)\" title=\"Masterchem piihapon kaliumsuolaliuos (TDS)\" rel=\"noopener\">Masterchem piihapon kaliumsuolaliuos (TDS)<\/a><\/p>\n","protected":false},"featured_media":22643,"template":"","meta":[],"product_brand":[],"product_cat":[180,114],"product_tag":[],"class_list":{"0":"post-22601","1":"product","2":"type-product","3":"status-publish","4":"has-post-thumbnail","6":"product_cat-uncategorized-fi-2","7":"product_cat-rakennusteollisuus","8":"pif-has-gallery","10":"first","11":"instock","12":"taxable","13":"shipping-taxable","14":"purchasable","15":"product-type-variable","16":"has-default-attributes"},"yoast_head":"<!-- This site is optimized with the Yoast SEO plugin v26.2 - https:\/\/yoast.com\/wordpress\/plugins\/seo\/ -->\n<title>Kaliumsilikaatti (CAS 1312-76-1) - Chemistry For Industry - Solvents &amp; Chemicals - Masterchem.ee<\/title>\n<meta name=\"description\" content=\"Kaliumsilikaatti on ep\u00e4orgaanisten yhdisteiden ryhm\u00e4n nimi. Yleisin kaliumsilikaatin kaava on K2SiO3, jonka n\u00e4ytteet sis\u00e4lt\u00e4v\u00e4t vaihtelevia m\u00e4\u00e4ri\u00e4 vett\u00e4.\" \/>\n<meta name=\"robots\" content=\"index, follow, max-snippet:-1, max-image-preview:large, max-video-preview:-1\" \/>\n<link rel=\"canonical\" href=\"https:\/\/masterchem.ee\/fi\/tooted-ja-teenused\/kaliumsilikaatti-cas-1312-76-1\/\" \/>\n<meta name=\"twitter:card\" content=\"summary_large_image\" \/>\n<meta name=\"twitter:title\" content=\"Kaliumsilikaatti (CAS 1312-76-1) - Chemistry For Industry - Solvents &amp; Chemicals - Masterchem.ee\" \/>\n<meta name=\"twitter:description\" content=\"Kaliumsilikaatti on ep\u00e4orgaanisten yhdisteiden ryhm\u00e4n nimi. Yleisin kaliumsilikaatin kaava on K2SiO3, jonka n\u00e4ytteet sis\u00e4lt\u00e4v\u00e4t vaihtelevia m\u00e4\u00e4ri\u00e4 vett\u00e4.\" \/>\n<meta name=\"twitter:image\" content=\"https:\/\/masterchem.ee\/wp-content\/uploads\/2023\/08\/Kaaliumsilikaat-1000l-MasterChem.jpg\" \/>\n<script type=\"application\/ld+json\" class=\"yoast-schema-graph\">{\"@context\":\"https:\/\/schema.org\",\"@graph\":[{\"@type\":\"WebPage\",\"@id\":\"https:\/\/masterchem.ee\/fi\/tooted-ja-teenused\/kaliumsilikaatti-cas-1312-76-1\/\",\"url\":\"https:\/\/masterchem.ee\/fi\/tooted-ja-teenused\/kaliumsilikaatti-cas-1312-76-1\/\",\"name\":\"Kaliumsilikaatti (CAS 1312-76-1) - Chemistry For Industry - Solvents &amp; Chemicals - Masterchem.ee\",\"isPartOf\":{\"@id\":\"https:\/\/masterchem.ee\/fi\/#website\"},\"primaryImageOfPage\":{\"@id\":\"https:\/\/masterchem.ee\/fi\/tooted-ja-teenused\/kaliumsilikaatti-cas-1312-76-1\/#primaryimage\"},\"image\":{\"@id\":\"https:\/\/masterchem.ee\/fi\/tooted-ja-teenused\/kaliumsilikaatti-cas-1312-76-1\/#primaryimage\"},\"thumbnailUrl\":\"https:\/\/masterchem.ee\/wp-content\/uploads\/2023\/08\/Kaaliumsilikaat-1000l-MasterChem.jpg\",\"datePublished\":\"2023-08-27T14:02:40+00:00\",\"dateModified\":\"2025-08-01T12:06:06+00:00\",\"description\":\"Kaliumsilikaatti on ep\u00e4orgaanisten yhdisteiden ryhm\u00e4n nimi. Yleisin kaliumsilikaatin kaava on K2SiO3, jonka n\u00e4ytteet sis\u00e4lt\u00e4v\u00e4t vaihtelevia m\u00e4\u00e4ri\u00e4 vett\u00e4.\",\"breadcrumb\":{\"@id\":\"https:\/\/masterchem.ee\/fi\/tooted-ja-teenused\/kaliumsilikaatti-cas-1312-76-1\/#breadcrumb\"},\"inLanguage\":\"fi\",\"potentialAction\":[{\"@type\":\"ReadAction\",\"target\":[\"https:\/\/masterchem.ee\/fi\/tooted-ja-teenused\/kaliumsilikaatti-cas-1312-76-1\/\"]}]},{\"@type\":\"ImageObject\",\"inLanguage\":\"fi\",\"@id\":\"https:\/\/masterchem.ee\/fi\/tooted-ja-teenused\/kaliumsilikaatti-cas-1312-76-1\/#primaryimage\",\"url\":\"https:\/\/masterchem.ee\/wp-content\/uploads\/2023\/08\/Kaaliumsilikaat-1000l-MasterChem.jpg\",\"contentUrl\":\"https:\/\/masterchem.ee\/wp-content\/uploads\/2023\/08\/Kaaliumsilikaat-1000l-MasterChem.jpg\",\"width\":1000,\"height\":1000},{\"@type\":\"BreadcrumbList\",\"@id\":\"https:\/\/masterchem.ee\/fi\/tooted-ja-teenused\/kaliumsilikaatti-cas-1312-76-1\/#breadcrumb\",\"itemListElement\":[{\"@type\":\"ListItem\",\"position\":1,\"name\":\"Home\",\"item\":\"https:\/\/masterchem.ee\/fi\/\"},{\"@type\":\"ListItem\",\"position\":2,\"name\":\"Tooted ja teenused\",\"item\":\"https:\/\/masterchem.ee\/tooted-ja-teenused\/\"},{\"@type\":\"ListItem\",\"position\":3,\"name\":\"Kaliumsilikaatti (CAS 1312-76-1)\"}]},{\"@type\":\"WebSite\",\"@id\":\"https:\/\/masterchem.ee\/fi\/#website\",\"url\":\"https:\/\/masterchem.ee\/fi\/\",\"name\":\"Masterchem.ee\",\"description\":\"Chemistry For Industry - Solvents &amp; Chemicals\",\"publisher\":{\"@id\":\"https:\/\/masterchem.ee\/fi\/#organization\"},\"potentialAction\":[{\"@type\":\"SearchAction\",\"target\":{\"@type\":\"EntryPoint\",\"urlTemplate\":\"https:\/\/masterchem.ee\/fi\/?s={search_term_string}\"},\"query-input\":{\"@type\":\"PropertyValueSpecification\",\"valueRequired\":true,\"valueName\":\"search_term_string\"}}],\"inLanguage\":\"fi\"},{\"@type\":\"Organization\",\"@id\":\"https:\/\/masterchem.ee\/fi\/#organization\",\"name\":\"Masterchem\",\"url\":\"https:\/\/masterchem.ee\/fi\/\",\"logo\":{\"@type\":\"ImageObject\",\"inLanguage\":\"fi\",\"@id\":\"https:\/\/masterchem.ee\/fi\/#\/schema\/logo\/image\/\",\"url\":\"https:\/\/masterchem.ee\/wp-content\/uploads\/2018\/02\/master-chem_final-1.png\",\"contentUrl\":\"https:\/\/masterchem.ee\/wp-content\/uploads\/2018\/02\/master-chem_final-1.png\",\"width\":850,\"height\":356,\"caption\":\"Masterchem\"},\"image\":{\"@id\":\"https:\/\/masterchem.ee\/fi\/#\/schema\/logo\/image\/\"}}]}<\/script>\n<!-- \/ Yoast SEO plugin. -->","yoast_head_json":{"title":"Kaliumsilikaatti (CAS 1312-76-1) - Chemistry For Industry - Solvents &amp; Chemicals - Masterchem.ee","description":"Kaliumsilikaatti on ep\u00e4orgaanisten yhdisteiden ryhm\u00e4n nimi. Yleisin kaliumsilikaatin kaava on K2SiO3, jonka n\u00e4ytteet sis\u00e4lt\u00e4v\u00e4t vaihtelevia m\u00e4\u00e4ri\u00e4 vett\u00e4.","robots":{"index":"index","follow":"follow","max-snippet":"max-snippet:-1","max-image-preview":"max-image-preview:large","max-video-preview":"max-video-preview:-1"},"canonical":"https:\/\/masterchem.ee\/fi\/tooted-ja-teenused\/kaliumsilikaatti-cas-1312-76-1\/","twitter_card":"summary_large_image","twitter_title":"Kaliumsilikaatti (CAS 1312-76-1) - Chemistry For Industry - Solvents &amp; Chemicals - Masterchem.ee","twitter_description":"Kaliumsilikaatti on ep\u00e4orgaanisten yhdisteiden ryhm\u00e4n nimi. Yleisin kaliumsilikaatin kaava on K2SiO3, jonka n\u00e4ytteet sis\u00e4lt\u00e4v\u00e4t vaihtelevia m\u00e4\u00e4ri\u00e4 vett\u00e4.","twitter_image":"https:\/\/masterchem.ee\/wp-content\/uploads\/2023\/08\/Kaaliumsilikaat-1000l-MasterChem.jpg","schema":{"@context":"https:\/\/schema.org","@graph":[{"@type":"WebPage","@id":"https:\/\/masterchem.ee\/fi\/tooted-ja-teenused\/kaliumsilikaatti-cas-1312-76-1\/","url":"https:\/\/masterchem.ee\/fi\/tooted-ja-teenused\/kaliumsilikaatti-cas-1312-76-1\/","name":"Kaliumsilikaatti (CAS 1312-76-1) - Chemistry For Industry - Solvents &amp; Chemicals - Masterchem.ee","isPartOf":{"@id":"https:\/\/masterchem.ee\/fi\/#website"},"primaryImageOfPage":{"@id":"https:\/\/masterchem.ee\/fi\/tooted-ja-teenused\/kaliumsilikaatti-cas-1312-76-1\/#primaryimage"},"image":{"@id":"https:\/\/masterchem.ee\/fi\/tooted-ja-teenused\/kaliumsilikaatti-cas-1312-76-1\/#primaryimage"},"thumbnailUrl":"https:\/\/masterchem.ee\/wp-content\/uploads\/2023\/08\/Kaaliumsilikaat-1000l-MasterChem.jpg","datePublished":"2023-08-27T14:02:40+00:00","dateModified":"2025-08-01T12:06:06+00:00","description":"Kaliumsilikaatti on ep\u00e4orgaanisten yhdisteiden ryhm\u00e4n nimi. Yleisin kaliumsilikaatin kaava on K2SiO3, jonka n\u00e4ytteet sis\u00e4lt\u00e4v\u00e4t vaihtelevia m\u00e4\u00e4ri\u00e4 vett\u00e4.","breadcrumb":{"@id":"https:\/\/masterchem.ee\/fi\/tooted-ja-teenused\/kaliumsilikaatti-cas-1312-76-1\/#breadcrumb"},"inLanguage":"fi","potentialAction":[{"@type":"ReadAction","target":["https:\/\/masterchem.ee\/fi\/tooted-ja-teenused\/kaliumsilikaatti-cas-1312-76-1\/"]}]},{"@type":"ImageObject","inLanguage":"fi","@id":"https:\/\/masterchem.ee\/fi\/tooted-ja-teenused\/kaliumsilikaatti-cas-1312-76-1\/#primaryimage","url":"https:\/\/masterchem.ee\/wp-content\/uploads\/2023\/08\/Kaaliumsilikaat-1000l-MasterChem.jpg","contentUrl":"https:\/\/masterchem.ee\/wp-content\/uploads\/2023\/08\/Kaaliumsilikaat-1000l-MasterChem.jpg","width":1000,"height":1000},{"@type":"BreadcrumbList","@id":"https:\/\/masterchem.ee\/fi\/tooted-ja-teenused\/kaliumsilikaatti-cas-1312-76-1\/#breadcrumb","itemListElement":[{"@type":"ListItem","position":1,"name":"Home","item":"https:\/\/masterchem.ee\/fi\/"},{"@type":"ListItem","position":2,"name":"Tooted ja teenused","item":"https:\/\/masterchem.ee\/tooted-ja-teenused\/"},{"@type":"ListItem","position":3,"name":"Kaliumsilikaatti (CAS 1312-76-1)"}]},{"@type":"WebSite","@id":"https:\/\/masterchem.ee\/fi\/#website","url":"https:\/\/masterchem.ee\/fi\/","name":"Masterchem.ee","description":"Chemistry For Industry - Solvents &amp; Chemicals","publisher":{"@id":"https:\/\/masterchem.ee\/fi\/#organization"},"potentialAction":[{"@type":"SearchAction","target":{"@type":"EntryPoint","urlTemplate":"https:\/\/masterchem.ee\/fi\/?s={search_term_string}"},"query-input":{"@type":"PropertyValueSpecification","valueRequired":true,"valueName":"search_term_string"}}],"inLanguage":"fi"},{"@type":"Organization","@id":"https:\/\/masterchem.ee\/fi\/#organization","name":"Masterchem","url":"https:\/\/masterchem.ee\/fi\/","logo":{"@type":"ImageObject","inLanguage":"fi","@id":"https:\/\/masterchem.ee\/fi\/#\/schema\/logo\/image\/","url":"https:\/\/masterchem.ee\/wp-content\/uploads\/2018\/02\/master-chem_final-1.png","contentUrl":"https:\/\/masterchem.ee\/wp-content\/uploads\/2018\/02\/master-chem_final-1.png","width":850,"height":356,"caption":"Masterchem"},"image":{"@id":"https:\/\/masterchem.ee\/fi\/#\/schema\/logo\/image\/"}}]}},"_links":{"self":[{"href":"https:\/\/masterchem.ee\/fi\/wp-json\/wp\/v2\/product\/22601","targetHints":{"allow":["GET"]}}],"collection":[{"href":"https:\/\/masterchem.ee\/fi\/wp-json\/wp\/v2\/product"}],"about":[{"href":"https:\/\/masterchem.ee\/fi\/wp-json\/wp\/v2\/types\/product"}],"wp:featuredmedia":[{"embeddable":true,"href":"https:\/\/masterchem.ee\/fi\/wp-json\/wp\/v2\/media\/22643"}],"wp:attachment":[{"href":"https:\/\/masterchem.ee\/fi\/wp-json\/wp\/v2\/media?parent=22601"}],"wp:term":[{"taxonomy":"product_brand","embeddable":true,"href":"https:\/\/masterchem.ee\/fi\/wp-json\/wp\/v2\/product_brand?post=22601"},{"taxonomy":"product_cat","embeddable":true,"href":"https:\/\/masterchem.ee\/fi\/wp-json\/wp\/v2\/product_cat?post=22601"},{"taxonomy":"product_tag","embeddable":true,"href":"https:\/\/masterchem.ee\/fi\/wp-json\/wp\/v2\/product_tag?post=22601"}],"curies":[{"name":"wp","href":"https:\/\/api.w.org\/{rel}","templated":true}]}}