{"id":22510,"date":"2023-08-23T17:39:59","date_gmt":"2023-08-23T17:40:09","guid":{"rendered":"https:\/\/masterchem.ee\/?post_type=product&#038;p=22510"},"modified":"2023-08-23T17:50:47","modified_gmt":"2023-08-23T17:50:47","slug":"natriumbisulfiitti-cas-7631-90-5","status":"publish","type":"product","link":"https:\/\/masterchem.ee\/fi\/tooted-ja-teenused\/natriumbisulfiitti-cas-7631-90-5\/","title":{"rendered":"Natriumbisulfiitti (CAS 7631-90-5)"},"content":{"rendered":"<p><strong>Natriumbisulfiittiliuos<\/strong><br \/>\nToimialat: Liimat, \u00f6ljyt, rasvat, elintarviketeollisuus<br \/>\nCAS-numero: 7631-90-5<br \/>\nWE-numero: 231-548-0<br \/>\nKemiallinen kaava: NaHSO3<br \/>\nMoolimassa: 104,06 g\/mol<br \/>\nTullitariffikoodi: 28321000<br \/>\n<strong>Muut fyysiset ominaisuudet<\/strong><br \/>\npH: >4<br \/>\nSulamis-\/j\u00e4\u00e4tymispiste: 5\u00b0C<br \/>\nKiehumispiste\/alue: 146\u00b0C<br \/>\nSuhteellinen tiheys: 1,35 g\/cm3<br \/>\nLiukoisuus veteen: 540 g\/l<\/p>\n","protected":false},"excerpt":{"rendered":"<p><strong>Natriumbisulfiitti (CAS 7631-90-5)<\/strong><\/p>\n<p>Natriumbisulfiittiliuos on eriv\u00e4rinen neste huoneenl\u00e4mp\u00f6tilassa. Sit\u00e4 k\u00e4ytet\u00e4\u00e4n j\u00e4teveden k\u00e4sittelyss\u00e4, massa- ja paperiteollisuudessa, valokuvateollisuudessa ja useilla muilla teollisuudenaloilla valkaisuaineena tai kloorinpoistoaineena. Sit\u00e4 voidaan k\u00e4ytt\u00e4\u00e4 my\u00f6s savukaasujen k\u00e4sittelyyn rikkitrioksidin (SO3) poistamiseksi.<\/p>\n","protected":false},"featured_media":22552,"template":"","meta":[],"product_brand":[],"product_cat":[180,307],"product_tag":[],"class_list":{"0":"post-22510","1":"product","2":"type-product","3":"status-publish","4":"has-post-thumbnail","6":"product_cat-uncategorized-fi-2","7":"product_cat-ruokateollisuus","8":"pif-has-gallery","10":"first","11":"instock","12":"taxable","13":"shipping-taxable","14":"purchasable","15":"product-type-variable","16":"has-default-attributes"},"yoast_head":"<!-- This site is optimized with the Yoast SEO plugin v26.2 - https:\/\/yoast.com\/wordpress\/plugins\/seo\/ -->\n<title>Natriumbisulfiitti (CAS 7631-90-5) - Chemistry For Industry - Solvents &amp; Chemicals - Masterchem.ee<\/title>\n<meta name=\"description\" content=\"Natriumbisulfiittiliuos on eriv\u00e4rinen neste huoneenl\u00e4mp\u00f6tilassa. Sit\u00e4 k\u00e4ytet\u00e4\u00e4n j\u00e4teveden k\u00e4sittelyss\u00e4, massa- ja paperiteollisuudessa\" \/>\n<meta name=\"robots\" content=\"index, follow, max-snippet:-1, max-image-preview:large, max-video-preview:-1\" \/>\n<link rel=\"canonical\" href=\"https:\/\/masterchem.ee\/fi\/tooted-ja-teenused\/natriumbisulfiitti-cas-7631-90-5\/\" \/>\n<meta name=\"twitter:card\" content=\"summary_large_image\" \/>\n<meta name=\"twitter:title\" content=\"Natriumbisulfiitti (CAS 7631-90-5) - Chemistry For Industry - Solvents &amp; Chemicals - Masterchem.ee\" \/>\n<meta name=\"twitter:description\" content=\"Natriumbisulfiittiliuos on eriv\u00e4rinen neste huoneenl\u00e4mp\u00f6tilassa. Sit\u00e4 k\u00e4ytet\u00e4\u00e4n j\u00e4teveden k\u00e4sittelyss\u00e4, massa- ja paperiteollisuudessa\" \/>\n<meta name=\"twitter:image\" content=\"https:\/\/masterchem.ee\/wp-content\/uploads\/2023\/08\/Naatriumvesiniksulfit-1000l-MaterChem.jpg\" \/>\n<script type=\"application\/ld+json\" class=\"yoast-schema-graph\">{\"@context\":\"https:\/\/schema.org\",\"@graph\":[{\"@type\":\"WebPage\",\"@id\":\"https:\/\/masterchem.ee\/fi\/tooted-ja-teenused\/natriumbisulfiitti-cas-7631-90-5\/\",\"url\":\"https:\/\/masterchem.ee\/fi\/tooted-ja-teenused\/natriumbisulfiitti-cas-7631-90-5\/\",\"name\":\"Natriumbisulfiitti (CAS 7631-90-5) - Chemistry For Industry - Solvents &amp; Chemicals - Masterchem.ee\",\"isPartOf\":{\"@id\":\"https:\/\/masterchem.ee\/fi\/#website\"},\"primaryImageOfPage\":{\"@id\":\"https:\/\/masterchem.ee\/fi\/tooted-ja-teenused\/natriumbisulfiitti-cas-7631-90-5\/#primaryimage\"},\"image\":{\"@id\":\"https:\/\/masterchem.ee\/fi\/tooted-ja-teenused\/natriumbisulfiitti-cas-7631-90-5\/#primaryimage\"},\"thumbnailUrl\":\"https:\/\/masterchem.ee\/wp-content\/uploads\/2023\/08\/Naatriumvesiniksulfit-1000l-MaterChem.jpg\",\"datePublished\":\"2023-08-23T17:40:09+00:00\",\"dateModified\":\"2023-08-23T17:50:47+00:00\",\"description\":\"Natriumbisulfiittiliuos on eriv\u00e4rinen neste huoneenl\u00e4mp\u00f6tilassa. Sit\u00e4 k\u00e4ytet\u00e4\u00e4n j\u00e4teveden k\u00e4sittelyss\u00e4, massa- ja paperiteollisuudessa\",\"breadcrumb\":{\"@id\":\"https:\/\/masterchem.ee\/fi\/tooted-ja-teenused\/natriumbisulfiitti-cas-7631-90-5\/#breadcrumb\"},\"inLanguage\":\"fi\",\"potentialAction\":[{\"@type\":\"ReadAction\",\"target\":[\"https:\/\/masterchem.ee\/fi\/tooted-ja-teenused\/natriumbisulfiitti-cas-7631-90-5\/\"]}]},{\"@type\":\"ImageObject\",\"inLanguage\":\"fi\",\"@id\":\"https:\/\/masterchem.ee\/fi\/tooted-ja-teenused\/natriumbisulfiitti-cas-7631-90-5\/#primaryimage\",\"url\":\"https:\/\/masterchem.ee\/wp-content\/uploads\/2023\/08\/Naatriumvesiniksulfit-1000l-MaterChem.jpg\",\"contentUrl\":\"https:\/\/masterchem.ee\/wp-content\/uploads\/2023\/08\/Naatriumvesiniksulfit-1000l-MaterChem.jpg\",\"width\":1000,\"height\":1000},{\"@type\":\"BreadcrumbList\",\"@id\":\"https:\/\/masterchem.ee\/fi\/tooted-ja-teenused\/natriumbisulfiitti-cas-7631-90-5\/#breadcrumb\",\"itemListElement\":[{\"@type\":\"ListItem\",\"position\":1,\"name\":\"Home\",\"item\":\"https:\/\/masterchem.ee\/fi\/\"},{\"@type\":\"ListItem\",\"position\":2,\"name\":\"Tooted ja teenused\",\"item\":\"https:\/\/masterchem.ee\/tooted-ja-teenused\/\"},{\"@type\":\"ListItem\",\"position\":3,\"name\":\"Natriumbisulfiitti (CAS 7631-90-5)\"}]},{\"@type\":\"WebSite\",\"@id\":\"https:\/\/masterchem.ee\/fi\/#website\",\"url\":\"https:\/\/masterchem.ee\/fi\/\",\"name\":\"Masterchem.ee\",\"description\":\"Chemistry For Industry - Solvents &amp; Chemicals\",\"publisher\":{\"@id\":\"https:\/\/masterchem.ee\/fi\/#organization\"},\"potentialAction\":[{\"@type\":\"SearchAction\",\"target\":{\"@type\":\"EntryPoint\",\"urlTemplate\":\"https:\/\/masterchem.ee\/fi\/?s={search_term_string}\"},\"query-input\":{\"@type\":\"PropertyValueSpecification\",\"valueRequired\":true,\"valueName\":\"search_term_string\"}}],\"inLanguage\":\"fi\"},{\"@type\":\"Organization\",\"@id\":\"https:\/\/masterchem.ee\/fi\/#organization\",\"name\":\"Masterchem\",\"url\":\"https:\/\/masterchem.ee\/fi\/\",\"logo\":{\"@type\":\"ImageObject\",\"inLanguage\":\"fi\",\"@id\":\"https:\/\/masterchem.ee\/fi\/#\/schema\/logo\/image\/\",\"url\":\"https:\/\/masterchem.ee\/wp-content\/uploads\/2018\/02\/master-chem_final-1.png\",\"contentUrl\":\"https:\/\/masterchem.ee\/wp-content\/uploads\/2018\/02\/master-chem_final-1.png\",\"width\":850,\"height\":356,\"caption\":\"Masterchem\"},\"image\":{\"@id\":\"https:\/\/masterchem.ee\/fi\/#\/schema\/logo\/image\/\"}}]}<\/script>\n<!-- \/ Yoast SEO plugin. -->","yoast_head_json":{"title":"Natriumbisulfiitti (CAS 7631-90-5) - Chemistry For Industry - Solvents &amp; Chemicals - Masterchem.ee","description":"Natriumbisulfiittiliuos on eriv\u00e4rinen neste huoneenl\u00e4mp\u00f6tilassa. Sit\u00e4 k\u00e4ytet\u00e4\u00e4n j\u00e4teveden k\u00e4sittelyss\u00e4, massa- ja paperiteollisuudessa","robots":{"index":"index","follow":"follow","max-snippet":"max-snippet:-1","max-image-preview":"max-image-preview:large","max-video-preview":"max-video-preview:-1"},"canonical":"https:\/\/masterchem.ee\/fi\/tooted-ja-teenused\/natriumbisulfiitti-cas-7631-90-5\/","twitter_card":"summary_large_image","twitter_title":"Natriumbisulfiitti (CAS 7631-90-5) - Chemistry For Industry - Solvents &amp; Chemicals - Masterchem.ee","twitter_description":"Natriumbisulfiittiliuos on eriv\u00e4rinen neste huoneenl\u00e4mp\u00f6tilassa. Sit\u00e4 k\u00e4ytet\u00e4\u00e4n j\u00e4teveden k\u00e4sittelyss\u00e4, massa- ja paperiteollisuudessa","twitter_image":"https:\/\/masterchem.ee\/wp-content\/uploads\/2023\/08\/Naatriumvesiniksulfit-1000l-MaterChem.jpg","schema":{"@context":"https:\/\/schema.org","@graph":[{"@type":"WebPage","@id":"https:\/\/masterchem.ee\/fi\/tooted-ja-teenused\/natriumbisulfiitti-cas-7631-90-5\/","url":"https:\/\/masterchem.ee\/fi\/tooted-ja-teenused\/natriumbisulfiitti-cas-7631-90-5\/","name":"Natriumbisulfiitti (CAS 7631-90-5) - Chemistry For Industry - Solvents &amp; Chemicals - Masterchem.ee","isPartOf":{"@id":"https:\/\/masterchem.ee\/fi\/#website"},"primaryImageOfPage":{"@id":"https:\/\/masterchem.ee\/fi\/tooted-ja-teenused\/natriumbisulfiitti-cas-7631-90-5\/#primaryimage"},"image":{"@id":"https:\/\/masterchem.ee\/fi\/tooted-ja-teenused\/natriumbisulfiitti-cas-7631-90-5\/#primaryimage"},"thumbnailUrl":"https:\/\/masterchem.ee\/wp-content\/uploads\/2023\/08\/Naatriumvesiniksulfit-1000l-MaterChem.jpg","datePublished":"2023-08-23T17:40:09+00:00","dateModified":"2023-08-23T17:50:47+00:00","description":"Natriumbisulfiittiliuos on eriv\u00e4rinen neste huoneenl\u00e4mp\u00f6tilassa. Sit\u00e4 k\u00e4ytet\u00e4\u00e4n j\u00e4teveden k\u00e4sittelyss\u00e4, massa- ja paperiteollisuudessa","breadcrumb":{"@id":"https:\/\/masterchem.ee\/fi\/tooted-ja-teenused\/natriumbisulfiitti-cas-7631-90-5\/#breadcrumb"},"inLanguage":"fi","potentialAction":[{"@type":"ReadAction","target":["https:\/\/masterchem.ee\/fi\/tooted-ja-teenused\/natriumbisulfiitti-cas-7631-90-5\/"]}]},{"@type":"ImageObject","inLanguage":"fi","@id":"https:\/\/masterchem.ee\/fi\/tooted-ja-teenused\/natriumbisulfiitti-cas-7631-90-5\/#primaryimage","url":"https:\/\/masterchem.ee\/wp-content\/uploads\/2023\/08\/Naatriumvesiniksulfit-1000l-MaterChem.jpg","contentUrl":"https:\/\/masterchem.ee\/wp-content\/uploads\/2023\/08\/Naatriumvesiniksulfit-1000l-MaterChem.jpg","width":1000,"height":1000},{"@type":"BreadcrumbList","@id":"https:\/\/masterchem.ee\/fi\/tooted-ja-teenused\/natriumbisulfiitti-cas-7631-90-5\/#breadcrumb","itemListElement":[{"@type":"ListItem","position":1,"name":"Home","item":"https:\/\/masterchem.ee\/fi\/"},{"@type":"ListItem","position":2,"name":"Tooted ja teenused","item":"https:\/\/masterchem.ee\/tooted-ja-teenused\/"},{"@type":"ListItem","position":3,"name":"Natriumbisulfiitti (CAS 7631-90-5)"}]},{"@type":"WebSite","@id":"https:\/\/masterchem.ee\/fi\/#website","url":"https:\/\/masterchem.ee\/fi\/","name":"Masterchem.ee","description":"Chemistry For Industry - Solvents &amp; Chemicals","publisher":{"@id":"https:\/\/masterchem.ee\/fi\/#organization"},"potentialAction":[{"@type":"SearchAction","target":{"@type":"EntryPoint","urlTemplate":"https:\/\/masterchem.ee\/fi\/?s={search_term_string}"},"query-input":{"@type":"PropertyValueSpecification","valueRequired":true,"valueName":"search_term_string"}}],"inLanguage":"fi"},{"@type":"Organization","@id":"https:\/\/masterchem.ee\/fi\/#organization","name":"Masterchem","url":"https:\/\/masterchem.ee\/fi\/","logo":{"@type":"ImageObject","inLanguage":"fi","@id":"https:\/\/masterchem.ee\/fi\/#\/schema\/logo\/image\/","url":"https:\/\/masterchem.ee\/wp-content\/uploads\/2018\/02\/master-chem_final-1.png","contentUrl":"https:\/\/masterchem.ee\/wp-content\/uploads\/2018\/02\/master-chem_final-1.png","width":850,"height":356,"caption":"Masterchem"},"image":{"@id":"https:\/\/masterchem.ee\/fi\/#\/schema\/logo\/image\/"}}]}},"_links":{"self":[{"href":"https:\/\/masterchem.ee\/fi\/wp-json\/wp\/v2\/product\/22510","targetHints":{"allow":["GET"]}}],"collection":[{"href":"https:\/\/masterchem.ee\/fi\/wp-json\/wp\/v2\/product"}],"about":[{"href":"https:\/\/masterchem.ee\/fi\/wp-json\/wp\/v2\/types\/product"}],"wp:featuredmedia":[{"embeddable":true,"href":"https:\/\/masterchem.ee\/fi\/wp-json\/wp\/v2\/media\/22552"}],"wp:attachment":[{"href":"https:\/\/masterchem.ee\/fi\/wp-json\/wp\/v2\/media?parent=22510"}],"wp:term":[{"taxonomy":"product_brand","embeddable":true,"href":"https:\/\/masterchem.ee\/fi\/wp-json\/wp\/v2\/product_brand?post=22510"},{"taxonomy":"product_cat","embeddable":true,"href":"https:\/\/masterchem.ee\/fi\/wp-json\/wp\/v2\/product_cat?post=22510"},{"taxonomy":"product_tag","embeddable":true,"href":"https:\/\/masterchem.ee\/fi\/wp-json\/wp\/v2\/product_tag?post=22510"}],"curies":[{"name":"wp","href":"https:\/\/api.w.org\/{rel}","templated":true}]}}