{"id":22474,"date":"2023-08-21T17:43:37","date_gmt":"2023-08-21T17:43:40","guid":{"rendered":"https:\/\/masterchem.ee\/?post_type=product&#038;p=22474"},"modified":"2023-08-21T17:52:36","modified_gmt":"2023-08-21T17:52:36","slug":"gardriumin-siemenoljy","status":"publish","type":"product","link":"https:\/\/masterchem.ee\/fi\/tooted-ja-teenused\/gardriumin-siemenoljy\/","title":{"rendered":"Gardriumin siemen\u00f6ljy"},"content":{"rendered":"<p><strong>Gidric siemen\u00f6ljy<\/strong><br \/>\nToimialat: Kosmetiikkateollisuus<br \/>\nKoostumus: \u00d6ljyt, rasvat, vahat<\/p>\n","protected":false},"excerpt":{"rendered":"<p><strong>Gidric siemen\u00f6ljy<\/strong><\/p>\n<p><strong>Ominaisuudet<\/strong><br \/>\nValkosipulin eteerinen \u00f6ljy on tuoreiden valkosipulin kynsien h\u00f6yrytislaustuote. Valmis neste on v\u00e4rit\u00f6nt\u00e4, voi olla hieman kellert\u00e4v\u00e4\u00e4, maultaan palavaa.<\/p>\n<p><strong>Edulliset ominaisuudet<\/strong><br \/>\nValkosipulin eteerisell\u00e4 \u00f6ljyll\u00e4 on monia terveyshy\u00f6tyj\u00e4. T\u00e4rkeimm\u00e4t ovat:<\/p>\n<p>Bakterisidinen.<br \/>\nVirustorjunta.<br \/>\nHypotoninen.<br \/>\nAntikolesteroli.<br \/>\nysk\u00e4nl\u00e4\u00e4ke.<br \/>\nHypoterminen.<br \/>\nAnthelmintinen.<br \/>\nImmunomoduloiva.<\/p>\n<p>Vastaava tuote vaikuttaa suotuisasti virtsaelinten kuntoon. Auttaa poistamaan kystiitti\u00e4, tulehduksellisia ja tarttuvia prosesseja virtsa- ja sukupuolielinten rakenteissa.<\/p>\n<p><strong>Sovellus<\/strong><br \/>\nValkosipulin eteerisen \u00f6ljyn laajuus riippuu suoraan sen perusominaisuuksista. Sit\u00e4 k\u00e4ytet\u00e4\u00e4n elintarviketeollisuudessa antamaan valmisruokille ominainen aromi ja maku.<\/p>\n<p>Tuotetta ei k\u00e4ytet\u00e4 hajuvedess\u00e4 monien mielest\u00e4 ter\u00e4v\u00e4n ja ep\u00e4miellytt\u00e4v\u00e4n aromin vuoksi.<\/p>\n<p>Kosmetologiassa valkosipulin eteerist\u00e4 \u00f6ljy\u00e4 k\u00e4ytet\u00e4\u00e4n toisinaan rasvaisen ihon hoitoon. Se pystyy s\u00e4\u00e4telem\u00e4\u00e4n kehon rasvapitoisuutta, vaikuttaa talirauhasten toimintaan. Selviytyy tehokkaasti aknen ja tulehduksellisten ihosairauksien kanssa.<\/p>\n","protected":false},"featured_media":22482,"template":"","meta":[],"product_brand":[],"product_cat":[180,294],"product_tag":[],"class_list":{"0":"post-22474","1":"product","2":"type-product","3":"status-publish","4":"has-post-thumbnail","6":"product_cat-uncategorized-fi-2","7":"product_cat-kosmetiikkateollisuus","9":"first","10":"instock","11":"taxable","12":"shipping-taxable","13":"purchasable","14":"product-type-variable","15":"has-default-attributes"},"yoast_head":"<!-- This site is optimized with the Yoast SEO plugin v26.2 - https:\/\/yoast.com\/wordpress\/plugins\/seo\/ -->\n<title>Gardriumin siemen\u00f6ljy - Chemistry For Industry - Solvents &amp; Chemicals - Masterchem.ee<\/title>\n<meta name=\"description\" content=\"Valkosipulin eteerinen \u00f6ljy on tuoreiden valkosipulin kynsien h\u00f6yrytislaustuote. Valmis neste on v\u00e4rit\u00f6nt\u00e4, voi olla hieman kellert\u00e4v\u00e4\u00e4, maultaan palavaa.\" \/>\n<meta name=\"robots\" content=\"index, follow, max-snippet:-1, max-image-preview:large, max-video-preview:-1\" \/>\n<link rel=\"canonical\" href=\"https:\/\/masterchem.ee\/fi\/tooted-ja-teenused\/gardriumin-siemenoljy\/\" \/>\n<meta name=\"twitter:card\" content=\"summary_large_image\" \/>\n<meta name=\"twitter:title\" content=\"Gardriumin siemen\u00f6ljy - Chemistry For Industry - Solvents &amp; Chemicals - Masterchem.ee\" \/>\n<meta name=\"twitter:description\" content=\"Valkosipulin eteerinen \u00f6ljy on tuoreiden valkosipulin kynsien h\u00f6yrytislaustuote. Valmis neste on v\u00e4rit\u00f6nt\u00e4, voi olla hieman kellert\u00e4v\u00e4\u00e4, maultaan palavaa.\" \/>\n<meta name=\"twitter:image\" content=\"https:\/\/masterchem.ee\/wp-content\/uploads\/2023\/08\/Gardric-seemneoli-20l-MaterChem.jpg\" \/>\n<script type=\"application\/ld+json\" class=\"yoast-schema-graph\">{\"@context\":\"https:\/\/schema.org\",\"@graph\":[{\"@type\":\"WebPage\",\"@id\":\"https:\/\/masterchem.ee\/fi\/tooted-ja-teenused\/gardriumin-siemenoljy\/\",\"url\":\"https:\/\/masterchem.ee\/fi\/tooted-ja-teenused\/gardriumin-siemenoljy\/\",\"name\":\"Gardriumin siemen\u00f6ljy - Chemistry For Industry - Solvents &amp; Chemicals - Masterchem.ee\",\"isPartOf\":{\"@id\":\"https:\/\/masterchem.ee\/fi\/#website\"},\"primaryImageOfPage\":{\"@id\":\"https:\/\/masterchem.ee\/fi\/tooted-ja-teenused\/gardriumin-siemenoljy\/#primaryimage\"},\"image\":{\"@id\":\"https:\/\/masterchem.ee\/fi\/tooted-ja-teenused\/gardriumin-siemenoljy\/#primaryimage\"},\"thumbnailUrl\":\"https:\/\/masterchem.ee\/wp-content\/uploads\/2023\/08\/Gardric-seemneoli-20l-MaterChem.jpg\",\"datePublished\":\"2023-08-21T17:43:40+00:00\",\"dateModified\":\"2023-08-21T17:52:36+00:00\",\"description\":\"Valkosipulin eteerinen \u00f6ljy on tuoreiden valkosipulin kynsien h\u00f6yrytislaustuote. Valmis neste on v\u00e4rit\u00f6nt\u00e4, voi olla hieman kellert\u00e4v\u00e4\u00e4, maultaan palavaa.\",\"breadcrumb\":{\"@id\":\"https:\/\/masterchem.ee\/fi\/tooted-ja-teenused\/gardriumin-siemenoljy\/#breadcrumb\"},\"inLanguage\":\"fi\",\"potentialAction\":[{\"@type\":\"ReadAction\",\"target\":[\"https:\/\/masterchem.ee\/fi\/tooted-ja-teenused\/gardriumin-siemenoljy\/\"]}]},{\"@type\":\"ImageObject\",\"inLanguage\":\"fi\",\"@id\":\"https:\/\/masterchem.ee\/fi\/tooted-ja-teenused\/gardriumin-siemenoljy\/#primaryimage\",\"url\":\"https:\/\/masterchem.ee\/wp-content\/uploads\/2023\/08\/Gardric-seemneoli-20l-MaterChem.jpg\",\"contentUrl\":\"https:\/\/masterchem.ee\/wp-content\/uploads\/2023\/08\/Gardric-seemneoli-20l-MaterChem.jpg\",\"width\":700,\"height\":700},{\"@type\":\"BreadcrumbList\",\"@id\":\"https:\/\/masterchem.ee\/fi\/tooted-ja-teenused\/gardriumin-siemenoljy\/#breadcrumb\",\"itemListElement\":[{\"@type\":\"ListItem\",\"position\":1,\"name\":\"Home\",\"item\":\"https:\/\/masterchem.ee\/fi\/\"},{\"@type\":\"ListItem\",\"position\":2,\"name\":\"Tooted ja teenused\",\"item\":\"https:\/\/masterchem.ee\/tooted-ja-teenused\/\"},{\"@type\":\"ListItem\",\"position\":3,\"name\":\"Gardriumin siemen\u00f6ljy\"}]},{\"@type\":\"WebSite\",\"@id\":\"https:\/\/masterchem.ee\/fi\/#website\",\"url\":\"https:\/\/masterchem.ee\/fi\/\",\"name\":\"Masterchem.ee\",\"description\":\"Chemistry For Industry - Solvents &amp; Chemicals\",\"publisher\":{\"@id\":\"https:\/\/masterchem.ee\/fi\/#organization\"},\"potentialAction\":[{\"@type\":\"SearchAction\",\"target\":{\"@type\":\"EntryPoint\",\"urlTemplate\":\"https:\/\/masterchem.ee\/fi\/?s={search_term_string}\"},\"query-input\":{\"@type\":\"PropertyValueSpecification\",\"valueRequired\":true,\"valueName\":\"search_term_string\"}}],\"inLanguage\":\"fi\"},{\"@type\":\"Organization\",\"@id\":\"https:\/\/masterchem.ee\/fi\/#organization\",\"name\":\"Masterchem\",\"url\":\"https:\/\/masterchem.ee\/fi\/\",\"logo\":{\"@type\":\"ImageObject\",\"inLanguage\":\"fi\",\"@id\":\"https:\/\/masterchem.ee\/fi\/#\/schema\/logo\/image\/\",\"url\":\"https:\/\/masterchem.ee\/wp-content\/uploads\/2018\/02\/master-chem_final-1.png\",\"contentUrl\":\"https:\/\/masterchem.ee\/wp-content\/uploads\/2018\/02\/master-chem_final-1.png\",\"width\":850,\"height\":356,\"caption\":\"Masterchem\"},\"image\":{\"@id\":\"https:\/\/masterchem.ee\/fi\/#\/schema\/logo\/image\/\"}}]}<\/script>\n<!-- \/ Yoast SEO plugin. -->","yoast_head_json":{"title":"Gardriumin siemen\u00f6ljy - Chemistry For Industry - Solvents &amp; Chemicals - Masterchem.ee","description":"Valkosipulin eteerinen \u00f6ljy on tuoreiden valkosipulin kynsien h\u00f6yrytislaustuote. Valmis neste on v\u00e4rit\u00f6nt\u00e4, voi olla hieman kellert\u00e4v\u00e4\u00e4, maultaan palavaa.","robots":{"index":"index","follow":"follow","max-snippet":"max-snippet:-1","max-image-preview":"max-image-preview:large","max-video-preview":"max-video-preview:-1"},"canonical":"https:\/\/masterchem.ee\/fi\/tooted-ja-teenused\/gardriumin-siemenoljy\/","twitter_card":"summary_large_image","twitter_title":"Gardriumin siemen\u00f6ljy - Chemistry For Industry - Solvents &amp; Chemicals - Masterchem.ee","twitter_description":"Valkosipulin eteerinen \u00f6ljy on tuoreiden valkosipulin kynsien h\u00f6yrytislaustuote. Valmis neste on v\u00e4rit\u00f6nt\u00e4, voi olla hieman kellert\u00e4v\u00e4\u00e4, maultaan palavaa.","twitter_image":"https:\/\/masterchem.ee\/wp-content\/uploads\/2023\/08\/Gardric-seemneoli-20l-MaterChem.jpg","schema":{"@context":"https:\/\/schema.org","@graph":[{"@type":"WebPage","@id":"https:\/\/masterchem.ee\/fi\/tooted-ja-teenused\/gardriumin-siemenoljy\/","url":"https:\/\/masterchem.ee\/fi\/tooted-ja-teenused\/gardriumin-siemenoljy\/","name":"Gardriumin siemen\u00f6ljy - Chemistry For Industry - Solvents &amp; Chemicals - Masterchem.ee","isPartOf":{"@id":"https:\/\/masterchem.ee\/fi\/#website"},"primaryImageOfPage":{"@id":"https:\/\/masterchem.ee\/fi\/tooted-ja-teenused\/gardriumin-siemenoljy\/#primaryimage"},"image":{"@id":"https:\/\/masterchem.ee\/fi\/tooted-ja-teenused\/gardriumin-siemenoljy\/#primaryimage"},"thumbnailUrl":"https:\/\/masterchem.ee\/wp-content\/uploads\/2023\/08\/Gardric-seemneoli-20l-MaterChem.jpg","datePublished":"2023-08-21T17:43:40+00:00","dateModified":"2023-08-21T17:52:36+00:00","description":"Valkosipulin eteerinen \u00f6ljy on tuoreiden valkosipulin kynsien h\u00f6yrytislaustuote. Valmis neste on v\u00e4rit\u00f6nt\u00e4, voi olla hieman kellert\u00e4v\u00e4\u00e4, maultaan palavaa.","breadcrumb":{"@id":"https:\/\/masterchem.ee\/fi\/tooted-ja-teenused\/gardriumin-siemenoljy\/#breadcrumb"},"inLanguage":"fi","potentialAction":[{"@type":"ReadAction","target":["https:\/\/masterchem.ee\/fi\/tooted-ja-teenused\/gardriumin-siemenoljy\/"]}]},{"@type":"ImageObject","inLanguage":"fi","@id":"https:\/\/masterchem.ee\/fi\/tooted-ja-teenused\/gardriumin-siemenoljy\/#primaryimage","url":"https:\/\/masterchem.ee\/wp-content\/uploads\/2023\/08\/Gardric-seemneoli-20l-MaterChem.jpg","contentUrl":"https:\/\/masterchem.ee\/wp-content\/uploads\/2023\/08\/Gardric-seemneoli-20l-MaterChem.jpg","width":700,"height":700},{"@type":"BreadcrumbList","@id":"https:\/\/masterchem.ee\/fi\/tooted-ja-teenused\/gardriumin-siemenoljy\/#breadcrumb","itemListElement":[{"@type":"ListItem","position":1,"name":"Home","item":"https:\/\/masterchem.ee\/fi\/"},{"@type":"ListItem","position":2,"name":"Tooted ja teenused","item":"https:\/\/masterchem.ee\/tooted-ja-teenused\/"},{"@type":"ListItem","position":3,"name":"Gardriumin siemen\u00f6ljy"}]},{"@type":"WebSite","@id":"https:\/\/masterchem.ee\/fi\/#website","url":"https:\/\/masterchem.ee\/fi\/","name":"Masterchem.ee","description":"Chemistry For Industry - Solvents &amp; Chemicals","publisher":{"@id":"https:\/\/masterchem.ee\/fi\/#organization"},"potentialAction":[{"@type":"SearchAction","target":{"@type":"EntryPoint","urlTemplate":"https:\/\/masterchem.ee\/fi\/?s={search_term_string}"},"query-input":{"@type":"PropertyValueSpecification","valueRequired":true,"valueName":"search_term_string"}}],"inLanguage":"fi"},{"@type":"Organization","@id":"https:\/\/masterchem.ee\/fi\/#organization","name":"Masterchem","url":"https:\/\/masterchem.ee\/fi\/","logo":{"@type":"ImageObject","inLanguage":"fi","@id":"https:\/\/masterchem.ee\/fi\/#\/schema\/logo\/image\/","url":"https:\/\/masterchem.ee\/wp-content\/uploads\/2018\/02\/master-chem_final-1.png","contentUrl":"https:\/\/masterchem.ee\/wp-content\/uploads\/2018\/02\/master-chem_final-1.png","width":850,"height":356,"caption":"Masterchem"},"image":{"@id":"https:\/\/masterchem.ee\/fi\/#\/schema\/logo\/image\/"}}]}},"_links":{"self":[{"href":"https:\/\/masterchem.ee\/fi\/wp-json\/wp\/v2\/product\/22474","targetHints":{"allow":["GET"]}}],"collection":[{"href":"https:\/\/masterchem.ee\/fi\/wp-json\/wp\/v2\/product"}],"about":[{"href":"https:\/\/masterchem.ee\/fi\/wp-json\/wp\/v2\/types\/product"}],"wp:featuredmedia":[{"embeddable":true,"href":"https:\/\/masterchem.ee\/fi\/wp-json\/wp\/v2\/media\/22482"}],"wp:attachment":[{"href":"https:\/\/masterchem.ee\/fi\/wp-json\/wp\/v2\/media?parent=22474"}],"wp:term":[{"taxonomy":"product_brand","embeddable":true,"href":"https:\/\/masterchem.ee\/fi\/wp-json\/wp\/v2\/product_brand?post=22474"},{"taxonomy":"product_cat","embeddable":true,"href":"https:\/\/masterchem.ee\/fi\/wp-json\/wp\/v2\/product_cat?post=22474"},{"taxonomy":"product_tag","embeddable":true,"href":"https:\/\/masterchem.ee\/fi\/wp-json\/wp\/v2\/product_tag?post=22474"}],"curies":[{"name":"wp","href":"https:\/\/api.w.org\/{rel}","templated":true}]}}