{"id":22444,"date":"2023-08-17T19:02:27","date_gmt":"2023-08-17T19:02:32","guid":{"rendered":"https:\/\/masterchem.ee\/?post_type=product&#038;p=22444"},"modified":"2023-08-17T19:35:41","modified_gmt":"2023-08-17T19:35:41","slug":"kalsiumsulfaatti-cas-7778-18-9","status":"publish","type":"product","link":"https:\/\/masterchem.ee\/fi\/tooted-ja-teenused\/kalsiumsulfaatti-cas-7778-18-9\/","title":{"rendered":"Kalsiumsulfaatti (CAS 7778-18-9)"},"content":{"rendered":"<p>Teollisuus: Rakennuskemia<br \/>\nKoostumus: Rikkihapon suolat &#8211; sulfaatit, kalsiumyhdisteet, rikkiyhdisteet<br \/>\nCAS-numero: 7778-18-9<br \/>\nWE-numero: 231-900-3<br \/>\nKemiallinen kaava: CaSO4\u00b72H2O<br \/>\nMolekyylimassa: 172,17 g\/mol<br \/>\nTullitariffikoodi: 25201000<\/p>\n","protected":false},"excerpt":{"rendered":"<p><strong>Kalsiumsulfaatti (CAS 7778-18-9)<\/strong><\/p>\n<p>Kalsiumsulfaatti (tai kalsiumsulfaatti) on ep\u00e4orgaaninen yhdiste, jolla on kaava CaSO4 ja vastaavat hydraatit. \u03b3-anhydriitin muodossa (vedet\u00f6n muoto) sit\u00e4 k\u00e4ytet\u00e4\u00e4n kuivausaineena. Yksi tietty hydraatti tunnetaan paremmin Pariisin kipsin\u00e4, ja toinen esiintyy luonnossa mineraalikipsin\u00e4. Sill\u00e4 on monia k\u00e4ytt\u00f6tarkoituksia teollisuudessa. Kaikki muodot ovat valkoisia kiinteit\u00e4 aineita, jotka liukenevat huonosti veteen. Kalsiumsulfaatti aiheuttaa pysyv\u00e4\u00e4 kovuutta vedess\u00e4.<\/p>\n","protected":false},"featured_media":22452,"template":"","meta":[],"product_brand":[],"product_cat":[180,114],"product_tag":[],"class_list":{"0":"post-22444","1":"product","2":"type-product","3":"status-publish","4":"has-post-thumbnail","6":"product_cat-uncategorized-fi-2","7":"product_cat-rakennusteollisuus","9":"first","10":"instock","11":"taxable","12":"shipping-taxable","13":"purchasable","14":"product-type-variable","15":"has-default-attributes"},"yoast_head":"<!-- This site is optimized with the Yoast SEO plugin v26.2 - https:\/\/yoast.com\/wordpress\/plugins\/seo\/ -->\n<title>Kalsiumsulfaatti (CAS 7778-18-9) - Chemistry For Industry - Solvents &amp; Chemicals - Masterchem.ee<\/title>\n<meta name=\"description\" content=\"Kalsiumsulfaatti (tai kalsiumsulfaatti) on ep\u00e4orgaaninen yhdiste, jolla on kaava CaSO4 ja vastaavat hydraatit.\" \/>\n<meta name=\"robots\" content=\"index, follow, max-snippet:-1, max-image-preview:large, max-video-preview:-1\" \/>\n<link rel=\"canonical\" href=\"https:\/\/masterchem.ee\/fi\/tooted-ja-teenused\/kalsiumsulfaatti-cas-7778-18-9\/\" \/>\n<meta name=\"twitter:card\" content=\"summary_large_image\" \/>\n<meta name=\"twitter:title\" content=\"Kalsiumsulfaatti (CAS 7778-18-9) - Chemistry For Industry - Solvents &amp; Chemicals - Masterchem.ee\" \/>\n<meta name=\"twitter:description\" content=\"Kalsiumsulfaatti (tai kalsiumsulfaatti) on ep\u00e4orgaaninen yhdiste, jolla on kaava CaSO4 ja vastaavat hydraatit.\" \/>\n<meta name=\"twitter:image\" content=\"https:\/\/masterchem.ee\/wp-content\/uploads\/2023\/08\/Kaltsiumsulfaat-25kg-MasterChem.jpg\" \/>\n<script type=\"application\/ld+json\" class=\"yoast-schema-graph\">{\"@context\":\"https:\/\/schema.org\",\"@graph\":[{\"@type\":\"WebPage\",\"@id\":\"https:\/\/masterchem.ee\/fi\/tooted-ja-teenused\/kalsiumsulfaatti-cas-7778-18-9\/\",\"url\":\"https:\/\/masterchem.ee\/fi\/tooted-ja-teenused\/kalsiumsulfaatti-cas-7778-18-9\/\",\"name\":\"Kalsiumsulfaatti (CAS 7778-18-9) - Chemistry For Industry - Solvents &amp; Chemicals - Masterchem.ee\",\"isPartOf\":{\"@id\":\"https:\/\/masterchem.ee\/fi\/#website\"},\"primaryImageOfPage\":{\"@id\":\"https:\/\/masterchem.ee\/fi\/tooted-ja-teenused\/kalsiumsulfaatti-cas-7778-18-9\/#primaryimage\"},\"image\":{\"@id\":\"https:\/\/masterchem.ee\/fi\/tooted-ja-teenused\/kalsiumsulfaatti-cas-7778-18-9\/#primaryimage\"},\"thumbnailUrl\":\"https:\/\/masterchem.ee\/wp-content\/uploads\/2023\/08\/Kaltsiumsulfaat-25kg-MasterChem.jpg\",\"datePublished\":\"2023-08-17T19:02:32+00:00\",\"dateModified\":\"2023-08-17T19:35:41+00:00\",\"description\":\"Kalsiumsulfaatti (tai kalsiumsulfaatti) on ep\u00e4orgaaninen yhdiste, jolla on kaava CaSO4 ja vastaavat hydraatit.\",\"breadcrumb\":{\"@id\":\"https:\/\/masterchem.ee\/fi\/tooted-ja-teenused\/kalsiumsulfaatti-cas-7778-18-9\/#breadcrumb\"},\"inLanguage\":\"fi\",\"potentialAction\":[{\"@type\":\"ReadAction\",\"target\":[\"https:\/\/masterchem.ee\/fi\/tooted-ja-teenused\/kalsiumsulfaatti-cas-7778-18-9\/\"]}]},{\"@type\":\"ImageObject\",\"inLanguage\":\"fi\",\"@id\":\"https:\/\/masterchem.ee\/fi\/tooted-ja-teenused\/kalsiumsulfaatti-cas-7778-18-9\/#primaryimage\",\"url\":\"https:\/\/masterchem.ee\/wp-content\/uploads\/2023\/08\/Kaltsiumsulfaat-25kg-MasterChem.jpg\",\"contentUrl\":\"https:\/\/masterchem.ee\/wp-content\/uploads\/2023\/08\/Kaltsiumsulfaat-25kg-MasterChem.jpg\",\"width\":1000,\"height\":1000},{\"@type\":\"BreadcrumbList\",\"@id\":\"https:\/\/masterchem.ee\/fi\/tooted-ja-teenused\/kalsiumsulfaatti-cas-7778-18-9\/#breadcrumb\",\"itemListElement\":[{\"@type\":\"ListItem\",\"position\":1,\"name\":\"Home\",\"item\":\"https:\/\/masterchem.ee\/fi\/\"},{\"@type\":\"ListItem\",\"position\":2,\"name\":\"Tooted ja teenused\",\"item\":\"https:\/\/masterchem.ee\/tooted-ja-teenused\/\"},{\"@type\":\"ListItem\",\"position\":3,\"name\":\"Kalsiumsulfaatti (CAS 7778-18-9)\"}]},{\"@type\":\"WebSite\",\"@id\":\"https:\/\/masterchem.ee\/fi\/#website\",\"url\":\"https:\/\/masterchem.ee\/fi\/\",\"name\":\"Masterchem.ee\",\"description\":\"Chemistry For Industry - Solvents &amp; Chemicals\",\"publisher\":{\"@id\":\"https:\/\/masterchem.ee\/fi\/#organization\"},\"potentialAction\":[{\"@type\":\"SearchAction\",\"target\":{\"@type\":\"EntryPoint\",\"urlTemplate\":\"https:\/\/masterchem.ee\/fi\/?s={search_term_string}\"},\"query-input\":{\"@type\":\"PropertyValueSpecification\",\"valueRequired\":true,\"valueName\":\"search_term_string\"}}],\"inLanguage\":\"fi\"},{\"@type\":\"Organization\",\"@id\":\"https:\/\/masterchem.ee\/fi\/#organization\",\"name\":\"Masterchem\",\"url\":\"https:\/\/masterchem.ee\/fi\/\",\"logo\":{\"@type\":\"ImageObject\",\"inLanguage\":\"fi\",\"@id\":\"https:\/\/masterchem.ee\/fi\/#\/schema\/logo\/image\/\",\"url\":\"https:\/\/masterchem.ee\/wp-content\/uploads\/2018\/02\/master-chem_final-1.png\",\"contentUrl\":\"https:\/\/masterchem.ee\/wp-content\/uploads\/2018\/02\/master-chem_final-1.png\",\"width\":850,\"height\":356,\"caption\":\"Masterchem\"},\"image\":{\"@id\":\"https:\/\/masterchem.ee\/fi\/#\/schema\/logo\/image\/\"}}]}<\/script>\n<!-- \/ Yoast SEO plugin. -->","yoast_head_json":{"title":"Kalsiumsulfaatti (CAS 7778-18-9) - Chemistry For Industry - Solvents &amp; Chemicals - Masterchem.ee","description":"Kalsiumsulfaatti (tai kalsiumsulfaatti) on ep\u00e4orgaaninen yhdiste, jolla on kaava CaSO4 ja vastaavat hydraatit.","robots":{"index":"index","follow":"follow","max-snippet":"max-snippet:-1","max-image-preview":"max-image-preview:large","max-video-preview":"max-video-preview:-1"},"canonical":"https:\/\/masterchem.ee\/fi\/tooted-ja-teenused\/kalsiumsulfaatti-cas-7778-18-9\/","twitter_card":"summary_large_image","twitter_title":"Kalsiumsulfaatti (CAS 7778-18-9) - Chemistry For Industry - Solvents &amp; Chemicals - Masterchem.ee","twitter_description":"Kalsiumsulfaatti (tai kalsiumsulfaatti) on ep\u00e4orgaaninen yhdiste, jolla on kaava CaSO4 ja vastaavat hydraatit.","twitter_image":"https:\/\/masterchem.ee\/wp-content\/uploads\/2023\/08\/Kaltsiumsulfaat-25kg-MasterChem.jpg","schema":{"@context":"https:\/\/schema.org","@graph":[{"@type":"WebPage","@id":"https:\/\/masterchem.ee\/fi\/tooted-ja-teenused\/kalsiumsulfaatti-cas-7778-18-9\/","url":"https:\/\/masterchem.ee\/fi\/tooted-ja-teenused\/kalsiumsulfaatti-cas-7778-18-9\/","name":"Kalsiumsulfaatti (CAS 7778-18-9) - Chemistry For Industry - Solvents &amp; Chemicals - Masterchem.ee","isPartOf":{"@id":"https:\/\/masterchem.ee\/fi\/#website"},"primaryImageOfPage":{"@id":"https:\/\/masterchem.ee\/fi\/tooted-ja-teenused\/kalsiumsulfaatti-cas-7778-18-9\/#primaryimage"},"image":{"@id":"https:\/\/masterchem.ee\/fi\/tooted-ja-teenused\/kalsiumsulfaatti-cas-7778-18-9\/#primaryimage"},"thumbnailUrl":"https:\/\/masterchem.ee\/wp-content\/uploads\/2023\/08\/Kaltsiumsulfaat-25kg-MasterChem.jpg","datePublished":"2023-08-17T19:02:32+00:00","dateModified":"2023-08-17T19:35:41+00:00","description":"Kalsiumsulfaatti (tai kalsiumsulfaatti) on ep\u00e4orgaaninen yhdiste, jolla on kaava CaSO4 ja vastaavat hydraatit.","breadcrumb":{"@id":"https:\/\/masterchem.ee\/fi\/tooted-ja-teenused\/kalsiumsulfaatti-cas-7778-18-9\/#breadcrumb"},"inLanguage":"fi","potentialAction":[{"@type":"ReadAction","target":["https:\/\/masterchem.ee\/fi\/tooted-ja-teenused\/kalsiumsulfaatti-cas-7778-18-9\/"]}]},{"@type":"ImageObject","inLanguage":"fi","@id":"https:\/\/masterchem.ee\/fi\/tooted-ja-teenused\/kalsiumsulfaatti-cas-7778-18-9\/#primaryimage","url":"https:\/\/masterchem.ee\/wp-content\/uploads\/2023\/08\/Kaltsiumsulfaat-25kg-MasterChem.jpg","contentUrl":"https:\/\/masterchem.ee\/wp-content\/uploads\/2023\/08\/Kaltsiumsulfaat-25kg-MasterChem.jpg","width":1000,"height":1000},{"@type":"BreadcrumbList","@id":"https:\/\/masterchem.ee\/fi\/tooted-ja-teenused\/kalsiumsulfaatti-cas-7778-18-9\/#breadcrumb","itemListElement":[{"@type":"ListItem","position":1,"name":"Home","item":"https:\/\/masterchem.ee\/fi\/"},{"@type":"ListItem","position":2,"name":"Tooted ja teenused","item":"https:\/\/masterchem.ee\/tooted-ja-teenused\/"},{"@type":"ListItem","position":3,"name":"Kalsiumsulfaatti (CAS 7778-18-9)"}]},{"@type":"WebSite","@id":"https:\/\/masterchem.ee\/fi\/#website","url":"https:\/\/masterchem.ee\/fi\/","name":"Masterchem.ee","description":"Chemistry For Industry - Solvents &amp; Chemicals","publisher":{"@id":"https:\/\/masterchem.ee\/fi\/#organization"},"potentialAction":[{"@type":"SearchAction","target":{"@type":"EntryPoint","urlTemplate":"https:\/\/masterchem.ee\/fi\/?s={search_term_string}"},"query-input":{"@type":"PropertyValueSpecification","valueRequired":true,"valueName":"search_term_string"}}],"inLanguage":"fi"},{"@type":"Organization","@id":"https:\/\/masterchem.ee\/fi\/#organization","name":"Masterchem","url":"https:\/\/masterchem.ee\/fi\/","logo":{"@type":"ImageObject","inLanguage":"fi","@id":"https:\/\/masterchem.ee\/fi\/#\/schema\/logo\/image\/","url":"https:\/\/masterchem.ee\/wp-content\/uploads\/2018\/02\/master-chem_final-1.png","contentUrl":"https:\/\/masterchem.ee\/wp-content\/uploads\/2018\/02\/master-chem_final-1.png","width":850,"height":356,"caption":"Masterchem"},"image":{"@id":"https:\/\/masterchem.ee\/fi\/#\/schema\/logo\/image\/"}}]}},"_links":{"self":[{"href":"https:\/\/masterchem.ee\/fi\/wp-json\/wp\/v2\/product\/22444","targetHints":{"allow":["GET"]}}],"collection":[{"href":"https:\/\/masterchem.ee\/fi\/wp-json\/wp\/v2\/product"}],"about":[{"href":"https:\/\/masterchem.ee\/fi\/wp-json\/wp\/v2\/types\/product"}],"wp:featuredmedia":[{"embeddable":true,"href":"https:\/\/masterchem.ee\/fi\/wp-json\/wp\/v2\/media\/22452"}],"wp:attachment":[{"href":"https:\/\/masterchem.ee\/fi\/wp-json\/wp\/v2\/media?parent=22444"}],"wp:term":[{"taxonomy":"product_brand","embeddable":true,"href":"https:\/\/masterchem.ee\/fi\/wp-json\/wp\/v2\/product_brand?post=22444"},{"taxonomy":"product_cat","embeddable":true,"href":"https:\/\/masterchem.ee\/fi\/wp-json\/wp\/v2\/product_cat?post=22444"},{"taxonomy":"product_tag","embeddable":true,"href":"https:\/\/masterchem.ee\/fi\/wp-json\/wp\/v2\/product_tag?post=22444"}],"curies":[{"name":"wp","href":"https:\/\/api.w.org\/{rel}","templated":true}]}}