{"id":22367,"date":"2023-08-16T17:58:01","date_gmt":"2023-08-16T17:58:06","guid":{"rendered":"https:\/\/masterchem.ee\/?post_type=product&#038;p=22367"},"modified":"2023-08-16T18:06:53","modified_gmt":"2023-08-16T18:06:53","slug":"kookosamidopropyylibetaiini-cas-61789-40-0","status":"publish","type":"product","link":"https:\/\/masterchem.ee\/fi\/tooted-ja-teenused\/kookosamidopropyylibetaiini-cas-61789-40-0\/","title":{"rendered":"Kookosamidopropyylibetaiini (CAS 61789-40-0)"},"content":{"rendered":"<p><strong>Tiedot<\/strong><br \/>\nToimialat: Kotitalouskemikaalit, Kosmetiikkateollisuus<br \/>\nWE-numero: 931-513-6<br \/>\n<strong>Muut fyysiset ominaisuudet<\/strong><br \/>\npH: 4,5-7,5 (20\u00b0C, 10 % r-r wodny)<br \/>\nSulamis-\/j\u00e4\u00e4tymispiste: < 0\u00baC\nKiehumispiste\/alue: 100\u00baC (1000 hPa)\nSuhteellinen tiheys: 1,04-1,05 g\/cm3 (20\u00b0C)\n<\/p>\n","protected":false},"excerpt":{"rendered":"<p><strong>Kookosamidopropyylibetaiini (CAS 61789-40-0)<\/strong><\/p>\n<p>Kokamidopropyylibetaiini tai lyhyesti CAB\/CAPB on laajalti k\u00e4ytetty amfoteerinen pinta-aktiivinen aine. Se on mieto kookosper\u00e4inen aktiivinen ainesosa, jota k\u00e4ytet\u00e4\u00e4n yh\u00e4 useammin emulgointiaineena, sakeuttajana ja vaahdotusaineena erilaisissa kotitalouksien pesuaineissa, henkil\u00f6kohtaisen hygienian tuotteissa ja kosmetiikassa, erityisesti hell\u00e4varaisissa vauvanhoitotuotteissa, kuten vauvashampooissa ja vauvan vaahtokylvyiss\u00e4. p><\/p>\n<p>Miehevyytens\u00e4 ja muiden pinta-aktiivisten aineiden kanssa yhteensopivuuden ansiosta Cocamidopropyl Betaiini on ollut suosittu valinta ensisijaisena tai toissijaisena pinta-aktiivisena aineena laajassa valikoimassa kaavoja. CAPB:ll\u00e4 voi olla erinomaisia synergistisi\u00e4 vaikutuksia kaavoissa olevien muiden pinta-aktiivisten aineiden kanssa, jotta saavutetaan korkeampi viskositeetti, rikkaampi vaahto ja v\u00e4hemm\u00e4n \u00e4rsytyst\u00e4 iholle ja silmille.<\/p>\n","protected":false},"featured_media":22409,"template":"","meta":[],"product_brand":[],"product_cat":[180,294,117],"product_tag":[],"class_list":{"0":"post-22367","1":"product","2":"type-product","3":"status-publish","4":"has-post-thumbnail","6":"product_cat-uncategorized-fi-2","7":"product_cat-kosmetiikkateollisuus","8":"product_cat-kotitalouskemikaalit","9":"pif-has-gallery","11":"first","12":"instock","13":"taxable","14":"shipping-taxable","15":"purchasable","16":"product-type-variable","17":"has-default-attributes"},"yoast_head":"<!-- This site is optimized with the Yoast SEO plugin v26.2 - https:\/\/yoast.com\/wordpress\/plugins\/seo\/ -->\n<title>Kookosamidopropyylibetaiini (CAS 61789-40-0) - Chemistry For Industry - Solvents &amp; Chemicals - Masterchem.ee<\/title>\n<meta name=\"description\" content=\"Kokamidopropyylibetaiini tai lyhyesti CAB\/CAPB on laajalti k\u00e4ytetty amfoteerinen pinta-aktiivinen aine.\" \/>\n<meta name=\"robots\" content=\"index, follow, max-snippet:-1, max-image-preview:large, max-video-preview:-1\" \/>\n<link rel=\"canonical\" href=\"https:\/\/masterchem.ee\/fi\/tooted-ja-teenused\/kookosamidopropyylibetaiini-cas-61789-40-0\/\" \/>\n<meta name=\"twitter:card\" content=\"summary_large_image\" \/>\n<meta name=\"twitter:title\" content=\"Kookosamidopropyylibetaiini (CAS 61789-40-0) - Chemistry For Industry - Solvents &amp; Chemicals - Masterchem.ee\" \/>\n<meta name=\"twitter:description\" content=\"Kokamidopropyylibetaiini tai lyhyesti CAB\/CAPB on laajalti k\u00e4ytetty amfoteerinen pinta-aktiivinen aine.\" \/>\n<meta name=\"twitter:image\" content=\"https:\/\/masterchem.ee\/wp-content\/uploads\/2023\/08\/Kookoamidopropuulbetain-1000l-MasterChem.jpg\" \/>\n<script type=\"application\/ld+json\" class=\"yoast-schema-graph\">{\"@context\":\"https:\/\/schema.org\",\"@graph\":[{\"@type\":\"WebPage\",\"@id\":\"https:\/\/masterchem.ee\/fi\/tooted-ja-teenused\/kookosamidopropyylibetaiini-cas-61789-40-0\/\",\"url\":\"https:\/\/masterchem.ee\/fi\/tooted-ja-teenused\/kookosamidopropyylibetaiini-cas-61789-40-0\/\",\"name\":\"Kookosamidopropyylibetaiini (CAS 61789-40-0) - Chemistry For Industry - Solvents &amp; Chemicals - Masterchem.ee\",\"isPartOf\":{\"@id\":\"https:\/\/masterchem.ee\/fi\/#website\"},\"primaryImageOfPage\":{\"@id\":\"https:\/\/masterchem.ee\/fi\/tooted-ja-teenused\/kookosamidopropyylibetaiini-cas-61789-40-0\/#primaryimage\"},\"image\":{\"@id\":\"https:\/\/masterchem.ee\/fi\/tooted-ja-teenused\/kookosamidopropyylibetaiini-cas-61789-40-0\/#primaryimage\"},\"thumbnailUrl\":\"https:\/\/masterchem.ee\/wp-content\/uploads\/2023\/08\/Kookoamidopropuulbetain-1000l-MasterChem.jpg\",\"datePublished\":\"2023-08-16T17:58:06+00:00\",\"dateModified\":\"2023-08-16T18:06:53+00:00\",\"description\":\"Kokamidopropyylibetaiini tai lyhyesti CAB\/CAPB on laajalti k\u00e4ytetty amfoteerinen pinta-aktiivinen aine.\",\"breadcrumb\":{\"@id\":\"https:\/\/masterchem.ee\/fi\/tooted-ja-teenused\/kookosamidopropyylibetaiini-cas-61789-40-0\/#breadcrumb\"},\"inLanguage\":\"fi\",\"potentialAction\":[{\"@type\":\"ReadAction\",\"target\":[\"https:\/\/masterchem.ee\/fi\/tooted-ja-teenused\/kookosamidopropyylibetaiini-cas-61789-40-0\/\"]}]},{\"@type\":\"ImageObject\",\"inLanguage\":\"fi\",\"@id\":\"https:\/\/masterchem.ee\/fi\/tooted-ja-teenused\/kookosamidopropyylibetaiini-cas-61789-40-0\/#primaryimage\",\"url\":\"https:\/\/masterchem.ee\/wp-content\/uploads\/2023\/08\/Kookoamidopropuulbetain-1000l-MasterChem.jpg\",\"contentUrl\":\"https:\/\/masterchem.ee\/wp-content\/uploads\/2023\/08\/Kookoamidopropuulbetain-1000l-MasterChem.jpg\",\"width\":1000,\"height\":1000},{\"@type\":\"BreadcrumbList\",\"@id\":\"https:\/\/masterchem.ee\/fi\/tooted-ja-teenused\/kookosamidopropyylibetaiini-cas-61789-40-0\/#breadcrumb\",\"itemListElement\":[{\"@type\":\"ListItem\",\"position\":1,\"name\":\"Home\",\"item\":\"https:\/\/masterchem.ee\/fi\/\"},{\"@type\":\"ListItem\",\"position\":2,\"name\":\"Tooted ja teenused\",\"item\":\"https:\/\/masterchem.ee\/tooted-ja-teenused\/\"},{\"@type\":\"ListItem\",\"position\":3,\"name\":\"Kookosamidopropyylibetaiini (CAS 61789-40-0)\"}]},{\"@type\":\"WebSite\",\"@id\":\"https:\/\/masterchem.ee\/fi\/#website\",\"url\":\"https:\/\/masterchem.ee\/fi\/\",\"name\":\"Masterchem.ee\",\"description\":\"Chemistry For Industry - Solvents &amp; Chemicals\",\"publisher\":{\"@id\":\"https:\/\/masterchem.ee\/fi\/#organization\"},\"potentialAction\":[{\"@type\":\"SearchAction\",\"target\":{\"@type\":\"EntryPoint\",\"urlTemplate\":\"https:\/\/masterchem.ee\/fi\/?s={search_term_string}\"},\"query-input\":{\"@type\":\"PropertyValueSpecification\",\"valueRequired\":true,\"valueName\":\"search_term_string\"}}],\"inLanguage\":\"fi\"},{\"@type\":\"Organization\",\"@id\":\"https:\/\/masterchem.ee\/fi\/#organization\",\"name\":\"Masterchem\",\"url\":\"https:\/\/masterchem.ee\/fi\/\",\"logo\":{\"@type\":\"ImageObject\",\"inLanguage\":\"fi\",\"@id\":\"https:\/\/masterchem.ee\/fi\/#\/schema\/logo\/image\/\",\"url\":\"https:\/\/masterchem.ee\/wp-content\/uploads\/2018\/02\/master-chem_final-1.png\",\"contentUrl\":\"https:\/\/masterchem.ee\/wp-content\/uploads\/2018\/02\/master-chem_final-1.png\",\"width\":850,\"height\":356,\"caption\":\"Masterchem\"},\"image\":{\"@id\":\"https:\/\/masterchem.ee\/fi\/#\/schema\/logo\/image\/\"}}]}<\/script>\n<!-- \/ Yoast SEO plugin. -->","yoast_head_json":{"title":"Kookosamidopropyylibetaiini (CAS 61789-40-0) - Chemistry For Industry - Solvents &amp; Chemicals - Masterchem.ee","description":"Kokamidopropyylibetaiini tai lyhyesti CAB\/CAPB on laajalti k\u00e4ytetty amfoteerinen pinta-aktiivinen aine.","robots":{"index":"index","follow":"follow","max-snippet":"max-snippet:-1","max-image-preview":"max-image-preview:large","max-video-preview":"max-video-preview:-1"},"canonical":"https:\/\/masterchem.ee\/fi\/tooted-ja-teenused\/kookosamidopropyylibetaiini-cas-61789-40-0\/","twitter_card":"summary_large_image","twitter_title":"Kookosamidopropyylibetaiini (CAS 61789-40-0) - Chemistry For Industry - Solvents &amp; Chemicals - Masterchem.ee","twitter_description":"Kokamidopropyylibetaiini tai lyhyesti CAB\/CAPB on laajalti k\u00e4ytetty amfoteerinen pinta-aktiivinen aine.","twitter_image":"https:\/\/masterchem.ee\/wp-content\/uploads\/2023\/08\/Kookoamidopropuulbetain-1000l-MasterChem.jpg","schema":{"@context":"https:\/\/schema.org","@graph":[{"@type":"WebPage","@id":"https:\/\/masterchem.ee\/fi\/tooted-ja-teenused\/kookosamidopropyylibetaiini-cas-61789-40-0\/","url":"https:\/\/masterchem.ee\/fi\/tooted-ja-teenused\/kookosamidopropyylibetaiini-cas-61789-40-0\/","name":"Kookosamidopropyylibetaiini (CAS 61789-40-0) - Chemistry For Industry - Solvents &amp; Chemicals - Masterchem.ee","isPartOf":{"@id":"https:\/\/masterchem.ee\/fi\/#website"},"primaryImageOfPage":{"@id":"https:\/\/masterchem.ee\/fi\/tooted-ja-teenused\/kookosamidopropyylibetaiini-cas-61789-40-0\/#primaryimage"},"image":{"@id":"https:\/\/masterchem.ee\/fi\/tooted-ja-teenused\/kookosamidopropyylibetaiini-cas-61789-40-0\/#primaryimage"},"thumbnailUrl":"https:\/\/masterchem.ee\/wp-content\/uploads\/2023\/08\/Kookoamidopropuulbetain-1000l-MasterChem.jpg","datePublished":"2023-08-16T17:58:06+00:00","dateModified":"2023-08-16T18:06:53+00:00","description":"Kokamidopropyylibetaiini tai lyhyesti CAB\/CAPB on laajalti k\u00e4ytetty amfoteerinen pinta-aktiivinen aine.","breadcrumb":{"@id":"https:\/\/masterchem.ee\/fi\/tooted-ja-teenused\/kookosamidopropyylibetaiini-cas-61789-40-0\/#breadcrumb"},"inLanguage":"fi","potentialAction":[{"@type":"ReadAction","target":["https:\/\/masterchem.ee\/fi\/tooted-ja-teenused\/kookosamidopropyylibetaiini-cas-61789-40-0\/"]}]},{"@type":"ImageObject","inLanguage":"fi","@id":"https:\/\/masterchem.ee\/fi\/tooted-ja-teenused\/kookosamidopropyylibetaiini-cas-61789-40-0\/#primaryimage","url":"https:\/\/masterchem.ee\/wp-content\/uploads\/2023\/08\/Kookoamidopropuulbetain-1000l-MasterChem.jpg","contentUrl":"https:\/\/masterchem.ee\/wp-content\/uploads\/2023\/08\/Kookoamidopropuulbetain-1000l-MasterChem.jpg","width":1000,"height":1000},{"@type":"BreadcrumbList","@id":"https:\/\/masterchem.ee\/fi\/tooted-ja-teenused\/kookosamidopropyylibetaiini-cas-61789-40-0\/#breadcrumb","itemListElement":[{"@type":"ListItem","position":1,"name":"Home","item":"https:\/\/masterchem.ee\/fi\/"},{"@type":"ListItem","position":2,"name":"Tooted ja teenused","item":"https:\/\/masterchem.ee\/tooted-ja-teenused\/"},{"@type":"ListItem","position":3,"name":"Kookosamidopropyylibetaiini (CAS 61789-40-0)"}]},{"@type":"WebSite","@id":"https:\/\/masterchem.ee\/fi\/#website","url":"https:\/\/masterchem.ee\/fi\/","name":"Masterchem.ee","description":"Chemistry For Industry - Solvents &amp; Chemicals","publisher":{"@id":"https:\/\/masterchem.ee\/fi\/#organization"},"potentialAction":[{"@type":"SearchAction","target":{"@type":"EntryPoint","urlTemplate":"https:\/\/masterchem.ee\/fi\/?s={search_term_string}"},"query-input":{"@type":"PropertyValueSpecification","valueRequired":true,"valueName":"search_term_string"}}],"inLanguage":"fi"},{"@type":"Organization","@id":"https:\/\/masterchem.ee\/fi\/#organization","name":"Masterchem","url":"https:\/\/masterchem.ee\/fi\/","logo":{"@type":"ImageObject","inLanguage":"fi","@id":"https:\/\/masterchem.ee\/fi\/#\/schema\/logo\/image\/","url":"https:\/\/masterchem.ee\/wp-content\/uploads\/2018\/02\/master-chem_final-1.png","contentUrl":"https:\/\/masterchem.ee\/wp-content\/uploads\/2018\/02\/master-chem_final-1.png","width":850,"height":356,"caption":"Masterchem"},"image":{"@id":"https:\/\/masterchem.ee\/fi\/#\/schema\/logo\/image\/"}}]}},"_links":{"self":[{"href":"https:\/\/masterchem.ee\/fi\/wp-json\/wp\/v2\/product\/22367","targetHints":{"allow":["GET"]}}],"collection":[{"href":"https:\/\/masterchem.ee\/fi\/wp-json\/wp\/v2\/product"}],"about":[{"href":"https:\/\/masterchem.ee\/fi\/wp-json\/wp\/v2\/types\/product"}],"wp:featuredmedia":[{"embeddable":true,"href":"https:\/\/masterchem.ee\/fi\/wp-json\/wp\/v2\/media\/22409"}],"wp:attachment":[{"href":"https:\/\/masterchem.ee\/fi\/wp-json\/wp\/v2\/media?parent=22367"}],"wp:term":[{"taxonomy":"product_brand","embeddable":true,"href":"https:\/\/masterchem.ee\/fi\/wp-json\/wp\/v2\/product_brand?post=22367"},{"taxonomy":"product_cat","embeddable":true,"href":"https:\/\/masterchem.ee\/fi\/wp-json\/wp\/v2\/product_cat?post=22367"},{"taxonomy":"product_tag","embeddable":true,"href":"https:\/\/masterchem.ee\/fi\/wp-json\/wp\/v2\/product_tag?post=22367"}],"curies":[{"name":"wp","href":"https:\/\/api.w.org\/{rel}","templated":true}]}}