{"id":22315,"date":"2023-08-13T17:59:38","date_gmt":"2023-08-13T17:59:41","guid":{"rendered":"https:\/\/masterchem.ee\/?post_type=product&#038;p=22315"},"modified":"2023-08-13T18:11:31","modified_gmt":"2023-08-13T18:11:31","slug":"intialainen-hunajaoljy","status":"publish","type":"product","link":"https:\/\/masterchem.ee\/fi\/tooted-ja-teenused\/intialainen-hunajaoljy\/","title":{"rendered":"Intialainen hunaja\u00f6ljy"},"content":{"rendered":"<p><strong>Intialainen hunaja\u00f6ljy<\/strong><br \/>\nToimialat: Kosmetiikkateollisuus<br \/>\nKoostumus: \u00d6ljyt, rasvat, vahat<\/p>\n","protected":false},"excerpt":{"rendered":"<p><strong>Intialainen hunaja\u00f6ljy<\/strong><\/p>\n<p>Luonnollinen, puhdistamaton, kosmeettinen, luomu kylm\u00e4puristettu neempuun siemen\u00f6ljy. Se sis\u00e4lt\u00e4\u00e4 merkitt\u00e4vi\u00e4 m\u00e4\u00e4ri\u00e4 v\u00e4ltt\u00e4m\u00e4tt\u00f6mi\u00e4 rasvahappoja sek\u00e4 C- ja E-vitamiinia.<\/p>\n<p>Antibakteeristen ja rauhoittavien ominaisuuksiensa ansiosta sit\u00e4 k\u00e4ytet\u00e4\u00e4n usein ihottuman, psoriaasin, hilseen ja tulehduksen hoitoon.<\/p>\n<p>S\u00e4\u00e4telee talirauhasten toimintaa, v\u00e4hent\u00e4\u00e4 talin erittymist\u00e4, lievitt\u00e4\u00e4 aknea.<\/p>\n","protected":false},"featured_media":22325,"template":"","meta":[],"product_brand":[],"product_cat":[180,294],"product_tag":[],"class_list":{"0":"post-22315","1":"product","2":"type-product","3":"status-publish","4":"has-post-thumbnail","6":"product_cat-uncategorized-fi-2","7":"product_cat-kosmetiikkateollisuus","9":"first","10":"instock","11":"taxable","12":"shipping-taxable","13":"purchasable","14":"product-type-variable","15":"has-default-attributes"},"yoast_head":"<!-- This site is optimized with the Yoast SEO plugin v26.2 - https:\/\/yoast.com\/wordpress\/plugins\/seo\/ -->\n<title>Intialainen hunaja\u00f6ljy - Chemistry For Industry - Solvents &amp; Chemicals - Masterchem.ee<\/title>\n<meta name=\"description\" content=\"Luonnollinen, puhdistamaton, kosmeettinen, luomu kylm\u00e4puristettu neempuun siemen\u00f6ljy. Se sis\u00e4lt\u00e4\u00e4 merkitt\u00e4vi\u00e4 m\u00e4\u00e4ri\u00e4 v\u00e4ltt\u00e4m\u00e4tt\u00f6mi\u00e4 rasvahappoja sek\u00e4 C- ja E-vitamiinia.\" \/>\n<meta name=\"robots\" content=\"index, follow, max-snippet:-1, max-image-preview:large, max-video-preview:-1\" \/>\n<link rel=\"canonical\" href=\"https:\/\/masterchem.ee\/fi\/tooted-ja-teenused\/intialainen-hunajaoljy\/\" \/>\n<meta name=\"twitter:card\" content=\"summary_large_image\" \/>\n<meta name=\"twitter:title\" content=\"Intialainen hunaja\u00f6ljy - Chemistry For Industry - Solvents &amp; Chemicals - Masterchem.ee\" \/>\n<meta name=\"twitter:description\" content=\"Luonnollinen, puhdistamaton, kosmeettinen, luomu kylm\u00e4puristettu neempuun siemen\u00f6ljy. Se sis\u00e4lt\u00e4\u00e4 merkitt\u00e4vi\u00e4 m\u00e4\u00e4ri\u00e4 v\u00e4ltt\u00e4m\u00e4tt\u00f6mi\u00e4 rasvahappoja sek\u00e4 C- ja E-vitamiinia.\" \/>\n<meta name=\"twitter:image\" content=\"https:\/\/masterchem.ee\/wp-content\/uploads\/2023\/08\/India-meeoli-20l-MaterChem.jpg\" \/>\n<script type=\"application\/ld+json\" class=\"yoast-schema-graph\">{\"@context\":\"https:\/\/schema.org\",\"@graph\":[{\"@type\":\"WebPage\",\"@id\":\"https:\/\/masterchem.ee\/fi\/tooted-ja-teenused\/intialainen-hunajaoljy\/\",\"url\":\"https:\/\/masterchem.ee\/fi\/tooted-ja-teenused\/intialainen-hunajaoljy\/\",\"name\":\"Intialainen hunaja\u00f6ljy - Chemistry For Industry - Solvents &amp; Chemicals - Masterchem.ee\",\"isPartOf\":{\"@id\":\"https:\/\/masterchem.ee\/fi\/#website\"},\"primaryImageOfPage\":{\"@id\":\"https:\/\/masterchem.ee\/fi\/tooted-ja-teenused\/intialainen-hunajaoljy\/#primaryimage\"},\"image\":{\"@id\":\"https:\/\/masterchem.ee\/fi\/tooted-ja-teenused\/intialainen-hunajaoljy\/#primaryimage\"},\"thumbnailUrl\":\"https:\/\/masterchem.ee\/wp-content\/uploads\/2023\/08\/India-meeoli-20l-MaterChem.jpg\",\"datePublished\":\"2023-08-13T17:59:41+00:00\",\"dateModified\":\"2023-08-13T18:11:31+00:00\",\"description\":\"Luonnollinen, puhdistamaton, kosmeettinen, luomu kylm\u00e4puristettu neempuun siemen\u00f6ljy. Se sis\u00e4lt\u00e4\u00e4 merkitt\u00e4vi\u00e4 m\u00e4\u00e4ri\u00e4 v\u00e4ltt\u00e4m\u00e4tt\u00f6mi\u00e4 rasvahappoja sek\u00e4 C- ja E-vitamiinia.\",\"breadcrumb\":{\"@id\":\"https:\/\/masterchem.ee\/fi\/tooted-ja-teenused\/intialainen-hunajaoljy\/#breadcrumb\"},\"inLanguage\":\"fi\",\"potentialAction\":[{\"@type\":\"ReadAction\",\"target\":[\"https:\/\/masterchem.ee\/fi\/tooted-ja-teenused\/intialainen-hunajaoljy\/\"]}]},{\"@type\":\"ImageObject\",\"inLanguage\":\"fi\",\"@id\":\"https:\/\/masterchem.ee\/fi\/tooted-ja-teenused\/intialainen-hunajaoljy\/#primaryimage\",\"url\":\"https:\/\/masterchem.ee\/wp-content\/uploads\/2023\/08\/India-meeoli-20l-MaterChem.jpg\",\"contentUrl\":\"https:\/\/masterchem.ee\/wp-content\/uploads\/2023\/08\/India-meeoli-20l-MaterChem.jpg\",\"width\":700,\"height\":700},{\"@type\":\"BreadcrumbList\",\"@id\":\"https:\/\/masterchem.ee\/fi\/tooted-ja-teenused\/intialainen-hunajaoljy\/#breadcrumb\",\"itemListElement\":[{\"@type\":\"ListItem\",\"position\":1,\"name\":\"Home\",\"item\":\"https:\/\/masterchem.ee\/fi\/\"},{\"@type\":\"ListItem\",\"position\":2,\"name\":\"Tooted ja teenused\",\"item\":\"https:\/\/masterchem.ee\/tooted-ja-teenused\/\"},{\"@type\":\"ListItem\",\"position\":3,\"name\":\"Intialainen hunaja\u00f6ljy\"}]},{\"@type\":\"WebSite\",\"@id\":\"https:\/\/masterchem.ee\/fi\/#website\",\"url\":\"https:\/\/masterchem.ee\/fi\/\",\"name\":\"Masterchem.ee\",\"description\":\"Chemistry For Industry - Solvents &amp; Chemicals\",\"publisher\":{\"@id\":\"https:\/\/masterchem.ee\/fi\/#organization\"},\"potentialAction\":[{\"@type\":\"SearchAction\",\"target\":{\"@type\":\"EntryPoint\",\"urlTemplate\":\"https:\/\/masterchem.ee\/fi\/?s={search_term_string}\"},\"query-input\":{\"@type\":\"PropertyValueSpecification\",\"valueRequired\":true,\"valueName\":\"search_term_string\"}}],\"inLanguage\":\"fi\"},{\"@type\":\"Organization\",\"@id\":\"https:\/\/masterchem.ee\/fi\/#organization\",\"name\":\"Masterchem\",\"url\":\"https:\/\/masterchem.ee\/fi\/\",\"logo\":{\"@type\":\"ImageObject\",\"inLanguage\":\"fi\",\"@id\":\"https:\/\/masterchem.ee\/fi\/#\/schema\/logo\/image\/\",\"url\":\"https:\/\/masterchem.ee\/wp-content\/uploads\/2018\/02\/master-chem_final-1.png\",\"contentUrl\":\"https:\/\/masterchem.ee\/wp-content\/uploads\/2018\/02\/master-chem_final-1.png\",\"width\":850,\"height\":356,\"caption\":\"Masterchem\"},\"image\":{\"@id\":\"https:\/\/masterchem.ee\/fi\/#\/schema\/logo\/image\/\"}}]}<\/script>\n<!-- \/ Yoast SEO plugin. -->","yoast_head_json":{"title":"Intialainen hunaja\u00f6ljy - Chemistry For Industry - Solvents &amp; Chemicals - Masterchem.ee","description":"Luonnollinen, puhdistamaton, kosmeettinen, luomu kylm\u00e4puristettu neempuun siemen\u00f6ljy. Se sis\u00e4lt\u00e4\u00e4 merkitt\u00e4vi\u00e4 m\u00e4\u00e4ri\u00e4 v\u00e4ltt\u00e4m\u00e4tt\u00f6mi\u00e4 rasvahappoja sek\u00e4 C- ja E-vitamiinia.","robots":{"index":"index","follow":"follow","max-snippet":"max-snippet:-1","max-image-preview":"max-image-preview:large","max-video-preview":"max-video-preview:-1"},"canonical":"https:\/\/masterchem.ee\/fi\/tooted-ja-teenused\/intialainen-hunajaoljy\/","twitter_card":"summary_large_image","twitter_title":"Intialainen hunaja\u00f6ljy - Chemistry For Industry - Solvents &amp; Chemicals - Masterchem.ee","twitter_description":"Luonnollinen, puhdistamaton, kosmeettinen, luomu kylm\u00e4puristettu neempuun siemen\u00f6ljy. Se sis\u00e4lt\u00e4\u00e4 merkitt\u00e4vi\u00e4 m\u00e4\u00e4ri\u00e4 v\u00e4ltt\u00e4m\u00e4tt\u00f6mi\u00e4 rasvahappoja sek\u00e4 C- ja E-vitamiinia.","twitter_image":"https:\/\/masterchem.ee\/wp-content\/uploads\/2023\/08\/India-meeoli-20l-MaterChem.jpg","schema":{"@context":"https:\/\/schema.org","@graph":[{"@type":"WebPage","@id":"https:\/\/masterchem.ee\/fi\/tooted-ja-teenused\/intialainen-hunajaoljy\/","url":"https:\/\/masterchem.ee\/fi\/tooted-ja-teenused\/intialainen-hunajaoljy\/","name":"Intialainen hunaja\u00f6ljy - Chemistry For Industry - Solvents &amp; Chemicals - Masterchem.ee","isPartOf":{"@id":"https:\/\/masterchem.ee\/fi\/#website"},"primaryImageOfPage":{"@id":"https:\/\/masterchem.ee\/fi\/tooted-ja-teenused\/intialainen-hunajaoljy\/#primaryimage"},"image":{"@id":"https:\/\/masterchem.ee\/fi\/tooted-ja-teenused\/intialainen-hunajaoljy\/#primaryimage"},"thumbnailUrl":"https:\/\/masterchem.ee\/wp-content\/uploads\/2023\/08\/India-meeoli-20l-MaterChem.jpg","datePublished":"2023-08-13T17:59:41+00:00","dateModified":"2023-08-13T18:11:31+00:00","description":"Luonnollinen, puhdistamaton, kosmeettinen, luomu kylm\u00e4puristettu neempuun siemen\u00f6ljy. Se sis\u00e4lt\u00e4\u00e4 merkitt\u00e4vi\u00e4 m\u00e4\u00e4ri\u00e4 v\u00e4ltt\u00e4m\u00e4tt\u00f6mi\u00e4 rasvahappoja sek\u00e4 C- ja E-vitamiinia.","breadcrumb":{"@id":"https:\/\/masterchem.ee\/fi\/tooted-ja-teenused\/intialainen-hunajaoljy\/#breadcrumb"},"inLanguage":"fi","potentialAction":[{"@type":"ReadAction","target":["https:\/\/masterchem.ee\/fi\/tooted-ja-teenused\/intialainen-hunajaoljy\/"]}]},{"@type":"ImageObject","inLanguage":"fi","@id":"https:\/\/masterchem.ee\/fi\/tooted-ja-teenused\/intialainen-hunajaoljy\/#primaryimage","url":"https:\/\/masterchem.ee\/wp-content\/uploads\/2023\/08\/India-meeoli-20l-MaterChem.jpg","contentUrl":"https:\/\/masterchem.ee\/wp-content\/uploads\/2023\/08\/India-meeoli-20l-MaterChem.jpg","width":700,"height":700},{"@type":"BreadcrumbList","@id":"https:\/\/masterchem.ee\/fi\/tooted-ja-teenused\/intialainen-hunajaoljy\/#breadcrumb","itemListElement":[{"@type":"ListItem","position":1,"name":"Home","item":"https:\/\/masterchem.ee\/fi\/"},{"@type":"ListItem","position":2,"name":"Tooted ja teenused","item":"https:\/\/masterchem.ee\/tooted-ja-teenused\/"},{"@type":"ListItem","position":3,"name":"Intialainen hunaja\u00f6ljy"}]},{"@type":"WebSite","@id":"https:\/\/masterchem.ee\/fi\/#website","url":"https:\/\/masterchem.ee\/fi\/","name":"Masterchem.ee","description":"Chemistry For Industry - Solvents &amp; Chemicals","publisher":{"@id":"https:\/\/masterchem.ee\/fi\/#organization"},"potentialAction":[{"@type":"SearchAction","target":{"@type":"EntryPoint","urlTemplate":"https:\/\/masterchem.ee\/fi\/?s={search_term_string}"},"query-input":{"@type":"PropertyValueSpecification","valueRequired":true,"valueName":"search_term_string"}}],"inLanguage":"fi"},{"@type":"Organization","@id":"https:\/\/masterchem.ee\/fi\/#organization","name":"Masterchem","url":"https:\/\/masterchem.ee\/fi\/","logo":{"@type":"ImageObject","inLanguage":"fi","@id":"https:\/\/masterchem.ee\/fi\/#\/schema\/logo\/image\/","url":"https:\/\/masterchem.ee\/wp-content\/uploads\/2018\/02\/master-chem_final-1.png","contentUrl":"https:\/\/masterchem.ee\/wp-content\/uploads\/2018\/02\/master-chem_final-1.png","width":850,"height":356,"caption":"Masterchem"},"image":{"@id":"https:\/\/masterchem.ee\/fi\/#\/schema\/logo\/image\/"}}]}},"_links":{"self":[{"href":"https:\/\/masterchem.ee\/fi\/wp-json\/wp\/v2\/product\/22315","targetHints":{"allow":["GET"]}}],"collection":[{"href":"https:\/\/masterchem.ee\/fi\/wp-json\/wp\/v2\/product"}],"about":[{"href":"https:\/\/masterchem.ee\/fi\/wp-json\/wp\/v2\/types\/product"}],"wp:featuredmedia":[{"embeddable":true,"href":"https:\/\/masterchem.ee\/fi\/wp-json\/wp\/v2\/media\/22325"}],"wp:attachment":[{"href":"https:\/\/masterchem.ee\/fi\/wp-json\/wp\/v2\/media?parent=22315"}],"wp:term":[{"taxonomy":"product_brand","embeddable":true,"href":"https:\/\/masterchem.ee\/fi\/wp-json\/wp\/v2\/product_brand?post=22315"},{"taxonomy":"product_cat","embeddable":true,"href":"https:\/\/masterchem.ee\/fi\/wp-json\/wp\/v2\/product_cat?post=22315"},{"taxonomy":"product_tag","embeddable":true,"href":"https:\/\/masterchem.ee\/fi\/wp-json\/wp\/v2\/product_tag?post=22315"}],"curies":[{"name":"wp","href":"https:\/\/api.w.org\/{rel}","templated":true}]}}