{"id":22290,"date":"2023-08-12T05:36:19","date_gmt":"2023-08-12T05:36:24","guid":{"rendered":"https:\/\/masterchem.ee\/?post_type=product&#038;p=22290"},"modified":"2023-08-12T05:44:53","modified_gmt":"2023-08-12T05:44:53","slug":"kobolttikarbonaatti","status":"publish","type":"product","link":"https:\/\/masterchem.ee\/fi\/tooted-ja-teenused\/kobolttikarbonaatti\/","title":{"rendered":"Kobolttikarbonaatti"},"content":{"rendered":"<p>Teollisuus: Maalit ja lakat<br \/>\nKoostumus: Hiilihapposuolat &#8211; karbonaatit, hiiliyhdisteet, kobolttiyhdisteet<br \/>\nADR: UN3077<\/p>\n","protected":false},"excerpt":{"rendered":"<p><strong>Kobolttikarbonaatti<\/strong><\/p>\n<p>Koboltti(II)karbonaatti on ep\u00e4orgaaninen yhdiste, jonka kaava on CoCO3. T\u00e4m\u00e4 punertava paramagneettinen kiinte\u00e4 aine on v\u00e4lituote koboltin hydrometallurgisessa puhdistuksessa sen malmeista. Se on ep\u00e4orgaaninen pigmentti ja katalyyttien esiaste. Koboltti(II)karbonaattia esiintyy my\u00f6s harvinaisena punaisena\/vaaleanpunaisena mineraalina sferokobaltiittina.<\/p>\n<p>Kobolttikarbonaatti on kobolttikarbonyylin ja erilaisten kobolttisuolojen esiaste. Se on osa ravintolisist\u00e4, koska koboltti on olennainen osa. Se on sinisten keramiikkalasitteiden edelt\u00e4j\u00e4, tunnetusti Delftwaren tapauksessa.<\/p>\n","protected":false},"featured_media":22298,"template":"","meta":[],"product_brand":[],"product_cat":[180,286],"product_tag":[],"class_list":{"0":"post-22290","1":"product","2":"type-product","3":"status-publish","4":"has-post-thumbnail","6":"product_cat-uncategorized-fi-2","7":"product_cat-maalit-ja-lakat","9":"first","10":"instock","11":"taxable","12":"shipping-taxable","13":"purchasable","14":"product-type-variable","15":"has-default-attributes"},"yoast_head":"<!-- This site is optimized with the Yoast SEO plugin v26.2 - https:\/\/yoast.com\/wordpress\/plugins\/seo\/ -->\n<title>Kobolttikarbonaatti - Chemistry For Industry - Solvents &amp; Chemicals - Masterchem.ee<\/title>\n<meta name=\"description\" content=\"Koboltti(II)karbonaatti on ep\u00e4orgaaninen yhdiste, jonka kaava on CoCO3. T\u00e4m\u00e4 punertava paramagneettinen kiinte\u00e4 aine on v\u00e4lituote koboltin hydrometallurgisessa puhdistuksessa sen malmeista.\" \/>\n<meta name=\"robots\" content=\"index, follow, max-snippet:-1, max-image-preview:large, max-video-preview:-1\" \/>\n<link rel=\"canonical\" href=\"https:\/\/masterchem.ee\/fi\/tooted-ja-teenused\/kobolttikarbonaatti\/\" \/>\n<meta name=\"twitter:card\" content=\"summary_large_image\" \/>\n<meta name=\"twitter:title\" content=\"Kobolttikarbonaatti - Chemistry For Industry - Solvents &amp; Chemicals - Masterchem.ee\" \/>\n<meta name=\"twitter:description\" content=\"Koboltti(II)karbonaatti on ep\u00e4orgaaninen yhdiste, jonka kaava on CoCO3. T\u00e4m\u00e4 punertava paramagneettinen kiinte\u00e4 aine on v\u00e4lituote koboltin hydrometallurgisessa puhdistuksessa sen malmeista.\" \/>\n<meta name=\"twitter:image\" content=\"https:\/\/masterchem.ee\/wp-content\/uploads\/2023\/08\/Koobaltkarbonaat-25kg-MasterChem.jpg\" \/>\n<script type=\"application\/ld+json\" class=\"yoast-schema-graph\">{\"@context\":\"https:\/\/schema.org\",\"@graph\":[{\"@type\":\"WebPage\",\"@id\":\"https:\/\/masterchem.ee\/fi\/tooted-ja-teenused\/kobolttikarbonaatti\/\",\"url\":\"https:\/\/masterchem.ee\/fi\/tooted-ja-teenused\/kobolttikarbonaatti\/\",\"name\":\"Kobolttikarbonaatti - Chemistry For Industry - Solvents &amp; Chemicals - Masterchem.ee\",\"isPartOf\":{\"@id\":\"https:\/\/masterchem.ee\/fi\/#website\"},\"primaryImageOfPage\":{\"@id\":\"https:\/\/masterchem.ee\/fi\/tooted-ja-teenused\/kobolttikarbonaatti\/#primaryimage\"},\"image\":{\"@id\":\"https:\/\/masterchem.ee\/fi\/tooted-ja-teenused\/kobolttikarbonaatti\/#primaryimage\"},\"thumbnailUrl\":\"https:\/\/masterchem.ee\/wp-content\/uploads\/2023\/08\/Koobaltkarbonaat-25kg-MasterChem.jpg\",\"datePublished\":\"2023-08-12T05:36:24+00:00\",\"dateModified\":\"2023-08-12T05:44:53+00:00\",\"description\":\"Koboltti(II)karbonaatti on ep\u00e4orgaaninen yhdiste, jonka kaava on CoCO3. T\u00e4m\u00e4 punertava paramagneettinen kiinte\u00e4 aine on v\u00e4lituote koboltin hydrometallurgisessa puhdistuksessa sen malmeista.\",\"breadcrumb\":{\"@id\":\"https:\/\/masterchem.ee\/fi\/tooted-ja-teenused\/kobolttikarbonaatti\/#breadcrumb\"},\"inLanguage\":\"fi\",\"potentialAction\":[{\"@type\":\"ReadAction\",\"target\":[\"https:\/\/masterchem.ee\/fi\/tooted-ja-teenused\/kobolttikarbonaatti\/\"]}]},{\"@type\":\"ImageObject\",\"inLanguage\":\"fi\",\"@id\":\"https:\/\/masterchem.ee\/fi\/tooted-ja-teenused\/kobolttikarbonaatti\/#primaryimage\",\"url\":\"https:\/\/masterchem.ee\/wp-content\/uploads\/2023\/08\/Koobaltkarbonaat-25kg-MasterChem.jpg\",\"contentUrl\":\"https:\/\/masterchem.ee\/wp-content\/uploads\/2023\/08\/Koobaltkarbonaat-25kg-MasterChem.jpg\",\"width\":1000,\"height\":1000},{\"@type\":\"BreadcrumbList\",\"@id\":\"https:\/\/masterchem.ee\/fi\/tooted-ja-teenused\/kobolttikarbonaatti\/#breadcrumb\",\"itemListElement\":[{\"@type\":\"ListItem\",\"position\":1,\"name\":\"Home\",\"item\":\"https:\/\/masterchem.ee\/fi\/\"},{\"@type\":\"ListItem\",\"position\":2,\"name\":\"Tooted ja teenused\",\"item\":\"https:\/\/masterchem.ee\/tooted-ja-teenused\/\"},{\"@type\":\"ListItem\",\"position\":3,\"name\":\"Kobolttikarbonaatti\"}]},{\"@type\":\"WebSite\",\"@id\":\"https:\/\/masterchem.ee\/fi\/#website\",\"url\":\"https:\/\/masterchem.ee\/fi\/\",\"name\":\"Masterchem.ee\",\"description\":\"Chemistry For Industry - Solvents &amp; Chemicals\",\"publisher\":{\"@id\":\"https:\/\/masterchem.ee\/fi\/#organization\"},\"potentialAction\":[{\"@type\":\"SearchAction\",\"target\":{\"@type\":\"EntryPoint\",\"urlTemplate\":\"https:\/\/masterchem.ee\/fi\/?s={search_term_string}\"},\"query-input\":{\"@type\":\"PropertyValueSpecification\",\"valueRequired\":true,\"valueName\":\"search_term_string\"}}],\"inLanguage\":\"fi\"},{\"@type\":\"Organization\",\"@id\":\"https:\/\/masterchem.ee\/fi\/#organization\",\"name\":\"Masterchem\",\"url\":\"https:\/\/masterchem.ee\/fi\/\",\"logo\":{\"@type\":\"ImageObject\",\"inLanguage\":\"fi\",\"@id\":\"https:\/\/masterchem.ee\/fi\/#\/schema\/logo\/image\/\",\"url\":\"https:\/\/masterchem.ee\/wp-content\/uploads\/2018\/02\/master-chem_final-1.png\",\"contentUrl\":\"https:\/\/masterchem.ee\/wp-content\/uploads\/2018\/02\/master-chem_final-1.png\",\"width\":850,\"height\":356,\"caption\":\"Masterchem\"},\"image\":{\"@id\":\"https:\/\/masterchem.ee\/fi\/#\/schema\/logo\/image\/\"}}]}<\/script>\n<!-- \/ Yoast SEO plugin. -->","yoast_head_json":{"title":"Kobolttikarbonaatti - Chemistry For Industry - Solvents &amp; Chemicals - Masterchem.ee","description":"Koboltti(II)karbonaatti on ep\u00e4orgaaninen yhdiste, jonka kaava on CoCO3. T\u00e4m\u00e4 punertava paramagneettinen kiinte\u00e4 aine on v\u00e4lituote koboltin hydrometallurgisessa puhdistuksessa sen malmeista.","robots":{"index":"index","follow":"follow","max-snippet":"max-snippet:-1","max-image-preview":"max-image-preview:large","max-video-preview":"max-video-preview:-1"},"canonical":"https:\/\/masterchem.ee\/fi\/tooted-ja-teenused\/kobolttikarbonaatti\/","twitter_card":"summary_large_image","twitter_title":"Kobolttikarbonaatti - Chemistry For Industry - Solvents &amp; Chemicals - Masterchem.ee","twitter_description":"Koboltti(II)karbonaatti on ep\u00e4orgaaninen yhdiste, jonka kaava on CoCO3. T\u00e4m\u00e4 punertava paramagneettinen kiinte\u00e4 aine on v\u00e4lituote koboltin hydrometallurgisessa puhdistuksessa sen malmeista.","twitter_image":"https:\/\/masterchem.ee\/wp-content\/uploads\/2023\/08\/Koobaltkarbonaat-25kg-MasterChem.jpg","schema":{"@context":"https:\/\/schema.org","@graph":[{"@type":"WebPage","@id":"https:\/\/masterchem.ee\/fi\/tooted-ja-teenused\/kobolttikarbonaatti\/","url":"https:\/\/masterchem.ee\/fi\/tooted-ja-teenused\/kobolttikarbonaatti\/","name":"Kobolttikarbonaatti - Chemistry For Industry - Solvents &amp; Chemicals - Masterchem.ee","isPartOf":{"@id":"https:\/\/masterchem.ee\/fi\/#website"},"primaryImageOfPage":{"@id":"https:\/\/masterchem.ee\/fi\/tooted-ja-teenused\/kobolttikarbonaatti\/#primaryimage"},"image":{"@id":"https:\/\/masterchem.ee\/fi\/tooted-ja-teenused\/kobolttikarbonaatti\/#primaryimage"},"thumbnailUrl":"https:\/\/masterchem.ee\/wp-content\/uploads\/2023\/08\/Koobaltkarbonaat-25kg-MasterChem.jpg","datePublished":"2023-08-12T05:36:24+00:00","dateModified":"2023-08-12T05:44:53+00:00","description":"Koboltti(II)karbonaatti on ep\u00e4orgaaninen yhdiste, jonka kaava on CoCO3. T\u00e4m\u00e4 punertava paramagneettinen kiinte\u00e4 aine on v\u00e4lituote koboltin hydrometallurgisessa puhdistuksessa sen malmeista.","breadcrumb":{"@id":"https:\/\/masterchem.ee\/fi\/tooted-ja-teenused\/kobolttikarbonaatti\/#breadcrumb"},"inLanguage":"fi","potentialAction":[{"@type":"ReadAction","target":["https:\/\/masterchem.ee\/fi\/tooted-ja-teenused\/kobolttikarbonaatti\/"]}]},{"@type":"ImageObject","inLanguage":"fi","@id":"https:\/\/masterchem.ee\/fi\/tooted-ja-teenused\/kobolttikarbonaatti\/#primaryimage","url":"https:\/\/masterchem.ee\/wp-content\/uploads\/2023\/08\/Koobaltkarbonaat-25kg-MasterChem.jpg","contentUrl":"https:\/\/masterchem.ee\/wp-content\/uploads\/2023\/08\/Koobaltkarbonaat-25kg-MasterChem.jpg","width":1000,"height":1000},{"@type":"BreadcrumbList","@id":"https:\/\/masterchem.ee\/fi\/tooted-ja-teenused\/kobolttikarbonaatti\/#breadcrumb","itemListElement":[{"@type":"ListItem","position":1,"name":"Home","item":"https:\/\/masterchem.ee\/fi\/"},{"@type":"ListItem","position":2,"name":"Tooted ja teenused","item":"https:\/\/masterchem.ee\/tooted-ja-teenused\/"},{"@type":"ListItem","position":3,"name":"Kobolttikarbonaatti"}]},{"@type":"WebSite","@id":"https:\/\/masterchem.ee\/fi\/#website","url":"https:\/\/masterchem.ee\/fi\/","name":"Masterchem.ee","description":"Chemistry For Industry - Solvents &amp; Chemicals","publisher":{"@id":"https:\/\/masterchem.ee\/fi\/#organization"},"potentialAction":[{"@type":"SearchAction","target":{"@type":"EntryPoint","urlTemplate":"https:\/\/masterchem.ee\/fi\/?s={search_term_string}"},"query-input":{"@type":"PropertyValueSpecification","valueRequired":true,"valueName":"search_term_string"}}],"inLanguage":"fi"},{"@type":"Organization","@id":"https:\/\/masterchem.ee\/fi\/#organization","name":"Masterchem","url":"https:\/\/masterchem.ee\/fi\/","logo":{"@type":"ImageObject","inLanguage":"fi","@id":"https:\/\/masterchem.ee\/fi\/#\/schema\/logo\/image\/","url":"https:\/\/masterchem.ee\/wp-content\/uploads\/2018\/02\/master-chem_final-1.png","contentUrl":"https:\/\/masterchem.ee\/wp-content\/uploads\/2018\/02\/master-chem_final-1.png","width":850,"height":356,"caption":"Masterchem"},"image":{"@id":"https:\/\/masterchem.ee\/fi\/#\/schema\/logo\/image\/"}}]}},"_links":{"self":[{"href":"https:\/\/masterchem.ee\/fi\/wp-json\/wp\/v2\/product\/22290","targetHints":{"allow":["GET"]}}],"collection":[{"href":"https:\/\/masterchem.ee\/fi\/wp-json\/wp\/v2\/product"}],"about":[{"href":"https:\/\/masterchem.ee\/fi\/wp-json\/wp\/v2\/types\/product"}],"wp:featuredmedia":[{"embeddable":true,"href":"https:\/\/masterchem.ee\/fi\/wp-json\/wp\/v2\/media\/22298"}],"wp:attachment":[{"href":"https:\/\/masterchem.ee\/fi\/wp-json\/wp\/v2\/media?parent=22290"}],"wp:term":[{"taxonomy":"product_brand","embeddable":true,"href":"https:\/\/masterchem.ee\/fi\/wp-json\/wp\/v2\/product_brand?post=22290"},{"taxonomy":"product_cat","embeddable":true,"href":"https:\/\/masterchem.ee\/fi\/wp-json\/wp\/v2\/product_cat?post=22290"},{"taxonomy":"product_tag","embeddable":true,"href":"https:\/\/masterchem.ee\/fi\/wp-json\/wp\/v2\/product_tag?post=22290"}],"curies":[{"name":"wp","href":"https:\/\/api.w.org\/{rel}","templated":true}]}}