{"id":22231,"date":"2023-08-08T19:51:03","date_gmt":"2023-08-08T19:51:05","guid":{"rendered":"https:\/\/masterchem.ee\/?post_type=product&#038;p=22231"},"modified":"2023-08-08T19:57:42","modified_gmt":"2023-08-08T19:57:42","slug":"kaakaovoi-cas-8002-31-1","status":"publish","type":"product","link":"https:\/\/masterchem.ee\/fi\/tooted-ja-teenused\/kaakaovoi-cas-8002-31-1\/","title":{"rendered":"Kaakaovoi (CAS 8002-31-1)"},"content":{"rendered":"<p><strong>Kaakaovoi (CAS 8002-31-1)<\/strong><br \/>\nToimialat: Kosmetiikkateollisuus<br \/>\nKoostumus: \u00d6ljyt, rasvat, vahat<br \/>\nCAS-numero: 8002-31-1<br \/>\nWE-numero: 310-127-6<br \/>\nMuut fysikaaliset ominaisuudet<br \/>\nSulamis-\/j\u00e4\u00e4tymispiste: ~35\u00b0C<br \/>\nSuhteellinen tiheys: 0,9 g\/cm3<\/p>\n","protected":false},"excerpt":{"rendered":"<p><strong>Kaakaovoi (CAS 8002-31-1)<\/strong><\/p>\n<p>Kaakaovoi, jota kutsutaan my\u00f6s teobroma\u00f6ljyksi, on vaaleankeltainen sy\u00f6t\u00e4v\u00e4 rasva, joka on uutettu kaakaopavuista (Theobroma cacao). Sit\u00e4 k\u00e4ytet\u00e4\u00e4n suklaan, samoin kuin joidenkin voiteiden, hygieniatuotteiden ja l\u00e4\u00e4kkeiden valmistukseen. Kaakaovoissa on kaakaomainen maku ja aromi. Sen sulamispiste on hieman ihmisen kehon l\u00e4mp\u00f6tilaa alempi. Se on suklaan ja vastaavien makeistuotteiden olennainen p\u00e4\u00e4ainesosa.<\/p>\n","protected":false},"featured_media":22241,"template":"","meta":[],"product_brand":[],"product_cat":[180,294],"product_tag":[],"class_list":{"0":"post-22231","1":"product","2":"type-product","3":"status-publish","4":"has-post-thumbnail","6":"product_cat-uncategorized-fi-2","7":"product_cat-kosmetiikkateollisuus","9":"first","10":"instock","11":"taxable","12":"shipping-taxable","13":"purchasable","14":"product-type-variable","15":"has-default-attributes"},"yoast_head":"<!-- This site is optimized with the Yoast SEO plugin v26.2 - https:\/\/yoast.com\/wordpress\/plugins\/seo\/ -->\n<title>Kaakaovoi (CAS 8002-31-1) - Chemistry For Industry - Solvents &amp; Chemicals - Masterchem.ee<\/title>\n<meta name=\"description\" content=\"Kaakaovoi, jota kutsutaan my\u00f6s teobroma\u00f6ljyksi, on vaaleankeltainen, kaakaopavuista uutettu sy\u00f6t\u00e4v\u00e4 rasva. Sit\u00e4 k\u00e4ytet\u00e4\u00e4n suklaan valmistukseen jne.\" \/>\n<meta name=\"robots\" content=\"index, follow, max-snippet:-1, max-image-preview:large, max-video-preview:-1\" \/>\n<link rel=\"canonical\" href=\"https:\/\/masterchem.ee\/fi\/tooted-ja-teenused\/kaakaovoi-cas-8002-31-1\/\" \/>\n<meta name=\"twitter:card\" content=\"summary_large_image\" \/>\n<meta name=\"twitter:title\" content=\"Kaakaovoi (CAS 8002-31-1) - Chemistry For Industry - Solvents &amp; Chemicals - Masterchem.ee\" \/>\n<meta name=\"twitter:description\" content=\"Kaakaovoi, jota kutsutaan my\u00f6s teobroma\u00f6ljyksi, on vaaleankeltainen, kaakaopavuista uutettu sy\u00f6t\u00e4v\u00e4 rasva. Sit\u00e4 k\u00e4ytet\u00e4\u00e4n suklaan valmistukseen jne.\" \/>\n<meta name=\"twitter:image\" content=\"https:\/\/masterchem.ee\/wp-content\/uploads\/2023\/08\/Kakaovoi-20l-MaterChem.jpg\" \/>\n<script type=\"application\/ld+json\" class=\"yoast-schema-graph\">{\"@context\":\"https:\/\/schema.org\",\"@graph\":[{\"@type\":\"WebPage\",\"@id\":\"https:\/\/masterchem.ee\/fi\/tooted-ja-teenused\/kaakaovoi-cas-8002-31-1\/\",\"url\":\"https:\/\/masterchem.ee\/fi\/tooted-ja-teenused\/kaakaovoi-cas-8002-31-1\/\",\"name\":\"Kaakaovoi (CAS 8002-31-1) - Chemistry For Industry - Solvents &amp; Chemicals - Masterchem.ee\",\"isPartOf\":{\"@id\":\"https:\/\/masterchem.ee\/fi\/#website\"},\"primaryImageOfPage\":{\"@id\":\"https:\/\/masterchem.ee\/fi\/tooted-ja-teenused\/kaakaovoi-cas-8002-31-1\/#primaryimage\"},\"image\":{\"@id\":\"https:\/\/masterchem.ee\/fi\/tooted-ja-teenused\/kaakaovoi-cas-8002-31-1\/#primaryimage\"},\"thumbnailUrl\":\"https:\/\/masterchem.ee\/wp-content\/uploads\/2023\/08\/Kakaovoi-20l-MaterChem.jpg\",\"datePublished\":\"2023-08-08T19:51:05+00:00\",\"dateModified\":\"2023-08-08T19:57:42+00:00\",\"description\":\"Kaakaovoi, jota kutsutaan my\u00f6s teobroma\u00f6ljyksi, on vaaleankeltainen, kaakaopavuista uutettu sy\u00f6t\u00e4v\u00e4 rasva. Sit\u00e4 k\u00e4ytet\u00e4\u00e4n suklaan valmistukseen jne.\",\"breadcrumb\":{\"@id\":\"https:\/\/masterchem.ee\/fi\/tooted-ja-teenused\/kaakaovoi-cas-8002-31-1\/#breadcrumb\"},\"inLanguage\":\"fi\",\"potentialAction\":[{\"@type\":\"ReadAction\",\"target\":[\"https:\/\/masterchem.ee\/fi\/tooted-ja-teenused\/kaakaovoi-cas-8002-31-1\/\"]}]},{\"@type\":\"ImageObject\",\"inLanguage\":\"fi\",\"@id\":\"https:\/\/masterchem.ee\/fi\/tooted-ja-teenused\/kaakaovoi-cas-8002-31-1\/#primaryimage\",\"url\":\"https:\/\/masterchem.ee\/wp-content\/uploads\/2023\/08\/Kakaovoi-20l-MaterChem.jpg\",\"contentUrl\":\"https:\/\/masterchem.ee\/wp-content\/uploads\/2023\/08\/Kakaovoi-20l-MaterChem.jpg\",\"width\":700,\"height\":700},{\"@type\":\"BreadcrumbList\",\"@id\":\"https:\/\/masterchem.ee\/fi\/tooted-ja-teenused\/kaakaovoi-cas-8002-31-1\/#breadcrumb\",\"itemListElement\":[{\"@type\":\"ListItem\",\"position\":1,\"name\":\"Home\",\"item\":\"https:\/\/masterchem.ee\/fi\/\"},{\"@type\":\"ListItem\",\"position\":2,\"name\":\"Tooted ja teenused\",\"item\":\"https:\/\/masterchem.ee\/tooted-ja-teenused\/\"},{\"@type\":\"ListItem\",\"position\":3,\"name\":\"Kaakaovoi (CAS 8002-31-1)\"}]},{\"@type\":\"WebSite\",\"@id\":\"https:\/\/masterchem.ee\/fi\/#website\",\"url\":\"https:\/\/masterchem.ee\/fi\/\",\"name\":\"Masterchem.ee\",\"description\":\"Chemistry For Industry - Solvents &amp; Chemicals\",\"publisher\":{\"@id\":\"https:\/\/masterchem.ee\/fi\/#organization\"},\"potentialAction\":[{\"@type\":\"SearchAction\",\"target\":{\"@type\":\"EntryPoint\",\"urlTemplate\":\"https:\/\/masterchem.ee\/fi\/?s={search_term_string}\"},\"query-input\":{\"@type\":\"PropertyValueSpecification\",\"valueRequired\":true,\"valueName\":\"search_term_string\"}}],\"inLanguage\":\"fi\"},{\"@type\":\"Organization\",\"@id\":\"https:\/\/masterchem.ee\/fi\/#organization\",\"name\":\"Masterchem\",\"url\":\"https:\/\/masterchem.ee\/fi\/\",\"logo\":{\"@type\":\"ImageObject\",\"inLanguage\":\"fi\",\"@id\":\"https:\/\/masterchem.ee\/fi\/#\/schema\/logo\/image\/\",\"url\":\"https:\/\/masterchem.ee\/wp-content\/uploads\/2018\/02\/master-chem_final-1.png\",\"contentUrl\":\"https:\/\/masterchem.ee\/wp-content\/uploads\/2018\/02\/master-chem_final-1.png\",\"width\":850,\"height\":356,\"caption\":\"Masterchem\"},\"image\":{\"@id\":\"https:\/\/masterchem.ee\/fi\/#\/schema\/logo\/image\/\"}}]}<\/script>\n<!-- \/ Yoast SEO plugin. -->","yoast_head_json":{"title":"Kaakaovoi (CAS 8002-31-1) - Chemistry For Industry - Solvents &amp; Chemicals - Masterchem.ee","description":"Kaakaovoi, jota kutsutaan my\u00f6s teobroma\u00f6ljyksi, on vaaleankeltainen, kaakaopavuista uutettu sy\u00f6t\u00e4v\u00e4 rasva. Sit\u00e4 k\u00e4ytet\u00e4\u00e4n suklaan valmistukseen jne.","robots":{"index":"index","follow":"follow","max-snippet":"max-snippet:-1","max-image-preview":"max-image-preview:large","max-video-preview":"max-video-preview:-1"},"canonical":"https:\/\/masterchem.ee\/fi\/tooted-ja-teenused\/kaakaovoi-cas-8002-31-1\/","twitter_card":"summary_large_image","twitter_title":"Kaakaovoi (CAS 8002-31-1) - Chemistry For Industry - Solvents &amp; Chemicals - Masterchem.ee","twitter_description":"Kaakaovoi, jota kutsutaan my\u00f6s teobroma\u00f6ljyksi, on vaaleankeltainen, kaakaopavuista uutettu sy\u00f6t\u00e4v\u00e4 rasva. Sit\u00e4 k\u00e4ytet\u00e4\u00e4n suklaan valmistukseen jne.","twitter_image":"https:\/\/masterchem.ee\/wp-content\/uploads\/2023\/08\/Kakaovoi-20l-MaterChem.jpg","schema":{"@context":"https:\/\/schema.org","@graph":[{"@type":"WebPage","@id":"https:\/\/masterchem.ee\/fi\/tooted-ja-teenused\/kaakaovoi-cas-8002-31-1\/","url":"https:\/\/masterchem.ee\/fi\/tooted-ja-teenused\/kaakaovoi-cas-8002-31-1\/","name":"Kaakaovoi (CAS 8002-31-1) - Chemistry For Industry - Solvents &amp; Chemicals - Masterchem.ee","isPartOf":{"@id":"https:\/\/masterchem.ee\/fi\/#website"},"primaryImageOfPage":{"@id":"https:\/\/masterchem.ee\/fi\/tooted-ja-teenused\/kaakaovoi-cas-8002-31-1\/#primaryimage"},"image":{"@id":"https:\/\/masterchem.ee\/fi\/tooted-ja-teenused\/kaakaovoi-cas-8002-31-1\/#primaryimage"},"thumbnailUrl":"https:\/\/masterchem.ee\/wp-content\/uploads\/2023\/08\/Kakaovoi-20l-MaterChem.jpg","datePublished":"2023-08-08T19:51:05+00:00","dateModified":"2023-08-08T19:57:42+00:00","description":"Kaakaovoi, jota kutsutaan my\u00f6s teobroma\u00f6ljyksi, on vaaleankeltainen, kaakaopavuista uutettu sy\u00f6t\u00e4v\u00e4 rasva. Sit\u00e4 k\u00e4ytet\u00e4\u00e4n suklaan valmistukseen jne.","breadcrumb":{"@id":"https:\/\/masterchem.ee\/fi\/tooted-ja-teenused\/kaakaovoi-cas-8002-31-1\/#breadcrumb"},"inLanguage":"fi","potentialAction":[{"@type":"ReadAction","target":["https:\/\/masterchem.ee\/fi\/tooted-ja-teenused\/kaakaovoi-cas-8002-31-1\/"]}]},{"@type":"ImageObject","inLanguage":"fi","@id":"https:\/\/masterchem.ee\/fi\/tooted-ja-teenused\/kaakaovoi-cas-8002-31-1\/#primaryimage","url":"https:\/\/masterchem.ee\/wp-content\/uploads\/2023\/08\/Kakaovoi-20l-MaterChem.jpg","contentUrl":"https:\/\/masterchem.ee\/wp-content\/uploads\/2023\/08\/Kakaovoi-20l-MaterChem.jpg","width":700,"height":700},{"@type":"BreadcrumbList","@id":"https:\/\/masterchem.ee\/fi\/tooted-ja-teenused\/kaakaovoi-cas-8002-31-1\/#breadcrumb","itemListElement":[{"@type":"ListItem","position":1,"name":"Home","item":"https:\/\/masterchem.ee\/fi\/"},{"@type":"ListItem","position":2,"name":"Tooted ja teenused","item":"https:\/\/masterchem.ee\/tooted-ja-teenused\/"},{"@type":"ListItem","position":3,"name":"Kaakaovoi (CAS 8002-31-1)"}]},{"@type":"WebSite","@id":"https:\/\/masterchem.ee\/fi\/#website","url":"https:\/\/masterchem.ee\/fi\/","name":"Masterchem.ee","description":"Chemistry For Industry - Solvents &amp; Chemicals","publisher":{"@id":"https:\/\/masterchem.ee\/fi\/#organization"},"potentialAction":[{"@type":"SearchAction","target":{"@type":"EntryPoint","urlTemplate":"https:\/\/masterchem.ee\/fi\/?s={search_term_string}"},"query-input":{"@type":"PropertyValueSpecification","valueRequired":true,"valueName":"search_term_string"}}],"inLanguage":"fi"},{"@type":"Organization","@id":"https:\/\/masterchem.ee\/fi\/#organization","name":"Masterchem","url":"https:\/\/masterchem.ee\/fi\/","logo":{"@type":"ImageObject","inLanguage":"fi","@id":"https:\/\/masterchem.ee\/fi\/#\/schema\/logo\/image\/","url":"https:\/\/masterchem.ee\/wp-content\/uploads\/2018\/02\/master-chem_final-1.png","contentUrl":"https:\/\/masterchem.ee\/wp-content\/uploads\/2018\/02\/master-chem_final-1.png","width":850,"height":356,"caption":"Masterchem"},"image":{"@id":"https:\/\/masterchem.ee\/fi\/#\/schema\/logo\/image\/"}}]}},"_links":{"self":[{"href":"https:\/\/masterchem.ee\/fi\/wp-json\/wp\/v2\/product\/22231","targetHints":{"allow":["GET"]}}],"collection":[{"href":"https:\/\/masterchem.ee\/fi\/wp-json\/wp\/v2\/product"}],"about":[{"href":"https:\/\/masterchem.ee\/fi\/wp-json\/wp\/v2\/types\/product"}],"wp:featuredmedia":[{"embeddable":true,"href":"https:\/\/masterchem.ee\/fi\/wp-json\/wp\/v2\/media\/22241"}],"wp:attachment":[{"href":"https:\/\/masterchem.ee\/fi\/wp-json\/wp\/v2\/media?parent=22231"}],"wp:term":[{"taxonomy":"product_brand","embeddable":true,"href":"https:\/\/masterchem.ee\/fi\/wp-json\/wp\/v2\/product_brand?post=22231"},{"taxonomy":"product_cat","embeddable":true,"href":"https:\/\/masterchem.ee\/fi\/wp-json\/wp\/v2\/product_cat?post=22231"},{"taxonomy":"product_tag","embeddable":true,"href":"https:\/\/masterchem.ee\/fi\/wp-json\/wp\/v2\/product_tag?post=22231"}],"curies":[{"name":"wp","href":"https:\/\/api.w.org\/{rel}","templated":true}]}}