{"id":22200,"date":"2023-08-07T18:39:32","date_gmt":"2023-08-07T18:39:36","guid":{"rendered":"https:\/\/masterchem.ee\/?post_type=product&#038;p=22200"},"modified":"2023-08-07T18:50:32","modified_gmt":"2023-08-07T18:50:32","slug":"sheavoi-cas-67701-30-8","status":"publish","type":"product","link":"https:\/\/masterchem.ee\/fi\/tooted-ja-teenused\/sheavoi-cas-67701-30-8\/","title":{"rendered":"Sheavoi (CAS 67701-30-8)"},"content":{"rendered":"<p><strong>Sheavoi (CAS 67701-30-8)<\/strong><br \/>\nToimialat: Kosmetiikkateollisuus<br \/>\nKoostumus: \u00d6ljyt, rasvat, vahat<br \/>\nCAS-numero: 67701-30-8<br \/>\nWE-numero: 266-948-4<br \/>\n<strong>Muut fyysiset ominaisuudet<\/strong><br \/>\nSuhteellinen tiheys: 0,86-0,93 g\/cm3<\/p>\n","protected":false},"excerpt":{"rendered":"<p><strong>Sheavoi (CAS 67701-30-8)<\/strong><\/p>\n<p>Sheavoi on rasvaa (triglyseridi; p\u00e4\u00e4asiassa \u00f6ljyhappoa ja steariinihappoa), joka uutetaan afrikkalaisen karitepuun (Vitellaria paradoxa) p\u00e4hkin\u00f6ist\u00e4. Se on norsunluun v\u00e4rinen raakana ja yleisesti v\u00e4rj\u00e4tty keltaiseksi borututujuurella tai palmu\u00f6ljyll\u00e4. Sit\u00e4 k\u00e4ytet\u00e4\u00e4n laajalti kosmetiikassa kosteusvoiteena, voiteena tai voiteena.<\/p>\n<p>Hea voi koostuu viidest\u00e4 p\u00e4\u00e4rasvahaposta: palmitiini-, steariini-, \u00f6ljy-, linoli- ja arakidiinihaposta (katso taulukko alla). Noin 85-90 % rasvahappokoostumuksesta on steariini- ja \u00f6ljyhappoja. N\u00e4iden kahden rasvahapon suhteellinen osuus vaikuttaa sheavoin koostumukseen. Steariinihappo antaa sille kiinte\u00e4n koostumuksen, kun taas \u00f6ljyhappo vaikuttaa sheavoin pehmeyyteen tai kovuuteen ymp\u00e4rist\u00f6n l\u00e4mp\u00f6tilasta riippuen.<\/p>\n","protected":false},"featured_media":22210,"template":"","meta":[],"product_brand":[],"product_cat":[180,294],"product_tag":[],"class_list":{"0":"post-22200","1":"product","2":"type-product","3":"status-publish","4":"has-post-thumbnail","6":"product_cat-uncategorized-fi-2","7":"product_cat-kosmetiikkateollisuus","9":"first","10":"instock","11":"taxable","12":"shipping-taxable","13":"purchasable","14":"product-type-variable","15":"has-default-attributes"},"yoast_head":"<!-- This site is optimized with the Yoast SEO plugin v26.2 - https:\/\/yoast.com\/wordpress\/plugins\/seo\/ -->\n<title>Sheavoi (CAS 67701-30-8) - Chemistry For Industry - Solvents &amp; Chemicals - Masterchem.ee<\/title>\n<meta name=\"description\" content=\"Sheavoi on rasvaa (triglyseridi; p\u00e4\u00e4asiassa \u00f6ljyhappoa ja steariinihappoa), joka uutetaan afrikkalaisen karitepuun (Vitellaria paradoxa) p\u00e4hkin\u00f6ist\u00e4.\" \/>\n<meta name=\"robots\" content=\"index, follow, max-snippet:-1, max-image-preview:large, max-video-preview:-1\" \/>\n<link rel=\"canonical\" href=\"https:\/\/masterchem.ee\/fi\/tooted-ja-teenused\/sheavoi-cas-67701-30-8\/\" \/>\n<meta name=\"twitter:card\" content=\"summary_large_image\" \/>\n<meta name=\"twitter:title\" content=\"Sheavoi (CAS 67701-30-8) - Chemistry For Industry - Solvents &amp; Chemicals - Masterchem.ee\" \/>\n<meta name=\"twitter:description\" content=\"Sheavoi on rasvaa (triglyseridi; p\u00e4\u00e4asiassa \u00f6ljyhappoa ja steariinihappoa), joka uutetaan afrikkalaisen karitepuun (Vitellaria paradoxa) p\u00e4hkin\u00f6ist\u00e4.\" \/>\n<meta name=\"twitter:image\" content=\"https:\/\/masterchem.ee\/wp-content\/uploads\/2023\/08\/Shea-voi-20l-MaterChem.jpg\" \/>\n<script type=\"application\/ld+json\" class=\"yoast-schema-graph\">{\"@context\":\"https:\/\/schema.org\",\"@graph\":[{\"@type\":\"WebPage\",\"@id\":\"https:\/\/masterchem.ee\/fi\/tooted-ja-teenused\/sheavoi-cas-67701-30-8\/\",\"url\":\"https:\/\/masterchem.ee\/fi\/tooted-ja-teenused\/sheavoi-cas-67701-30-8\/\",\"name\":\"Sheavoi (CAS 67701-30-8) - Chemistry For Industry - Solvents &amp; Chemicals - Masterchem.ee\",\"isPartOf\":{\"@id\":\"https:\/\/masterchem.ee\/fi\/#website\"},\"primaryImageOfPage\":{\"@id\":\"https:\/\/masterchem.ee\/fi\/tooted-ja-teenused\/sheavoi-cas-67701-30-8\/#primaryimage\"},\"image\":{\"@id\":\"https:\/\/masterchem.ee\/fi\/tooted-ja-teenused\/sheavoi-cas-67701-30-8\/#primaryimage\"},\"thumbnailUrl\":\"https:\/\/masterchem.ee\/wp-content\/uploads\/2023\/08\/Shea-voi-20l-MaterChem.jpg\",\"datePublished\":\"2023-08-07T18:39:36+00:00\",\"dateModified\":\"2023-08-07T18:50:32+00:00\",\"description\":\"Sheavoi on rasvaa (triglyseridi; p\u00e4\u00e4asiassa \u00f6ljyhappoa ja steariinihappoa), joka uutetaan afrikkalaisen karitepuun (Vitellaria paradoxa) p\u00e4hkin\u00f6ist\u00e4.\",\"breadcrumb\":{\"@id\":\"https:\/\/masterchem.ee\/fi\/tooted-ja-teenused\/sheavoi-cas-67701-30-8\/#breadcrumb\"},\"inLanguage\":\"fi\",\"potentialAction\":[{\"@type\":\"ReadAction\",\"target\":[\"https:\/\/masterchem.ee\/fi\/tooted-ja-teenused\/sheavoi-cas-67701-30-8\/\"]}]},{\"@type\":\"ImageObject\",\"inLanguage\":\"fi\",\"@id\":\"https:\/\/masterchem.ee\/fi\/tooted-ja-teenused\/sheavoi-cas-67701-30-8\/#primaryimage\",\"url\":\"https:\/\/masterchem.ee\/wp-content\/uploads\/2023\/08\/Shea-voi-20l-MaterChem.jpg\",\"contentUrl\":\"https:\/\/masterchem.ee\/wp-content\/uploads\/2023\/08\/Shea-voi-20l-MaterChem.jpg\",\"width\":700,\"height\":700},{\"@type\":\"BreadcrumbList\",\"@id\":\"https:\/\/masterchem.ee\/fi\/tooted-ja-teenused\/sheavoi-cas-67701-30-8\/#breadcrumb\",\"itemListElement\":[{\"@type\":\"ListItem\",\"position\":1,\"name\":\"Home\",\"item\":\"https:\/\/masterchem.ee\/fi\/\"},{\"@type\":\"ListItem\",\"position\":2,\"name\":\"Tooted ja teenused\",\"item\":\"https:\/\/masterchem.ee\/tooted-ja-teenused\/\"},{\"@type\":\"ListItem\",\"position\":3,\"name\":\"Sheavoi (CAS 67701-30-8)\"}]},{\"@type\":\"WebSite\",\"@id\":\"https:\/\/masterchem.ee\/fi\/#website\",\"url\":\"https:\/\/masterchem.ee\/fi\/\",\"name\":\"Masterchem.ee\",\"description\":\"Chemistry For Industry - Solvents &amp; Chemicals\",\"publisher\":{\"@id\":\"https:\/\/masterchem.ee\/fi\/#organization\"},\"potentialAction\":[{\"@type\":\"SearchAction\",\"target\":{\"@type\":\"EntryPoint\",\"urlTemplate\":\"https:\/\/masterchem.ee\/fi\/?s={search_term_string}\"},\"query-input\":{\"@type\":\"PropertyValueSpecification\",\"valueRequired\":true,\"valueName\":\"search_term_string\"}}],\"inLanguage\":\"fi\"},{\"@type\":\"Organization\",\"@id\":\"https:\/\/masterchem.ee\/fi\/#organization\",\"name\":\"Masterchem\",\"url\":\"https:\/\/masterchem.ee\/fi\/\",\"logo\":{\"@type\":\"ImageObject\",\"inLanguage\":\"fi\",\"@id\":\"https:\/\/masterchem.ee\/fi\/#\/schema\/logo\/image\/\",\"url\":\"https:\/\/masterchem.ee\/wp-content\/uploads\/2018\/02\/master-chem_final-1.png\",\"contentUrl\":\"https:\/\/masterchem.ee\/wp-content\/uploads\/2018\/02\/master-chem_final-1.png\",\"width\":850,\"height\":356,\"caption\":\"Masterchem\"},\"image\":{\"@id\":\"https:\/\/masterchem.ee\/fi\/#\/schema\/logo\/image\/\"}}]}<\/script>\n<!-- \/ Yoast SEO plugin. -->","yoast_head_json":{"title":"Sheavoi (CAS 67701-30-8) - Chemistry For Industry - Solvents &amp; Chemicals - Masterchem.ee","description":"Sheavoi on rasvaa (triglyseridi; p\u00e4\u00e4asiassa \u00f6ljyhappoa ja steariinihappoa), joka uutetaan afrikkalaisen karitepuun (Vitellaria paradoxa) p\u00e4hkin\u00f6ist\u00e4.","robots":{"index":"index","follow":"follow","max-snippet":"max-snippet:-1","max-image-preview":"max-image-preview:large","max-video-preview":"max-video-preview:-1"},"canonical":"https:\/\/masterchem.ee\/fi\/tooted-ja-teenused\/sheavoi-cas-67701-30-8\/","twitter_card":"summary_large_image","twitter_title":"Sheavoi (CAS 67701-30-8) - Chemistry For Industry - Solvents &amp; Chemicals - Masterchem.ee","twitter_description":"Sheavoi on rasvaa (triglyseridi; p\u00e4\u00e4asiassa \u00f6ljyhappoa ja steariinihappoa), joka uutetaan afrikkalaisen karitepuun (Vitellaria paradoxa) p\u00e4hkin\u00f6ist\u00e4.","twitter_image":"https:\/\/masterchem.ee\/wp-content\/uploads\/2023\/08\/Shea-voi-20l-MaterChem.jpg","schema":{"@context":"https:\/\/schema.org","@graph":[{"@type":"WebPage","@id":"https:\/\/masterchem.ee\/fi\/tooted-ja-teenused\/sheavoi-cas-67701-30-8\/","url":"https:\/\/masterchem.ee\/fi\/tooted-ja-teenused\/sheavoi-cas-67701-30-8\/","name":"Sheavoi (CAS 67701-30-8) - Chemistry For Industry - Solvents &amp; Chemicals - Masterchem.ee","isPartOf":{"@id":"https:\/\/masterchem.ee\/fi\/#website"},"primaryImageOfPage":{"@id":"https:\/\/masterchem.ee\/fi\/tooted-ja-teenused\/sheavoi-cas-67701-30-8\/#primaryimage"},"image":{"@id":"https:\/\/masterchem.ee\/fi\/tooted-ja-teenused\/sheavoi-cas-67701-30-8\/#primaryimage"},"thumbnailUrl":"https:\/\/masterchem.ee\/wp-content\/uploads\/2023\/08\/Shea-voi-20l-MaterChem.jpg","datePublished":"2023-08-07T18:39:36+00:00","dateModified":"2023-08-07T18:50:32+00:00","description":"Sheavoi on rasvaa (triglyseridi; p\u00e4\u00e4asiassa \u00f6ljyhappoa ja steariinihappoa), joka uutetaan afrikkalaisen karitepuun (Vitellaria paradoxa) p\u00e4hkin\u00f6ist\u00e4.","breadcrumb":{"@id":"https:\/\/masterchem.ee\/fi\/tooted-ja-teenused\/sheavoi-cas-67701-30-8\/#breadcrumb"},"inLanguage":"fi","potentialAction":[{"@type":"ReadAction","target":["https:\/\/masterchem.ee\/fi\/tooted-ja-teenused\/sheavoi-cas-67701-30-8\/"]}]},{"@type":"ImageObject","inLanguage":"fi","@id":"https:\/\/masterchem.ee\/fi\/tooted-ja-teenused\/sheavoi-cas-67701-30-8\/#primaryimage","url":"https:\/\/masterchem.ee\/wp-content\/uploads\/2023\/08\/Shea-voi-20l-MaterChem.jpg","contentUrl":"https:\/\/masterchem.ee\/wp-content\/uploads\/2023\/08\/Shea-voi-20l-MaterChem.jpg","width":700,"height":700},{"@type":"BreadcrumbList","@id":"https:\/\/masterchem.ee\/fi\/tooted-ja-teenused\/sheavoi-cas-67701-30-8\/#breadcrumb","itemListElement":[{"@type":"ListItem","position":1,"name":"Home","item":"https:\/\/masterchem.ee\/fi\/"},{"@type":"ListItem","position":2,"name":"Tooted ja teenused","item":"https:\/\/masterchem.ee\/tooted-ja-teenused\/"},{"@type":"ListItem","position":3,"name":"Sheavoi (CAS 67701-30-8)"}]},{"@type":"WebSite","@id":"https:\/\/masterchem.ee\/fi\/#website","url":"https:\/\/masterchem.ee\/fi\/","name":"Masterchem.ee","description":"Chemistry For Industry - Solvents &amp; Chemicals","publisher":{"@id":"https:\/\/masterchem.ee\/fi\/#organization"},"potentialAction":[{"@type":"SearchAction","target":{"@type":"EntryPoint","urlTemplate":"https:\/\/masterchem.ee\/fi\/?s={search_term_string}"},"query-input":{"@type":"PropertyValueSpecification","valueRequired":true,"valueName":"search_term_string"}}],"inLanguage":"fi"},{"@type":"Organization","@id":"https:\/\/masterchem.ee\/fi\/#organization","name":"Masterchem","url":"https:\/\/masterchem.ee\/fi\/","logo":{"@type":"ImageObject","inLanguage":"fi","@id":"https:\/\/masterchem.ee\/fi\/#\/schema\/logo\/image\/","url":"https:\/\/masterchem.ee\/wp-content\/uploads\/2018\/02\/master-chem_final-1.png","contentUrl":"https:\/\/masterchem.ee\/wp-content\/uploads\/2018\/02\/master-chem_final-1.png","width":850,"height":356,"caption":"Masterchem"},"image":{"@id":"https:\/\/masterchem.ee\/fi\/#\/schema\/logo\/image\/"}}]}},"_links":{"self":[{"href":"https:\/\/masterchem.ee\/fi\/wp-json\/wp\/v2\/product\/22200","targetHints":{"allow":["GET"]}}],"collection":[{"href":"https:\/\/masterchem.ee\/fi\/wp-json\/wp\/v2\/product"}],"about":[{"href":"https:\/\/masterchem.ee\/fi\/wp-json\/wp\/v2\/types\/product"}],"wp:featuredmedia":[{"embeddable":true,"href":"https:\/\/masterchem.ee\/fi\/wp-json\/wp\/v2\/media\/22210"}],"wp:attachment":[{"href":"https:\/\/masterchem.ee\/fi\/wp-json\/wp\/v2\/media?parent=22200"}],"wp:term":[{"taxonomy":"product_brand","embeddable":true,"href":"https:\/\/masterchem.ee\/fi\/wp-json\/wp\/v2\/product_brand?post=22200"},{"taxonomy":"product_cat","embeddable":true,"href":"https:\/\/masterchem.ee\/fi\/wp-json\/wp\/v2\/product_cat?post=22200"},{"taxonomy":"product_tag","embeddable":true,"href":"https:\/\/masterchem.ee\/fi\/wp-json\/wp\/v2\/product_tag?post=22200"}],"curies":[{"name":"wp","href":"https:\/\/api.w.org\/{rel}","templated":true}]}}