{"id":22140,"date":"2023-07-31T20:30:16","date_gmt":"2023-07-31T20:30:56","guid":{"rendered":"https:\/\/masterchem.ee\/?post_type=product&#038;p=22140"},"modified":"2023-07-31T20:37:56","modified_gmt":"2023-07-31T20:37:56","slug":"sebasiinihappo-cas-111-20-6","status":"publish","type":"product","link":"https:\/\/masterchem.ee\/fi\/tooted-ja-teenused\/sebasiinihappo-cas-111-20-6\/","title":{"rendered":"Sebasiinihappo (CAS 111-20-6)"},"content":{"rendered":"<p><strong>Tiedot<\/strong><br \/>\nToimialat: Liimat, \u00f6ljyt, rasvat<br \/>\nKoostumus: Hapot<br \/>\nCAS-numero: 111-20-6<br \/>\nWE-numero: 203-845-5<br \/>\nKemiallinen kaava: C10H18O4<br \/>\nMoolimassa: 202,25 g\/mol<br \/>\nTullitariffikoodi: 29171310<\/p>\n<p><strong>Muut fyysiset ominaisuudet<\/strong><br \/>\nSulamis-\/j\u00e4\u00e4tymispiste: 131,0 \u2013 134,5\u00b0C<br \/>\nKiehumispiste\/alue: 294\u00b0C (13,3 kPa)<br \/>\nSuhteellinen tiheys: 1,2 g\/cm3<br \/>\nLiukoisuus veteen: 0,1 g\/ml<\/p>\n","protected":false},"excerpt":{"rendered":"<p><strong>Sebasiinihappo (CAS 111-20-6)<\/strong><\/p>\n<p>Sebasiinihappo on risiini\u00f6ljyst\u00e4 johdettu dikarboksyylihappo. Sit\u00e4 k\u00e4ytet\u00e4\u00e4n laajalti polymeerien, pehmittimien, voiteluaineiden ja korroosionestoaineiden valmistukseen. Se voi toimia pH-korjaajana kosmeettisten tuotteiden koostumuksissa. Sebasiinihappoa k\u00e4ytet\u00e4\u00e4n my\u00f6s prekursorina sebasaattiestereiden, kuten di-isopropyylisebasaatin, dietyyliheksyylisebasaatin ja dibutyylisebasaatin, valmistuksessa.<\/p>\n","protected":false},"featured_media":22148,"template":"","meta":[],"product_brand":[],"product_cat":[180,115,258,122],"product_tag":[],"class_list":{"0":"post-22140","1":"product","2":"type-product","3":"status-publish","4":"has-post-thumbnail","6":"product_cat-uncategorized-fi-2","7":"product_cat-auton-ja-koneiden-kemikaalit","8":"product_cat-muovi-fi","9":"product_cat-teollisuuskemikaalit","11":"first","12":"instock","13":"taxable","14":"shipping-taxable","15":"purchasable","16":"product-type-variable","17":"has-default-attributes"},"yoast_head":"<!-- This site is optimized with the Yoast SEO plugin v26.2 - https:\/\/yoast.com\/wordpress\/plugins\/seo\/ -->\n<title>Sebasiinihappo (CAS 111-20-6) - Chemistry For Industry - Solvents &amp; Chemicals - Masterchem.ee<\/title>\n<meta name=\"description\" content=\"Sebasiinihappo on risiini\u00f6ljyst\u00e4 johdettu dikarboksyylihappo. Sit\u00e4 k\u00e4ytet\u00e4\u00e4n laajalti polymeerien, pehmittimien, voiteluaineiden ja korroosionestoaineiden valmistukseen.\" \/>\n<meta name=\"robots\" content=\"index, follow, max-snippet:-1, max-image-preview:large, max-video-preview:-1\" \/>\n<link rel=\"canonical\" href=\"https:\/\/masterchem.ee\/fi\/tooted-ja-teenused\/sebasiinihappo-cas-111-20-6\/\" \/>\n<meta name=\"twitter:card\" content=\"summary_large_image\" \/>\n<meta name=\"twitter:title\" content=\"Sebasiinihappo (CAS 111-20-6) - Chemistry For Industry - Solvents &amp; Chemicals - Masterchem.ee\" \/>\n<meta name=\"twitter:description\" content=\"Sebasiinihappo on risiini\u00f6ljyst\u00e4 johdettu dikarboksyylihappo. Sit\u00e4 k\u00e4ytet\u00e4\u00e4n laajalti polymeerien, pehmittimien, voiteluaineiden ja korroosionestoaineiden valmistukseen.\" \/>\n<meta name=\"twitter:image\" content=\"https:\/\/masterchem.ee\/wp-content\/uploads\/2023\/07\/Sebacic-Acid-111-20-6-25kg-MasterChem.jpg\" \/>\n<script type=\"application\/ld+json\" class=\"yoast-schema-graph\">{\"@context\":\"https:\/\/schema.org\",\"@graph\":[{\"@type\":\"WebPage\",\"@id\":\"https:\/\/masterchem.ee\/fi\/tooted-ja-teenused\/sebasiinihappo-cas-111-20-6\/\",\"url\":\"https:\/\/masterchem.ee\/fi\/tooted-ja-teenused\/sebasiinihappo-cas-111-20-6\/\",\"name\":\"Sebasiinihappo (CAS 111-20-6) - Chemistry For Industry - Solvents &amp; Chemicals - Masterchem.ee\",\"isPartOf\":{\"@id\":\"https:\/\/masterchem.ee\/fi\/#website\"},\"primaryImageOfPage\":{\"@id\":\"https:\/\/masterchem.ee\/fi\/tooted-ja-teenused\/sebasiinihappo-cas-111-20-6\/#primaryimage\"},\"image\":{\"@id\":\"https:\/\/masterchem.ee\/fi\/tooted-ja-teenused\/sebasiinihappo-cas-111-20-6\/#primaryimage\"},\"thumbnailUrl\":\"https:\/\/masterchem.ee\/wp-content\/uploads\/2023\/07\/Sebacic-Acid-111-20-6-25kg-MasterChem.jpg\",\"datePublished\":\"2023-07-31T20:30:56+00:00\",\"dateModified\":\"2023-07-31T20:37:56+00:00\",\"description\":\"Sebasiinihappo on risiini\u00f6ljyst\u00e4 johdettu dikarboksyylihappo. Sit\u00e4 k\u00e4ytet\u00e4\u00e4n laajalti polymeerien, pehmittimien, voiteluaineiden ja korroosionestoaineiden valmistukseen.\",\"breadcrumb\":{\"@id\":\"https:\/\/masterchem.ee\/fi\/tooted-ja-teenused\/sebasiinihappo-cas-111-20-6\/#breadcrumb\"},\"inLanguage\":\"fi\",\"potentialAction\":[{\"@type\":\"ReadAction\",\"target\":[\"https:\/\/masterchem.ee\/fi\/tooted-ja-teenused\/sebasiinihappo-cas-111-20-6\/\"]}]},{\"@type\":\"ImageObject\",\"inLanguage\":\"fi\",\"@id\":\"https:\/\/masterchem.ee\/fi\/tooted-ja-teenused\/sebasiinihappo-cas-111-20-6\/#primaryimage\",\"url\":\"https:\/\/masterchem.ee\/wp-content\/uploads\/2023\/07\/Sebacic-Acid-111-20-6-25kg-MasterChem.jpg\",\"contentUrl\":\"https:\/\/masterchem.ee\/wp-content\/uploads\/2023\/07\/Sebacic-Acid-111-20-6-25kg-MasterChem.jpg\",\"width\":1000,\"height\":1000},{\"@type\":\"BreadcrumbList\",\"@id\":\"https:\/\/masterchem.ee\/fi\/tooted-ja-teenused\/sebasiinihappo-cas-111-20-6\/#breadcrumb\",\"itemListElement\":[{\"@type\":\"ListItem\",\"position\":1,\"name\":\"Home\",\"item\":\"https:\/\/masterchem.ee\/fi\/\"},{\"@type\":\"ListItem\",\"position\":2,\"name\":\"Tooted ja teenused\",\"item\":\"https:\/\/masterchem.ee\/tooted-ja-teenused\/\"},{\"@type\":\"ListItem\",\"position\":3,\"name\":\"Sebasiinihappo (CAS 111-20-6)\"}]},{\"@type\":\"WebSite\",\"@id\":\"https:\/\/masterchem.ee\/fi\/#website\",\"url\":\"https:\/\/masterchem.ee\/fi\/\",\"name\":\"Masterchem.ee\",\"description\":\"Chemistry For Industry - Solvents &amp; Chemicals\",\"publisher\":{\"@id\":\"https:\/\/masterchem.ee\/fi\/#organization\"},\"potentialAction\":[{\"@type\":\"SearchAction\",\"target\":{\"@type\":\"EntryPoint\",\"urlTemplate\":\"https:\/\/masterchem.ee\/fi\/?s={search_term_string}\"},\"query-input\":{\"@type\":\"PropertyValueSpecification\",\"valueRequired\":true,\"valueName\":\"search_term_string\"}}],\"inLanguage\":\"fi\"},{\"@type\":\"Organization\",\"@id\":\"https:\/\/masterchem.ee\/fi\/#organization\",\"name\":\"Masterchem\",\"url\":\"https:\/\/masterchem.ee\/fi\/\",\"logo\":{\"@type\":\"ImageObject\",\"inLanguage\":\"fi\",\"@id\":\"https:\/\/masterchem.ee\/fi\/#\/schema\/logo\/image\/\",\"url\":\"https:\/\/masterchem.ee\/wp-content\/uploads\/2018\/02\/master-chem_final-1.png\",\"contentUrl\":\"https:\/\/masterchem.ee\/wp-content\/uploads\/2018\/02\/master-chem_final-1.png\",\"width\":850,\"height\":356,\"caption\":\"Masterchem\"},\"image\":{\"@id\":\"https:\/\/masterchem.ee\/fi\/#\/schema\/logo\/image\/\"}}]}<\/script>\n<!-- \/ Yoast SEO plugin. -->","yoast_head_json":{"title":"Sebasiinihappo (CAS 111-20-6) - Chemistry For Industry - Solvents &amp; Chemicals - Masterchem.ee","description":"Sebasiinihappo on risiini\u00f6ljyst\u00e4 johdettu dikarboksyylihappo. Sit\u00e4 k\u00e4ytet\u00e4\u00e4n laajalti polymeerien, pehmittimien, voiteluaineiden ja korroosionestoaineiden valmistukseen.","robots":{"index":"index","follow":"follow","max-snippet":"max-snippet:-1","max-image-preview":"max-image-preview:large","max-video-preview":"max-video-preview:-1"},"canonical":"https:\/\/masterchem.ee\/fi\/tooted-ja-teenused\/sebasiinihappo-cas-111-20-6\/","twitter_card":"summary_large_image","twitter_title":"Sebasiinihappo (CAS 111-20-6) - Chemistry For Industry - Solvents &amp; Chemicals - Masterchem.ee","twitter_description":"Sebasiinihappo on risiini\u00f6ljyst\u00e4 johdettu dikarboksyylihappo. Sit\u00e4 k\u00e4ytet\u00e4\u00e4n laajalti polymeerien, pehmittimien, voiteluaineiden ja korroosionestoaineiden valmistukseen.","twitter_image":"https:\/\/masterchem.ee\/wp-content\/uploads\/2023\/07\/Sebacic-Acid-111-20-6-25kg-MasterChem.jpg","schema":{"@context":"https:\/\/schema.org","@graph":[{"@type":"WebPage","@id":"https:\/\/masterchem.ee\/fi\/tooted-ja-teenused\/sebasiinihappo-cas-111-20-6\/","url":"https:\/\/masterchem.ee\/fi\/tooted-ja-teenused\/sebasiinihappo-cas-111-20-6\/","name":"Sebasiinihappo (CAS 111-20-6) - Chemistry For Industry - Solvents &amp; Chemicals - Masterchem.ee","isPartOf":{"@id":"https:\/\/masterchem.ee\/fi\/#website"},"primaryImageOfPage":{"@id":"https:\/\/masterchem.ee\/fi\/tooted-ja-teenused\/sebasiinihappo-cas-111-20-6\/#primaryimage"},"image":{"@id":"https:\/\/masterchem.ee\/fi\/tooted-ja-teenused\/sebasiinihappo-cas-111-20-6\/#primaryimage"},"thumbnailUrl":"https:\/\/masterchem.ee\/wp-content\/uploads\/2023\/07\/Sebacic-Acid-111-20-6-25kg-MasterChem.jpg","datePublished":"2023-07-31T20:30:56+00:00","dateModified":"2023-07-31T20:37:56+00:00","description":"Sebasiinihappo on risiini\u00f6ljyst\u00e4 johdettu dikarboksyylihappo. Sit\u00e4 k\u00e4ytet\u00e4\u00e4n laajalti polymeerien, pehmittimien, voiteluaineiden ja korroosionestoaineiden valmistukseen.","breadcrumb":{"@id":"https:\/\/masterchem.ee\/fi\/tooted-ja-teenused\/sebasiinihappo-cas-111-20-6\/#breadcrumb"},"inLanguage":"fi","potentialAction":[{"@type":"ReadAction","target":["https:\/\/masterchem.ee\/fi\/tooted-ja-teenused\/sebasiinihappo-cas-111-20-6\/"]}]},{"@type":"ImageObject","inLanguage":"fi","@id":"https:\/\/masterchem.ee\/fi\/tooted-ja-teenused\/sebasiinihappo-cas-111-20-6\/#primaryimage","url":"https:\/\/masterchem.ee\/wp-content\/uploads\/2023\/07\/Sebacic-Acid-111-20-6-25kg-MasterChem.jpg","contentUrl":"https:\/\/masterchem.ee\/wp-content\/uploads\/2023\/07\/Sebacic-Acid-111-20-6-25kg-MasterChem.jpg","width":1000,"height":1000},{"@type":"BreadcrumbList","@id":"https:\/\/masterchem.ee\/fi\/tooted-ja-teenused\/sebasiinihappo-cas-111-20-6\/#breadcrumb","itemListElement":[{"@type":"ListItem","position":1,"name":"Home","item":"https:\/\/masterchem.ee\/fi\/"},{"@type":"ListItem","position":2,"name":"Tooted ja teenused","item":"https:\/\/masterchem.ee\/tooted-ja-teenused\/"},{"@type":"ListItem","position":3,"name":"Sebasiinihappo (CAS 111-20-6)"}]},{"@type":"WebSite","@id":"https:\/\/masterchem.ee\/fi\/#website","url":"https:\/\/masterchem.ee\/fi\/","name":"Masterchem.ee","description":"Chemistry For Industry - Solvents &amp; Chemicals","publisher":{"@id":"https:\/\/masterchem.ee\/fi\/#organization"},"potentialAction":[{"@type":"SearchAction","target":{"@type":"EntryPoint","urlTemplate":"https:\/\/masterchem.ee\/fi\/?s={search_term_string}"},"query-input":{"@type":"PropertyValueSpecification","valueRequired":true,"valueName":"search_term_string"}}],"inLanguage":"fi"},{"@type":"Organization","@id":"https:\/\/masterchem.ee\/fi\/#organization","name":"Masterchem","url":"https:\/\/masterchem.ee\/fi\/","logo":{"@type":"ImageObject","inLanguage":"fi","@id":"https:\/\/masterchem.ee\/fi\/#\/schema\/logo\/image\/","url":"https:\/\/masterchem.ee\/wp-content\/uploads\/2018\/02\/master-chem_final-1.png","contentUrl":"https:\/\/masterchem.ee\/wp-content\/uploads\/2018\/02\/master-chem_final-1.png","width":850,"height":356,"caption":"Masterchem"},"image":{"@id":"https:\/\/masterchem.ee\/fi\/#\/schema\/logo\/image\/"}}]}},"_links":{"self":[{"href":"https:\/\/masterchem.ee\/fi\/wp-json\/wp\/v2\/product\/22140","targetHints":{"allow":["GET"]}}],"collection":[{"href":"https:\/\/masterchem.ee\/fi\/wp-json\/wp\/v2\/product"}],"about":[{"href":"https:\/\/masterchem.ee\/fi\/wp-json\/wp\/v2\/types\/product"}],"wp:featuredmedia":[{"embeddable":true,"href":"https:\/\/masterchem.ee\/fi\/wp-json\/wp\/v2\/media\/22148"}],"wp:attachment":[{"href":"https:\/\/masterchem.ee\/fi\/wp-json\/wp\/v2\/media?parent=22140"}],"wp:term":[{"taxonomy":"product_brand","embeddable":true,"href":"https:\/\/masterchem.ee\/fi\/wp-json\/wp\/v2\/product_brand?post=22140"},{"taxonomy":"product_cat","embeddable":true,"href":"https:\/\/masterchem.ee\/fi\/wp-json\/wp\/v2\/product_cat?post=22140"},{"taxonomy":"product_tag","embeddable":true,"href":"https:\/\/masterchem.ee\/fi\/wp-json\/wp\/v2\/product_tag?post=22140"}],"curies":[{"name":"wp","href":"https:\/\/api.w.org\/{rel}","templated":true}]}}