{"id":22111,"date":"2023-07-30T17:42:28","date_gmt":"2023-07-30T17:42:56","guid":{"rendered":"https:\/\/masterchem.ee\/?post_type=product&#038;p=22111"},"modified":"2023-07-30T17:50:35","modified_gmt":"2023-07-30T17:50:35","slug":"kolada-cas-39711-79-0","status":"publish","type":"product","link":"https:\/\/masterchem.ee\/fi\/tooted-ja-teenused\/kolada-cas-39711-79-0\/","title":{"rendered":"Kolada (CAS 39711-79-0)"},"content":{"rendered":"<p><strong>Tiedot<\/strong><br \/>\nCAS-numero: 39711-79-0<br \/>\nWE-numero: 254-599-0<br \/>\nKemiallinen kaava: C13H25NO<br \/>\nMoolimassa: 211 g\/mol<br \/>\nTullitariffikoodi: 29242970<\/p>\n<p>Muut fyysiset ominaisuudet <br \/>\nSulamis-\/j\u00e4\u00e4tymispiste: 87,0-102,0\u00b0C<\/p>\n","protected":false},"excerpt":{"rendered":"<p>Perinteisten j\u00e4\u00e4hdytysnesteiden, kuten mentolin, piparminttu\u00f6ljyn ja eukalyptus\u00f6ljyn etuna on nopea purkautuminen ja voimakas viileyden tunne. Mutta sill\u00e4 v\u00e4lin niill\u00e4 on haittoja eritt\u00e4in voimakas ominaishaju, joka on helppo haihtua korkeassa l\u00e4mp\u00f6tilassa ja sis\u00e4lt\u00e4\u00e4 kitker\u00e4\u00e4 makua suurilla annoksilla.<\/p>\n<p>Sovellus<\/p>\n<p>1. P\u00e4ivitt\u00e4isen k\u00e4yt\u00f6n tuotteet: Hammastahna, suun tuotteet, ilmanraikastaja, ihovoide, parranajovoide, shampoo, aurinkovoide, suihkuvoide.<\/p>\n<p>2. Ruoat: makeiset, suklaa, maitotuotteet, olut, tislattu alkoholi, juoma, purukumi.<\/p>\n<p>3. L\u00e4\u00e4kkeet: Linctus, v\u00e4hent\u00e4\u00e4 tulehdusta voide, dyspepsia, antipruritic, linimentti, suuontelon acesodyne, l\u00e4mp\u00f6halvaus pilleri.<\/p>\n","protected":false},"featured_media":22119,"template":"","meta":[],"product_brand":[],"product_cat":[180,307],"product_tag":[],"class_list":{"0":"post-22111","1":"product","2":"type-product","3":"status-publish","4":"has-post-thumbnail","6":"product_cat-uncategorized-fi-2","7":"product_cat-ruokateollisuus","9":"first","10":"instock","11":"taxable","12":"shipping-taxable","13":"purchasable","14":"product-type-variable","15":"has-default-attributes"},"yoast_head":"<!-- This site is optimized with the Yoast SEO plugin v26.2 - https:\/\/yoast.com\/wordpress\/plugins\/seo\/ -->\n<title>Kolada (CAS 39711-79-0) - Chemistry For Industry - Solvents &amp; Chemicals - Masterchem.ee<\/title>\n<meta name=\"description\" content=\"J\u00e4\u00e4hdytysaine Koolada-jauhe CAS 39711-79-0.\" \/>\n<meta name=\"robots\" content=\"index, follow, max-snippet:-1, max-image-preview:large, max-video-preview:-1\" \/>\n<link rel=\"canonical\" href=\"https:\/\/masterchem.ee\/fi\/tooted-ja-teenused\/kolada-cas-39711-79-0\/\" \/>\n<meta name=\"twitter:card\" content=\"summary_large_image\" \/>\n<meta name=\"twitter:title\" content=\"Kolada (CAS 39711-79-0) - Chemistry For Industry - Solvents &amp; Chemicals - Masterchem.ee\" \/>\n<meta name=\"twitter:description\" content=\"J\u00e4\u00e4hdytysaine Koolada-jauhe CAS 39711-79-0.\" \/>\n<meta name=\"twitter:image\" content=\"https:\/\/masterchem.ee\/wp-content\/uploads\/2023\/07\/Kolada-39711-79-0-25kg-MasterChem.jpg\" \/>\n<script type=\"application\/ld+json\" class=\"yoast-schema-graph\">{\"@context\":\"https:\/\/schema.org\",\"@graph\":[{\"@type\":\"WebPage\",\"@id\":\"https:\/\/masterchem.ee\/fi\/tooted-ja-teenused\/kolada-cas-39711-79-0\/\",\"url\":\"https:\/\/masterchem.ee\/fi\/tooted-ja-teenused\/kolada-cas-39711-79-0\/\",\"name\":\"Kolada (CAS 39711-79-0) - Chemistry For Industry - Solvents &amp; Chemicals - Masterchem.ee\",\"isPartOf\":{\"@id\":\"https:\/\/masterchem.ee\/fi\/#website\"},\"primaryImageOfPage\":{\"@id\":\"https:\/\/masterchem.ee\/fi\/tooted-ja-teenused\/kolada-cas-39711-79-0\/#primaryimage\"},\"image\":{\"@id\":\"https:\/\/masterchem.ee\/fi\/tooted-ja-teenused\/kolada-cas-39711-79-0\/#primaryimage\"},\"thumbnailUrl\":\"https:\/\/masterchem.ee\/wp-content\/uploads\/2023\/07\/Kolada-39711-79-0-25kg-MasterChem.jpg\",\"datePublished\":\"2023-07-30T17:42:56+00:00\",\"dateModified\":\"2023-07-30T17:50:35+00:00\",\"description\":\"J\u00e4\u00e4hdytysaine Koolada-jauhe CAS 39711-79-0.\",\"breadcrumb\":{\"@id\":\"https:\/\/masterchem.ee\/fi\/tooted-ja-teenused\/kolada-cas-39711-79-0\/#breadcrumb\"},\"inLanguage\":\"fi\",\"potentialAction\":[{\"@type\":\"ReadAction\",\"target\":[\"https:\/\/masterchem.ee\/fi\/tooted-ja-teenused\/kolada-cas-39711-79-0\/\"]}]},{\"@type\":\"ImageObject\",\"inLanguage\":\"fi\",\"@id\":\"https:\/\/masterchem.ee\/fi\/tooted-ja-teenused\/kolada-cas-39711-79-0\/#primaryimage\",\"url\":\"https:\/\/masterchem.ee\/wp-content\/uploads\/2023\/07\/Kolada-39711-79-0-25kg-MasterChem.jpg\",\"contentUrl\":\"https:\/\/masterchem.ee\/wp-content\/uploads\/2023\/07\/Kolada-39711-79-0-25kg-MasterChem.jpg\",\"width\":1000,\"height\":1000},{\"@type\":\"BreadcrumbList\",\"@id\":\"https:\/\/masterchem.ee\/fi\/tooted-ja-teenused\/kolada-cas-39711-79-0\/#breadcrumb\",\"itemListElement\":[{\"@type\":\"ListItem\",\"position\":1,\"name\":\"Home\",\"item\":\"https:\/\/masterchem.ee\/fi\/\"},{\"@type\":\"ListItem\",\"position\":2,\"name\":\"Tooted ja teenused\",\"item\":\"https:\/\/masterchem.ee\/tooted-ja-teenused\/\"},{\"@type\":\"ListItem\",\"position\":3,\"name\":\"Kolada (CAS 39711-79-0)\"}]},{\"@type\":\"WebSite\",\"@id\":\"https:\/\/masterchem.ee\/fi\/#website\",\"url\":\"https:\/\/masterchem.ee\/fi\/\",\"name\":\"Masterchem.ee\",\"description\":\"Chemistry For Industry - Solvents &amp; Chemicals\",\"publisher\":{\"@id\":\"https:\/\/masterchem.ee\/fi\/#organization\"},\"potentialAction\":[{\"@type\":\"SearchAction\",\"target\":{\"@type\":\"EntryPoint\",\"urlTemplate\":\"https:\/\/masterchem.ee\/fi\/?s={search_term_string}\"},\"query-input\":{\"@type\":\"PropertyValueSpecification\",\"valueRequired\":true,\"valueName\":\"search_term_string\"}}],\"inLanguage\":\"fi\"},{\"@type\":\"Organization\",\"@id\":\"https:\/\/masterchem.ee\/fi\/#organization\",\"name\":\"Masterchem\",\"url\":\"https:\/\/masterchem.ee\/fi\/\",\"logo\":{\"@type\":\"ImageObject\",\"inLanguage\":\"fi\",\"@id\":\"https:\/\/masterchem.ee\/fi\/#\/schema\/logo\/image\/\",\"url\":\"https:\/\/masterchem.ee\/wp-content\/uploads\/2018\/02\/master-chem_final-1.png\",\"contentUrl\":\"https:\/\/masterchem.ee\/wp-content\/uploads\/2018\/02\/master-chem_final-1.png\",\"width\":850,\"height\":356,\"caption\":\"Masterchem\"},\"image\":{\"@id\":\"https:\/\/masterchem.ee\/fi\/#\/schema\/logo\/image\/\"}}]}<\/script>\n<!-- \/ Yoast SEO plugin. -->","yoast_head_json":{"title":"Kolada (CAS 39711-79-0) - Chemistry For Industry - Solvents &amp; Chemicals - Masterchem.ee","description":"J\u00e4\u00e4hdytysaine Koolada-jauhe CAS 39711-79-0.","robots":{"index":"index","follow":"follow","max-snippet":"max-snippet:-1","max-image-preview":"max-image-preview:large","max-video-preview":"max-video-preview:-1"},"canonical":"https:\/\/masterchem.ee\/fi\/tooted-ja-teenused\/kolada-cas-39711-79-0\/","twitter_card":"summary_large_image","twitter_title":"Kolada (CAS 39711-79-0) - Chemistry For Industry - Solvents &amp; Chemicals - Masterchem.ee","twitter_description":"J\u00e4\u00e4hdytysaine Koolada-jauhe CAS 39711-79-0.","twitter_image":"https:\/\/masterchem.ee\/wp-content\/uploads\/2023\/07\/Kolada-39711-79-0-25kg-MasterChem.jpg","schema":{"@context":"https:\/\/schema.org","@graph":[{"@type":"WebPage","@id":"https:\/\/masterchem.ee\/fi\/tooted-ja-teenused\/kolada-cas-39711-79-0\/","url":"https:\/\/masterchem.ee\/fi\/tooted-ja-teenused\/kolada-cas-39711-79-0\/","name":"Kolada (CAS 39711-79-0) - Chemistry For Industry - Solvents &amp; Chemicals - Masterchem.ee","isPartOf":{"@id":"https:\/\/masterchem.ee\/fi\/#website"},"primaryImageOfPage":{"@id":"https:\/\/masterchem.ee\/fi\/tooted-ja-teenused\/kolada-cas-39711-79-0\/#primaryimage"},"image":{"@id":"https:\/\/masterchem.ee\/fi\/tooted-ja-teenused\/kolada-cas-39711-79-0\/#primaryimage"},"thumbnailUrl":"https:\/\/masterchem.ee\/wp-content\/uploads\/2023\/07\/Kolada-39711-79-0-25kg-MasterChem.jpg","datePublished":"2023-07-30T17:42:56+00:00","dateModified":"2023-07-30T17:50:35+00:00","description":"J\u00e4\u00e4hdytysaine Koolada-jauhe CAS 39711-79-0.","breadcrumb":{"@id":"https:\/\/masterchem.ee\/fi\/tooted-ja-teenused\/kolada-cas-39711-79-0\/#breadcrumb"},"inLanguage":"fi","potentialAction":[{"@type":"ReadAction","target":["https:\/\/masterchem.ee\/fi\/tooted-ja-teenused\/kolada-cas-39711-79-0\/"]}]},{"@type":"ImageObject","inLanguage":"fi","@id":"https:\/\/masterchem.ee\/fi\/tooted-ja-teenused\/kolada-cas-39711-79-0\/#primaryimage","url":"https:\/\/masterchem.ee\/wp-content\/uploads\/2023\/07\/Kolada-39711-79-0-25kg-MasterChem.jpg","contentUrl":"https:\/\/masterchem.ee\/wp-content\/uploads\/2023\/07\/Kolada-39711-79-0-25kg-MasterChem.jpg","width":1000,"height":1000},{"@type":"BreadcrumbList","@id":"https:\/\/masterchem.ee\/fi\/tooted-ja-teenused\/kolada-cas-39711-79-0\/#breadcrumb","itemListElement":[{"@type":"ListItem","position":1,"name":"Home","item":"https:\/\/masterchem.ee\/fi\/"},{"@type":"ListItem","position":2,"name":"Tooted ja teenused","item":"https:\/\/masterchem.ee\/tooted-ja-teenused\/"},{"@type":"ListItem","position":3,"name":"Kolada (CAS 39711-79-0)"}]},{"@type":"WebSite","@id":"https:\/\/masterchem.ee\/fi\/#website","url":"https:\/\/masterchem.ee\/fi\/","name":"Masterchem.ee","description":"Chemistry For Industry - Solvents &amp; Chemicals","publisher":{"@id":"https:\/\/masterchem.ee\/fi\/#organization"},"potentialAction":[{"@type":"SearchAction","target":{"@type":"EntryPoint","urlTemplate":"https:\/\/masterchem.ee\/fi\/?s={search_term_string}"},"query-input":{"@type":"PropertyValueSpecification","valueRequired":true,"valueName":"search_term_string"}}],"inLanguage":"fi"},{"@type":"Organization","@id":"https:\/\/masterchem.ee\/fi\/#organization","name":"Masterchem","url":"https:\/\/masterchem.ee\/fi\/","logo":{"@type":"ImageObject","inLanguage":"fi","@id":"https:\/\/masterchem.ee\/fi\/#\/schema\/logo\/image\/","url":"https:\/\/masterchem.ee\/wp-content\/uploads\/2018\/02\/master-chem_final-1.png","contentUrl":"https:\/\/masterchem.ee\/wp-content\/uploads\/2018\/02\/master-chem_final-1.png","width":850,"height":356,"caption":"Masterchem"},"image":{"@id":"https:\/\/masterchem.ee\/fi\/#\/schema\/logo\/image\/"}}]}},"_links":{"self":[{"href":"https:\/\/masterchem.ee\/fi\/wp-json\/wp\/v2\/product\/22111","targetHints":{"allow":["GET"]}}],"collection":[{"href":"https:\/\/masterchem.ee\/fi\/wp-json\/wp\/v2\/product"}],"about":[{"href":"https:\/\/masterchem.ee\/fi\/wp-json\/wp\/v2\/types\/product"}],"wp:featuredmedia":[{"embeddable":true,"href":"https:\/\/masterchem.ee\/fi\/wp-json\/wp\/v2\/media\/22119"}],"wp:attachment":[{"href":"https:\/\/masterchem.ee\/fi\/wp-json\/wp\/v2\/media?parent=22111"}],"wp:term":[{"taxonomy":"product_brand","embeddable":true,"href":"https:\/\/masterchem.ee\/fi\/wp-json\/wp\/v2\/product_brand?post=22111"},{"taxonomy":"product_cat","embeddable":true,"href":"https:\/\/masterchem.ee\/fi\/wp-json\/wp\/v2\/product_cat?post=22111"},{"taxonomy":"product_tag","embeddable":true,"href":"https:\/\/masterchem.ee\/fi\/wp-json\/wp\/v2\/product_tag?post=22111"}],"curies":[{"name":"wp","href":"https:\/\/api.w.org\/{rel}","templated":true}]}}