{"id":21946,"date":"2023-06-14T16:41:16","date_gmt":"2023-06-14T16:41:21","guid":{"rendered":"https:\/\/masterchem.ee\/?post_type=product&#038;p=21946"},"modified":"2023-06-14T17:00:23","modified_gmt":"2023-06-14T17:00:23","slug":"master-nol30-standardilaasti-maalampopiirien-tayttoon","status":"publish","type":"product","link":"https:\/\/masterchem.ee\/fi\/tooted-ja-teenused\/master-nol30-standardilaasti-maalampopiirien-tayttoon\/","title":{"rendered":"Master NOL30 standardilaasti maal\u00e4mp\u00f6piirien t\u00e4ytt\u00f6\u00f6n"},"content":{"rendered":"<p><strong>Master NOL30:n kokoonpano:<\/strong><\/p>\n<p>Etanoli 30%, stabilointiaineet, vesi<\/p>\n<p><strong>Ominaisuudet:<\/strong><\/p>\n<p>J\u00e4\u00e4tymispiste -20 \u0421<br \/>\nKirkas neste, jolla on alkoholin haju.<br \/>\nTiheys ~0,95 g\/cm3<br \/>\nL\u00e4mmitysj\u00e4rjestelm\u00e4n k\u00e4ytt\u00f6ik\u00e4 k\u00e4ytt\u00f6s\u00e4\u00e4nt\u00f6jen mukaisesti on v\u00e4hint\u00e4\u00e4n 5 vuotta.<\/p>\n<p><strong>K\u00e4ytt\u00f6ohjeet:<\/strong><\/p>\n<p>J\u00e4\u00e4hdytysneste ei vaadi lis\u00e4laimennusta.<br \/>\nVoit laskea tuotteen m\u00e4\u00e4r\u00e4n laskimellamme. On suositeltavaa ostaa 10% enemm\u00e4n tuotetta, koska aina on laskelmia ja k\u00e4yt\u00e4nn\u00f6n tietoja. J\u00e4\u00e4hdytysneste kaadetaan l\u00e4mmitysj\u00e4rjestelmiin ja j\u00e4rjestelmi\u00e4 k\u00e4ytet\u00e4\u00e4n k\u00e4ytt\u00f6ohjeiden mukaisesti.<\/p>\n<p><strong>S\u00c4ILYTYS:<\/strong><\/p>\n<p>Varastoi hermeettisesti suljetussa astiassa yli 0\u00b0C:n l\u00e4mp\u00f6tilassa kuivassa, tuuletetussa tilassa.<\/p>\n<p><strong>Turvallisuuss\u00e4\u00e4nn\u00f6t:<\/strong><\/p>\n<p>Pid\u00e4 poissa palamisl\u00e4hteist\u00e4, kuten kuumista pinnoista, liekeist\u00e4, kipin\u00f6ist\u00e4.<br \/>\n\u00c4l\u00e4 tupakoi v\u00e4litt\u00f6m\u00e4ss\u00e4 l\u00e4heisyydess\u00e4. Pid\u00e4 tuote tiiviisti suljettuna. Kun olet vuorovaikutuksessa, k\u00e4yt\u00e4 suojavarusteita &#8211; k\u00e4sineit\u00e4, vaatteita, suojalaseja, maskia.<br \/>\nS\u00e4ilyt\u00e4 tuotetta viile\u00e4ss\u00e4 hyvin ilmastoidussa tilassa. H\u00e4vit\u00e4 k\u00e4ytetty s\u00e4ili\u00f6\/s\u00e4ili\u00f6 vaarallisia j\u00e4tteit\u00e4 koskevien m\u00e4\u00e4r\u00e4ysten mukaisesti.<\/p>\n","protected":false},"excerpt":{"rendered":"<p>Master NOL30 standardilaasti maal\u00e4mp\u00f6piirien t\u00e4ytt\u00f6\u00f6n<\/p>\n<p><strong>Kuvaus:<\/strong><\/p>\n<p>Master NOL30 on MasterChemin asiantuntijoiden valmistama tuote maal\u00e4mp\u00f6piirien t\u00e4ytt\u00f6\u00f6n. T\u00e4m\u00e4 tuote perustuu l\u00e4mp\u00f6pumppujen 30 % denaturoituun etanoliliuokseen. Etyylialkoholi on ymp\u00e4rist\u00f6yst\u00e4v\u00e4llinen tuote, joten sit\u00e4 suositellaan erityisesti talojen ja huoneistojen l\u00e4mmitysj\u00e4rjestelmiin. T\u00e4m\u00e4 tuote on yleisin l\u00e4mmitysasentajien keskuudessa.<br \/>\nJos haluat korkealaatuisen tuotteen jopa 8 vuoden laatutakuulla, suosittelemme harkitsemaan <strong><a href=\"https:\/\/masterchem.ee\/toode\/master-nol30-pro-maakutte-vedelik-maakuttekontuuride-taitmiseks\/\">Master NOL30 PRO<\/a><\/strong>:ta.<\/p>\n","protected":false},"featured_media":21964,"template":"","meta":[],"product_brand":[],"product_cat":[180,109,115,302,117,114],"product_tag":[],"class_list":{"0":"post-21946","1":"product","2":"type-product","3":"status-publish","4":"has-post-thumbnail","6":"product_cat-uncategorized-fi-2","7":"product_cat-anti-jaatymisnesteet","8":"product_cat-auton-ja-koneiden-kemikaalit","9":"product_cat-jaahdytysnesteet","10":"product_cat-kotitalouskemikaalit","11":"product_cat-rakennusteollisuus","12":"pif-has-gallery","14":"first","15":"instock","16":"taxable","17":"shipping-taxable","18":"purchasable","19":"product-type-variable","20":"has-default-attributes"},"yoast_head":"<!-- This site is optimized with the Yoast SEO plugin v26.2 - https:\/\/yoast.com\/wordpress\/plugins\/seo\/ -->\n<title>Master NOL30 standardilaasti maal\u00e4mp\u00f6piirien t\u00e4ytt\u00f6\u00f6n - Chemistry For Industry - Solvents &amp; Chemicals - Masterchem.ee<\/title>\n<meta name=\"description\" content=\"Master NOL30 on MasterChemin asiantuntijoiden valmistama tuote maal\u00e4mp\u00f6piirien t\u00e4ytt\u00f6\u00f6n. T\u00e4m\u00e4 tuote perustuu l\u00e4mp\u00f6pumppujen 30 % denaturoituun etanoliliuokseen.\" \/>\n<meta name=\"robots\" content=\"index, follow, max-snippet:-1, max-image-preview:large, max-video-preview:-1\" \/>\n<link rel=\"canonical\" href=\"https:\/\/masterchem.ee\/fi\/tooted-ja-teenused\/master-nol30-standardilaasti-maalampopiirien-tayttoon\/\" \/>\n<meta name=\"twitter:card\" content=\"summary_large_image\" \/>\n<meta name=\"twitter:title\" content=\"Master NOL30 standardilaasti maal\u00e4mp\u00f6piirien t\u00e4ytt\u00f6\u00f6n - Chemistry For Industry - Solvents &amp; Chemicals - Masterchem.ee\" \/>\n<meta name=\"twitter:description\" content=\"Master NOL30 on MasterChemin asiantuntijoiden valmistama tuote maal\u00e4mp\u00f6piirien t\u00e4ytt\u00f6\u00f6n. T\u00e4m\u00e4 tuote perustuu l\u00e4mp\u00f6pumppujen 30 % denaturoituun etanoliliuokseen.\" \/>\n<meta name=\"twitter:image\" content=\"https:\/\/masterchem.ee\/wp-content\/uploads\/2023\/06\/Maakutte-vedelik-Master-NOL30-1000l-MasterChem.jpg\" \/>\n<meta name=\"twitter:label1\" content=\"Arvioitu lukuaika\" \/>\n\t<meta name=\"twitter:data1\" content=\"1 minuutti\" \/>\n<script type=\"application\/ld+json\" class=\"yoast-schema-graph\">{\"@context\":\"https:\/\/schema.org\",\"@graph\":[{\"@type\":\"WebPage\",\"@id\":\"https:\/\/masterchem.ee\/fi\/tooted-ja-teenused\/master-nol30-standardilaasti-maalampopiirien-tayttoon\/\",\"url\":\"https:\/\/masterchem.ee\/fi\/tooted-ja-teenused\/master-nol30-standardilaasti-maalampopiirien-tayttoon\/\",\"name\":\"Master NOL30 standardilaasti maal\u00e4mp\u00f6piirien t\u00e4ytt\u00f6\u00f6n - Chemistry For Industry - Solvents &amp; Chemicals - Masterchem.ee\",\"isPartOf\":{\"@id\":\"https:\/\/masterchem.ee\/fi\/#website\"},\"primaryImageOfPage\":{\"@id\":\"https:\/\/masterchem.ee\/fi\/tooted-ja-teenused\/master-nol30-standardilaasti-maalampopiirien-tayttoon\/#primaryimage\"},\"image\":{\"@id\":\"https:\/\/masterchem.ee\/fi\/tooted-ja-teenused\/master-nol30-standardilaasti-maalampopiirien-tayttoon\/#primaryimage\"},\"thumbnailUrl\":\"https:\/\/masterchem.ee\/wp-content\/uploads\/2023\/06\/Maakutte-vedelik-Master-NOL30-1000l-MasterChem.jpg\",\"datePublished\":\"2023-06-14T16:41:21+00:00\",\"dateModified\":\"2023-06-14T17:00:23+00:00\",\"description\":\"Master NOL30 on MasterChemin asiantuntijoiden valmistama tuote maal\u00e4mp\u00f6piirien t\u00e4ytt\u00f6\u00f6n. T\u00e4m\u00e4 tuote perustuu l\u00e4mp\u00f6pumppujen 30 % denaturoituun etanoliliuokseen.\",\"breadcrumb\":{\"@id\":\"https:\/\/masterchem.ee\/fi\/tooted-ja-teenused\/master-nol30-standardilaasti-maalampopiirien-tayttoon\/#breadcrumb\"},\"inLanguage\":\"fi\",\"potentialAction\":[{\"@type\":\"ReadAction\",\"target\":[\"https:\/\/masterchem.ee\/fi\/tooted-ja-teenused\/master-nol30-standardilaasti-maalampopiirien-tayttoon\/\"]}]},{\"@type\":\"ImageObject\",\"inLanguage\":\"fi\",\"@id\":\"https:\/\/masterchem.ee\/fi\/tooted-ja-teenused\/master-nol30-standardilaasti-maalampopiirien-tayttoon\/#primaryimage\",\"url\":\"https:\/\/masterchem.ee\/wp-content\/uploads\/2023\/06\/Maakutte-vedelik-Master-NOL30-1000l-MasterChem.jpg\",\"contentUrl\":\"https:\/\/masterchem.ee\/wp-content\/uploads\/2023\/06\/Maakutte-vedelik-Master-NOL30-1000l-MasterChem.jpg\",\"width\":1000,\"height\":1000},{\"@type\":\"BreadcrumbList\",\"@id\":\"https:\/\/masterchem.ee\/fi\/tooted-ja-teenused\/master-nol30-standardilaasti-maalampopiirien-tayttoon\/#breadcrumb\",\"itemListElement\":[{\"@type\":\"ListItem\",\"position\":1,\"name\":\"Home\",\"item\":\"https:\/\/masterchem.ee\/fi\/\"},{\"@type\":\"ListItem\",\"position\":2,\"name\":\"Tooted ja teenused\",\"item\":\"https:\/\/masterchem.ee\/tooted-ja-teenused\/\"},{\"@type\":\"ListItem\",\"position\":3,\"name\":\"Master NOL30 standardilaasti maal\u00e4mp\u00f6piirien t\u00e4ytt\u00f6\u00f6n\"}]},{\"@type\":\"WebSite\",\"@id\":\"https:\/\/masterchem.ee\/fi\/#website\",\"url\":\"https:\/\/masterchem.ee\/fi\/\",\"name\":\"Masterchem.ee\",\"description\":\"Chemistry For Industry - Solvents &amp; Chemicals\",\"publisher\":{\"@id\":\"https:\/\/masterchem.ee\/fi\/#organization\"},\"potentialAction\":[{\"@type\":\"SearchAction\",\"target\":{\"@type\":\"EntryPoint\",\"urlTemplate\":\"https:\/\/masterchem.ee\/fi\/?s={search_term_string}\"},\"query-input\":{\"@type\":\"PropertyValueSpecification\",\"valueRequired\":true,\"valueName\":\"search_term_string\"}}],\"inLanguage\":\"fi\"},{\"@type\":\"Organization\",\"@id\":\"https:\/\/masterchem.ee\/fi\/#organization\",\"name\":\"Masterchem\",\"url\":\"https:\/\/masterchem.ee\/fi\/\",\"logo\":{\"@type\":\"ImageObject\",\"inLanguage\":\"fi\",\"@id\":\"https:\/\/masterchem.ee\/fi\/#\/schema\/logo\/image\/\",\"url\":\"https:\/\/masterchem.ee\/wp-content\/uploads\/2018\/02\/master-chem_final-1.png\",\"contentUrl\":\"https:\/\/masterchem.ee\/wp-content\/uploads\/2018\/02\/master-chem_final-1.png\",\"width\":850,\"height\":356,\"caption\":\"Masterchem\"},\"image\":{\"@id\":\"https:\/\/masterchem.ee\/fi\/#\/schema\/logo\/image\/\"}}]}<\/script>\n<!-- \/ Yoast SEO plugin. -->","yoast_head_json":{"title":"Master NOL30 standardilaasti maal\u00e4mp\u00f6piirien t\u00e4ytt\u00f6\u00f6n - Chemistry For Industry - Solvents &amp; Chemicals - Masterchem.ee","description":"Master NOL30 on MasterChemin asiantuntijoiden valmistama tuote maal\u00e4mp\u00f6piirien t\u00e4ytt\u00f6\u00f6n. T\u00e4m\u00e4 tuote perustuu l\u00e4mp\u00f6pumppujen 30 % denaturoituun etanoliliuokseen.","robots":{"index":"index","follow":"follow","max-snippet":"max-snippet:-1","max-image-preview":"max-image-preview:large","max-video-preview":"max-video-preview:-1"},"canonical":"https:\/\/masterchem.ee\/fi\/tooted-ja-teenused\/master-nol30-standardilaasti-maalampopiirien-tayttoon\/","twitter_card":"summary_large_image","twitter_title":"Master NOL30 standardilaasti maal\u00e4mp\u00f6piirien t\u00e4ytt\u00f6\u00f6n - Chemistry For Industry - Solvents &amp; Chemicals - Masterchem.ee","twitter_description":"Master NOL30 on MasterChemin asiantuntijoiden valmistama tuote maal\u00e4mp\u00f6piirien t\u00e4ytt\u00f6\u00f6n. T\u00e4m\u00e4 tuote perustuu l\u00e4mp\u00f6pumppujen 30 % denaturoituun etanoliliuokseen.","twitter_image":"https:\/\/masterchem.ee\/wp-content\/uploads\/2023\/06\/Maakutte-vedelik-Master-NOL30-1000l-MasterChem.jpg","twitter_misc":{"Arvioitu lukuaika":"1 minuutti"},"schema":{"@context":"https:\/\/schema.org","@graph":[{"@type":"WebPage","@id":"https:\/\/masterchem.ee\/fi\/tooted-ja-teenused\/master-nol30-standardilaasti-maalampopiirien-tayttoon\/","url":"https:\/\/masterchem.ee\/fi\/tooted-ja-teenused\/master-nol30-standardilaasti-maalampopiirien-tayttoon\/","name":"Master NOL30 standardilaasti maal\u00e4mp\u00f6piirien t\u00e4ytt\u00f6\u00f6n - Chemistry For Industry - Solvents &amp; Chemicals - Masterchem.ee","isPartOf":{"@id":"https:\/\/masterchem.ee\/fi\/#website"},"primaryImageOfPage":{"@id":"https:\/\/masterchem.ee\/fi\/tooted-ja-teenused\/master-nol30-standardilaasti-maalampopiirien-tayttoon\/#primaryimage"},"image":{"@id":"https:\/\/masterchem.ee\/fi\/tooted-ja-teenused\/master-nol30-standardilaasti-maalampopiirien-tayttoon\/#primaryimage"},"thumbnailUrl":"https:\/\/masterchem.ee\/wp-content\/uploads\/2023\/06\/Maakutte-vedelik-Master-NOL30-1000l-MasterChem.jpg","datePublished":"2023-06-14T16:41:21+00:00","dateModified":"2023-06-14T17:00:23+00:00","description":"Master NOL30 on MasterChemin asiantuntijoiden valmistama tuote maal\u00e4mp\u00f6piirien t\u00e4ytt\u00f6\u00f6n. T\u00e4m\u00e4 tuote perustuu l\u00e4mp\u00f6pumppujen 30 % denaturoituun etanoliliuokseen.","breadcrumb":{"@id":"https:\/\/masterchem.ee\/fi\/tooted-ja-teenused\/master-nol30-standardilaasti-maalampopiirien-tayttoon\/#breadcrumb"},"inLanguage":"fi","potentialAction":[{"@type":"ReadAction","target":["https:\/\/masterchem.ee\/fi\/tooted-ja-teenused\/master-nol30-standardilaasti-maalampopiirien-tayttoon\/"]}]},{"@type":"ImageObject","inLanguage":"fi","@id":"https:\/\/masterchem.ee\/fi\/tooted-ja-teenused\/master-nol30-standardilaasti-maalampopiirien-tayttoon\/#primaryimage","url":"https:\/\/masterchem.ee\/wp-content\/uploads\/2023\/06\/Maakutte-vedelik-Master-NOL30-1000l-MasterChem.jpg","contentUrl":"https:\/\/masterchem.ee\/wp-content\/uploads\/2023\/06\/Maakutte-vedelik-Master-NOL30-1000l-MasterChem.jpg","width":1000,"height":1000},{"@type":"BreadcrumbList","@id":"https:\/\/masterchem.ee\/fi\/tooted-ja-teenused\/master-nol30-standardilaasti-maalampopiirien-tayttoon\/#breadcrumb","itemListElement":[{"@type":"ListItem","position":1,"name":"Home","item":"https:\/\/masterchem.ee\/fi\/"},{"@type":"ListItem","position":2,"name":"Tooted ja teenused","item":"https:\/\/masterchem.ee\/tooted-ja-teenused\/"},{"@type":"ListItem","position":3,"name":"Master NOL30 standardilaasti maal\u00e4mp\u00f6piirien t\u00e4ytt\u00f6\u00f6n"}]},{"@type":"WebSite","@id":"https:\/\/masterchem.ee\/fi\/#website","url":"https:\/\/masterchem.ee\/fi\/","name":"Masterchem.ee","description":"Chemistry For Industry - Solvents &amp; Chemicals","publisher":{"@id":"https:\/\/masterchem.ee\/fi\/#organization"},"potentialAction":[{"@type":"SearchAction","target":{"@type":"EntryPoint","urlTemplate":"https:\/\/masterchem.ee\/fi\/?s={search_term_string}"},"query-input":{"@type":"PropertyValueSpecification","valueRequired":true,"valueName":"search_term_string"}}],"inLanguage":"fi"},{"@type":"Organization","@id":"https:\/\/masterchem.ee\/fi\/#organization","name":"Masterchem","url":"https:\/\/masterchem.ee\/fi\/","logo":{"@type":"ImageObject","inLanguage":"fi","@id":"https:\/\/masterchem.ee\/fi\/#\/schema\/logo\/image\/","url":"https:\/\/masterchem.ee\/wp-content\/uploads\/2018\/02\/master-chem_final-1.png","contentUrl":"https:\/\/masterchem.ee\/wp-content\/uploads\/2018\/02\/master-chem_final-1.png","width":850,"height":356,"caption":"Masterchem"},"image":{"@id":"https:\/\/masterchem.ee\/fi\/#\/schema\/logo\/image\/"}}]}},"_links":{"self":[{"href":"https:\/\/masterchem.ee\/fi\/wp-json\/wp\/v2\/product\/21946","targetHints":{"allow":["GET"]}}],"collection":[{"href":"https:\/\/masterchem.ee\/fi\/wp-json\/wp\/v2\/product"}],"about":[{"href":"https:\/\/masterchem.ee\/fi\/wp-json\/wp\/v2\/types\/product"}],"wp:featuredmedia":[{"embeddable":true,"href":"https:\/\/masterchem.ee\/fi\/wp-json\/wp\/v2\/media\/21964"}],"wp:attachment":[{"href":"https:\/\/masterchem.ee\/fi\/wp-json\/wp\/v2\/media?parent=21946"}],"wp:term":[{"taxonomy":"product_brand","embeddable":true,"href":"https:\/\/masterchem.ee\/fi\/wp-json\/wp\/v2\/product_brand?post=21946"},{"taxonomy":"product_cat","embeddable":true,"href":"https:\/\/masterchem.ee\/fi\/wp-json\/wp\/v2\/product_cat?post=21946"},{"taxonomy":"product_tag","embeddable":true,"href":"https:\/\/masterchem.ee\/fi\/wp-json\/wp\/v2\/product_tag?post=21946"}],"curies":[{"name":"wp","href":"https:\/\/api.w.org\/{rel}","templated":true}]}}